{"id":3742,"date":"2025-05-11T09:16:22","date_gmt":"2025-05-11T02:16:22","guid":{"rendered":"https:\/\/omanivietnam.com\/?post_type=product&#038;p=3742"},"modified":"2025-05-11T09:16:23","modified_gmt":"2025-05-11T02:16:23","slug":"yuken-dsg-03-3c3-a240-50","status":"publish","type":"product","link":"https:\/\/omanivietnam.com\/index.php\/san-pham\/yuken-dsg-03-3c3-a240-50\/","title":{"rendered":"YUKEN DSG-03-3C3-A240-50"},"content":{"rendered":"<p>YUKEN DSG-03-3C3-A240-50<\/p>\n<p>YUKEN DSG-03-3C3-D24-50<\/p>\n<h1 class=\"product-title product_title entry-title\">Van \u0111i\u1ec7n t\u1eeb Yuken DSG-03 series<\/h1>\n<p>DSG-03 series l\u00e0 lo\u1ea1i van d\u1ea7u c\u01a1 b\u1ea3n v\u00e0 h\u1ea7u nh\u01b0 trong b\u1ea5t k\u1ef3 h\u1ec7 th\u1ed1ng th\u1ee7y l\u1ef1c n\u00e0o c\u0169ng xu\u1ea5t hi\u1ec7n. \u0110\u00e2y l\u00e0 m\u1ed9t thi\u1ebft b\u1ecb do Yuken-th\u01b0\u01a1ng hi\u1ec7u th\u1ee7y l\u1ef1c uy t\u00edn s\u1ea3n xu\u1ea5t v\u00e0 ph\u00e2n ph\u1ed1i.<\/p>\n<p>Van \u0111i\u1ec7n t\u1eeb DSG-03 series l\u00e0 thi\u1ebft b\u1ecb \u0111\u01b0\u1ee3c kh\u00e1ch h\u00e0ng \u01b0u ti\u00ean l\u1eafp \u0111\u1eb7t, s\u1eed d\u1ee5ng \u0111\u1ec3 \u0111i\u1ec1u khi\u1ec3n h\u01b0\u1edbng d\u00f2ng ch\u1ea5t l\u1ecfng th\u1ee7y l\u1ef1c, d\u1eebng khi c\u00f3 y\u00eau c\u1ea7u t\u1ea1i b\u1ea5t k\u1ef3 th\u1eddi \u0111i\u1ec3m n\u00e0o c\u1ee7a h\u1ec7 th\u1ed1ng.<\/p>\n<p>\u0110\u1eb7c \u0111i\u1ec3m n\u1ed5i b\u1eadt c\u1ee7a DSG-03 series:<\/p>\n<p>+ \u00c1p l\u1ef1c l\u00e0m vi\u1ec7c cao, h\u1ea1n ch\u1ebf r\u00f2 r\u1ec9<\/p>\n<p>+ Ti\u1ebfng \u1ed3n nh\u1ecf, \u0111\u1ed9 rung th\u1ea5p, v\u1eadn h\u00e0nh \u00eam<\/p>\n<p>+ L\u01b0u l\u01b0\u1ee3ng d\u00f2ng ch\u1ea5t qua van cao<\/p>\n<p>+ C\u1ea5u tr\u00fac van \u0111\u01a1n gi\u1ea3n<\/p>\n<p>+ Tu\u1ed5i th\u1ecd trung b\u00ecnh cao<\/p>\n<p>+ Kh\u00e1ch h\u00e0ng c\u00f3 th\u1ec3 thay th\u1ebf c\u00e1c lo\u1ea1i coil \u0111i\u1ec7n AC, DC, R, RQ \u0111\u1ec3 s\u1eed d\u1ee5ng.<\/p>\n<p>Ngo\u00e0i van \u0111i\u1ec7n t\u1eeb \u0111i\u1ec1u h\u01b0\u1edbng DSG-03 th\u00ec h\u00e3ng Yuci Yuken c\u00f2n cung c\u1ea5p nhi\u1ec1u lo\u1ea1i van th\u1ee7y l\u1ef1c kh\u00e1c nhau \u0111\u1ec3 kh\u00e1ch h\u00e0ng c\u00f3 th\u1ec3 s\u1eed d\u1ee5ng: van t\u1ec9 l\u1ec7 l\u01b0u l\u01b0\u1ee3ng EF(C)G, van ch\u1ec9nh l\u01b0u l\u01b0\u1ee3ng MSP, van kh\u00f3a GCT, van t\u1ec9 l\u1ec7 \u00e1p su\u1ea5t EBG, van gi\u1ea3m \u00e1p RBG, van logic LB series, van ch\u1ec9nh \u00e1p \u0111i\u1ec7n BST, van m\u1ed9t chi\u1ec1u MCPT, van m\u1ed9t chi\u1ec1u CRT, van h\u00e3m MBR\u2026<\/p>\n<h2><strong>Th\u00f4ng tin van Yuken DSG-03<br \/>\n<\/strong><\/h2>\n<h3><span id=\"Dac_diem_van_Yuci_Yuken_DSG03\" class=\"ez-toc-section\"><\/span><strong>\u0110\u1eb7c \u0111i\u1ec3m van Yuken DSG-03<\/strong><\/h3>\n<p>Van \u0111i\u1ec7n t\u1eeb\u00a0 Yuken DSG-03 series c\u00f3 c\u1ea5u t\u1ea1o g\u1ed3m 2 ph\u1ea7n: Th\u00e2n van v\u00e0 coil \u0111i\u1ec7n. Th\u00e2n van s\u1ebd c\u00f3 c\u00e1c c\u1eeda van, l\u00f2 xo, pittong, tr\u1ee5c. Van thi\u1ebft k\u1ebf c\u1ee9ng c\u00e1p, ch\u1eafc ch\u1eafn v\u00e0 \u0111\u1ea3m b\u1ea3o an to\u00e0n trong nh\u1eefng kh\u00f4ng gian, m\u00f4i tr\u01b0\u1eddng c\u00f3 b\u1ee5i ho\u1eb7c n\u01b0\u1edbc.<\/p>\n<p>Th\u00f4ng tin k\u1ef9 thu\u1eadt DSG-03 series:<\/p>\n<p>+ T\u00ean thi\u1ebft b\u1ecb: Van \u0111i\u1ec7n t\u1eeb Yuken DSG-03 series<\/p>\n<p>+ H\u00e3ng s\u1ea3n xu\u1ea5t: Yuken<\/p>\n<p>+\u00a0L\u01b0u ch\u1ea5t: D\u1ea7u, nh\u1edbt<\/p>\n<p>+ Ki\u1ec3u van: Van \u0111i\u1ec7n t\u1eeb<\/p>\n<p>+ \u0110i\u1ec7n \u00e1p: AC 100, AC 120, AC 200, AC 240, DC 12, DC 24, DC 100<\/p>\n<p>+\u00a0L\u01b0u l\u01b0\u1ee3ng t\u1ed1i \u0111a: 120 L\/min<\/p>\n<p>+ \u00c1p su\u1ea5t v\u1eadn h\u00e0nh t\u1ed1i \u0111a: \u0110\u1ed1i v\u1edbi c\u00e1c lo\u1ea1i van DSG-03-2D2, DSG-03-3C, DSG-03-2B th\u00ec \u00e1p max 31.5 Mpa, c\u00e1c lo\u1ea1i DSG-03-3C, DSG-03-2B2 \u00e1p max nh\u1ecf h\u01a1n kho\u1ea3ng 16 Mpa.<\/p>\n<p>+ Tr\u1ecdng l\u01b0\u1ee3ng van: T\u00f9y thu\u1ed9c v\u00e0o van DSG-03 s\u1eed d\u1ee5ng coil \u0111i\u1ec7n DC, AC hay R, RQ m\u00e0 tr\u1ecdng l\u01b0\u1ee3ng s\u1ebd dao \u0111\u1ed9ng t\u1eeb 2.9 Kg- 5.0 kg.<\/p>\n<p>Van \u0111i\u1ec7n t\u1eeb Yuken DSG-03 series trong h\u1ec7 th\u1ed1ng c\u00f3 nhi\u1ec7m v\u1ee5 x\u00e1c \u0111\u1ecbnh h\u01b0\u1edbng v\u00e0 \u0111i\u1ec1u khi\u1ec3n h\u01b0\u1edbng d\u1ea7u c\u1ee7a 1 chu tr\u00ecnh l\u00e0m vi\u1ec7c xi lanh ho\u1eb7c thay \u0111\u1ed5i, \u0111i\u1ec1u khi\u1ec3n h\u01b0\u1edbng c\u1ee7a motor d\u1ea7u. DSG-03 series r\u1ea5t quan tr\u1ecdng trong c\u00e1c h\u1ec7 th\u1ed1ng m\u00e1y th\u1ee7y l\u1ef1c: m\u00e1y x\u00fac, m\u00e1y \u0111\u00e0o, m\u00e1y \u00e9p, m\u00e1y \u0111\u1ed9t hay c\u00e1c b\u1ed9 ngu\u1ed3n\u2026<\/p>\n<h3><span id=\"Cac_loai_van_Yuci_Yuken_DSG03\" class=\"ez-toc-section\"><\/span><strong>C\u00e1c lo\u1ea1i van thu\u1ef7 l\u1ef1c Yuken DSG-03<\/strong><\/h3>\n<p>Van DSG-03-2B2-A240-50<br \/>\nVan DSG-03-2B2B-A100-50<br \/>\nVan DSG-03-2B2B-A240<br \/>\nVan DSG-03-2B2B-D24-50<\/p>\n<p>Van DSG-03-2B2-D24- 50<br \/>\nVan DSG-03-2B3B-A100-50<br \/>\nVan DSG-03-2B3B-A240-50<br \/>\nVan DSG-03-2B3B-D24-50<br \/>\nVan DSG-03-2B60-A240-50<br \/>\nVan DSG-03-2B8-A240-50<br \/>\nVan DSG-03-2B8-D24-50<br \/>\nVan DSG-03-2D2-A240-50<br \/>\nVan DSG-03-2D2-D24<br \/>\nVan DSG-03-3C10-A240-50<br \/>\nVan DSG-03-3C10-D24-50<br \/>\nVan DSG-03-3C11-A240-50<br \/>\nVan DSG-03-3C11-D24-50<br \/>\nVan DSG-03-3C12-D24-50<br \/>\nVan DSG-03-3C2-100-50<br \/>\nVan DSG-03-3C2-A240-50<br \/>\nVan DSG-03-3C2-D12-50<br \/>\nVan DSG-03-3C2-D24-50<br \/>\nVan DSG-03-3C2-D24- N1-50<br \/>\nVan DSG-03-3C3-A240-50<br \/>\nVan DSG-03-3C3-D24-50<br \/>\nVan DSG-03-3C4-A100 -50<br \/>\nVan DSG-03-3C4-A120-N1-50<br \/>\nVan DSG-03-3C4-A240-50<br \/>\nVan DSG-03-3C4-D12-50<br \/>\nVan DSG-03-3C4-D24-N1-50<br \/>\nVan DSG-03-3C4-D24-50<br \/>\nVan DSG-03-3C4-D24-50<br \/>\nVan DSG-03-3C5-A100-50<br \/>\nVan DSG-03-3C5-D24-50<br \/>\nVan DSG-03-3C60-A240-50<br \/>\nVan DSG-03-3C60-A240-50<br \/>\nVan DSG-03-3C60-D24-50<br \/>\nVan DSG-03-3C9-A240-50<br \/>\nVan DSG-03-3C9-D24-50<\/p>\n<p>&nbsp;<\/p>\n<p>\u0110\u1ea1i l\u00fd YUKEN vietnam, YUKEN viet nam, YUKEN vietnam distributor, Ph\u00e2n ph\u1ed1i YUKEN t\u1ea1i vi\u1ec7t nam<\/p>\n<p>\u0110\u1ea1i l\u00fd YUKEN vietnam, YUKEN viet nam, YUKEN vietnam distributor, Ph\u00e2n ph\u1ed1i YUKEN t\u1ea1i vi\u1ec7t nam<\/p>\n<p>\u0110\u1ea1i l\u00fd YUKEN vietnam, YUKEN viet nam, YUKEN vietnam distributor, Ph\u00e2n ph\u1ed1i YUKEN t\u1ea1i vi\u1ec7t nam<\/p>\n","protected":false},"excerpt":{"rendered":"<p>YUKEN DSG-03-3C3-A240-50 YUKEN DSG-03-3C3-D24-50 Van \u0111i\u1ec7n t\u1eeb Yuken DSG-03 series DSG-03 series l\u00e0 lo\u1ea1i van d\u1ea7u c\u01a1 b\u1ea3n v\u00e0 h\u1ea7u nh\u01b0 trong b\u1ea5t k\u1ef3 h\u1ec7 th\u1ed1ng th\u1ee7y l\u1ef1c n\u00e0o c\u0169ng xu\u1ea5t hi\u1ec7n. \u0110\u00e2y l\u00e0 m\u1ed9t thi\u1ebft b\u1ecb do Yuken-th\u01b0\u01a1ng hi\u1ec7u th\u1ee7y l\u1ef1c uy t\u00edn s\u1ea3n xu\u1ea5t v\u00e0 ph\u00e2n ph\u1ed1i. Van&hellip; <\/p>\n","protected":false},"featured_media":3743,"comment_status":"open","ping_status":"closed","template":"","meta":[],"product_cat":[583],"product_tag":[585,690,584],"class_list":{"0":"post-3742","1":"product","2":"type-product","3":"status-publish","4":"has-post-thumbnail","6":"product_cat-yuken","7":"product_tag-dai-ly-yuken-viet-nam","8":"product_tag-van-dien-tu","9":"product_tag-yuken-viet-nam","11":"first","12":"instock","13":"shipping-taxable","14":"product-type-simple"},"yoast_head":"<!-- This site is optimized with the Yoast SEO plugin v22.8 - https:\/\/yoast.com\/wordpress\/plugins\/seo\/ -->\n<title>YUKEN DSG-03-3C3-A240-50 - OMANI VI\u1ec6T NAM<\/title>\n<meta name=\"description\" content=\"YUKEN DSG-03-3C3-A240-50 Hydraulic Directional Valve\" \/>\n<meta name=\"robots\" content=\"index, follow, max-snippet:-1, max-image-preview:large, max-video-preview:-1\" \/>\n<link rel=\"canonical\" href=\"https:\/\/omanivietnam.com\/index.php\/san-pham\/yuken-dsg-03-3c3-a240-50\/\" \/>\n<meta property=\"og:locale\" content=\"vi_VN\" \/>\n<meta property=\"og:type\" content=\"article\" \/>\n<meta property=\"og:title\" content=\"YUKEN DSG-03-3C3-A240-50 - OMANI VI\u1ec6T NAM\" \/>\n<meta property=\"og:description\" content=\"YUKEN DSG-03-3C3-A240-50 Hydraulic Directional Valve\" \/>\n<meta property=\"og:url\" content=\"https:\/\/omanivietnam.com\/index.php\/san-pham\/yuken-dsg-03-3c3-a240-50\/\" \/>\n<meta property=\"og:site_name\" content=\"OMANI VI\u1ec6T NAM\" \/>\n<meta property=\"article:modified_time\" content=\"2025-05-11T02:16:23+00:00\" \/>\n<meta property=\"og:image\" content=\"https:\/\/omanivietnam.com\/wp-content\/uploads\/2025\/05\/DSG-03-3C3-A240-50.png\" \/>\n\t<meta property=\"og:image:width\" content=\"522\" \/>\n\t<meta property=\"og:image:height\" content=\"332\" \/>\n\t<meta property=\"og:image:type\" content=\"image\/png\" \/>\n<meta name=\"twitter:card\" content=\"summary_large_image\" \/>\n<meta name=\"twitter:label1\" content=\"\u01af\u1edbc t\u00ednh th\u1eddi gian \u0111\u1ecdc\" \/>\n\t<meta name=\"twitter:data1\" content=\"4 ph\u00fat\" \/>\n<script type=\"application\/ld+json\" class=\"yoast-schema-graph\">{\"@context\":\"https:\/\/schema.org\",\"@graph\":[{\"@type\":\"WebPage\",\"@id\":\"https:\/\/omanivietnam.com\/index.php\/san-pham\/yuken-dsg-03-3c3-a240-50\/\",\"url\":\"https:\/\/omanivietnam.com\/index.php\/san-pham\/yuken-dsg-03-3c3-a240-50\/\",\"name\":\"YUKEN DSG-03-3C3-A240-50 - OMANI VI\u1ec6T NAM\",\"isPartOf\":{\"@id\":\"https:\/\/omanivietnam.com\/#website\"},\"primaryImageOfPage\":{\"@id\":\"https:\/\/omanivietnam.com\/index.php\/san-pham\/yuken-dsg-03-3c3-a240-50\/#primaryimage\"},\"image\":{\"@id\":\"https:\/\/omanivietnam.com\/index.php\/san-pham\/yuken-dsg-03-3c3-a240-50\/#primaryimage\"},\"thumbnailUrl\":\"https:\/\/omanivietnam.com\/wp-content\/uploads\/2025\/05\/DSG-03-3C3-A240-50.png\",\"datePublished\":\"2025-05-11T02:16:22+00:00\",\"dateModified\":\"2025-05-11T02:16:23+00:00\",\"description\":\"YUKEN DSG-03-3C3-A240-50 Hydraulic Directional Valve\",\"breadcrumb\":{\"@id\":\"https:\/\/omanivietnam.com\/index.php\/san-pham\/yuken-dsg-03-3c3-a240-50\/#breadcrumb\"},\"inLanguage\":\"vi\",\"potentialAction\":[{\"@type\":\"ReadAction\",\"target\":[\"https:\/\/omanivietnam.com\/index.php\/san-pham\/yuken-dsg-03-3c3-a240-50\/\"]}]},{\"@type\":\"ImageObject\",\"inLanguage\":\"vi\",\"@id\":\"https:\/\/omanivietnam.com\/index.php\/san-pham\/yuken-dsg-03-3c3-a240-50\/#primaryimage\",\"url\":\"https:\/\/omanivietnam.com\/wp-content\/uploads\/2025\/05\/DSG-03-3C3-A240-50.png\",\"contentUrl\":\"https:\/\/omanivietnam.com\/wp-content\/uploads\/2025\/05\/DSG-03-3C3-A240-50.png\",\"width\":522,\"height\":332},{\"@type\":\"BreadcrumbList\",\"@id\":\"https:\/\/omanivietnam.com\/index.php\/san-pham\/yuken-dsg-03-3c3-a240-50\/#breadcrumb\",\"itemListElement\":[{\"@type\":\"ListItem\",\"position\":1,\"name\":\"Home\",\"item\":\"https:\/\/omanivietnam.com\/\"},{\"@type\":\"ListItem\",\"position\":2,\"name\":\"S\u1ea2N PH\u1ea8M\",\"item\":\"https:\/\/omanivietnam.com\/index.php\/cua-hang\/\"},{\"@type\":\"ListItem\",\"position\":3,\"name\":\"YUKEN DSG-03-3C3-A240-50\"}]},{\"@type\":\"WebSite\",\"@id\":\"https:\/\/omanivietnam.com\/#website\",\"url\":\"https:\/\/omanivietnam.com\/\",\"name\":\"OMANI VI\u1ec6T NAM\",\"description\":\"Nh\u00e0 ph\u00e2n ph\u1ed1i thi\u1ebft b\u1ecb kh\u00ed n\u00e9n v\u00e0 thi\u1ebft b\u1ecb t\u1ef1 \u0111\u1ed9ng h\u00f3a trong c\u00f4ng nghi\u1ec7p\",\"publisher\":{\"@id\":\"https:\/\/omanivietnam.com\/#\/schema\/person\/0ad398a980dc3fd696111c2c5c8fa897\"},\"potentialAction\":[{\"@type\":\"SearchAction\",\"target\":{\"@type\":\"EntryPoint\",\"urlTemplate\":\"https:\/\/omanivietnam.com\/?s={search_term_string}\"},\"query-input\":\"required name=search_term_string\"}],\"inLanguage\":\"vi\"},{\"@type\":[\"Person\",\"Organization\"],\"@id\":\"https:\/\/omanivietnam.com\/#\/schema\/person\/0ad398a980dc3fd696111c2c5c8fa897\",\"name\":\"Nguy\u1ec5n V\u0103n Kh\u00e1nh\",\"image\":{\"@type\":\"ImageObject\",\"inLanguage\":\"vi\",\"@id\":\"https:\/\/omanivietnam.com\/#\/schema\/person\/image\/\",\"url\":\"https:\/\/omanivietnam.com\/wp-content\/uploads\/2024\/06\/logo-1024x1024.png\",\"contentUrl\":\"https:\/\/omanivietnam.com\/wp-content\/uploads\/2024\/06\/logo-1024x1024.png\",\"width\":1024,\"height\":1024,\"caption\":\"Nguy\u1ec5n V\u0103n Kh\u00e1nh\"},\"logo\":{\"@id\":\"https:\/\/omanivietnam.com\/#\/schema\/person\/image\/\"},\"sameAs\":[\"https:\/\/omanivietnam.com\"]}]}<\/script>\n<!-- \/ Yoast SEO plugin. -->","yoast_head_json":{"title":"YUKEN DSG-03-3C3-A240-50 - OMANI VI\u1ec6T NAM","description":"YUKEN DSG-03-3C3-A240-50 Hydraulic Directional Valve","robots":{"index":"index","follow":"follow","max-snippet":"max-snippet:-1","max-image-preview":"max-image-preview:large","max-video-preview":"max-video-preview:-1"},"canonical":"https:\/\/omanivietnam.com\/index.php\/san-pham\/yuken-dsg-03-3c3-a240-50\/","og_locale":"vi_VN","og_type":"article","og_title":"YUKEN DSG-03-3C3-A240-50 - OMANI VI\u1ec6T NAM","og_description":"YUKEN DSG-03-3C3-A240-50 Hydraulic Directional Valve","og_url":"https:\/\/omanivietnam.com\/index.php\/san-pham\/yuken-dsg-03-3c3-a240-50\/","og_site_name":"OMANI VI\u1ec6T NAM","article_modified_time":"2025-05-11T02:16:23+00:00","og_image":[{"width":522,"height":332,"url":"https:\/\/omanivietnam.com\/wp-content\/uploads\/2025\/05\/DSG-03-3C3-A240-50.png","type":"image\/png"}],"twitter_card":"summary_large_image","twitter_misc":{"\u01af\u1edbc t\u00ednh th\u1eddi gian \u0111\u1ecdc":"4 ph\u00fat"},"schema":{"@context":"https:\/\/schema.org","@graph":[{"@type":"WebPage","@id":"https:\/\/omanivietnam.com\/index.php\/san-pham\/yuken-dsg-03-3c3-a240-50\/","url":"https:\/\/omanivietnam.com\/index.php\/san-pham\/yuken-dsg-03-3c3-a240-50\/","name":"YUKEN DSG-03-3C3-A240-50 - OMANI VI\u1ec6T NAM","isPartOf":{"@id":"https:\/\/omanivietnam.com\/#website"},"primaryImageOfPage":{"@id":"https:\/\/omanivietnam.com\/index.php\/san-pham\/yuken-dsg-03-3c3-a240-50\/#primaryimage"},"image":{"@id":"https:\/\/omanivietnam.com\/index.php\/san-pham\/yuken-dsg-03-3c3-a240-50\/#primaryimage"},"thumbnailUrl":"https:\/\/omanivietnam.com\/wp-content\/uploads\/2025\/05\/DSG-03-3C3-A240-50.png","datePublished":"2025-05-11T02:16:22+00:00","dateModified":"2025-05-11T02:16:23+00:00","description":"YUKEN DSG-03-3C3-A240-50 Hydraulic Directional Valve","breadcrumb":{"@id":"https:\/\/omanivietnam.com\/index.php\/san-pham\/yuken-dsg-03-3c3-a240-50\/#breadcrumb"},"inLanguage":"vi","potentialAction":[{"@type":"ReadAction","target":["https:\/\/omanivietnam.com\/index.php\/san-pham\/yuken-dsg-03-3c3-a240-50\/"]}]},{"@type":"ImageObject","inLanguage":"vi","@id":"https:\/\/omanivietnam.com\/index.php\/san-pham\/yuken-dsg-03-3c3-a240-50\/#primaryimage","url":"https:\/\/omanivietnam.com\/wp-content\/uploads\/2025\/05\/DSG-03-3C3-A240-50.png","contentUrl":"https:\/\/omanivietnam.com\/wp-content\/uploads\/2025\/05\/DSG-03-3C3-A240-50.png","width":522,"height":332},{"@type":"BreadcrumbList","@id":"https:\/\/omanivietnam.com\/index.php\/san-pham\/yuken-dsg-03-3c3-a240-50\/#breadcrumb","itemListElement":[{"@type":"ListItem","position":1,"name":"Home","item":"https:\/\/omanivietnam.com\/"},{"@type":"ListItem","position":2,"name":"S\u1ea2N PH\u1ea8M","item":"https:\/\/omanivietnam.com\/index.php\/cua-hang\/"},{"@type":"ListItem","position":3,"name":"YUKEN DSG-03-3C3-A240-50"}]},{"@type":"WebSite","@id":"https:\/\/omanivietnam.com\/#website","url":"https:\/\/omanivietnam.com\/","name":"OMANI VI\u1ec6T NAM","description":"Nh\u00e0 ph\u00e2n ph\u1ed1i thi\u1ebft b\u1ecb kh\u00ed n\u00e9n v\u00e0 thi\u1ebft b\u1ecb t\u1ef1 \u0111\u1ed9ng h\u00f3a trong c\u00f4ng nghi\u1ec7p","publisher":{"@id":"https:\/\/omanivietnam.com\/#\/schema\/person\/0ad398a980dc3fd696111c2c5c8fa897"},"potentialAction":[{"@type":"SearchAction","target":{"@type":"EntryPoint","urlTemplate":"https:\/\/omanivietnam.com\/?s={search_term_string}"},"query-input":"required name=search_term_string"}],"inLanguage":"vi"},{"@type":["Person","Organization"],"@id":"https:\/\/omanivietnam.com\/#\/schema\/person\/0ad398a980dc3fd696111c2c5c8fa897","name":"Nguy\u1ec5n V\u0103n Kh\u00e1nh","image":{"@type":"ImageObject","inLanguage":"vi","@id":"https:\/\/omanivietnam.com\/#\/schema\/person\/image\/","url":"https:\/\/omanivietnam.com\/wp-content\/uploads\/2024\/06\/logo-1024x1024.png","contentUrl":"https:\/\/omanivietnam.com\/wp-content\/uploads\/2024\/06\/logo-1024x1024.png","width":1024,"height":1024,"caption":"Nguy\u1ec5n V\u0103n Kh\u00e1nh"},"logo":{"@id":"https:\/\/omanivietnam.com\/#\/schema\/person\/image\/"},"sameAs":["https:\/\/omanivietnam.com"]}]}},"_links":{"self":[{"href":"https:\/\/omanivietnam.com\/index.php\/wp-json\/wp\/v2\/product\/3742","targetHints":{"allow":["GET"]}}],"collection":[{"href":"https:\/\/omanivietnam.com\/index.php\/wp-json\/wp\/v2\/product"}],"about":[{"href":"https:\/\/omanivietnam.com\/index.php\/wp-json\/wp\/v2\/types\/product"}],"replies":[{"embeddable":true,"href":"https:\/\/omanivietnam.com\/index.php\/wp-json\/wp\/v2\/comments?post=3742"}],"wp:featuredmedia":[{"embeddable":true,"href":"https:\/\/omanivietnam.com\/index.php\/wp-json\/wp\/v2\/media\/3743"}],"wp:attachment":[{"href":"https:\/\/omanivietnam.com\/index.php\/wp-json\/wp\/v2\/media?parent=3742"}],"wp:term":[{"taxonomy":"product_cat","embeddable":true,"href":"https:\/\/omanivietnam.com\/index.php\/wp-json\/wp\/v2\/product_cat?post=3742"},{"taxonomy":"product_tag","embeddable":true,"href":"https:\/\/omanivietnam.com\/index.php\/wp-json\/wp\/v2\/product_tag?post=3742"}],"curies":[{"name":"wp","href":"https:\/\/api.w.org\/{rel}","templated":true}]}}