{"id":3745,"date":"2025-05-11T09:23:23","date_gmt":"2025-05-11T02:23:23","guid":{"rendered":"https:\/\/omanivietnam.com\/?post_type=product&#038;p=3745"},"modified":"2025-05-11T09:38:29","modified_gmt":"2025-05-11T02:38:29","slug":"smc-aw40-f04bg-a","status":"publish","type":"product","link":"https:\/\/omanivietnam.com\/index.php\/san-pham\/smc-aw40-f04bg-a\/","title":{"rendered":"SMC AW40-F04BG-A"},"content":{"rendered":"<p>SMC AW40-F04BG-A<\/p>\n<p>SMC AW40-F04BG-B<\/p>\n<p>SMC AW40-04G-A<\/p>\n<p>SMC AW40-04G-B<\/p>\n<p class=\"m-h1\">Filter Regulator AW20 to 60-B, Filter Regulator With Backflow Function AW20K to 60K-B (AW40-F04BG-B)<\/p>\n<p>Filter Regulator AW10-A To AW40-A (AW40-F04BG-A)<\/p>\n<div id=\"detailInfo\">\n<div class=\"SectionHeading_header__RkOy6\">\n<h2 class=\"SectionHeading_heading__aHS9f\">Product Description<\/h2>\n<\/div>\n<\/div>\n<div class=\"style_simple_detail__Tzjyy common_common__LsCY7\">\n<p class=\"BasicInformation_catchCopy__h8mKx\">SMC modular-type F.R.L. combination unit.<br \/>\n[Features]<br \/>\n\u00b7 Uses a transparent bowl guard.<br \/>\n\u00b7 A transparent bowl guard with improved environmental resistance that provides all-round protection.<br \/>\n\u00b7 The manufacturer has removed the window from the bowl guard and instead covered the entire internal bowl with a polycarbonate transparent bowl guard.<br \/>\n\u00b7 Now, even if the environment changes and the bowl is exposed to corrosive chemicals or oil, the foreign matter will not stick directly to the pressurized bowl. This can help reduce the risk of the bowl breaking.<br \/>\n\u00b7 Superior visibility: 360\u00b0<br \/>\n\u00b7 The use of the transparent bowl guard allows you to check the status of the drain inside the filter bowl and to check the amount of residual oil in the lubricator from any angle<br \/>\n\u00b7 Without corrosion. The use of a resin body ensures there is no rusting.<\/p>\n<\/div>\n<h3 class=\"SpecTable_specTitle__VZNox\">Configured Specifications<\/h3>\n<ul class=\"SpecTable_tableWrapper__TkrZl\">\n<li>\n<ul class=\"SpecTable_tableWrapper__TkrZl\">\n<li>\n<ul class=\"SpecTable_tableWrapper__TkrZl\">\n<li style=\"list-style-type: none\">\n<ul class=\"SpecTable_tableWrapper__TkrZl\">\n<li class=\"SpecTable_specComplexPN__1foAg\">\n<dl class=\"SpecTable_specTable__XNeik\">\n<dt class=\"SpecTable_specLabel__hvUFG\">Regulator Unit Combination\u00a0Filter Regulator<\/dt>\n<\/dl>\n<\/li>\n<li class=\"SpecTable_specComplexPN__1foAg\">\n<dl class=\"SpecTable_specTable__XNeik\">\n<dt class=\"SpecTable_specLabel__hvUFG\">Connection Dia.\u00a0G1\/2<\/dt>\n<\/dl>\n<\/li>\n<li class=\"SpecTable_specComplexPN__1foAg\">\n<dl class=\"SpecTable_specTable__XNeik\">\n<dt class=\"SpecTable_specLabel__hvUFG\">Filter, Filtration Level\u00a05\u03bcm<\/dt>\n<\/dl>\n<\/li>\n<li class=\"SpecTable_specComplexPN__1foAg\">\n<dl class=\"SpecTable_specTable__XNeik\">\n<dt class=\"SpecTable_specLabel__hvUFG\">Compressed Air Quality\u00a0General Dry Air<\/dt>\n<\/dl>\n<\/li>\n<li class=\"SpecTable_specComplexPN__1foAg\">\n<dl class=\"SpecTable_specTable__XNeik\">\n<dt class=\"SpecTable_specLabel__hvUFG\">Max. Operating Pressure\u00a01<\/dt>\n<\/dl>\n<\/li>\n<li class=\"SpecTable_specComplexPN__1foAg\">\n<dl class=\"SpecTable_specTable__XNeik\">\n<dt class=\"SpecTable_specLabel__hvUFG\">Case Material\u00a0[Plastic] Polycarbonate Case<\/dt>\n<\/dl>\n<\/li>\n<li class=\"SpecTable_specComplexPN__1foAg\">\n<dl class=\"SpecTable_specTable__XNeik\">\n<dt class=\"SpecTable_specLabel__hvUFG\">Case Guard\u00a0Presence<\/dt>\n<\/dl>\n<\/li>\n<li class=\"SpecTable_specComplexPN__1foAg\">\n<dl class=\"SpecTable_specTable__XNeik\">\n<dt class=\"SpecTable_specLabel__hvUFG\">Exhaust Structure\u00a0Relief type<\/dt>\n<\/dl>\n<\/li>\n<li class=\"SpecTable_specComplexPN__1foAg\">\n<dl class=\"SpecTable_specTable__XNeik\">\n<dt class=\"SpecTable_specLabel__hvUFG\">Flow Direction\u00a0[Standard Flow (Left to Right)] Flow Direction<\/dt>\n<\/dl>\n<\/li>\n<li class=\"SpecTable_specComplexPN__1foAg\">\n<dl class=\"SpecTable_specTable__XNeik\">\n<dt class=\"SpecTable_specLabel__hvUFG\">Drain Cock\u00a0[Manual] Manual<\/dt>\n<\/dl>\n<\/li>\n<li class=\"SpecTable_specComplexPN__1foAg\">\n<dl class=\"SpecTable_specTable__XNeik\">\n<dt class=\"SpecTable_specLabel__hvUFG\">Pressure Gauge\u00a0[With Standard Pressure Gauge] Round-shaped pressure gauge (with limit indicator)<\/dt>\n<\/dl>\n<\/li>\n<li class=\"SpecTable_specComplexPN__1foAg\">\n<dl class=\"SpecTable_specTable__XNeik\">\n<dt class=\"SpecTable_specLabel__hvUFG\">Size of Body\u00a040<\/dt>\n<\/dl>\n<\/li>\n<li class=\"SpecTable_specComplexPN__1foAg\">\n<dl class=\"SpecTable_specTable__XNeik\">\n<dt class=\"SpecTable_specLabel__hvUFG\">Set Pressure\u00a00.05 to 0.7\u00a0MPa<\/dt>\n<\/dl>\n<\/li>\n<li class=\"SpecTable_specComplexPN__1foAg\">\n<dl class=\"SpecTable_specTable__XNeik\">\n<dt class=\"SpecTable_specLabel__hvUFG\">Drain Outlet\u00a0With drain cock<\/dt>\n<\/dl>\n<\/li>\n<li class=\"SpecTable_specComplexPN__1foAg\">\n<dl class=\"SpecTable_specTable__XNeik\">\n<dt class=\"SpecTable_specLabel__hvUFG\">Pressure Unit\u00a0Unit used on nameplate and pressure gauge: MPa<\/dt>\n<\/dl>\n<\/li>\n<li class=\"SpecTable_specComplexPN__1foAg\">\n<dl class=\"SpecTable_specTable__XNeik\">\n<dt class=\"SpecTable_specLabel__hvUFG\">Made to order specifications\u00a0None<\/dt>\n<\/dl>\n<\/li>\n<li class=\"SpecTable_specComplexPN__1foAg\">\n<dl class=\"SpecTable_specTable__XNeik\">\n<dt class=\"SpecTable_specLabel__hvUFG\">Accessories\u00a0With Bracket<\/dt>\n<\/dl>\n<\/li>\n<\/ul>\n<\/li>\n<\/ul>\n<div class=\"img wrapper\">M\u00e3 h\u00e0ng t\u01b0\u01a1ng t\u1ef1<\/div>\n<div class=\"img wrapper\">AW40-02B-8,<\/div>\n<div class=\"img wrapper\">AW40-02BC,<\/div>\n<div class=\"img wrapper\">AW40-02BCG,<\/div>\n<div class=\"img wrapper\">AW40-02BDG,<\/div>\n<div class=\"img wrapper\">AW40-02BE,<\/div>\n<div class=\"img wrapper\">AW40-02BE-1W,<\/div>\n<div class=\"img wrapper\">AW40-02BG-1,<\/div>\n<div class=\"img wrapper\">AW40-02BG-12,<\/div>\n<div class=\"img wrapper\">AW40-02BG-2,<\/div>\n<div class=\"img wrapper\">AW40-02BG-2N,<\/div>\n<div class=\"img wrapper\">AW40-02BG-2-X440,<\/div>\n<div class=\"img wrapper\">AW40-02BG-6,<\/div>\n<div class=\"img wrapper\">AW40-02BG-6R,<\/div>\n<div class=\"img wrapper\">AW40-02BG-8,<\/div>\n<div class=\"img wrapper\">AW40-02C-2,<\/div>\n<div class=\"img wrapper\">AW40-02C-8,<\/div>\n<div class=\"img wrapper\">AW40-02CE-2,<\/div>\n<div class=\"img wrapper\">AW40-02C-R,<\/div>\n<div class=\"img wrapper\">AW40-02D-1,<\/div>\n<div class=\"img wrapper\">AW40-02D-2,<\/div>\n<div class=\"img wrapper\">AW40-02D-6,<\/div>\n<div class=\"img wrapper\">AW40-02D-8,<\/div>\n<div class=\"img wrapper\">AW40-02DE,<\/div>\n<div class=\"img wrapper\">AW40-02DE-8,<\/div>\n<div class=\"img wrapper\">AW40-02E, AW20-A, AW30-A, AW40-A, AW40-06-A.<\/div>\n<\/li>\n<\/ul>\n<\/li>\n<\/ul>\n","protected":false},"excerpt":{"rendered":"<p>SMC AW40-F04BG-A SMC AW40-F04BG-B SMC AW40-04G-A SMC AW40-04G-B Filter Regulator AW20 to 60-B, Filter Regulator With Backflow Function AW20K to 60K-B (AW40-F04BG-B) Filter Regulator AW10-A To AW40-A (AW40-F04BG-A) Product Description SMC modular-type F.R.L. combination unit. [Features] \u00b7 Uses a transparent bowl guard. \u00b7 A transparent bowl guard with improved environmental&hellip; <\/p>\n","protected":false},"featured_media":3746,"comment_status":"open","ping_status":"closed","template":"","meta":[],"product_cat":[283],"product_tag":[652,93,92],"class_list":{"0":"post-3745","1":"product","2":"type-product","3":"status-publish","4":"has-post-thumbnail","6":"product_cat-smc","7":"product_tag-bo-loc-dieu-ap","8":"product_tag-dai-ly-smc-viet-nam","9":"product_tag-smc-viet-nam","11":"first","12":"instock","13":"shipping-taxable","14":"product-type-simple"},"yoast_head":"<!-- This site is optimized with the Yoast SEO plugin v22.8 - https:\/\/yoast.com\/wordpress\/plugins\/seo\/ -->\n<title>SMC AW40-F04BG-A - OMANI VI\u1ec6T NAM<\/title>\n<meta name=\"description\" content=\"SMC AW40-F04BG-A Filter Regulator\" \/>\n<meta name=\"robots\" content=\"index, follow, max-snippet:-1, max-image-preview:large, max-video-preview:-1\" \/>\n<link rel=\"canonical\" href=\"https:\/\/omanivietnam.com\/index.php\/san-pham\/smc-aw40-f04bg-a\/\" \/>\n<meta property=\"og:locale\" content=\"vi_VN\" \/>\n<meta property=\"og:type\" content=\"article\" \/>\n<meta property=\"og:title\" content=\"SMC AW40-F04BG-A - OMANI VI\u1ec6T NAM\" \/>\n<meta property=\"og:description\" content=\"SMC AW40-F04BG-A Filter Regulator\" \/>\n<meta property=\"og:url\" content=\"https:\/\/omanivietnam.com\/index.php\/san-pham\/smc-aw40-f04bg-a\/\" \/>\n<meta property=\"og:site_name\" content=\"OMANI VI\u1ec6T NAM\" \/>\n<meta property=\"article:modified_time\" content=\"2025-05-11T02:38:29+00:00\" \/>\n<meta property=\"og:image\" content=\"https:\/\/omanivietnam.com\/wp-content\/uploads\/2025\/05\/AW40-F04BG-A.png\" \/>\n\t<meta property=\"og:image:width\" content=\"558\" \/>\n\t<meta property=\"og:image:height\" content=\"902\" \/>\n\t<meta property=\"og:image:type\" content=\"image\/png\" \/>\n<meta name=\"twitter:card\" content=\"summary_large_image\" \/>\n<meta name=\"twitter:label1\" content=\"\u01af\u1edbc t\u00ednh th\u1eddi gian \u0111\u1ecdc\" \/>\n\t<meta name=\"twitter:data1\" content=\"2 ph\u00fat\" \/>\n<script type=\"application\/ld+json\" class=\"yoast-schema-graph\">{\"@context\":\"https:\/\/schema.org\",\"@graph\":[{\"@type\":\"WebPage\",\"@id\":\"https:\/\/omanivietnam.com\/index.php\/san-pham\/smc-aw40-f04bg-a\/\",\"url\":\"https:\/\/omanivietnam.com\/index.php\/san-pham\/smc-aw40-f04bg-a\/\",\"name\":\"SMC AW40-F04BG-A - OMANI VI\u1ec6T NAM\",\"isPartOf\":{\"@id\":\"https:\/\/omanivietnam.com\/#website\"},\"primaryImageOfPage\":{\"@id\":\"https:\/\/omanivietnam.com\/index.php\/san-pham\/smc-aw40-f04bg-a\/#primaryimage\"},\"image\":{\"@id\":\"https:\/\/omanivietnam.com\/index.php\/san-pham\/smc-aw40-f04bg-a\/#primaryimage\"},\"thumbnailUrl\":\"https:\/\/omanivietnam.com\/wp-content\/uploads\/2025\/05\/AW40-F04BG-A.png\",\"datePublished\":\"2025-05-11T02:23:23+00:00\",\"dateModified\":\"2025-05-11T02:38:29+00:00\",\"description\":\"SMC AW40-F04BG-A Filter Regulator\",\"breadcrumb\":{\"@id\":\"https:\/\/omanivietnam.com\/index.php\/san-pham\/smc-aw40-f04bg-a\/#breadcrumb\"},\"inLanguage\":\"vi\",\"potentialAction\":[{\"@type\":\"ReadAction\",\"target\":[\"https:\/\/omanivietnam.com\/index.php\/san-pham\/smc-aw40-f04bg-a\/\"]}]},{\"@type\":\"ImageObject\",\"inLanguage\":\"vi\",\"@id\":\"https:\/\/omanivietnam.com\/index.php\/san-pham\/smc-aw40-f04bg-a\/#primaryimage\",\"url\":\"https:\/\/omanivietnam.com\/wp-content\/uploads\/2025\/05\/AW40-F04BG-A.png\",\"contentUrl\":\"https:\/\/omanivietnam.com\/wp-content\/uploads\/2025\/05\/AW40-F04BG-A.png\",\"width\":558,\"height\":902},{\"@type\":\"BreadcrumbList\",\"@id\":\"https:\/\/omanivietnam.com\/index.php\/san-pham\/smc-aw40-f04bg-a\/#breadcrumb\",\"itemListElement\":[{\"@type\":\"ListItem\",\"position\":1,\"name\":\"Home\",\"item\":\"https:\/\/omanivietnam.com\/\"},{\"@type\":\"ListItem\",\"position\":2,\"name\":\"S\u1ea2N PH\u1ea8M\",\"item\":\"https:\/\/omanivietnam.com\/index.php\/cua-hang\/\"},{\"@type\":\"ListItem\",\"position\":3,\"name\":\"SMC AW40-F04BG-A\"}]},{\"@type\":\"WebSite\",\"@id\":\"https:\/\/omanivietnam.com\/#website\",\"url\":\"https:\/\/omanivietnam.com\/\",\"name\":\"OMANI VI\u1ec6T NAM\",\"description\":\"Nh\u00e0 ph\u00e2n ph\u1ed1i thi\u1ebft b\u1ecb kh\u00ed n\u00e9n v\u00e0 thi\u1ebft b\u1ecb t\u1ef1 \u0111\u1ed9ng h\u00f3a trong c\u00f4ng nghi\u1ec7p\",\"publisher\":{\"@id\":\"https:\/\/omanivietnam.com\/#\/schema\/person\/0ad398a980dc3fd696111c2c5c8fa897\"},\"potentialAction\":[{\"@type\":\"SearchAction\",\"target\":{\"@type\":\"EntryPoint\",\"urlTemplate\":\"https:\/\/omanivietnam.com\/?s={search_term_string}\"},\"query-input\":\"required name=search_term_string\"}],\"inLanguage\":\"vi\"},{\"@type\":[\"Person\",\"Organization\"],\"@id\":\"https:\/\/omanivietnam.com\/#\/schema\/person\/0ad398a980dc3fd696111c2c5c8fa897\",\"name\":\"Nguy\u1ec5n V\u0103n Kh\u00e1nh\",\"image\":{\"@type\":\"ImageObject\",\"inLanguage\":\"vi\",\"@id\":\"https:\/\/omanivietnam.com\/#\/schema\/person\/image\/\",\"url\":\"https:\/\/omanivietnam.com\/wp-content\/uploads\/2024\/06\/logo-1024x1024.png\",\"contentUrl\":\"https:\/\/omanivietnam.com\/wp-content\/uploads\/2024\/06\/logo-1024x1024.png\",\"width\":1024,\"height\":1024,\"caption\":\"Nguy\u1ec5n V\u0103n Kh\u00e1nh\"},\"logo\":{\"@id\":\"https:\/\/omanivietnam.com\/#\/schema\/person\/image\/\"},\"sameAs\":[\"https:\/\/omanivietnam.com\"]}]}<\/script>\n<!-- \/ Yoast SEO plugin. -->","yoast_head_json":{"title":"SMC AW40-F04BG-A - OMANI VI\u1ec6T NAM","description":"SMC AW40-F04BG-A Filter Regulator","robots":{"index":"index","follow":"follow","max-snippet":"max-snippet:-1","max-image-preview":"max-image-preview:large","max-video-preview":"max-video-preview:-1"},"canonical":"https:\/\/omanivietnam.com\/index.php\/san-pham\/smc-aw40-f04bg-a\/","og_locale":"vi_VN","og_type":"article","og_title":"SMC AW40-F04BG-A - OMANI VI\u1ec6T NAM","og_description":"SMC AW40-F04BG-A Filter Regulator","og_url":"https:\/\/omanivietnam.com\/index.php\/san-pham\/smc-aw40-f04bg-a\/","og_site_name":"OMANI VI\u1ec6T NAM","article_modified_time":"2025-05-11T02:38:29+00:00","og_image":[{"width":558,"height":902,"url":"https:\/\/omanivietnam.com\/wp-content\/uploads\/2025\/05\/AW40-F04BG-A.png","type":"image\/png"}],"twitter_card":"summary_large_image","twitter_misc":{"\u01af\u1edbc t\u00ednh th\u1eddi gian \u0111\u1ecdc":"2 ph\u00fat"},"schema":{"@context":"https:\/\/schema.org","@graph":[{"@type":"WebPage","@id":"https:\/\/omanivietnam.com\/index.php\/san-pham\/smc-aw40-f04bg-a\/","url":"https:\/\/omanivietnam.com\/index.php\/san-pham\/smc-aw40-f04bg-a\/","name":"SMC AW40-F04BG-A - OMANI VI\u1ec6T NAM","isPartOf":{"@id":"https:\/\/omanivietnam.com\/#website"},"primaryImageOfPage":{"@id":"https:\/\/omanivietnam.com\/index.php\/san-pham\/smc-aw40-f04bg-a\/#primaryimage"},"image":{"@id":"https:\/\/omanivietnam.com\/index.php\/san-pham\/smc-aw40-f04bg-a\/#primaryimage"},"thumbnailUrl":"https:\/\/omanivietnam.com\/wp-content\/uploads\/2025\/05\/AW40-F04BG-A.png","datePublished":"2025-05-11T02:23:23+00:00","dateModified":"2025-05-11T02:38:29+00:00","description":"SMC AW40-F04BG-A Filter Regulator","breadcrumb":{"@id":"https:\/\/omanivietnam.com\/index.php\/san-pham\/smc-aw40-f04bg-a\/#breadcrumb"},"inLanguage":"vi","potentialAction":[{"@type":"ReadAction","target":["https:\/\/omanivietnam.com\/index.php\/san-pham\/smc-aw40-f04bg-a\/"]}]},{"@type":"ImageObject","inLanguage":"vi","@id":"https:\/\/omanivietnam.com\/index.php\/san-pham\/smc-aw40-f04bg-a\/#primaryimage","url":"https:\/\/omanivietnam.com\/wp-content\/uploads\/2025\/05\/AW40-F04BG-A.png","contentUrl":"https:\/\/omanivietnam.com\/wp-content\/uploads\/2025\/05\/AW40-F04BG-A.png","width":558,"height":902},{"@type":"BreadcrumbList","@id":"https:\/\/omanivietnam.com\/index.php\/san-pham\/smc-aw40-f04bg-a\/#breadcrumb","itemListElement":[{"@type":"ListItem","position":1,"name":"Home","item":"https:\/\/omanivietnam.com\/"},{"@type":"ListItem","position":2,"name":"S\u1ea2N PH\u1ea8M","item":"https:\/\/omanivietnam.com\/index.php\/cua-hang\/"},{"@type":"ListItem","position":3,"name":"SMC AW40-F04BG-A"}]},{"@type":"WebSite","@id":"https:\/\/omanivietnam.com\/#website","url":"https:\/\/omanivietnam.com\/","name":"OMANI VI\u1ec6T NAM","description":"Nh\u00e0 ph\u00e2n ph\u1ed1i thi\u1ebft b\u1ecb kh\u00ed n\u00e9n v\u00e0 thi\u1ebft b\u1ecb t\u1ef1 \u0111\u1ed9ng h\u00f3a trong c\u00f4ng nghi\u1ec7p","publisher":{"@id":"https:\/\/omanivietnam.com\/#\/schema\/person\/0ad398a980dc3fd696111c2c5c8fa897"},"potentialAction":[{"@type":"SearchAction","target":{"@type":"EntryPoint","urlTemplate":"https:\/\/omanivietnam.com\/?s={search_term_string}"},"query-input":"required name=search_term_string"}],"inLanguage":"vi"},{"@type":["Person","Organization"],"@id":"https:\/\/omanivietnam.com\/#\/schema\/person\/0ad398a980dc3fd696111c2c5c8fa897","name":"Nguy\u1ec5n V\u0103n Kh\u00e1nh","image":{"@type":"ImageObject","inLanguage":"vi","@id":"https:\/\/omanivietnam.com\/#\/schema\/person\/image\/","url":"https:\/\/omanivietnam.com\/wp-content\/uploads\/2024\/06\/logo-1024x1024.png","contentUrl":"https:\/\/omanivietnam.com\/wp-content\/uploads\/2024\/06\/logo-1024x1024.png","width":1024,"height":1024,"caption":"Nguy\u1ec5n V\u0103n Kh\u00e1nh"},"logo":{"@id":"https:\/\/omanivietnam.com\/#\/schema\/person\/image\/"},"sameAs":["https:\/\/omanivietnam.com"]}]}},"_links":{"self":[{"href":"https:\/\/omanivietnam.com\/index.php\/wp-json\/wp\/v2\/product\/3745","targetHints":{"allow":["GET"]}}],"collection":[{"href":"https:\/\/omanivietnam.com\/index.php\/wp-json\/wp\/v2\/product"}],"about":[{"href":"https:\/\/omanivietnam.com\/index.php\/wp-json\/wp\/v2\/types\/product"}],"replies":[{"embeddable":true,"href":"https:\/\/omanivietnam.com\/index.php\/wp-json\/wp\/v2\/comments?post=3745"}],"wp:featuredmedia":[{"embeddable":true,"href":"https:\/\/omanivietnam.com\/index.php\/wp-json\/wp\/v2\/media\/3746"}],"wp:attachment":[{"href":"https:\/\/omanivietnam.com\/index.php\/wp-json\/wp\/v2\/media?parent=3745"}],"wp:term":[{"taxonomy":"product_cat","embeddable":true,"href":"https:\/\/omanivietnam.com\/index.php\/wp-json\/wp\/v2\/product_cat?post=3745"},{"taxonomy":"product_tag","embeddable":true,"href":"https:\/\/omanivietnam.com\/index.php\/wp-json\/wp\/v2\/product_tag?post=3745"}],"curies":[{"name":"wp","href":"https:\/\/api.w.org\/{rel}","templated":true}]}}