{"id":3767,"date":"2025-05-15T21:37:04","date_gmt":"2025-05-15T14:37:04","guid":{"rendered":"https:\/\/omanivietnam.com\/?post_type=product&#038;p=3767"},"modified":"2025-05-15T21:37:04","modified_gmt":"2025-05-15T14:37:04","slug":"keyence-lr-w70c","status":"publish","type":"product","link":"https:\/\/omanivietnam.com\/index.php\/san-pham\/keyence-lr-w70c\/","title":{"rendered":"KEYENCE LR-W70C"},"content":{"rendered":"<p>KEYENCE LR-W70C<\/p>\n<h2 class=\"title-product item_name\">C\u1ea3m bi\u1ebfn quang Keyence LR-W70C<\/h2>\n<h3>1. C\u1ea3m bi\u1ebfn LR-W70C:<\/h3>\n<div>\n<div>M\u1eabu LR-W70C<\/div>\n<div>Lo\u1ea1i Lo\u1ea1i v\u1ec7t nh\u1ecf\/k\u00e9p<\/div>\n<div>\u0110\u1ea7u n\u1ed1i M12 lo\u1ea1i 4-ch\u00e2n<\/div>\n<div>Kho\u1ea3ng c\u00e1ch ph\u00e1t hi\u1ec7n \u0111\u01b0\u1ee3c 30 \u0111\u1ebfn 70 mm<\/div>\n<div>\u0110\u01b0\u1eddng k\u00ednh \u0111i\u1ec3m t\u1ed1i thi\u1ec3u X\u1ea5p x\u1ec9 1,6 \u00d7 2,9 mm t\u1ea1i 50 mm<\/div>\n<div>Th\u1eddi gian \u0111\u00e1p \u1ee9ng Ch\u1ebf \u0111\u1ed9 1-v\u1ec7t: C\u00f3 th\u1ec3 l\u1ef1a ch\u1ecdn 200 \u00b5s, 1 ms, 10 ms, 100 ms, 500 ms<\/div>\n<div>Ch\u1ebf \u0111\u1ed9 2-v\u1ec7t, Gi\u00e1m s\u00e1t kh\u00e1c bi\u1ec7t:<\/div>\n<div>C\u00f3 th\u1ec3 l\u1ef1a ch\u1ecdn 500 \u00b5s, 2,5 ms, 20 ms, 200 ms, 999 ms<\/div>\n<div>Ch\u1ebf \u0111\u1ed9 2-v\u1ec7t, So kh\u1edbp 2-\u0111i\u1ec3m:<\/div>\n<div>C\u00f3 th\u1ec3 l\u1ef1a ch\u1ecdn 400 \u00b5s, 2 ms, 20 ms, 200 ms, 999 ms*1<\/div>\n<div>Ngu\u1ed3n s\u00e1ng \u0110\u00e8n LED m\u00e0u tr\u1eafng<\/div>\n<div>Ch\u1ee9c n\u0103ng gi\u1ea3m can<\/div>\n<div>nhi\u1ec5u l\u1eabn nhau L\u00ean \u0111\u1ebfn 2 thi\u1ebft b\u1ecb khi b\u1ed9 t\u1ea7n s\u1ed1 lu\u00e2n phi\u00ean<\/div>\n<div>Ch\u1ee9c n\u0103ng h\u1eb9n gi\u1edd T\u1eaeT\/B\u1eacT tr\u00ec ho\u00e3n\/T\u1eaeT tr\u00ec ho\u00e3n\/M\u1ed9t xung<\/div>\n<div>C\u1ea5p ngu\u1ed3n \u0110i\u1ec7n \u00e1p ngu\u1ed3n<\/div>\n<div>c\u1ea5p 10 \u0111\u1ebfn 30 VDC, bao g\u1ed3m \u0111\u1ed9 g\u1ee3n (P-P) 10%, Class 2 ho\u1eb7c LPS<\/div>\n<div>D\u00f2ng ti\u00eau th\u1ee5 60 mA tr\u1edf xu\u1ed1ng (kh\u00f4ng t\u1ea3i) \u1edf 24 VDC;<\/div>\n<div>110 mA tr\u1edf xu\u1ed1ng (kh\u00f4ng t\u1ea3i) \u1edf 12 VDC*2<\/div>\n<\/div>\n<h3>2. C\u00e1c m\u00e3 h\u00e0ng t\u01b0\u01a1ng \u0111\u01b0\u01a1ng C\u1ea3m bi\u1ebfn LR-W70C:<\/h3>\n<div>\n<div class=\"x11i5rnm xat24cr x1mh8g0r x1vvkbs xtlvy1s x126k92a\">\n<div dir=\"auto\">LJ-V7001P<br \/>\nLJ-V7020<br \/>\nLK-F1<br \/>\nLK-G3001P<br \/>\nLK-G37<br \/>\nLK-G400<br \/>\nLK-GC2<br \/>\nLK-GD500<br \/>\nLK-H1W<br \/>\nLK-HA100<br \/>\nLR-TB2000<br \/>\nLR-TB5000<br \/>\nLR-TB5000C<br \/>\nLR-W70<br \/>\nLR-W70C<br \/>\nLR-ZB100N<br \/>\nLR-ZB250AN<br \/>\nLR-ZB250N<br \/>\nLV-11SB<br \/>\nLV-21A<br \/>\nLV-H32<br \/>\nLV-H35<br \/>\nLV-H35F<br \/>\nLV-H37<br \/>\nLV-N11N<br \/>\nLV-N11P<br \/>\nLV-NH100<br \/>\nLV-NH300<br \/>\nLV-NH32<br \/>\nLV-NH35<br \/>\nLV-S62<\/div>\n<\/div>\n<\/div>\n","protected":false},"excerpt":{"rendered":"<p>KEYENCE LR-W70C C\u1ea3m bi\u1ebfn quang Keyence LR-W70C 1. C\u1ea3m bi\u1ebfn LR-W70C: M\u1eabu LR-W70C Lo\u1ea1i Lo\u1ea1i v\u1ec7t nh\u1ecf\/k\u00e9p \u0110\u1ea7u n\u1ed1i M12 lo\u1ea1i 4-ch\u00e2n Kho\u1ea3ng c\u00e1ch ph\u00e1t hi\u1ec7n \u0111\u01b0\u1ee3c 30 \u0111\u1ebfn 70 mm \u0110\u01b0\u1eddng k\u00ednh \u0111i\u1ec3m t\u1ed1i thi\u1ec3u X\u1ea5p x\u1ec9 1,6 \u00d7 2,9 mm t\u1ea1i 50 mm Th\u1eddi gian \u0111\u00e1p \u1ee9ng Ch\u1ebf&hellip; <\/p>\n","protected":false},"featured_media":3768,"comment_status":"open","ping_status":"closed","template":"","meta":[],"product_cat":[292],"product_tag":[88,114,113],"class_list":{"0":"post-3767","1":"product","2":"type-product","3":"status-publish","4":"has-post-thumbnail","6":"product_cat-keyence","7":"product_tag-cam-bien","8":"product_tag-dai-ly-keyence-viet-nam","9":"product_tag-keyence-viet-nam","11":"first","12":"instock","13":"shipping-taxable","14":"product-type-simple"},"yoast_head":"<!-- This site is optimized with the Yoast SEO plugin v22.8 - https:\/\/yoast.com\/wordpress\/plugins\/seo\/ -->\n<title>KEYENCE LR-W70C - OMANI VI\u1ec6T NAM<\/title>\n<meta name=\"description\" content=\"KEYENCE LR-W70CPhotoelectric Sensor\" \/>\n<meta name=\"robots\" content=\"index, follow, max-snippet:-1, max-image-preview:large, max-video-preview:-1\" \/>\n<link rel=\"canonical\" href=\"https:\/\/omanivietnam.com\/index.php\/san-pham\/keyence-lr-w70c\/\" \/>\n<meta property=\"og:locale\" content=\"vi_VN\" \/>\n<meta property=\"og:type\" content=\"article\" \/>\n<meta property=\"og:title\" content=\"KEYENCE LR-W70C - OMANI VI\u1ec6T NAM\" \/>\n<meta property=\"og:description\" content=\"KEYENCE LR-W70CPhotoelectric Sensor\" \/>\n<meta property=\"og:url\" content=\"https:\/\/omanivietnam.com\/index.php\/san-pham\/keyence-lr-w70c\/\" \/>\n<meta property=\"og:site_name\" content=\"OMANI VI\u1ec6T NAM\" \/>\n<meta property=\"og:image\" content=\"https:\/\/omanivietnam.com\/wp-content\/uploads\/2025\/05\/LR-W70C.png\" \/>\n\t<meta property=\"og:image:width\" content=\"623\" \/>\n\t<meta property=\"og:image:height\" content=\"467\" \/>\n\t<meta property=\"og:image:type\" content=\"image\/png\" \/>\n<meta name=\"twitter:card\" content=\"summary_large_image\" \/>\n<meta name=\"twitter:label1\" content=\"\u01af\u1edbc t\u00ednh th\u1eddi gian \u0111\u1ecdc\" \/>\n\t<meta name=\"twitter:data1\" content=\"2 ph\u00fat\" \/>\n<script type=\"application\/ld+json\" class=\"yoast-schema-graph\">{\"@context\":\"https:\/\/schema.org\",\"@graph\":[{\"@type\":\"WebPage\",\"@id\":\"https:\/\/omanivietnam.com\/index.php\/san-pham\/keyence-lr-w70c\/\",\"url\":\"https:\/\/omanivietnam.com\/index.php\/san-pham\/keyence-lr-w70c\/\",\"name\":\"KEYENCE LR-W70C - OMANI VI\u1ec6T NAM\",\"isPartOf\":{\"@id\":\"https:\/\/omanivietnam.com\/#website\"},\"primaryImageOfPage\":{\"@id\":\"https:\/\/omanivietnam.com\/index.php\/san-pham\/keyence-lr-w70c\/#primaryimage\"},\"image\":{\"@id\":\"https:\/\/omanivietnam.com\/index.php\/san-pham\/keyence-lr-w70c\/#primaryimage\"},\"thumbnailUrl\":\"https:\/\/omanivietnam.com\/wp-content\/uploads\/2025\/05\/LR-W70C.png\",\"datePublished\":\"2025-05-15T14:37:04+00:00\",\"dateModified\":\"2025-05-15T14:37:04+00:00\",\"description\":\"KEYENCE LR-W70CPhotoelectric Sensor\",\"breadcrumb\":{\"@id\":\"https:\/\/omanivietnam.com\/index.php\/san-pham\/keyence-lr-w70c\/#breadcrumb\"},\"inLanguage\":\"vi\",\"potentialAction\":[{\"@type\":\"ReadAction\",\"target\":[\"https:\/\/omanivietnam.com\/index.php\/san-pham\/keyence-lr-w70c\/\"]}]},{\"@type\":\"ImageObject\",\"inLanguage\":\"vi\",\"@id\":\"https:\/\/omanivietnam.com\/index.php\/san-pham\/keyence-lr-w70c\/#primaryimage\",\"url\":\"https:\/\/omanivietnam.com\/wp-content\/uploads\/2025\/05\/LR-W70C.png\",\"contentUrl\":\"https:\/\/omanivietnam.com\/wp-content\/uploads\/2025\/05\/LR-W70C.png\",\"width\":623,\"height\":467},{\"@type\":\"BreadcrumbList\",\"@id\":\"https:\/\/omanivietnam.com\/index.php\/san-pham\/keyence-lr-w70c\/#breadcrumb\",\"itemListElement\":[{\"@type\":\"ListItem\",\"position\":1,\"name\":\"Home\",\"item\":\"https:\/\/omanivietnam.com\/\"},{\"@type\":\"ListItem\",\"position\":2,\"name\":\"S\u1ea2N PH\u1ea8M\",\"item\":\"https:\/\/omanivietnam.com\/index.php\/cua-hang\/\"},{\"@type\":\"ListItem\",\"position\":3,\"name\":\"KEYENCE LR-W70C\"}]},{\"@type\":\"WebSite\",\"@id\":\"https:\/\/omanivietnam.com\/#website\",\"url\":\"https:\/\/omanivietnam.com\/\",\"name\":\"OMANI VI\u1ec6T NAM\",\"description\":\"Nh\u00e0 ph\u00e2n ph\u1ed1i thi\u1ebft b\u1ecb kh\u00ed n\u00e9n v\u00e0 thi\u1ebft b\u1ecb t\u1ef1 \u0111\u1ed9ng h\u00f3a trong c\u00f4ng nghi\u1ec7p\",\"publisher\":{\"@id\":\"https:\/\/omanivietnam.com\/#\/schema\/person\/0ad398a980dc3fd696111c2c5c8fa897\"},\"potentialAction\":[{\"@type\":\"SearchAction\",\"target\":{\"@type\":\"EntryPoint\",\"urlTemplate\":\"https:\/\/omanivietnam.com\/?s={search_term_string}\"},\"query-input\":\"required name=search_term_string\"}],\"inLanguage\":\"vi\"},{\"@type\":[\"Person\",\"Organization\"],\"@id\":\"https:\/\/omanivietnam.com\/#\/schema\/person\/0ad398a980dc3fd696111c2c5c8fa897\",\"name\":\"Nguy\u1ec5n V\u0103n Kh\u00e1nh\",\"image\":{\"@type\":\"ImageObject\",\"inLanguage\":\"vi\",\"@id\":\"https:\/\/omanivietnam.com\/#\/schema\/person\/image\/\",\"url\":\"https:\/\/omanivietnam.com\/wp-content\/uploads\/2024\/06\/logo-1024x1024.png\",\"contentUrl\":\"https:\/\/omanivietnam.com\/wp-content\/uploads\/2024\/06\/logo-1024x1024.png\",\"width\":1024,\"height\":1024,\"caption\":\"Nguy\u1ec5n V\u0103n Kh\u00e1nh\"},\"logo\":{\"@id\":\"https:\/\/omanivietnam.com\/#\/schema\/person\/image\/\"},\"sameAs\":[\"https:\/\/omanivietnam.com\"]}]}<\/script>\n<!-- \/ Yoast SEO plugin. -->","yoast_head_json":{"title":"KEYENCE LR-W70C - OMANI VI\u1ec6T NAM","description":"KEYENCE LR-W70CPhotoelectric Sensor","robots":{"index":"index","follow":"follow","max-snippet":"max-snippet:-1","max-image-preview":"max-image-preview:large","max-video-preview":"max-video-preview:-1"},"canonical":"https:\/\/omanivietnam.com\/index.php\/san-pham\/keyence-lr-w70c\/","og_locale":"vi_VN","og_type":"article","og_title":"KEYENCE LR-W70C - OMANI VI\u1ec6T NAM","og_description":"KEYENCE LR-W70CPhotoelectric Sensor","og_url":"https:\/\/omanivietnam.com\/index.php\/san-pham\/keyence-lr-w70c\/","og_site_name":"OMANI VI\u1ec6T NAM","og_image":[{"width":623,"height":467,"url":"https:\/\/omanivietnam.com\/wp-content\/uploads\/2025\/05\/LR-W70C.png","type":"image\/png"}],"twitter_card":"summary_large_image","twitter_misc":{"\u01af\u1edbc t\u00ednh th\u1eddi gian \u0111\u1ecdc":"2 ph\u00fat"},"schema":{"@context":"https:\/\/schema.org","@graph":[{"@type":"WebPage","@id":"https:\/\/omanivietnam.com\/index.php\/san-pham\/keyence-lr-w70c\/","url":"https:\/\/omanivietnam.com\/index.php\/san-pham\/keyence-lr-w70c\/","name":"KEYENCE LR-W70C - OMANI VI\u1ec6T NAM","isPartOf":{"@id":"https:\/\/omanivietnam.com\/#website"},"primaryImageOfPage":{"@id":"https:\/\/omanivietnam.com\/index.php\/san-pham\/keyence-lr-w70c\/#primaryimage"},"image":{"@id":"https:\/\/omanivietnam.com\/index.php\/san-pham\/keyence-lr-w70c\/#primaryimage"},"thumbnailUrl":"https:\/\/omanivietnam.com\/wp-content\/uploads\/2025\/05\/LR-W70C.png","datePublished":"2025-05-15T14:37:04+00:00","dateModified":"2025-05-15T14:37:04+00:00","description":"KEYENCE LR-W70CPhotoelectric Sensor","breadcrumb":{"@id":"https:\/\/omanivietnam.com\/index.php\/san-pham\/keyence-lr-w70c\/#breadcrumb"},"inLanguage":"vi","potentialAction":[{"@type":"ReadAction","target":["https:\/\/omanivietnam.com\/index.php\/san-pham\/keyence-lr-w70c\/"]}]},{"@type":"ImageObject","inLanguage":"vi","@id":"https:\/\/omanivietnam.com\/index.php\/san-pham\/keyence-lr-w70c\/#primaryimage","url":"https:\/\/omanivietnam.com\/wp-content\/uploads\/2025\/05\/LR-W70C.png","contentUrl":"https:\/\/omanivietnam.com\/wp-content\/uploads\/2025\/05\/LR-W70C.png","width":623,"height":467},{"@type":"BreadcrumbList","@id":"https:\/\/omanivietnam.com\/index.php\/san-pham\/keyence-lr-w70c\/#breadcrumb","itemListElement":[{"@type":"ListItem","position":1,"name":"Home","item":"https:\/\/omanivietnam.com\/"},{"@type":"ListItem","position":2,"name":"S\u1ea2N PH\u1ea8M","item":"https:\/\/omanivietnam.com\/index.php\/cua-hang\/"},{"@type":"ListItem","position":3,"name":"KEYENCE LR-W70C"}]},{"@type":"WebSite","@id":"https:\/\/omanivietnam.com\/#website","url":"https:\/\/omanivietnam.com\/","name":"OMANI VI\u1ec6T NAM","description":"Nh\u00e0 ph\u00e2n ph\u1ed1i thi\u1ebft b\u1ecb kh\u00ed n\u00e9n v\u00e0 thi\u1ebft b\u1ecb t\u1ef1 \u0111\u1ed9ng h\u00f3a trong c\u00f4ng nghi\u1ec7p","publisher":{"@id":"https:\/\/omanivietnam.com\/#\/schema\/person\/0ad398a980dc3fd696111c2c5c8fa897"},"potentialAction":[{"@type":"SearchAction","target":{"@type":"EntryPoint","urlTemplate":"https:\/\/omanivietnam.com\/?s={search_term_string}"},"query-input":"required name=search_term_string"}],"inLanguage":"vi"},{"@type":["Person","Organization"],"@id":"https:\/\/omanivietnam.com\/#\/schema\/person\/0ad398a980dc3fd696111c2c5c8fa897","name":"Nguy\u1ec5n V\u0103n Kh\u00e1nh","image":{"@type":"ImageObject","inLanguage":"vi","@id":"https:\/\/omanivietnam.com\/#\/schema\/person\/image\/","url":"https:\/\/omanivietnam.com\/wp-content\/uploads\/2024\/06\/logo-1024x1024.png","contentUrl":"https:\/\/omanivietnam.com\/wp-content\/uploads\/2024\/06\/logo-1024x1024.png","width":1024,"height":1024,"caption":"Nguy\u1ec5n V\u0103n Kh\u00e1nh"},"logo":{"@id":"https:\/\/omanivietnam.com\/#\/schema\/person\/image\/"},"sameAs":["https:\/\/omanivietnam.com"]}]}},"_links":{"self":[{"href":"https:\/\/omanivietnam.com\/index.php\/wp-json\/wp\/v2\/product\/3767","targetHints":{"allow":["GET"]}}],"collection":[{"href":"https:\/\/omanivietnam.com\/index.php\/wp-json\/wp\/v2\/product"}],"about":[{"href":"https:\/\/omanivietnam.com\/index.php\/wp-json\/wp\/v2\/types\/product"}],"replies":[{"embeddable":true,"href":"https:\/\/omanivietnam.com\/index.php\/wp-json\/wp\/v2\/comments?post=3767"}],"wp:featuredmedia":[{"embeddable":true,"href":"https:\/\/omanivietnam.com\/index.php\/wp-json\/wp\/v2\/media\/3768"}],"wp:attachment":[{"href":"https:\/\/omanivietnam.com\/index.php\/wp-json\/wp\/v2\/media?parent=3767"}],"wp:term":[{"taxonomy":"product_cat","embeddable":true,"href":"https:\/\/omanivietnam.com\/index.php\/wp-json\/wp\/v2\/product_cat?post=3767"},{"taxonomy":"product_tag","embeddable":true,"href":"https:\/\/omanivietnam.com\/index.php\/wp-json\/wp\/v2\/product_tag?post=3767"}],"curies":[{"name":"wp","href":"https:\/\/api.w.org\/{rel}","templated":true}]}}