{"id":3772,"date":"2025-05-15T22:11:19","date_gmt":"2025-05-15T15:11:19","guid":{"rendered":"https:\/\/omanivietnam.com\/?post_type=product&#038;p=3772"},"modified":"2025-05-15T22:11:19","modified_gmt":"2025-05-15T15:11:19","slug":"takex-as-u20","status":"publish","type":"product","link":"https:\/\/omanivietnam.com\/index.php\/san-pham\/takex-as-u20\/","title":{"rendered":"TAKEX AS-U20"},"content":{"rendered":"<p>TAKEX AS-U20<\/p>\n<p>C\u1ea3m bi\u1ebfn quang TAKENAKA TAKEX AS-U20, AS-U20PN, AS-U20D, AS-U20DPN, AS-U25, AS-U25PN, AS-U25D, AS-U25DPN, AS-U30, AS-U30PN<\/p>\n<div class=\"specificationGroup\">\n<h3>Rating\/Performance\/Specification<\/h3>\n<table class=\"spec_table\">\n<tbody>\n<tr>\n<th>Detection method<\/th>\n<td>Through beam type (U-shaped)<\/td>\n<\/tr>\n<tr>\n<th>Detecting distance<\/th>\n<td>19mm fixed<\/td>\n<\/tr>\n<tr>\n<th>Detection object<\/th>\n<td>dia.2mm or more Opaque<\/td>\n<\/tr>\n<tr>\n<th>Power supply<\/th>\n<td>12-24V DC \u00b110% \/ Ripple 10% or less<\/td>\n<\/tr>\n<tr>\n<th>Current consumption<\/th>\n<td>20mA or less<\/td>\n<\/tr>\n<tr>\n<th>Output mode<\/th>\n<td>NPN open collector Rating: sink current 100 mA (30 VDC) or less<\/td>\n<\/tr>\n<tr>\n<th>Operation mode<\/th>\n<td>Light ON<\/td>\n<\/tr>\n<tr>\n<th>Response time<\/th>\n<td>0.35ms or less<\/td>\n<\/tr>\n<tr>\n<th>Light source (light wavelength)<\/th>\n<td>Red LED (700nm)<\/td>\n<\/tr>\n<tr>\n<th>Indicator<\/th>\n<td>Operation indicator (red LED)<br \/>\nStability indicator (green LED)<\/td>\n<\/tr>\n<tr>\n<th>Short circuit protection<\/th>\n<td>Provided<\/td>\n<\/tr>\n<tr>\n<th>Material<\/th>\n<td>ABS<\/td>\n<\/tr>\n<tr>\n<th>Connection<\/th>\n<td>Attached cable<br \/>\n(outer dimension: dia. 4mm)<br \/>\n0.2 mm<sup>2<\/sup>\u00a03 cores 2 m<\/td>\n<\/tr>\n<tr>\n<th>Weight<\/th>\n<td>Approx. 55g<\/td>\n<\/tr>\n<tr>\n<th>Accessories<\/th>\n<td>Operation manual<\/td>\n<\/tr>\n<\/tbody>\n<\/table>\n<\/div>\n<div class=\"specificationGroup\">\n<h3>Environmental Specification<\/h3>\n<table class=\"spec_table\">\n<tbody>\n<tr>\n<th>Ambient temperature<\/th>\n<td>AS series: -25 &#8211; +55 \u2103<br \/>\n(non-freezing)<br \/>\nPU series: -10 &#8211; +55 \u2103<\/td>\n<\/tr>\n<tr>\n<th>Ambient humidity<\/th>\n<td>35-85%RH (non-condensing)<\/td>\n<\/tr>\n<tr>\n<th>Protective structure<\/th>\n<td>IP67 (IP 40 for PU10)<\/td>\n<\/tr>\n<tr>\n<th>Vibration<\/th>\n<td>10-55 Hz \/ 1.5 mm double amplitude \/ 2 hours each in 3 direction<\/td>\n<\/tr>\n<tr>\n<th>Shock<\/th>\n<td>500 VAC for 1 minute<\/td>\n<\/tr>\n<tr>\n<th>Insulation resistance<\/th>\n<td>500 VDC, 100 M\u03a9 higher<\/td>\n<\/tr>\n<\/tbody>\n<\/table>\n<\/div>\n","protected":false},"excerpt":{"rendered":"<p>TAKEX AS-U20 C\u1ea3m bi\u1ebfn quang TAKENAKA TAKEX AS-U20, AS-U20PN, AS-U20D, AS-U20DPN, AS-U25, AS-U25PN, AS-U25D, AS-U25DPN, AS-U30, AS-U30PN Rating\/Performance\/Specification Detection method Through beam type (U-shaped) Detecting distance 19mm fixed Detection object dia.2mm or more Opaque Power supply 12-24V DC \u00b110% \/ Ripple 10% or less Current consumption 20mA or less Output&hellip; <\/p>\n","protected":false},"featured_media":3773,"comment_status":"open","ping_status":"closed","template":"","meta":[],"product_cat":[285],"product_tag":[88,192,191],"class_list":{"0":"post-3772","1":"product","2":"type-product","3":"status-publish","4":"has-post-thumbnail","6":"product_cat-takex","7":"product_tag-cam-bien","8":"product_tag-dai-ly-takex-viet-nam","9":"product_tag-takex-viet-nam","11":"first","12":"instock","13":"shipping-taxable","14":"product-type-simple"},"yoast_head":"<!-- This site is optimized with the Yoast SEO plugin v22.8 - https:\/\/yoast.com\/wordpress\/plugins\/seo\/ -->\n<title>TAKEX AS-U20 - OMANI VI\u1ec6T NAM<\/title>\n<meta name=\"description\" content=\"TAKEX AS-U20 Photoelectric Sensors\" \/>\n<meta name=\"robots\" content=\"index, follow, max-snippet:-1, max-image-preview:large, max-video-preview:-1\" \/>\n<link rel=\"canonical\" href=\"https:\/\/omanivietnam.com\/index.php\/san-pham\/takex-as-u20\/\" \/>\n<meta property=\"og:locale\" content=\"vi_VN\" \/>\n<meta property=\"og:type\" content=\"article\" \/>\n<meta property=\"og:title\" content=\"TAKEX AS-U20 - OMANI VI\u1ec6T NAM\" \/>\n<meta property=\"og:description\" content=\"TAKEX AS-U20 Photoelectric Sensors\" \/>\n<meta property=\"og:url\" content=\"https:\/\/omanivietnam.com\/index.php\/san-pham\/takex-as-u20\/\" \/>\n<meta property=\"og:site_name\" content=\"OMANI VI\u1ec6T NAM\" \/>\n<meta property=\"og:image\" content=\"https:\/\/omanivietnam.com\/wp-content\/uploads\/2025\/05\/AS-U20.png\" \/>\n\t<meta property=\"og:image:width\" content=\"564\" \/>\n\t<meta property=\"og:image:height\" content=\"443\" \/>\n\t<meta property=\"og:image:type\" content=\"image\/png\" \/>\n<meta name=\"twitter:card\" content=\"summary_large_image\" \/>\n<meta name=\"twitter:label1\" content=\"\u01af\u1edbc t\u00ednh th\u1eddi gian \u0111\u1ecdc\" \/>\n\t<meta name=\"twitter:data1\" content=\"2 ph\u00fat\" \/>\n<script type=\"application\/ld+json\" class=\"yoast-schema-graph\">{\"@context\":\"https:\/\/schema.org\",\"@graph\":[{\"@type\":\"WebPage\",\"@id\":\"https:\/\/omanivietnam.com\/index.php\/san-pham\/takex-as-u20\/\",\"url\":\"https:\/\/omanivietnam.com\/index.php\/san-pham\/takex-as-u20\/\",\"name\":\"TAKEX AS-U20 - OMANI VI\u1ec6T NAM\",\"isPartOf\":{\"@id\":\"https:\/\/omanivietnam.com\/#website\"},\"primaryImageOfPage\":{\"@id\":\"https:\/\/omanivietnam.com\/index.php\/san-pham\/takex-as-u20\/#primaryimage\"},\"image\":{\"@id\":\"https:\/\/omanivietnam.com\/index.php\/san-pham\/takex-as-u20\/#primaryimage\"},\"thumbnailUrl\":\"https:\/\/omanivietnam.com\/wp-content\/uploads\/2025\/05\/AS-U20.png\",\"datePublished\":\"2025-05-15T15:11:19+00:00\",\"dateModified\":\"2025-05-15T15:11:19+00:00\",\"description\":\"TAKEX AS-U20 Photoelectric Sensors\",\"breadcrumb\":{\"@id\":\"https:\/\/omanivietnam.com\/index.php\/san-pham\/takex-as-u20\/#breadcrumb\"},\"inLanguage\":\"vi\",\"potentialAction\":[{\"@type\":\"ReadAction\",\"target\":[\"https:\/\/omanivietnam.com\/index.php\/san-pham\/takex-as-u20\/\"]}]},{\"@type\":\"ImageObject\",\"inLanguage\":\"vi\",\"@id\":\"https:\/\/omanivietnam.com\/index.php\/san-pham\/takex-as-u20\/#primaryimage\",\"url\":\"https:\/\/omanivietnam.com\/wp-content\/uploads\/2025\/05\/AS-U20.png\",\"contentUrl\":\"https:\/\/omanivietnam.com\/wp-content\/uploads\/2025\/05\/AS-U20.png\",\"width\":564,\"height\":443},{\"@type\":\"BreadcrumbList\",\"@id\":\"https:\/\/omanivietnam.com\/index.php\/san-pham\/takex-as-u20\/#breadcrumb\",\"itemListElement\":[{\"@type\":\"ListItem\",\"position\":1,\"name\":\"Home\",\"item\":\"https:\/\/omanivietnam.com\/\"},{\"@type\":\"ListItem\",\"position\":2,\"name\":\"S\u1ea2N PH\u1ea8M\",\"item\":\"https:\/\/omanivietnam.com\/index.php\/cua-hang\/\"},{\"@type\":\"ListItem\",\"position\":3,\"name\":\"TAKEX AS-U20\"}]},{\"@type\":\"WebSite\",\"@id\":\"https:\/\/omanivietnam.com\/#website\",\"url\":\"https:\/\/omanivietnam.com\/\",\"name\":\"OMANI VI\u1ec6T NAM\",\"description\":\"Nh\u00e0 ph\u00e2n ph\u1ed1i thi\u1ebft b\u1ecb kh\u00ed n\u00e9n v\u00e0 thi\u1ebft b\u1ecb t\u1ef1 \u0111\u1ed9ng h\u00f3a trong c\u00f4ng nghi\u1ec7p\",\"publisher\":{\"@id\":\"https:\/\/omanivietnam.com\/#\/schema\/person\/0ad398a980dc3fd696111c2c5c8fa897\"},\"potentialAction\":[{\"@type\":\"SearchAction\",\"target\":{\"@type\":\"EntryPoint\",\"urlTemplate\":\"https:\/\/omanivietnam.com\/?s={search_term_string}\"},\"query-input\":\"required name=search_term_string\"}],\"inLanguage\":\"vi\"},{\"@type\":[\"Person\",\"Organization\"],\"@id\":\"https:\/\/omanivietnam.com\/#\/schema\/person\/0ad398a980dc3fd696111c2c5c8fa897\",\"name\":\"Nguy\u1ec5n V\u0103n Kh\u00e1nh\",\"image\":{\"@type\":\"ImageObject\",\"inLanguage\":\"vi\",\"@id\":\"https:\/\/omanivietnam.com\/#\/schema\/person\/image\/\",\"url\":\"https:\/\/omanivietnam.com\/wp-content\/uploads\/2024\/06\/logo-1024x1024.png\",\"contentUrl\":\"https:\/\/omanivietnam.com\/wp-content\/uploads\/2024\/06\/logo-1024x1024.png\",\"width\":1024,\"height\":1024,\"caption\":\"Nguy\u1ec5n V\u0103n Kh\u00e1nh\"},\"logo\":{\"@id\":\"https:\/\/omanivietnam.com\/#\/schema\/person\/image\/\"},\"sameAs\":[\"https:\/\/omanivietnam.com\"]}]}<\/script>\n<!-- \/ Yoast SEO plugin. -->","yoast_head_json":{"title":"TAKEX AS-U20 - OMANI VI\u1ec6T NAM","description":"TAKEX AS-U20 Photoelectric Sensors","robots":{"index":"index","follow":"follow","max-snippet":"max-snippet:-1","max-image-preview":"max-image-preview:large","max-video-preview":"max-video-preview:-1"},"canonical":"https:\/\/omanivietnam.com\/index.php\/san-pham\/takex-as-u20\/","og_locale":"vi_VN","og_type":"article","og_title":"TAKEX AS-U20 - OMANI VI\u1ec6T NAM","og_description":"TAKEX AS-U20 Photoelectric Sensors","og_url":"https:\/\/omanivietnam.com\/index.php\/san-pham\/takex-as-u20\/","og_site_name":"OMANI VI\u1ec6T NAM","og_image":[{"width":564,"height":443,"url":"https:\/\/omanivietnam.com\/wp-content\/uploads\/2025\/05\/AS-U20.png","type":"image\/png"}],"twitter_card":"summary_large_image","twitter_misc":{"\u01af\u1edbc t\u00ednh th\u1eddi gian \u0111\u1ecdc":"2 ph\u00fat"},"schema":{"@context":"https:\/\/schema.org","@graph":[{"@type":"WebPage","@id":"https:\/\/omanivietnam.com\/index.php\/san-pham\/takex-as-u20\/","url":"https:\/\/omanivietnam.com\/index.php\/san-pham\/takex-as-u20\/","name":"TAKEX AS-U20 - OMANI VI\u1ec6T NAM","isPartOf":{"@id":"https:\/\/omanivietnam.com\/#website"},"primaryImageOfPage":{"@id":"https:\/\/omanivietnam.com\/index.php\/san-pham\/takex-as-u20\/#primaryimage"},"image":{"@id":"https:\/\/omanivietnam.com\/index.php\/san-pham\/takex-as-u20\/#primaryimage"},"thumbnailUrl":"https:\/\/omanivietnam.com\/wp-content\/uploads\/2025\/05\/AS-U20.png","datePublished":"2025-05-15T15:11:19+00:00","dateModified":"2025-05-15T15:11:19+00:00","description":"TAKEX AS-U20 Photoelectric Sensors","breadcrumb":{"@id":"https:\/\/omanivietnam.com\/index.php\/san-pham\/takex-as-u20\/#breadcrumb"},"inLanguage":"vi","potentialAction":[{"@type":"ReadAction","target":["https:\/\/omanivietnam.com\/index.php\/san-pham\/takex-as-u20\/"]}]},{"@type":"ImageObject","inLanguage":"vi","@id":"https:\/\/omanivietnam.com\/index.php\/san-pham\/takex-as-u20\/#primaryimage","url":"https:\/\/omanivietnam.com\/wp-content\/uploads\/2025\/05\/AS-U20.png","contentUrl":"https:\/\/omanivietnam.com\/wp-content\/uploads\/2025\/05\/AS-U20.png","width":564,"height":443},{"@type":"BreadcrumbList","@id":"https:\/\/omanivietnam.com\/index.php\/san-pham\/takex-as-u20\/#breadcrumb","itemListElement":[{"@type":"ListItem","position":1,"name":"Home","item":"https:\/\/omanivietnam.com\/"},{"@type":"ListItem","position":2,"name":"S\u1ea2N PH\u1ea8M","item":"https:\/\/omanivietnam.com\/index.php\/cua-hang\/"},{"@type":"ListItem","position":3,"name":"TAKEX AS-U20"}]},{"@type":"WebSite","@id":"https:\/\/omanivietnam.com\/#website","url":"https:\/\/omanivietnam.com\/","name":"OMANI VI\u1ec6T NAM","description":"Nh\u00e0 ph\u00e2n ph\u1ed1i thi\u1ebft b\u1ecb kh\u00ed n\u00e9n v\u00e0 thi\u1ebft b\u1ecb t\u1ef1 \u0111\u1ed9ng h\u00f3a trong c\u00f4ng nghi\u1ec7p","publisher":{"@id":"https:\/\/omanivietnam.com\/#\/schema\/person\/0ad398a980dc3fd696111c2c5c8fa897"},"potentialAction":[{"@type":"SearchAction","target":{"@type":"EntryPoint","urlTemplate":"https:\/\/omanivietnam.com\/?s={search_term_string}"},"query-input":"required name=search_term_string"}],"inLanguage":"vi"},{"@type":["Person","Organization"],"@id":"https:\/\/omanivietnam.com\/#\/schema\/person\/0ad398a980dc3fd696111c2c5c8fa897","name":"Nguy\u1ec5n V\u0103n Kh\u00e1nh","image":{"@type":"ImageObject","inLanguage":"vi","@id":"https:\/\/omanivietnam.com\/#\/schema\/person\/image\/","url":"https:\/\/omanivietnam.com\/wp-content\/uploads\/2024\/06\/logo-1024x1024.png","contentUrl":"https:\/\/omanivietnam.com\/wp-content\/uploads\/2024\/06\/logo-1024x1024.png","width":1024,"height":1024,"caption":"Nguy\u1ec5n V\u0103n Kh\u00e1nh"},"logo":{"@id":"https:\/\/omanivietnam.com\/#\/schema\/person\/image\/"},"sameAs":["https:\/\/omanivietnam.com"]}]}},"_links":{"self":[{"href":"https:\/\/omanivietnam.com\/index.php\/wp-json\/wp\/v2\/product\/3772","targetHints":{"allow":["GET"]}}],"collection":[{"href":"https:\/\/omanivietnam.com\/index.php\/wp-json\/wp\/v2\/product"}],"about":[{"href":"https:\/\/omanivietnam.com\/index.php\/wp-json\/wp\/v2\/types\/product"}],"replies":[{"embeddable":true,"href":"https:\/\/omanivietnam.com\/index.php\/wp-json\/wp\/v2\/comments?post=3772"}],"wp:featuredmedia":[{"embeddable":true,"href":"https:\/\/omanivietnam.com\/index.php\/wp-json\/wp\/v2\/media\/3773"}],"wp:attachment":[{"href":"https:\/\/omanivietnam.com\/index.php\/wp-json\/wp\/v2\/media?parent=3772"}],"wp:term":[{"taxonomy":"product_cat","embeddable":true,"href":"https:\/\/omanivietnam.com\/index.php\/wp-json\/wp\/v2\/product_cat?post=3772"},{"taxonomy":"product_tag","embeddable":true,"href":"https:\/\/omanivietnam.com\/index.php\/wp-json\/wp\/v2\/product_tag?post=3772"}],"curies":[{"name":"wp","href":"https:\/\/api.w.org\/{rel}","templated":true}]}}