{"id":3780,"date":"2025-05-16T21:25:44","date_gmt":"2025-05-16T14:25:44","guid":{"rendered":"https:\/\/omanivietnam.com\/?post_type=product&#038;p=3780"},"modified":"2025-05-16T21:25:45","modified_gmt":"2025-05-16T14:25:45","slug":"leuze-ht46ci-4p-m12-2","status":"publish","type":"product","link":"https:\/\/omanivietnam.com\/index.php\/san-pham\/leuze-ht46ci-4p-m12-2\/","title":{"rendered":"LEUZE HT46CI\/4P-M12"},"content":{"rendered":"<p>LEUZE HT46CI\/4P-M12 50127061<\/p>\n<div class=\"row align-items-center product-detail-headline\">\n<div class=\"col product-detail-name-container\">\n<p class=\"product-detail-name\">HT46CI\/4P-M12<\/p>\n<\/div>\n<\/div>\n<div class=\"row align-items-center product-detail-headline\">\n<div class=\"col product-detail-name-container\">\n<p class=\"product-detail-name\">Diffuse sensor with background suppression<\/p>\n<\/div>\n<\/div>\n<div class=\"product-detail-ordernumber-container\"><span class=\"product-detail-ordernumber-label\">Part no.:\u00a0<\/span><span class=\"product-detail-ordernumber\">50127061<\/span><\/div>\n<div>Ph\u00e2n lo\u1ea1i M\u00e0u s\u1eafc: HT46CI\/4P-M12, HT46C\/4P-M12, PRK46C\/4P-M12<\/div>\n<div><\/div>\n<div>\n<p><em>Basic data<\/em><\/p>\n<ul>\n<li><em>Series<\/em>46C<\/li>\n<li><em>Operating principle<\/em>Diffuse reflection principle with background suppression<\/li>\n<\/ul>\n<p><em>Optical data<\/em><\/p>\n<ul>\n<li><em>Black-white error<\/em>&lt; 10% up to 1200 mm<\/li>\n<li><em>Operating range, white 90%<\/em>0.005 &#8230; 3 m<\/li>\n<li><em>Operating range, gray 18%<\/em>0.02 &#8230; 2 m<\/li>\n<li><em>Operating range, black 6%<\/em>0.05 &#8230; 1.5 m<\/li>\n<li><em>Operating range limit<\/em>0.005 &#8230; 3 m<\/li>\n<li><em>Adjustment range<\/em>120 &#8230; 3,000 mm<\/li>\n<li><em>Light source<\/em>LED,\u00a0Infrared<\/li>\n<\/ul>\n<p><em>Electrical data<\/em><\/p>\n<ul>\n<li><em>Protective circuit<\/em>Polarity reversal protection, Short circuit protected, Transient protection<\/li>\n<li><em>Performance data<\/em>\n<ul>\n<li><em>Supply voltage U<sub>B<\/sub><\/em>10 &#8230; 30 V,\u00a0DC,\u00a0Incl. residual ripple<\/li>\n<li><em>Residual ripple<\/em>0 &#8230; 15 %,\u00a0From U<sub>B<\/sub><\/li>\n<li><em>Open-circuit current<\/em>0 &#8230; 30 mA<\/li>\n<\/ul>\n<\/li>\n<\/ul>\n<p><em>Outputs<\/em><\/p>\n<ul>\n<li><em>Number of digital switching outputs<\/em>2 Piece(s)<\/li>\n<li><em>Switching output 1<\/em>\n<ul>\n<li><em>Switching element<\/em>Transistor,\u00a0PNP<\/li>\n<li><em>Switching principle<\/em>Light switching<\/li>\n<\/ul>\n<\/li>\n<li><em>Switching output 2<\/em>\n<ul>\n<li><em>Switching element<\/em>Transistor,\u00a0PNP<\/li>\n<li><em>Switching principle<\/em>Dark switching<\/li>\n<\/ul>\n<\/li>\n<\/ul>\n<p><em>Timing<\/em><\/p>\n<ul>\n<li><em>Switching frequency<\/em>250 Hz<\/li>\n<li><em>Response time<\/em>2 ms<\/li>\n<\/ul>\n<p><em>Connection<\/em><\/p>\n<ul>\n<li><em>Connection 1<\/em>\n<ul>\n<li><em>Function<\/em>Voltage supply, Signal OUT<\/li>\n<li><em>Type of connection<\/em>Connector<\/li>\n<li><em>Thread size<\/em>M12<\/li>\n<li><em>Material<\/em>Plastic<\/li>\n<li><em>No. of pins<\/em>4 -pin<\/li>\n<\/ul>\n<\/li>\n<\/ul>\n<p><em>Mechanical data<\/em><\/p>\n<ul>\n<li><em>Dimension (W x H x L)<\/em>20.5 mm\u00a0x\u00a076.3 mm\u00a0x\u00a044 mm<\/li>\n<li><em>Housing material<\/em>Plastic,\u00a0PC-PBT<\/li>\n<li><em>Lens cover material<\/em>Plastic \/ PMMA<\/li>\n<li><em>Net weight<\/em>60 g<\/li>\n<li><em>Type of fastening<\/em>Via optional mounting device, Through-hole mounting<\/li>\n<li><em>Compatibility of materials<\/em>ECOLAB<\/li>\n<\/ul>\n<p><em>Operation and display<\/em><\/p>\n<ul>\n<li><em>Operational controls<\/em>Multiturn potentiometer<\/li>\n<\/ul>\n<p><em>Environmental data<\/em><\/p>\n<ul>\n<li><em>Ambient temperature, operation<\/em>-40 &#8230; 60 \u00b0C<\/li>\n<\/ul>\n<p><em>Certifications<\/em><\/p>\n<ul>\n<li><em>Degree of protection<\/em>IP 67, IP 69K<\/li>\n<li><em>Protection class<\/em>II,\u00a0Rating voltage 50\u2009V<\/li>\n<li><em>Certifications<\/em>c UL US<\/li>\n<li><em>Standards applied<\/em>IEC 60947-5-2<\/li>\n<\/ul>\n<p><em>Classification<\/em><\/p>\n<ul>\n<li><em>Customs tariff number<\/em>85365019<\/li>\n<li><em>eCl@ss 8.0\u00a0<\/em>27270904<\/li>\n<li><em>eCl@ss 9.0\u00a0\u00a0<\/em>27270904<\/li>\n<li><em>ETIM 5.0\u00a0\u00a0<\/em>EC002719<\/li>\n<li><em>ETIM 6.0\u00a0\u00a0<\/em>EC002719<\/li>\n<\/ul>\n<\/div>\n","protected":false},"excerpt":{"rendered":"<p>LEUZE HT46CI\/4P-M12 50127061 HT46CI\/4P-M12 Diffuse sensor with background suppression Part no.:\u00a050127061 Ph\u00e2n lo\u1ea1i M\u00e0u s\u1eafc: HT46CI\/4P-M12, HT46C\/4P-M12, PRK46C\/4P-M12 Basic data Series46C Operating principleDiffuse reflection principle with background suppression Optical data Black-white error&lt; 10% up to 1200 mm Operating range, white 90%0.005 &#8230; 3 m Operating range, gray 18%0.02 &#8230; 2&hellip; <\/p>\n","protected":false},"featured_media":3781,"comment_status":"open","ping_status":"closed","template":"","meta":[],"product_cat":[345],"product_tag":[88,269,268],"class_list":{"0":"post-3780","1":"product","2":"type-product","3":"status-publish","4":"has-post-thumbnail","6":"product_cat-leuze","7":"product_tag-cam-bien","8":"product_tag-dai-ly-leuze-viet-nam","9":"product_tag-leuze-viet-nam","11":"first","12":"instock","13":"shipping-taxable","14":"product-type-simple"},"yoast_head":"<!-- This site is optimized with the Yoast SEO plugin v22.8 - https:\/\/yoast.com\/wordpress\/plugins\/seo\/ -->\n<title>LEUZE HT46CI\/4P-M12 - OMANI VI\u1ec6T NAM<\/title>\n<meta name=\"description\" content=\"LEUZE HT46CI\/4P-M12 Diffuse Sensor with Background\" \/>\n<meta name=\"robots\" content=\"index, follow, max-snippet:-1, max-image-preview:large, max-video-preview:-1\" \/>\n<link rel=\"canonical\" href=\"https:\/\/omanivietnam.com\/index.php\/san-pham\/leuze-ht46ci-4p-m12-2\/\" \/>\n<meta property=\"og:locale\" content=\"vi_VN\" \/>\n<meta property=\"og:type\" content=\"article\" \/>\n<meta property=\"og:title\" content=\"LEUZE HT46CI\/4P-M12 - OMANI VI\u1ec6T NAM\" \/>\n<meta property=\"og:description\" content=\"LEUZE HT46CI\/4P-M12 Diffuse Sensor with Background\" \/>\n<meta property=\"og:url\" content=\"https:\/\/omanivietnam.com\/index.php\/san-pham\/leuze-ht46ci-4p-m12-2\/\" \/>\n<meta property=\"og:site_name\" content=\"OMANI VI\u1ec6T NAM\" \/>\n<meta property=\"article:modified_time\" content=\"2025-05-16T14:25:45+00:00\" \/>\n<meta property=\"og:image\" content=\"https:\/\/omanivietnam.com\/wp-content\/uploads\/2025\/05\/PRK18.24DL.46-1.png\" \/>\n\t<meta property=\"og:image:width\" content=\"625\" \/>\n\t<meta property=\"og:image:height\" content=\"552\" \/>\n\t<meta property=\"og:image:type\" content=\"image\/png\" \/>\n<meta name=\"twitter:card\" content=\"summary_large_image\" \/>\n<meta name=\"twitter:label1\" content=\"\u01af\u1edbc t\u00ednh th\u1eddi gian \u0111\u1ecdc\" \/>\n\t<meta name=\"twitter:data1\" content=\"2 ph\u00fat\" \/>\n<script type=\"application\/ld+json\" class=\"yoast-schema-graph\">{\"@context\":\"https:\/\/schema.org\",\"@graph\":[{\"@type\":\"WebPage\",\"@id\":\"https:\/\/omanivietnam.com\/index.php\/san-pham\/leuze-ht46ci-4p-m12-2\/\",\"url\":\"https:\/\/omanivietnam.com\/index.php\/san-pham\/leuze-ht46ci-4p-m12-2\/\",\"name\":\"LEUZE HT46CI\/4P-M12 - OMANI VI\u1ec6T NAM\",\"isPartOf\":{\"@id\":\"https:\/\/omanivietnam.com\/#website\"},\"primaryImageOfPage\":{\"@id\":\"https:\/\/omanivietnam.com\/index.php\/san-pham\/leuze-ht46ci-4p-m12-2\/#primaryimage\"},\"image\":{\"@id\":\"https:\/\/omanivietnam.com\/index.php\/san-pham\/leuze-ht46ci-4p-m12-2\/#primaryimage\"},\"thumbnailUrl\":\"https:\/\/omanivietnam.com\/wp-content\/uploads\/2025\/05\/PRK18.24DL.46-1.png\",\"datePublished\":\"2025-05-16T14:25:44+00:00\",\"dateModified\":\"2025-05-16T14:25:45+00:00\",\"description\":\"LEUZE HT46CI\/4P-M12 Diffuse Sensor with Background\",\"breadcrumb\":{\"@id\":\"https:\/\/omanivietnam.com\/index.php\/san-pham\/leuze-ht46ci-4p-m12-2\/#breadcrumb\"},\"inLanguage\":\"vi\",\"potentialAction\":[{\"@type\":\"ReadAction\",\"target\":[\"https:\/\/omanivietnam.com\/index.php\/san-pham\/leuze-ht46ci-4p-m12-2\/\"]}]},{\"@type\":\"ImageObject\",\"inLanguage\":\"vi\",\"@id\":\"https:\/\/omanivietnam.com\/index.php\/san-pham\/leuze-ht46ci-4p-m12-2\/#primaryimage\",\"url\":\"https:\/\/omanivietnam.com\/wp-content\/uploads\/2025\/05\/PRK18.24DL.46-1.png\",\"contentUrl\":\"https:\/\/omanivietnam.com\/wp-content\/uploads\/2025\/05\/PRK18.24DL.46-1.png\",\"width\":625,\"height\":552},{\"@type\":\"BreadcrumbList\",\"@id\":\"https:\/\/omanivietnam.com\/index.php\/san-pham\/leuze-ht46ci-4p-m12-2\/#breadcrumb\",\"itemListElement\":[{\"@type\":\"ListItem\",\"position\":1,\"name\":\"Home\",\"item\":\"https:\/\/omanivietnam.com\/\"},{\"@type\":\"ListItem\",\"position\":2,\"name\":\"S\u1ea2N PH\u1ea8M\",\"item\":\"https:\/\/omanivietnam.com\/index.php\/cua-hang\/\"},{\"@type\":\"ListItem\",\"position\":3,\"name\":\"LEUZE HT46CI\/4P-M12\"}]},{\"@type\":\"WebSite\",\"@id\":\"https:\/\/omanivietnam.com\/#website\",\"url\":\"https:\/\/omanivietnam.com\/\",\"name\":\"OMANI VI\u1ec6T NAM\",\"description\":\"Nh\u00e0 ph\u00e2n ph\u1ed1i thi\u1ebft b\u1ecb kh\u00ed n\u00e9n v\u00e0 thi\u1ebft b\u1ecb t\u1ef1 \u0111\u1ed9ng h\u00f3a trong c\u00f4ng nghi\u1ec7p\",\"publisher\":{\"@id\":\"https:\/\/omanivietnam.com\/#\/schema\/person\/0ad398a980dc3fd696111c2c5c8fa897\"},\"potentialAction\":[{\"@type\":\"SearchAction\",\"target\":{\"@type\":\"EntryPoint\",\"urlTemplate\":\"https:\/\/omanivietnam.com\/?s={search_term_string}\"},\"query-input\":\"required name=search_term_string\"}],\"inLanguage\":\"vi\"},{\"@type\":[\"Person\",\"Organization\"],\"@id\":\"https:\/\/omanivietnam.com\/#\/schema\/person\/0ad398a980dc3fd696111c2c5c8fa897\",\"name\":\"Nguy\u1ec5n V\u0103n Kh\u00e1nh\",\"image\":{\"@type\":\"ImageObject\",\"inLanguage\":\"vi\",\"@id\":\"https:\/\/omanivietnam.com\/#\/schema\/person\/image\/\",\"url\":\"https:\/\/omanivietnam.com\/wp-content\/uploads\/2024\/06\/logo-1024x1024.png\",\"contentUrl\":\"https:\/\/omanivietnam.com\/wp-content\/uploads\/2024\/06\/logo-1024x1024.png\",\"width\":1024,\"height\":1024,\"caption\":\"Nguy\u1ec5n V\u0103n Kh\u00e1nh\"},\"logo\":{\"@id\":\"https:\/\/omanivietnam.com\/#\/schema\/person\/image\/\"},\"sameAs\":[\"https:\/\/omanivietnam.com\"]}]}<\/script>\n<!-- \/ Yoast SEO plugin. -->","yoast_head_json":{"title":"LEUZE HT46CI\/4P-M12 - OMANI VI\u1ec6T NAM","description":"LEUZE HT46CI\/4P-M12 Diffuse Sensor with Background","robots":{"index":"index","follow":"follow","max-snippet":"max-snippet:-1","max-image-preview":"max-image-preview:large","max-video-preview":"max-video-preview:-1"},"canonical":"https:\/\/omanivietnam.com\/index.php\/san-pham\/leuze-ht46ci-4p-m12-2\/","og_locale":"vi_VN","og_type":"article","og_title":"LEUZE HT46CI\/4P-M12 - OMANI VI\u1ec6T NAM","og_description":"LEUZE HT46CI\/4P-M12 Diffuse Sensor with Background","og_url":"https:\/\/omanivietnam.com\/index.php\/san-pham\/leuze-ht46ci-4p-m12-2\/","og_site_name":"OMANI VI\u1ec6T NAM","article_modified_time":"2025-05-16T14:25:45+00:00","og_image":[{"width":625,"height":552,"url":"https:\/\/omanivietnam.com\/wp-content\/uploads\/2025\/05\/PRK18.24DL.46-1.png","type":"image\/png"}],"twitter_card":"summary_large_image","twitter_misc":{"\u01af\u1edbc t\u00ednh th\u1eddi gian \u0111\u1ecdc":"2 ph\u00fat"},"schema":{"@context":"https:\/\/schema.org","@graph":[{"@type":"WebPage","@id":"https:\/\/omanivietnam.com\/index.php\/san-pham\/leuze-ht46ci-4p-m12-2\/","url":"https:\/\/omanivietnam.com\/index.php\/san-pham\/leuze-ht46ci-4p-m12-2\/","name":"LEUZE HT46CI\/4P-M12 - OMANI VI\u1ec6T NAM","isPartOf":{"@id":"https:\/\/omanivietnam.com\/#website"},"primaryImageOfPage":{"@id":"https:\/\/omanivietnam.com\/index.php\/san-pham\/leuze-ht46ci-4p-m12-2\/#primaryimage"},"image":{"@id":"https:\/\/omanivietnam.com\/index.php\/san-pham\/leuze-ht46ci-4p-m12-2\/#primaryimage"},"thumbnailUrl":"https:\/\/omanivietnam.com\/wp-content\/uploads\/2025\/05\/PRK18.24DL.46-1.png","datePublished":"2025-05-16T14:25:44+00:00","dateModified":"2025-05-16T14:25:45+00:00","description":"LEUZE HT46CI\/4P-M12 Diffuse Sensor with Background","breadcrumb":{"@id":"https:\/\/omanivietnam.com\/index.php\/san-pham\/leuze-ht46ci-4p-m12-2\/#breadcrumb"},"inLanguage":"vi","potentialAction":[{"@type":"ReadAction","target":["https:\/\/omanivietnam.com\/index.php\/san-pham\/leuze-ht46ci-4p-m12-2\/"]}]},{"@type":"ImageObject","inLanguage":"vi","@id":"https:\/\/omanivietnam.com\/index.php\/san-pham\/leuze-ht46ci-4p-m12-2\/#primaryimage","url":"https:\/\/omanivietnam.com\/wp-content\/uploads\/2025\/05\/PRK18.24DL.46-1.png","contentUrl":"https:\/\/omanivietnam.com\/wp-content\/uploads\/2025\/05\/PRK18.24DL.46-1.png","width":625,"height":552},{"@type":"BreadcrumbList","@id":"https:\/\/omanivietnam.com\/index.php\/san-pham\/leuze-ht46ci-4p-m12-2\/#breadcrumb","itemListElement":[{"@type":"ListItem","position":1,"name":"Home","item":"https:\/\/omanivietnam.com\/"},{"@type":"ListItem","position":2,"name":"S\u1ea2N PH\u1ea8M","item":"https:\/\/omanivietnam.com\/index.php\/cua-hang\/"},{"@type":"ListItem","position":3,"name":"LEUZE HT46CI\/4P-M12"}]},{"@type":"WebSite","@id":"https:\/\/omanivietnam.com\/#website","url":"https:\/\/omanivietnam.com\/","name":"OMANI VI\u1ec6T NAM","description":"Nh\u00e0 ph\u00e2n ph\u1ed1i thi\u1ebft b\u1ecb kh\u00ed n\u00e9n v\u00e0 thi\u1ebft b\u1ecb t\u1ef1 \u0111\u1ed9ng h\u00f3a trong c\u00f4ng nghi\u1ec7p","publisher":{"@id":"https:\/\/omanivietnam.com\/#\/schema\/person\/0ad398a980dc3fd696111c2c5c8fa897"},"potentialAction":[{"@type":"SearchAction","target":{"@type":"EntryPoint","urlTemplate":"https:\/\/omanivietnam.com\/?s={search_term_string}"},"query-input":"required name=search_term_string"}],"inLanguage":"vi"},{"@type":["Person","Organization"],"@id":"https:\/\/omanivietnam.com\/#\/schema\/person\/0ad398a980dc3fd696111c2c5c8fa897","name":"Nguy\u1ec5n V\u0103n Kh\u00e1nh","image":{"@type":"ImageObject","inLanguage":"vi","@id":"https:\/\/omanivietnam.com\/#\/schema\/person\/image\/","url":"https:\/\/omanivietnam.com\/wp-content\/uploads\/2024\/06\/logo-1024x1024.png","contentUrl":"https:\/\/omanivietnam.com\/wp-content\/uploads\/2024\/06\/logo-1024x1024.png","width":1024,"height":1024,"caption":"Nguy\u1ec5n V\u0103n Kh\u00e1nh"},"logo":{"@id":"https:\/\/omanivietnam.com\/#\/schema\/person\/image\/"},"sameAs":["https:\/\/omanivietnam.com"]}]}},"_links":{"self":[{"href":"https:\/\/omanivietnam.com\/index.php\/wp-json\/wp\/v2\/product\/3780","targetHints":{"allow":["GET"]}}],"collection":[{"href":"https:\/\/omanivietnam.com\/index.php\/wp-json\/wp\/v2\/product"}],"about":[{"href":"https:\/\/omanivietnam.com\/index.php\/wp-json\/wp\/v2\/types\/product"}],"replies":[{"embeddable":true,"href":"https:\/\/omanivietnam.com\/index.php\/wp-json\/wp\/v2\/comments?post=3780"}],"wp:featuredmedia":[{"embeddable":true,"href":"https:\/\/omanivietnam.com\/index.php\/wp-json\/wp\/v2\/media\/3781"}],"wp:attachment":[{"href":"https:\/\/omanivietnam.com\/index.php\/wp-json\/wp\/v2\/media?parent=3780"}],"wp:term":[{"taxonomy":"product_cat","embeddable":true,"href":"https:\/\/omanivietnam.com\/index.php\/wp-json\/wp\/v2\/product_cat?post=3780"},{"taxonomy":"product_tag","embeddable":true,"href":"https:\/\/omanivietnam.com\/index.php\/wp-json\/wp\/v2\/product_tag?post=3780"}],"curies":[{"name":"wp","href":"https:\/\/api.w.org\/{rel}","templated":true}]}}