{"id":3786,"date":"2025-05-16T22:39:06","date_gmt":"2025-05-16T15:39:06","guid":{"rendered":"https:\/\/omanivietnam.com\/?post_type=product&#038;p=3786"},"modified":"2025-05-16T22:39:07","modified_gmt":"2025-05-16T15:39:07","slug":"panasonic-eq-34-pn-j","status":"publish","type":"product","link":"https:\/\/omanivietnam.com\/index.php\/san-pham\/panasonic-eq-34-pn-j\/","title":{"rendered":"PANASONIC EQ-34-PN-J"},"content":{"rendered":"<p>PANASONIC EQ-34-PN-J<\/p>\n<p><strong>M\u1ed9t s\u1ed1 model s\u1ea3n ph\u1ea9m kh\u00e1c :<\/strong><\/p>\n<p>EQ-501T,<\/p>\n<p>EQ-34-PN-J,<\/p>\n<p>EQ-34,<\/p>\n<p>EQ-502,<\/p>\n<p>EQ-501<\/p>\n<table class=\"el_parts_table el_parts_table-column2\">\n<thead>\n<tr>\n<th>Item<\/th>\n<th>Specifications<\/th>\n<\/tr>\n<\/thead>\n<tbody>\n<tr>\n<th>Product Number<\/th>\n<td>EQ-34-PN-J<\/td>\n<\/tr>\n<tr>\n<th>Part Number<\/th>\n<td>EQ-34-PN-J<\/td>\n<\/tr>\n<tr>\n<th>Products Name<\/th>\n<td>Adjustable Range Reflective Photoelectric Sensor<\/td>\n<\/tr>\n<tr>\n<th>Product details<\/th>\n<td>PNP output<\/td>\n<\/tr>\n<tr>\n<th>The price of the product<\/th>\n<td>Please contact our office<\/td>\n<\/tr>\n<tr>\n<th>Adjustable range<\/th>\n<td>0.2 to 2 m\u00a0<span class=\"inch\">0.656 to 6.562 ft<\/span><br \/>\n(Note) The adjustable range stands for the maximum sensing range which can be set with the adjuster.<br \/>\nThe sensor can detect an object 0.1 m\u00a0<span class=\"inch\">0.328 ft<\/span>, or more, away.<\/td>\n<\/tr>\n<tr>\n<th>Sensing range(with white non-glossy paper at setting distance 2 m 6.562 ft)<\/th>\n<td>0.1 to 2 m\u00a0<span class=\"inch\">0.328 to 6.562 ft<\/span><\/td>\n<\/tr>\n<tr>\n<th>Hysteresis<\/th>\n<td>10 % or less of operation distance (With white non-glossy paper)<\/td>\n<\/tr>\n<tr>\n<th>Repeatability<\/th>\n<td>Along sensing axis: 10 mm\u00a0<span class=\"inch\">0.394 in<\/span>\u00a0or less, Perpendicular to sensing axis: 1 mm\u00a0<span class=\"inch\">0.039 in<\/span>\u00a0or less (with white non-glossy paper)<\/td>\n<\/tr>\n<tr>\n<th>Supply voltage<\/th>\n<td>10 to 30 V DC Ripple P-P 10 % or less<\/td>\n<\/tr>\n<tr>\n<th>Current consumption<\/th>\n<td>55 mA or less<\/td>\n<\/tr>\n<tr>\n<th>Output<\/th>\n<td>PNP open-collector transistor<br \/>\n&#8211; Maximum source current: 100 mA<br \/>\n&#8211; Applied voltage: 30 V DC or less (between output and + V)<br \/>\n&#8211; Residual voltage: 1 V or less (at 100 mA source current), 0.4 V or less (at 16 mA source current)<\/td>\n<\/tr>\n<tr>\n<th>Output:Utilization category<\/th>\n<td>DC-12 or DC-13<\/td>\n<\/tr>\n<tr>\n<th>Output:Output operation<\/th>\n<td>Switchable either Detection-ON or Detection-OFF<\/td>\n<\/tr>\n<tr>\n<th>Output:Short-circuit protection<\/th>\n<td>Incorporated<\/td>\n<\/tr>\n<tr>\n<th>Response time<\/th>\n<td>2 ms or less<\/td>\n<\/tr>\n<tr>\n<th>Operation indicator<\/th>\n<td>Red LED (lights up when the output is ON)<\/td>\n<\/tr>\n<tr>\n<th>Stability indicator<\/th>\n<td>Green LED (lights up under stable light received condition or stable dark condition)<\/td>\n<\/tr>\n<tr>\n<th>Distance adjuster<\/th>\n<td>2-turn mechanical adjuster with pointer<\/td>\n<\/tr>\n<tr>\n<th>Automatic Interference prevention function<\/th>\n<td>Incorporated<br \/>\n(Note) Detection may become unstable depending on the setting conditions or the sensing objects. After setting up this product, make sure to check operations using actual sensing objects.<\/td>\n<\/tr>\n<tr>\n<th>Pollution degree<\/th>\n<td>3 (Industrial environment)<\/td>\n<\/tr>\n<tr>\n<th>Protection<\/th>\n<td>IP67 (IEC)<\/td>\n<\/tr>\n<tr>\n<th>Ambient temperature<\/th>\n<td>-20 to +55 \u2103\u00a0<span class=\"inch\">-4 to +131 \u2109<\/span>\u00a0(No dew condensation or icing allowed), Storage: -25 to +70 \u2103\u00a0<span class=\"inch\">-13 to +158 \u2109<\/span><\/td>\n<\/tr>\n<tr>\n<th>Ambient humidity<\/th>\n<td>35 to 85 % RH, Storage: 35 to 85 % RH<\/td>\n<\/tr>\n<tr>\n<th>Ambient illuminance<\/th>\n<td>Incandescent light: 3,000 \u2113x or less at the light-receiving face<\/td>\n<\/tr>\n<tr>\n<th>Voltage withstandability<\/th>\n<td>1,000 V AC for one min. between all supply terminals connected together and enclosure<\/td>\n<\/tr>\n<tr>\n<th>Insulation resistance<\/th>\n<td>20 MOhm , or more, with 250 V megger between all supply terminals connected together and enclosure<\/td>\n<\/tr>\n<tr>\n<th>Vibration resistance<\/th>\n<td>10 to 55 Hz frequency, 1.5 mm\u00a0<span class=\"inch\">0.059 in\u00a0<\/span>double amplitude (10 G max.) in X, Y and Z directions for two hours each<\/td>\n<\/tr>\n<tr>\n<th>Shock resistance<\/th>\n<td>500 m\/s<sup>2<\/sup>\u00a0acceleration (50 G approx.) in X, Y and Z directions three times each<\/td>\n<\/tr>\n<tr>\n<th>Emitting element<\/th>\n<td>Infrared LED (Peak emission wavelength: 880 nm\u00a0<span class=\"inch\">0.035 mil<\/span>, modulated)<\/td>\n<\/tr>\n<tr>\n<th>Material<\/th>\n<td>Enclosure: Polyalylate and Polyethylene terephthalate<br \/>\nLens: Polyalylate<\/td>\n<\/tr>\n<tr>\n<th>Cable<\/th>\n<td>0.3 mm<sup>2<\/sup>\u00a03-core cabtyre cable, 2 m\u00a0<span class=\"inch\">6.562 ft<\/span>\u00a0long<\/td>\n<\/tr>\n<tr>\n<th>Cable extension<\/th>\n<td>Extension up to total 100 m\u00a0<span class=\"inch\">328.084 ft<\/span>\u00a0is possible with 0.3 mm<sup>2<\/sup>, or more, cable.<\/td>\n<\/tr>\n<tr>\n<th>Weight<\/th>\n<td>Net weight: 150 g approx<br \/>\nGross weight: 200 g approx<\/td>\n<\/tr>\n<tr>\n<th>Accessory<\/th>\n<td>Adjusting screwdriver: 1 pc.<\/td>\n<\/tr>\n<\/tbody>\n<\/table>\n<p>&nbsp;<\/p>\n","protected":false},"excerpt":{"rendered":"<p>PANASONIC EQ-34-PN-J M\u1ed9t s\u1ed1 model s\u1ea3n ph\u1ea9m kh\u00e1c : EQ-501T, EQ-34-PN-J, EQ-34, EQ-502, EQ-501 Item Specifications Product Number EQ-34-PN-J Part Number EQ-34-PN-J Products Name Adjustable Range Reflective Photoelectric Sensor Product details PNP output The price of the product Please contact our office Adjustable range 0.2 to 2 m\u00a00.656 to 6.562&hellip; <\/p>\n","protected":false},"featured_media":3787,"comment_status":"open","ping_status":"closed","template":"","meta":[],"product_cat":[298],"product_tag":[88,86,87],"class_list":{"0":"post-3786","1":"product","2":"type-product","3":"status-publish","4":"has-post-thumbnail","6":"product_cat-panasonic","7":"product_tag-cam-bien","8":"product_tag-dai-ly-panasonic-viet-nam","9":"product_tag-panasonic-viet-nam","11":"first","12":"instock","13":"shipping-taxable","14":"product-type-simple"},"yoast_head":"<!-- This site is optimized with the Yoast SEO plugin v22.8 - https:\/\/yoast.com\/wordpress\/plugins\/seo\/ -->\n<title>PANASONIC EQ-34-PN-J - OMANI VI\u1ec6T NAM<\/title>\n<meta name=\"description\" content=\"PANASONIC EQ-34-PN-J Photoelectric Sensor\" \/>\n<meta name=\"robots\" content=\"index, follow, max-snippet:-1, max-image-preview:large, max-video-preview:-1\" \/>\n<link rel=\"canonical\" href=\"https:\/\/omanivietnam.com\/index.php\/san-pham\/panasonic-eq-34-pn-j\/\" \/>\n<meta property=\"og:locale\" content=\"vi_VN\" \/>\n<meta property=\"og:type\" content=\"article\" \/>\n<meta property=\"og:title\" content=\"PANASONIC EQ-34-PN-J - OMANI VI\u1ec6T NAM\" \/>\n<meta property=\"og:description\" content=\"PANASONIC EQ-34-PN-J Photoelectric Sensor\" \/>\n<meta property=\"og:url\" content=\"https:\/\/omanivietnam.com\/index.php\/san-pham\/panasonic-eq-34-pn-j\/\" \/>\n<meta property=\"og:site_name\" content=\"OMANI VI\u1ec6T NAM\" \/>\n<meta property=\"article:modified_time\" content=\"2025-05-16T15:39:07+00:00\" \/>\n<meta property=\"og:image\" content=\"https:\/\/omanivietnam.com\/wp-content\/uploads\/2025\/05\/EQ-34-PN-J.png\" \/>\n\t<meta property=\"og:image:width\" content=\"698\" \/>\n\t<meta property=\"og:image:height\" content=\"651\" \/>\n\t<meta property=\"og:image:type\" content=\"image\/png\" \/>\n<meta name=\"twitter:card\" content=\"summary_large_image\" \/>\n<meta name=\"twitter:label1\" content=\"\u01af\u1edbc t\u00ednh th\u1eddi gian \u0111\u1ecdc\" \/>\n\t<meta name=\"twitter:data1\" content=\"3 ph\u00fat\" \/>\n<script type=\"application\/ld+json\" class=\"yoast-schema-graph\">{\"@context\":\"https:\/\/schema.org\",\"@graph\":[{\"@type\":\"WebPage\",\"@id\":\"https:\/\/omanivietnam.com\/index.php\/san-pham\/panasonic-eq-34-pn-j\/\",\"url\":\"https:\/\/omanivietnam.com\/index.php\/san-pham\/panasonic-eq-34-pn-j\/\",\"name\":\"PANASONIC EQ-34-PN-J - OMANI VI\u1ec6T NAM\",\"isPartOf\":{\"@id\":\"https:\/\/omanivietnam.com\/#website\"},\"primaryImageOfPage\":{\"@id\":\"https:\/\/omanivietnam.com\/index.php\/san-pham\/panasonic-eq-34-pn-j\/#primaryimage\"},\"image\":{\"@id\":\"https:\/\/omanivietnam.com\/index.php\/san-pham\/panasonic-eq-34-pn-j\/#primaryimage\"},\"thumbnailUrl\":\"https:\/\/omanivietnam.com\/wp-content\/uploads\/2025\/05\/EQ-34-PN-J.png\",\"datePublished\":\"2025-05-16T15:39:06+00:00\",\"dateModified\":\"2025-05-16T15:39:07+00:00\",\"description\":\"PANASONIC EQ-34-PN-J Photoelectric Sensor\",\"breadcrumb\":{\"@id\":\"https:\/\/omanivietnam.com\/index.php\/san-pham\/panasonic-eq-34-pn-j\/#breadcrumb\"},\"inLanguage\":\"vi\",\"potentialAction\":[{\"@type\":\"ReadAction\",\"target\":[\"https:\/\/omanivietnam.com\/index.php\/san-pham\/panasonic-eq-34-pn-j\/\"]}]},{\"@type\":\"ImageObject\",\"inLanguage\":\"vi\",\"@id\":\"https:\/\/omanivietnam.com\/index.php\/san-pham\/panasonic-eq-34-pn-j\/#primaryimage\",\"url\":\"https:\/\/omanivietnam.com\/wp-content\/uploads\/2025\/05\/EQ-34-PN-J.png\",\"contentUrl\":\"https:\/\/omanivietnam.com\/wp-content\/uploads\/2025\/05\/EQ-34-PN-J.png\",\"width\":698,\"height\":651},{\"@type\":\"BreadcrumbList\",\"@id\":\"https:\/\/omanivietnam.com\/index.php\/san-pham\/panasonic-eq-34-pn-j\/#breadcrumb\",\"itemListElement\":[{\"@type\":\"ListItem\",\"position\":1,\"name\":\"Home\",\"item\":\"https:\/\/omanivietnam.com\/\"},{\"@type\":\"ListItem\",\"position\":2,\"name\":\"S\u1ea2N PH\u1ea8M\",\"item\":\"https:\/\/omanivietnam.com\/index.php\/cua-hang\/\"},{\"@type\":\"ListItem\",\"position\":3,\"name\":\"PANASONIC EQ-34-PN-J\"}]},{\"@type\":\"WebSite\",\"@id\":\"https:\/\/omanivietnam.com\/#website\",\"url\":\"https:\/\/omanivietnam.com\/\",\"name\":\"OMANI VI\u1ec6T NAM\",\"description\":\"Nh\u00e0 ph\u00e2n ph\u1ed1i thi\u1ebft b\u1ecb kh\u00ed n\u00e9n v\u00e0 thi\u1ebft b\u1ecb t\u1ef1 \u0111\u1ed9ng h\u00f3a trong c\u00f4ng nghi\u1ec7p\",\"publisher\":{\"@id\":\"https:\/\/omanivietnam.com\/#\/schema\/person\/0ad398a980dc3fd696111c2c5c8fa897\"},\"potentialAction\":[{\"@type\":\"SearchAction\",\"target\":{\"@type\":\"EntryPoint\",\"urlTemplate\":\"https:\/\/omanivietnam.com\/?s={search_term_string}\"},\"query-input\":\"required name=search_term_string\"}],\"inLanguage\":\"vi\"},{\"@type\":[\"Person\",\"Organization\"],\"@id\":\"https:\/\/omanivietnam.com\/#\/schema\/person\/0ad398a980dc3fd696111c2c5c8fa897\",\"name\":\"Nguy\u1ec5n V\u0103n Kh\u00e1nh\",\"image\":{\"@type\":\"ImageObject\",\"inLanguage\":\"vi\",\"@id\":\"https:\/\/omanivietnam.com\/#\/schema\/person\/image\/\",\"url\":\"https:\/\/omanivietnam.com\/wp-content\/uploads\/2024\/06\/logo-1024x1024.png\",\"contentUrl\":\"https:\/\/omanivietnam.com\/wp-content\/uploads\/2024\/06\/logo-1024x1024.png\",\"width\":1024,\"height\":1024,\"caption\":\"Nguy\u1ec5n V\u0103n Kh\u00e1nh\"},\"logo\":{\"@id\":\"https:\/\/omanivietnam.com\/#\/schema\/person\/image\/\"},\"sameAs\":[\"https:\/\/omanivietnam.com\"]}]}<\/script>\n<!-- \/ Yoast SEO plugin. -->","yoast_head_json":{"title":"PANASONIC EQ-34-PN-J - OMANI VI\u1ec6T NAM","description":"PANASONIC EQ-34-PN-J Photoelectric Sensor","robots":{"index":"index","follow":"follow","max-snippet":"max-snippet:-1","max-image-preview":"max-image-preview:large","max-video-preview":"max-video-preview:-1"},"canonical":"https:\/\/omanivietnam.com\/index.php\/san-pham\/panasonic-eq-34-pn-j\/","og_locale":"vi_VN","og_type":"article","og_title":"PANASONIC EQ-34-PN-J - OMANI VI\u1ec6T NAM","og_description":"PANASONIC EQ-34-PN-J Photoelectric Sensor","og_url":"https:\/\/omanivietnam.com\/index.php\/san-pham\/panasonic-eq-34-pn-j\/","og_site_name":"OMANI VI\u1ec6T NAM","article_modified_time":"2025-05-16T15:39:07+00:00","og_image":[{"width":698,"height":651,"url":"https:\/\/omanivietnam.com\/wp-content\/uploads\/2025\/05\/EQ-34-PN-J.png","type":"image\/png"}],"twitter_card":"summary_large_image","twitter_misc":{"\u01af\u1edbc t\u00ednh th\u1eddi gian \u0111\u1ecdc":"3 ph\u00fat"},"schema":{"@context":"https:\/\/schema.org","@graph":[{"@type":"WebPage","@id":"https:\/\/omanivietnam.com\/index.php\/san-pham\/panasonic-eq-34-pn-j\/","url":"https:\/\/omanivietnam.com\/index.php\/san-pham\/panasonic-eq-34-pn-j\/","name":"PANASONIC EQ-34-PN-J - OMANI VI\u1ec6T NAM","isPartOf":{"@id":"https:\/\/omanivietnam.com\/#website"},"primaryImageOfPage":{"@id":"https:\/\/omanivietnam.com\/index.php\/san-pham\/panasonic-eq-34-pn-j\/#primaryimage"},"image":{"@id":"https:\/\/omanivietnam.com\/index.php\/san-pham\/panasonic-eq-34-pn-j\/#primaryimage"},"thumbnailUrl":"https:\/\/omanivietnam.com\/wp-content\/uploads\/2025\/05\/EQ-34-PN-J.png","datePublished":"2025-05-16T15:39:06+00:00","dateModified":"2025-05-16T15:39:07+00:00","description":"PANASONIC EQ-34-PN-J Photoelectric Sensor","breadcrumb":{"@id":"https:\/\/omanivietnam.com\/index.php\/san-pham\/panasonic-eq-34-pn-j\/#breadcrumb"},"inLanguage":"vi","potentialAction":[{"@type":"ReadAction","target":["https:\/\/omanivietnam.com\/index.php\/san-pham\/panasonic-eq-34-pn-j\/"]}]},{"@type":"ImageObject","inLanguage":"vi","@id":"https:\/\/omanivietnam.com\/index.php\/san-pham\/panasonic-eq-34-pn-j\/#primaryimage","url":"https:\/\/omanivietnam.com\/wp-content\/uploads\/2025\/05\/EQ-34-PN-J.png","contentUrl":"https:\/\/omanivietnam.com\/wp-content\/uploads\/2025\/05\/EQ-34-PN-J.png","width":698,"height":651},{"@type":"BreadcrumbList","@id":"https:\/\/omanivietnam.com\/index.php\/san-pham\/panasonic-eq-34-pn-j\/#breadcrumb","itemListElement":[{"@type":"ListItem","position":1,"name":"Home","item":"https:\/\/omanivietnam.com\/"},{"@type":"ListItem","position":2,"name":"S\u1ea2N PH\u1ea8M","item":"https:\/\/omanivietnam.com\/index.php\/cua-hang\/"},{"@type":"ListItem","position":3,"name":"PANASONIC EQ-34-PN-J"}]},{"@type":"WebSite","@id":"https:\/\/omanivietnam.com\/#website","url":"https:\/\/omanivietnam.com\/","name":"OMANI VI\u1ec6T NAM","description":"Nh\u00e0 ph\u00e2n ph\u1ed1i thi\u1ebft b\u1ecb kh\u00ed n\u00e9n v\u00e0 thi\u1ebft b\u1ecb t\u1ef1 \u0111\u1ed9ng h\u00f3a trong c\u00f4ng nghi\u1ec7p","publisher":{"@id":"https:\/\/omanivietnam.com\/#\/schema\/person\/0ad398a980dc3fd696111c2c5c8fa897"},"potentialAction":[{"@type":"SearchAction","target":{"@type":"EntryPoint","urlTemplate":"https:\/\/omanivietnam.com\/?s={search_term_string}"},"query-input":"required name=search_term_string"}],"inLanguage":"vi"},{"@type":["Person","Organization"],"@id":"https:\/\/omanivietnam.com\/#\/schema\/person\/0ad398a980dc3fd696111c2c5c8fa897","name":"Nguy\u1ec5n V\u0103n Kh\u00e1nh","image":{"@type":"ImageObject","inLanguage":"vi","@id":"https:\/\/omanivietnam.com\/#\/schema\/person\/image\/","url":"https:\/\/omanivietnam.com\/wp-content\/uploads\/2024\/06\/logo-1024x1024.png","contentUrl":"https:\/\/omanivietnam.com\/wp-content\/uploads\/2024\/06\/logo-1024x1024.png","width":1024,"height":1024,"caption":"Nguy\u1ec5n V\u0103n Kh\u00e1nh"},"logo":{"@id":"https:\/\/omanivietnam.com\/#\/schema\/person\/image\/"},"sameAs":["https:\/\/omanivietnam.com"]}]}},"_links":{"self":[{"href":"https:\/\/omanivietnam.com\/index.php\/wp-json\/wp\/v2\/product\/3786","targetHints":{"allow":["GET"]}}],"collection":[{"href":"https:\/\/omanivietnam.com\/index.php\/wp-json\/wp\/v2\/product"}],"about":[{"href":"https:\/\/omanivietnam.com\/index.php\/wp-json\/wp\/v2\/types\/product"}],"replies":[{"embeddable":true,"href":"https:\/\/omanivietnam.com\/index.php\/wp-json\/wp\/v2\/comments?post=3786"}],"wp:featuredmedia":[{"embeddable":true,"href":"https:\/\/omanivietnam.com\/index.php\/wp-json\/wp\/v2\/media\/3787"}],"wp:attachment":[{"href":"https:\/\/omanivietnam.com\/index.php\/wp-json\/wp\/v2\/media?parent=3786"}],"wp:term":[{"taxonomy":"product_cat","embeddable":true,"href":"https:\/\/omanivietnam.com\/index.php\/wp-json\/wp\/v2\/product_cat?post=3786"},{"taxonomy":"product_tag","embeddable":true,"href":"https:\/\/omanivietnam.com\/index.php\/wp-json\/wp\/v2\/product_tag?post=3786"}],"curies":[{"name":"wp","href":"https:\/\/api.w.org\/{rel}","templated":true}]}}