{"id":3795,"date":"2025-05-19T20:47:46","date_gmt":"2025-05-19T13:47:46","guid":{"rendered":"https:\/\/omanivietnam.com\/?post_type=product&#038;p=3795"},"modified":"2025-05-19T20:47:46","modified_gmt":"2025-05-19T13:47:46","slug":"smc-kqg2h09-n02s","status":"publish","type":"product","link":"https:\/\/omanivietnam.com\/index.php\/san-pham\/smc-kqg2h09-n02s\/","title":{"rendered":"SMC KQG2H09-N02S"},"content":{"rendered":"<p>SMC KQG2H09-N02S<\/p>\n<p>SMC KQG2H11-N04S<\/p>\n<p>SMC KQG2L11-N04S<\/p>\n<div class=\"m-h1Wrap m-adaptive-product__titleWrap\">\n<p class=\"m-h1 m-adaptive-product__title\">Stainless Steel 316 Fittings &#8211; KQG2 Series Push to Connect Fittings (KQG2H09-N02S)<\/p>\n<\/div>\n<p class=\"m-adaptive-product__subtitle\">Straight, Thread Sealant, Male NPT\/UNF\/BSPT\/Metric Thread to Metric\/Inch Tube, SS316, KQG2 Series<\/p>\n<div class=\"m-adaptive-product__partNumber\" data-complex-partnumber=\"\">\n<div class=\"m-adaptive-partNumber\"><span class=\"m-adaptive-partNumber__title\">Part Number:<\/span>\u00a0<span id=\"ProductCode\" class=\"m-adaptive-partNumber__code\" title=\"KQG2H09-N02S\">KQG2H09-N02S<\/span><\/div>\n<\/div>\n<div class=\"m-adaptive-product__description m-collapsed-text m-collapsed-text--collapsed\" data-maxheight=\"63\" data-controller=\"CollapsedText\">\n<p class=\"mc-text catch_copy\">SMC One-Touch fitting.<br \/>\nFeatures<br \/>\n\u00b7 Compact with reduced weight.<br \/>\n\u00b7 Non-grease.<br \/>\n\u00b7 Can be used with steam.<br \/>\n\u00b7 Metal part: SUS316, Seal part: special FKM.<br \/>\n\u00b7 Operating fluid temperature: -5 to +150\u00b0C<br \/>\n\u00b7 Conforms to the Food Sanitation Act of Japan. (Part materials conform to the tool and packaging container standards test.)<br \/>\nApplications<br \/>\n\u00b7 Used for piping in one direction from a female thread.<\/p>\n<\/div>\n<table class=\"m-listTable m-listTable--adaptive\" summary=\"Price, Spec., etc.\">\n<tbody>\n<tr>\n<th>ype<\/th>\n<td>[Fitting] One-Touch \/ Screw<\/td>\n<th>Fitting Type<\/th>\n<td>Screw Mount Direction<\/td>\n<\/tr>\n<tr>\n<th>Tube Size 1(\u03c6)<\/th>\n<td>5\/16&#8243;<\/td>\n<th>Threaded Adapter Shape<\/th>\n<td>[Male Straight] Union<\/td>\n<\/tr>\n<tr>\n<th>Body Material<\/th>\n<td>316 Stainless Steel<\/td>\n<th>Application<\/th>\n<td>Standard<\/td>\n<\/tr>\n<tr>\n<th>Thread Portion Material<\/th>\n<td>316 Stainless Steel<\/td>\n<th>Seal\/O-Ring Material<\/th>\n<td>[Fluororubber] Special FKM (Fluorine Coated)<\/td>\n<\/tr>\n<tr>\n<th>Compatible Fluid<\/th>\n<td>Water \/ Air<\/td>\n<th>Type Of Connection<\/th>\n<td>NPT<\/td>\n<\/tr>\n<tr>\n<th>Connection Screw<\/th>\n<td>1\/4&#8243;<\/td>\n<th>Number of Connection Tubes(piece)<\/th>\n<td>1<\/td>\n<\/tr>\n<tr class=\"VN_table-row\">\n<th>Color<\/th>\n<td>White<\/td>\n<th>Specification<\/th>\n<td>With Thread Sealant<\/td>\n<\/tr>\n<tr class=\"VN_table-row\">\n<th>Release button shape<\/th>\n<td>Circle<\/td>\n<th>Release button color<\/th>\n<td>Metal<\/td>\n<\/tr>\n<tr class=\"VN_table-row\">\n<th>Custom-made specifications<\/th>\n<td>None<\/td>\n<th>&#8211;<\/th>\n<td>&#8211;<\/td>\n<\/tr>\n<\/tbody>\n<\/table>\n<p>C\u00e1c m\u00e3 h\u00e0ng t\u01b0\u01a1ng t\u1ef1<\/p>\n<div id=\"col-1362722475\" class=\"col medium-1\/3 large-4\">\n<div class=\"col-inner\">KQG2H01-32<br \/>\nKQG2H01-N01S<br \/>\nKQG2H01-N02S<br \/>\nKQG2H03-32<br \/>\nKQG2H03-N01S<br \/>\nKQG2H03-N02S<br \/>\nKQG2H04-01<br \/>\nKQG2H04-01S<br \/>\nKQG2H04-02S<br \/>\nKQG2H04-M5<br \/>\nKQG2H06-01<br \/>\nKQG2H06-01S<br \/>\nKQG2H06-02<br \/>\nKQG2H06-02S<br \/>\nKQG2H06-03S<br \/>\nKQG2H06-M5<br \/>\nKQG2H07-32<br \/>\nKQG2H07-N01S<br \/>\nKQG2H07-N02<\/div>\n<\/div>\n<div id=\"col-1540600144\" class=\"col medium-1\/3 large-4\">\n<div class=\"col-inner\">KQG2H07-N02S<br \/>\nKQG2H07-N03S<br \/>\nKQG2H08-01<br \/>\nKQG2H08-01S<br \/>\nKQG2H08-02<br \/>\nKQG2H08-02S<br \/>\nKQG2H08-03<br \/>\nKQG2H08-03S<br \/>\nKQG2H09-N01S<br \/>\nKQG2H09-N02S<br \/>\nKQG2H09-N03S<br \/>\nKQG2H10-01<br \/>\nKQG2H10-01S<br \/>\nKQG2H10-02<br \/>\nKQG2H10-02S<br \/>\nKQG2H10-03S<br \/>\nKQG2H10-04<br \/>\nKQG2H10-04S<br \/>\nKQG2H11-N01S<\/div>\n<\/div>\n<div id=\"col-1145732307\" class=\"col medium-1\/3 large-4\">\n<div class=\"col-inner\">KQG2H11-N02S<br \/>\nKQG2H11-N03S<br \/>\nKQG2H11-N04S<br \/>\nKQG2H12-02S<br \/>\nKQG2H12-03<br \/>\nKQG2H12-03S<br \/>\nKQG2H12-04<br \/>\nKQG2H12-04S<br \/>\nKQG2H13-N02S<br \/>\nKQG2H13-N03S<br \/>\nKQG2H13-N04S<br \/>\nKQG2H16-03S<br \/>\nKQG2H16-04<br \/>\nKQG2H16-04S<br \/>\nKQG2H23-01S<br \/>\nKQG2H23-02S<br \/>\nKQG2H23-M5<\/div>\n<\/div>\n","protected":false},"excerpt":{"rendered":"<p>SMC KQG2H09-N02S SMC KQG2H11-N04S SMC KQG2L11-N04S Stainless Steel 316 Fittings &#8211; KQG2 Series Push to Connect Fittings (KQG2H09-N02S) Straight, Thread Sealant, Male NPT\/UNF\/BSPT\/Metric Thread to Metric\/Inch Tube, SS316, KQG2 Series Part Number:\u00a0KQG2H09-N02S SMC One-Touch fitting. Features \u00b7 Compact with reduced weight. \u00b7 Non-grease. \u00b7 Can be used with steam. \u00b7&hellip; <\/p>\n","protected":false},"featured_media":3796,"comment_status":"open","ping_status":"closed","template":"","meta":[],"product_cat":[283],"product_tag":[93,389,92],"class_list":{"0":"post-3795","1":"product","2":"type-product","3":"status-publish","4":"has-post-thumbnail","6":"product_cat-smc","7":"product_tag-dai-ly-smc-viet-nam","8":"product_tag-dau-noi-ong","9":"product_tag-smc-viet-nam","11":"first","12":"instock","13":"shipping-taxable","14":"product-type-simple"},"yoast_head":"<!-- This site is optimized with the Yoast SEO plugin v22.8 - https:\/\/yoast.com\/wordpress\/plugins\/seo\/ -->\n<title>SMC KQG2H09-N02S - OMANI VI\u1ec6T NAM<\/title>\n<meta name=\"description\" content=\"SMC KQG2H09-N02S Stainless Steel 316 Fittings\" \/>\n<meta name=\"robots\" content=\"index, follow, max-snippet:-1, max-image-preview:large, max-video-preview:-1\" \/>\n<link rel=\"canonical\" href=\"https:\/\/omanivietnam.com\/index.php\/san-pham\/smc-kqg2h09-n02s\/\" \/>\n<meta property=\"og:locale\" content=\"vi_VN\" \/>\n<meta property=\"og:type\" content=\"article\" \/>\n<meta property=\"og:title\" content=\"SMC KQG2H09-N02S - OMANI VI\u1ec6T NAM\" \/>\n<meta property=\"og:description\" content=\"SMC KQG2H09-N02S Stainless Steel 316 Fittings\" \/>\n<meta property=\"og:url\" content=\"https:\/\/omanivietnam.com\/index.php\/san-pham\/smc-kqg2h09-n02s\/\" \/>\n<meta property=\"og:site_name\" content=\"OMANI VI\u1ec6T NAM\" \/>\n<meta property=\"og:image\" content=\"https:\/\/omanivietnam.com\/wp-content\/uploads\/2025\/05\/KQG2H09-N02S.png\" \/>\n\t<meta property=\"og:image:width\" content=\"577\" \/>\n\t<meta property=\"og:image:height\" content=\"391\" \/>\n\t<meta property=\"og:image:type\" content=\"image\/png\" \/>\n<meta name=\"twitter:card\" content=\"summary_large_image\" \/>\n<meta name=\"twitter:label1\" content=\"\u01af\u1edbc t\u00ednh th\u1eddi gian \u0111\u1ecdc\" \/>\n\t<meta name=\"twitter:data1\" content=\"2 ph\u00fat\" \/>\n<script type=\"application\/ld+json\" class=\"yoast-schema-graph\">{\"@context\":\"https:\/\/schema.org\",\"@graph\":[{\"@type\":\"WebPage\",\"@id\":\"https:\/\/omanivietnam.com\/index.php\/san-pham\/smc-kqg2h09-n02s\/\",\"url\":\"https:\/\/omanivietnam.com\/index.php\/san-pham\/smc-kqg2h09-n02s\/\",\"name\":\"SMC KQG2H09-N02S - OMANI VI\u1ec6T NAM\",\"isPartOf\":{\"@id\":\"https:\/\/omanivietnam.com\/#website\"},\"primaryImageOfPage\":{\"@id\":\"https:\/\/omanivietnam.com\/index.php\/san-pham\/smc-kqg2h09-n02s\/#primaryimage\"},\"image\":{\"@id\":\"https:\/\/omanivietnam.com\/index.php\/san-pham\/smc-kqg2h09-n02s\/#primaryimage\"},\"thumbnailUrl\":\"https:\/\/omanivietnam.com\/wp-content\/uploads\/2025\/05\/KQG2H09-N02S.png\",\"datePublished\":\"2025-05-19T13:47:46+00:00\",\"dateModified\":\"2025-05-19T13:47:46+00:00\",\"description\":\"SMC KQG2H09-N02S Stainless Steel 316 Fittings\",\"breadcrumb\":{\"@id\":\"https:\/\/omanivietnam.com\/index.php\/san-pham\/smc-kqg2h09-n02s\/#breadcrumb\"},\"inLanguage\":\"vi\",\"potentialAction\":[{\"@type\":\"ReadAction\",\"target\":[\"https:\/\/omanivietnam.com\/index.php\/san-pham\/smc-kqg2h09-n02s\/\"]}]},{\"@type\":\"ImageObject\",\"inLanguage\":\"vi\",\"@id\":\"https:\/\/omanivietnam.com\/index.php\/san-pham\/smc-kqg2h09-n02s\/#primaryimage\",\"url\":\"https:\/\/omanivietnam.com\/wp-content\/uploads\/2025\/05\/KQG2H09-N02S.png\",\"contentUrl\":\"https:\/\/omanivietnam.com\/wp-content\/uploads\/2025\/05\/KQG2H09-N02S.png\",\"width\":577,\"height\":391},{\"@type\":\"BreadcrumbList\",\"@id\":\"https:\/\/omanivietnam.com\/index.php\/san-pham\/smc-kqg2h09-n02s\/#breadcrumb\",\"itemListElement\":[{\"@type\":\"ListItem\",\"position\":1,\"name\":\"Home\",\"item\":\"https:\/\/omanivietnam.com\/\"},{\"@type\":\"ListItem\",\"position\":2,\"name\":\"S\u1ea2N PH\u1ea8M\",\"item\":\"https:\/\/omanivietnam.com\/index.php\/cua-hang\/\"},{\"@type\":\"ListItem\",\"position\":3,\"name\":\"SMC KQG2H09-N02S\"}]},{\"@type\":\"WebSite\",\"@id\":\"https:\/\/omanivietnam.com\/#website\",\"url\":\"https:\/\/omanivietnam.com\/\",\"name\":\"OMANI VI\u1ec6T NAM\",\"description\":\"Nh\u00e0 ph\u00e2n ph\u1ed1i thi\u1ebft b\u1ecb kh\u00ed n\u00e9n v\u00e0 thi\u1ebft b\u1ecb t\u1ef1 \u0111\u1ed9ng h\u00f3a trong c\u00f4ng nghi\u1ec7p\",\"publisher\":{\"@id\":\"https:\/\/omanivietnam.com\/#\/schema\/person\/0ad398a980dc3fd696111c2c5c8fa897\"},\"potentialAction\":[{\"@type\":\"SearchAction\",\"target\":{\"@type\":\"EntryPoint\",\"urlTemplate\":\"https:\/\/omanivietnam.com\/?s={search_term_string}\"},\"query-input\":\"required name=search_term_string\"}],\"inLanguage\":\"vi\"},{\"@type\":[\"Person\",\"Organization\"],\"@id\":\"https:\/\/omanivietnam.com\/#\/schema\/person\/0ad398a980dc3fd696111c2c5c8fa897\",\"name\":\"Nguy\u1ec5n V\u0103n Kh\u00e1nh\",\"image\":{\"@type\":\"ImageObject\",\"inLanguage\":\"vi\",\"@id\":\"https:\/\/omanivietnam.com\/#\/schema\/person\/image\/\",\"url\":\"https:\/\/omanivietnam.com\/wp-content\/uploads\/2024\/06\/logo-1024x1024.png\",\"contentUrl\":\"https:\/\/omanivietnam.com\/wp-content\/uploads\/2024\/06\/logo-1024x1024.png\",\"width\":1024,\"height\":1024,\"caption\":\"Nguy\u1ec5n V\u0103n Kh\u00e1nh\"},\"logo\":{\"@id\":\"https:\/\/omanivietnam.com\/#\/schema\/person\/image\/\"},\"sameAs\":[\"https:\/\/omanivietnam.com\"]}]}<\/script>\n<!-- \/ Yoast SEO plugin. -->","yoast_head_json":{"title":"SMC KQG2H09-N02S - OMANI VI\u1ec6T NAM","description":"SMC KQG2H09-N02S Stainless Steel 316 Fittings","robots":{"index":"index","follow":"follow","max-snippet":"max-snippet:-1","max-image-preview":"max-image-preview:large","max-video-preview":"max-video-preview:-1"},"canonical":"https:\/\/omanivietnam.com\/index.php\/san-pham\/smc-kqg2h09-n02s\/","og_locale":"vi_VN","og_type":"article","og_title":"SMC KQG2H09-N02S - OMANI VI\u1ec6T NAM","og_description":"SMC KQG2H09-N02S Stainless Steel 316 Fittings","og_url":"https:\/\/omanivietnam.com\/index.php\/san-pham\/smc-kqg2h09-n02s\/","og_site_name":"OMANI VI\u1ec6T NAM","og_image":[{"width":577,"height":391,"url":"https:\/\/omanivietnam.com\/wp-content\/uploads\/2025\/05\/KQG2H09-N02S.png","type":"image\/png"}],"twitter_card":"summary_large_image","twitter_misc":{"\u01af\u1edbc t\u00ednh th\u1eddi gian \u0111\u1ecdc":"2 ph\u00fat"},"schema":{"@context":"https:\/\/schema.org","@graph":[{"@type":"WebPage","@id":"https:\/\/omanivietnam.com\/index.php\/san-pham\/smc-kqg2h09-n02s\/","url":"https:\/\/omanivietnam.com\/index.php\/san-pham\/smc-kqg2h09-n02s\/","name":"SMC KQG2H09-N02S - OMANI VI\u1ec6T NAM","isPartOf":{"@id":"https:\/\/omanivietnam.com\/#website"},"primaryImageOfPage":{"@id":"https:\/\/omanivietnam.com\/index.php\/san-pham\/smc-kqg2h09-n02s\/#primaryimage"},"image":{"@id":"https:\/\/omanivietnam.com\/index.php\/san-pham\/smc-kqg2h09-n02s\/#primaryimage"},"thumbnailUrl":"https:\/\/omanivietnam.com\/wp-content\/uploads\/2025\/05\/KQG2H09-N02S.png","datePublished":"2025-05-19T13:47:46+00:00","dateModified":"2025-05-19T13:47:46+00:00","description":"SMC KQG2H09-N02S Stainless Steel 316 Fittings","breadcrumb":{"@id":"https:\/\/omanivietnam.com\/index.php\/san-pham\/smc-kqg2h09-n02s\/#breadcrumb"},"inLanguage":"vi","potentialAction":[{"@type":"ReadAction","target":["https:\/\/omanivietnam.com\/index.php\/san-pham\/smc-kqg2h09-n02s\/"]}]},{"@type":"ImageObject","inLanguage":"vi","@id":"https:\/\/omanivietnam.com\/index.php\/san-pham\/smc-kqg2h09-n02s\/#primaryimage","url":"https:\/\/omanivietnam.com\/wp-content\/uploads\/2025\/05\/KQG2H09-N02S.png","contentUrl":"https:\/\/omanivietnam.com\/wp-content\/uploads\/2025\/05\/KQG2H09-N02S.png","width":577,"height":391},{"@type":"BreadcrumbList","@id":"https:\/\/omanivietnam.com\/index.php\/san-pham\/smc-kqg2h09-n02s\/#breadcrumb","itemListElement":[{"@type":"ListItem","position":1,"name":"Home","item":"https:\/\/omanivietnam.com\/"},{"@type":"ListItem","position":2,"name":"S\u1ea2N PH\u1ea8M","item":"https:\/\/omanivietnam.com\/index.php\/cua-hang\/"},{"@type":"ListItem","position":3,"name":"SMC KQG2H09-N02S"}]},{"@type":"WebSite","@id":"https:\/\/omanivietnam.com\/#website","url":"https:\/\/omanivietnam.com\/","name":"OMANI VI\u1ec6T NAM","description":"Nh\u00e0 ph\u00e2n ph\u1ed1i thi\u1ebft b\u1ecb kh\u00ed n\u00e9n v\u00e0 thi\u1ebft b\u1ecb t\u1ef1 \u0111\u1ed9ng h\u00f3a trong c\u00f4ng nghi\u1ec7p","publisher":{"@id":"https:\/\/omanivietnam.com\/#\/schema\/person\/0ad398a980dc3fd696111c2c5c8fa897"},"potentialAction":[{"@type":"SearchAction","target":{"@type":"EntryPoint","urlTemplate":"https:\/\/omanivietnam.com\/?s={search_term_string}"},"query-input":"required name=search_term_string"}],"inLanguage":"vi"},{"@type":["Person","Organization"],"@id":"https:\/\/omanivietnam.com\/#\/schema\/person\/0ad398a980dc3fd696111c2c5c8fa897","name":"Nguy\u1ec5n V\u0103n Kh\u00e1nh","image":{"@type":"ImageObject","inLanguage":"vi","@id":"https:\/\/omanivietnam.com\/#\/schema\/person\/image\/","url":"https:\/\/omanivietnam.com\/wp-content\/uploads\/2024\/06\/logo-1024x1024.png","contentUrl":"https:\/\/omanivietnam.com\/wp-content\/uploads\/2024\/06\/logo-1024x1024.png","width":1024,"height":1024,"caption":"Nguy\u1ec5n V\u0103n Kh\u00e1nh"},"logo":{"@id":"https:\/\/omanivietnam.com\/#\/schema\/person\/image\/"},"sameAs":["https:\/\/omanivietnam.com"]}]}},"_links":{"self":[{"href":"https:\/\/omanivietnam.com\/index.php\/wp-json\/wp\/v2\/product\/3795","targetHints":{"allow":["GET"]}}],"collection":[{"href":"https:\/\/omanivietnam.com\/index.php\/wp-json\/wp\/v2\/product"}],"about":[{"href":"https:\/\/omanivietnam.com\/index.php\/wp-json\/wp\/v2\/types\/product"}],"replies":[{"embeddable":true,"href":"https:\/\/omanivietnam.com\/index.php\/wp-json\/wp\/v2\/comments?post=3795"}],"wp:featuredmedia":[{"embeddable":true,"href":"https:\/\/omanivietnam.com\/index.php\/wp-json\/wp\/v2\/media\/3796"}],"wp:attachment":[{"href":"https:\/\/omanivietnam.com\/index.php\/wp-json\/wp\/v2\/media?parent=3795"}],"wp:term":[{"taxonomy":"product_cat","embeddable":true,"href":"https:\/\/omanivietnam.com\/index.php\/wp-json\/wp\/v2\/product_cat?post=3795"},{"taxonomy":"product_tag","embeddable":true,"href":"https:\/\/omanivietnam.com\/index.php\/wp-json\/wp\/v2\/product_tag?post=3795"}],"curies":[{"name":"wp","href":"https:\/\/api.w.org\/{rel}","templated":true}]}}