{"id":3799,"date":"2025-05-19T21:48:56","date_gmt":"2025-05-19T14:48:56","guid":{"rendered":"https:\/\/omanivietnam.com\/?post_type=product&#038;p=3799"},"modified":"2025-05-19T21:48:56","modified_gmt":"2025-05-19T14:48:56","slug":"puls-pic120-241c","status":"publish","type":"product","link":"https:\/\/omanivietnam.com\/index.php\/san-pham\/puls-pic120-241c\/","title":{"rendered":"PULS PIC120.241C"},"content":{"rendered":"<p>PULS PIC120.241C<\/p>\n<div class=\"product-title-wrap\">\n<p class=\"product-title\">PIC120.241C<\/p>\n<\/div>\n<div class=\"product-description\"><b>DIN rail power supplies for 1-phase system<br \/>\n24 V, 5 A<\/b>DC-OK relay contact<\/div>\n<div><\/div>\n<div>\n<div class=\"attr-tab-top\">\n<h2>Overview<\/h2>\n<\/div>\n<div class=\"attr-tab-content\">\n<table class=\"data table additional-attributes\">\n<tbody>\n<tr class=\"\">\n<th class=\"col label\" scope=\"row\">Dimensions (WxHxD)<\/th>\n<td class=\"col data\">39 mm x 124 mm x 124 mm<\/td>\n<\/tr>\n<tr class=\"\">\n<th class=\"col label\" scope=\"row\">Weight per unit (excl. packaging)<\/th>\n<td class=\"col data\">350 g<\/td>\n<\/tr>\n<tr class=\"\">\n<th class=\"col label\" scope=\"row\">Mounting method<\/th>\n<td class=\"col data\">DIN rail<\/td>\n<\/tr>\n<tr class=\"\">\n<th class=\"col label\" scope=\"row\">Connection method<\/th>\n<td class=\"col data\">Screw terminals<\/td>\n<\/tr>\n<tr class=\"tech-items\">\n<th class=\"col label\" scope=\"row\">Efficiency, typ.<\/th>\n<td class=\"col data\">90.5 %<\/td>\n<\/tr>\n<tr class=\"\">\n<th class=\"col label\" scope=\"row\">Power losses, typ.<\/th>\n<td class=\"col data\">12.6 W<\/td>\n<\/tr>\n<tr class=\"\">\n<th class=\"col label\" scope=\"row\">MTBF SN 29500 @ 40 \u00b0C (h)<\/th>\n<td class=\"col data\">1720000 h<\/td>\n<\/tr>\n<tr class=\"\">\n<th class=\"col label\" scope=\"row\">DC-OK signal<\/th>\n<td class=\"col data\">yes<\/td>\n<\/tr>\n<\/tbody>\n<\/table>\n<\/div>\n<\/div>\n<div><\/div>\n<div>\n<table class=\"data table additional-attributes\">\n<tbody>\n<tr class=\"\">\n<th class=\"col label\" scope=\"row\">DC output<\/th>\n<td class=\"col data\">24 &#8211; 28 Vdc<\/td>\n<\/tr>\n<tr class=\"\">\n<th class=\"col label\" scope=\"row\"><\/th>\n<td class=\"col data\">5 &#8211; 4.3 A<\/td>\n<\/tr>\n<tr class=\"\">\n<th class=\"col label\" scope=\"row\"><\/th>\n<td class=\"col data\">120 W<\/td>\n<\/tr>\n<tr class=\"\">\n<th class=\"col label\" scope=\"row\">Input<\/th>\n<td class=\"col data\">AC 200 &#8211; 240 V (\u00b1 10 %)<\/td>\n<\/tr>\n<tr class=\"\">\n<th class=\"col label\" scope=\"row\">Dimensions (WxHxD)<\/th>\n<td class=\"col data\">39 x 124 x 124 mm<\/td>\n<\/tr>\n<tr class=\"\">\n<th class=\"col label\" scope=\"row\">Weight<\/th>\n<td class=\"col data\">350 g<\/td>\n<\/tr>\n<\/tbody>\n<\/table>\n<\/div>\n<div class=\"attr-tab\">\n<div class=\"attr-tab-top\">\n<h2>Input data<\/h2>\n<\/div>\n<div class=\"attr-tab-content\">\n<table class=\"data table additional-attributes\">\n<tbody>\n<tr class=\"\">\n<th class=\"col label\" scope=\"row\">AC Input voltage<\/th>\n<td class=\"col data\">AC 200 &#8211; 240 V (\u00b1 10 %)<\/td>\n<\/tr>\n<tr class=\"\">\n<th class=\"col label\" scope=\"row\">Power factor<\/th>\n<td class=\"col data\">0.54<\/td>\n<\/tr>\n<tr class=\"\">\n<th class=\"col label\" scope=\"row\">Input inrush current limitation<\/th>\n<td class=\"col data\">NTC<\/td>\n<\/tr>\n<tr class=\"\">\n<th class=\"col label\" scope=\"row\">Input inrush current<\/th>\n<td class=\"col data\">28 A<\/td>\n<\/tr>\n<tr class=\"\">\n<th class=\"col label\" scope=\"row\">External input fuse recommendation<\/th>\n<td class=\"col data\">B-10 A \/ C-6 A<\/td>\n<\/tr>\n<\/tbody>\n<\/table>\n<\/div>\n<\/div>\n<div class=\"attr-tab\">\n<div class=\"attr-tab-top\">\n<h2>Output data<\/h2>\n<\/div>\n<div class=\"attr-tab-content\">\n<table class=\"data table additional-attributes\">\n<tbody>\n<tr class=\"\">\n<th class=\"col label\" scope=\"row\">Nominal voltage<\/th>\n<td class=\"col data\">24 Vdc<\/td>\n<\/tr>\n<tr class=\"\">\n<th class=\"col label\" scope=\"row\">Adjustment range<\/th>\n<td class=\"col data\">24 &#8211; 28 V<\/td>\n<\/tr>\n<tr class=\"\">\n<th class=\"col label\" scope=\"row\">Output current range<\/th>\n<td class=\"col data\">5 &#8211; 4.3 A<\/td>\n<\/tr>\n<tr class=\"\">\n<th class=\"col label\" scope=\"row\">Output current<\/th>\n<td class=\"col data\">4.3 A at 28 V<\/td>\n<\/tr>\n<tr class=\"\">\n<th class=\"col label\" scope=\"row\"><\/th>\n<td class=\"col data\">5 A at 24 V<\/td>\n<\/tr>\n<tr class=\"\">\n<th class=\"col label\" scope=\"row\">Output power<\/th>\n<td class=\"col data\">120 W<\/td>\n<\/tr>\n<tr class=\"\">\n<th class=\"col label\" scope=\"row\">Derating<\/th>\n<td class=\"col data\">3 W\/\u00b0C for +55 to +70 \u00b0C<\/td>\n<\/tr>\n<tr class=\"\">\n<th class=\"col label\" scope=\"row\">Ripple and noise voltage max.<\/th>\n<td class=\"col data\">100 mVpp<\/td>\n<\/tr>\n<\/tbody>\n<\/table>\n<\/div>\n<\/div>\n","protected":false},"excerpt":{"rendered":"<p>PULS PIC120.241C PIC120.241C DIN rail power supplies for 1-phase system 24 V, 5 ADC-OK relay contact Overview Dimensions (WxHxD) 39 mm x 124 mm x 124 mm Weight per unit (excl. packaging) 350 g Mounting method DIN rail Connection method Screw terminals Efficiency, typ. 90.5 % Power losses, typ. 12.6&hellip; <\/p>\n","protected":false},"featured_media":3800,"comment_status":"open","ping_status":"closed","template":"","meta":[],"product_cat":[727],"product_tag":[221,729,728],"class_list":{"0":"post-3799","1":"product","2":"type-product","3":"status-publish","4":"has-post-thumbnail","6":"product_cat-puls","7":"product_tag-bo-nguon","8":"product_tag-dai-ly-puls-viet-nam","9":"product_tag-puls-viet-nam","11":"first","12":"instock","13":"shipping-taxable","14":"product-type-simple"},"yoast_head":"<!-- This site is optimized with the Yoast SEO plugin v22.8 - https:\/\/yoast.com\/wordpress\/plugins\/seo\/ -->\n<title>PULS PIC120.241C - OMANI VI\u1ec6T NAM<\/title>\n<meta name=\"description\" content=\"PULS PIC120.241C Power supplies\" \/>\n<meta name=\"robots\" content=\"index, follow, max-snippet:-1, max-image-preview:large, max-video-preview:-1\" \/>\n<link rel=\"canonical\" href=\"https:\/\/omanivietnam.com\/index.php\/san-pham\/puls-pic120-241c\/\" \/>\n<meta property=\"og:locale\" content=\"vi_VN\" \/>\n<meta property=\"og:type\" content=\"article\" \/>\n<meta property=\"og:title\" content=\"PULS PIC120.241C - OMANI VI\u1ec6T NAM\" \/>\n<meta property=\"og:description\" content=\"PULS PIC120.241C Power supplies\" \/>\n<meta property=\"og:url\" content=\"https:\/\/omanivietnam.com\/index.php\/san-pham\/puls-pic120-241c\/\" \/>\n<meta property=\"og:site_name\" content=\"OMANI VI\u1ec6T NAM\" \/>\n<meta property=\"og:image\" content=\"https:\/\/omanivietnam.com\/wp-content\/uploads\/2025\/05\/PIC120.241C.png\" \/>\n\t<meta property=\"og:image:width\" content=\"902\" \/>\n\t<meta property=\"og:image:height\" content=\"878\" \/>\n\t<meta property=\"og:image:type\" content=\"image\/png\" \/>\n<meta name=\"twitter:card\" content=\"summary_large_image\" \/>\n<meta name=\"twitter:label1\" content=\"\u01af\u1edbc t\u00ednh th\u1eddi gian \u0111\u1ecdc\" \/>\n\t<meta name=\"twitter:data1\" content=\"2 ph\u00fat\" \/>\n<script type=\"application\/ld+json\" class=\"yoast-schema-graph\">{\"@context\":\"https:\/\/schema.org\",\"@graph\":[{\"@type\":\"WebPage\",\"@id\":\"https:\/\/omanivietnam.com\/index.php\/san-pham\/puls-pic120-241c\/\",\"url\":\"https:\/\/omanivietnam.com\/index.php\/san-pham\/puls-pic120-241c\/\",\"name\":\"PULS PIC120.241C - OMANI VI\u1ec6T NAM\",\"isPartOf\":{\"@id\":\"https:\/\/omanivietnam.com\/#website\"},\"primaryImageOfPage\":{\"@id\":\"https:\/\/omanivietnam.com\/index.php\/san-pham\/puls-pic120-241c\/#primaryimage\"},\"image\":{\"@id\":\"https:\/\/omanivietnam.com\/index.php\/san-pham\/puls-pic120-241c\/#primaryimage\"},\"thumbnailUrl\":\"https:\/\/omanivietnam.com\/wp-content\/uploads\/2025\/05\/PIC120.241C.png\",\"datePublished\":\"2025-05-19T14:48:56+00:00\",\"dateModified\":\"2025-05-19T14:48:56+00:00\",\"description\":\"PULS PIC120.241C Power supplies\",\"breadcrumb\":{\"@id\":\"https:\/\/omanivietnam.com\/index.php\/san-pham\/puls-pic120-241c\/#breadcrumb\"},\"inLanguage\":\"vi\",\"potentialAction\":[{\"@type\":\"ReadAction\",\"target\":[\"https:\/\/omanivietnam.com\/index.php\/san-pham\/puls-pic120-241c\/\"]}]},{\"@type\":\"ImageObject\",\"inLanguage\":\"vi\",\"@id\":\"https:\/\/omanivietnam.com\/index.php\/san-pham\/puls-pic120-241c\/#primaryimage\",\"url\":\"https:\/\/omanivietnam.com\/wp-content\/uploads\/2025\/05\/PIC120.241C.png\",\"contentUrl\":\"https:\/\/omanivietnam.com\/wp-content\/uploads\/2025\/05\/PIC120.241C.png\",\"width\":902,\"height\":878},{\"@type\":\"BreadcrumbList\",\"@id\":\"https:\/\/omanivietnam.com\/index.php\/san-pham\/puls-pic120-241c\/#breadcrumb\",\"itemListElement\":[{\"@type\":\"ListItem\",\"position\":1,\"name\":\"Home\",\"item\":\"https:\/\/omanivietnam.com\/\"},{\"@type\":\"ListItem\",\"position\":2,\"name\":\"S\u1ea2N PH\u1ea8M\",\"item\":\"https:\/\/omanivietnam.com\/index.php\/cua-hang\/\"},{\"@type\":\"ListItem\",\"position\":3,\"name\":\"PULS PIC120.241C\"}]},{\"@type\":\"WebSite\",\"@id\":\"https:\/\/omanivietnam.com\/#website\",\"url\":\"https:\/\/omanivietnam.com\/\",\"name\":\"OMANI VI\u1ec6T NAM\",\"description\":\"Nh\u00e0 ph\u00e2n ph\u1ed1i thi\u1ebft b\u1ecb kh\u00ed n\u00e9n v\u00e0 thi\u1ebft b\u1ecb t\u1ef1 \u0111\u1ed9ng h\u00f3a trong c\u00f4ng nghi\u1ec7p\",\"publisher\":{\"@id\":\"https:\/\/omanivietnam.com\/#\/schema\/person\/0ad398a980dc3fd696111c2c5c8fa897\"},\"potentialAction\":[{\"@type\":\"SearchAction\",\"target\":{\"@type\":\"EntryPoint\",\"urlTemplate\":\"https:\/\/omanivietnam.com\/?s={search_term_string}\"},\"query-input\":\"required name=search_term_string\"}],\"inLanguage\":\"vi\"},{\"@type\":[\"Person\",\"Organization\"],\"@id\":\"https:\/\/omanivietnam.com\/#\/schema\/person\/0ad398a980dc3fd696111c2c5c8fa897\",\"name\":\"Nguy\u1ec5n V\u0103n Kh\u00e1nh\",\"image\":{\"@type\":\"ImageObject\",\"inLanguage\":\"vi\",\"@id\":\"https:\/\/omanivietnam.com\/#\/schema\/person\/image\/\",\"url\":\"https:\/\/omanivietnam.com\/wp-content\/uploads\/2024\/06\/logo-1024x1024.png\",\"contentUrl\":\"https:\/\/omanivietnam.com\/wp-content\/uploads\/2024\/06\/logo-1024x1024.png\",\"width\":1024,\"height\":1024,\"caption\":\"Nguy\u1ec5n V\u0103n Kh\u00e1nh\"},\"logo\":{\"@id\":\"https:\/\/omanivietnam.com\/#\/schema\/person\/image\/\"},\"sameAs\":[\"https:\/\/omanivietnam.com\"]}]}<\/script>\n<!-- \/ Yoast SEO plugin. -->","yoast_head_json":{"title":"PULS PIC120.241C - OMANI VI\u1ec6T NAM","description":"PULS PIC120.241C Power supplies","robots":{"index":"index","follow":"follow","max-snippet":"max-snippet:-1","max-image-preview":"max-image-preview:large","max-video-preview":"max-video-preview:-1"},"canonical":"https:\/\/omanivietnam.com\/index.php\/san-pham\/puls-pic120-241c\/","og_locale":"vi_VN","og_type":"article","og_title":"PULS PIC120.241C - OMANI VI\u1ec6T NAM","og_description":"PULS PIC120.241C Power supplies","og_url":"https:\/\/omanivietnam.com\/index.php\/san-pham\/puls-pic120-241c\/","og_site_name":"OMANI VI\u1ec6T NAM","og_image":[{"width":902,"height":878,"url":"https:\/\/omanivietnam.com\/wp-content\/uploads\/2025\/05\/PIC120.241C.png","type":"image\/png"}],"twitter_card":"summary_large_image","twitter_misc":{"\u01af\u1edbc t\u00ednh th\u1eddi gian \u0111\u1ecdc":"2 ph\u00fat"},"schema":{"@context":"https:\/\/schema.org","@graph":[{"@type":"WebPage","@id":"https:\/\/omanivietnam.com\/index.php\/san-pham\/puls-pic120-241c\/","url":"https:\/\/omanivietnam.com\/index.php\/san-pham\/puls-pic120-241c\/","name":"PULS PIC120.241C - OMANI VI\u1ec6T NAM","isPartOf":{"@id":"https:\/\/omanivietnam.com\/#website"},"primaryImageOfPage":{"@id":"https:\/\/omanivietnam.com\/index.php\/san-pham\/puls-pic120-241c\/#primaryimage"},"image":{"@id":"https:\/\/omanivietnam.com\/index.php\/san-pham\/puls-pic120-241c\/#primaryimage"},"thumbnailUrl":"https:\/\/omanivietnam.com\/wp-content\/uploads\/2025\/05\/PIC120.241C.png","datePublished":"2025-05-19T14:48:56+00:00","dateModified":"2025-05-19T14:48:56+00:00","description":"PULS PIC120.241C Power supplies","breadcrumb":{"@id":"https:\/\/omanivietnam.com\/index.php\/san-pham\/puls-pic120-241c\/#breadcrumb"},"inLanguage":"vi","potentialAction":[{"@type":"ReadAction","target":["https:\/\/omanivietnam.com\/index.php\/san-pham\/puls-pic120-241c\/"]}]},{"@type":"ImageObject","inLanguage":"vi","@id":"https:\/\/omanivietnam.com\/index.php\/san-pham\/puls-pic120-241c\/#primaryimage","url":"https:\/\/omanivietnam.com\/wp-content\/uploads\/2025\/05\/PIC120.241C.png","contentUrl":"https:\/\/omanivietnam.com\/wp-content\/uploads\/2025\/05\/PIC120.241C.png","width":902,"height":878},{"@type":"BreadcrumbList","@id":"https:\/\/omanivietnam.com\/index.php\/san-pham\/puls-pic120-241c\/#breadcrumb","itemListElement":[{"@type":"ListItem","position":1,"name":"Home","item":"https:\/\/omanivietnam.com\/"},{"@type":"ListItem","position":2,"name":"S\u1ea2N PH\u1ea8M","item":"https:\/\/omanivietnam.com\/index.php\/cua-hang\/"},{"@type":"ListItem","position":3,"name":"PULS PIC120.241C"}]},{"@type":"WebSite","@id":"https:\/\/omanivietnam.com\/#website","url":"https:\/\/omanivietnam.com\/","name":"OMANI VI\u1ec6T NAM","description":"Nh\u00e0 ph\u00e2n ph\u1ed1i thi\u1ebft b\u1ecb kh\u00ed n\u00e9n v\u00e0 thi\u1ebft b\u1ecb t\u1ef1 \u0111\u1ed9ng h\u00f3a trong c\u00f4ng nghi\u1ec7p","publisher":{"@id":"https:\/\/omanivietnam.com\/#\/schema\/person\/0ad398a980dc3fd696111c2c5c8fa897"},"potentialAction":[{"@type":"SearchAction","target":{"@type":"EntryPoint","urlTemplate":"https:\/\/omanivietnam.com\/?s={search_term_string}"},"query-input":"required name=search_term_string"}],"inLanguage":"vi"},{"@type":["Person","Organization"],"@id":"https:\/\/omanivietnam.com\/#\/schema\/person\/0ad398a980dc3fd696111c2c5c8fa897","name":"Nguy\u1ec5n V\u0103n Kh\u00e1nh","image":{"@type":"ImageObject","inLanguage":"vi","@id":"https:\/\/omanivietnam.com\/#\/schema\/person\/image\/","url":"https:\/\/omanivietnam.com\/wp-content\/uploads\/2024\/06\/logo-1024x1024.png","contentUrl":"https:\/\/omanivietnam.com\/wp-content\/uploads\/2024\/06\/logo-1024x1024.png","width":1024,"height":1024,"caption":"Nguy\u1ec5n V\u0103n Kh\u00e1nh"},"logo":{"@id":"https:\/\/omanivietnam.com\/#\/schema\/person\/image\/"},"sameAs":["https:\/\/omanivietnam.com"]}]}},"_links":{"self":[{"href":"https:\/\/omanivietnam.com\/index.php\/wp-json\/wp\/v2\/product\/3799","targetHints":{"allow":["GET"]}}],"collection":[{"href":"https:\/\/omanivietnam.com\/index.php\/wp-json\/wp\/v2\/product"}],"about":[{"href":"https:\/\/omanivietnam.com\/index.php\/wp-json\/wp\/v2\/types\/product"}],"replies":[{"embeddable":true,"href":"https:\/\/omanivietnam.com\/index.php\/wp-json\/wp\/v2\/comments?post=3799"}],"wp:featuredmedia":[{"embeddable":true,"href":"https:\/\/omanivietnam.com\/index.php\/wp-json\/wp\/v2\/media\/3800"}],"wp:attachment":[{"href":"https:\/\/omanivietnam.com\/index.php\/wp-json\/wp\/v2\/media?parent=3799"}],"wp:term":[{"taxonomy":"product_cat","embeddable":true,"href":"https:\/\/omanivietnam.com\/index.php\/wp-json\/wp\/v2\/product_cat?post=3799"},{"taxonomy":"product_tag","embeddable":true,"href":"https:\/\/omanivietnam.com\/index.php\/wp-json\/wp\/v2\/product_tag?post=3799"}],"curies":[{"name":"wp","href":"https:\/\/api.w.org\/{rel}","templated":true}]}}