{"id":3835,"date":"2025-05-22T22:18:41","date_gmt":"2025-05-22T15:18:41","guid":{"rendered":"https:\/\/omanivietnam.com\/?post_type=product&#038;p=3835"},"modified":"2025-05-22T22:18:42","modified_gmt":"2025-05-22T15:18:42","slug":"leadshine-h2-2206","status":"publish","type":"product","link":"https:\/\/omanivietnam.com\/index.php\/san-pham\/leadshine-h2-2206\/","title":{"rendered":"LEADSHINE H2-2206"},"content":{"rendered":"<p>LEADSHINE H2-2206<\/p>\n<p>LEADSHINE 863HSM100H-E<\/p>\n<p>LEADSHINE 863HSM100H<\/p>\n<h2><strong>Th\u00f4ng s\u1ed1 k\u0129 thu\u1eadt<\/strong><\/h2>\n<p>&#8211; \u0110i\u1ec7n \u00e1p v\u00e0o 150-230VAC<\/p>\n<p>&#8211; T\u1ea3i d\u1ef1a tr\u00ean t\u1ef1 \u0111\u1ed9ng \u0111i\u1ec1u ch\u1ec9nh d\u00f2ng \u0111i\u1ec7n t\u1eeb 0 -6A<\/p>\n<p>&#8211; T\u1ea7n s\u1ed1 t\u1ed1i \u0111a 200KHz hay 500KHz( \u0111i\u1ec1u ch\u1ec9nh b\u1eb1ng ph\u1ea7n m\u1ec1m)<\/p>\n<p>&#8211; D\u00f2ng t\u00edn hi\u1ec7u logic v\u00e0o 7-20mA<\/p>\n<p>&#8211; M\u1eb7c \u0111\u1ecbnh \u0111\u1ed9 ph\u00e2n gi\u1ea3i vi b\u01b0\u1edbc 4000 (1\/20), c\u1ea5u h\u00ecnh ph\u1ea7n m\u1ec1m 200-104 000 (t\u0103ng 200)<\/p>\n<p>&#8211; Giao di\u1ec7n \u0111i\u1ec1u khi\u1ec3n: M\u00e0n h\u00ecnh HMI hay truy\u1ec1n th\u00f4ng RS232<\/p>\n<p>&#8211; Tr\u1ecdng l\u01b0\u1ee3ng: 1500g<\/p>\n<p>&#8211; K\u00edch th\u01b0\u1edbc 180mm x 140mm x 70mm<\/p>\n<p>&#8211; B\u1ea3o h\u00e0nh 12 th\u00e1ng<\/p>\n<p>&#8211; Driver H2-2206 l\u00e0 model m\u1edbi nh\u1ea5t c\u1ee7a driver HBS2206<\/p>\n<p>&#8211; Driver H2-2206 l\u00e0 driver\u00a0\u0111\u1ed9ng c\u01a1 servo lai m\u1edbi. S\u1eed d\u1ee5ng chip DSP \u0111i\u1ec1u khi\u1ec3n \u0111\u1ed9ng c\u01a1 chuy\u00ean d\u1ee5ng m\u1edbi nh\u1ea5t v\u00e0 thu\u1eadt to\u00e1n \u0111i\u1ec1u khi\u1ec3n b\u1eb1ng vector tr\u00e1nh hi\u1ec7n t\u01b0\u1ee3ng m\u1ea5t b\u01b0\u1edbc.<\/p>\n<p>&#8211; N\u00e2ng cao hi\u1ec7u su\u1ea5t \u0111\u00e1ng k\u1ec3 c\u1ee7a \u0111\u1ed9ng c\u01a1 t\u1ed1c \u0111\u1ed9 cao, gi\u1ea3m \u0111\u1ed9 rung v\u00e0 n\u00f3ng c\u1ee7a \u0111\u1ed9ng c\u01a1.<\/p>\n<p>&#8211; N\u00e2ng cao t\u1ed1c \u0111\u1ed9 x\u1eed l\u00fd v\u00e0 gi\u1ea3m ti\u00eau th\u1ee5 n\u0103ng l\u01b0\u1ee3ng c\u1ee7a m\u00e1y<\/p>\n<p>&#8211; H\u01a1n n\u1eefa, khi \u0111\u1ed9ng c\u01a1 \u0111ang li\u00ean t\u1ee5c b\u1ecb qu\u00e1 t\u1ea3i, H2-2206 s\u1ebd ra m\u1ed9t t\u00edn hi\u1ec7u b\u00e1o \u0111\u1ed9ng, v\u1edbi c\u00f9ng \u0111\u1ed9 tin c\u1eady v\u00e0 h\u1ec7 th\u1ed1ng servo AC<\/p>\n<p>&#8211; Driver H2-2206 d\u00f9ng v\u1edbi c\u00e1c \u0111\u1ed9ng c\u01a1 hybrid servo size 86,110:\u00a01103HSM200, 1103HSM120H,\u00a0863HSM100,\u00a0863HSM80 Leadshine<\/p>\n","protected":false},"excerpt":{"rendered":"<p>LEADSHINE H2-2206 LEADSHINE 863HSM100H-E LEADSHINE 863HSM100H Th\u00f4ng s\u1ed1 k\u0129 thu\u1eadt &#8211; \u0110i\u1ec7n \u00e1p v\u00e0o 150-230VAC &#8211; T\u1ea3i d\u1ef1a tr\u00ean t\u1ef1 \u0111\u1ed9ng \u0111i\u1ec1u ch\u1ec9nh d\u00f2ng \u0111i\u1ec7n t\u1eeb 0 -6A &#8211; T\u1ea7n s\u1ed1 t\u1ed1i \u0111a 200KHz hay 500KHz( \u0111i\u1ec1u ch\u1ec9nh b\u1eb1ng ph\u1ea7n m\u1ec1m) &#8211; D\u00f2ng t\u00edn hi\u1ec7u logic v\u00e0o 7-20mA &#8211; M\u1eb7c&hellip; <\/p>\n","protected":false},"featured_media":3836,"comment_status":"open","ping_status":"closed","template":"","meta":[],"product_cat":[737],"product_tag":[343,739,738],"class_list":{"0":"post-3835","1":"product","2":"type-product","3":"status-publish","4":"has-post-thumbnail","6":"product_cat-leadshine","7":"product_tag-bo-cai-dat-toc-do","8":"product_tag-dai-ly-leadshine-viet-nam","9":"product_tag-leadshine-viet-nam","11":"first","12":"instock","13":"shipping-taxable","14":"product-type-simple"},"yoast_head":"<!-- This site is optimized with the Yoast SEO plugin v22.8 - https:\/\/yoast.com\/wordpress\/plugins\/seo\/ -->\n<title>LEADSHINE H2-2206 - OMANI VI\u1ec6T NAM<\/title>\n<meta name=\"description\" content=\"LEADSHINE H2-2206 Driver\" \/>\n<meta name=\"robots\" content=\"index, follow, max-snippet:-1, max-image-preview:large, max-video-preview:-1\" \/>\n<link rel=\"canonical\" href=\"https:\/\/omanivietnam.com\/index.php\/san-pham\/leadshine-h2-2206\/\" \/>\n<meta property=\"og:locale\" content=\"vi_VN\" \/>\n<meta property=\"og:type\" content=\"article\" \/>\n<meta property=\"og:title\" content=\"LEADSHINE H2-2206 - OMANI VI\u1ec6T NAM\" \/>\n<meta property=\"og:description\" content=\"LEADSHINE H2-2206 Driver\" \/>\n<meta property=\"og:url\" content=\"https:\/\/omanivietnam.com\/index.php\/san-pham\/leadshine-h2-2206\/\" \/>\n<meta property=\"og:site_name\" content=\"OMANI VI\u1ec6T NAM\" \/>\n<meta property=\"article:modified_time\" content=\"2025-05-22T15:18:42+00:00\" \/>\n<meta property=\"og:image\" content=\"https:\/\/omanivietnam.com\/wp-content\/uploads\/2025\/05\/H2-2206.png\" \/>\n\t<meta property=\"og:image:width\" content=\"509\" \/>\n\t<meta property=\"og:image:height\" content=\"597\" \/>\n\t<meta property=\"og:image:type\" content=\"image\/png\" \/>\n<meta name=\"twitter:card\" content=\"summary_large_image\" \/>\n<meta name=\"twitter:label1\" content=\"\u01af\u1edbc t\u00ednh th\u1eddi gian \u0111\u1ecdc\" \/>\n\t<meta name=\"twitter:data1\" content=\"2 ph\u00fat\" \/>\n<script type=\"application\/ld+json\" class=\"yoast-schema-graph\">{\"@context\":\"https:\/\/schema.org\",\"@graph\":[{\"@type\":\"WebPage\",\"@id\":\"https:\/\/omanivietnam.com\/index.php\/san-pham\/leadshine-h2-2206\/\",\"url\":\"https:\/\/omanivietnam.com\/index.php\/san-pham\/leadshine-h2-2206\/\",\"name\":\"LEADSHINE H2-2206 - OMANI VI\u1ec6T NAM\",\"isPartOf\":{\"@id\":\"https:\/\/omanivietnam.com\/#website\"},\"primaryImageOfPage\":{\"@id\":\"https:\/\/omanivietnam.com\/index.php\/san-pham\/leadshine-h2-2206\/#primaryimage\"},\"image\":{\"@id\":\"https:\/\/omanivietnam.com\/index.php\/san-pham\/leadshine-h2-2206\/#primaryimage\"},\"thumbnailUrl\":\"https:\/\/omanivietnam.com\/wp-content\/uploads\/2025\/05\/H2-2206.png\",\"datePublished\":\"2025-05-22T15:18:41+00:00\",\"dateModified\":\"2025-05-22T15:18:42+00:00\",\"description\":\"LEADSHINE H2-2206 Driver\",\"breadcrumb\":{\"@id\":\"https:\/\/omanivietnam.com\/index.php\/san-pham\/leadshine-h2-2206\/#breadcrumb\"},\"inLanguage\":\"vi\",\"potentialAction\":[{\"@type\":\"ReadAction\",\"target\":[\"https:\/\/omanivietnam.com\/index.php\/san-pham\/leadshine-h2-2206\/\"]}]},{\"@type\":\"ImageObject\",\"inLanguage\":\"vi\",\"@id\":\"https:\/\/omanivietnam.com\/index.php\/san-pham\/leadshine-h2-2206\/#primaryimage\",\"url\":\"https:\/\/omanivietnam.com\/wp-content\/uploads\/2025\/05\/H2-2206.png\",\"contentUrl\":\"https:\/\/omanivietnam.com\/wp-content\/uploads\/2025\/05\/H2-2206.png\",\"width\":509,\"height\":597},{\"@type\":\"BreadcrumbList\",\"@id\":\"https:\/\/omanivietnam.com\/index.php\/san-pham\/leadshine-h2-2206\/#breadcrumb\",\"itemListElement\":[{\"@type\":\"ListItem\",\"position\":1,\"name\":\"Home\",\"item\":\"https:\/\/omanivietnam.com\/\"},{\"@type\":\"ListItem\",\"position\":2,\"name\":\"S\u1ea2N PH\u1ea8M\",\"item\":\"https:\/\/omanivietnam.com\/index.php\/cua-hang\/\"},{\"@type\":\"ListItem\",\"position\":3,\"name\":\"LEADSHINE H2-2206\"}]},{\"@type\":\"WebSite\",\"@id\":\"https:\/\/omanivietnam.com\/#website\",\"url\":\"https:\/\/omanivietnam.com\/\",\"name\":\"OMANI VI\u1ec6T NAM\",\"description\":\"Nh\u00e0 ph\u00e2n ph\u1ed1i thi\u1ebft b\u1ecb kh\u00ed n\u00e9n v\u00e0 thi\u1ebft b\u1ecb t\u1ef1 \u0111\u1ed9ng h\u00f3a trong c\u00f4ng nghi\u1ec7p\",\"publisher\":{\"@id\":\"https:\/\/omanivietnam.com\/#\/schema\/person\/0ad398a980dc3fd696111c2c5c8fa897\"},\"potentialAction\":[{\"@type\":\"SearchAction\",\"target\":{\"@type\":\"EntryPoint\",\"urlTemplate\":\"https:\/\/omanivietnam.com\/?s={search_term_string}\"},\"query-input\":\"required name=search_term_string\"}],\"inLanguage\":\"vi\"},{\"@type\":[\"Person\",\"Organization\"],\"@id\":\"https:\/\/omanivietnam.com\/#\/schema\/person\/0ad398a980dc3fd696111c2c5c8fa897\",\"name\":\"Nguy\u1ec5n V\u0103n Kh\u00e1nh\",\"image\":{\"@type\":\"ImageObject\",\"inLanguage\":\"vi\",\"@id\":\"https:\/\/omanivietnam.com\/#\/schema\/person\/image\/\",\"url\":\"https:\/\/omanivietnam.com\/wp-content\/uploads\/2024\/06\/logo-1024x1024.png\",\"contentUrl\":\"https:\/\/omanivietnam.com\/wp-content\/uploads\/2024\/06\/logo-1024x1024.png\",\"width\":1024,\"height\":1024,\"caption\":\"Nguy\u1ec5n V\u0103n Kh\u00e1nh\"},\"logo\":{\"@id\":\"https:\/\/omanivietnam.com\/#\/schema\/person\/image\/\"},\"sameAs\":[\"https:\/\/omanivietnam.com\"]}]}<\/script>\n<!-- \/ Yoast SEO plugin. -->","yoast_head_json":{"title":"LEADSHINE H2-2206 - OMANI VI\u1ec6T NAM","description":"LEADSHINE H2-2206 Driver","robots":{"index":"index","follow":"follow","max-snippet":"max-snippet:-1","max-image-preview":"max-image-preview:large","max-video-preview":"max-video-preview:-1"},"canonical":"https:\/\/omanivietnam.com\/index.php\/san-pham\/leadshine-h2-2206\/","og_locale":"vi_VN","og_type":"article","og_title":"LEADSHINE H2-2206 - OMANI VI\u1ec6T NAM","og_description":"LEADSHINE H2-2206 Driver","og_url":"https:\/\/omanivietnam.com\/index.php\/san-pham\/leadshine-h2-2206\/","og_site_name":"OMANI VI\u1ec6T NAM","article_modified_time":"2025-05-22T15:18:42+00:00","og_image":[{"width":509,"height":597,"url":"https:\/\/omanivietnam.com\/wp-content\/uploads\/2025\/05\/H2-2206.png","type":"image\/png"}],"twitter_card":"summary_large_image","twitter_misc":{"\u01af\u1edbc t\u00ednh th\u1eddi gian \u0111\u1ecdc":"2 ph\u00fat"},"schema":{"@context":"https:\/\/schema.org","@graph":[{"@type":"WebPage","@id":"https:\/\/omanivietnam.com\/index.php\/san-pham\/leadshine-h2-2206\/","url":"https:\/\/omanivietnam.com\/index.php\/san-pham\/leadshine-h2-2206\/","name":"LEADSHINE H2-2206 - OMANI VI\u1ec6T NAM","isPartOf":{"@id":"https:\/\/omanivietnam.com\/#website"},"primaryImageOfPage":{"@id":"https:\/\/omanivietnam.com\/index.php\/san-pham\/leadshine-h2-2206\/#primaryimage"},"image":{"@id":"https:\/\/omanivietnam.com\/index.php\/san-pham\/leadshine-h2-2206\/#primaryimage"},"thumbnailUrl":"https:\/\/omanivietnam.com\/wp-content\/uploads\/2025\/05\/H2-2206.png","datePublished":"2025-05-22T15:18:41+00:00","dateModified":"2025-05-22T15:18:42+00:00","description":"LEADSHINE H2-2206 Driver","breadcrumb":{"@id":"https:\/\/omanivietnam.com\/index.php\/san-pham\/leadshine-h2-2206\/#breadcrumb"},"inLanguage":"vi","potentialAction":[{"@type":"ReadAction","target":["https:\/\/omanivietnam.com\/index.php\/san-pham\/leadshine-h2-2206\/"]}]},{"@type":"ImageObject","inLanguage":"vi","@id":"https:\/\/omanivietnam.com\/index.php\/san-pham\/leadshine-h2-2206\/#primaryimage","url":"https:\/\/omanivietnam.com\/wp-content\/uploads\/2025\/05\/H2-2206.png","contentUrl":"https:\/\/omanivietnam.com\/wp-content\/uploads\/2025\/05\/H2-2206.png","width":509,"height":597},{"@type":"BreadcrumbList","@id":"https:\/\/omanivietnam.com\/index.php\/san-pham\/leadshine-h2-2206\/#breadcrumb","itemListElement":[{"@type":"ListItem","position":1,"name":"Home","item":"https:\/\/omanivietnam.com\/"},{"@type":"ListItem","position":2,"name":"S\u1ea2N PH\u1ea8M","item":"https:\/\/omanivietnam.com\/index.php\/cua-hang\/"},{"@type":"ListItem","position":3,"name":"LEADSHINE H2-2206"}]},{"@type":"WebSite","@id":"https:\/\/omanivietnam.com\/#website","url":"https:\/\/omanivietnam.com\/","name":"OMANI VI\u1ec6T NAM","description":"Nh\u00e0 ph\u00e2n ph\u1ed1i thi\u1ebft b\u1ecb kh\u00ed n\u00e9n v\u00e0 thi\u1ebft b\u1ecb t\u1ef1 \u0111\u1ed9ng h\u00f3a trong c\u00f4ng nghi\u1ec7p","publisher":{"@id":"https:\/\/omanivietnam.com\/#\/schema\/person\/0ad398a980dc3fd696111c2c5c8fa897"},"potentialAction":[{"@type":"SearchAction","target":{"@type":"EntryPoint","urlTemplate":"https:\/\/omanivietnam.com\/?s={search_term_string}"},"query-input":"required name=search_term_string"}],"inLanguage":"vi"},{"@type":["Person","Organization"],"@id":"https:\/\/omanivietnam.com\/#\/schema\/person\/0ad398a980dc3fd696111c2c5c8fa897","name":"Nguy\u1ec5n V\u0103n Kh\u00e1nh","image":{"@type":"ImageObject","inLanguage":"vi","@id":"https:\/\/omanivietnam.com\/#\/schema\/person\/image\/","url":"https:\/\/omanivietnam.com\/wp-content\/uploads\/2024\/06\/logo-1024x1024.png","contentUrl":"https:\/\/omanivietnam.com\/wp-content\/uploads\/2024\/06\/logo-1024x1024.png","width":1024,"height":1024,"caption":"Nguy\u1ec5n V\u0103n Kh\u00e1nh"},"logo":{"@id":"https:\/\/omanivietnam.com\/#\/schema\/person\/image\/"},"sameAs":["https:\/\/omanivietnam.com"]}]}},"_links":{"self":[{"href":"https:\/\/omanivietnam.com\/index.php\/wp-json\/wp\/v2\/product\/3835","targetHints":{"allow":["GET"]}}],"collection":[{"href":"https:\/\/omanivietnam.com\/index.php\/wp-json\/wp\/v2\/product"}],"about":[{"href":"https:\/\/omanivietnam.com\/index.php\/wp-json\/wp\/v2\/types\/product"}],"replies":[{"embeddable":true,"href":"https:\/\/omanivietnam.com\/index.php\/wp-json\/wp\/v2\/comments?post=3835"}],"wp:featuredmedia":[{"embeddable":true,"href":"https:\/\/omanivietnam.com\/index.php\/wp-json\/wp\/v2\/media\/3836"}],"wp:attachment":[{"href":"https:\/\/omanivietnam.com\/index.php\/wp-json\/wp\/v2\/media?parent=3835"}],"wp:term":[{"taxonomy":"product_cat","embeddable":true,"href":"https:\/\/omanivietnam.com\/index.php\/wp-json\/wp\/v2\/product_cat?post=3835"},{"taxonomy":"product_tag","embeddable":true,"href":"https:\/\/omanivietnam.com\/index.php\/wp-json\/wp\/v2\/product_tag?post=3835"}],"curies":[{"name":"wp","href":"https:\/\/api.w.org\/{rel}","templated":true}]}}