{"id":3837,"date":"2025-05-22T22:31:02","date_gmt":"2025-05-22T15:31:02","guid":{"rendered":"https:\/\/omanivietnam.com\/?post_type=product&#038;p=3837"},"modified":"2025-05-22T22:31:02","modified_gmt":"2025-05-22T15:31:02","slug":"leadshine-863hsm100h-e1","status":"publish","type":"product","link":"https:\/\/omanivietnam.com\/index.php\/san-pham\/leadshine-863hsm100h-e1\/","title":{"rendered":"LEADSHINE 863HSM100H-E1"},"content":{"rendered":"<p>LEADSHINE 863HSM100H-E1<\/p>\n<p>LEADSHINE 863HSM100H<\/p>\n<p><strong>\u0110\u1ed9ng c\u01a1 10Nm 863HSM100H-E1 ch\u00ednh h\u00e3ng Leadshine<\/strong><\/p>\n<p>&#8211; \u0110\u1ed9ng c\u01a1 10Nm 863HSM100H-E1 l\u00e0 \u0111\u1ed9ng c\u01a1 Leadshine 3 pha, m\u1eb7t\u00a0 b\u00edch 86 ,chi\u1ec1u d\u00e0i th\u00e2n 184mm, \u0111i k\u00e8m v\u1edbi\u00a0Driver chuy\u00ean d\u00f9ng H2-2206<\/p>\n<p>&#8211; C\u00e1c d\u00e2y t\u01b0\u01a1ng \u1ee9ng v\u1edbi ch\u00e2n \u0111\u1ed9ng c\u01a1 nh\u01b0 sau: \u0110\u1ecf &#8211; U, Xanh &#8211; V, \u0110en -W, v\u00e0ng &#8211; GND<\/p>\n<p>&#8211; \u0110\u1ed9ng c\u01a1 c\u00f3 c\u1ed1t 14mm, r\u00e3nh then,\u00a0tr\u1ecdng l\u01b0\u1ee3ng \u0111\u1ed9ng c\u01a1\u00a05.5kg<\/p>\n<h2>TH\u00d4NG S\u1ed0 CHUNG S\u1ea2N PH\u1ea8M<\/h2>\n<p>\u0110\u1ed9ng c\u01a1 HBS 3 phase 12Nm 863HSM100H-E1<\/p>\n<ul>\n<li>M\u00f4-men xo\u1eafn gi\u1eef: 3,5~12N\u00b7m<\/li>\n<li>B\u1ed9 m\u00e3 h\u00f3a quang \u0111i\u1ec7n t\u0103ng d\u1ea7n 1000 d\u00f2ng t\u00edch h\u1ee3p<\/li>\n<li>M\u00f4-men xo\u1eafn \u0111\u1ea7u ra l\u1edbn<\/li>\n<li>\u0110\u1ed9ng c\u01a1 t\u1ea1o ra \u00edt nhi\u1ec7t h\u01a1n v\u00e0 ti\u00eau th\u1ee5 \u00edt n\u0103ng l\u01b0\u1ee3ng h\u01a1n.<\/li>\n<li>V\u1eadn h\u00e0nh \u00eam \u00e1i, \u0111\u1ed9 rung v\u00e0 ti\u1ebfng \u1ed3n th\u1ea5p<\/li>\n<li>T\u1ed1c \u0111\u1ed9 ph\u1ea3n h\u1ed3i nhanh, th\u00edch h\u1ee3p cho vi\u1ec7c kh\u1edfi \u0111\u1ed9ng v\u00e0 d\u1eebng th\u01b0\u1eddng xuy\u00ean<\/li>\n<\/ul>\n<h3>Th\u00f4ng s\u1ed1 chung<\/h3>\n<div class=\"\">\n<table width=\"100%\">\n<tbody>\n<tr>\n<td rowspan=\"2\" width=\"25%\"><strong>M\u1eabu<\/strong>863HSM100H-E1<\/td>\n<td width=\"13%\"><strong>Chi\u1ec1u d\u00e0i (L)<\/strong><\/td>\n<td width=\"10%\"><strong>M\u00f4 men<\/strong><\/td>\n<td width=\"10%\"><strong>D\u00f2ng<\/strong><\/td>\n<td width=\"11%\"><strong>\u0110i\u1ec7n tr\u1edf\u00a0\/\u00a0Pha<\/strong><\/td>\n<td width=\"11%\"><strong>\u0110i\u1ec7n c\u1ea3m\u00a0\/\u00a0Pha<\/strong><\/td>\n<td width=\"17%\"><strong>Qu\u00e1n t\u00ednh r\u00f4to<\/strong><\/td>\n<\/tr>\n<tr>\n<td width=\"13%\">184 mm<\/td>\n<td width=\"10%\">10 Nm<\/td>\n<td width=\"10%\">6 A<\/td>\n<td width=\"11%\">2,66 \u00d4m<\/td>\n<td width=\"11%\">18,9 mH<\/td>\n<td width=\"17%\">4000 g.cm\u00a0<sup>2<\/sup><\/td>\n<\/tr>\n<\/tbody>\n<\/table>\n<\/div>\n<p>&#8211; Driver H2-2206 l\u00e0 model m\u1edbi nh\u1ea5t c\u1ee7a driver HBS2206<\/p>\n<p>&#8211; Driver H2-2206 l\u00e0 driver\u00a0\u0111\u1ed9ng c\u01a1 servo lai m\u1edbi. S\u1eed d\u1ee5ng chip DSP \u0111i\u1ec1u khi\u1ec3n \u0111\u1ed9ng c\u01a1 chuy\u00ean d\u1ee5ng m\u1edbi nh\u1ea5t v\u00e0 thu\u1eadt to\u00e1n \u0111i\u1ec1u khi\u1ec3n b\u1eb1ng vector tr\u00e1nh hi\u1ec7n t\u01b0\u1ee3ng m\u1ea5t b\u01b0\u1edbc.<\/p>\n<p>&#8211; N\u00e2ng cao hi\u1ec7u su\u1ea5t \u0111\u00e1ng k\u1ec3 c\u1ee7a \u0111\u1ed9ng c\u01a1 t\u1ed1c \u0111\u1ed9 cao, gi\u1ea3m \u0111\u1ed9 rung v\u00e0 n\u00f3ng c\u1ee7a \u0111\u1ed9ng c\u01a1.<\/p>\n<p>&#8211; N\u00e2ng cao t\u1ed1c \u0111\u1ed9 x\u1eed l\u00fd v\u00e0 gi\u1ea3m ti\u00eau th\u1ee5 n\u0103ng l\u01b0\u1ee3ng c\u1ee7a m\u00e1y<\/p>\n<p>&#8211; H\u01a1n n\u1eefa, khi \u0111\u1ed9ng c\u01a1 \u0111ang li\u00ean t\u1ee5c b\u1ecb qu\u00e1 t\u1ea3i, H2-2206 s\u1ebd ra m\u1ed9t t\u00edn hi\u1ec7u b\u00e1o \u0111\u1ed9ng, v\u1edbi c\u00f9ng \u0111\u1ed9 tin c\u1eady v\u00e0 h\u1ec7 th\u1ed1ng servo AC<\/p>\n<p>&#8211; Driver H2-2206 d\u00f9ng v\u1edbi c\u00e1c \u0111\u1ed9ng c\u01a1 hybrid servo size 86,110:\u00a01103HSM200, 1103HSM120H,\u00a0863HSM100,\u00a0863HSM80 Leadshine<\/p>\n","protected":false},"excerpt":{"rendered":"<p>LEADSHINE 863HSM100H-E1 LEADSHINE 863HSM100H \u0110\u1ed9ng c\u01a1 10Nm 863HSM100H-E1 ch\u00ednh h\u00e3ng Leadshine &#8211; \u0110\u1ed9ng c\u01a1 10Nm 863HSM100H-E1 l\u00e0 \u0111\u1ed9ng c\u01a1 Leadshine 3 pha, m\u1eb7t\u00a0 b\u00edch 86 ,chi\u1ec1u d\u00e0i th\u00e2n 184mm, \u0111i k\u00e8m v\u1edbi\u00a0Driver chuy\u00ean d\u00f9ng H2-2206 &#8211; C\u00e1c d\u00e2y t\u01b0\u01a1ng \u1ee9ng v\u1edbi ch\u00e2n \u0111\u1ed9ng c\u01a1 nh\u01b0 sau: \u0110\u1ecf &#8211; U, Xanh&hellip; <\/p>\n","protected":false},"featured_media":3838,"comment_status":"open","ping_status":"closed","template":"","meta":[],"product_cat":[737],"product_tag":[739,120,738],"class_list":{"0":"post-3837","1":"product","2":"type-product","3":"status-publish","4":"has-post-thumbnail","6":"product_cat-leadshine","7":"product_tag-dai-ly-leadshine-viet-nam","8":"product_tag-dong-co","9":"product_tag-leadshine-viet-nam","11":"first","12":"instock","13":"shipping-taxable","14":"product-type-simple"},"yoast_head":"<!-- This site is optimized with the Yoast SEO plugin v22.8 - https:\/\/yoast.com\/wordpress\/plugins\/seo\/ -->\n<title>LEADSHINE 863HSM100H-E1 - OMANI VI\u1ec6T NAM<\/title>\n<meta name=\"description\" content=\"LEADSHINE 863HSM100H-E1 Motor\" \/>\n<meta name=\"robots\" content=\"index, follow, max-snippet:-1, max-image-preview:large, max-video-preview:-1\" \/>\n<link rel=\"canonical\" href=\"https:\/\/omanivietnam.com\/index.php\/san-pham\/leadshine-863hsm100h-e1\/\" \/>\n<meta property=\"og:locale\" content=\"vi_VN\" \/>\n<meta property=\"og:type\" content=\"article\" \/>\n<meta property=\"og:title\" content=\"LEADSHINE 863HSM100H-E1 - OMANI VI\u1ec6T NAM\" \/>\n<meta property=\"og:description\" content=\"LEADSHINE 863HSM100H-E1 Motor\" \/>\n<meta property=\"og:url\" content=\"https:\/\/omanivietnam.com\/index.php\/san-pham\/leadshine-863hsm100h-e1\/\" \/>\n<meta property=\"og:site_name\" content=\"OMANI VI\u1ec6T NAM\" \/>\n<meta property=\"og:image\" content=\"https:\/\/omanivietnam.com\/wp-content\/uploads\/2025\/05\/863HSM100H-E1.png\" \/>\n\t<meta property=\"og:image:width\" content=\"475\" \/>\n\t<meta property=\"og:image:height\" content=\"299\" \/>\n\t<meta property=\"og:image:type\" content=\"image\/png\" \/>\n<meta name=\"twitter:card\" content=\"summary_large_image\" \/>\n<meta name=\"twitter:label1\" content=\"\u01af\u1edbc t\u00ednh th\u1eddi gian \u0111\u1ecdc\" \/>\n\t<meta name=\"twitter:data1\" content=\"2 ph\u00fat\" \/>\n<script type=\"application\/ld+json\" class=\"yoast-schema-graph\">{\"@context\":\"https:\/\/schema.org\",\"@graph\":[{\"@type\":\"WebPage\",\"@id\":\"https:\/\/omanivietnam.com\/index.php\/san-pham\/leadshine-863hsm100h-e1\/\",\"url\":\"https:\/\/omanivietnam.com\/index.php\/san-pham\/leadshine-863hsm100h-e1\/\",\"name\":\"LEADSHINE 863HSM100H-E1 - OMANI VI\u1ec6T NAM\",\"isPartOf\":{\"@id\":\"https:\/\/omanivietnam.com\/#website\"},\"primaryImageOfPage\":{\"@id\":\"https:\/\/omanivietnam.com\/index.php\/san-pham\/leadshine-863hsm100h-e1\/#primaryimage\"},\"image\":{\"@id\":\"https:\/\/omanivietnam.com\/index.php\/san-pham\/leadshine-863hsm100h-e1\/#primaryimage\"},\"thumbnailUrl\":\"https:\/\/omanivietnam.com\/wp-content\/uploads\/2025\/05\/863HSM100H-E1.png\",\"datePublished\":\"2025-05-22T15:31:02+00:00\",\"dateModified\":\"2025-05-22T15:31:02+00:00\",\"description\":\"LEADSHINE 863HSM100H-E1 Motor\",\"breadcrumb\":{\"@id\":\"https:\/\/omanivietnam.com\/index.php\/san-pham\/leadshine-863hsm100h-e1\/#breadcrumb\"},\"inLanguage\":\"vi\",\"potentialAction\":[{\"@type\":\"ReadAction\",\"target\":[\"https:\/\/omanivietnam.com\/index.php\/san-pham\/leadshine-863hsm100h-e1\/\"]}]},{\"@type\":\"ImageObject\",\"inLanguage\":\"vi\",\"@id\":\"https:\/\/omanivietnam.com\/index.php\/san-pham\/leadshine-863hsm100h-e1\/#primaryimage\",\"url\":\"https:\/\/omanivietnam.com\/wp-content\/uploads\/2025\/05\/863HSM100H-E1.png\",\"contentUrl\":\"https:\/\/omanivietnam.com\/wp-content\/uploads\/2025\/05\/863HSM100H-E1.png\",\"width\":475,\"height\":299},{\"@type\":\"BreadcrumbList\",\"@id\":\"https:\/\/omanivietnam.com\/index.php\/san-pham\/leadshine-863hsm100h-e1\/#breadcrumb\",\"itemListElement\":[{\"@type\":\"ListItem\",\"position\":1,\"name\":\"Home\",\"item\":\"https:\/\/omanivietnam.com\/\"},{\"@type\":\"ListItem\",\"position\":2,\"name\":\"S\u1ea2N PH\u1ea8M\",\"item\":\"https:\/\/omanivietnam.com\/index.php\/cua-hang\/\"},{\"@type\":\"ListItem\",\"position\":3,\"name\":\"LEADSHINE 863HSM100H-E1\"}]},{\"@type\":\"WebSite\",\"@id\":\"https:\/\/omanivietnam.com\/#website\",\"url\":\"https:\/\/omanivietnam.com\/\",\"name\":\"OMANI VI\u1ec6T NAM\",\"description\":\"Nh\u00e0 ph\u00e2n ph\u1ed1i thi\u1ebft b\u1ecb kh\u00ed n\u00e9n v\u00e0 thi\u1ebft b\u1ecb t\u1ef1 \u0111\u1ed9ng h\u00f3a trong c\u00f4ng nghi\u1ec7p\",\"publisher\":{\"@id\":\"https:\/\/omanivietnam.com\/#\/schema\/person\/0ad398a980dc3fd696111c2c5c8fa897\"},\"potentialAction\":[{\"@type\":\"SearchAction\",\"target\":{\"@type\":\"EntryPoint\",\"urlTemplate\":\"https:\/\/omanivietnam.com\/?s={search_term_string}\"},\"query-input\":\"required name=search_term_string\"}],\"inLanguage\":\"vi\"},{\"@type\":[\"Person\",\"Organization\"],\"@id\":\"https:\/\/omanivietnam.com\/#\/schema\/person\/0ad398a980dc3fd696111c2c5c8fa897\",\"name\":\"Nguy\u1ec5n V\u0103n Kh\u00e1nh\",\"image\":{\"@type\":\"ImageObject\",\"inLanguage\":\"vi\",\"@id\":\"https:\/\/omanivietnam.com\/#\/schema\/person\/image\/\",\"url\":\"https:\/\/omanivietnam.com\/wp-content\/uploads\/2024\/06\/logo-1024x1024.png\",\"contentUrl\":\"https:\/\/omanivietnam.com\/wp-content\/uploads\/2024\/06\/logo-1024x1024.png\",\"width\":1024,\"height\":1024,\"caption\":\"Nguy\u1ec5n V\u0103n Kh\u00e1nh\"},\"logo\":{\"@id\":\"https:\/\/omanivietnam.com\/#\/schema\/person\/image\/\"},\"sameAs\":[\"https:\/\/omanivietnam.com\"]}]}<\/script>\n<!-- \/ Yoast SEO plugin. -->","yoast_head_json":{"title":"LEADSHINE 863HSM100H-E1 - OMANI VI\u1ec6T NAM","description":"LEADSHINE 863HSM100H-E1 Motor","robots":{"index":"index","follow":"follow","max-snippet":"max-snippet:-1","max-image-preview":"max-image-preview:large","max-video-preview":"max-video-preview:-1"},"canonical":"https:\/\/omanivietnam.com\/index.php\/san-pham\/leadshine-863hsm100h-e1\/","og_locale":"vi_VN","og_type":"article","og_title":"LEADSHINE 863HSM100H-E1 - OMANI VI\u1ec6T NAM","og_description":"LEADSHINE 863HSM100H-E1 Motor","og_url":"https:\/\/omanivietnam.com\/index.php\/san-pham\/leadshine-863hsm100h-e1\/","og_site_name":"OMANI VI\u1ec6T NAM","og_image":[{"width":475,"height":299,"url":"https:\/\/omanivietnam.com\/wp-content\/uploads\/2025\/05\/863HSM100H-E1.png","type":"image\/png"}],"twitter_card":"summary_large_image","twitter_misc":{"\u01af\u1edbc t\u00ednh th\u1eddi gian \u0111\u1ecdc":"2 ph\u00fat"},"schema":{"@context":"https:\/\/schema.org","@graph":[{"@type":"WebPage","@id":"https:\/\/omanivietnam.com\/index.php\/san-pham\/leadshine-863hsm100h-e1\/","url":"https:\/\/omanivietnam.com\/index.php\/san-pham\/leadshine-863hsm100h-e1\/","name":"LEADSHINE 863HSM100H-E1 - OMANI VI\u1ec6T NAM","isPartOf":{"@id":"https:\/\/omanivietnam.com\/#website"},"primaryImageOfPage":{"@id":"https:\/\/omanivietnam.com\/index.php\/san-pham\/leadshine-863hsm100h-e1\/#primaryimage"},"image":{"@id":"https:\/\/omanivietnam.com\/index.php\/san-pham\/leadshine-863hsm100h-e1\/#primaryimage"},"thumbnailUrl":"https:\/\/omanivietnam.com\/wp-content\/uploads\/2025\/05\/863HSM100H-E1.png","datePublished":"2025-05-22T15:31:02+00:00","dateModified":"2025-05-22T15:31:02+00:00","description":"LEADSHINE 863HSM100H-E1 Motor","breadcrumb":{"@id":"https:\/\/omanivietnam.com\/index.php\/san-pham\/leadshine-863hsm100h-e1\/#breadcrumb"},"inLanguage":"vi","potentialAction":[{"@type":"ReadAction","target":["https:\/\/omanivietnam.com\/index.php\/san-pham\/leadshine-863hsm100h-e1\/"]}]},{"@type":"ImageObject","inLanguage":"vi","@id":"https:\/\/omanivietnam.com\/index.php\/san-pham\/leadshine-863hsm100h-e1\/#primaryimage","url":"https:\/\/omanivietnam.com\/wp-content\/uploads\/2025\/05\/863HSM100H-E1.png","contentUrl":"https:\/\/omanivietnam.com\/wp-content\/uploads\/2025\/05\/863HSM100H-E1.png","width":475,"height":299},{"@type":"BreadcrumbList","@id":"https:\/\/omanivietnam.com\/index.php\/san-pham\/leadshine-863hsm100h-e1\/#breadcrumb","itemListElement":[{"@type":"ListItem","position":1,"name":"Home","item":"https:\/\/omanivietnam.com\/"},{"@type":"ListItem","position":2,"name":"S\u1ea2N PH\u1ea8M","item":"https:\/\/omanivietnam.com\/index.php\/cua-hang\/"},{"@type":"ListItem","position":3,"name":"LEADSHINE 863HSM100H-E1"}]},{"@type":"WebSite","@id":"https:\/\/omanivietnam.com\/#website","url":"https:\/\/omanivietnam.com\/","name":"OMANI VI\u1ec6T NAM","description":"Nh\u00e0 ph\u00e2n ph\u1ed1i thi\u1ebft b\u1ecb kh\u00ed n\u00e9n v\u00e0 thi\u1ebft b\u1ecb t\u1ef1 \u0111\u1ed9ng h\u00f3a trong c\u00f4ng nghi\u1ec7p","publisher":{"@id":"https:\/\/omanivietnam.com\/#\/schema\/person\/0ad398a980dc3fd696111c2c5c8fa897"},"potentialAction":[{"@type":"SearchAction","target":{"@type":"EntryPoint","urlTemplate":"https:\/\/omanivietnam.com\/?s={search_term_string}"},"query-input":"required name=search_term_string"}],"inLanguage":"vi"},{"@type":["Person","Organization"],"@id":"https:\/\/omanivietnam.com\/#\/schema\/person\/0ad398a980dc3fd696111c2c5c8fa897","name":"Nguy\u1ec5n V\u0103n Kh\u00e1nh","image":{"@type":"ImageObject","inLanguage":"vi","@id":"https:\/\/omanivietnam.com\/#\/schema\/person\/image\/","url":"https:\/\/omanivietnam.com\/wp-content\/uploads\/2024\/06\/logo-1024x1024.png","contentUrl":"https:\/\/omanivietnam.com\/wp-content\/uploads\/2024\/06\/logo-1024x1024.png","width":1024,"height":1024,"caption":"Nguy\u1ec5n V\u0103n Kh\u00e1nh"},"logo":{"@id":"https:\/\/omanivietnam.com\/#\/schema\/person\/image\/"},"sameAs":["https:\/\/omanivietnam.com"]}]}},"_links":{"self":[{"href":"https:\/\/omanivietnam.com\/index.php\/wp-json\/wp\/v2\/product\/3837","targetHints":{"allow":["GET"]}}],"collection":[{"href":"https:\/\/omanivietnam.com\/index.php\/wp-json\/wp\/v2\/product"}],"about":[{"href":"https:\/\/omanivietnam.com\/index.php\/wp-json\/wp\/v2\/types\/product"}],"replies":[{"embeddable":true,"href":"https:\/\/omanivietnam.com\/index.php\/wp-json\/wp\/v2\/comments?post=3837"}],"wp:featuredmedia":[{"embeddable":true,"href":"https:\/\/omanivietnam.com\/index.php\/wp-json\/wp\/v2\/media\/3838"}],"wp:attachment":[{"href":"https:\/\/omanivietnam.com\/index.php\/wp-json\/wp\/v2\/media?parent=3837"}],"wp:term":[{"taxonomy":"product_cat","embeddable":true,"href":"https:\/\/omanivietnam.com\/index.php\/wp-json\/wp\/v2\/product_cat?post=3837"},{"taxonomy":"product_tag","embeddable":true,"href":"https:\/\/omanivietnam.com\/index.php\/wp-json\/wp\/v2\/product_tag?post=3837"}],"curies":[{"name":"wp","href":"https:\/\/api.w.org\/{rel}","templated":true}]}}