{"id":3839,"date":"2025-05-22T23:06:27","date_gmt":"2025-05-22T16:06:27","guid":{"rendered":"https:\/\/omanivietnam.com\/?post_type=product&#038;p=3839"},"modified":"2025-05-22T23:08:12","modified_gmt":"2025-05-22T16:08:12","slug":"takex-gn-t10cr","status":"publish","type":"product","link":"https:\/\/omanivietnam.com\/index.php\/san-pham\/takex-gn-t10cr\/","title":{"rendered":"TAKEX GN-T10CR"},"content":{"rendered":"<p>TAKEX GN-T10CR<\/p>\n<p>TAKEX GN-TR10CR<\/p>\n<p>TAKEX GN-T10CR: GN-TL10CR, GN-TR10CR<\/p>\n<div>\n<h1 class=\"content__heading content__heading--line\">GN Series<\/h1>\n<\/div>\n<div class=\"mb-3 mb-md-4\">\n<ul>\n<li>New type of amplifier built-in photo sensor<\/li>\n<li>Slim and compact side-on models\n<ul>\n<li>Lightweight and compact<br \/>\nThin, space-saving sensor allows flexible mounting<\/li>\n<li>Flat lens less affected by dust and dirt<br \/>\nSuperb stability at high power (detecting distance of 10 m)<\/li>\n<li>High-intensity indicators with excellent visibility<br \/>\nEasy to check if the sensor is operating from a distance<\/li>\n<\/ul>\n<\/li>\n<\/ul>\n<h3>Rating\/Performance\/Specification<\/h3>\n<table class=\"spec_table\">\n<tbody>\n<tr>\n<th>Detection method<\/th>\n<td>Through beam<\/td>\n<\/tr>\n<tr>\n<th>Detecting distance<\/th>\n<td>10m<\/td>\n<\/tr>\n<tr>\n<th>Detection object<\/th>\n<td>dia.6mm (or more) Opaque<\/td>\n<\/tr>\n<tr>\n<th>Power supply<\/th>\n<td>12-24V DC\u00b110% \/ Ripple 10% or less<\/td>\n<\/tr>\n<tr>\n<th>Current consumption<\/th>\n<td>Transmitter: 22mA or less<br \/>\nReceiver: 15mA or less<\/td>\n<\/tr>\n<tr>\n<th>Output mode<\/th>\n<td>NPN open collector<br \/>\nRating: sink current 100mA (30 VDC) or less \/Residual voltage: 1 V or less<\/td>\n<\/tr>\n<tr>\n<th>Operation mode<\/th>\n<td>Light-ON \/ Dark-ON selectable (with switch)<\/td>\n<\/tr>\n<tr>\n<th>Mutual interference prevention function<\/th>\n<td>Anti-interference filter available<br \/>\n(up to 2 sensors)<\/td>\n<\/tr>\n<tr>\n<th>Response time<\/th>\n<td>0.5ms or less<\/td>\n<\/tr>\n<tr>\n<th>Operating angle<\/th>\n<td>10\u00b0 (at receiver)<\/td>\n<\/tr>\n<tr>\n<th>Light source (light wavelength)<\/th>\n<td>Red LED (700nm)<\/td>\n<\/tr>\n<tr>\n<th>Indicator<\/th>\n<td>Transmitter: Power indicator (orange LED)<br \/>\nReceiver: Operation indicator (orange LED),<br \/>\nStability indicator (green LED)<\/td>\n<\/tr>\n<tr>\n<th>Volume (VR)<\/th>\n<td>Sensitivity adjustment (on receiver for through beam type)<\/td>\n<\/tr>\n<tr>\n<th>Switch (SW)<\/th>\n<td>Light-ON \/ Dark-ON selector switch<\/td>\n<\/tr>\n<tr>\n<th>Short circuit protection<\/th>\n<td>Provided<\/td>\n<\/tr>\n<tr>\n<th>Material<\/th>\n<td>Case : Polybutylene terephthalate<br \/>\nLens : Methacrylate<\/td>\n<\/tr>\n<tr>\n<th>Connection<\/th>\n<td>Attached cable (dia.3.5mm)<br \/>\nTransmitter: 0.2 mm<sup>2<\/sup>\u00a0x 2 cores 2m (gray)<br \/>\nReceiver: 0.2 mm<sup>2<\/sup>\u00a0x 3 cores 2m (black)<\/td>\n<\/tr>\n<tr>\n<th>Weight<\/th>\n<td>Transmitter \/ receiver: approx. 60g<\/td>\n<\/tr>\n<tr>\n<th>Accessory<\/th>\n<td>Mounting screws, instruction manual (mounting bracket separately available)<\/td>\n<\/tr>\n<\/tbody>\n<\/table>\n<table class=\"table table-series m-0\">\n<thead>\n<tr>\n<th>Model<\/th>\n<th>Detection method<\/th>\n<th>Detecting distance<\/th>\n<th>Output mode<\/th>\n<th>Connection<\/th>\n<th>Power supply<\/th>\n<th>Protective structure<\/th>\n<th><\/th>\n<\/tr>\n<\/thead>\n<tbody>\n<tr id=\"GN-M2CR\">\n<td>GN-M2CR<\/td>\n<td>Polarized retroreflective<\/td>\n<td>0.03 &#8211; 1.3m<\/td>\n<td>NPN<\/td>\n<td>Attached cable<\/td>\n<td>12 &#8211; 24V DC<\/td>\n<td>IP67<\/td>\n<td><\/td>\n<\/tr>\n<tr id=\"GN-M2CR-J\">\n<td>GN-M2CR-J<\/td>\n<td>Polarized retroreflective<\/td>\n<td>0.03 &#8211; 1.3m<\/td>\n<td>NPN<\/td>\n<td>M8 Connector<\/td>\n<td>12 &#8211; 24V DC<\/td>\n<td>IP67<\/td>\n<td><\/td>\n<\/tr>\n<tr id=\"GN-M2CRPN\">\n<td>GN-M2CRPN<\/td>\n<td>Polarized retroreflective<\/td>\n<td>0.03 &#8211; 1.3m<\/td>\n<td>PNP<\/td>\n<td>Attached cable<\/td>\n<td>12 &#8211; 24V DC<\/td>\n<td>IP67<\/td>\n<td><\/td>\n<\/tr>\n<tr id=\"GN-M2CRPN-J\">\n<td>GN-M2CRPN-J<\/td>\n<td>Polarized retroreflective<\/td>\n<td>0.03 &#8211; 1.3m<\/td>\n<td>PNP<\/td>\n<td>M8 Connector<\/td>\n<td>12 &#8211; 24V DC<\/td>\n<td>IP67<\/td>\n<td><\/td>\n<\/tr>\n<tr id=\"GN-R7C\">\n<td>GN-R7C<\/td>\n<td>Diffuse reflective<\/td>\n<td>70mm<\/td>\n<td>NPN<\/td>\n<td>Attached cable<\/td>\n<td>12 &#8211; 24V DC<\/td>\n<td>IP67<\/td>\n<td><\/td>\n<\/tr>\n<tr id=\"GN-R7C-J\">\n<td>GN-R7C-J<\/td>\n<td>Diffuse reflective<\/td>\n<td>70mm<\/td>\n<td>NPN<\/td>\n<td>M8 Connector<\/td>\n<td>12 &#8211; 24V DC<\/td>\n<td>IP67<\/td>\n<td><\/td>\n<\/tr>\n<tr id=\"GN-R7CPN\">\n<td>GN-R7CPN<\/td>\n<td>Diffuse reflective<\/td>\n<td>70mm<\/td>\n<td>PNP<\/td>\n<td>Attached cable<\/td>\n<td>12 &#8211; 24V DC<\/td>\n<td>IP67<\/td>\n<td><\/td>\n<\/tr>\n<tr id=\"GN-R7CPN-J\">\n<td>GN-R7CPN-J<\/td>\n<td>Diffuse reflective<\/td>\n<td>70mm<\/td>\n<td>PNP<\/td>\n<td>M8 Connector<\/td>\n<td>12 &#8211; 24V DC<\/td>\n<td>IP67<\/td>\n<td><\/td>\n<\/tr>\n<tr id=\"GN-R30C\">\n<td>GN-R30C<\/td>\n<td>Diffuse reflective<\/td>\n<td>300mm<\/td>\n<td>NPN<\/td>\n<td>Attached cable<\/td>\n<td>12 &#8211; 24V DC<\/td>\n<td>IP67<\/td>\n<td><\/td>\n<\/tr>\n<tr id=\"GN-R30C-J\">\n<td>GN-R30C-J<\/td>\n<td>Diffuse reflective<\/td>\n<td>300mm<\/td>\n<td>NPN<\/td>\n<td>M8 Connector<\/td>\n<td>12 &#8211; 24V DC<\/td>\n<td>IP67<\/td>\n<td><\/td>\n<\/tr>\n<tr id=\"GN-R30CPN\">\n<td>GN-R30CPN<\/td>\n<td>Diffuse reflective<\/td>\n<td>300mm<\/td>\n<td>PNP<\/td>\n<td>Attached cable<\/td>\n<td>12 &#8211; 24V DC<\/td>\n<td>IP67<\/td>\n<td>\n<div class=\"no-wrap\"><\/div>\n<\/td>\n<\/tr>\n<tr id=\"GN-R30CPN-J\">\n<td>GN-R30CPN-J<\/td>\n<td>Diffuse reflective<\/td>\n<td>300mm<\/td>\n<td>PNP<\/td>\n<td>M8 Connector<\/td>\n<td>12 &#8211; 24V DC<\/td>\n<td>IP67<\/td>\n<td><\/td>\n<\/tr>\n<tr id=\"GN-R40CR\">\n<td>GN-R40CR<\/td>\n<td>Diffuse reflective<\/td>\n<td>400mm<\/td>\n<td>NPN<\/td>\n<td>Attached cable<\/td>\n<td>12 &#8211; 24V DC<\/td>\n<td>IP67<\/td>\n<td><\/td>\n<\/tr>\n<tr id=\"GN-R40CR-J\">\n<td>GN-R40CR-J<\/td>\n<td>Diffuse reflective<\/td>\n<td>400mm<\/td>\n<td>NPN<\/td>\n<td>M8 Connector<\/td>\n<td>12 &#8211; 24V DC<\/td>\n<td>IP67<\/td>\n<td><\/td>\n<\/tr>\n<tr id=\"GN-R40CRPN\">\n<td>GN-R40CRPN<\/td>\n<td>Diffuse reflective<\/td>\n<td>400mm<\/td>\n<td>PNP<\/td>\n<td>Attached cable<\/td>\n<td>12 &#8211; 24V DC<\/td>\n<td>IP67<\/td>\n<td><\/td>\n<\/tr>\n<tr id=\"GN-R40CRPN-J\">\n<td>GN-R40CRPN-J<\/td>\n<td>Diffuse reflective<\/td>\n<td>400mm<\/td>\n<td>PNP<\/td>\n<td>M8 Connector<\/td>\n<td>12 &#8211; 24V DC<\/td>\n<td>IP67<\/td>\n<td>\n<div class=\"no-wrap\"><\/div>\n<\/td>\n<\/tr>\n<tr id=\"GN-T7C\">\n<td>GN-T7C<\/td>\n<td>Through beam<\/td>\n<td>7m<\/td>\n<td>NPN<\/td>\n<td>Attached cable<\/td>\n<td>12 &#8211; 24V DC<\/td>\n<td>IP67<\/td>\n<td><\/td>\n<\/tr>\n<tr id=\"GN-T7C-J\">\n<td>GN-T7C-J<\/td>\n<td>Through beam<\/td>\n<td>7m<\/td>\n<td>NPN<\/td>\n<td>M8 Connector<\/td>\n<td>12 &#8211; 24V DC<\/td>\n<td>IP67<\/td>\n<td><\/td>\n<\/tr>\n<tr id=\"GN-T7CPN\">\n<td>GN-T7CPN<\/td>\n<td>Through beam<\/td>\n<td>7m<\/td>\n<td>PNP<\/td>\n<td>Attached cable<\/td>\n<td>12 &#8211; 24V DC<\/td>\n<td>IP67<\/td>\n<td><\/td>\n<\/tr>\n<tr id=\"GN-T7CPN-J\">\n<td>GN-T7CPN-J<\/td>\n<td>Through beam<\/td>\n<td>7m<\/td>\n<td>PNP<\/td>\n<td>Attached cable<\/td>\n<td>12 &#8211; 24V DC<\/td>\n<td>IP67<\/td>\n<td><\/td>\n<\/tr>\n<tr id=\"GN-T10CR\">\n<td>GN-T10CR<\/td>\n<td>Through beam<\/td>\n<td>10m<\/td>\n<td>NPN<\/td>\n<td>Attached cable<\/td>\n<td>12 &#8211; 24V DC<\/td>\n<td>IP67<\/td>\n<td><\/td>\n<\/tr>\n<tr id=\"GN-T10CR-J\">\n<td>GN-T10CR-J<\/td>\n<td>Through beam<\/td>\n<td>10m<\/td>\n<td>NPN<\/td>\n<td>M8 Connector<\/td>\n<td>12 &#8211; 24V DC<\/td>\n<td>IP67<\/td>\n<td><\/td>\n<\/tr>\n<tr id=\"GN-T10CRPN\">\n<td>GN-T10CRPN<\/td>\n<td>Through beam<\/td>\n<td>10m<\/td>\n<td>PNP<\/td>\n<td>Attached cable<\/td>\n<td>12 &#8211; 24V DC<\/td>\n<td>IP67<\/td>\n<td><\/td>\n<\/tr>\n<tr id=\"GN-T10CRPN-J\">\n<td>GN-T10CRPN-J<\/td>\n<td>Through beam<\/td>\n<td>10m<\/td>\n<td>PNP<\/td>\n<td>M8 Connector<\/td>\n<td>12 &#8211; 24V DC<\/td>\n<td>IP67<\/td>\n<td><\/td>\n<\/tr>\n<tr id=\"GN-Z3C\">\n<td>GN-Z3C<\/td>\n<td>Convergent reflective<\/td>\n<td>1 &#8211; 40mm<\/td>\n<td>NPN<\/td>\n<td>Attached cable<\/td>\n<td>12 &#8211; 24V DC<\/td>\n<td>IP67<\/td>\n<td><\/td>\n<\/tr>\n<tr id=\"GN-Z3C-J\">\n<td>GN-Z3C-J<\/td>\n<td>Convergent reflective<\/td>\n<td>1 &#8211; 40mm<\/td>\n<td>NPN<\/td>\n<td>M8 Connector<\/td>\n<td>12 &#8211; 24V DC<\/td>\n<td>IP67<\/td>\n<td><\/td>\n<\/tr>\n<tr id=\"GN-Z3CPN\">\n<td>GN-Z3CPN<\/td>\n<td>Convergent reflective<\/td>\n<td>1 &#8211; 40mm<\/td>\n<td>PNP<\/td>\n<td>Attached cable<\/td>\n<td>12 &#8211; 24V DC<\/td>\n<td>IP67<\/td>\n<td><\/td>\n<\/tr>\n<tr id=\"GN-Z3CPN-J\">\n<td>GN-Z3CPN-J<\/td>\n<td>Convergent reflective<\/td>\n<td>1 &#8211; 40mm<\/td>\n<td>PNP<\/td>\n<td>M8 Connector<\/td>\n<td>12 &#8211; 24V DC<\/td>\n<td>IP67<\/td>\n<td>\n<div class=\"no-wrap\"><\/div>\n<\/td>\n<\/tr>\n<tr id=\"GN-Z3CR\">\n<td>GN-Z3CR<\/td>\n<td>Convergent reflective<\/td>\n<td>3 &#8211; 30mm<\/td>\n<td>NPN<\/td>\n<td>Attached cable<\/td>\n<td>12 &#8211; 24V DC<\/td>\n<td>IP67<\/td>\n<td><\/td>\n<\/tr>\n<tr id=\"GN-Z3CR-J\">\n<td>GN-Z3CR-J<\/td>\n<td>Convergent reflective<\/td>\n<td>3 &#8211; 30mm<\/td>\n<td>NPN<\/td>\n<td>M8 Connector<\/td>\n<td>12 &#8211; 24V DC<\/td>\n<td>IP67<\/td>\n<td><\/td>\n<\/tr>\n<tr id=\"GN-Z3CRPN\">\n<td>GN-Z3CRPN<\/td>\n<td>Convergent reflective<\/td>\n<td>3 &#8211; 30mm<\/td>\n<td>PNP<\/td>\n<td>Attached cable<\/td>\n<td>12 &#8211; 24V DC<\/td>\n<td>IP67<\/td>\n<td><\/td>\n<\/tr>\n<tr id=\"GN-Z3CRPN-J\">\n<td>GN-Z3CRPN-J<\/td>\n<td>Convergent reflective<\/td>\n<td>3 &#8211; 30mm<\/td>\n<td>PNP<\/td>\n<td>M8 Connector<\/td>\n<td>12 &#8211; 24V DC<\/td>\n<td>IP67<\/td>\n<\/tr>\n<\/tbody>\n<\/table>\n<\/div>\n","protected":false},"excerpt":{"rendered":"<p>TAKEX GN-T10CR TAKEX GN-TR10CR TAKEX GN-T10CR: GN-TL10CR, GN-TR10CR GN Series New type of amplifier built-in photo sensor Slim and compact side-on models Lightweight and compact Thin, space-saving sensor allows flexible mounting Flat lens less affected by dust and dirt Superb stability at high power (detecting distance of 10 m) High-intensity&hellip; <\/p>\n","protected":false},"featured_media":3840,"comment_status":"open","ping_status":"closed","template":"","meta":[],"product_cat":[285],"product_tag":[88,192,191],"class_list":{"0":"post-3839","1":"product","2":"type-product","3":"status-publish","4":"has-post-thumbnail","6":"product_cat-takex","7":"product_tag-cam-bien","8":"product_tag-dai-ly-takex-viet-nam","9":"product_tag-takex-viet-nam","11":"first","12":"instock","13":"shipping-taxable","14":"product-type-simple"},"yoast_head":"<!-- This site is optimized with the Yoast SEO plugin v22.8 - https:\/\/yoast.com\/wordpress\/plugins\/seo\/ -->\n<title>TAKEX GN-T10CR - OMANI VI\u1ec6T NAM<\/title>\n<meta name=\"description\" content=\"TAKEX GN-T10CR Photoelectric switch sensor\" \/>\n<meta name=\"robots\" content=\"index, follow, max-snippet:-1, max-image-preview:large, max-video-preview:-1\" \/>\n<link rel=\"canonical\" href=\"https:\/\/omanivietnam.com\/index.php\/san-pham\/takex-gn-t10cr\/\" \/>\n<meta property=\"og:locale\" content=\"vi_VN\" \/>\n<meta property=\"og:type\" content=\"article\" \/>\n<meta property=\"og:title\" content=\"TAKEX GN-T10CR - OMANI VI\u1ec6T NAM\" \/>\n<meta property=\"og:description\" content=\"TAKEX GN-T10CR Photoelectric switch sensor\" \/>\n<meta property=\"og:url\" content=\"https:\/\/omanivietnam.com\/index.php\/san-pham\/takex-gn-t10cr\/\" \/>\n<meta property=\"og:site_name\" content=\"OMANI VI\u1ec6T NAM\" \/>\n<meta property=\"article:modified_time\" content=\"2025-05-22T16:08:12+00:00\" \/>\n<meta property=\"og:image\" content=\"https:\/\/omanivietnam.com\/wp-content\/uploads\/2025\/05\/GN-T10CR.png\" \/>\n\t<meta property=\"og:image:width\" content=\"434\" \/>\n\t<meta property=\"og:image:height\" content=\"389\" \/>\n\t<meta property=\"og:image:type\" content=\"image\/png\" \/>\n<meta name=\"twitter:card\" content=\"summary_large_image\" \/>\n<meta name=\"twitter:label1\" content=\"\u01af\u1edbc t\u00ednh th\u1eddi gian \u0111\u1ecdc\" \/>\n\t<meta name=\"twitter:data1\" content=\"4 ph\u00fat\" \/>\n<script type=\"application\/ld+json\" class=\"yoast-schema-graph\">{\"@context\":\"https:\/\/schema.org\",\"@graph\":[{\"@type\":\"WebPage\",\"@id\":\"https:\/\/omanivietnam.com\/index.php\/san-pham\/takex-gn-t10cr\/\",\"url\":\"https:\/\/omanivietnam.com\/index.php\/san-pham\/takex-gn-t10cr\/\",\"name\":\"TAKEX GN-T10CR - OMANI VI\u1ec6T NAM\",\"isPartOf\":{\"@id\":\"https:\/\/omanivietnam.com\/#website\"},\"primaryImageOfPage\":{\"@id\":\"https:\/\/omanivietnam.com\/index.php\/san-pham\/takex-gn-t10cr\/#primaryimage\"},\"image\":{\"@id\":\"https:\/\/omanivietnam.com\/index.php\/san-pham\/takex-gn-t10cr\/#primaryimage\"},\"thumbnailUrl\":\"https:\/\/omanivietnam.com\/wp-content\/uploads\/2025\/05\/GN-T10CR.png\",\"datePublished\":\"2025-05-22T16:06:27+00:00\",\"dateModified\":\"2025-05-22T16:08:12+00:00\",\"description\":\"TAKEX GN-T10CR Photoelectric switch sensor\",\"breadcrumb\":{\"@id\":\"https:\/\/omanivietnam.com\/index.php\/san-pham\/takex-gn-t10cr\/#breadcrumb\"},\"inLanguage\":\"vi\",\"potentialAction\":[{\"@type\":\"ReadAction\",\"target\":[\"https:\/\/omanivietnam.com\/index.php\/san-pham\/takex-gn-t10cr\/\"]}]},{\"@type\":\"ImageObject\",\"inLanguage\":\"vi\",\"@id\":\"https:\/\/omanivietnam.com\/index.php\/san-pham\/takex-gn-t10cr\/#primaryimage\",\"url\":\"https:\/\/omanivietnam.com\/wp-content\/uploads\/2025\/05\/GN-T10CR.png\",\"contentUrl\":\"https:\/\/omanivietnam.com\/wp-content\/uploads\/2025\/05\/GN-T10CR.png\",\"width\":434,\"height\":389},{\"@type\":\"BreadcrumbList\",\"@id\":\"https:\/\/omanivietnam.com\/index.php\/san-pham\/takex-gn-t10cr\/#breadcrumb\",\"itemListElement\":[{\"@type\":\"ListItem\",\"position\":1,\"name\":\"Home\",\"item\":\"https:\/\/omanivietnam.com\/\"},{\"@type\":\"ListItem\",\"position\":2,\"name\":\"S\u1ea2N PH\u1ea8M\",\"item\":\"https:\/\/omanivietnam.com\/index.php\/cua-hang\/\"},{\"@type\":\"ListItem\",\"position\":3,\"name\":\"TAKEX GN-T10CR\"}]},{\"@type\":\"WebSite\",\"@id\":\"https:\/\/omanivietnam.com\/#website\",\"url\":\"https:\/\/omanivietnam.com\/\",\"name\":\"OMANI VI\u1ec6T NAM\",\"description\":\"Nh\u00e0 ph\u00e2n ph\u1ed1i thi\u1ebft b\u1ecb kh\u00ed n\u00e9n v\u00e0 thi\u1ebft b\u1ecb t\u1ef1 \u0111\u1ed9ng h\u00f3a trong c\u00f4ng nghi\u1ec7p\",\"publisher\":{\"@id\":\"https:\/\/omanivietnam.com\/#\/schema\/person\/0ad398a980dc3fd696111c2c5c8fa897\"},\"potentialAction\":[{\"@type\":\"SearchAction\",\"target\":{\"@type\":\"EntryPoint\",\"urlTemplate\":\"https:\/\/omanivietnam.com\/?s={search_term_string}\"},\"query-input\":\"required name=search_term_string\"}],\"inLanguage\":\"vi\"},{\"@type\":[\"Person\",\"Organization\"],\"@id\":\"https:\/\/omanivietnam.com\/#\/schema\/person\/0ad398a980dc3fd696111c2c5c8fa897\",\"name\":\"Nguy\u1ec5n V\u0103n Kh\u00e1nh\",\"image\":{\"@type\":\"ImageObject\",\"inLanguage\":\"vi\",\"@id\":\"https:\/\/omanivietnam.com\/#\/schema\/person\/image\/\",\"url\":\"https:\/\/omanivietnam.com\/wp-content\/uploads\/2024\/06\/logo-1024x1024.png\",\"contentUrl\":\"https:\/\/omanivietnam.com\/wp-content\/uploads\/2024\/06\/logo-1024x1024.png\",\"width\":1024,\"height\":1024,\"caption\":\"Nguy\u1ec5n V\u0103n Kh\u00e1nh\"},\"logo\":{\"@id\":\"https:\/\/omanivietnam.com\/#\/schema\/person\/image\/\"},\"sameAs\":[\"https:\/\/omanivietnam.com\"]}]}<\/script>\n<!-- \/ Yoast SEO plugin. -->","yoast_head_json":{"title":"TAKEX GN-T10CR - OMANI VI\u1ec6T NAM","description":"TAKEX GN-T10CR Photoelectric switch sensor","robots":{"index":"index","follow":"follow","max-snippet":"max-snippet:-1","max-image-preview":"max-image-preview:large","max-video-preview":"max-video-preview:-1"},"canonical":"https:\/\/omanivietnam.com\/index.php\/san-pham\/takex-gn-t10cr\/","og_locale":"vi_VN","og_type":"article","og_title":"TAKEX GN-T10CR - OMANI VI\u1ec6T NAM","og_description":"TAKEX GN-T10CR Photoelectric switch sensor","og_url":"https:\/\/omanivietnam.com\/index.php\/san-pham\/takex-gn-t10cr\/","og_site_name":"OMANI VI\u1ec6T NAM","article_modified_time":"2025-05-22T16:08:12+00:00","og_image":[{"width":434,"height":389,"url":"https:\/\/omanivietnam.com\/wp-content\/uploads\/2025\/05\/GN-T10CR.png","type":"image\/png"}],"twitter_card":"summary_large_image","twitter_misc":{"\u01af\u1edbc t\u00ednh th\u1eddi gian \u0111\u1ecdc":"4 ph\u00fat"},"schema":{"@context":"https:\/\/schema.org","@graph":[{"@type":"WebPage","@id":"https:\/\/omanivietnam.com\/index.php\/san-pham\/takex-gn-t10cr\/","url":"https:\/\/omanivietnam.com\/index.php\/san-pham\/takex-gn-t10cr\/","name":"TAKEX GN-T10CR - OMANI VI\u1ec6T NAM","isPartOf":{"@id":"https:\/\/omanivietnam.com\/#website"},"primaryImageOfPage":{"@id":"https:\/\/omanivietnam.com\/index.php\/san-pham\/takex-gn-t10cr\/#primaryimage"},"image":{"@id":"https:\/\/omanivietnam.com\/index.php\/san-pham\/takex-gn-t10cr\/#primaryimage"},"thumbnailUrl":"https:\/\/omanivietnam.com\/wp-content\/uploads\/2025\/05\/GN-T10CR.png","datePublished":"2025-05-22T16:06:27+00:00","dateModified":"2025-05-22T16:08:12+00:00","description":"TAKEX GN-T10CR Photoelectric switch sensor","breadcrumb":{"@id":"https:\/\/omanivietnam.com\/index.php\/san-pham\/takex-gn-t10cr\/#breadcrumb"},"inLanguage":"vi","potentialAction":[{"@type":"ReadAction","target":["https:\/\/omanivietnam.com\/index.php\/san-pham\/takex-gn-t10cr\/"]}]},{"@type":"ImageObject","inLanguage":"vi","@id":"https:\/\/omanivietnam.com\/index.php\/san-pham\/takex-gn-t10cr\/#primaryimage","url":"https:\/\/omanivietnam.com\/wp-content\/uploads\/2025\/05\/GN-T10CR.png","contentUrl":"https:\/\/omanivietnam.com\/wp-content\/uploads\/2025\/05\/GN-T10CR.png","width":434,"height":389},{"@type":"BreadcrumbList","@id":"https:\/\/omanivietnam.com\/index.php\/san-pham\/takex-gn-t10cr\/#breadcrumb","itemListElement":[{"@type":"ListItem","position":1,"name":"Home","item":"https:\/\/omanivietnam.com\/"},{"@type":"ListItem","position":2,"name":"S\u1ea2N PH\u1ea8M","item":"https:\/\/omanivietnam.com\/index.php\/cua-hang\/"},{"@type":"ListItem","position":3,"name":"TAKEX GN-T10CR"}]},{"@type":"WebSite","@id":"https:\/\/omanivietnam.com\/#website","url":"https:\/\/omanivietnam.com\/","name":"OMANI VI\u1ec6T NAM","description":"Nh\u00e0 ph\u00e2n ph\u1ed1i thi\u1ebft b\u1ecb kh\u00ed n\u00e9n v\u00e0 thi\u1ebft b\u1ecb t\u1ef1 \u0111\u1ed9ng h\u00f3a trong c\u00f4ng nghi\u1ec7p","publisher":{"@id":"https:\/\/omanivietnam.com\/#\/schema\/person\/0ad398a980dc3fd696111c2c5c8fa897"},"potentialAction":[{"@type":"SearchAction","target":{"@type":"EntryPoint","urlTemplate":"https:\/\/omanivietnam.com\/?s={search_term_string}"},"query-input":"required name=search_term_string"}],"inLanguage":"vi"},{"@type":["Person","Organization"],"@id":"https:\/\/omanivietnam.com\/#\/schema\/person\/0ad398a980dc3fd696111c2c5c8fa897","name":"Nguy\u1ec5n V\u0103n Kh\u00e1nh","image":{"@type":"ImageObject","inLanguage":"vi","@id":"https:\/\/omanivietnam.com\/#\/schema\/person\/image\/","url":"https:\/\/omanivietnam.com\/wp-content\/uploads\/2024\/06\/logo-1024x1024.png","contentUrl":"https:\/\/omanivietnam.com\/wp-content\/uploads\/2024\/06\/logo-1024x1024.png","width":1024,"height":1024,"caption":"Nguy\u1ec5n V\u0103n Kh\u00e1nh"},"logo":{"@id":"https:\/\/omanivietnam.com\/#\/schema\/person\/image\/"},"sameAs":["https:\/\/omanivietnam.com"]}]}},"_links":{"self":[{"href":"https:\/\/omanivietnam.com\/index.php\/wp-json\/wp\/v2\/product\/3839","targetHints":{"allow":["GET"]}}],"collection":[{"href":"https:\/\/omanivietnam.com\/index.php\/wp-json\/wp\/v2\/product"}],"about":[{"href":"https:\/\/omanivietnam.com\/index.php\/wp-json\/wp\/v2\/types\/product"}],"replies":[{"embeddable":true,"href":"https:\/\/omanivietnam.com\/index.php\/wp-json\/wp\/v2\/comments?post=3839"}],"wp:featuredmedia":[{"embeddable":true,"href":"https:\/\/omanivietnam.com\/index.php\/wp-json\/wp\/v2\/media\/3840"}],"wp:attachment":[{"href":"https:\/\/omanivietnam.com\/index.php\/wp-json\/wp\/v2\/media?parent=3839"}],"wp:term":[{"taxonomy":"product_cat","embeddable":true,"href":"https:\/\/omanivietnam.com\/index.php\/wp-json\/wp\/v2\/product_cat?post=3839"},{"taxonomy":"product_tag","embeddable":true,"href":"https:\/\/omanivietnam.com\/index.php\/wp-json\/wp\/v2\/product_tag?post=3839"}],"curies":[{"name":"wp","href":"https:\/\/api.w.org\/{rel}","templated":true}]}}