{"id":3856,"date":"2025-05-24T20:49:22","date_gmt":"2025-05-24T13:49:22","guid":{"rendered":"https:\/\/omanivietnam.com\/?post_type=product&#038;p=3856"},"modified":"2025-05-24T20:49:22","modified_gmt":"2025-05-24T13:49:22","slug":"camozzi-32f3a063a050","status":"publish","type":"product","link":"https:\/\/omanivietnam.com\/index.php\/san-pham\/camozzi-32f3a063a050\/","title":{"rendered":"CAMOZZI 32F3A063A050"},"content":{"rendered":"<p>CAMOZZI 32F3A063A050<\/p>\n<p>CAMOZZI 32F3A025A030<\/p>\n<div class=\"spec spec-exp\"><span class=\"ask\">M\u00e3 h\u00e0ng:<\/span><span class=\"answer\">32F3A063A050<\/span><\/div>\n<div class=\"spec spec-exp\"><span class=\"ask\">Thi\u1ebft b\u1ecb:<\/span><span class=\"answer\">Xi lanh kh\u00ed n\u00e9n, Cylinder<\/span><\/div>\n<div class=\"spec spec-exp\"><span class=\"ask\">Series:6<\/span><span class=\"answer\">3<\/span><\/div>\n<div class=\"spec spec-exp\"><span class=\"ask\">H\u00e3ng s\u1ea3n xu\u1ea5t:<\/span><span class=\"answer\">Camozzi<\/span><\/div>\n<div class=\"spec spec-exp\"><span class=\"ask\">Xu\u1ea5t x\u1ee9 th\u01b0\u01a1ng hi\u1ec7u:<\/span><span class=\"answer\">Italy<\/span><\/div>\n<div><\/div>\n<div>\n<div class=\"spec spec-exp\"><span class=\"font-600 mr-1\">Technical<\/span><\/div>\n<div class=\"spec spec-exp\"><span class=\"ask\">Version:<\/span><span class=\"answer\">Female rod thread<\/span><\/div>\n<div class=\"spec spec-exp\"><span class=\"ask\">Operation:<\/span><span class=\"answer\">Double-acting, through-rod<\/span><\/div>\n<div class=\"spec spec-exp\"><span class=\"ask\">Materials:<\/span><span class=\"answer\">Anodized aluminium body, end blocks and piston, PU seals<\/span><\/div>\n<div class=\"spec spec-exp\"><span class=\"ask\">Bore size:<\/span><span class=\"answer\">63 mm<\/span><\/div>\n<div class=\"spec spec-exp\"><span class=\"ask\">Cylinder stroke:<\/span><span class=\"answer\">50 mm<\/span><\/div>\n<div class=\"spec spec-exp\"><span class=\"ask\">Option:<\/span><span class=\"answer\">Standard<\/span><\/div>\n<\/div>\n<div><\/div>\n<div>\n<p class=\"product-title\">FEMALE THREAD ROD DOUBLE ACTING COMPACT CYLINDER REF. CAMOZZI 32F3A063A050<\/p>\n<\/div>\n<div>\n<h3 class=\"color-red\">Description:<\/h3>\n<p>Pneumatic device that transforms the energy of the compressed air into a pressing force.<br \/>\nPneumatic cylinders are mechanical devices that exert a force by converting the potential energy that comes from a compressed gas into kinetic energy.<br \/>\nPneumatics is the technology that uses compressed air to operate different mechanisms. In the industrial sector it is used in multiple processes and applications.<\/p>\n<h5>Product Description<\/h5>\n<div class=\"product-description\">Camozzi series 32 cylinders are suitable for installation in confined spaces. Being in compliance with the ISO 21287 standard, the series have the advantage that they can be used in conjunction with mountings\/accessories suitable for other standard cylinders DIN\/ISO 6431 \/ VDMA 24562 (series 60\/61). Part Reference: 32F2A063A050<\/div>\n<div>We provide a wide range of high quality pneumatic components for industrial automation capable of making the difference within the industry. Featuring a diverse product line-up featuring FRL units, pneumatic and solenoid valves, pneumatic cylinders and a wide range of cylinder accessories!<\/div>\n<\/div>\n<div><\/div>\n<div>\n<h5>Product Specifications<\/h5>\n<section class=\"product-features\">\n<dl class=\"data-sheet\">\n<dt class=\"name\">Product Type Cylinders<\/dt>\n<dt class=\"name\">Body Material Aluminium<\/dt>\n<dt class=\"name\">Function<\/dt>\n<dd class=\"value\">Double Acting<br \/>\nSingle Acting<\/dd>\n<dd class=\"value\">Bore (mm) 63<\/dd>\n<dt class=\"name\">Stroke (mm) 50<\/dt>\n<\/dl>\n<\/section>\n<\/div>\n","protected":false},"excerpt":{"rendered":"<p>CAMOZZI 32F3A063A050 CAMOZZI 32F3A025A030 M\u00e3 h\u00e0ng:32F3A063A050 Thi\u1ebft b\u1ecb:Xi lanh kh\u00ed n\u00e9n, Cylinder Series:63 H\u00e3ng s\u1ea3n xu\u1ea5t:Camozzi Xu\u1ea5t x\u1ee9 th\u01b0\u01a1ng hi\u1ec7u:Italy Technical Version:Female rod thread Operation:Double-acting, through-rod Materials:Anodized aluminium body, end blocks and piston, PU seals Bore size:63 mm Cylinder stroke:50 mm Option:Standard FEMALE THREAD ROD DOUBLE ACTING COMPACT CYLINDER REF.&hellip; <\/p>\n","protected":false},"featured_media":3857,"comment_status":"open","ping_status":"closed","template":"","meta":[],"product_cat":[301],"product_tag":[96,97,98],"class_list":{"0":"post-3856","1":"product","2":"type-product","3":"status-publish","4":"has-post-thumbnail","6":"product_cat-camozzi","7":"product_tag-camozzi-viet-nam","8":"product_tag-dai-ly-camozzi-viet-nam","9":"product_tag-xy-lanh-khi","11":"first","12":"instock","13":"shipping-taxable","14":"product-type-simple"},"yoast_head":"<!-- This site is optimized with the Yoast SEO plugin v22.8 - https:\/\/yoast.com\/wordpress\/plugins\/seo\/ -->\n<title>CAMOZZI 32F3A063A050 - OMANI VI\u1ec6T NAM<\/title>\n<meta name=\"description\" content=\"CAMOZZI 32F3A063A050 Cylinder\" \/>\n<meta name=\"robots\" content=\"index, follow, max-snippet:-1, max-image-preview:large, max-video-preview:-1\" \/>\n<link rel=\"canonical\" href=\"https:\/\/omanivietnam.com\/index.php\/san-pham\/camozzi-32f3a063a050\/\" \/>\n<meta property=\"og:locale\" content=\"vi_VN\" \/>\n<meta property=\"og:type\" content=\"article\" \/>\n<meta property=\"og:title\" content=\"CAMOZZI 32F3A063A050 - OMANI VI\u1ec6T NAM\" \/>\n<meta property=\"og:description\" content=\"CAMOZZI 32F3A063A050 Cylinder\" \/>\n<meta property=\"og:url\" content=\"https:\/\/omanivietnam.com\/index.php\/san-pham\/camozzi-32f3a063a050\/\" \/>\n<meta property=\"og:site_name\" content=\"OMANI VI\u1ec6T NAM\" \/>\n<meta property=\"og:image\" content=\"https:\/\/omanivietnam.com\/wp-content\/uploads\/2025\/05\/32F3A063A050.png\" \/>\n\t<meta property=\"og:image:width\" content=\"1134\" \/>\n\t<meta property=\"og:image:height\" content=\"737\" \/>\n\t<meta property=\"og:image:type\" content=\"image\/png\" \/>\n<meta name=\"twitter:card\" content=\"summary_large_image\" \/>\n<meta name=\"twitter:label1\" content=\"\u01af\u1edbc t\u00ednh th\u1eddi gian \u0111\u1ecdc\" \/>\n\t<meta name=\"twitter:data1\" content=\"2 ph\u00fat\" \/>\n<script type=\"application\/ld+json\" class=\"yoast-schema-graph\">{\"@context\":\"https:\/\/schema.org\",\"@graph\":[{\"@type\":\"WebPage\",\"@id\":\"https:\/\/omanivietnam.com\/index.php\/san-pham\/camozzi-32f3a063a050\/\",\"url\":\"https:\/\/omanivietnam.com\/index.php\/san-pham\/camozzi-32f3a063a050\/\",\"name\":\"CAMOZZI 32F3A063A050 - OMANI VI\u1ec6T NAM\",\"isPartOf\":{\"@id\":\"https:\/\/omanivietnam.com\/#website\"},\"primaryImageOfPage\":{\"@id\":\"https:\/\/omanivietnam.com\/index.php\/san-pham\/camozzi-32f3a063a050\/#primaryimage\"},\"image\":{\"@id\":\"https:\/\/omanivietnam.com\/index.php\/san-pham\/camozzi-32f3a063a050\/#primaryimage\"},\"thumbnailUrl\":\"https:\/\/omanivietnam.com\/wp-content\/uploads\/2025\/05\/32F3A063A050.png\",\"datePublished\":\"2025-05-24T13:49:22+00:00\",\"dateModified\":\"2025-05-24T13:49:22+00:00\",\"description\":\"CAMOZZI 32F3A063A050 Cylinder\",\"breadcrumb\":{\"@id\":\"https:\/\/omanivietnam.com\/index.php\/san-pham\/camozzi-32f3a063a050\/#breadcrumb\"},\"inLanguage\":\"vi\",\"potentialAction\":[{\"@type\":\"ReadAction\",\"target\":[\"https:\/\/omanivietnam.com\/index.php\/san-pham\/camozzi-32f3a063a050\/\"]}]},{\"@type\":\"ImageObject\",\"inLanguage\":\"vi\",\"@id\":\"https:\/\/omanivietnam.com\/index.php\/san-pham\/camozzi-32f3a063a050\/#primaryimage\",\"url\":\"https:\/\/omanivietnam.com\/wp-content\/uploads\/2025\/05\/32F3A063A050.png\",\"contentUrl\":\"https:\/\/omanivietnam.com\/wp-content\/uploads\/2025\/05\/32F3A063A050.png\",\"width\":1134,\"height\":737},{\"@type\":\"BreadcrumbList\",\"@id\":\"https:\/\/omanivietnam.com\/index.php\/san-pham\/camozzi-32f3a063a050\/#breadcrumb\",\"itemListElement\":[{\"@type\":\"ListItem\",\"position\":1,\"name\":\"Home\",\"item\":\"https:\/\/omanivietnam.com\/\"},{\"@type\":\"ListItem\",\"position\":2,\"name\":\"S\u1ea2N PH\u1ea8M\",\"item\":\"https:\/\/omanivietnam.com\/index.php\/cua-hang\/\"},{\"@type\":\"ListItem\",\"position\":3,\"name\":\"CAMOZZI 32F3A063A050\"}]},{\"@type\":\"WebSite\",\"@id\":\"https:\/\/omanivietnam.com\/#website\",\"url\":\"https:\/\/omanivietnam.com\/\",\"name\":\"OMANI VI\u1ec6T NAM\",\"description\":\"Nh\u00e0 ph\u00e2n ph\u1ed1i thi\u1ebft b\u1ecb kh\u00ed n\u00e9n v\u00e0 thi\u1ebft b\u1ecb t\u1ef1 \u0111\u1ed9ng h\u00f3a trong c\u00f4ng nghi\u1ec7p\",\"publisher\":{\"@id\":\"https:\/\/omanivietnam.com\/#\/schema\/person\/0ad398a980dc3fd696111c2c5c8fa897\"},\"potentialAction\":[{\"@type\":\"SearchAction\",\"target\":{\"@type\":\"EntryPoint\",\"urlTemplate\":\"https:\/\/omanivietnam.com\/?s={search_term_string}\"},\"query-input\":\"required name=search_term_string\"}],\"inLanguage\":\"vi\"},{\"@type\":[\"Person\",\"Organization\"],\"@id\":\"https:\/\/omanivietnam.com\/#\/schema\/person\/0ad398a980dc3fd696111c2c5c8fa897\",\"name\":\"Nguy\u1ec5n V\u0103n Kh\u00e1nh\",\"image\":{\"@type\":\"ImageObject\",\"inLanguage\":\"vi\",\"@id\":\"https:\/\/omanivietnam.com\/#\/schema\/person\/image\/\",\"url\":\"https:\/\/omanivietnam.com\/wp-content\/uploads\/2024\/06\/logo-1024x1024.png\",\"contentUrl\":\"https:\/\/omanivietnam.com\/wp-content\/uploads\/2024\/06\/logo-1024x1024.png\",\"width\":1024,\"height\":1024,\"caption\":\"Nguy\u1ec5n V\u0103n Kh\u00e1nh\"},\"logo\":{\"@id\":\"https:\/\/omanivietnam.com\/#\/schema\/person\/image\/\"},\"sameAs\":[\"https:\/\/omanivietnam.com\"]}]}<\/script>\n<!-- \/ Yoast SEO plugin. -->","yoast_head_json":{"title":"CAMOZZI 32F3A063A050 - OMANI VI\u1ec6T NAM","description":"CAMOZZI 32F3A063A050 Cylinder","robots":{"index":"index","follow":"follow","max-snippet":"max-snippet:-1","max-image-preview":"max-image-preview:large","max-video-preview":"max-video-preview:-1"},"canonical":"https:\/\/omanivietnam.com\/index.php\/san-pham\/camozzi-32f3a063a050\/","og_locale":"vi_VN","og_type":"article","og_title":"CAMOZZI 32F3A063A050 - OMANI VI\u1ec6T NAM","og_description":"CAMOZZI 32F3A063A050 Cylinder","og_url":"https:\/\/omanivietnam.com\/index.php\/san-pham\/camozzi-32f3a063a050\/","og_site_name":"OMANI VI\u1ec6T NAM","og_image":[{"width":1134,"height":737,"url":"https:\/\/omanivietnam.com\/wp-content\/uploads\/2025\/05\/32F3A063A050.png","type":"image\/png"}],"twitter_card":"summary_large_image","twitter_misc":{"\u01af\u1edbc t\u00ednh th\u1eddi gian \u0111\u1ecdc":"2 ph\u00fat"},"schema":{"@context":"https:\/\/schema.org","@graph":[{"@type":"WebPage","@id":"https:\/\/omanivietnam.com\/index.php\/san-pham\/camozzi-32f3a063a050\/","url":"https:\/\/omanivietnam.com\/index.php\/san-pham\/camozzi-32f3a063a050\/","name":"CAMOZZI 32F3A063A050 - OMANI VI\u1ec6T NAM","isPartOf":{"@id":"https:\/\/omanivietnam.com\/#website"},"primaryImageOfPage":{"@id":"https:\/\/omanivietnam.com\/index.php\/san-pham\/camozzi-32f3a063a050\/#primaryimage"},"image":{"@id":"https:\/\/omanivietnam.com\/index.php\/san-pham\/camozzi-32f3a063a050\/#primaryimage"},"thumbnailUrl":"https:\/\/omanivietnam.com\/wp-content\/uploads\/2025\/05\/32F3A063A050.png","datePublished":"2025-05-24T13:49:22+00:00","dateModified":"2025-05-24T13:49:22+00:00","description":"CAMOZZI 32F3A063A050 Cylinder","breadcrumb":{"@id":"https:\/\/omanivietnam.com\/index.php\/san-pham\/camozzi-32f3a063a050\/#breadcrumb"},"inLanguage":"vi","potentialAction":[{"@type":"ReadAction","target":["https:\/\/omanivietnam.com\/index.php\/san-pham\/camozzi-32f3a063a050\/"]}]},{"@type":"ImageObject","inLanguage":"vi","@id":"https:\/\/omanivietnam.com\/index.php\/san-pham\/camozzi-32f3a063a050\/#primaryimage","url":"https:\/\/omanivietnam.com\/wp-content\/uploads\/2025\/05\/32F3A063A050.png","contentUrl":"https:\/\/omanivietnam.com\/wp-content\/uploads\/2025\/05\/32F3A063A050.png","width":1134,"height":737},{"@type":"BreadcrumbList","@id":"https:\/\/omanivietnam.com\/index.php\/san-pham\/camozzi-32f3a063a050\/#breadcrumb","itemListElement":[{"@type":"ListItem","position":1,"name":"Home","item":"https:\/\/omanivietnam.com\/"},{"@type":"ListItem","position":2,"name":"S\u1ea2N PH\u1ea8M","item":"https:\/\/omanivietnam.com\/index.php\/cua-hang\/"},{"@type":"ListItem","position":3,"name":"CAMOZZI 32F3A063A050"}]},{"@type":"WebSite","@id":"https:\/\/omanivietnam.com\/#website","url":"https:\/\/omanivietnam.com\/","name":"OMANI VI\u1ec6T NAM","description":"Nh\u00e0 ph\u00e2n ph\u1ed1i thi\u1ebft b\u1ecb kh\u00ed n\u00e9n v\u00e0 thi\u1ebft b\u1ecb t\u1ef1 \u0111\u1ed9ng h\u00f3a trong c\u00f4ng nghi\u1ec7p","publisher":{"@id":"https:\/\/omanivietnam.com\/#\/schema\/person\/0ad398a980dc3fd696111c2c5c8fa897"},"potentialAction":[{"@type":"SearchAction","target":{"@type":"EntryPoint","urlTemplate":"https:\/\/omanivietnam.com\/?s={search_term_string}"},"query-input":"required name=search_term_string"}],"inLanguage":"vi"},{"@type":["Person","Organization"],"@id":"https:\/\/omanivietnam.com\/#\/schema\/person\/0ad398a980dc3fd696111c2c5c8fa897","name":"Nguy\u1ec5n V\u0103n Kh\u00e1nh","image":{"@type":"ImageObject","inLanguage":"vi","@id":"https:\/\/omanivietnam.com\/#\/schema\/person\/image\/","url":"https:\/\/omanivietnam.com\/wp-content\/uploads\/2024\/06\/logo-1024x1024.png","contentUrl":"https:\/\/omanivietnam.com\/wp-content\/uploads\/2024\/06\/logo-1024x1024.png","width":1024,"height":1024,"caption":"Nguy\u1ec5n V\u0103n Kh\u00e1nh"},"logo":{"@id":"https:\/\/omanivietnam.com\/#\/schema\/person\/image\/"},"sameAs":["https:\/\/omanivietnam.com"]}]}},"_links":{"self":[{"href":"https:\/\/omanivietnam.com\/index.php\/wp-json\/wp\/v2\/product\/3856","targetHints":{"allow":["GET"]}}],"collection":[{"href":"https:\/\/omanivietnam.com\/index.php\/wp-json\/wp\/v2\/product"}],"about":[{"href":"https:\/\/omanivietnam.com\/index.php\/wp-json\/wp\/v2\/types\/product"}],"replies":[{"embeddable":true,"href":"https:\/\/omanivietnam.com\/index.php\/wp-json\/wp\/v2\/comments?post=3856"}],"wp:featuredmedia":[{"embeddable":true,"href":"https:\/\/omanivietnam.com\/index.php\/wp-json\/wp\/v2\/media\/3857"}],"wp:attachment":[{"href":"https:\/\/omanivietnam.com\/index.php\/wp-json\/wp\/v2\/media?parent=3856"}],"wp:term":[{"taxonomy":"product_cat","embeddable":true,"href":"https:\/\/omanivietnam.com\/index.php\/wp-json\/wp\/v2\/product_cat?post=3856"},{"taxonomy":"product_tag","embeddable":true,"href":"https:\/\/omanivietnam.com\/index.php\/wp-json\/wp\/v2\/product_tag?post=3856"}],"curies":[{"name":"wp","href":"https:\/\/api.w.org\/{rel}","templated":true}]}}