{"id":3858,"date":"2025-05-24T20:54:00","date_gmt":"2025-05-24T13:54:00","guid":{"rendered":"https:\/\/omanivietnam.com\/?post_type=product&#038;p=3858"},"modified":"2025-05-24T20:54:00","modified_gmt":"2025-05-24T13:54:00","slug":"pil-p49-30-m18-i-cm12-s346","status":"publish","type":"product","link":"https:\/\/omanivietnam.com\/index.php\/san-pham\/pil-p49-30-m18-i-cm12-s346\/","title":{"rendered":"PIL P49-30-M18-I-CM12-S346"},"content":{"rendered":"<p>PIL P49-30-M18-I-CM12-S346<\/p>\n<p><strong>C\u1ea3m bi\u1ebfn si\u00eau \u00e2m \u0111o m\u1ee9c P49-50-M18-U-CM12 (500mm, 0-10V) c\u1ee7a H\u00e3ng PIL &#8211; Germany\u00a0<\/strong>l\u00e0 c\u1ea3m bi\u1ebfn \u0111o kho\u1ea3ng c\u00e1ch s\u1eed d\u1ee5ng nguy\u00ean l\u00fd s\u00f3ng si\u00eau \u00e2m ph\u00e1t ra v\u00e0 thu v\u1ec1 \u0111\u1ec3 t\u00ednh to\u00e1n ch\u00ednh x\u00e1c kho\u1ea3ng c\u00e1ch t\u1eeb c\u1ea3m bi\u1ebfn t\u1edbi b\u1ec1 m\u1eb7t v\u1eadt th\u1ec3 c\u1ea7n \u0111o chuy\u00ean d\u00f9ng \u0111\u1ec3 \u0111o m\u1ee9c n\u01b0\u1edbc, \u0111o m\u1ee9c d\u1ea7u, \u0111o m\u1ee9c ch\u1ea5t l\u1ecfng v\u1edbi \u0111\u1ed9 ch\u00ednh x\u00e1c cao d\u00f9ng \u0111\u1ec3 k\u1ebft n\u1ed1i, \u0111i\u1ec1u khi\u1ec3n v\u00e0 hi\u1ec3n th\u1ecb m\u1ee9c l\u01b0u ch\u1ea5t, kho\u1ea3ng c\u00e1ch c\u1ea7n \u0111o trong c\u00e1c \u1ee9ng d\u1ee5ng c\u00f4ng nghi\u1ec7p v\u00e0 nh\u00e0 m\u00e1y.<\/p>\n<p><strong>Nguy\u00ean l\u00fd ho\u1ea1t \u0111\u1ed9ng c\u1ee7a c\u1ea3m bi\u1ebfn si\u00eau \u00e2m<\/strong><\/p>\n<p>C\u1ea3m bi\u1ebfn si\u00eau \u00e2m s\u1eed d\u1ee5ng nguy\u00ean l\u00fd thu ph\u00e1t s\u00f3ng si\u00eau \u00e2m \u0111\u1ec3 t\u00ednh to\u00e1n kho\u1ea3ng c\u00e1ch t\u1eeb c\u1ea3m bi\u1ebfn \u0111\u1ebfn b\u1ec1 m\u1eb7t c\u1ea7n \u0111o d\u1ef1a tr\u00ean qu\u00e1 tr\u00ecnh s\u00f3ng si\u00eau \u00e2m ph\u00e1t \u0111i v\u00e0 thu v\u1ec1 trong m\u1ed9t \u0111\u01a1n v\u1ecb th\u1eddi gian.<br \/>\nC\u1ea3m bi\u1ebfn si\u00eau \u00e2m s\u1eed d\u1ee5ng b\u01b0\u1edbc s\u00f3ng ng\u1eafn n\u00ean kh\u00f4ng b\u1ecb \u1ea3nh h\u01b0\u1edfng b\u1edfi nhi\u1ec5u m\u00f4i tr\u01b0\u1eddng, \u00e1nh s\u00e1ng n\u00ean c\u00f3 th\u1ec3 d\u00f9ng ngo\u00e0i tr\u1eddi, tuy nhi\u00ean c\u1ea7n b\u1ea3o v\u1ec7 c\u1ea3m bi\u1ebfn kh\u1ecfi t\u00e1c \u0111\u00f4ng tr\u1ef1c ti\u1ebfp c\u1ee7a th\u1eddi ti\u1ebft.<\/p>\n<p><strong>D\u1ea3i \u0111o c\u1ee7a c\u1ea3m bi\u1ebfn si\u00eau \u00e2m<\/strong><\/p>\n<p>C\u1ea3m bi\u1ebfn si\u00eau \u00e2m th\u01b0\u1eddng c\u00f3 c\u00e1c k\u00edch th\u01b0\u1edbc nh\u01b0 c\u1ea3m bi\u1ebfn si\u00eau \u00e2m M12, c\u1ea3m bi\u1ebfn si\u00eau \u00e2m M18, c\u1ea3m bi\u1ebfn si\u00eau \u00e2m M30 ho\u1eb7c d\u1ea1ng g\u1eafn m\u1eb7t b\u00edch. Do nguy\u00ean l\u00fd ho\u1ea1t \u0111\u1ed9ng l\u00e0 d\u1ea1ng s\u00f3ng \u00e2m h\u00ecnh n\u00f3n n\u00ean d\u1ea3i \u0111o c\u1ee7a c\u1ea3m bi\u1ebfn si\u00eau \u00e2m th\u01b0\u1eddng ng\u1eafn h\u01a1n c\u00e1c lo\u1ea1i c\u1ea3m bi\u1ebfn Laser, Radar.<\/p>\n<p><strong>Ng\u00f5 ra c\u1ee7a c\u1ea3m bi\u1ebfn si\u00eau \u00e2m<\/strong><\/p>\n<p>C\u1ea3m bi\u1ebfn si\u00eau \u00e2m \u0111\u01b0\u1ee3c s\u1eed d\u1ee5ng r\u1ed9ng r\u00e3i v\u1edbi nhi\u1ec1u ng\u00f5 ra kh\u00e1c nhau. Trong th\u1ef1c t\u1ebf ch\u00fang ta th\u01b0\u1eddng th\u1ea5y m\u1ed9t s\u1ed1 ng\u00f5 ra ph\u1ed5 bi\u1ebfn nh\u01b0 sau: c\u1ea3m bi\u1ebfn si\u00eau \u00e2m ng\u00f5 ra 4-20 mA, c\u1ea3m bi\u1ebfn si\u00eau \u00e2m ng\u00f5 ra 0-10V c\u1ea3m bi\u1ebfn si\u00eau \u00e2m ng\u00f5 ra PNP, c\u1ea3m bi\u1ebfn si\u00eau \u00e2m ng\u00f5 ra NPN, c\u1ea3m bi\u1ebfn si\u00eau \u00e2m ng\u00f5 ra Relay, c\u1ea3m bi\u1ebfn si\u00eau \u00e2m ng\u00f5 ra NO\/NC. T\u00f9y theo m\u1ee5c \u0111\u00edch s\u1eed d\u1ee5ng v\u00e0 \u0111i\u1ec1u khi\u1ec3n m\u00e0 ch\u00fang ta ch\u1ecdn lo\u1ea1i c\u1ea3m bi\u1ebfn si\u00eau \u00e2m c\u00f3 ng\u00f5 ra ph\u00f9 h\u1ee3p.<\/p>\n<p><strong>\u1ee8ng d\u1ee5ng c\u1ee7a c\u1ea3m bi\u1ebfn si\u00eau \u00e2m<\/strong><\/p>\n<p>C\u1ea3m bi\u1ebfn si\u00eau \u00e2m th\u01b0\u1eddng \u0111\u01b0\u1ee3c s\u1eed d\u1ee5ng r\u1ed9ng r\u00e3i trong th\u1ef1c t\u1ebf d\u00f9ng \u0111\u1ec3 \u0111o kho\u1ea3ng c\u00e1ch, \u0111o m\u1ee9c n\u01b0\u1edbc, \u0111o m\u1ee9c d\u1ea7u, \u0111o m\u1ee9c ch\u1ea5t l\u1ecfng, \u0111o m\u1ee9c h\u00f3a ch\u1ea5t. C\u1ea3m bi\u1ebfn si\u00eau \u00e2m c\u1ee7ng th\u01b0\u1eddng \u0111\u01b0\u1ee3c d\u00f9ng cho c\u00e1c \u1ee9ng \u1ee9ng trong ng\u00e0nh in nh\u01b0 ph\u00e1t hi\u1ec7n 2 t\u1edd, ph\u00e1t hi\u1ec7n gi\u1ea5y \u0111\u00fap. C\u1ea3m bi\u1ebfn si\u00eau \u00e2m c\u00f3 th\u1ec3 \u0111\u01b0\u1ee3c d\u00f9ng \u0111\u1ec3 b\u00e1o v\u1eadt c\u1ea3n trong kho\u1ea3ng l\u00e0m vi\u1ec7c c\u1ee7a n\u00f3 b\u1eb1ng c\u00e1ch \u0111\u1eb7t 2 c\u1ea3m bi\u1ebfn 2 \u0111\u1ea7u \u0111\u1ed1i x\u1ee9ng nhau \u0111\u1ec3 gi\u00e1m s\u00e1t v\u00f9ng l\u00e0m vi\u1ec7c gi\u1eefa 2 v\u1ecb tr\u00ed \u0111\u00f3.\u00a0C\u1ea3m bi\u1ebfn si\u00eau c\u00f3 c\u1ea5u t\u1ea1o t\u1eeb nhi\u1ec1u v\u1eadt li\u1ec7u kh\u00e1c nhau nh\u01b0 nh\u1ef1a, th\u00e9p kh\u00f4ng r\u1ec9 \u0111\u1ec3 ph\u00f9 h\u1ee3p v\u1edbi m\u00f4i tr\u01b0\u1eddng l\u00e0m vi\u1ec7c kh\u00e1c nhau.<\/p>\n<p>&#8211; C\u1ea3m bi\u1ebfn si\u00eau \u00e2m \u0111o m\u1ee9c n\u01b0\u1edbc<br \/>\n&#8211; C\u1ea3m bi\u1ebfn si\u00eau \u00e2m \u0111o m\u1ee9c d\u1ea7u<br \/>\n&#8211; C\u1ea3m bi\u1ebfn si\u00eau \u00e2m b\u00e1o v\u1eadt c\u1ea3n<br \/>\n&#8211; C\u1ea3m bi\u1ebfn si\u00eau \u00e2m \u0111o kho\u1ea3ng c\u00e1ch<br \/>\n&#8211; C\u1ea3m bi\u1ebfn si\u00eau \u00e2m \u0111o m\u1ee9c h\u00f3a ch\u1ea5t<br \/>\n&#8211; C\u1ea3m bi\u1ebfn si\u00eau \u00e2m ph\u00e1t hi\u1ec7n 2 t\u1edd gi\u1ea5y \u0111\u00fap<br \/>\n&#8211; C\u1ea3m bi\u1ebfn si\u00eau \u00e2m \u0111o \u0111\u1ed9 d\u00e0y<\/p>\n<p><strong>Th\u00f4ng s\u1ed1 k\u1ef9 thu\u1eadt c\u1ee7a c\u1ea3m bi\u1ebfn si\u00eau \u00e2m\u00a0<\/strong><strong>P43-50-M18-U-CM12 (500mm, 0-10V)\u200b<\/strong><\/p>\n<p>&#8211; D\u1ea3i \u0111o: 60-500mm<br \/>\n&#8211; Ng\u00f5 ra: 0-10V<br \/>\n&#8211; K\u1ebft n\u1ed1i: ch\u00e2n c\u1eafm M12<\/p>\n<p>&#8211; Ngu\u1ed3n c\u1ea5p: 12-30 VDC<br \/>\n&#8211; Ch\u1ea5t li\u1ec7u: PBT<br \/>\n&#8211; M\u1ee9c \u0111\u1ed9 b\u1ea3o v\u1ec7: IP65<br \/>\n&#8211; Xu\u1ea5t x\u1ee9 PIL\/Germany<br \/>\n&#8211; Ch\u1ee9ng ch\u1ec9 CO\/CQ \u0111\u1ea7y \u0111\u1ee7<br \/>\n&#8211; B\u1ea3o h\u00e0nh 12 th\u00e1ng 1 \u0111\u1ed5i 1<\/p>\n<h3><strong>P49-30-M18-I-CM12-S346| Ultrasonic Barriers of the Series P49<\/strong><\/h3>\n<p>&nbsp;<\/p>\n<table border=\"1\" cellspacing=\"1\" cellpadding=\"1\" align=\"center\">\n<thead>\n<tr>\n<th>Type \/ PDF Datasheet<\/th>\n<th>Sensing Distance mm<\/th>\n<th>Output<\/th>\n<th>Connection<\/th>\n<th>Adjustment Setpoint<\/th>\n<th>Housing<\/th>\n<\/tr>\n<\/thead>\n<tbody>\n<tr>\n<td rowspan=\"1\">P49-600-Q50-PNO-CM12<\/td>\n<td rowspan=\"1\">600 &#8211; 6000<\/td>\n<td rowspan=\"1\">1 x PNP, NO<\/td>\n<td rowspan=\"1\">CM12<\/td>\n<td rowspan=\"1\">Cable Teach-In<\/td>\n<td rowspan=\"1\">Q50, PBT<\/td>\n<\/tr>\n<tr>\n<td rowspan=\"1\">P49-600-Q50-U-CM12<\/td>\n<td rowspan=\"1\">&#8220;<\/td>\n<td rowspan=\"1\">0 .. 10V<\/td>\n<td rowspan=\"1\">&#8220;<\/td>\n<td rowspan=\"1\">&#8220;<\/td>\n<td rowspan=\"1\">&#8220;<\/td>\n<\/tr>\n<tr>\n<td rowspan=\"1\">P49-350-M30-PNO-CM12<\/td>\n<td rowspan=\"1\">350 &#8211; 3500<\/td>\n<td rowspan=\"1\">1 PNP, NO<\/td>\n<td rowspan=\"1\">&#8220;<\/td>\n<td rowspan=\"1\">&#8220;<\/td>\n<td rowspan=\"1\">M30, PBT<\/td>\n<\/tr>\n<tr>\n<td rowspan=\"1\">P49-350-M30-U-CM12<\/td>\n<td rowspan=\"1\">&#8220;<\/td>\n<td rowspan=\"1\">0 .. 10V<\/td>\n<td rowspan=\"1\">&#8220;<\/td>\n<td rowspan=\"1\">&#8220;<\/td>\n<td rowspan=\"1\">&#8220;<\/td>\n<\/tr>\n<tr>\n<td rowspan=\"1\">P49-200-M18-PNO-CM12<\/td>\n<td rowspan=\"1\">200 &#8211; 2000<\/td>\n<td rowspan=\"1\">1 x PNP, NO<\/td>\n<td rowspan=\"1\">&#8220;<\/td>\n<td rowspan=\"1\">&#8220;<\/td>\n<td rowspan=\"1\">M18, PBT<\/td>\n<\/tr>\n<tr>\n<td rowspan=\"1\">P49-200-M18-U-CM12<\/td>\n<td rowspan=\"1\">&#8220;<\/td>\n<td rowspan=\"1\">0 .. 10V<\/td>\n<td rowspan=\"1\">&#8220;<\/td>\n<td rowspan=\"1\">&#8220;<\/td>\n<td rowspan=\"1\">&#8220;<\/td>\n<\/tr>\n<tr>\n<td rowspan=\"1\">P49-160-M18-PNO-CM12<\/td>\n<td rowspan=\"1\">80 &#8211; 1600<\/td>\n<td rowspan=\"1\">1 x PNP, NO<\/td>\n<td rowspan=\"1\">&#8220;<\/td>\n<td rowspan=\"1\">&#8220;<\/td>\n<td rowspan=\"1\">&#8220;<\/td>\n<\/tr>\n<tr>\n<td rowspan=\"1\">P49-160-M18-U-CM12<\/td>\n<td rowspan=\"1\">&#8220;<\/td>\n<td rowspan=\"1\">0 .. 10V<\/td>\n<td rowspan=\"1\">&#8220;<\/td>\n<td rowspan=\"1\">&#8220;<\/td>\n<td rowspan=\"1\">&#8220;<\/td>\n<\/tr>\n<tr>\n<td rowspan=\"1\">P49-80-M18-PNO-CM12<\/td>\n<td rowspan=\"1\">100 &#8211; 800<\/td>\n<td rowspan=\"1\">1 x PNP, NO<\/td>\n<td rowspan=\"1\">&#8220;<\/td>\n<td rowspan=\"1\">&#8220;<\/td>\n<td rowspan=\"1\">&#8220;<\/td>\n<\/tr>\n<tr>\n<td rowspan=\"1\">P49-80-M18-U-CM12<\/td>\n<td rowspan=\"1\">&#8220;<\/td>\n<td rowspan=\"1\">0 .. 10V<\/td>\n<td rowspan=\"1\">&#8220;<\/td>\n<td rowspan=\"1\">&#8220;<\/td>\n<td rowspan=\"1\">&#8220;<\/td>\n<\/tr>\n<tr>\n<td rowspan=\"1\">P49-50-M18-PNO-CM12<\/td>\n<td rowspan=\"1\">60 &#8211; 500<\/td>\n<td rowspan=\"1\">1 x PNP, NO<\/td>\n<td rowspan=\"1\">&#8220;<\/td>\n<td rowspan=\"1\">&#8220;<\/td>\n<td rowspan=\"1\">&#8220;<\/td>\n<\/tr>\n<tr>\n<td rowspan=\"1\">P49-50-M18-U-CM12<\/td>\n<td rowspan=\"1\">&#8220;<\/td>\n<td rowspan=\"1\">0 .. 10V<\/td>\n<td rowspan=\"1\">&#8220;<\/td>\n<td rowspan=\"1\">&#8220;<\/td>\n<td rowspan=\"1\">&#8220;<\/td>\n<\/tr>\n<tr>\n<td rowspan=\"1\">P49-40-M18-PNO-CM12<\/td>\n<td rowspan=\"1\">30 &#8211; 400<\/td>\n<td rowspan=\"1\">1 x PNP, NO<\/td>\n<td rowspan=\"1\">&#8220;<\/td>\n<td rowspan=\"1\">&#8220;<\/td>\n<td rowspan=\"1\">&#8220;<\/td>\n<\/tr>\n<tr>\n<td rowspan=\"1\">P49-40-M18-U-CM12<\/td>\n<td rowspan=\"1\">&#8220;<\/td>\n<td rowspan=\"1\">0 .. 10V<\/td>\n<td rowspan=\"1\">&#8220;<\/td>\n<td rowspan=\"1\">&#8220;<\/td>\n<td rowspan=\"1\">&#8220;<\/td>\n<\/tr>\n<\/tbody>\n<\/table>\n","protected":false},"excerpt":{"rendered":"<p>PIL P49-30-M18-I-CM12-S346 C\u1ea3m bi\u1ebfn si\u00eau \u00e2m \u0111o m\u1ee9c P49-50-M18-U-CM12 (500mm, 0-10V) c\u1ee7a H\u00e3ng PIL &#8211; Germany\u00a0l\u00e0 c\u1ea3m bi\u1ebfn \u0111o kho\u1ea3ng c\u00e1ch s\u1eed d\u1ee5ng nguy\u00ean l\u00fd s\u00f3ng si\u00eau \u00e2m ph\u00e1t ra v\u00e0 thu v\u1ec1 \u0111\u1ec3 t\u00ednh to\u00e1n ch\u00ednh x\u00e1c kho\u1ea3ng c\u00e1ch t\u1eeb c\u1ea3m bi\u1ebfn t\u1edbi b\u1ec1 m\u1eb7t v\u1eadt th\u1ec3 c\u1ea7n \u0111o&hellip; <\/p>\n","protected":false},"featured_media":3859,"comment_status":"open","ping_status":"closed","template":"","meta":[],"product_cat":[741],"product_tag":[88,743,742],"class_list":{"0":"post-3858","1":"product","2":"type-product","3":"status-publish","4":"has-post-thumbnail","6":"product_cat-pil","7":"product_tag-cam-bien","8":"product_tag-dai-ly-pil-viet-nam","9":"product_tag-pil-viet-nam","11":"first","12":"instock","13":"shipping-taxable","14":"product-type-simple"},"yoast_head":"<!-- This site is optimized with the Yoast SEO plugin v22.8 - https:\/\/yoast.com\/wordpress\/plugins\/seo\/ -->\n<title>PIL P49-30-M18-I-CM12-S346 - OMANI VI\u1ec6T NAM<\/title>\n<meta name=\"description\" content=\"PIL P49-30-M18-I-CM12-S346 Ultrasonic Distance Sensor\" \/>\n<meta name=\"robots\" content=\"index, follow, max-snippet:-1, max-image-preview:large, max-video-preview:-1\" \/>\n<link rel=\"canonical\" href=\"https:\/\/omanivietnam.com\/index.php\/san-pham\/pil-p49-30-m18-i-cm12-s346\/\" \/>\n<meta property=\"og:locale\" content=\"vi_VN\" \/>\n<meta property=\"og:type\" content=\"article\" \/>\n<meta property=\"og:title\" content=\"PIL P49-30-M18-I-CM12-S346 - OMANI VI\u1ec6T NAM\" \/>\n<meta property=\"og:description\" content=\"PIL P49-30-M18-I-CM12-S346 Ultrasonic Distance Sensor\" \/>\n<meta property=\"og:url\" content=\"https:\/\/omanivietnam.com\/index.php\/san-pham\/pil-p49-30-m18-i-cm12-s346\/\" \/>\n<meta property=\"og:site_name\" content=\"OMANI VI\u1ec6T NAM\" \/>\n<meta property=\"og:image\" content=\"https:\/\/omanivietnam.com\/wp-content\/uploads\/2025\/05\/P49-30-M18-I-CM12-S346.png\" \/>\n\t<meta property=\"og:image:width\" content=\"1234\" \/>\n\t<meta property=\"og:image:height\" content=\"863\" \/>\n\t<meta property=\"og:image:type\" content=\"image\/png\" \/>\n<meta name=\"twitter:card\" content=\"summary_large_image\" \/>\n<meta name=\"twitter:label1\" content=\"\u01af\u1edbc t\u00ednh th\u1eddi gian \u0111\u1ecdc\" \/>\n\t<meta name=\"twitter:data1\" content=\"4 ph\u00fat\" \/>\n<script type=\"application\/ld+json\" class=\"yoast-schema-graph\">{\"@context\":\"https:\/\/schema.org\",\"@graph\":[{\"@type\":\"WebPage\",\"@id\":\"https:\/\/omanivietnam.com\/index.php\/san-pham\/pil-p49-30-m18-i-cm12-s346\/\",\"url\":\"https:\/\/omanivietnam.com\/index.php\/san-pham\/pil-p49-30-m18-i-cm12-s346\/\",\"name\":\"PIL P49-30-M18-I-CM12-S346 - OMANI VI\u1ec6T NAM\",\"isPartOf\":{\"@id\":\"https:\/\/omanivietnam.com\/#website\"},\"primaryImageOfPage\":{\"@id\":\"https:\/\/omanivietnam.com\/index.php\/san-pham\/pil-p49-30-m18-i-cm12-s346\/#primaryimage\"},\"image\":{\"@id\":\"https:\/\/omanivietnam.com\/index.php\/san-pham\/pil-p49-30-m18-i-cm12-s346\/#primaryimage\"},\"thumbnailUrl\":\"https:\/\/omanivietnam.com\/wp-content\/uploads\/2025\/05\/P49-30-M18-I-CM12-S346.png\",\"datePublished\":\"2025-05-24T13:54:00+00:00\",\"dateModified\":\"2025-05-24T13:54:00+00:00\",\"description\":\"PIL P49-30-M18-I-CM12-S346 Ultrasonic Distance Sensor\",\"breadcrumb\":{\"@id\":\"https:\/\/omanivietnam.com\/index.php\/san-pham\/pil-p49-30-m18-i-cm12-s346\/#breadcrumb\"},\"inLanguage\":\"vi\",\"potentialAction\":[{\"@type\":\"ReadAction\",\"target\":[\"https:\/\/omanivietnam.com\/index.php\/san-pham\/pil-p49-30-m18-i-cm12-s346\/\"]}]},{\"@type\":\"ImageObject\",\"inLanguage\":\"vi\",\"@id\":\"https:\/\/omanivietnam.com\/index.php\/san-pham\/pil-p49-30-m18-i-cm12-s346\/#primaryimage\",\"url\":\"https:\/\/omanivietnam.com\/wp-content\/uploads\/2025\/05\/P49-30-M18-I-CM12-S346.png\",\"contentUrl\":\"https:\/\/omanivietnam.com\/wp-content\/uploads\/2025\/05\/P49-30-M18-I-CM12-S346.png\",\"width\":1234,\"height\":863},{\"@type\":\"BreadcrumbList\",\"@id\":\"https:\/\/omanivietnam.com\/index.php\/san-pham\/pil-p49-30-m18-i-cm12-s346\/#breadcrumb\",\"itemListElement\":[{\"@type\":\"ListItem\",\"position\":1,\"name\":\"Home\",\"item\":\"https:\/\/omanivietnam.com\/\"},{\"@type\":\"ListItem\",\"position\":2,\"name\":\"S\u1ea2N PH\u1ea8M\",\"item\":\"https:\/\/omanivietnam.com\/index.php\/cua-hang\/\"},{\"@type\":\"ListItem\",\"position\":3,\"name\":\"PIL P49-30-M18-I-CM12-S346\"}]},{\"@type\":\"WebSite\",\"@id\":\"https:\/\/omanivietnam.com\/#website\",\"url\":\"https:\/\/omanivietnam.com\/\",\"name\":\"OMANI VI\u1ec6T NAM\",\"description\":\"Nh\u00e0 ph\u00e2n ph\u1ed1i thi\u1ebft b\u1ecb kh\u00ed n\u00e9n v\u00e0 thi\u1ebft b\u1ecb t\u1ef1 \u0111\u1ed9ng h\u00f3a trong c\u00f4ng nghi\u1ec7p\",\"publisher\":{\"@id\":\"https:\/\/omanivietnam.com\/#\/schema\/person\/0ad398a980dc3fd696111c2c5c8fa897\"},\"potentialAction\":[{\"@type\":\"SearchAction\",\"target\":{\"@type\":\"EntryPoint\",\"urlTemplate\":\"https:\/\/omanivietnam.com\/?s={search_term_string}\"},\"query-input\":\"required name=search_term_string\"}],\"inLanguage\":\"vi\"},{\"@type\":[\"Person\",\"Organization\"],\"@id\":\"https:\/\/omanivietnam.com\/#\/schema\/person\/0ad398a980dc3fd696111c2c5c8fa897\",\"name\":\"Nguy\u1ec5n V\u0103n Kh\u00e1nh\",\"image\":{\"@type\":\"ImageObject\",\"inLanguage\":\"vi\",\"@id\":\"https:\/\/omanivietnam.com\/#\/schema\/person\/image\/\",\"url\":\"https:\/\/omanivietnam.com\/wp-content\/uploads\/2024\/06\/logo-1024x1024.png\",\"contentUrl\":\"https:\/\/omanivietnam.com\/wp-content\/uploads\/2024\/06\/logo-1024x1024.png\",\"width\":1024,\"height\":1024,\"caption\":\"Nguy\u1ec5n V\u0103n Kh\u00e1nh\"},\"logo\":{\"@id\":\"https:\/\/omanivietnam.com\/#\/schema\/person\/image\/\"},\"sameAs\":[\"https:\/\/omanivietnam.com\"]}]}<\/script>\n<!-- \/ Yoast SEO plugin. -->","yoast_head_json":{"title":"PIL P49-30-M18-I-CM12-S346 - OMANI VI\u1ec6T NAM","description":"PIL P49-30-M18-I-CM12-S346 Ultrasonic Distance Sensor","robots":{"index":"index","follow":"follow","max-snippet":"max-snippet:-1","max-image-preview":"max-image-preview:large","max-video-preview":"max-video-preview:-1"},"canonical":"https:\/\/omanivietnam.com\/index.php\/san-pham\/pil-p49-30-m18-i-cm12-s346\/","og_locale":"vi_VN","og_type":"article","og_title":"PIL P49-30-M18-I-CM12-S346 - OMANI VI\u1ec6T NAM","og_description":"PIL P49-30-M18-I-CM12-S346 Ultrasonic Distance Sensor","og_url":"https:\/\/omanivietnam.com\/index.php\/san-pham\/pil-p49-30-m18-i-cm12-s346\/","og_site_name":"OMANI VI\u1ec6T NAM","og_image":[{"width":1234,"height":863,"url":"https:\/\/omanivietnam.com\/wp-content\/uploads\/2025\/05\/P49-30-M18-I-CM12-S346.png","type":"image\/png"}],"twitter_card":"summary_large_image","twitter_misc":{"\u01af\u1edbc t\u00ednh th\u1eddi gian \u0111\u1ecdc":"4 ph\u00fat"},"schema":{"@context":"https:\/\/schema.org","@graph":[{"@type":"WebPage","@id":"https:\/\/omanivietnam.com\/index.php\/san-pham\/pil-p49-30-m18-i-cm12-s346\/","url":"https:\/\/omanivietnam.com\/index.php\/san-pham\/pil-p49-30-m18-i-cm12-s346\/","name":"PIL P49-30-M18-I-CM12-S346 - OMANI VI\u1ec6T NAM","isPartOf":{"@id":"https:\/\/omanivietnam.com\/#website"},"primaryImageOfPage":{"@id":"https:\/\/omanivietnam.com\/index.php\/san-pham\/pil-p49-30-m18-i-cm12-s346\/#primaryimage"},"image":{"@id":"https:\/\/omanivietnam.com\/index.php\/san-pham\/pil-p49-30-m18-i-cm12-s346\/#primaryimage"},"thumbnailUrl":"https:\/\/omanivietnam.com\/wp-content\/uploads\/2025\/05\/P49-30-M18-I-CM12-S346.png","datePublished":"2025-05-24T13:54:00+00:00","dateModified":"2025-05-24T13:54:00+00:00","description":"PIL P49-30-M18-I-CM12-S346 Ultrasonic Distance Sensor","breadcrumb":{"@id":"https:\/\/omanivietnam.com\/index.php\/san-pham\/pil-p49-30-m18-i-cm12-s346\/#breadcrumb"},"inLanguage":"vi","potentialAction":[{"@type":"ReadAction","target":["https:\/\/omanivietnam.com\/index.php\/san-pham\/pil-p49-30-m18-i-cm12-s346\/"]}]},{"@type":"ImageObject","inLanguage":"vi","@id":"https:\/\/omanivietnam.com\/index.php\/san-pham\/pil-p49-30-m18-i-cm12-s346\/#primaryimage","url":"https:\/\/omanivietnam.com\/wp-content\/uploads\/2025\/05\/P49-30-M18-I-CM12-S346.png","contentUrl":"https:\/\/omanivietnam.com\/wp-content\/uploads\/2025\/05\/P49-30-M18-I-CM12-S346.png","width":1234,"height":863},{"@type":"BreadcrumbList","@id":"https:\/\/omanivietnam.com\/index.php\/san-pham\/pil-p49-30-m18-i-cm12-s346\/#breadcrumb","itemListElement":[{"@type":"ListItem","position":1,"name":"Home","item":"https:\/\/omanivietnam.com\/"},{"@type":"ListItem","position":2,"name":"S\u1ea2N PH\u1ea8M","item":"https:\/\/omanivietnam.com\/index.php\/cua-hang\/"},{"@type":"ListItem","position":3,"name":"PIL P49-30-M18-I-CM12-S346"}]},{"@type":"WebSite","@id":"https:\/\/omanivietnam.com\/#website","url":"https:\/\/omanivietnam.com\/","name":"OMANI VI\u1ec6T NAM","description":"Nh\u00e0 ph\u00e2n ph\u1ed1i thi\u1ebft b\u1ecb kh\u00ed n\u00e9n v\u00e0 thi\u1ebft b\u1ecb t\u1ef1 \u0111\u1ed9ng h\u00f3a trong c\u00f4ng nghi\u1ec7p","publisher":{"@id":"https:\/\/omanivietnam.com\/#\/schema\/person\/0ad398a980dc3fd696111c2c5c8fa897"},"potentialAction":[{"@type":"SearchAction","target":{"@type":"EntryPoint","urlTemplate":"https:\/\/omanivietnam.com\/?s={search_term_string}"},"query-input":"required name=search_term_string"}],"inLanguage":"vi"},{"@type":["Person","Organization"],"@id":"https:\/\/omanivietnam.com\/#\/schema\/person\/0ad398a980dc3fd696111c2c5c8fa897","name":"Nguy\u1ec5n V\u0103n Kh\u00e1nh","image":{"@type":"ImageObject","inLanguage":"vi","@id":"https:\/\/omanivietnam.com\/#\/schema\/person\/image\/","url":"https:\/\/omanivietnam.com\/wp-content\/uploads\/2024\/06\/logo-1024x1024.png","contentUrl":"https:\/\/omanivietnam.com\/wp-content\/uploads\/2024\/06\/logo-1024x1024.png","width":1024,"height":1024,"caption":"Nguy\u1ec5n V\u0103n Kh\u00e1nh"},"logo":{"@id":"https:\/\/omanivietnam.com\/#\/schema\/person\/image\/"},"sameAs":["https:\/\/omanivietnam.com"]}]}},"_links":{"self":[{"href":"https:\/\/omanivietnam.com\/index.php\/wp-json\/wp\/v2\/product\/3858","targetHints":{"allow":["GET"]}}],"collection":[{"href":"https:\/\/omanivietnam.com\/index.php\/wp-json\/wp\/v2\/product"}],"about":[{"href":"https:\/\/omanivietnam.com\/index.php\/wp-json\/wp\/v2\/types\/product"}],"replies":[{"embeddable":true,"href":"https:\/\/omanivietnam.com\/index.php\/wp-json\/wp\/v2\/comments?post=3858"}],"wp:featuredmedia":[{"embeddable":true,"href":"https:\/\/omanivietnam.com\/index.php\/wp-json\/wp\/v2\/media\/3859"}],"wp:attachment":[{"href":"https:\/\/omanivietnam.com\/index.php\/wp-json\/wp\/v2\/media?parent=3858"}],"wp:term":[{"taxonomy":"product_cat","embeddable":true,"href":"https:\/\/omanivietnam.com\/index.php\/wp-json\/wp\/v2\/product_cat?post=3858"},{"taxonomy":"product_tag","embeddable":true,"href":"https:\/\/omanivietnam.com\/index.php\/wp-json\/wp\/v2\/product_tag?post=3858"}],"curies":[{"name":"wp","href":"https:\/\/api.w.org\/{rel}","templated":true}]}}