{"id":3865,"date":"2025-05-24T21:30:11","date_gmt":"2025-05-24T14:30:11","guid":{"rendered":"https:\/\/omanivietnam.com\/?post_type=product&#038;p=3865"},"modified":"2025-05-24T21:30:11","modified_gmt":"2025-05-24T14:30:11","slug":"sick-wtb250-2n1141","status":"publish","type":"product","link":"https:\/\/omanivietnam.com\/index.php\/san-pham\/sick-wtb250-2n1141\/","title":{"rendered":"SICK WTB250-2N1141"},"content":{"rendered":"<p>SICK WTB250-2N1141<\/p>\n<p>WTB250-2R1541<\/p>\n<p class=\"HeadingsWithImagestyles__Title-sc-13rih41-2 fSTFDN\" data-testid=\"catalog.productDetailsPage.title\"><span class=\"CopyToClipboardstyles__CopyToClipboard-sc-1s4wwh6-0 jdyzzM\" role=\"presentation\" data-tooltip-id=\"catalog.productDetailsPage.copy-to-clipboard__title\" data-testid=\"catalog.productDetailsPage.copy-to-clipboard__title\">WTB250-2N1141<\/span><\/p>\n<div id=\"catalog.productDetailsPage.copy-to-clipboard__title\" class=\"react-tooltip core-styles-module_tooltip__3vRRp styles-module_tooltip__mnnfp styles-module_dark__xNqje Tooltipstyles__Tooltip-sc-18wkrzn-0 CiHyK tooltip-custom carbon-tooltip react-tooltip__place-top\" role=\"tooltip\">\n<div class=\"react-tooltip-arrow core-styles-module_arrow__cvMwQ styles-module_arrow__K0L3T react-tooltip-arrow\"><\/div>\n<\/div>\n<h2 class=\"HeadingsWithImagestyles__SubTitle-sc-13rih41-3 iROPZy\"><span class=\"CopyToClipboardstyles__CopyToClipboard-sc-1s4wwh6-0 jdyzzM\" role=\"presentation\" data-tooltip-id=\"catalog.productDetailsPage.copy-to-clipboard__subtitle\" data-testid=\"catalog.productDetailsPage.copy-to-clipboard__subtitle\">Photoelectric Sensor, 500 mm, NPN, Background Suppression, Proximity, Cable, 10 to 30 VDC<\/span><\/h2>\n<table>\n<tbody>\n<tr>\n<td>Functional principle<\/td>\n<td>Photoelectric proximity sensor<\/td>\n<\/tr>\n<tr>\n<td>Functional principle detail<\/td>\n<td>Background suppression<\/td>\n<\/tr>\n<tr>\n<td>Dimensions (W\u00a0x H\u00a0x D)<\/td>\n<td>20\u00a0mm\u00a0x 65\u00a0mm\u00a0x 43.9\u00a0mm<\/td>\n<\/tr>\n<tr>\n<td>Housing design (light emission)<\/td>\n<td>Rectangular<\/td>\n<\/tr>\n<tr>\n<td>Sensing range max.<\/td>\n<td>150\u00a0mm\u00a0&#8230; 500\u00a0mm\u00a0<sup>1)<\/sup><\/td>\n<\/tr>\n<tr>\n<td>Sensing range<\/td>\n<td>150\u00a0mm\u00a0&#8230; 500\u00a0mm\u00a0<sup>1)<\/sup><\/td>\n<\/tr>\n<tr>\n<td>Focus<\/td>\n<td>Approx.\u00a03\u00b0<\/td>\n<\/tr>\n<tr>\n<td>Type of light<\/td>\n<td>Visible red light<\/td>\n<\/tr>\n<tr>\n<td>Light source<\/td>\n<td>LED\u00a0<sup>2)<\/sup><\/td>\n<\/tr>\n<tr>\n<td>Light spot size (distance)<\/td>\n<td>\u00d8\u00a030\u00a0mm (500\u00a0mm)<\/td>\n<\/tr>\n<tr>\n<td>Angle of dispersion<\/td>\n<td>Approx.\u00a03\u00b0<\/td>\n<\/tr>\n<tr>\n<td>Adjustment<\/td>\n<td>Potentiometer, 2\u00a0turns\u00a0<sup>3)<\/sup><br \/>\nPotentiometer, 2\u00a0rotations<\/td>\n<\/tr>\n<\/tbody>\n<\/table>\n","protected":false},"excerpt":{"rendered":"<p>SICK WTB250-2N1141 WTB250-2R1541 WTB250-2N1141 Photoelectric Sensor, 500 mm, NPN, Background Suppression, Proximity, Cable, 10 to 30 VDC Functional principle Photoelectric proximity sensor Functional principle detail Background suppression Dimensions (W\u00a0x H\u00a0x D) 20\u00a0mm\u00a0x 65\u00a0mm\u00a0x 43.9\u00a0mm Housing design (light emission) Rectangular Sensing range max. 150\u00a0mm\u00a0&#8230; 500\u00a0mm\u00a01) Sensing range 150\u00a0mm\u00a0&#8230; 500\u00a0mm\u00a01) Focus Approx.\u00a03\u00b0&hellip; <\/p>\n","protected":false},"featured_media":3866,"comment_status":"open","ping_status":"closed","template":"","meta":[],"product_cat":[297],"product_tag":[88,89,90],"class_list":{"0":"post-3865","1":"product","2":"type-product","3":"status-publish","4":"has-post-thumbnail","6":"product_cat-sick","7":"product_tag-cam-bien","8":"product_tag-dai-ly-sick-viet-nam","9":"product_tag-sick-viet-nam","11":"first","12":"instock","13":"shipping-taxable","14":"product-type-simple"},"yoast_head":"<!-- This site is optimized with the Yoast SEO plugin v22.8 - https:\/\/yoast.com\/wordpress\/plugins\/seo\/ -->\n<title>SICK WTB250-2N1141 - OMANI VI\u1ec6T NAM<\/title>\n<meta name=\"description\" content=\"SICK WTB250-2N1141 Photoelectric Sensor\" \/>\n<meta name=\"robots\" content=\"index, follow, max-snippet:-1, max-image-preview:large, max-video-preview:-1\" \/>\n<link rel=\"canonical\" href=\"https:\/\/omanivietnam.com\/index.php\/san-pham\/sick-wtb250-2n1141\/\" \/>\n<meta property=\"og:locale\" content=\"vi_VN\" \/>\n<meta property=\"og:type\" content=\"article\" \/>\n<meta property=\"og:title\" content=\"SICK WTB250-2N1141 - OMANI VI\u1ec6T NAM\" \/>\n<meta property=\"og:description\" content=\"SICK WTB250-2N1141 Photoelectric Sensor\" \/>\n<meta property=\"og:url\" content=\"https:\/\/omanivietnam.com\/index.php\/san-pham\/sick-wtb250-2n1141\/\" \/>\n<meta property=\"og:site_name\" content=\"OMANI VI\u1ec6T NAM\" \/>\n<meta property=\"og:image\" content=\"https:\/\/omanivietnam.com\/wp-content\/uploads\/2025\/05\/WTB250-2N1141.png\" \/>\n\t<meta property=\"og:image:width\" content=\"694\" \/>\n\t<meta property=\"og:image:height\" content=\"689\" \/>\n\t<meta property=\"og:image:type\" content=\"image\/png\" \/>\n<meta name=\"twitter:card\" content=\"summary_large_image\" \/>\n<meta name=\"twitter:label1\" content=\"\u01af\u1edbc t\u00ednh th\u1eddi gian \u0111\u1ecdc\" \/>\n\t<meta name=\"twitter:data1\" content=\"1 ph\u00fat\" \/>\n<script type=\"application\/ld+json\" class=\"yoast-schema-graph\">{\"@context\":\"https:\/\/schema.org\",\"@graph\":[{\"@type\":\"WebPage\",\"@id\":\"https:\/\/omanivietnam.com\/index.php\/san-pham\/sick-wtb250-2n1141\/\",\"url\":\"https:\/\/omanivietnam.com\/index.php\/san-pham\/sick-wtb250-2n1141\/\",\"name\":\"SICK WTB250-2N1141 - OMANI VI\u1ec6T NAM\",\"isPartOf\":{\"@id\":\"https:\/\/omanivietnam.com\/#website\"},\"primaryImageOfPage\":{\"@id\":\"https:\/\/omanivietnam.com\/index.php\/san-pham\/sick-wtb250-2n1141\/#primaryimage\"},\"image\":{\"@id\":\"https:\/\/omanivietnam.com\/index.php\/san-pham\/sick-wtb250-2n1141\/#primaryimage\"},\"thumbnailUrl\":\"https:\/\/omanivietnam.com\/wp-content\/uploads\/2025\/05\/WTB250-2N1141.png\",\"datePublished\":\"2025-05-24T14:30:11+00:00\",\"dateModified\":\"2025-05-24T14:30:11+00:00\",\"description\":\"SICK WTB250-2N1141 Photoelectric Sensor\",\"breadcrumb\":{\"@id\":\"https:\/\/omanivietnam.com\/index.php\/san-pham\/sick-wtb250-2n1141\/#breadcrumb\"},\"inLanguage\":\"vi\",\"potentialAction\":[{\"@type\":\"ReadAction\",\"target\":[\"https:\/\/omanivietnam.com\/index.php\/san-pham\/sick-wtb250-2n1141\/\"]}]},{\"@type\":\"ImageObject\",\"inLanguage\":\"vi\",\"@id\":\"https:\/\/omanivietnam.com\/index.php\/san-pham\/sick-wtb250-2n1141\/#primaryimage\",\"url\":\"https:\/\/omanivietnam.com\/wp-content\/uploads\/2025\/05\/WTB250-2N1141.png\",\"contentUrl\":\"https:\/\/omanivietnam.com\/wp-content\/uploads\/2025\/05\/WTB250-2N1141.png\",\"width\":694,\"height\":689},{\"@type\":\"BreadcrumbList\",\"@id\":\"https:\/\/omanivietnam.com\/index.php\/san-pham\/sick-wtb250-2n1141\/#breadcrumb\",\"itemListElement\":[{\"@type\":\"ListItem\",\"position\":1,\"name\":\"Home\",\"item\":\"https:\/\/omanivietnam.com\/\"},{\"@type\":\"ListItem\",\"position\":2,\"name\":\"S\u1ea2N PH\u1ea8M\",\"item\":\"https:\/\/omanivietnam.com\/index.php\/cua-hang\/\"},{\"@type\":\"ListItem\",\"position\":3,\"name\":\"SICK WTB250-2N1141\"}]},{\"@type\":\"WebSite\",\"@id\":\"https:\/\/omanivietnam.com\/#website\",\"url\":\"https:\/\/omanivietnam.com\/\",\"name\":\"OMANI VI\u1ec6T NAM\",\"description\":\"Nh\u00e0 ph\u00e2n ph\u1ed1i thi\u1ebft b\u1ecb kh\u00ed n\u00e9n v\u00e0 thi\u1ebft b\u1ecb t\u1ef1 \u0111\u1ed9ng h\u00f3a trong c\u00f4ng nghi\u1ec7p\",\"publisher\":{\"@id\":\"https:\/\/omanivietnam.com\/#\/schema\/person\/0ad398a980dc3fd696111c2c5c8fa897\"},\"potentialAction\":[{\"@type\":\"SearchAction\",\"target\":{\"@type\":\"EntryPoint\",\"urlTemplate\":\"https:\/\/omanivietnam.com\/?s={search_term_string}\"},\"query-input\":\"required name=search_term_string\"}],\"inLanguage\":\"vi\"},{\"@type\":[\"Person\",\"Organization\"],\"@id\":\"https:\/\/omanivietnam.com\/#\/schema\/person\/0ad398a980dc3fd696111c2c5c8fa897\",\"name\":\"Nguy\u1ec5n V\u0103n Kh\u00e1nh\",\"image\":{\"@type\":\"ImageObject\",\"inLanguage\":\"vi\",\"@id\":\"https:\/\/omanivietnam.com\/#\/schema\/person\/image\/\",\"url\":\"https:\/\/omanivietnam.com\/wp-content\/uploads\/2024\/06\/logo-1024x1024.png\",\"contentUrl\":\"https:\/\/omanivietnam.com\/wp-content\/uploads\/2024\/06\/logo-1024x1024.png\",\"width\":1024,\"height\":1024,\"caption\":\"Nguy\u1ec5n V\u0103n Kh\u00e1nh\"},\"logo\":{\"@id\":\"https:\/\/omanivietnam.com\/#\/schema\/person\/image\/\"},\"sameAs\":[\"https:\/\/omanivietnam.com\"]}]}<\/script>\n<!-- \/ Yoast SEO plugin. -->","yoast_head_json":{"title":"SICK WTB250-2N1141 - OMANI VI\u1ec6T NAM","description":"SICK WTB250-2N1141 Photoelectric Sensor","robots":{"index":"index","follow":"follow","max-snippet":"max-snippet:-1","max-image-preview":"max-image-preview:large","max-video-preview":"max-video-preview:-1"},"canonical":"https:\/\/omanivietnam.com\/index.php\/san-pham\/sick-wtb250-2n1141\/","og_locale":"vi_VN","og_type":"article","og_title":"SICK WTB250-2N1141 - OMANI VI\u1ec6T NAM","og_description":"SICK WTB250-2N1141 Photoelectric Sensor","og_url":"https:\/\/omanivietnam.com\/index.php\/san-pham\/sick-wtb250-2n1141\/","og_site_name":"OMANI VI\u1ec6T NAM","og_image":[{"width":694,"height":689,"url":"https:\/\/omanivietnam.com\/wp-content\/uploads\/2025\/05\/WTB250-2N1141.png","type":"image\/png"}],"twitter_card":"summary_large_image","twitter_misc":{"\u01af\u1edbc t\u00ednh th\u1eddi gian \u0111\u1ecdc":"1 ph\u00fat"},"schema":{"@context":"https:\/\/schema.org","@graph":[{"@type":"WebPage","@id":"https:\/\/omanivietnam.com\/index.php\/san-pham\/sick-wtb250-2n1141\/","url":"https:\/\/omanivietnam.com\/index.php\/san-pham\/sick-wtb250-2n1141\/","name":"SICK WTB250-2N1141 - OMANI VI\u1ec6T NAM","isPartOf":{"@id":"https:\/\/omanivietnam.com\/#website"},"primaryImageOfPage":{"@id":"https:\/\/omanivietnam.com\/index.php\/san-pham\/sick-wtb250-2n1141\/#primaryimage"},"image":{"@id":"https:\/\/omanivietnam.com\/index.php\/san-pham\/sick-wtb250-2n1141\/#primaryimage"},"thumbnailUrl":"https:\/\/omanivietnam.com\/wp-content\/uploads\/2025\/05\/WTB250-2N1141.png","datePublished":"2025-05-24T14:30:11+00:00","dateModified":"2025-05-24T14:30:11+00:00","description":"SICK WTB250-2N1141 Photoelectric Sensor","breadcrumb":{"@id":"https:\/\/omanivietnam.com\/index.php\/san-pham\/sick-wtb250-2n1141\/#breadcrumb"},"inLanguage":"vi","potentialAction":[{"@type":"ReadAction","target":["https:\/\/omanivietnam.com\/index.php\/san-pham\/sick-wtb250-2n1141\/"]}]},{"@type":"ImageObject","inLanguage":"vi","@id":"https:\/\/omanivietnam.com\/index.php\/san-pham\/sick-wtb250-2n1141\/#primaryimage","url":"https:\/\/omanivietnam.com\/wp-content\/uploads\/2025\/05\/WTB250-2N1141.png","contentUrl":"https:\/\/omanivietnam.com\/wp-content\/uploads\/2025\/05\/WTB250-2N1141.png","width":694,"height":689},{"@type":"BreadcrumbList","@id":"https:\/\/omanivietnam.com\/index.php\/san-pham\/sick-wtb250-2n1141\/#breadcrumb","itemListElement":[{"@type":"ListItem","position":1,"name":"Home","item":"https:\/\/omanivietnam.com\/"},{"@type":"ListItem","position":2,"name":"S\u1ea2N PH\u1ea8M","item":"https:\/\/omanivietnam.com\/index.php\/cua-hang\/"},{"@type":"ListItem","position":3,"name":"SICK WTB250-2N1141"}]},{"@type":"WebSite","@id":"https:\/\/omanivietnam.com\/#website","url":"https:\/\/omanivietnam.com\/","name":"OMANI VI\u1ec6T NAM","description":"Nh\u00e0 ph\u00e2n ph\u1ed1i thi\u1ebft b\u1ecb kh\u00ed n\u00e9n v\u00e0 thi\u1ebft b\u1ecb t\u1ef1 \u0111\u1ed9ng h\u00f3a trong c\u00f4ng nghi\u1ec7p","publisher":{"@id":"https:\/\/omanivietnam.com\/#\/schema\/person\/0ad398a980dc3fd696111c2c5c8fa897"},"potentialAction":[{"@type":"SearchAction","target":{"@type":"EntryPoint","urlTemplate":"https:\/\/omanivietnam.com\/?s={search_term_string}"},"query-input":"required name=search_term_string"}],"inLanguage":"vi"},{"@type":["Person","Organization"],"@id":"https:\/\/omanivietnam.com\/#\/schema\/person\/0ad398a980dc3fd696111c2c5c8fa897","name":"Nguy\u1ec5n V\u0103n Kh\u00e1nh","image":{"@type":"ImageObject","inLanguage":"vi","@id":"https:\/\/omanivietnam.com\/#\/schema\/person\/image\/","url":"https:\/\/omanivietnam.com\/wp-content\/uploads\/2024\/06\/logo-1024x1024.png","contentUrl":"https:\/\/omanivietnam.com\/wp-content\/uploads\/2024\/06\/logo-1024x1024.png","width":1024,"height":1024,"caption":"Nguy\u1ec5n V\u0103n Kh\u00e1nh"},"logo":{"@id":"https:\/\/omanivietnam.com\/#\/schema\/person\/image\/"},"sameAs":["https:\/\/omanivietnam.com"]}]}},"_links":{"self":[{"href":"https:\/\/omanivietnam.com\/index.php\/wp-json\/wp\/v2\/product\/3865","targetHints":{"allow":["GET"]}}],"collection":[{"href":"https:\/\/omanivietnam.com\/index.php\/wp-json\/wp\/v2\/product"}],"about":[{"href":"https:\/\/omanivietnam.com\/index.php\/wp-json\/wp\/v2\/types\/product"}],"replies":[{"embeddable":true,"href":"https:\/\/omanivietnam.com\/index.php\/wp-json\/wp\/v2\/comments?post=3865"}],"wp:featuredmedia":[{"embeddable":true,"href":"https:\/\/omanivietnam.com\/index.php\/wp-json\/wp\/v2\/media\/3866"}],"wp:attachment":[{"href":"https:\/\/omanivietnam.com\/index.php\/wp-json\/wp\/v2\/media?parent=3865"}],"wp:term":[{"taxonomy":"product_cat","embeddable":true,"href":"https:\/\/omanivietnam.com\/index.php\/wp-json\/wp\/v2\/product_cat?post=3865"},{"taxonomy":"product_tag","embeddable":true,"href":"https:\/\/omanivietnam.com\/index.php\/wp-json\/wp\/v2\/product_tag?post=3865"}],"curies":[{"name":"wp","href":"https:\/\/api.w.org\/{rel}","templated":true}]}}