{"id":3886,"date":"2025-05-27T21:55:58","date_gmt":"2025-05-27T14:55:58","guid":{"rendered":"https:\/\/omanivietnam.com\/?post_type=product&#038;p=3886"},"modified":"2025-05-27T21:55:58","modified_gmt":"2025-05-27T14:55:58","slug":"sick-ktx-wb9114124uzzzz","status":"publish","type":"product","link":"https:\/\/omanivietnam.com\/index.php\/san-pham\/sick-ktx-wb9114124uzzzz\/","title":{"rendered":"SICK KTX-WB9114124UZZZZ"},"content":{"rendered":"<p>SICK KTX-WB9114124UZZZZ<\/p>\n<p>SICK NT6-N112 1010395 =\u300b new KTX-WB9114124UZZZZ 1084196<\/p>\n<p class=\"font-oswald text-3xl font-bold md:text-4xl\">SICK Contrast Sensors 13 mm, , PUSH\/PULL, 100 mA, 10 \u2192 30 V dc, IP67<\/p>\n<p>SICK Contrast sensors, KTX Prime, KTX-WB9114124UZZZZ, Light source: LED, RGB, Communication interface: Analog, Teach-in mode: 1-point teach-in, 2-point teach-in, teach-in dynamic, auto mode, Sensing distance: 13 mm, Switching output: Push-pull: PNP\/NPN, Light spot size: 0.9 mm x 3.8 mm, Connection type Detail: Male connector M12, 4-pin, Device type: Standard, Light spot direction: Vertical, Light emission: Long side of housing, Delivery status: 2-point teach-in, Housing material: Plastic<\/p>\n<table>\n<tbody>\n<tr>\n<td>Special applications<\/td>\n<td>Standard<\/td>\n<\/tr>\n<tr>\n<td>Device type<\/td>\n<td>Standard<\/td>\n<\/tr>\n<tr>\n<td>Dimensions (W\u00a0x H\u00a0x D)<\/td>\n<td>30\u00a0mm\u00a0x 53\u00a0mm\u00a0x 78.5\u00a0mm<\/td>\n<\/tr>\n<tr>\n<td>Sensing distance<\/td>\n<td>\u2264 13\u00a0mm<\/td>\n<\/tr>\n<tr>\n<td>Sensing distance tolerance<\/td>\n<td>\u00b1\u00a05\u00a0mm<\/td>\n<\/tr>\n<tr>\n<td>Housing design<\/td>\n<td>Large<\/td>\n<\/tr>\n<tr>\n<td>Light source<\/td>\n<td>LED, RGB\u00a0<sup>1)<\/sup><\/td>\n<\/tr>\n<tr>\n<td>Wave length<\/td>\n<td>470\u00a0nm, 525\u00a0nm, 625\u00a0nm<\/td>\n<\/tr>\n<tr>\n<td>Light emission<\/td>\n<td>Long side of housing<\/td>\n<\/tr>\n<tr>\n<td>Light spot size<\/td>\n<td>0.9\u00a0mm\u00a0x 3.8\u00a0mm<\/td>\n<\/tr>\n<tr>\n<td>Light spot direction<\/td>\n<td>Vertical\u00a0<sup>2)<\/sup><\/td>\n<\/tr>\n<tr>\n<td>Receiving filters<\/td>\n<td>None<\/td>\n<\/tr>\n<tr>\n<td>Teach-in mode<\/td>\n<td>1-point teach-in, 2-point teach-in, teach-in dynamic, auto mode<\/td>\n<\/tr>\n<tr>\n<td>Output function<\/td>\n<td>Light\/dark switching<\/td>\n<\/tr>\n<tr>\n<td>Delay time<\/td>\n<td>Adjustable<\/td>\n<\/tr>\n<tr>\n<td>Special features<\/td>\n<td>&#8211;<\/td>\n<\/tr>\n<tr>\n<td>Delivery status<\/td>\n<td>2-point teach-in<\/td>\n<\/tr>\n<tr>\n<td>Parameter presettings<\/td>\n<td>None<\/td>\n<\/tr>\n<tr>\n<td>Setting the key lock<\/td>\n<td>Standard<\/td>\n<\/tr>\n<\/tbody>\n<\/table>\n<div class=\"footnote\">\n<p><sup>1)<\/sup>\u00a0Average service life: 100,000\u00a0h at T<sub>U<\/sub>\u00a0= +25\u00a0\u00b0C.<\/p>\n<p><sup>2)<\/sup>\u00a0In relation\u00a0to long side of housing.<\/p>\n<\/div>\n","protected":false},"excerpt":{"rendered":"<p>SICK KTX-WB9114124UZZZZ SICK NT6-N112 1010395 =\u300b new KTX-WB9114124UZZZZ 1084196 SICK Contrast Sensors 13 mm, , PUSH\/PULL, 100 mA, 10 \u2192 30 V dc, IP67 SICK Contrast sensors, KTX Prime, KTX-WB9114124UZZZZ, Light source: LED, RGB, Communication interface: Analog, Teach-in mode: 1-point teach-in, 2-point teach-in, teach-in dynamic, auto mode, Sensing distance: 13&hellip; <\/p>\n","protected":false},"featured_media":3887,"comment_status":"open","ping_status":"closed","template":"","meta":[],"product_cat":[297],"product_tag":[88,89,90],"class_list":{"0":"post-3886","1":"product","2":"type-product","3":"status-publish","4":"has-post-thumbnail","6":"product_cat-sick","7":"product_tag-cam-bien","8":"product_tag-dai-ly-sick-viet-nam","9":"product_tag-sick-viet-nam","11":"first","12":"instock","13":"shipping-taxable","14":"product-type-simple"},"yoast_head":"<!-- This site is optimized with the Yoast SEO plugin v22.8 - https:\/\/yoast.com\/wordpress\/plugins\/seo\/ -->\n<title>SICK KTX-WB9114124UZZZZ - OMANI VI\u1ec6T NAM<\/title>\n<meta name=\"description\" content=\"SICK KTX-WB9114124UZZZZ Contrast Sensors\" \/>\n<meta name=\"robots\" content=\"index, follow, max-snippet:-1, max-image-preview:large, max-video-preview:-1\" \/>\n<link rel=\"canonical\" href=\"https:\/\/omanivietnam.com\/index.php\/san-pham\/sick-ktx-wb9114124uzzzz\/\" \/>\n<meta property=\"og:locale\" content=\"vi_VN\" \/>\n<meta property=\"og:type\" content=\"article\" \/>\n<meta property=\"og:title\" content=\"SICK KTX-WB9114124UZZZZ - OMANI VI\u1ec6T NAM\" \/>\n<meta property=\"og:description\" content=\"SICK KTX-WB9114124UZZZZ Contrast Sensors\" \/>\n<meta property=\"og:url\" content=\"https:\/\/omanivietnam.com\/index.php\/san-pham\/sick-ktx-wb9114124uzzzz\/\" \/>\n<meta property=\"og:site_name\" content=\"OMANI VI\u1ec6T NAM\" \/>\n<meta property=\"og:image\" content=\"https:\/\/omanivietnam.com\/wp-content\/uploads\/2025\/05\/KTX-WB9114124UZZZZ.png\" \/>\n\t<meta property=\"og:image:width\" content=\"1103\" \/>\n\t<meta property=\"og:image:height\" content=\"906\" \/>\n\t<meta property=\"og:image:type\" content=\"image\/png\" \/>\n<meta name=\"twitter:card\" content=\"summary_large_image\" \/>\n<meta name=\"twitter:label1\" content=\"\u01af\u1edbc t\u00ednh th\u1eddi gian \u0111\u1ecdc\" \/>\n\t<meta name=\"twitter:data1\" content=\"2 ph\u00fat\" \/>\n<script type=\"application\/ld+json\" class=\"yoast-schema-graph\">{\"@context\":\"https:\/\/schema.org\",\"@graph\":[{\"@type\":\"WebPage\",\"@id\":\"https:\/\/omanivietnam.com\/index.php\/san-pham\/sick-ktx-wb9114124uzzzz\/\",\"url\":\"https:\/\/omanivietnam.com\/index.php\/san-pham\/sick-ktx-wb9114124uzzzz\/\",\"name\":\"SICK KTX-WB9114124UZZZZ - OMANI VI\u1ec6T NAM\",\"isPartOf\":{\"@id\":\"https:\/\/omanivietnam.com\/#website\"},\"primaryImageOfPage\":{\"@id\":\"https:\/\/omanivietnam.com\/index.php\/san-pham\/sick-ktx-wb9114124uzzzz\/#primaryimage\"},\"image\":{\"@id\":\"https:\/\/omanivietnam.com\/index.php\/san-pham\/sick-ktx-wb9114124uzzzz\/#primaryimage\"},\"thumbnailUrl\":\"https:\/\/omanivietnam.com\/wp-content\/uploads\/2025\/05\/KTX-WB9114124UZZZZ.png\",\"datePublished\":\"2025-05-27T14:55:58+00:00\",\"dateModified\":\"2025-05-27T14:55:58+00:00\",\"description\":\"SICK KTX-WB9114124UZZZZ Contrast Sensors\",\"breadcrumb\":{\"@id\":\"https:\/\/omanivietnam.com\/index.php\/san-pham\/sick-ktx-wb9114124uzzzz\/#breadcrumb\"},\"inLanguage\":\"vi\",\"potentialAction\":[{\"@type\":\"ReadAction\",\"target\":[\"https:\/\/omanivietnam.com\/index.php\/san-pham\/sick-ktx-wb9114124uzzzz\/\"]}]},{\"@type\":\"ImageObject\",\"inLanguage\":\"vi\",\"@id\":\"https:\/\/omanivietnam.com\/index.php\/san-pham\/sick-ktx-wb9114124uzzzz\/#primaryimage\",\"url\":\"https:\/\/omanivietnam.com\/wp-content\/uploads\/2025\/05\/KTX-WB9114124UZZZZ.png\",\"contentUrl\":\"https:\/\/omanivietnam.com\/wp-content\/uploads\/2025\/05\/KTX-WB9114124UZZZZ.png\",\"width\":1103,\"height\":906},{\"@type\":\"BreadcrumbList\",\"@id\":\"https:\/\/omanivietnam.com\/index.php\/san-pham\/sick-ktx-wb9114124uzzzz\/#breadcrumb\",\"itemListElement\":[{\"@type\":\"ListItem\",\"position\":1,\"name\":\"Home\",\"item\":\"https:\/\/omanivietnam.com\/\"},{\"@type\":\"ListItem\",\"position\":2,\"name\":\"S\u1ea2N PH\u1ea8M\",\"item\":\"https:\/\/omanivietnam.com\/index.php\/cua-hang\/\"},{\"@type\":\"ListItem\",\"position\":3,\"name\":\"SICK KTX-WB9114124UZZZZ\"}]},{\"@type\":\"WebSite\",\"@id\":\"https:\/\/omanivietnam.com\/#website\",\"url\":\"https:\/\/omanivietnam.com\/\",\"name\":\"OMANI VI\u1ec6T NAM\",\"description\":\"Nh\u00e0 ph\u00e2n ph\u1ed1i thi\u1ebft b\u1ecb kh\u00ed n\u00e9n v\u00e0 thi\u1ebft b\u1ecb t\u1ef1 \u0111\u1ed9ng h\u00f3a trong c\u00f4ng nghi\u1ec7p\",\"publisher\":{\"@id\":\"https:\/\/omanivietnam.com\/#\/schema\/person\/0ad398a980dc3fd696111c2c5c8fa897\"},\"potentialAction\":[{\"@type\":\"SearchAction\",\"target\":{\"@type\":\"EntryPoint\",\"urlTemplate\":\"https:\/\/omanivietnam.com\/?s={search_term_string}\"},\"query-input\":\"required name=search_term_string\"}],\"inLanguage\":\"vi\"},{\"@type\":[\"Person\",\"Organization\"],\"@id\":\"https:\/\/omanivietnam.com\/#\/schema\/person\/0ad398a980dc3fd696111c2c5c8fa897\",\"name\":\"Nguy\u1ec5n V\u0103n Kh\u00e1nh\",\"image\":{\"@type\":\"ImageObject\",\"inLanguage\":\"vi\",\"@id\":\"https:\/\/omanivietnam.com\/#\/schema\/person\/image\/\",\"url\":\"https:\/\/omanivietnam.com\/wp-content\/uploads\/2024\/06\/logo-1024x1024.png\",\"contentUrl\":\"https:\/\/omanivietnam.com\/wp-content\/uploads\/2024\/06\/logo-1024x1024.png\",\"width\":1024,\"height\":1024,\"caption\":\"Nguy\u1ec5n V\u0103n Kh\u00e1nh\"},\"logo\":{\"@id\":\"https:\/\/omanivietnam.com\/#\/schema\/person\/image\/\"},\"sameAs\":[\"https:\/\/omanivietnam.com\"]}]}<\/script>\n<!-- \/ Yoast SEO plugin. -->","yoast_head_json":{"title":"SICK KTX-WB9114124UZZZZ - OMANI VI\u1ec6T NAM","description":"SICK KTX-WB9114124UZZZZ Contrast Sensors","robots":{"index":"index","follow":"follow","max-snippet":"max-snippet:-1","max-image-preview":"max-image-preview:large","max-video-preview":"max-video-preview:-1"},"canonical":"https:\/\/omanivietnam.com\/index.php\/san-pham\/sick-ktx-wb9114124uzzzz\/","og_locale":"vi_VN","og_type":"article","og_title":"SICK KTX-WB9114124UZZZZ - OMANI VI\u1ec6T NAM","og_description":"SICK KTX-WB9114124UZZZZ Contrast Sensors","og_url":"https:\/\/omanivietnam.com\/index.php\/san-pham\/sick-ktx-wb9114124uzzzz\/","og_site_name":"OMANI VI\u1ec6T NAM","og_image":[{"width":1103,"height":906,"url":"https:\/\/omanivietnam.com\/wp-content\/uploads\/2025\/05\/KTX-WB9114124UZZZZ.png","type":"image\/png"}],"twitter_card":"summary_large_image","twitter_misc":{"\u01af\u1edbc t\u00ednh th\u1eddi gian \u0111\u1ecdc":"2 ph\u00fat"},"schema":{"@context":"https:\/\/schema.org","@graph":[{"@type":"WebPage","@id":"https:\/\/omanivietnam.com\/index.php\/san-pham\/sick-ktx-wb9114124uzzzz\/","url":"https:\/\/omanivietnam.com\/index.php\/san-pham\/sick-ktx-wb9114124uzzzz\/","name":"SICK KTX-WB9114124UZZZZ - OMANI VI\u1ec6T NAM","isPartOf":{"@id":"https:\/\/omanivietnam.com\/#website"},"primaryImageOfPage":{"@id":"https:\/\/omanivietnam.com\/index.php\/san-pham\/sick-ktx-wb9114124uzzzz\/#primaryimage"},"image":{"@id":"https:\/\/omanivietnam.com\/index.php\/san-pham\/sick-ktx-wb9114124uzzzz\/#primaryimage"},"thumbnailUrl":"https:\/\/omanivietnam.com\/wp-content\/uploads\/2025\/05\/KTX-WB9114124UZZZZ.png","datePublished":"2025-05-27T14:55:58+00:00","dateModified":"2025-05-27T14:55:58+00:00","description":"SICK KTX-WB9114124UZZZZ Contrast Sensors","breadcrumb":{"@id":"https:\/\/omanivietnam.com\/index.php\/san-pham\/sick-ktx-wb9114124uzzzz\/#breadcrumb"},"inLanguage":"vi","potentialAction":[{"@type":"ReadAction","target":["https:\/\/omanivietnam.com\/index.php\/san-pham\/sick-ktx-wb9114124uzzzz\/"]}]},{"@type":"ImageObject","inLanguage":"vi","@id":"https:\/\/omanivietnam.com\/index.php\/san-pham\/sick-ktx-wb9114124uzzzz\/#primaryimage","url":"https:\/\/omanivietnam.com\/wp-content\/uploads\/2025\/05\/KTX-WB9114124UZZZZ.png","contentUrl":"https:\/\/omanivietnam.com\/wp-content\/uploads\/2025\/05\/KTX-WB9114124UZZZZ.png","width":1103,"height":906},{"@type":"BreadcrumbList","@id":"https:\/\/omanivietnam.com\/index.php\/san-pham\/sick-ktx-wb9114124uzzzz\/#breadcrumb","itemListElement":[{"@type":"ListItem","position":1,"name":"Home","item":"https:\/\/omanivietnam.com\/"},{"@type":"ListItem","position":2,"name":"S\u1ea2N PH\u1ea8M","item":"https:\/\/omanivietnam.com\/index.php\/cua-hang\/"},{"@type":"ListItem","position":3,"name":"SICK KTX-WB9114124UZZZZ"}]},{"@type":"WebSite","@id":"https:\/\/omanivietnam.com\/#website","url":"https:\/\/omanivietnam.com\/","name":"OMANI VI\u1ec6T NAM","description":"Nh\u00e0 ph\u00e2n ph\u1ed1i thi\u1ebft b\u1ecb kh\u00ed n\u00e9n v\u00e0 thi\u1ebft b\u1ecb t\u1ef1 \u0111\u1ed9ng h\u00f3a trong c\u00f4ng nghi\u1ec7p","publisher":{"@id":"https:\/\/omanivietnam.com\/#\/schema\/person\/0ad398a980dc3fd696111c2c5c8fa897"},"potentialAction":[{"@type":"SearchAction","target":{"@type":"EntryPoint","urlTemplate":"https:\/\/omanivietnam.com\/?s={search_term_string}"},"query-input":"required name=search_term_string"}],"inLanguage":"vi"},{"@type":["Person","Organization"],"@id":"https:\/\/omanivietnam.com\/#\/schema\/person\/0ad398a980dc3fd696111c2c5c8fa897","name":"Nguy\u1ec5n V\u0103n Kh\u00e1nh","image":{"@type":"ImageObject","inLanguage":"vi","@id":"https:\/\/omanivietnam.com\/#\/schema\/person\/image\/","url":"https:\/\/omanivietnam.com\/wp-content\/uploads\/2024\/06\/logo-1024x1024.png","contentUrl":"https:\/\/omanivietnam.com\/wp-content\/uploads\/2024\/06\/logo-1024x1024.png","width":1024,"height":1024,"caption":"Nguy\u1ec5n V\u0103n Kh\u00e1nh"},"logo":{"@id":"https:\/\/omanivietnam.com\/#\/schema\/person\/image\/"},"sameAs":["https:\/\/omanivietnam.com"]}]}},"_links":{"self":[{"href":"https:\/\/omanivietnam.com\/index.php\/wp-json\/wp\/v2\/product\/3886","targetHints":{"allow":["GET"]}}],"collection":[{"href":"https:\/\/omanivietnam.com\/index.php\/wp-json\/wp\/v2\/product"}],"about":[{"href":"https:\/\/omanivietnam.com\/index.php\/wp-json\/wp\/v2\/types\/product"}],"replies":[{"embeddable":true,"href":"https:\/\/omanivietnam.com\/index.php\/wp-json\/wp\/v2\/comments?post=3886"}],"wp:featuredmedia":[{"embeddable":true,"href":"https:\/\/omanivietnam.com\/index.php\/wp-json\/wp\/v2\/media\/3887"}],"wp:attachment":[{"href":"https:\/\/omanivietnam.com\/index.php\/wp-json\/wp\/v2\/media?parent=3886"}],"wp:term":[{"taxonomy":"product_cat","embeddable":true,"href":"https:\/\/omanivietnam.com\/index.php\/wp-json\/wp\/v2\/product_cat?post=3886"},{"taxonomy":"product_tag","embeddable":true,"href":"https:\/\/omanivietnam.com\/index.php\/wp-json\/wp\/v2\/product_tag?post=3886"}],"curies":[{"name":"wp","href":"https:\/\/api.w.org\/{rel}","templated":true}]}}