{"id":3894,"date":"2025-05-28T16:33:32","date_gmt":"2025-05-28T09:33:32","guid":{"rendered":"https:\/\/omanivietnam.com\/?post_type=product&#038;p=3894"},"modified":"2025-05-28T21:54:58","modified_gmt":"2025-05-28T14:54:58","slug":"fuji6mbi75u2a-060-50","status":"publish","type":"product","link":"https:\/\/omanivietnam.com\/index.php\/san-pham\/fuji6mbi75u2a-060-50\/","title":{"rendered":"FUJI\t6MBI75U2A-060-50"},"content":{"rendered":"<p>FUJI FUJI 6MBI75U2A-060-50 75A 600V<\/p>\n<p>INFINEON FS75R06KE3 75A 600V<\/p>\n<p>IXYS IXGN60N60 100A 600V<\/p>\n<p class=\"font-oswald text-3xl font-bold md:text-4xl\">Fuji 6MBi75U2A-060-50 3 Phase Bridge IGBT Module, 75 A 600 V, 28-Pin M636, Screw Mount<\/p>\n<p>Specifications:<\/p>\n<ul>\n<li>Collector Emitter Voltage V(br)ceo: 600 V<\/li>\n<li>Collector Emitter Voltage Vces: 2.15 V<\/li>\n<li>DC Collector Current: 75 A<\/li>\n<li>Module Configuration: Six<\/li>\n<li>Number of Pins: 28<\/li>\n<li>Power Dissipation Max: 255 W<\/li>\n<li>Transistor Case Style: Module<\/li>\n<li>Transistor Polarity: N Channel<\/li>\n<\/ul>\n<table class=\"w-full border-separate border-spacing-0 text-normal table-auto\" data-testid=\"specification-attributes-desktop\">\n<thead>\n<tr class=\"odd:bg-white even:bg-mono-50\">\n<th class=\"h-11 py-0 font-bold leading-snug border-b-2 border-mono-100 px-4 bg-white text-left\">\n<div class=\"line-clamp-2 w-full\">Attribute<\/div>\n<\/th>\n<th class=\"h-11 py-0 font-bold leading-snug border-b-2 border-mono-100 px-4 bg-white text-left\">\n<div class=\"line-clamp-2 w-full\">Value<\/div>\n<\/th>\n<\/tr>\n<\/thead>\n<tbody class=\"text-sm\">\n<tr class=\"odd:bg-white even:bg-mono-50\">\n<td class=\"border-b border-mono-100 bg-inherit px-4 py-2 text-left\">\n<div class=\"group\/checkbox relative inline-flex items-start align-top\"><\/div>\n<\/td>\n<td class=\"border-b border-mono-100 bg-inherit px-4 py-2 text-left\">Brand<\/td>\n<td class=\"border-b border-mono-100 bg-inherit px-4 py-2 text-left\">Fuji<\/td>\n<\/tr>\n<tr class=\"odd:bg-white even:bg-mono-50\">\n<td class=\"border-b border-mono-100 bg-inherit px-4 py-2 text-left\">\n<div class=\"group\/checkbox relative inline-flex items-start align-top\"><\/div>\n<\/td>\n<td class=\"border-b border-mono-100 bg-inherit px-4 py-2 text-left\">Maximum Continuous Collector Current<\/td>\n<td class=\"border-b border-mono-100 bg-inherit px-4 py-2 text-left\">75 A<\/td>\n<\/tr>\n<tr class=\"odd:bg-white even:bg-mono-50\">\n<td class=\"border-b border-mono-100 bg-inherit px-4 py-2 text-left\">\n<div class=\"group\/checkbox relative inline-flex items-start align-top\"><\/div>\n<\/td>\n<td class=\"border-b border-mono-100 bg-inherit px-4 py-2 text-left\">Maximum Collector Emitter Voltage<\/td>\n<td class=\"border-b border-mono-100 bg-inherit px-4 py-2 text-left\">600 V<\/td>\n<\/tr>\n<tr class=\"odd:bg-white even:bg-mono-50\">\n<td class=\"border-b border-mono-100 bg-inherit px-4 py-2 text-left\">\n<div class=\"group\/checkbox relative inline-flex items-start align-top\"><\/div>\n<\/td>\n<td class=\"border-b border-mono-100 bg-inherit px-4 py-2 text-left\">Maximum Gate Emitter Voltage<\/td>\n<td class=\"border-b border-mono-100 bg-inherit px-4 py-2 text-left\">\u00b120V<\/td>\n<\/tr>\n<tr class=\"odd:bg-white even:bg-mono-50\">\n<td class=\"border-b border-mono-100 bg-inherit px-4 py-2 text-left\">\n<div class=\"group\/checkbox relative inline-flex items-start align-top\"><\/div>\n<\/td>\n<td class=\"border-b border-mono-100 bg-inherit px-4 py-2 text-left\">Maximum Power Dissipation<\/td>\n<td class=\"border-b border-mono-100 bg-inherit px-4 py-2 text-left\">225 W<\/td>\n<\/tr>\n<tr class=\"odd:bg-white even:bg-mono-50\">\n<td class=\"border-b border-mono-100 bg-inherit px-4 py-2 text-left\">\n<div class=\"group\/checkbox relative inline-flex items-start align-top\"><\/div>\n<\/td>\n<td class=\"border-b border-mono-100 bg-inherit px-4 py-2 text-left\">Configuration<\/td>\n<td class=\"border-b border-mono-100 bg-inherit px-4 py-2 text-left\">3 Phase Bridge<\/td>\n<\/tr>\n<tr class=\"odd:bg-white even:bg-mono-50\">\n<td class=\"border-b border-mono-100 bg-inherit px-4 py-2 text-left\">\n<div class=\"group\/checkbox relative inline-flex items-start align-top\"><\/div>\n<\/td>\n<td class=\"border-b border-mono-100 bg-inherit px-4 py-2 text-left\">Package Type<\/td>\n<td class=\"border-b border-mono-100 bg-inherit px-4 py-2 text-left\">M636<\/td>\n<\/tr>\n<tr class=\"odd:bg-white even:bg-mono-50\">\n<td class=\"border-b border-mono-100 bg-inherit px-4 py-2 text-left\">\n<div class=\"group\/checkbox relative inline-flex items-start align-top\"><\/div>\n<\/td>\n<td class=\"border-b border-mono-100 bg-inherit px-4 py-2 text-left\">Mounting Type<\/td>\n<td class=\"border-b border-mono-100 bg-inherit px-4 py-2 text-left\">Screw Mount<\/td>\n<\/tr>\n<tr class=\"odd:bg-white even:bg-mono-50\">\n<td class=\"border-b border-mono-100 bg-inherit px-4 py-2 text-left\">\n<div class=\"group\/checkbox relative inline-flex items-start align-top\"><\/div>\n<\/td>\n<td class=\"border-b border-mono-100 bg-inherit px-4 py-2 text-left\">Channel Type<\/td>\n<td class=\"border-b border-mono-100 bg-inherit px-4 py-2 text-left\">N<\/td>\n<\/tr>\n<tr class=\"odd:bg-white even:bg-mono-50\">\n<td class=\"border-b border-mono-100 bg-inherit px-4 py-2 text-left\">\n<div class=\"group\/checkbox relative inline-flex items-start align-top\"><\/div>\n<\/td>\n<td class=\"border-b border-mono-100 bg-inherit px-4 py-2 text-left\">Pin Count<\/td>\n<td class=\"border-b border-mono-100 bg-inherit px-4 py-2 text-left\">28<\/td>\n<\/tr>\n<tr class=\"odd:bg-white even:bg-mono-50\">\n<td class=\"border-b border-mono-100 bg-inherit px-4 py-2 text-left\">\n<div class=\"group\/checkbox relative inline-flex items-start align-top\"><\/div>\n<\/td>\n<td class=\"border-b border-mono-100 bg-inherit px-4 py-2 text-left\">Dimensions<\/td>\n<td class=\"border-b border-mono-100 bg-inherit px-4 py-2 text-left\">107.5 x 45 x 17mm<\/td>\n<\/tr>\n<tr class=\"odd:bg-white even:bg-mono-50\">\n<td class=\"border-b border-mono-100 bg-inherit px-4 py-2 text-left\">\n<div class=\"group\/checkbox relative inline-flex items-start align-top\"><\/div>\n<\/td>\n<td class=\"border-b border-mono-100 bg-inherit px-4 py-2 text-left\">Maximum Operating Temperature<\/td>\n<td class=\"border-b border-mono-100 bg-inherit px-4 py-2 text-left\">+150 \u00b0C<\/td>\n<\/tr>\n<\/tbody>\n<\/table>\n<p>&nbsp;<\/p>\n","protected":false},"excerpt":{"rendered":"<p>FUJI FUJI 6MBI75U2A-060-50 75A 600V INFINEON FS75R06KE3 75A 600V IXYS IXGN60N60 100A 600V Fuji 6MBi75U2A-060-50 3 Phase Bridge IGBT Module, 75 A 600 V, 28-Pin M636, Screw Mount Specifications: Collector Emitter Voltage V(br)ceo: 600 V Collector Emitter Voltage Vces: 2.15 V DC Collector Current: 75 A Module Configuration: Six Number&hellip; <\/p>\n","protected":false},"featured_media":3895,"comment_status":"open","ping_status":"closed","template":"","meta":[],"product_cat":[457],"product_tag":[459,458,159],"class_list":{"0":"post-3894","1":"product","2":"type-product","3":"status-publish","4":"has-post-thumbnail","6":"product_cat-fuji","7":"product_tag-dai-ly-fuji-viet-nam","8":"product_tag-fuji-viet-nam","9":"product_tag-mo-dun","11":"first","12":"instock","13":"shipping-taxable","14":"product-type-simple"},"yoast_head":"<!-- This site is optimized with the Yoast SEO plugin v22.8 - https:\/\/yoast.com\/wordpress\/plugins\/seo\/ -->\n<title>FUJI 6MBI75U2A-060-50 - OMANI VI\u1ec6T NAM<\/title>\n<meta name=\"description\" content=\"FUJI 6MBI75U2A-060-50 3 Phase Bridge IGBT Module\" \/>\n<meta name=\"robots\" content=\"index, follow, max-snippet:-1, max-image-preview:large, max-video-preview:-1\" \/>\n<link rel=\"canonical\" href=\"https:\/\/omanivietnam.com\/index.php\/san-pham\/fuji6mbi75u2a-060-50\/\" \/>\n<meta property=\"og:locale\" content=\"vi_VN\" \/>\n<meta property=\"og:type\" content=\"article\" \/>\n<meta property=\"og:title\" content=\"FUJI 6MBI75U2A-060-50 - OMANI VI\u1ec6T NAM\" \/>\n<meta property=\"og:description\" content=\"FUJI 6MBI75U2A-060-50 3 Phase Bridge IGBT Module\" \/>\n<meta property=\"og:url\" content=\"https:\/\/omanivietnam.com\/index.php\/san-pham\/fuji6mbi75u2a-060-50\/\" \/>\n<meta property=\"og:site_name\" content=\"OMANI VI\u1ec6T NAM\" \/>\n<meta property=\"article:modified_time\" content=\"2025-05-28T14:54:58+00:00\" \/>\n<meta property=\"og:image\" content=\"https:\/\/omanivietnam.com\/wp-content\/uploads\/2025\/05\/6MBI75U2A-060-50-75A-600V.png\" \/>\n\t<meta property=\"og:image:width\" content=\"1280\" \/>\n\t<meta property=\"og:image:height\" content=\"608\" \/>\n\t<meta property=\"og:image:type\" content=\"image\/png\" \/>\n<meta name=\"twitter:card\" content=\"summary_large_image\" \/>\n<meta name=\"twitter:label1\" content=\"\u01af\u1edbc t\u00ednh th\u1eddi gian \u0111\u1ecdc\" \/>\n\t<meta name=\"twitter:data1\" content=\"1 ph\u00fat\" \/>\n<script type=\"application\/ld+json\" class=\"yoast-schema-graph\">{\"@context\":\"https:\/\/schema.org\",\"@graph\":[{\"@type\":\"WebPage\",\"@id\":\"https:\/\/omanivietnam.com\/index.php\/san-pham\/fuji6mbi75u2a-060-50\/\",\"url\":\"https:\/\/omanivietnam.com\/index.php\/san-pham\/fuji6mbi75u2a-060-50\/\",\"name\":\"FUJI 6MBI75U2A-060-50 - OMANI VI\u1ec6T NAM\",\"isPartOf\":{\"@id\":\"https:\/\/omanivietnam.com\/#website\"},\"primaryImageOfPage\":{\"@id\":\"https:\/\/omanivietnam.com\/index.php\/san-pham\/fuji6mbi75u2a-060-50\/#primaryimage\"},\"image\":{\"@id\":\"https:\/\/omanivietnam.com\/index.php\/san-pham\/fuji6mbi75u2a-060-50\/#primaryimage\"},\"thumbnailUrl\":\"https:\/\/omanivietnam.com\/wp-content\/uploads\/2025\/05\/6MBI75U2A-060-50-75A-600V.png\",\"datePublished\":\"2025-05-28T09:33:32+00:00\",\"dateModified\":\"2025-05-28T14:54:58+00:00\",\"description\":\"FUJI 6MBI75U2A-060-50 3 Phase Bridge IGBT Module\",\"breadcrumb\":{\"@id\":\"https:\/\/omanivietnam.com\/index.php\/san-pham\/fuji6mbi75u2a-060-50\/#breadcrumb\"},\"inLanguage\":\"vi\",\"potentialAction\":[{\"@type\":\"ReadAction\",\"target\":[\"https:\/\/omanivietnam.com\/index.php\/san-pham\/fuji6mbi75u2a-060-50\/\"]}]},{\"@type\":\"ImageObject\",\"inLanguage\":\"vi\",\"@id\":\"https:\/\/omanivietnam.com\/index.php\/san-pham\/fuji6mbi75u2a-060-50\/#primaryimage\",\"url\":\"https:\/\/omanivietnam.com\/wp-content\/uploads\/2025\/05\/6MBI75U2A-060-50-75A-600V.png\",\"contentUrl\":\"https:\/\/omanivietnam.com\/wp-content\/uploads\/2025\/05\/6MBI75U2A-060-50-75A-600V.png\",\"width\":1280,\"height\":608},{\"@type\":\"BreadcrumbList\",\"@id\":\"https:\/\/omanivietnam.com\/index.php\/san-pham\/fuji6mbi75u2a-060-50\/#breadcrumb\",\"itemListElement\":[{\"@type\":\"ListItem\",\"position\":1,\"name\":\"Home\",\"item\":\"https:\/\/omanivietnam.com\/\"},{\"@type\":\"ListItem\",\"position\":2,\"name\":\"S\u1ea2N PH\u1ea8M\",\"item\":\"https:\/\/omanivietnam.com\/index.php\/cua-hang\/\"},{\"@type\":\"ListItem\",\"position\":3,\"name\":\"FUJI 6MBI75U2A-060-50\"}]},{\"@type\":\"WebSite\",\"@id\":\"https:\/\/omanivietnam.com\/#website\",\"url\":\"https:\/\/omanivietnam.com\/\",\"name\":\"OMANI VI\u1ec6T NAM\",\"description\":\"Nh\u00e0 ph\u00e2n ph\u1ed1i thi\u1ebft b\u1ecb kh\u00ed n\u00e9n v\u00e0 thi\u1ebft b\u1ecb t\u1ef1 \u0111\u1ed9ng h\u00f3a trong c\u00f4ng nghi\u1ec7p\",\"publisher\":{\"@id\":\"https:\/\/omanivietnam.com\/#\/schema\/person\/0ad398a980dc3fd696111c2c5c8fa897\"},\"potentialAction\":[{\"@type\":\"SearchAction\",\"target\":{\"@type\":\"EntryPoint\",\"urlTemplate\":\"https:\/\/omanivietnam.com\/?s={search_term_string}\"},\"query-input\":\"required name=search_term_string\"}],\"inLanguage\":\"vi\"},{\"@type\":[\"Person\",\"Organization\"],\"@id\":\"https:\/\/omanivietnam.com\/#\/schema\/person\/0ad398a980dc3fd696111c2c5c8fa897\",\"name\":\"Nguy\u1ec5n V\u0103n Kh\u00e1nh\",\"image\":{\"@type\":\"ImageObject\",\"inLanguage\":\"vi\",\"@id\":\"https:\/\/omanivietnam.com\/#\/schema\/person\/image\/\",\"url\":\"https:\/\/omanivietnam.com\/wp-content\/uploads\/2024\/06\/logo-1024x1024.png\",\"contentUrl\":\"https:\/\/omanivietnam.com\/wp-content\/uploads\/2024\/06\/logo-1024x1024.png\",\"width\":1024,\"height\":1024,\"caption\":\"Nguy\u1ec5n V\u0103n Kh\u00e1nh\"},\"logo\":{\"@id\":\"https:\/\/omanivietnam.com\/#\/schema\/person\/image\/\"},\"sameAs\":[\"https:\/\/omanivietnam.com\"]}]}<\/script>\n<!-- \/ Yoast SEO plugin. -->","yoast_head_json":{"title":"FUJI 6MBI75U2A-060-50 - OMANI VI\u1ec6T NAM","description":"FUJI 6MBI75U2A-060-50 3 Phase Bridge IGBT Module","robots":{"index":"index","follow":"follow","max-snippet":"max-snippet:-1","max-image-preview":"max-image-preview:large","max-video-preview":"max-video-preview:-1"},"canonical":"https:\/\/omanivietnam.com\/index.php\/san-pham\/fuji6mbi75u2a-060-50\/","og_locale":"vi_VN","og_type":"article","og_title":"FUJI 6MBI75U2A-060-50 - OMANI VI\u1ec6T NAM","og_description":"FUJI 6MBI75U2A-060-50 3 Phase Bridge IGBT Module","og_url":"https:\/\/omanivietnam.com\/index.php\/san-pham\/fuji6mbi75u2a-060-50\/","og_site_name":"OMANI VI\u1ec6T NAM","article_modified_time":"2025-05-28T14:54:58+00:00","og_image":[{"width":1280,"height":608,"url":"https:\/\/omanivietnam.com\/wp-content\/uploads\/2025\/05\/6MBI75U2A-060-50-75A-600V.png","type":"image\/png"}],"twitter_card":"summary_large_image","twitter_misc":{"\u01af\u1edbc t\u00ednh th\u1eddi gian \u0111\u1ecdc":"1 ph\u00fat"},"schema":{"@context":"https:\/\/schema.org","@graph":[{"@type":"WebPage","@id":"https:\/\/omanivietnam.com\/index.php\/san-pham\/fuji6mbi75u2a-060-50\/","url":"https:\/\/omanivietnam.com\/index.php\/san-pham\/fuji6mbi75u2a-060-50\/","name":"FUJI 6MBI75U2A-060-50 - OMANI VI\u1ec6T NAM","isPartOf":{"@id":"https:\/\/omanivietnam.com\/#website"},"primaryImageOfPage":{"@id":"https:\/\/omanivietnam.com\/index.php\/san-pham\/fuji6mbi75u2a-060-50\/#primaryimage"},"image":{"@id":"https:\/\/omanivietnam.com\/index.php\/san-pham\/fuji6mbi75u2a-060-50\/#primaryimage"},"thumbnailUrl":"https:\/\/omanivietnam.com\/wp-content\/uploads\/2025\/05\/6MBI75U2A-060-50-75A-600V.png","datePublished":"2025-05-28T09:33:32+00:00","dateModified":"2025-05-28T14:54:58+00:00","description":"FUJI 6MBI75U2A-060-50 3 Phase Bridge IGBT Module","breadcrumb":{"@id":"https:\/\/omanivietnam.com\/index.php\/san-pham\/fuji6mbi75u2a-060-50\/#breadcrumb"},"inLanguage":"vi","potentialAction":[{"@type":"ReadAction","target":["https:\/\/omanivietnam.com\/index.php\/san-pham\/fuji6mbi75u2a-060-50\/"]}]},{"@type":"ImageObject","inLanguage":"vi","@id":"https:\/\/omanivietnam.com\/index.php\/san-pham\/fuji6mbi75u2a-060-50\/#primaryimage","url":"https:\/\/omanivietnam.com\/wp-content\/uploads\/2025\/05\/6MBI75U2A-060-50-75A-600V.png","contentUrl":"https:\/\/omanivietnam.com\/wp-content\/uploads\/2025\/05\/6MBI75U2A-060-50-75A-600V.png","width":1280,"height":608},{"@type":"BreadcrumbList","@id":"https:\/\/omanivietnam.com\/index.php\/san-pham\/fuji6mbi75u2a-060-50\/#breadcrumb","itemListElement":[{"@type":"ListItem","position":1,"name":"Home","item":"https:\/\/omanivietnam.com\/"},{"@type":"ListItem","position":2,"name":"S\u1ea2N PH\u1ea8M","item":"https:\/\/omanivietnam.com\/index.php\/cua-hang\/"},{"@type":"ListItem","position":3,"name":"FUJI 6MBI75U2A-060-50"}]},{"@type":"WebSite","@id":"https:\/\/omanivietnam.com\/#website","url":"https:\/\/omanivietnam.com\/","name":"OMANI VI\u1ec6T NAM","description":"Nh\u00e0 ph\u00e2n ph\u1ed1i thi\u1ebft b\u1ecb kh\u00ed n\u00e9n v\u00e0 thi\u1ebft b\u1ecb t\u1ef1 \u0111\u1ed9ng h\u00f3a trong c\u00f4ng nghi\u1ec7p","publisher":{"@id":"https:\/\/omanivietnam.com\/#\/schema\/person\/0ad398a980dc3fd696111c2c5c8fa897"},"potentialAction":[{"@type":"SearchAction","target":{"@type":"EntryPoint","urlTemplate":"https:\/\/omanivietnam.com\/?s={search_term_string}"},"query-input":"required name=search_term_string"}],"inLanguage":"vi"},{"@type":["Person","Organization"],"@id":"https:\/\/omanivietnam.com\/#\/schema\/person\/0ad398a980dc3fd696111c2c5c8fa897","name":"Nguy\u1ec5n V\u0103n Kh\u00e1nh","image":{"@type":"ImageObject","inLanguage":"vi","@id":"https:\/\/omanivietnam.com\/#\/schema\/person\/image\/","url":"https:\/\/omanivietnam.com\/wp-content\/uploads\/2024\/06\/logo-1024x1024.png","contentUrl":"https:\/\/omanivietnam.com\/wp-content\/uploads\/2024\/06\/logo-1024x1024.png","width":1024,"height":1024,"caption":"Nguy\u1ec5n V\u0103n Kh\u00e1nh"},"logo":{"@id":"https:\/\/omanivietnam.com\/#\/schema\/person\/image\/"},"sameAs":["https:\/\/omanivietnam.com"]}]}},"_links":{"self":[{"href":"https:\/\/omanivietnam.com\/index.php\/wp-json\/wp\/v2\/product\/3894","targetHints":{"allow":["GET"]}}],"collection":[{"href":"https:\/\/omanivietnam.com\/index.php\/wp-json\/wp\/v2\/product"}],"about":[{"href":"https:\/\/omanivietnam.com\/index.php\/wp-json\/wp\/v2\/types\/product"}],"replies":[{"embeddable":true,"href":"https:\/\/omanivietnam.com\/index.php\/wp-json\/wp\/v2\/comments?post=3894"}],"wp:featuredmedia":[{"embeddable":true,"href":"https:\/\/omanivietnam.com\/index.php\/wp-json\/wp\/v2\/media\/3895"}],"wp:attachment":[{"href":"https:\/\/omanivietnam.com\/index.php\/wp-json\/wp\/v2\/media?parent=3894"}],"wp:term":[{"taxonomy":"product_cat","embeddable":true,"href":"https:\/\/omanivietnam.com\/index.php\/wp-json\/wp\/v2\/product_cat?post=3894"},{"taxonomy":"product_tag","embeddable":true,"href":"https:\/\/omanivietnam.com\/index.php\/wp-json\/wp\/v2\/product_tag?post=3894"}],"curies":[{"name":"wp","href":"https:\/\/api.w.org\/{rel}","templated":true}]}}