{"id":3908,"date":"2025-05-30T14:49:53","date_gmt":"2025-05-30T07:49:53","guid":{"rendered":"https:\/\/omanivietnam.com\/?post_type=product&#038;p=3908"},"modified":"2025-05-30T14:49:54","modified_gmt":"2025-05-30T07:49:54","slug":"pil-p43-200-m18-pbt-i-cm12","status":"publish","type":"product","link":"https:\/\/omanivietnam.com\/index.php\/san-pham\/pil-p43-200-m18-pbt-i-cm12\/","title":{"rendered":"PIL P43-200-M18-PBT-I-CM12"},"content":{"rendered":"<p>PIL P43-200-M18-PBT-I-CM12<\/p>\n<p>PiL ultrasonic sensors from the P43 series are specially designed for demanding applications with more than one switching point or variable analogue characteristic. With ranges between 25 mm and 6000 mm, the series offers a wide range of applications for a wide variety of industries. The analogue and switching outputs are taught in via a teach-in input using an optional external push-button. The series has one analogue 0 &#8230; 10 V or 4 &#8230; 20 mA output or two switching outputs.<\/p>\n<div class=\"flex_item \">\n<div id=\"c2990\" class=\"frame frame-default frame-type-textmedia frame-layout-0\">\n<div class=\"ce-textpic ce-center ce-above\">\n<div class=\"ce-bodytext\">\n<h3><strong>Key features<\/strong><\/h3>\n<ul>\n<li>Ranges up to 6 m<\/li>\n<li>High repeatability \u00b1 0.2 mm<\/li>\n<li>Small design of M12<\/li>\n<li>Function LED and Teach-In<\/li>\n<\/ul>\n<\/div>\n<\/div>\n<\/div>\n<\/div>\n<div class=\"flex_item \">\n<div id=\"c2991\" class=\"frame frame-default frame-type-textmedia frame-layout-0\">\n<div class=\"ce-textpic ce-center ce-above\">\n<div class=\"ce-bodytext\">\n<h3><strong>Application examples<\/strong><\/h3>\n<ul>\n<li>Level control<\/li>\n<li>Object positioning<\/li>\n<li>Control of occupancy<\/li>\n<li>Stack height measurement<\/li>\n<\/ul>\n<\/div>\n<\/div>\n<\/div>\n<\/div>\n<ul>\n<li><strong>Sensing Distance:<\/strong>\u00a0200 &#8211; 2000 mm<\/li>\n<li><strong>Output<\/strong>: 4&#8230;20mA<\/li>\n<li><strong>Connection<\/strong>: CM12<\/li>\n<li><strong>Set Point Adjustment:<\/strong>\u00a0Teach-In<\/li>\n<li><strong>Housing<\/strong>: PBT, M18<\/li>\n<li><strong>Features:<\/strong>\u00a0Teach-In via cable (external contact closure)<\/li>\n<\/ul>\n<p>Distance measurement of moving machine parts<\/p>\n<p>\u2022 Detection of moving objects made of all materials, including glass<\/p>\n<p>\u2022 Presence detection of objects and humans<\/p>\n<p>\u2022 Counting of objects with various shapes<\/p>\n<p>\u2022 Completeness control of objects in bundles (bottles in a box)<\/p>\n<p>\u2022 Level measurement of bulk goods storage and liquids in silos and containers<\/p>\n<p>\u2022 Winding and unwinding control of rolls in paper-, coils- textile industries<\/p>\n<p>\u2022 Web tension control in a multi-level working process<\/p>\n<p>\u2022 Sorting control by measuring the height profile of packaging items<\/p>\n<p>\u2022 Position control by measuring the stacking height and overlaps on loaders<\/p>\n<p>\u2022 Area Monitoring<\/p>\n<p>\u2022 Collision avoidance in the case of automated guided vehicles<\/p>\n","protected":false},"excerpt":{"rendered":"<p>PIL P43-200-M18-PBT-I-CM12 PiL ultrasonic sensors from the P43 series are specially designed for demanding applications with more than one switching point or variable analogue characteristic. With ranges between 25 mm and 6000 mm, the series offers a wide range of applications for a wide variety of industries. The analogue and&hellip; <\/p>\n","protected":false},"featured_media":3909,"comment_status":"open","ping_status":"closed","template":"","meta":[],"product_cat":[741],"product_tag":[88,743,742],"class_list":{"0":"post-3908","1":"product","2":"type-product","3":"status-publish","4":"has-post-thumbnail","6":"product_cat-pil","7":"product_tag-cam-bien","8":"product_tag-dai-ly-pil-viet-nam","9":"product_tag-pil-viet-nam","11":"first","12":"instock","13":"shipping-taxable","14":"product-type-simple"},"yoast_head":"<!-- This site is optimized with the Yoast SEO plugin v22.8 - https:\/\/yoast.com\/wordpress\/plugins\/seo\/ -->\n<title>PIL P43-200-M18-PBT-I-CM12 - OMANI VI\u1ec6T NAM<\/title>\n<meta name=\"description\" content=\"PIL P43-200-M18-PBT-I-CM12 Ultrasonic Sensors\" \/>\n<meta name=\"robots\" content=\"index, follow, max-snippet:-1, max-image-preview:large, max-video-preview:-1\" \/>\n<link rel=\"canonical\" href=\"https:\/\/omanivietnam.com\/index.php\/san-pham\/pil-p43-200-m18-pbt-i-cm12\/\" \/>\n<meta property=\"og:locale\" content=\"vi_VN\" \/>\n<meta property=\"og:type\" content=\"article\" \/>\n<meta property=\"og:title\" content=\"PIL P43-200-M18-PBT-I-CM12 - OMANI VI\u1ec6T NAM\" \/>\n<meta property=\"og:description\" content=\"PIL P43-200-M18-PBT-I-CM12 Ultrasonic Sensors\" \/>\n<meta property=\"og:url\" content=\"https:\/\/omanivietnam.com\/index.php\/san-pham\/pil-p43-200-m18-pbt-i-cm12\/\" \/>\n<meta property=\"og:site_name\" content=\"OMANI VI\u1ec6T NAM\" \/>\n<meta property=\"article:modified_time\" content=\"2025-05-30T07:49:54+00:00\" \/>\n<meta property=\"og:image\" content=\"https:\/\/omanivietnam.com\/wp-content\/uploads\/2025\/05\/P43-200-M18-PBT-I-CM12.png\" \/>\n\t<meta property=\"og:image:width\" content=\"1013\" \/>\n\t<meta property=\"og:image:height\" content=\"509\" \/>\n\t<meta property=\"og:image:type\" content=\"image\/png\" \/>\n<meta name=\"twitter:card\" content=\"summary_large_image\" \/>\n<meta name=\"twitter:label1\" content=\"\u01af\u1edbc t\u00ednh th\u1eddi gian \u0111\u1ecdc\" \/>\n\t<meta name=\"twitter:data1\" content=\"2 ph\u00fat\" \/>\n<script type=\"application\/ld+json\" class=\"yoast-schema-graph\">{\"@context\":\"https:\/\/schema.org\",\"@graph\":[{\"@type\":\"WebPage\",\"@id\":\"https:\/\/omanivietnam.com\/index.php\/san-pham\/pil-p43-200-m18-pbt-i-cm12\/\",\"url\":\"https:\/\/omanivietnam.com\/index.php\/san-pham\/pil-p43-200-m18-pbt-i-cm12\/\",\"name\":\"PIL P43-200-M18-PBT-I-CM12 - OMANI VI\u1ec6T NAM\",\"isPartOf\":{\"@id\":\"https:\/\/omanivietnam.com\/#website\"},\"primaryImageOfPage\":{\"@id\":\"https:\/\/omanivietnam.com\/index.php\/san-pham\/pil-p43-200-m18-pbt-i-cm12\/#primaryimage\"},\"image\":{\"@id\":\"https:\/\/omanivietnam.com\/index.php\/san-pham\/pil-p43-200-m18-pbt-i-cm12\/#primaryimage\"},\"thumbnailUrl\":\"https:\/\/omanivietnam.com\/wp-content\/uploads\/2025\/05\/P43-200-M18-PBT-I-CM12.png\",\"datePublished\":\"2025-05-30T07:49:53+00:00\",\"dateModified\":\"2025-05-30T07:49:54+00:00\",\"description\":\"PIL P43-200-M18-PBT-I-CM12 Ultrasonic Sensors\",\"breadcrumb\":{\"@id\":\"https:\/\/omanivietnam.com\/index.php\/san-pham\/pil-p43-200-m18-pbt-i-cm12\/#breadcrumb\"},\"inLanguage\":\"vi\",\"potentialAction\":[{\"@type\":\"ReadAction\",\"target\":[\"https:\/\/omanivietnam.com\/index.php\/san-pham\/pil-p43-200-m18-pbt-i-cm12\/\"]}]},{\"@type\":\"ImageObject\",\"inLanguage\":\"vi\",\"@id\":\"https:\/\/omanivietnam.com\/index.php\/san-pham\/pil-p43-200-m18-pbt-i-cm12\/#primaryimage\",\"url\":\"https:\/\/omanivietnam.com\/wp-content\/uploads\/2025\/05\/P43-200-M18-PBT-I-CM12.png\",\"contentUrl\":\"https:\/\/omanivietnam.com\/wp-content\/uploads\/2025\/05\/P43-200-M18-PBT-I-CM12.png\",\"width\":1013,\"height\":509},{\"@type\":\"BreadcrumbList\",\"@id\":\"https:\/\/omanivietnam.com\/index.php\/san-pham\/pil-p43-200-m18-pbt-i-cm12\/#breadcrumb\",\"itemListElement\":[{\"@type\":\"ListItem\",\"position\":1,\"name\":\"Home\",\"item\":\"https:\/\/omanivietnam.com\/\"},{\"@type\":\"ListItem\",\"position\":2,\"name\":\"S\u1ea2N PH\u1ea8M\",\"item\":\"https:\/\/omanivietnam.com\/index.php\/cua-hang\/\"},{\"@type\":\"ListItem\",\"position\":3,\"name\":\"PIL P43-200-M18-PBT-I-CM12\"}]},{\"@type\":\"WebSite\",\"@id\":\"https:\/\/omanivietnam.com\/#website\",\"url\":\"https:\/\/omanivietnam.com\/\",\"name\":\"OMANI VI\u1ec6T NAM\",\"description\":\"Nh\u00e0 ph\u00e2n ph\u1ed1i thi\u1ebft b\u1ecb kh\u00ed n\u00e9n v\u00e0 thi\u1ebft b\u1ecb t\u1ef1 \u0111\u1ed9ng h\u00f3a trong c\u00f4ng nghi\u1ec7p\",\"publisher\":{\"@id\":\"https:\/\/omanivietnam.com\/#\/schema\/person\/0ad398a980dc3fd696111c2c5c8fa897\"},\"potentialAction\":[{\"@type\":\"SearchAction\",\"target\":{\"@type\":\"EntryPoint\",\"urlTemplate\":\"https:\/\/omanivietnam.com\/?s={search_term_string}\"},\"query-input\":\"required name=search_term_string\"}],\"inLanguage\":\"vi\"},{\"@type\":[\"Person\",\"Organization\"],\"@id\":\"https:\/\/omanivietnam.com\/#\/schema\/person\/0ad398a980dc3fd696111c2c5c8fa897\",\"name\":\"Nguy\u1ec5n V\u0103n Kh\u00e1nh\",\"image\":{\"@type\":\"ImageObject\",\"inLanguage\":\"vi\",\"@id\":\"https:\/\/omanivietnam.com\/#\/schema\/person\/image\/\",\"url\":\"https:\/\/omanivietnam.com\/wp-content\/uploads\/2024\/06\/logo-1024x1024.png\",\"contentUrl\":\"https:\/\/omanivietnam.com\/wp-content\/uploads\/2024\/06\/logo-1024x1024.png\",\"width\":1024,\"height\":1024,\"caption\":\"Nguy\u1ec5n V\u0103n Kh\u00e1nh\"},\"logo\":{\"@id\":\"https:\/\/omanivietnam.com\/#\/schema\/person\/image\/\"},\"sameAs\":[\"https:\/\/omanivietnam.com\"]}]}<\/script>\n<!-- \/ Yoast SEO plugin. -->","yoast_head_json":{"title":"PIL P43-200-M18-PBT-I-CM12 - OMANI VI\u1ec6T NAM","description":"PIL P43-200-M18-PBT-I-CM12 Ultrasonic Sensors","robots":{"index":"index","follow":"follow","max-snippet":"max-snippet:-1","max-image-preview":"max-image-preview:large","max-video-preview":"max-video-preview:-1"},"canonical":"https:\/\/omanivietnam.com\/index.php\/san-pham\/pil-p43-200-m18-pbt-i-cm12\/","og_locale":"vi_VN","og_type":"article","og_title":"PIL P43-200-M18-PBT-I-CM12 - OMANI VI\u1ec6T NAM","og_description":"PIL P43-200-M18-PBT-I-CM12 Ultrasonic Sensors","og_url":"https:\/\/omanivietnam.com\/index.php\/san-pham\/pil-p43-200-m18-pbt-i-cm12\/","og_site_name":"OMANI VI\u1ec6T NAM","article_modified_time":"2025-05-30T07:49:54+00:00","og_image":[{"width":1013,"height":509,"url":"https:\/\/omanivietnam.com\/wp-content\/uploads\/2025\/05\/P43-200-M18-PBT-I-CM12.png","type":"image\/png"}],"twitter_card":"summary_large_image","twitter_misc":{"\u01af\u1edbc t\u00ednh th\u1eddi gian \u0111\u1ecdc":"2 ph\u00fat"},"schema":{"@context":"https:\/\/schema.org","@graph":[{"@type":"WebPage","@id":"https:\/\/omanivietnam.com\/index.php\/san-pham\/pil-p43-200-m18-pbt-i-cm12\/","url":"https:\/\/omanivietnam.com\/index.php\/san-pham\/pil-p43-200-m18-pbt-i-cm12\/","name":"PIL P43-200-M18-PBT-I-CM12 - OMANI VI\u1ec6T NAM","isPartOf":{"@id":"https:\/\/omanivietnam.com\/#website"},"primaryImageOfPage":{"@id":"https:\/\/omanivietnam.com\/index.php\/san-pham\/pil-p43-200-m18-pbt-i-cm12\/#primaryimage"},"image":{"@id":"https:\/\/omanivietnam.com\/index.php\/san-pham\/pil-p43-200-m18-pbt-i-cm12\/#primaryimage"},"thumbnailUrl":"https:\/\/omanivietnam.com\/wp-content\/uploads\/2025\/05\/P43-200-M18-PBT-I-CM12.png","datePublished":"2025-05-30T07:49:53+00:00","dateModified":"2025-05-30T07:49:54+00:00","description":"PIL P43-200-M18-PBT-I-CM12 Ultrasonic Sensors","breadcrumb":{"@id":"https:\/\/omanivietnam.com\/index.php\/san-pham\/pil-p43-200-m18-pbt-i-cm12\/#breadcrumb"},"inLanguage":"vi","potentialAction":[{"@type":"ReadAction","target":["https:\/\/omanivietnam.com\/index.php\/san-pham\/pil-p43-200-m18-pbt-i-cm12\/"]}]},{"@type":"ImageObject","inLanguage":"vi","@id":"https:\/\/omanivietnam.com\/index.php\/san-pham\/pil-p43-200-m18-pbt-i-cm12\/#primaryimage","url":"https:\/\/omanivietnam.com\/wp-content\/uploads\/2025\/05\/P43-200-M18-PBT-I-CM12.png","contentUrl":"https:\/\/omanivietnam.com\/wp-content\/uploads\/2025\/05\/P43-200-M18-PBT-I-CM12.png","width":1013,"height":509},{"@type":"BreadcrumbList","@id":"https:\/\/omanivietnam.com\/index.php\/san-pham\/pil-p43-200-m18-pbt-i-cm12\/#breadcrumb","itemListElement":[{"@type":"ListItem","position":1,"name":"Home","item":"https:\/\/omanivietnam.com\/"},{"@type":"ListItem","position":2,"name":"S\u1ea2N PH\u1ea8M","item":"https:\/\/omanivietnam.com\/index.php\/cua-hang\/"},{"@type":"ListItem","position":3,"name":"PIL P43-200-M18-PBT-I-CM12"}]},{"@type":"WebSite","@id":"https:\/\/omanivietnam.com\/#website","url":"https:\/\/omanivietnam.com\/","name":"OMANI VI\u1ec6T NAM","description":"Nh\u00e0 ph\u00e2n ph\u1ed1i thi\u1ebft b\u1ecb kh\u00ed n\u00e9n v\u00e0 thi\u1ebft b\u1ecb t\u1ef1 \u0111\u1ed9ng h\u00f3a trong c\u00f4ng nghi\u1ec7p","publisher":{"@id":"https:\/\/omanivietnam.com\/#\/schema\/person\/0ad398a980dc3fd696111c2c5c8fa897"},"potentialAction":[{"@type":"SearchAction","target":{"@type":"EntryPoint","urlTemplate":"https:\/\/omanivietnam.com\/?s={search_term_string}"},"query-input":"required name=search_term_string"}],"inLanguage":"vi"},{"@type":["Person","Organization"],"@id":"https:\/\/omanivietnam.com\/#\/schema\/person\/0ad398a980dc3fd696111c2c5c8fa897","name":"Nguy\u1ec5n V\u0103n Kh\u00e1nh","image":{"@type":"ImageObject","inLanguage":"vi","@id":"https:\/\/omanivietnam.com\/#\/schema\/person\/image\/","url":"https:\/\/omanivietnam.com\/wp-content\/uploads\/2024\/06\/logo-1024x1024.png","contentUrl":"https:\/\/omanivietnam.com\/wp-content\/uploads\/2024\/06\/logo-1024x1024.png","width":1024,"height":1024,"caption":"Nguy\u1ec5n V\u0103n Kh\u00e1nh"},"logo":{"@id":"https:\/\/omanivietnam.com\/#\/schema\/person\/image\/"},"sameAs":["https:\/\/omanivietnam.com"]}]}},"_links":{"self":[{"href":"https:\/\/omanivietnam.com\/index.php\/wp-json\/wp\/v2\/product\/3908","targetHints":{"allow":["GET"]}}],"collection":[{"href":"https:\/\/omanivietnam.com\/index.php\/wp-json\/wp\/v2\/product"}],"about":[{"href":"https:\/\/omanivietnam.com\/index.php\/wp-json\/wp\/v2\/types\/product"}],"replies":[{"embeddable":true,"href":"https:\/\/omanivietnam.com\/index.php\/wp-json\/wp\/v2\/comments?post=3908"}],"wp:featuredmedia":[{"embeddable":true,"href":"https:\/\/omanivietnam.com\/index.php\/wp-json\/wp\/v2\/media\/3909"}],"wp:attachment":[{"href":"https:\/\/omanivietnam.com\/index.php\/wp-json\/wp\/v2\/media?parent=3908"}],"wp:term":[{"taxonomy":"product_cat","embeddable":true,"href":"https:\/\/omanivietnam.com\/index.php\/wp-json\/wp\/v2\/product_cat?post=3908"},{"taxonomy":"product_tag","embeddable":true,"href":"https:\/\/omanivietnam.com\/index.php\/wp-json\/wp\/v2\/product_tag?post=3908"}],"curies":[{"name":"wp","href":"https:\/\/api.w.org\/{rel}","templated":true}]}}