{"id":3915,"date":"2025-06-01T20:53:04","date_gmt":"2025-06-01T13:53:04","guid":{"rendered":"https:\/\/omanivietnam.com\/?post_type=product&#038;p=3915"},"modified":"2025-06-01T20:53:05","modified_gmt":"2025-06-01T13:53:05","slug":"azbil-c35tddua3300","status":"publish","type":"product","link":"https:\/\/omanivietnam.com\/index.php\/san-pham\/azbil-c35tddua3300\/","title":{"rendered":"AZBIL C35TDDUA3300"},"content":{"rendered":"<p>AZBIL C35TDDUA3300<\/p>\n<p><span class=\"AttributeLabel__Heading\">\u0110\u1eb7c \u0111i\u1ec3m k\u1ef9 thu\u1eadt:<\/span><\/p>\n<p>\u25cfX\u1eed l\u00fd b\u1ed5 sung: Kh\u00f4ng c\u00f3<\/p>\n<p>\u25cfS\u1ed1 hi\u1ec7u model c\u01a1 b\u1ea3n: B\u1ed9 \u0111i\u1ec1u khi\u1ec3n ch\u1ec9 th\u1ecb k\u1ef9 thu\u1eadt s\u1ed1 (k\u00edch th\u01b0\u1edbc 48 x 96 mm)<\/p>\n<p>\u25cf\u0110\u1ea7u ra \u0111i\u1ec1u khi\u1ec3n \u0111\u1ea7u ra 1: \u0110i\u1ec7n \u00e1p li\u00ean t\u1ee5c<\/p>\n<p>\u25cf\u0110\u1ea7u ra \u0111i\u1ec1u khi\u1ec3n \u0111\u1ea7u ra 2: \u0110i\u1ec7n \u00e1p li\u00ean t\u1ee5c<\/p>\n<p>\u25cfCh\u1ee9c n\u0103ng b\u1ed5 sung EV (D0): 3 \u0111i\u1ec3m<\/p>\n<p>\u25cf\u0110\u1ea7u ra ph\u1ee5 tr\u1ee3 ch\u1ee9c n\u0103ng b\u1ed5 sung: \u0110i\u1ec7n \u00e1p<\/p>\n<p>\u25cfCh\u1ee9c n\u0103ng b\u1ed5 sung CT: 2 \u0111i\u1ec3m<\/p>\n<p>\u25cfCh\u1ee9c n\u0103ng b\u1ed5 sung DI: 2 \u0111i\u1ec3m<\/p>\n<p>\u25cfCh\u1ee9c n\u0103ng b\u1ed5 sung RSP: C\u00f3<\/p>\n<p>\u25cfLo\u1ea1i \u0111\u1ea7u v\u00e0o PV: C\u1eb7p nhi\u1ec7t \u0111i\u1ec7n, nhi\u1ec7t k\u1ebf \u0111i\u1ec7n tr\u1edf, \u0111i\u1ec7n \u00e1p DC, d\u00f2ng \u0111i\u1ec7n DC, v.v.<\/p>\n<p>\u25cfTh\u1eddi gian l\u1ea5y m\u1eabu \u0111\u1ea7u v\u00e0o PV: 0,1 gi\u00e2y<\/p>\n<p>\u25cfS\u1ed1 nh\u00f3m PID: 8 nh\u00f3m<\/p>\n<p>\u25cfH\u00e0nh \u0111\u1ed9ng \u0111i\u1ec1u khi\u1ec3n: \u0110i\u1ec1u khi\u1ec3n B\u1eacT\/T\u1eaeT, PID t\u1ef7 l\u1ec7 thu\u1eadn v\u1edbi th\u1eddi gian, PID t\u1ef7 l\u1ec7 thu\u1eadn v\u1edbi d\u00f2ng \u0111i\u1ec7n<\/p>\n<p>C\u00e1c m\u00e3 h\u00e0ng t\u01b0\u01a1ng t\u1ef1<\/p>\n<table style=\"height: 735px\" width=\"727\">\n<tbody>\n<tr>\n<td rowspan=\"2\" width=\"65\">C35TC0UA1000<\/td>\n<\/tr>\n<tr>\n<td rowspan=\"2\" width=\"65\">C35TC0UA10B0<\/td>\n<\/tr>\n<tr>\n<td rowspan=\"2\" width=\"65\">C35TC0UA10D0<\/td>\n<\/tr>\n<tr>\n<td rowspan=\"2\" width=\"65\">C35TC0UA10K0<\/td>\n<\/tr>\n<tr>\n<td rowspan=\"2\" width=\"65\">C35TC0UA10T0<\/td>\n<\/tr>\n<tr>\n<td rowspan=\"2\" width=\"65\">C35TC0UA10Y0<\/td>\n<\/tr>\n<tr>\n<td rowspan=\"2\" width=\"65\">C35TC0UA1100<\/td>\n<\/tr>\n<tr>\n<td rowspan=\"2\" width=\"65\">C35TC0UA11B0<\/td>\n<\/tr>\n<tr>\n<td rowspan=\"2\" width=\"65\">C35TC0UA11D0<\/td>\n<\/tr>\n<tr>\n<td rowspan=\"2\" width=\"65\">C35TC0UA11K0<\/td>\n<\/tr>\n<tr>\n<td rowspan=\"2\" width=\"65\">C35TC0UA11L0<\/td>\n<\/tr>\n<tr>\n<td rowspan=\"2\" width=\"65\">C35TC0UA11T0<\/td>\n<\/tr>\n<tr>\n<td rowspan=\"2\" width=\"65\">C35TC0UA11Y0<\/td>\n<\/tr>\n<tr>\n<td rowspan=\"2\" width=\"65\">C35TC0UA1200<\/td>\n<\/tr>\n<tr>\n<td rowspan=\"2\" width=\"65\">C35TC0UA12D0<\/td>\n<\/tr>\n<tr>\n<td rowspan=\"2\" width=\"65\">C35TC0UA12K0<\/td>\n<\/tr>\n<tr>\n<td rowspan=\"2\" width=\"65\">C35TC0UA12L0<\/td>\n<\/tr>\n<tr>\n<td rowspan=\"2\" width=\"65\">C35TC0UA12T0<\/td>\n<\/tr>\n<tr>\n<td rowspan=\"2\" width=\"65\">C35TC0UA12Y0<\/td>\n<\/tr>\n<tr>\n<td rowspan=\"2\" width=\"65\">C35TC0UA1300<\/td>\n<\/tr>\n<tr>\n<td rowspan=\"2\" width=\"65\">C35TC0UA13B0<\/td>\n<\/tr>\n<tr>\n<td rowspan=\"2\" width=\"65\">C35TC0UA13D0<\/td>\n<\/tr>\n<tr>\n<td rowspan=\"2\" width=\"65\">C35TC0UA13T0<\/td>\n<\/tr>\n<tr>\n<td rowspan=\"2\" width=\"65\">C35TC0UA13Y0<\/td>\n<\/tr>\n<tr>\n<td rowspan=\"2\" width=\"65\">C35TC0UA1400<\/td>\n<\/tr>\n<tr>\n<td rowspan=\"2\" width=\"65\">C35TC0UA14D0<\/td>\n<\/tr>\n<tr>\n<td rowspan=\"2\" width=\"65\">C35TC0UA14Y0<\/td>\n<\/tr>\n<tr>\n<td rowspan=\"2\" width=\"65\">C35TC0UA2000<\/td>\n<\/tr>\n<tr>\n<td rowspan=\"2\" width=\"65\">C35TC0UA20B0<\/td>\n<\/tr>\n<tr>\n<td rowspan=\"2\" width=\"65\">C35TC0UA20D0<\/td>\n<\/tr>\n<tr>\n<td rowspan=\"2\" width=\"65\">C35TC0UA20K0<\/td>\n<\/tr>\n<tr>\n<td rowspan=\"2\" width=\"65\">C35TC0UA20L0<\/td>\n<\/tr>\n<tr>\n<td rowspan=\"2\" width=\"65\">C35TC0UA20T0<\/td>\n<\/tr>\n<tr>\n<td rowspan=\"2\" width=\"65\">C35TC0UA20Y0<\/td>\n<\/tr>\n<tr>\n<td rowspan=\"2\" width=\"65\">C35TC0UA2100<\/td>\n<\/tr>\n<tr>\n<td rowspan=\"2\" width=\"65\">C35TC0UA21B0<\/td>\n<\/tr>\n<tr>\n<td rowspan=\"2\" width=\"65\">C35TC0UA21D0<\/td>\n<\/tr>\n<tr>\n<td rowspan=\"2\" width=\"65\">C35TC0UA21K0<\/td>\n<\/tr>\n<tr>\n<td rowspan=\"2\" width=\"65\">C35TC0UA21L0<\/td>\n<\/tr>\n<tr>\n<td rowspan=\"2\" width=\"65\">C35TC0UA21Y0<\/td>\n<\/tr>\n<tr>\n<td rowspan=\"2\" width=\"65\">C35TC0UA2200<\/td>\n<\/tr>\n<tr>\n<td rowspan=\"2\" width=\"65\">C35TC0UA22D0<\/td>\n<\/tr>\n<tr>\n<td rowspan=\"2\" width=\"65\">C35TC0UA22T0<\/td>\n<\/tr>\n<tr>\n<td rowspan=\"2\" width=\"65\">C35TC0UA22Y0<\/td>\n<\/tr>\n<tr>\n<td rowspan=\"2\" width=\"65\">C35TC0UA2300<\/td>\n<\/tr>\n<tr>\n<td rowspan=\"2\" width=\"65\">C35TC0UA23B0<\/td>\n<\/tr>\n<tr>\n<td rowspan=\"2\" width=\"65\">C35TC0UA23D0<\/td>\n<\/tr>\n<tr>\n<td rowspan=\"2\" width=\"65\">C35TC0UA23K0<\/td>\n<\/tr>\n<tr>\n<td rowspan=\"2\" width=\"65\">C35TC0UA23L0<\/td>\n<\/tr>\n<tr>\n<td rowspan=\"2\" width=\"65\">C35TC0UA23Y0<\/td>\n<\/tr>\n<\/tbody>\n<\/table>\n","protected":false},"excerpt":{"rendered":"<p>AZBIL C35TDDUA3300 \u0110\u1eb7c \u0111i\u1ec3m k\u1ef9 thu\u1eadt: \u25cfX\u1eed l\u00fd b\u1ed5 sung: Kh\u00f4ng c\u00f3 \u25cfS\u1ed1 hi\u1ec7u model c\u01a1 b\u1ea3n: B\u1ed9 \u0111i\u1ec1u khi\u1ec3n ch\u1ec9 th\u1ecb k\u1ef9 thu\u1eadt s\u1ed1 (k\u00edch th\u01b0\u1edbc 48 x 96 mm) \u25cf\u0110\u1ea7u ra \u0111i\u1ec1u khi\u1ec3n \u0111\u1ea7u ra 1: \u0110i\u1ec7n \u00e1p li\u00ean t\u1ee5c \u25cf\u0110\u1ea7u ra \u0111i\u1ec1u khi\u1ec3n \u0111\u1ea7u ra 2: \u0110i\u1ec7n&hellip; <\/p>\n","protected":false},"featured_media":3916,"comment_status":"open","ping_status":"closed","template":"","meta":[],"product_cat":[676],"product_tag":[677,475,678],"class_list":{"0":"post-3915","1":"product","2":"type-product","3":"status-publish","4":"has-post-thumbnail","6":"product_cat-azbil","7":"product_tag-azbil-viet-nam","8":"product_tag-bo-on-nhiet","9":"product_tag-dai-ly-azbil-viet-nam","11":"first","12":"instock","13":"shipping-taxable","14":"product-type-simple"},"yoast_head":"<!-- This site is optimized with the Yoast SEO plugin v22.8 - https:\/\/yoast.com\/wordpress\/plugins\/seo\/ -->\n<title>AZBIL C35TDDUA3300 - OMANI VI\u1ec6T NAM<\/title>\n<meta name=\"description\" content=\"AZBIL C35TDDUA3300 Thermostat Temperature Controller\" \/>\n<meta name=\"robots\" content=\"index, follow, max-snippet:-1, max-image-preview:large, max-video-preview:-1\" \/>\n<link rel=\"canonical\" href=\"https:\/\/omanivietnam.com\/index.php\/san-pham\/azbil-c35tddua3300\/\" \/>\n<meta property=\"og:locale\" content=\"vi_VN\" \/>\n<meta property=\"og:type\" content=\"article\" \/>\n<meta property=\"og:title\" content=\"AZBIL C35TDDUA3300 - OMANI VI\u1ec6T NAM\" \/>\n<meta property=\"og:description\" content=\"AZBIL C35TDDUA3300 Thermostat Temperature Controller\" \/>\n<meta property=\"og:url\" content=\"https:\/\/omanivietnam.com\/index.php\/san-pham\/azbil-c35tddua3300\/\" \/>\n<meta property=\"og:site_name\" content=\"OMANI VI\u1ec6T NAM\" \/>\n<meta property=\"article:modified_time\" content=\"2025-06-01T13:53:05+00:00\" \/>\n<meta property=\"og:image\" content=\"https:\/\/omanivietnam.com\/wp-content\/uploads\/2025\/06\/C35TDDUA3300.png\" \/>\n\t<meta property=\"og:image:width\" content=\"547\" \/>\n\t<meta property=\"og:image:height\" content=\"651\" \/>\n\t<meta property=\"og:image:type\" content=\"image\/png\" \/>\n<meta name=\"twitter:card\" content=\"summary_large_image\" \/>\n<meta name=\"twitter:label1\" content=\"\u01af\u1edbc t\u00ednh th\u1eddi gian \u0111\u1ecdc\" \/>\n\t<meta name=\"twitter:data1\" content=\"2 ph\u00fat\" \/>\n<script type=\"application\/ld+json\" class=\"yoast-schema-graph\">{\"@context\":\"https:\/\/schema.org\",\"@graph\":[{\"@type\":\"WebPage\",\"@id\":\"https:\/\/omanivietnam.com\/index.php\/san-pham\/azbil-c35tddua3300\/\",\"url\":\"https:\/\/omanivietnam.com\/index.php\/san-pham\/azbil-c35tddua3300\/\",\"name\":\"AZBIL C35TDDUA3300 - OMANI VI\u1ec6T NAM\",\"isPartOf\":{\"@id\":\"https:\/\/omanivietnam.com\/#website\"},\"primaryImageOfPage\":{\"@id\":\"https:\/\/omanivietnam.com\/index.php\/san-pham\/azbil-c35tddua3300\/#primaryimage\"},\"image\":{\"@id\":\"https:\/\/omanivietnam.com\/index.php\/san-pham\/azbil-c35tddua3300\/#primaryimage\"},\"thumbnailUrl\":\"https:\/\/omanivietnam.com\/wp-content\/uploads\/2025\/06\/C35TDDUA3300.png\",\"datePublished\":\"2025-06-01T13:53:04+00:00\",\"dateModified\":\"2025-06-01T13:53:05+00:00\",\"description\":\"AZBIL C35TDDUA3300 Thermostat Temperature Controller\",\"breadcrumb\":{\"@id\":\"https:\/\/omanivietnam.com\/index.php\/san-pham\/azbil-c35tddua3300\/#breadcrumb\"},\"inLanguage\":\"vi\",\"potentialAction\":[{\"@type\":\"ReadAction\",\"target\":[\"https:\/\/omanivietnam.com\/index.php\/san-pham\/azbil-c35tddua3300\/\"]}]},{\"@type\":\"ImageObject\",\"inLanguage\":\"vi\",\"@id\":\"https:\/\/omanivietnam.com\/index.php\/san-pham\/azbil-c35tddua3300\/#primaryimage\",\"url\":\"https:\/\/omanivietnam.com\/wp-content\/uploads\/2025\/06\/C35TDDUA3300.png\",\"contentUrl\":\"https:\/\/omanivietnam.com\/wp-content\/uploads\/2025\/06\/C35TDDUA3300.png\",\"width\":547,\"height\":651},{\"@type\":\"BreadcrumbList\",\"@id\":\"https:\/\/omanivietnam.com\/index.php\/san-pham\/azbil-c35tddua3300\/#breadcrumb\",\"itemListElement\":[{\"@type\":\"ListItem\",\"position\":1,\"name\":\"Home\",\"item\":\"https:\/\/omanivietnam.com\/\"},{\"@type\":\"ListItem\",\"position\":2,\"name\":\"S\u1ea2N PH\u1ea8M\",\"item\":\"https:\/\/omanivietnam.com\/index.php\/cua-hang\/\"},{\"@type\":\"ListItem\",\"position\":3,\"name\":\"AZBIL C35TDDUA3300\"}]},{\"@type\":\"WebSite\",\"@id\":\"https:\/\/omanivietnam.com\/#website\",\"url\":\"https:\/\/omanivietnam.com\/\",\"name\":\"OMANI VI\u1ec6T NAM\",\"description\":\"Nh\u00e0 ph\u00e2n ph\u1ed1i thi\u1ebft b\u1ecb kh\u00ed n\u00e9n v\u00e0 thi\u1ebft b\u1ecb t\u1ef1 \u0111\u1ed9ng h\u00f3a trong c\u00f4ng nghi\u1ec7p\",\"publisher\":{\"@id\":\"https:\/\/omanivietnam.com\/#\/schema\/person\/0ad398a980dc3fd696111c2c5c8fa897\"},\"potentialAction\":[{\"@type\":\"SearchAction\",\"target\":{\"@type\":\"EntryPoint\",\"urlTemplate\":\"https:\/\/omanivietnam.com\/?s={search_term_string}\"},\"query-input\":\"required name=search_term_string\"}],\"inLanguage\":\"vi\"},{\"@type\":[\"Person\",\"Organization\"],\"@id\":\"https:\/\/omanivietnam.com\/#\/schema\/person\/0ad398a980dc3fd696111c2c5c8fa897\",\"name\":\"Nguy\u1ec5n V\u0103n Kh\u00e1nh\",\"image\":{\"@type\":\"ImageObject\",\"inLanguage\":\"vi\",\"@id\":\"https:\/\/omanivietnam.com\/#\/schema\/person\/image\/\",\"url\":\"https:\/\/omanivietnam.com\/wp-content\/uploads\/2024\/06\/logo-1024x1024.png\",\"contentUrl\":\"https:\/\/omanivietnam.com\/wp-content\/uploads\/2024\/06\/logo-1024x1024.png\",\"width\":1024,\"height\":1024,\"caption\":\"Nguy\u1ec5n V\u0103n Kh\u00e1nh\"},\"logo\":{\"@id\":\"https:\/\/omanivietnam.com\/#\/schema\/person\/image\/\"},\"sameAs\":[\"https:\/\/omanivietnam.com\"]}]}<\/script>\n<!-- \/ Yoast SEO plugin. -->","yoast_head_json":{"title":"AZBIL C35TDDUA3300 - OMANI VI\u1ec6T NAM","description":"AZBIL C35TDDUA3300 Thermostat Temperature Controller","robots":{"index":"index","follow":"follow","max-snippet":"max-snippet:-1","max-image-preview":"max-image-preview:large","max-video-preview":"max-video-preview:-1"},"canonical":"https:\/\/omanivietnam.com\/index.php\/san-pham\/azbil-c35tddua3300\/","og_locale":"vi_VN","og_type":"article","og_title":"AZBIL C35TDDUA3300 - OMANI VI\u1ec6T NAM","og_description":"AZBIL C35TDDUA3300 Thermostat Temperature Controller","og_url":"https:\/\/omanivietnam.com\/index.php\/san-pham\/azbil-c35tddua3300\/","og_site_name":"OMANI VI\u1ec6T NAM","article_modified_time":"2025-06-01T13:53:05+00:00","og_image":[{"width":547,"height":651,"url":"https:\/\/omanivietnam.com\/wp-content\/uploads\/2025\/06\/C35TDDUA3300.png","type":"image\/png"}],"twitter_card":"summary_large_image","twitter_misc":{"\u01af\u1edbc t\u00ednh th\u1eddi gian \u0111\u1ecdc":"2 ph\u00fat"},"schema":{"@context":"https:\/\/schema.org","@graph":[{"@type":"WebPage","@id":"https:\/\/omanivietnam.com\/index.php\/san-pham\/azbil-c35tddua3300\/","url":"https:\/\/omanivietnam.com\/index.php\/san-pham\/azbil-c35tddua3300\/","name":"AZBIL C35TDDUA3300 - OMANI VI\u1ec6T NAM","isPartOf":{"@id":"https:\/\/omanivietnam.com\/#website"},"primaryImageOfPage":{"@id":"https:\/\/omanivietnam.com\/index.php\/san-pham\/azbil-c35tddua3300\/#primaryimage"},"image":{"@id":"https:\/\/omanivietnam.com\/index.php\/san-pham\/azbil-c35tddua3300\/#primaryimage"},"thumbnailUrl":"https:\/\/omanivietnam.com\/wp-content\/uploads\/2025\/06\/C35TDDUA3300.png","datePublished":"2025-06-01T13:53:04+00:00","dateModified":"2025-06-01T13:53:05+00:00","description":"AZBIL C35TDDUA3300 Thermostat Temperature Controller","breadcrumb":{"@id":"https:\/\/omanivietnam.com\/index.php\/san-pham\/azbil-c35tddua3300\/#breadcrumb"},"inLanguage":"vi","potentialAction":[{"@type":"ReadAction","target":["https:\/\/omanivietnam.com\/index.php\/san-pham\/azbil-c35tddua3300\/"]}]},{"@type":"ImageObject","inLanguage":"vi","@id":"https:\/\/omanivietnam.com\/index.php\/san-pham\/azbil-c35tddua3300\/#primaryimage","url":"https:\/\/omanivietnam.com\/wp-content\/uploads\/2025\/06\/C35TDDUA3300.png","contentUrl":"https:\/\/omanivietnam.com\/wp-content\/uploads\/2025\/06\/C35TDDUA3300.png","width":547,"height":651},{"@type":"BreadcrumbList","@id":"https:\/\/omanivietnam.com\/index.php\/san-pham\/azbil-c35tddua3300\/#breadcrumb","itemListElement":[{"@type":"ListItem","position":1,"name":"Home","item":"https:\/\/omanivietnam.com\/"},{"@type":"ListItem","position":2,"name":"S\u1ea2N PH\u1ea8M","item":"https:\/\/omanivietnam.com\/index.php\/cua-hang\/"},{"@type":"ListItem","position":3,"name":"AZBIL C35TDDUA3300"}]},{"@type":"WebSite","@id":"https:\/\/omanivietnam.com\/#website","url":"https:\/\/omanivietnam.com\/","name":"OMANI VI\u1ec6T NAM","description":"Nh\u00e0 ph\u00e2n ph\u1ed1i thi\u1ebft b\u1ecb kh\u00ed n\u00e9n v\u00e0 thi\u1ebft b\u1ecb t\u1ef1 \u0111\u1ed9ng h\u00f3a trong c\u00f4ng nghi\u1ec7p","publisher":{"@id":"https:\/\/omanivietnam.com\/#\/schema\/person\/0ad398a980dc3fd696111c2c5c8fa897"},"potentialAction":[{"@type":"SearchAction","target":{"@type":"EntryPoint","urlTemplate":"https:\/\/omanivietnam.com\/?s={search_term_string}"},"query-input":"required name=search_term_string"}],"inLanguage":"vi"},{"@type":["Person","Organization"],"@id":"https:\/\/omanivietnam.com\/#\/schema\/person\/0ad398a980dc3fd696111c2c5c8fa897","name":"Nguy\u1ec5n V\u0103n Kh\u00e1nh","image":{"@type":"ImageObject","inLanguage":"vi","@id":"https:\/\/omanivietnam.com\/#\/schema\/person\/image\/","url":"https:\/\/omanivietnam.com\/wp-content\/uploads\/2024\/06\/logo-1024x1024.png","contentUrl":"https:\/\/omanivietnam.com\/wp-content\/uploads\/2024\/06\/logo-1024x1024.png","width":1024,"height":1024,"caption":"Nguy\u1ec5n V\u0103n Kh\u00e1nh"},"logo":{"@id":"https:\/\/omanivietnam.com\/#\/schema\/person\/image\/"},"sameAs":["https:\/\/omanivietnam.com"]}]}},"_links":{"self":[{"href":"https:\/\/omanivietnam.com\/index.php\/wp-json\/wp\/v2\/product\/3915","targetHints":{"allow":["GET"]}}],"collection":[{"href":"https:\/\/omanivietnam.com\/index.php\/wp-json\/wp\/v2\/product"}],"about":[{"href":"https:\/\/omanivietnam.com\/index.php\/wp-json\/wp\/v2\/types\/product"}],"replies":[{"embeddable":true,"href":"https:\/\/omanivietnam.com\/index.php\/wp-json\/wp\/v2\/comments?post=3915"}],"wp:featuredmedia":[{"embeddable":true,"href":"https:\/\/omanivietnam.com\/index.php\/wp-json\/wp\/v2\/media\/3916"}],"wp:attachment":[{"href":"https:\/\/omanivietnam.com\/index.php\/wp-json\/wp\/v2\/media?parent=3915"}],"wp:term":[{"taxonomy":"product_cat","embeddable":true,"href":"https:\/\/omanivietnam.com\/index.php\/wp-json\/wp\/v2\/product_cat?post=3915"},{"taxonomy":"product_tag","embeddable":true,"href":"https:\/\/omanivietnam.com\/index.php\/wp-json\/wp\/v2\/product_tag?post=3915"}],"curies":[{"name":"wp","href":"https:\/\/api.w.org\/{rel}","templated":true}]}}