{"id":3923,"date":"2025-06-02T22:16:03","date_gmt":"2025-06-02T15:16:03","guid":{"rendered":"https:\/\/omanivietnam.com\/?post_type=product&#038;p=3923"},"modified":"2025-06-02T22:16:03","modified_gmt":"2025-06-02T15:16:03","slug":"keiki-dg4vs-3-2c-m-u7-h-7-54","status":"publish","type":"product","link":"https:\/\/omanivietnam.com\/index.php\/san-pham\/keiki-dg4vs-3-2c-m-u7-h-7-54\/","title":{"rendered":"KEIKI DG4VS-3-2C-M-U7-H-7-54"},"content":{"rendered":"<p>KEIKI DG4VS-3-2C-M-U7-H-7-54<\/p>\n<div class=\"specs break-word mt-4\">\n<div class=\"spec spec-exp\"><span class=\"ask\">Series:<\/span><span class=\"answer\">DG4VS-3<\/span><\/div>\n<div class=\"spec spec-exp\"><span class=\"ask\">H\u00e3ng s\u1ea3n xu\u1ea5t:<\/span><span class=\"answer\">Tokyo Keiki<\/span><\/div>\n<div class=\"spec spec-exp\"><span class=\"ask\">Xu\u1ea5t x\u1ee9 th\u01b0\u01a1ng hi\u1ec7u:<\/span><span class=\"answer\">Nh\u1eadt B\u1ea3n<\/span><\/div>\n<\/div>\n<div>\n<p>Van \u0111i\u1ec1u khi\u1ec3n h\u01b0\u1edbng ho\u1ea1t \u0111\u1ed9ng b\u1eb1ng \u0111i\u1ec7n t\u1eeb n\u00e0y d\u00f9ng \u0111\u1ec3 \u0111i\u1ec1u khi\u1ec3n d\u00f2ng d\u1eebng t\u1ea1i b\u1ea5t k\u1ef3 \u0111i\u1ec3m n\u00e0o trong h\u1ec7 th\u1ed1ng th\u1ee7y l\u1ef1c. Ch\u1ee9c n\u0103ng ch\u00ednh c\u1ee7a n\u00f3 l\u00e0 x\u00e1c \u0111\u1ecbnh h\u01b0\u1edbng c\u1ee7a d\u00f2ng ch\u1ea5t l\u1ecfng trong xi lanh l\u00e0m vi\u1ec7c ho\u1eb7c \u0111i\u1ec1u khi\u1ec3n h\u01b0\u1edbng quay c\u1ee7a \u0111\u1ed9ng c\u01a1 ch\u1ea5t l\u1ecfng. C\u00e1c k\u1ebft n\u1ed1i c\u1ed5ng \u0111\u01b0\u1ee3c th\u1ef1c hi\u1ec7n b\u1eb1ng c\u00e1ch l\u1eafp van tr\u00ean t\u1ea5m ph\u1ee5 ho\u1eb7c \u1ed1ng g\u00f3p. Van c\u00f3 c\u00e1c \u1ed1ng n\u1ed1i ki\u1ec3u ph\u1ea7n \u1ee9ng \u01b0\u1edbt.<\/p>\n<\/div>\n<p>\u2013 Ngu\u1ed3n c\u1ea5p: DC24V<\/p>\n<p>\u2013 \u00c1p l\u1ef1c Max: 35 Mpa<\/p>\n<p>\u2013 L\u01b0u l\u01b0\u1ee3ng: Max 300<\/p>\n<p>\u2013 Xu\u1ea5t x\u1ee9: Keiki -Japan<\/p>\n<p>C\u00e1c m\u00e3 h\u00e0ng t\u01b0\u01a1ng t\u1ef1<\/p>\n<p>Van th\u1ee7y l\u1ef1c Keiki: DG4V-3-2A-M-P2-T-7-P10-54<\/p>\n<p>Van th\u1ee7y l\u1ef1c Keiki: DG4V-3-2A-M-P7-H-7-54<\/p>\n<p>Van th\u1ee7y l\u1ef1c Keiki: DG4V-3-2A-M-P2-D-7-54<\/p>\n<p>Van th\u1ee7y l\u1ef1c Keiki: DG4V-3-2A-M-U1-H-7-52<\/p>\n<p>Van th\u1ee7y l\u1ef1c Keiki: DG4V-3-C2-M-P7-H-7-56<\/p>\n<p>Van th\u1ee7y l\u1ef1c Keiki: DG4V-3-C2-M-P7-H-7-P36-54<\/p>\n<p>Van th\u1ee7y l\u1ef1c Keiki: DG4V-3-C2-M-P7-H-7-P36-54<\/p>\n<p>Van th\u1ee7y l\u1ef1c Keiki: DG4V-3-2C-M-P2-D-7-45<\/p>\n<p>Van th\u1ee7y l\u1ef1c Keiki: DG4V-3-2C-M-P2-T-7-54-JA20<\/p>\n<p>Van th\u1ee7y l\u1ef1c Keiki: DG4V-3-6C-M-P2-D-7-54<\/p>\n<p>Van th\u1ee7y l\u1ef1c Keiki: DG4V-3-6C-M-P2-T-7-54<\/p>\n<p>Van th\u1ee7y l\u1ef1c Keiki: DG4V-3-6C-M-U7-H-52-K<\/p>\n<p>Van th\u1ee7y l\u1ef1c Keiki: DG4V-3-6C-M-P2-D-7-56<\/p>\n<p>Van th\u1ee7y l\u1ef1c Keiki: DG4V-3-6C-M-P2-D-7-54<\/p>\n<p>Van th\u1ee7y l\u1ef1c Keiki: DG4V-3-6C-M-P2-D-7-52<\/p>\n<p>Van th\u1ee7y l\u1ef1c Keiki: DG4V-3-6C-M-P2-D-7-50<\/p>\n<p>Van th\u1ee7y l\u1ef1c Hyteck: DG4V-5-2C-U-L-H-60H<\/p>\n<p>Van th\u1ee7y l\u1ef1c Keiki: DG4V-3-0A-M-P7-H-7-54<\/p>\n<p>Van th\u1ee7y l\u1ef1c Keiki: DG4V-3-0A-M-P2-T-7-54<\/p>\n<p>Van th\u1ee7y l\u1ef1c Keiki: DG4V-3-0A-M-P2-V-7-54<\/p>\n<p>Van th\u1ee7y l\u1ef1c Keiki: DG4V-3-2B-M-P7-H-7-54<\/p>\n<p>Van th\u1ee7y l\u1ef1c Keiki: DG4V-3-2B-M-P2-T-7-54<\/p>\n<p>Van th\u1ee7y l\u1ef1c Keiki: DG4V-3-2B-M-P2-V-7-54<\/p>\n<p>Van th\u1ee7y l\u1ef1c Keiki: DG4V-3-2B-M-P7-T-7-54<\/p>\n<p>Van th\u1ee7y l\u1ef1c Keiki: DG4V-3-2B-M-U1-T-7-54<\/p>\n<p>Van th\u1ee7y l\u1ef1c Keiki: DG4V-3-2BL-M-P7-T-7-54-JA30<\/p>\n<p>Van th\u1ee7y l\u1ef1c Keiki: DG4M4-32A-20-JA DC24<\/p>\n<p>Van th\u1ee7y l\u1ef1c Keiki: DG4V-3-6C-M-P2-V-7-54<\/p>\n<p>Van th\u1ee7y l\u1ef1c Keiki: DG4V-3-2A-M-P7-H-7-54<\/p>\n<p>Van th\u1ee7y l\u1ef1c Keiki: DG4SM-3-2C-P7-H-PC1-54<\/p>\n<p>Van th\u1ee7y l\u1ef1c Keiki: DG4V-3-2A-M-P2-V-7-54<\/p>\n<p>Van th\u1ee7y l\u1ef1c Keiki: DG4V-3-2C-M-P2-V-7-54<\/p>\n<p>Van th\u1ee7y l\u1ef1c Keiki: DG4VS-3-31C-M-P9-TR-7-54<\/p>\n<p>Van th\u1ee7y l\u1ef1c Keiki: DG4V-3-23A-M-P7-T-7-52<\/p>\n<p>Van th\u1ee7y l\u1ef1c Keiki: DG4V-3-6BL-M-P2-V-7-54<\/p>\n<p>Van th\u1ee7y l\u1ef1c Keiki: DG4V-3-2C-M-P2-T-7-54<\/p>\n<p>Van th\u1ee7y l\u1ef1c Keiki: DG4V-3-6C-M-P2-T-7-54<\/p>\n<p>Van th\u1ee7y l\u1ef1c Keiki: DG4V-3-2A-M-P2-T-7-54<\/p>\n<p>Van th\u1ee7y l\u1ef1c Keiki: DG4V-3-2B-M-P2-T-7-54<\/p>\n<p>Van th\u1ee7y l\u1ef1c Keiki: DG4V-3-33C-M-P2-T-7-54<\/p>\n<p>Van th\u1ee7y l\u1ef1c Keiki: DG4V-3-7C-M-U2-T-7-54<\/p>\n<p>Van th\u1ee7y l\u1ef1c Keiki: DG4V-5-0-M-P7L-H-7-40-JA1Y<\/p>\n<p>Van th\u1ee7y l\u1ef1c Keiki: DG4V-5-33C-M-P7L-H-7-40-JA569Y<\/p>\n<p>Van th\u1ee7y l\u1ef1c Keiki: DG5V-7-3C-P7-H-84-JA499<\/p>\n<p>Van th\u1ee7y l\u1ef1c Keiki: DG4V-5-2A-M-P7L-H-7-40-JA1Y<\/p>\n<p>Van th\u1ee7y l\u1ef1c Keiki: DG4V-5-3C-M-P7L-H-7-40-JA415Y<\/p>\n<p>Van th\u1ee7y l\u1ef1c Keiki: DG4V-3-23A-M-P2-T-7-T10-54<\/p>\n<p>Van th\u1ee7y l\u1ef1c Keiki: DG4V-3-2BL-M-P7-T-54-JA30<\/p>\n<p>Van th\u1ee7y l\u1ef1c Keiki: DG4V-3-2N-M-U2-T-7-54<\/p>\n<p>Van th\u1ee7y l\u1ef1c Keiki: DG4V-3-2N-M-P2-T-54<\/p>\n<p>Van th\u1ee7y l\u1ef1c Keiki: DG5V-H8-3C-E-P2-T-84-JA<\/p>\n<p>Van th\u1ee7y l\u1ef1c Keiki: DG4V-5-2BL-M-U1-H-7-54<\/p>\n<p>Van th\u1ee7y l\u1ef1c Keiki: DG4V-5-31B-M-PL-D-6-40<\/p>\n<p>Van th\u1ee7y l\u1ef1c Keiki: DG4V-3-8C-M-P2-V-7-54<\/p>\n<p>Van th\u1ee7y l\u1ef1c Keiki: DG4V-5-2C-M-PL-OV-6-40<\/p>\n<p>Van th\u1ee7y l\u1ef1c Keiki: DG4M4-36B-24DC-20-JA-S47<\/p>\n<p>Van th\u1ee7y l\u1ef1c Keiki: DG4M4-36C-24DC-20-JA-S47<\/p>\n<p>Van th\u1ee7y l\u1ef1c Keiki: DG4VC-5-31B-M-PS2-H-7-40<\/p>\n<p>Van th\u1ee7y l\u1ef1c Keiki: DG4SM-3-2C-P7-H-54<\/p>\n<p>Van th\u1ee7y l\u1ef1c Keiki: DG4V-5-2C-M-P7L-T-6-40-JA875<\/p>\n<p>Van th\u1ee7y l\u1ef1c Keiki: DG4V-5-31B-M-PL-D-6-40<\/p>\n<p>Van th\u1ee7y l\u1ef1c Keiki: DG4VC-3-2C-M-PS2-H-7-54-JA872<\/p>\n<p>Van th\u1ee7y l\u1ef1c Keiki: DG4VC-3-6C-M-PS2-H-7-54-JA872<\/p>\n<p>Van th\u1ee7y l\u1ef1c Keiki: DG4VC-3-7C-M-PS2-H-7-54-JA872<\/p>\n<p>Van th\u1ee7y l\u1ef1c Keiki: DG4VC-5-2A-M-PS2-H-7-40-JA872-T30<\/p>\n<p>Van th\u1ee7y l\u1ef1c Keiki: DG4VC-5-3C-M-PS2-H-7-40-JA872<\/p>\n<p>Van th\u1ee7y l\u1ef1c Keiki: DG4VC-5-6C-M-PS2-H-7-40-JA872-T30<\/p>\n<p>Van th\u1ee7y l\u1ef1c Keiki: DG4VC-7-Y33C-E-PS2-H-84-JA877<\/p>\n<p>Van th\u1ee7y l\u1ef1c Keiki: DG5VC-7-3C-E-PS2-H-84-JA872<\/p>\n<p>Van th\u1ee7y l\u1ef1c Keiki: DG4SM-3-2C-P7-H-54<\/p>\n<p>Van th\u1ee7y l\u1ef1c Keiki: TGMDC-5-Y-PK-50-S37<\/p>\n<p>Van th\u1ee7y l\u1ef1c Keiki: TGMC-3-BT-GW-50<\/p>\n<p>Van th\u1ee7y l\u1ef1c Keiki: DG4V-3-3C-M-P7-H-7-54<\/p>\n<p>Van th\u1ee7y l\u1ef1c Keiki: DG4V-3-2C-M-P7-H-7-54<\/p>\n<p>Van th\u1ee7y l\u1ef1c Keiki: DG4V-3-2A-M-P7-H-7-54<\/p>\n<p>Van th\u1ee7y l\u1ef1c Keiki: DG4V-3-2A-M-P2-V-7-52<\/p>\n<p>Van th\u1ee7y l\u1ef1c Keiki: DG4V-3-OB-M-P2-T-7-P10-52<\/p>\n<p>Van th\u1ee7y l\u1ef1c Keiki: DG4V-OBL-M-U7-H-7-P10-54<\/p>\n<p>Van th\u1ee7y l\u1ef1c Keiki: C2G-805-JA-11<\/p>\n<p>Van th\u1ee7y l\u1ef1c Keiki: C5G-815-JA<\/p>\n<p>Van th\u1ee7y l\u1ef1c Keiki: C5G815-S8-KA<\/p>\n<p>Van th\u1ee7y l\u1ef1c Keiki: EPCG2-01-175-11<\/p>\n<p>Van th\u1ee7y l\u1ef1c Keiki: EPCG2-01-175-Y-11-K<\/p>\n<p>&nbsp;<\/p>\n<p>DG4V-3-2N-M-P2-T-7-54<br \/>\nDG4V-3-2N-M-P2-T-7-54-JA20<br \/>\nDG4V-3-2N-M-P2-V-7-54<br \/>\nDG4V-3-2N-M-P7-H-7-52<br \/>\nDG4V-3-2N-M-U1-T-7-54<br \/>\nDG4V-3-33C-M-P2-T-7-54<br \/>\nDG4V-3-3BL-M-P7-H-7-54<br \/>\nDG4V-3-3C-M-P2-T-7-54<br \/>\nDG4V-3-6B-MU-H7-60<br \/>\nDG4V-3-6C-M-P2-T-7-54<br \/>\nDG4V-3-6C-M-P2-T-7-54<br \/>\nDG4V-3-6C-M-P2-V-52-K<br \/>\nDG4V-3-6C-M-P2-V-7-54<br \/>\nDG4V-3-6C-M-P7-H-7-54<br \/>\nDG4V-3-6C-M-P7-H-7-56-JA70<br \/>\nDG4V-3-6C-M-U1-H-7-54<br \/>\nDG4V-3-6C-M-U7-H-52-K<br \/>\nDG4V-3-6C-M-U7-H-7-54<\/p>\n<p>\u0110\u1ea1i l\u00fd KEIKI vietnam, KEIKI viet nam, KEIKI vietnam distributor, Ph\u00e2n ph\u1ed1i KEIKI t\u1ea1i vi\u1ec7t nam<\/p>\n<p>\u0110\u1ea1i l\u00fd KEIKI vietnam, KEIKI viet nam, KEIKI vietnam distributor, Ph\u00e2n ph\u1ed1i KEIKI t\u1ea1i vi\u1ec7t nam<\/p>\n<p>\u0110\u1ea1i l\u00fd KEIKI vietnam, KEIKI viet nam, KEIKI vietnam distributor, Ph\u00e2n ph\u1ed1i KEIKI t\u1ea1i vi\u1ec7t nam<\/p>\n","protected":false},"excerpt":{"rendered":"<p>KEIKI DG4VS-3-2C-M-U7-H-7-54 Series:DG4VS-3 H\u00e3ng s\u1ea3n xu\u1ea5t:Tokyo Keiki Xu\u1ea5t x\u1ee9 th\u01b0\u01a1ng hi\u1ec7u:Nh\u1eadt B\u1ea3n Van \u0111i\u1ec1u khi\u1ec3n h\u01b0\u1edbng ho\u1ea1t \u0111\u1ed9ng b\u1eb1ng \u0111i\u1ec7n t\u1eeb n\u00e0y d\u00f9ng \u0111\u1ec3 \u0111i\u1ec1u khi\u1ec3n d\u00f2ng d\u1eebng t\u1ea1i b\u1ea5t k\u1ef3 \u0111i\u1ec3m n\u00e0o trong h\u1ec7 th\u1ed1ng th\u1ee7y l\u1ef1c. Ch\u1ee9c n\u0103ng ch\u00ednh c\u1ee7a n\u00f3 l\u00e0 x\u00e1c \u0111\u1ecbnh h\u01b0\u1edbng c\u1ee7a d\u00f2ng ch\u1ea5t&hellip; <\/p>\n","protected":false},"featured_media":3924,"comment_status":"open","ping_status":"closed","template":"","meta":[],"product_cat":[377],"product_tag":[186,185,102],"class_list":{"0":"post-3923","1":"product","2":"type-product","3":"status-publish","4":"has-post-thumbnail","6":"product_cat-keiki","7":"product_tag-dai-ly-keiki-viet-nam","8":"product_tag-keiki-viet-nam","9":"product_tag-van-khi-nen","11":"first","12":"instock","13":"shipping-taxable","14":"product-type-simple"},"yoast_head":"<!-- This site is optimized with the Yoast SEO plugin v22.8 - https:\/\/yoast.com\/wordpress\/plugins\/seo\/ -->\n<title>KEIKI DG4VS-3-2C-M-U7-H-7-54 - OMANI VI\u1ec6T NAM<\/title>\n<meta name=\"description\" content=\"KEIKI DG4VS-3-2C-M-U7-H-7-54 Solenoid Valve\" \/>\n<meta name=\"robots\" content=\"index, follow, max-snippet:-1, max-image-preview:large, max-video-preview:-1\" \/>\n<link rel=\"canonical\" href=\"https:\/\/omanivietnam.com\/index.php\/san-pham\/keiki-dg4vs-3-2c-m-u7-h-7-54\/\" \/>\n<meta property=\"og:locale\" content=\"vi_VN\" \/>\n<meta property=\"og:type\" content=\"article\" \/>\n<meta property=\"og:title\" content=\"KEIKI DG4VS-3-2C-M-U7-H-7-54 - OMANI VI\u1ec6T NAM\" \/>\n<meta property=\"og:description\" content=\"KEIKI DG4VS-3-2C-M-U7-H-7-54 Solenoid Valve\" \/>\n<meta property=\"og:url\" content=\"https:\/\/omanivietnam.com\/index.php\/san-pham\/keiki-dg4vs-3-2c-m-u7-h-7-54\/\" \/>\n<meta property=\"og:site_name\" content=\"OMANI VI\u1ec6T NAM\" \/>\n<meta property=\"og:image\" content=\"https:\/\/omanivietnam.com\/wp-content\/uploads\/2025\/06\/DG4VS-3-2C-M-U7-H-7-54.png\" \/>\n\t<meta property=\"og:image:width\" content=\"1163\" \/>\n\t<meta property=\"og:image:height\" content=\"776\" \/>\n\t<meta property=\"og:image:type\" content=\"image\/png\" \/>\n<meta name=\"twitter:card\" content=\"summary_large_image\" \/>\n<meta name=\"twitter:label1\" content=\"\u01af\u1edbc t\u00ednh th\u1eddi gian \u0111\u1ecdc\" \/>\n\t<meta name=\"twitter:data1\" content=\"4 ph\u00fat\" \/>\n<script type=\"application\/ld+json\" class=\"yoast-schema-graph\">{\"@context\":\"https:\/\/schema.org\",\"@graph\":[{\"@type\":\"WebPage\",\"@id\":\"https:\/\/omanivietnam.com\/index.php\/san-pham\/keiki-dg4vs-3-2c-m-u7-h-7-54\/\",\"url\":\"https:\/\/omanivietnam.com\/index.php\/san-pham\/keiki-dg4vs-3-2c-m-u7-h-7-54\/\",\"name\":\"KEIKI DG4VS-3-2C-M-U7-H-7-54 - OMANI VI\u1ec6T NAM\",\"isPartOf\":{\"@id\":\"https:\/\/omanivietnam.com\/#website\"},\"primaryImageOfPage\":{\"@id\":\"https:\/\/omanivietnam.com\/index.php\/san-pham\/keiki-dg4vs-3-2c-m-u7-h-7-54\/#primaryimage\"},\"image\":{\"@id\":\"https:\/\/omanivietnam.com\/index.php\/san-pham\/keiki-dg4vs-3-2c-m-u7-h-7-54\/#primaryimage\"},\"thumbnailUrl\":\"https:\/\/omanivietnam.com\/wp-content\/uploads\/2025\/06\/DG4VS-3-2C-M-U7-H-7-54.png\",\"datePublished\":\"2025-06-02T15:16:03+00:00\",\"dateModified\":\"2025-06-02T15:16:03+00:00\",\"description\":\"KEIKI DG4VS-3-2C-M-U7-H-7-54 Solenoid Valve\",\"breadcrumb\":{\"@id\":\"https:\/\/omanivietnam.com\/index.php\/san-pham\/keiki-dg4vs-3-2c-m-u7-h-7-54\/#breadcrumb\"},\"inLanguage\":\"vi\",\"potentialAction\":[{\"@type\":\"ReadAction\",\"target\":[\"https:\/\/omanivietnam.com\/index.php\/san-pham\/keiki-dg4vs-3-2c-m-u7-h-7-54\/\"]}]},{\"@type\":\"ImageObject\",\"inLanguage\":\"vi\",\"@id\":\"https:\/\/omanivietnam.com\/index.php\/san-pham\/keiki-dg4vs-3-2c-m-u7-h-7-54\/#primaryimage\",\"url\":\"https:\/\/omanivietnam.com\/wp-content\/uploads\/2025\/06\/DG4VS-3-2C-M-U7-H-7-54.png\",\"contentUrl\":\"https:\/\/omanivietnam.com\/wp-content\/uploads\/2025\/06\/DG4VS-3-2C-M-U7-H-7-54.png\",\"width\":1163,\"height\":776},{\"@type\":\"BreadcrumbList\",\"@id\":\"https:\/\/omanivietnam.com\/index.php\/san-pham\/keiki-dg4vs-3-2c-m-u7-h-7-54\/#breadcrumb\",\"itemListElement\":[{\"@type\":\"ListItem\",\"position\":1,\"name\":\"Home\",\"item\":\"https:\/\/omanivietnam.com\/\"},{\"@type\":\"ListItem\",\"position\":2,\"name\":\"S\u1ea2N PH\u1ea8M\",\"item\":\"https:\/\/omanivietnam.com\/index.php\/cua-hang\/\"},{\"@type\":\"ListItem\",\"position\":3,\"name\":\"KEIKI DG4VS-3-2C-M-U7-H-7-54\"}]},{\"@type\":\"WebSite\",\"@id\":\"https:\/\/omanivietnam.com\/#website\",\"url\":\"https:\/\/omanivietnam.com\/\",\"name\":\"OMANI VI\u1ec6T NAM\",\"description\":\"Nh\u00e0 ph\u00e2n ph\u1ed1i thi\u1ebft b\u1ecb kh\u00ed n\u00e9n v\u00e0 thi\u1ebft b\u1ecb t\u1ef1 \u0111\u1ed9ng h\u00f3a trong c\u00f4ng nghi\u1ec7p\",\"publisher\":{\"@id\":\"https:\/\/omanivietnam.com\/#\/schema\/person\/0ad398a980dc3fd696111c2c5c8fa897\"},\"potentialAction\":[{\"@type\":\"SearchAction\",\"target\":{\"@type\":\"EntryPoint\",\"urlTemplate\":\"https:\/\/omanivietnam.com\/?s={search_term_string}\"},\"query-input\":\"required name=search_term_string\"}],\"inLanguage\":\"vi\"},{\"@type\":[\"Person\",\"Organization\"],\"@id\":\"https:\/\/omanivietnam.com\/#\/schema\/person\/0ad398a980dc3fd696111c2c5c8fa897\",\"name\":\"Nguy\u1ec5n V\u0103n Kh\u00e1nh\",\"image\":{\"@type\":\"ImageObject\",\"inLanguage\":\"vi\",\"@id\":\"https:\/\/omanivietnam.com\/#\/schema\/person\/image\/\",\"url\":\"https:\/\/omanivietnam.com\/wp-content\/uploads\/2024\/06\/logo-1024x1024.png\",\"contentUrl\":\"https:\/\/omanivietnam.com\/wp-content\/uploads\/2024\/06\/logo-1024x1024.png\",\"width\":1024,\"height\":1024,\"caption\":\"Nguy\u1ec5n V\u0103n Kh\u00e1nh\"},\"logo\":{\"@id\":\"https:\/\/omanivietnam.com\/#\/schema\/person\/image\/\"},\"sameAs\":[\"https:\/\/omanivietnam.com\"]}]}<\/script>\n<!-- \/ Yoast SEO plugin. -->","yoast_head_json":{"title":"KEIKI DG4VS-3-2C-M-U7-H-7-54 - OMANI VI\u1ec6T NAM","description":"KEIKI DG4VS-3-2C-M-U7-H-7-54 Solenoid Valve","robots":{"index":"index","follow":"follow","max-snippet":"max-snippet:-1","max-image-preview":"max-image-preview:large","max-video-preview":"max-video-preview:-1"},"canonical":"https:\/\/omanivietnam.com\/index.php\/san-pham\/keiki-dg4vs-3-2c-m-u7-h-7-54\/","og_locale":"vi_VN","og_type":"article","og_title":"KEIKI DG4VS-3-2C-M-U7-H-7-54 - OMANI VI\u1ec6T NAM","og_description":"KEIKI DG4VS-3-2C-M-U7-H-7-54 Solenoid Valve","og_url":"https:\/\/omanivietnam.com\/index.php\/san-pham\/keiki-dg4vs-3-2c-m-u7-h-7-54\/","og_site_name":"OMANI VI\u1ec6T NAM","og_image":[{"width":1163,"height":776,"url":"https:\/\/omanivietnam.com\/wp-content\/uploads\/2025\/06\/DG4VS-3-2C-M-U7-H-7-54.png","type":"image\/png"}],"twitter_card":"summary_large_image","twitter_misc":{"\u01af\u1edbc t\u00ednh th\u1eddi gian \u0111\u1ecdc":"4 ph\u00fat"},"schema":{"@context":"https:\/\/schema.org","@graph":[{"@type":"WebPage","@id":"https:\/\/omanivietnam.com\/index.php\/san-pham\/keiki-dg4vs-3-2c-m-u7-h-7-54\/","url":"https:\/\/omanivietnam.com\/index.php\/san-pham\/keiki-dg4vs-3-2c-m-u7-h-7-54\/","name":"KEIKI DG4VS-3-2C-M-U7-H-7-54 - OMANI VI\u1ec6T NAM","isPartOf":{"@id":"https:\/\/omanivietnam.com\/#website"},"primaryImageOfPage":{"@id":"https:\/\/omanivietnam.com\/index.php\/san-pham\/keiki-dg4vs-3-2c-m-u7-h-7-54\/#primaryimage"},"image":{"@id":"https:\/\/omanivietnam.com\/index.php\/san-pham\/keiki-dg4vs-3-2c-m-u7-h-7-54\/#primaryimage"},"thumbnailUrl":"https:\/\/omanivietnam.com\/wp-content\/uploads\/2025\/06\/DG4VS-3-2C-M-U7-H-7-54.png","datePublished":"2025-06-02T15:16:03+00:00","dateModified":"2025-06-02T15:16:03+00:00","description":"KEIKI DG4VS-3-2C-M-U7-H-7-54 Solenoid Valve","breadcrumb":{"@id":"https:\/\/omanivietnam.com\/index.php\/san-pham\/keiki-dg4vs-3-2c-m-u7-h-7-54\/#breadcrumb"},"inLanguage":"vi","potentialAction":[{"@type":"ReadAction","target":["https:\/\/omanivietnam.com\/index.php\/san-pham\/keiki-dg4vs-3-2c-m-u7-h-7-54\/"]}]},{"@type":"ImageObject","inLanguage":"vi","@id":"https:\/\/omanivietnam.com\/index.php\/san-pham\/keiki-dg4vs-3-2c-m-u7-h-7-54\/#primaryimage","url":"https:\/\/omanivietnam.com\/wp-content\/uploads\/2025\/06\/DG4VS-3-2C-M-U7-H-7-54.png","contentUrl":"https:\/\/omanivietnam.com\/wp-content\/uploads\/2025\/06\/DG4VS-3-2C-M-U7-H-7-54.png","width":1163,"height":776},{"@type":"BreadcrumbList","@id":"https:\/\/omanivietnam.com\/index.php\/san-pham\/keiki-dg4vs-3-2c-m-u7-h-7-54\/#breadcrumb","itemListElement":[{"@type":"ListItem","position":1,"name":"Home","item":"https:\/\/omanivietnam.com\/"},{"@type":"ListItem","position":2,"name":"S\u1ea2N PH\u1ea8M","item":"https:\/\/omanivietnam.com\/index.php\/cua-hang\/"},{"@type":"ListItem","position":3,"name":"KEIKI DG4VS-3-2C-M-U7-H-7-54"}]},{"@type":"WebSite","@id":"https:\/\/omanivietnam.com\/#website","url":"https:\/\/omanivietnam.com\/","name":"OMANI VI\u1ec6T NAM","description":"Nh\u00e0 ph\u00e2n ph\u1ed1i thi\u1ebft b\u1ecb kh\u00ed n\u00e9n v\u00e0 thi\u1ebft b\u1ecb t\u1ef1 \u0111\u1ed9ng h\u00f3a trong c\u00f4ng nghi\u1ec7p","publisher":{"@id":"https:\/\/omanivietnam.com\/#\/schema\/person\/0ad398a980dc3fd696111c2c5c8fa897"},"potentialAction":[{"@type":"SearchAction","target":{"@type":"EntryPoint","urlTemplate":"https:\/\/omanivietnam.com\/?s={search_term_string}"},"query-input":"required name=search_term_string"}],"inLanguage":"vi"},{"@type":["Person","Organization"],"@id":"https:\/\/omanivietnam.com\/#\/schema\/person\/0ad398a980dc3fd696111c2c5c8fa897","name":"Nguy\u1ec5n V\u0103n Kh\u00e1nh","image":{"@type":"ImageObject","inLanguage":"vi","@id":"https:\/\/omanivietnam.com\/#\/schema\/person\/image\/","url":"https:\/\/omanivietnam.com\/wp-content\/uploads\/2024\/06\/logo-1024x1024.png","contentUrl":"https:\/\/omanivietnam.com\/wp-content\/uploads\/2024\/06\/logo-1024x1024.png","width":1024,"height":1024,"caption":"Nguy\u1ec5n V\u0103n Kh\u00e1nh"},"logo":{"@id":"https:\/\/omanivietnam.com\/#\/schema\/person\/image\/"},"sameAs":["https:\/\/omanivietnam.com"]}]}},"_links":{"self":[{"href":"https:\/\/omanivietnam.com\/index.php\/wp-json\/wp\/v2\/product\/3923","targetHints":{"allow":["GET"]}}],"collection":[{"href":"https:\/\/omanivietnam.com\/index.php\/wp-json\/wp\/v2\/product"}],"about":[{"href":"https:\/\/omanivietnam.com\/index.php\/wp-json\/wp\/v2\/types\/product"}],"replies":[{"embeddable":true,"href":"https:\/\/omanivietnam.com\/index.php\/wp-json\/wp\/v2\/comments?post=3923"}],"wp:featuredmedia":[{"embeddable":true,"href":"https:\/\/omanivietnam.com\/index.php\/wp-json\/wp\/v2\/media\/3924"}],"wp:attachment":[{"href":"https:\/\/omanivietnam.com\/index.php\/wp-json\/wp\/v2\/media?parent=3923"}],"wp:term":[{"taxonomy":"product_cat","embeddable":true,"href":"https:\/\/omanivietnam.com\/index.php\/wp-json\/wp\/v2\/product_cat?post=3923"},{"taxonomy":"product_tag","embeddable":true,"href":"https:\/\/omanivietnam.com\/index.php\/wp-json\/wp\/v2\/product_tag?post=3923"}],"curies":[{"name":"wp","href":"https:\/\/api.w.org\/{rel}","templated":true}]}}