{"id":3948,"date":"2025-06-06T21:05:18","date_gmt":"2025-06-06T14:05:18","guid":{"rendered":"https:\/\/omanivietnam.com\/?post_type=product&#038;p=3948"},"modified":"2025-06-06T21:05:18","modified_gmt":"2025-06-06T14:05:18","slug":"nordson-1028307","status":"publish","type":"product","link":"https:\/\/omanivietnam.com\/index.php\/san-pham\/nordson-1028307\/","title":{"rendered":"NORDSON 1028307"},"content":{"rendered":"<p>NORDSON 1028307<\/p>\n<p>NORDSON 1052925<\/p>\n<h2>Description<\/h2>\n<p><strong>Manufacturer:\u00a0<\/strong>Nordson<\/p>\n<p><strong>Type:<\/strong>\u00a0Pro Blue Melter Pressure Regulator<\/p>\n<p><strong>Part No:<\/strong>\u00a01028307<\/p>\n<p><strong>Pressure Gauge:<\/strong>\u00a00\u20267 bar<strong><\/p>\n<p><\/strong><strong>Weight:<\/strong>\u00a00.560 kg<\/p>\n<p><strong>Attachments:<\/strong>\u00a0<strong>NORDSON ALPHA SMA-1558 SOLENOID VALVE<\/strong><strong><\/p>\n<p>Manufacturer:\u00a0<\/strong>Nordson Alpha \/ MAC<\/p>\n<p><strong>Type:<\/strong>\u00a0Solenoid Valve<\/p>\n<p><strong>Model:<\/strong>\u00a0SMA-1558<\/p>\n<p><strong>3\/2 Way Valve<\/p>\n<p>Type of Actuation:\u00a0<\/strong>Electrically<\/p>\n<p><strong>Operating Pressure:\u00a0<\/strong>0\u20268 bar<\/p>\n<p><strong>Port Size:<\/strong>\u00a0G1\/8<\/p>\n<p><strong>MAC 35A-A CB-DDDA-1BA-9 SOLENOID COIL<\/p>\n<p><\/strong><strong>Manufacturer:\u00a0<\/strong>MAC<\/p>\n<p><strong>Type:<\/strong>\u00a0Solenoid Coil<\/p>\n<p><strong>Model:<\/strong>\u00a035A-ACB-DDDA-1BA-9<\/p>\n<p><strong>Voltage:<\/strong>\u00a024 VDC<\/p>\n<p><strong>Power:<\/strong>\u00a07.3<\/p>\n","protected":false},"excerpt":{"rendered":"<p>NORDSON 1028307 NORDSON 1052925 Description Manufacturer:\u00a0Nordson Type:\u00a0Pro Blue Melter Pressure Regulator Part No:\u00a01028307 Pressure Gauge:\u00a00\u20267 bar Weight:\u00a00.560 kg Attachments:\u00a0NORDSON ALPHA SMA-1558 SOLENOID VALVE Manufacturer:\u00a0Nordson Alpha \/ MAC Type:\u00a0Solenoid Valve Model:\u00a0SMA-1558 3\/2 Way Valve Type of Actuation:\u00a0Electrically Operating Pressure:\u00a00\u20268 bar Port Size:\u00a0G1\/8 MAC 35A-A CB-DDDA-1BA-9 SOLENOID COIL Manufacturer:\u00a0MAC Type:\u00a0Solenoid Coil Model:\u00a035A-ACB-DDDA-1BA-9&hellip; <\/p>\n","protected":false},"featured_media":3949,"comment_status":"open","ping_status":"closed","template":"","meta":[],"product_cat":[296],"product_tag":[280,279,102],"class_list":{"0":"post-3948","1":"product","2":"type-product","3":"status-publish","4":"has-post-thumbnail","6":"product_cat-nordson","7":"product_tag-dai-ly-nordson-viet-nam","8":"product_tag-nordson-viet-nam","9":"product_tag-van-khi-nen","11":"first","12":"instock","13":"shipping-taxable","14":"product-type-simple"},"yoast_head":"<!-- This site is optimized with the Yoast SEO plugin v22.8 - https:\/\/yoast.com\/wordpress\/plugins\/seo\/ -->\n<title>NORDSON 1028307 - OMANI VI\u1ec6T NAM<\/title>\n<meta name=\"description\" content=\"NORDSON 1028307 Pressure Reducing Valve\" \/>\n<meta name=\"robots\" content=\"index, follow, max-snippet:-1, max-image-preview:large, max-video-preview:-1\" \/>\n<link rel=\"canonical\" href=\"https:\/\/omanivietnam.com\/index.php\/san-pham\/nordson-1028307\/\" \/>\n<meta property=\"og:locale\" content=\"vi_VN\" \/>\n<meta property=\"og:type\" content=\"article\" \/>\n<meta property=\"og:title\" content=\"NORDSON 1028307 - OMANI VI\u1ec6T NAM\" \/>\n<meta property=\"og:description\" content=\"NORDSON 1028307 Pressure Reducing Valve\" \/>\n<meta property=\"og:url\" content=\"https:\/\/omanivietnam.com\/index.php\/san-pham\/nordson-1028307\/\" \/>\n<meta property=\"og:site_name\" content=\"OMANI VI\u1ec6T NAM\" \/>\n<meta property=\"og:image\" content=\"https:\/\/omanivietnam.com\/wp-content\/uploads\/2025\/06\/1028307.png\" \/>\n\t<meta property=\"og:image:width\" content=\"603\" \/>\n\t<meta property=\"og:image:height\" content=\"472\" \/>\n\t<meta property=\"og:image:type\" content=\"image\/png\" \/>\n<meta name=\"twitter:card\" content=\"summary_large_image\" \/>\n<meta name=\"twitter:label1\" content=\"\u01af\u1edbc t\u00ednh th\u1eddi gian \u0111\u1ecdc\" \/>\n\t<meta name=\"twitter:data1\" content=\"1 ph\u00fat\" \/>\n<script type=\"application\/ld+json\" class=\"yoast-schema-graph\">{\"@context\":\"https:\/\/schema.org\",\"@graph\":[{\"@type\":\"WebPage\",\"@id\":\"https:\/\/omanivietnam.com\/index.php\/san-pham\/nordson-1028307\/\",\"url\":\"https:\/\/omanivietnam.com\/index.php\/san-pham\/nordson-1028307\/\",\"name\":\"NORDSON 1028307 - OMANI VI\u1ec6T NAM\",\"isPartOf\":{\"@id\":\"https:\/\/omanivietnam.com\/#website\"},\"primaryImageOfPage\":{\"@id\":\"https:\/\/omanivietnam.com\/index.php\/san-pham\/nordson-1028307\/#primaryimage\"},\"image\":{\"@id\":\"https:\/\/omanivietnam.com\/index.php\/san-pham\/nordson-1028307\/#primaryimage\"},\"thumbnailUrl\":\"https:\/\/omanivietnam.com\/wp-content\/uploads\/2025\/06\/1028307.png\",\"datePublished\":\"2025-06-06T14:05:18+00:00\",\"dateModified\":\"2025-06-06T14:05:18+00:00\",\"description\":\"NORDSON 1028307 Pressure Reducing Valve\",\"breadcrumb\":{\"@id\":\"https:\/\/omanivietnam.com\/index.php\/san-pham\/nordson-1028307\/#breadcrumb\"},\"inLanguage\":\"vi\",\"potentialAction\":[{\"@type\":\"ReadAction\",\"target\":[\"https:\/\/omanivietnam.com\/index.php\/san-pham\/nordson-1028307\/\"]}]},{\"@type\":\"ImageObject\",\"inLanguage\":\"vi\",\"@id\":\"https:\/\/omanivietnam.com\/index.php\/san-pham\/nordson-1028307\/#primaryimage\",\"url\":\"https:\/\/omanivietnam.com\/wp-content\/uploads\/2025\/06\/1028307.png\",\"contentUrl\":\"https:\/\/omanivietnam.com\/wp-content\/uploads\/2025\/06\/1028307.png\",\"width\":603,\"height\":472},{\"@type\":\"BreadcrumbList\",\"@id\":\"https:\/\/omanivietnam.com\/index.php\/san-pham\/nordson-1028307\/#breadcrumb\",\"itemListElement\":[{\"@type\":\"ListItem\",\"position\":1,\"name\":\"Home\",\"item\":\"https:\/\/omanivietnam.com\/\"},{\"@type\":\"ListItem\",\"position\":2,\"name\":\"S\u1ea2N PH\u1ea8M\",\"item\":\"https:\/\/omanivietnam.com\/index.php\/cua-hang\/\"},{\"@type\":\"ListItem\",\"position\":3,\"name\":\"NORDSON 1028307\"}]},{\"@type\":\"WebSite\",\"@id\":\"https:\/\/omanivietnam.com\/#website\",\"url\":\"https:\/\/omanivietnam.com\/\",\"name\":\"OMANI VI\u1ec6T NAM\",\"description\":\"Nh\u00e0 ph\u00e2n ph\u1ed1i thi\u1ebft b\u1ecb kh\u00ed n\u00e9n v\u00e0 thi\u1ebft b\u1ecb t\u1ef1 \u0111\u1ed9ng h\u00f3a trong c\u00f4ng nghi\u1ec7p\",\"publisher\":{\"@id\":\"https:\/\/omanivietnam.com\/#\/schema\/person\/0ad398a980dc3fd696111c2c5c8fa897\"},\"potentialAction\":[{\"@type\":\"SearchAction\",\"target\":{\"@type\":\"EntryPoint\",\"urlTemplate\":\"https:\/\/omanivietnam.com\/?s={search_term_string}\"},\"query-input\":\"required name=search_term_string\"}],\"inLanguage\":\"vi\"},{\"@type\":[\"Person\",\"Organization\"],\"@id\":\"https:\/\/omanivietnam.com\/#\/schema\/person\/0ad398a980dc3fd696111c2c5c8fa897\",\"name\":\"Nguy\u1ec5n V\u0103n Kh\u00e1nh\",\"image\":{\"@type\":\"ImageObject\",\"inLanguage\":\"vi\",\"@id\":\"https:\/\/omanivietnam.com\/#\/schema\/person\/image\/\",\"url\":\"https:\/\/omanivietnam.com\/wp-content\/uploads\/2024\/06\/logo-1024x1024.png\",\"contentUrl\":\"https:\/\/omanivietnam.com\/wp-content\/uploads\/2024\/06\/logo-1024x1024.png\",\"width\":1024,\"height\":1024,\"caption\":\"Nguy\u1ec5n V\u0103n Kh\u00e1nh\"},\"logo\":{\"@id\":\"https:\/\/omanivietnam.com\/#\/schema\/person\/image\/\"},\"sameAs\":[\"https:\/\/omanivietnam.com\"]}]}<\/script>\n<!-- \/ Yoast SEO plugin. -->","yoast_head_json":{"title":"NORDSON 1028307 - OMANI VI\u1ec6T NAM","description":"NORDSON 1028307 Pressure Reducing Valve","robots":{"index":"index","follow":"follow","max-snippet":"max-snippet:-1","max-image-preview":"max-image-preview:large","max-video-preview":"max-video-preview:-1"},"canonical":"https:\/\/omanivietnam.com\/index.php\/san-pham\/nordson-1028307\/","og_locale":"vi_VN","og_type":"article","og_title":"NORDSON 1028307 - OMANI VI\u1ec6T NAM","og_description":"NORDSON 1028307 Pressure Reducing Valve","og_url":"https:\/\/omanivietnam.com\/index.php\/san-pham\/nordson-1028307\/","og_site_name":"OMANI VI\u1ec6T NAM","og_image":[{"width":603,"height":472,"url":"https:\/\/omanivietnam.com\/wp-content\/uploads\/2025\/06\/1028307.png","type":"image\/png"}],"twitter_card":"summary_large_image","twitter_misc":{"\u01af\u1edbc t\u00ednh th\u1eddi gian \u0111\u1ecdc":"1 ph\u00fat"},"schema":{"@context":"https:\/\/schema.org","@graph":[{"@type":"WebPage","@id":"https:\/\/omanivietnam.com\/index.php\/san-pham\/nordson-1028307\/","url":"https:\/\/omanivietnam.com\/index.php\/san-pham\/nordson-1028307\/","name":"NORDSON 1028307 - OMANI VI\u1ec6T NAM","isPartOf":{"@id":"https:\/\/omanivietnam.com\/#website"},"primaryImageOfPage":{"@id":"https:\/\/omanivietnam.com\/index.php\/san-pham\/nordson-1028307\/#primaryimage"},"image":{"@id":"https:\/\/omanivietnam.com\/index.php\/san-pham\/nordson-1028307\/#primaryimage"},"thumbnailUrl":"https:\/\/omanivietnam.com\/wp-content\/uploads\/2025\/06\/1028307.png","datePublished":"2025-06-06T14:05:18+00:00","dateModified":"2025-06-06T14:05:18+00:00","description":"NORDSON 1028307 Pressure Reducing Valve","breadcrumb":{"@id":"https:\/\/omanivietnam.com\/index.php\/san-pham\/nordson-1028307\/#breadcrumb"},"inLanguage":"vi","potentialAction":[{"@type":"ReadAction","target":["https:\/\/omanivietnam.com\/index.php\/san-pham\/nordson-1028307\/"]}]},{"@type":"ImageObject","inLanguage":"vi","@id":"https:\/\/omanivietnam.com\/index.php\/san-pham\/nordson-1028307\/#primaryimage","url":"https:\/\/omanivietnam.com\/wp-content\/uploads\/2025\/06\/1028307.png","contentUrl":"https:\/\/omanivietnam.com\/wp-content\/uploads\/2025\/06\/1028307.png","width":603,"height":472},{"@type":"BreadcrumbList","@id":"https:\/\/omanivietnam.com\/index.php\/san-pham\/nordson-1028307\/#breadcrumb","itemListElement":[{"@type":"ListItem","position":1,"name":"Home","item":"https:\/\/omanivietnam.com\/"},{"@type":"ListItem","position":2,"name":"S\u1ea2N PH\u1ea8M","item":"https:\/\/omanivietnam.com\/index.php\/cua-hang\/"},{"@type":"ListItem","position":3,"name":"NORDSON 1028307"}]},{"@type":"WebSite","@id":"https:\/\/omanivietnam.com\/#website","url":"https:\/\/omanivietnam.com\/","name":"OMANI VI\u1ec6T NAM","description":"Nh\u00e0 ph\u00e2n ph\u1ed1i thi\u1ebft b\u1ecb kh\u00ed n\u00e9n v\u00e0 thi\u1ebft b\u1ecb t\u1ef1 \u0111\u1ed9ng h\u00f3a trong c\u00f4ng nghi\u1ec7p","publisher":{"@id":"https:\/\/omanivietnam.com\/#\/schema\/person\/0ad398a980dc3fd696111c2c5c8fa897"},"potentialAction":[{"@type":"SearchAction","target":{"@type":"EntryPoint","urlTemplate":"https:\/\/omanivietnam.com\/?s={search_term_string}"},"query-input":"required name=search_term_string"}],"inLanguage":"vi"},{"@type":["Person","Organization"],"@id":"https:\/\/omanivietnam.com\/#\/schema\/person\/0ad398a980dc3fd696111c2c5c8fa897","name":"Nguy\u1ec5n V\u0103n Kh\u00e1nh","image":{"@type":"ImageObject","inLanguage":"vi","@id":"https:\/\/omanivietnam.com\/#\/schema\/person\/image\/","url":"https:\/\/omanivietnam.com\/wp-content\/uploads\/2024\/06\/logo-1024x1024.png","contentUrl":"https:\/\/omanivietnam.com\/wp-content\/uploads\/2024\/06\/logo-1024x1024.png","width":1024,"height":1024,"caption":"Nguy\u1ec5n V\u0103n Kh\u00e1nh"},"logo":{"@id":"https:\/\/omanivietnam.com\/#\/schema\/person\/image\/"},"sameAs":["https:\/\/omanivietnam.com"]}]}},"_links":{"self":[{"href":"https:\/\/omanivietnam.com\/index.php\/wp-json\/wp\/v2\/product\/3948","targetHints":{"allow":["GET"]}}],"collection":[{"href":"https:\/\/omanivietnam.com\/index.php\/wp-json\/wp\/v2\/product"}],"about":[{"href":"https:\/\/omanivietnam.com\/index.php\/wp-json\/wp\/v2\/types\/product"}],"replies":[{"embeddable":true,"href":"https:\/\/omanivietnam.com\/index.php\/wp-json\/wp\/v2\/comments?post=3948"}],"wp:featuredmedia":[{"embeddable":true,"href":"https:\/\/omanivietnam.com\/index.php\/wp-json\/wp\/v2\/media\/3949"}],"wp:attachment":[{"href":"https:\/\/omanivietnam.com\/index.php\/wp-json\/wp\/v2\/media?parent=3948"}],"wp:term":[{"taxonomy":"product_cat","embeddable":true,"href":"https:\/\/omanivietnam.com\/index.php\/wp-json\/wp\/v2\/product_cat?post=3948"},{"taxonomy":"product_tag","embeddable":true,"href":"https:\/\/omanivietnam.com\/index.php\/wp-json\/wp\/v2\/product_tag?post=3948"}],"curies":[{"name":"wp","href":"https:\/\/api.w.org\/{rel}","templated":true}]}}