{"id":3972,"date":"2025-06-11T21:54:32","date_gmt":"2025-06-11T14:54:32","guid":{"rendered":"https:\/\/omanivietnam.com\/?post_type=product&#038;p=3972"},"modified":"2026-01-27T21:58:59","modified_gmt":"2026-01-27T14:58:59","slug":"panasonic-madln05be","status":"publish","type":"product","link":"https:\/\/omanivietnam.com\/index.php\/san-pham\/panasonic-madln05be\/","title":{"rendered":"PANASONIC MADLN05BE"},"content":{"rendered":"<p>PANASONIC MADLN05BE<\/p>\n<div class=\"col-lg-8 col-md-8 col-sm-12 col-xs-12\">\n<section id=\"product-tab\">\n<div class=\"box-content-des\">\n<div class=\"content-des showall\">\n<div class=\"content-hide\">\n<div><strong>SERVO PANASONIC MINAS A6 SERIES( B\u1ed9 \u0111i\u1ec1u khi\u1ec3n Driver Servo Panasonic Minas A6 MADLN05BE):<\/strong><\/div>\n<div>Panasonic l\u00e0 m\u1ed9t trong nh\u1eefng t\u1eadp to\u00e0n l\u1edbn nh\u1ea5t tr\u00ean th\u1ebf gi\u1edbi v\u1ec1 c\u00f4ng ngh\u1ec7, thi\u1ebft b\u1ecb \u0111i\u1ec7n t\u1eed, \u0111i\u1ec7n t\u1eeb b\u00e1n d\u1eabn c\u00f3 tr\u1ee5 \u1edf t\u1ea1i Osaka-Nh\u1eadt B\u1ea3n v\u00e0 Servo panasonic l\u00e0 m\u1ed9t trong nh\u1eefng d\u00f2ng s\u1ea3n ph\u1ea9m Servo \u0111i\u1ec1u khi\u1ec3n v\u01b0\u1ee3t tr\u1ed9i trong \u0111i\u1ec1u khi\u1ec3n truy\u1ec1n \u0111\u1ed9ng \u0111i\u1ec7n, \u0111\u00e1p \u1ee9ng \u0111\u01b0\u1ee3c \u0111a d\u1ea1ng nhu c\u1ea7u c\u1ee7a kh\u00e1ch h\u00e0ng.<\/div>\n<div>Servo panasonic MINAS A6 \u0111\u00e1p \u1ee9ng h\u1ea7u h\u1ebft c\u00e1c \u0111\u00f2i h\u1ecfi v\u1ec1 y\u00eau c\u1ea7u k\u1ef9 thu\u1eadt, ch\u1ea5t l\u01b0\u1ee3ng \u0111i\u1ec1u khi\u1ec3n t\u1ed1c \u0111\u1ed9, v\u1ecb tr\u00ed, v\u00e0 momen c\u1ef1c t\u1ed1t \u0111\u1ec3 cho ra c\u00e1c s\u1ea3n ph\u1ea9m c\u00f3 \u0111\u1ed9 ch\u00ednh x\u00e1c g\u1ea7n nh\u01b0 tuy\u1ec7t \u0111\u1ed1i.<\/div>\n<div>H\u00e3ng Servo panasonic \u0111\u00e3 lu\u00f4n lu\u00f4n n\u00e2ng c\u1ea5p v\u00e0 c\u1ea3i ti\u1ebfn c\u00e1c d\u00f2ng \u0111\u1eddi s\u1ea3n ph\u1ea9m c\u1ee7a m\u00ecnh \u0111\u1ec3 c\u00f3 nh\u1eefng m\u1eabu m\u00e3 thi\u1ebft k\u1ebf \u0111\u1eb9p, b\u1eaft m\u1eaft nh\u1ecf g\u1ecdn, t\u00edch h\u1ee3p c\u00e1c c\u00f4ng ngh\u1ec7 \u0111i\u1ec1u khi\u1ec3n t\u1ed1t nh\u1ea5t, m\u1edbi nh\u1ea5t, \u0111a ch\u1ee9c n\u0103ng gi\u00fap h\u1ec7 th\u1ed1ng m\u00e1y m\u00f3c v\u1eadn h\u00e0nh \u00eam \u00e1i, b\u1ec1n b\u1ec9, tr\u01a1n tru, nh\u1eb9 nh\u00e0ng nh\u01b0ng \u0111\u1ed9 ch\u00ednh x\u00e1c th\u00ec r\u1ea5t cao, gi\u00fap n\u00e2ng cao hi\u1ec7u qu\u1ea3 s\u1ea3n xu\u1ea5t n\u00ean \u0111\u00e3 \u0111\u01b0\u1ee3c r\u1ea5t nhi\u1ec1u c\u00e1c kh\u00e1ch h\u00e0ng tr\u00ean th\u1ebf gi\u1edbi tin d\u00f9ng.<\/div>\n<div><strong>&#8211;\u00a0Servo Panasonic MINAS A6 Series v\u1edbi d\u1ea3i c\u00f4ng su\u1ea5t t\u1eeb 50W \u0111\u1ebfn 5Kw:<\/strong><\/div>\n<div><strong>&#8211; Driver Servo Panasonic MINAS A6:<\/strong><\/div>\n<div><\/div>\n<div>\n<div><strong>C\u00e1c s\u1ea3n ph\u1ea9m Servo Panasonic :<\/strong><\/div>\n<div>\n<div>50W:\u00a0B\u1ed9 Servo Motor Diver k\u1ebft h\u1ee3p\u00a0MSMD5AZG1U+MADHT1505E, MSMD5AZG1V+MADHT1505E<\/div>\n<div>100W: MSMD012G1U+MADHT1505, MSMD012G1U+MADHT1505E, MSMD012G1V+MADHT1505E<\/div>\n<div>200W: MSMD022G1U+MADHT1507, MHMD022G1U+MADHT1507E, MHMD022G1V+MADHT1507E<\/div>\n<div>400W: MHMD042G1U+MBDHT2510, MHMD042G1U+MBDHT2510E, MHMD042G1U+MBDHT2510E<\/div>\n<div>750W: MHMD082G1U+MCDHT3520, MHMD082G1U+MCDHT3520E, MHMD082G1U+MCDHT3520E<\/div>\n<div>1000W:\u00a0B\u1ed9 Servo Motor Diver k\u1ebft h\u1ee3p\u00a0MDME102G1G+MDDHT3530E, MDME102G1H+MDDHT3530E<\/div>\n<div>1500W:\u00a0B\u1ed9 Servo Motor Diver k\u1ebft h\u1ee3p\u00a0MDME152G1G+MDDHT5540E, MDME152G1H+MDDHT5540E<\/div>\n<div>2000W:\u00a0B\u1ed9 Servo Motor Diver k\u1ebft h\u1ee3p\u00a0MDME202G1G+MEDHT7364E, MDME202G1H+MEDHT7364E<\/div>\n<div><\/div>\n<div><b>Servo Panasonic MINAS A6<\/b><\/div>\n<div>\n<div>400W:\u00a0B\u1ed9 Servo Motor Diver k\u1ebft h\u1ee3p MSMF042L1U2M+MBDLN25SE,\u00a0MSMF042L1U2M+MBDLT25SF<\/div>\n<div>400W:\u00a0B\u1ed9 Servo Motor Diver k\u1ebft h\u1ee3p\u00a0MSMF042L1V2M+MBDLN25SE ,MSMF042L1V2M+MBDLT25SF<\/div>\n<div>750W:\u00a0B\u1ed9 Servo Motor Diver k\u1ebft h\u1ee3p\u00a0MSMF082L1U2M+MCDLN35SE,\u00a0MSMF082L1U2M+MCDLT35SF<\/div>\n<div>750W:\u00a0B\u1ed9 Servo Motor Diver k\u1ebft h\u1ee3p\u00a0MSMF082L1V2M+MCDLN35SE,\u00a0MSMF082L1V2M+MCDLT35SF<\/div>\n<div>2KW:\u00a0B\u1ed9 Servo Motor Diver k\u1ebft h\u1ee3p\u00a0MDMF202L1G6M+MEDLN83SE,\u00a0MDMF202L1G6M+MEDLT83SF<\/div>\n<div>2KW:\u00a0B\u1ed9 Servo Motor Diver k\u1ebft h\u1ee3p\u00a0MDMF202L1H6M+MEDLN83SE,\u00a0MDMF202L1H6M+MEDLT83SF<\/div>\n<div><\/div>\n<\/div>\n<div>\n<div><b>Servo Panasonic MINAS A4 th\u00f4ng d\u1ee5ng:<\/b><\/div>\n<div>MSMD012P1U+MADDT1205003\u00a0 100w<\/div>\n<div>MHMD022P1U+MADDT1207003\u00a0 200W<\/div>\n<div>MHMD042P1U+MBDDT2210003\u00a0 400W<\/div>\n<div>MHMD082P1U+MCDDT3520003\u00a0 750W<\/div>\n<div>MSMA152P1G+MDDDT5540003\u00a0 1.5KW<\/div>\n<\/div>\n<div>Servo Panasonic MINAS A5 th\u00f4ng d\u1ee5ng :<\/div>\n<div>MSMD012G1U+MADKT1505CA1 C\u00f4ng su\u1ea5t 100W<\/div>\n<div>MSMD012G1U+MADKT1505E C\u00f4ng su\u1ea5t 100W<\/div>\n<div>MSMD012G1V+MADKT1505CA1 C\u00f4ng su\u1ea5t 100W<\/div>\n<div>MSMD012G1V+MADKT1505E C\u00f4ng su\u1ea5t 100W<\/div>\n<div>MSMJ022G1U+MADKT1507CA1 C\u00f4ng su\u1ea5t 200W<\/div>\n<div>MSMJ022G1U+MADKT1507E\u00a0 C\u00f4ng su\u1ea5t 200W<\/div>\n<div>MSMJ022G1V+MADKT1507CA1 C\u00f4ng su\u1ea5t 200W<\/div>\n<div>MSMD012G1V+MADKT1505E C\u00f4ng su\u1ea5t 200W<\/div>\n<div><\/div>\n<div><u>Panasonic Servo Motor Middle Inertia<\/u><\/div>\n<div>1.0KW\uff1aUniversal MDME102GCGM+MDDKT3530CA1 Pulse type MDME102GCGM+MDDKT3530E<\/div>\n<div>1.5KW\uff1aUniversal MDME152GCGM+MDDKT5540CA1 Pulse type MDME152GCGM+MDDKT5540E<\/div>\n<div>2.0KW\uff1aUniversal MDME202GCGM+MDDKT7364CA1 Pulse type MDME202GCGM+MDDKT7364E<\/div>\n<div>100W: MSMD012G1U+MADKT1505CA1 Pulse type MSMD012G1U+MADKT1505E with brake MSMD012G1V+MADKT1505CA1 Pulse type MSMD012G1V+MADKT1505E<\/div>\n<div>200W: MSMJ022G1U+MADKT1507CA1 Pulse type MSMJ022G1U+MADKT1507E with brake MSMJ022G1V+MADKT1507CA1 Pulse type MSMJ022G1V+MADKT1507E<\/div>\n<div>200W: MHMJ022G1U+MADKT1507CA1 Pulse type MHMJ022G1U+MADKT1507E with brake MHMJ022G1V+MADKT1507CA1 Pulse type MHMJ022G1V+MADKT1507E<\/div>\n<div>400W: MSMJ042G1U+MBDKT2510CA1 Pulse type MSMJ042G1U+MBDKT2510E\u00a0with brake\u00a0MSMJ042G1V+MBDKT2510CA1 Pulse type MSMJ042G1V+MBDKT2510E<\/div>\n<div>400W: MHMJ042G1U+MBDKT2510CA1 Pulse type MHMJ042G1U+MBDKT2510E with brake MHMJ042G1V+MBDKT2510CA1 Pulse type MHMJ042G1V+MBDKT2510E<\/div>\n<div>750W: MSMJ082G1U+MCDKT3520CA1 Pulse type MSMJ082G1U+MCDKT3520E with brake MSMJ082G1V+MCDKT3520CA1 Pulse type MSMJ082G1V+MCDKT3520E<\/div>\n<div>750W: MHMJ082G1U+MCDKT3520CA1 Pulse type MHMJ082G1U+MCDKT3520E with brake MHMJ082G1V+MCDKT3520CA1 Pulse type MHMJ082G1V+MCDJT3520E<\/div>\n<\/div>\n<\/div>\n<\/div>\n<\/div>\n<\/div>\n<\/section>\n<\/div>\n<div><\/div>\n<div>\n<h3>M\u1ed9t s\u1ed1 s\u1ea3n ph\u1ea9m t\u01b0\u01a1ng t\u1ef1 Servo Driver\u00a0A6 MADLN05BE<\/h3>\n<table width=\"368\">\n<tbody>\n<tr>\n<td width=\"189\">MADLN05SE<\/td>\n<td width=\"179\">MADLT05BE<\/td>\n<\/tr>\n<tr>\n<td width=\"189\">MADLN05BE<\/td>\n<td width=\"179\">MDDLN55BE<\/td>\n<\/tr>\n<tr>\n<td width=\"189\">MBDLT25SF<\/td>\n<td width=\"179\">MCDLN35BE<\/td>\n<\/tr>\n<tr>\n<td width=\"189\">MFDLNB3SG<\/td>\n<td width=\"179\">MADLT05NE<\/td>\n<\/tr>\n<tr>\n<td width=\"189\">MBDLN25SG<\/td>\n<td width=\"179\">MDDLN45SG<\/td>\n<\/tr>\n<tr>\n<td width=\"189\">MFDLNB3SE<\/td>\n<td width=\"179\">MADLN05SG<\/td>\n<\/tr>\n<tr>\n<td width=\"189\">MDDLN55SE<\/td>\n<td width=\"179\">MEDLN83BE<\/td>\n<\/tr>\n<tr>\n<td width=\"189\">MCDLN35SF<\/td>\n<td width=\"179\">MBDLN25SE<\/td>\n<\/tr>\n<tr>\n<td width=\"189\">MADLT05BE<\/td>\n<td width=\"179\">MFDLTB3SF<\/td>\n<\/tr>\n<tr>\n<td width=\"189\">MDDLN55BE<\/td>\n<td width=\"179\">MDDLT55SF<\/td>\n<\/tr>\n<tr>\n<td width=\"189\">MCDLN35BE<\/td>\n<td width=\"179\">MBDLT25SF<\/td>\n<\/tr>\n<tr>\n<td width=\"189\">MADLT05NE<\/td>\n<td width=\"179\">\u00a0MFDLNB3SG<\/td>\n<\/tr>\n<tr>\n<td width=\"189\">MDDLN45SG<\/td>\n<td width=\"179\">\u00a0MBDLN25SG<\/td>\n<\/tr>\n<tr>\n<td width=\"189\">MADLN05SG<\/td>\n<td width=\"179\">MFDLNB3SE<\/td>\n<\/tr>\n<tr>\n<td width=\"189\">MEDLN83BE<\/td>\n<td width=\"179\">MDDLN55SE<\/td>\n<\/tr>\n<tr>\n<td width=\"189\">MDDLN45SE<\/td>\n<td width=\"179\">MCDLN35SF<\/td>\n<\/tr>\n<tr>\n<td width=\"189\">MADLT15SF<\/td>\n<td width=\"179\">MADLN05NE<\/td>\n<\/tr>\n<tr>\n<td width=\"189\">MDDLN55SG<\/td>\n<td width=\"179\">MDDLN55SG<\/td>\n<\/tr>\n<tr>\n<td width=\"189\">MADLN15SE<\/td>\n<td width=\"179\">MADLN15SE<\/td>\n<\/tr>\n<\/tbody>\n<\/table>\n<\/div>\n<div class=\"col-lg-8 col-md-8 col-sm-12 col-xs-12\">\n<section id=\"product-tab\">\n<div class=\"box-content-des\">\n<div class=\"content-des showall\">\n<div class=\"show-bpd-vm active\">\n<p>\u0110\u1ea1i l\u00fd PANASONIC vietnam, PANASONIC viet nam, PANASONIC vietnam distributor, Ph\u00e2n ph\u1ed1i PANASONIC t\u1ea1i vi\u1ec7t nam<\/p>\n<p>\u0110\u1ea1i l\u00fd PANASONIC vietnam, PANASONIC viet nam, PANASONIC vietnam distributor, Ph\u00e2n ph\u1ed1i PANASONIC t\u1ea1i vi\u1ec7t nam<\/p>\n<p>\u0110\u1ea1i l\u00fd PANASONIC vietnam, PANASONIC viet nam, PANASONIC vietnam distributor, Ph\u00e2n ph\u1ed1i PANASONIC t\u1ea1i vi\u1ec7t nam<\/p>\n<\/div>\n<\/div>\n<\/div>\n<\/section>\n<\/div>\n<div class=\"col-lg-4 col-md-4 col-sm-12 col-xs-12\"><\/div>\n","protected":false},"excerpt":{"rendered":"<p>PANASONIC MADLN05BE SERVO PANASONIC MINAS A6 SERIES( B\u1ed9 \u0111i\u1ec1u khi\u1ec3n Driver Servo Panasonic Minas A6 MADLN05BE): Panasonic l\u00e0 m\u1ed9t trong nh\u1eefng t\u1eadp to\u00e0n l\u1edbn nh\u1ea5t tr\u00ean th\u1ebf gi\u1edbi v\u1ec1 c\u00f4ng ngh\u1ec7, thi\u1ebft b\u1ecb \u0111i\u1ec7n t\u1eed, \u0111i\u1ec7n t\u1eeb b\u00e1n d\u1eabn c\u00f3 tr\u1ee5 \u1edf t\u1ea1i Osaka-Nh\u1eadt B\u1ea3n v\u00e0 Servo panasonic l\u00e0 m\u1ed9t&hellip; <\/p>\n","protected":false},"featured_media":3973,"comment_status":"open","ping_status":"closed","template":"","meta":[],"product_cat":[298],"product_tag":[343,86,87],"class_list":{"0":"post-3972","1":"product","2":"type-product","3":"status-publish","4":"has-post-thumbnail","6":"product_cat-panasonic","7":"product_tag-bo-cai-dat-toc-do","8":"product_tag-dai-ly-panasonic-viet-nam","9":"product_tag-panasonic-viet-nam","11":"first","12":"instock","13":"shipping-taxable","14":"product-type-simple"},"yoast_head":"<!-- This site is optimized with the Yoast SEO plugin v22.8 - https:\/\/yoast.com\/wordpress\/plugins\/seo\/ -->\n<title>PANASONIC MADLN05BE - OMANI VI\u1ec6T NAM<\/title>\n<meta name=\"description\" content=\"PANASONIC MADLN05BE Servo Driver\" \/>\n<meta name=\"robots\" content=\"index, follow, max-snippet:-1, max-image-preview:large, max-video-preview:-1\" \/>\n<link rel=\"canonical\" href=\"https:\/\/omanivietnam.com\/index.php\/san-pham\/panasonic-madln05be\/\" \/>\n<meta property=\"og:locale\" content=\"vi_VN\" \/>\n<meta property=\"og:type\" content=\"article\" \/>\n<meta property=\"og:title\" content=\"PANASONIC MADLN05BE - OMANI VI\u1ec6T NAM\" \/>\n<meta property=\"og:description\" content=\"PANASONIC MADLN05BE Servo Driver\" \/>\n<meta property=\"og:url\" content=\"https:\/\/omanivietnam.com\/index.php\/san-pham\/panasonic-madln05be\/\" \/>\n<meta property=\"og:site_name\" content=\"OMANI VI\u1ec6T NAM\" \/>\n<meta property=\"article:modified_time\" content=\"2026-01-27T14:58:59+00:00\" \/>\n<meta property=\"og:image\" content=\"https:\/\/omanivietnam.com\/wp-content\/uploads\/2025\/06\/MADLN05BE.png\" \/>\n\t<meta property=\"og:image:width\" content=\"583\" \/>\n\t<meta property=\"og:image:height\" content=\"548\" \/>\n\t<meta property=\"og:image:type\" content=\"image\/png\" \/>\n<meta name=\"twitter:card\" content=\"summary_large_image\" \/>\n<meta name=\"twitter:label1\" content=\"\u01af\u1edbc t\u00ednh th\u1eddi gian \u0111\u1ecdc\" \/>\n\t<meta name=\"twitter:data1\" content=\"4 ph\u00fat\" \/>\n<script type=\"application\/ld+json\" class=\"yoast-schema-graph\">{\"@context\":\"https:\/\/schema.org\",\"@graph\":[{\"@type\":\"WebPage\",\"@id\":\"https:\/\/omanivietnam.com\/index.php\/san-pham\/panasonic-madln05be\/\",\"url\":\"https:\/\/omanivietnam.com\/index.php\/san-pham\/panasonic-madln05be\/\",\"name\":\"PANASONIC MADLN05BE - OMANI VI\u1ec6T NAM\",\"isPartOf\":{\"@id\":\"https:\/\/omanivietnam.com\/#website\"},\"primaryImageOfPage\":{\"@id\":\"https:\/\/omanivietnam.com\/index.php\/san-pham\/panasonic-madln05be\/#primaryimage\"},\"image\":{\"@id\":\"https:\/\/omanivietnam.com\/index.php\/san-pham\/panasonic-madln05be\/#primaryimage\"},\"thumbnailUrl\":\"https:\/\/omanivietnam.com\/wp-content\/uploads\/2025\/06\/MADLN05BE.png\",\"datePublished\":\"2025-06-11T14:54:32+00:00\",\"dateModified\":\"2026-01-27T14:58:59+00:00\",\"description\":\"PANASONIC MADLN05BE Servo Driver\",\"breadcrumb\":{\"@id\":\"https:\/\/omanivietnam.com\/index.php\/san-pham\/panasonic-madln05be\/#breadcrumb\"},\"inLanguage\":\"vi\",\"potentialAction\":[{\"@type\":\"ReadAction\",\"target\":[\"https:\/\/omanivietnam.com\/index.php\/san-pham\/panasonic-madln05be\/\"]}]},{\"@type\":\"ImageObject\",\"inLanguage\":\"vi\",\"@id\":\"https:\/\/omanivietnam.com\/index.php\/san-pham\/panasonic-madln05be\/#primaryimage\",\"url\":\"https:\/\/omanivietnam.com\/wp-content\/uploads\/2025\/06\/MADLN05BE.png\",\"contentUrl\":\"https:\/\/omanivietnam.com\/wp-content\/uploads\/2025\/06\/MADLN05BE.png\",\"width\":583,\"height\":548},{\"@type\":\"BreadcrumbList\",\"@id\":\"https:\/\/omanivietnam.com\/index.php\/san-pham\/panasonic-madln05be\/#breadcrumb\",\"itemListElement\":[{\"@type\":\"ListItem\",\"position\":1,\"name\":\"Home\",\"item\":\"https:\/\/omanivietnam.com\/\"},{\"@type\":\"ListItem\",\"position\":2,\"name\":\"S\u1ea2N PH\u1ea8M\",\"item\":\"https:\/\/omanivietnam.com\/index.php\/cua-hang\/\"},{\"@type\":\"ListItem\",\"position\":3,\"name\":\"PANASONIC MADLN05BE\"}]},{\"@type\":\"WebSite\",\"@id\":\"https:\/\/omanivietnam.com\/#website\",\"url\":\"https:\/\/omanivietnam.com\/\",\"name\":\"OMANI VI\u1ec6T NAM\",\"description\":\"Nh\u00e0 ph\u00e2n ph\u1ed1i thi\u1ebft b\u1ecb kh\u00ed n\u00e9n v\u00e0 thi\u1ebft b\u1ecb t\u1ef1 \u0111\u1ed9ng h\u00f3a trong c\u00f4ng nghi\u1ec7p\",\"publisher\":{\"@id\":\"https:\/\/omanivietnam.com\/#\/schema\/person\/0ad398a980dc3fd696111c2c5c8fa897\"},\"potentialAction\":[{\"@type\":\"SearchAction\",\"target\":{\"@type\":\"EntryPoint\",\"urlTemplate\":\"https:\/\/omanivietnam.com\/?s={search_term_string}\"},\"query-input\":\"required name=search_term_string\"}],\"inLanguage\":\"vi\"},{\"@type\":[\"Person\",\"Organization\"],\"@id\":\"https:\/\/omanivietnam.com\/#\/schema\/person\/0ad398a980dc3fd696111c2c5c8fa897\",\"name\":\"Nguy\u1ec5n V\u0103n Kh\u00e1nh\",\"image\":{\"@type\":\"ImageObject\",\"inLanguage\":\"vi\",\"@id\":\"https:\/\/omanivietnam.com\/#\/schema\/person\/image\/\",\"url\":\"https:\/\/omanivietnam.com\/wp-content\/uploads\/2024\/06\/logo-1024x1024.png\",\"contentUrl\":\"https:\/\/omanivietnam.com\/wp-content\/uploads\/2024\/06\/logo-1024x1024.png\",\"width\":1024,\"height\":1024,\"caption\":\"Nguy\u1ec5n V\u0103n Kh\u00e1nh\"},\"logo\":{\"@id\":\"https:\/\/omanivietnam.com\/#\/schema\/person\/image\/\"},\"sameAs\":[\"https:\/\/omanivietnam.com\"]}]}<\/script>\n<!-- \/ Yoast SEO plugin. -->","yoast_head_json":{"title":"PANASONIC MADLN05BE - OMANI VI\u1ec6T NAM","description":"PANASONIC MADLN05BE Servo Driver","robots":{"index":"index","follow":"follow","max-snippet":"max-snippet:-1","max-image-preview":"max-image-preview:large","max-video-preview":"max-video-preview:-1"},"canonical":"https:\/\/omanivietnam.com\/index.php\/san-pham\/panasonic-madln05be\/","og_locale":"vi_VN","og_type":"article","og_title":"PANASONIC MADLN05BE - OMANI VI\u1ec6T NAM","og_description":"PANASONIC MADLN05BE Servo Driver","og_url":"https:\/\/omanivietnam.com\/index.php\/san-pham\/panasonic-madln05be\/","og_site_name":"OMANI VI\u1ec6T NAM","article_modified_time":"2026-01-27T14:58:59+00:00","og_image":[{"width":583,"height":548,"url":"https:\/\/omanivietnam.com\/wp-content\/uploads\/2025\/06\/MADLN05BE.png","type":"image\/png"}],"twitter_card":"summary_large_image","twitter_misc":{"\u01af\u1edbc t\u00ednh th\u1eddi gian \u0111\u1ecdc":"4 ph\u00fat"},"schema":{"@context":"https:\/\/schema.org","@graph":[{"@type":"WebPage","@id":"https:\/\/omanivietnam.com\/index.php\/san-pham\/panasonic-madln05be\/","url":"https:\/\/omanivietnam.com\/index.php\/san-pham\/panasonic-madln05be\/","name":"PANASONIC MADLN05BE - OMANI VI\u1ec6T NAM","isPartOf":{"@id":"https:\/\/omanivietnam.com\/#website"},"primaryImageOfPage":{"@id":"https:\/\/omanivietnam.com\/index.php\/san-pham\/panasonic-madln05be\/#primaryimage"},"image":{"@id":"https:\/\/omanivietnam.com\/index.php\/san-pham\/panasonic-madln05be\/#primaryimage"},"thumbnailUrl":"https:\/\/omanivietnam.com\/wp-content\/uploads\/2025\/06\/MADLN05BE.png","datePublished":"2025-06-11T14:54:32+00:00","dateModified":"2026-01-27T14:58:59+00:00","description":"PANASONIC MADLN05BE Servo Driver","breadcrumb":{"@id":"https:\/\/omanivietnam.com\/index.php\/san-pham\/panasonic-madln05be\/#breadcrumb"},"inLanguage":"vi","potentialAction":[{"@type":"ReadAction","target":["https:\/\/omanivietnam.com\/index.php\/san-pham\/panasonic-madln05be\/"]}]},{"@type":"ImageObject","inLanguage":"vi","@id":"https:\/\/omanivietnam.com\/index.php\/san-pham\/panasonic-madln05be\/#primaryimage","url":"https:\/\/omanivietnam.com\/wp-content\/uploads\/2025\/06\/MADLN05BE.png","contentUrl":"https:\/\/omanivietnam.com\/wp-content\/uploads\/2025\/06\/MADLN05BE.png","width":583,"height":548},{"@type":"BreadcrumbList","@id":"https:\/\/omanivietnam.com\/index.php\/san-pham\/panasonic-madln05be\/#breadcrumb","itemListElement":[{"@type":"ListItem","position":1,"name":"Home","item":"https:\/\/omanivietnam.com\/"},{"@type":"ListItem","position":2,"name":"S\u1ea2N PH\u1ea8M","item":"https:\/\/omanivietnam.com\/index.php\/cua-hang\/"},{"@type":"ListItem","position":3,"name":"PANASONIC MADLN05BE"}]},{"@type":"WebSite","@id":"https:\/\/omanivietnam.com\/#website","url":"https:\/\/omanivietnam.com\/","name":"OMANI VI\u1ec6T NAM","description":"Nh\u00e0 ph\u00e2n ph\u1ed1i thi\u1ebft b\u1ecb kh\u00ed n\u00e9n v\u00e0 thi\u1ebft b\u1ecb t\u1ef1 \u0111\u1ed9ng h\u00f3a trong c\u00f4ng nghi\u1ec7p","publisher":{"@id":"https:\/\/omanivietnam.com\/#\/schema\/person\/0ad398a980dc3fd696111c2c5c8fa897"},"potentialAction":[{"@type":"SearchAction","target":{"@type":"EntryPoint","urlTemplate":"https:\/\/omanivietnam.com\/?s={search_term_string}"},"query-input":"required name=search_term_string"}],"inLanguage":"vi"},{"@type":["Person","Organization"],"@id":"https:\/\/omanivietnam.com\/#\/schema\/person\/0ad398a980dc3fd696111c2c5c8fa897","name":"Nguy\u1ec5n V\u0103n Kh\u00e1nh","image":{"@type":"ImageObject","inLanguage":"vi","@id":"https:\/\/omanivietnam.com\/#\/schema\/person\/image\/","url":"https:\/\/omanivietnam.com\/wp-content\/uploads\/2024\/06\/logo-1024x1024.png","contentUrl":"https:\/\/omanivietnam.com\/wp-content\/uploads\/2024\/06\/logo-1024x1024.png","width":1024,"height":1024,"caption":"Nguy\u1ec5n V\u0103n Kh\u00e1nh"},"logo":{"@id":"https:\/\/omanivietnam.com\/#\/schema\/person\/image\/"},"sameAs":["https:\/\/omanivietnam.com"]}]}},"_links":{"self":[{"href":"https:\/\/omanivietnam.com\/index.php\/wp-json\/wp\/v2\/product\/3972","targetHints":{"allow":["GET"]}}],"collection":[{"href":"https:\/\/omanivietnam.com\/index.php\/wp-json\/wp\/v2\/product"}],"about":[{"href":"https:\/\/omanivietnam.com\/index.php\/wp-json\/wp\/v2\/types\/product"}],"replies":[{"embeddable":true,"href":"https:\/\/omanivietnam.com\/index.php\/wp-json\/wp\/v2\/comments?post=3972"}],"wp:featuredmedia":[{"embeddable":true,"href":"https:\/\/omanivietnam.com\/index.php\/wp-json\/wp\/v2\/media\/3973"}],"wp:attachment":[{"href":"https:\/\/omanivietnam.com\/index.php\/wp-json\/wp\/v2\/media?parent=3972"}],"wp:term":[{"taxonomy":"product_cat","embeddable":true,"href":"https:\/\/omanivietnam.com\/index.php\/wp-json\/wp\/v2\/product_cat?post=3972"},{"taxonomy":"product_tag","embeddable":true,"href":"https:\/\/omanivietnam.com\/index.php\/wp-json\/wp\/v2\/product_tag?post=3972"}],"curies":[{"name":"wp","href":"https:\/\/api.w.org\/{rel}","templated":true}]}}