{"id":3975,"date":"2025-06-12T22:20:13","date_gmt":"2025-06-12T15:20:13","guid":{"rendered":"https:\/\/omanivietnam.com\/?post_type=product&#038;p=3975"},"modified":"2025-06-12T22:20:13","modified_gmt":"2025-06-12T15:20:13","slug":"allen-bradley-22f-d4p2n103","status":"publish","type":"product","link":"https:\/\/omanivietnam.com\/index.php\/san-pham\/allen-bradley-22f-d4p2n103\/","title":{"rendered":"ALLEN BRADLEY 22F-D4P2N103"},"content":{"rendered":"<p>ALLEN BRADLEY 22F-D4P2N103<\/p>\n<h2 class=\"title-product item_name\">Bi\u1ebfn t\u1ea7n Allen Bradley 22F-D4P2N103<\/h2>\n<h3>1. Bi\u1ebfn t\u1ea7n 22F-D4P2N103:<\/h3>\n<div>Nh\u00e0 ch\u1ebf t\u1ea1o: T\u1ef1 \u0111\u1ed9ng h\u00f3a Rockwell<br \/>\nLo\u1ea1t: 4M<br \/>\nNg\u01b0\u1eddi m\u1eabu: 22F-D4P2N103<br \/>\n\u1ee8ng d\u1ee5ng: m\u1ee5c \u0111\u00edch chung<br \/>\nC\u00f4ng su\u1ea5t, kW: 1,5<br \/>\nHi\u1ec7n t\u1ea1i, A: 4.2<br \/>\nNgu\u1ed3n \u0111i\u1ec7n ch\u00ednh, V: 380-480<br \/>\nGiai \u0111o\u1ea1n: 3<br \/>\nT\u1ea7n s\u1ed1 \u0111\u1ea7u ra, Hz: 0-400<br \/>\nBao v\u00e2y: IP20<br \/>\nC\u00f4ng su\u1ea5t qu\u00e1 t\u1ea3i, % tr\u00ean 1 ph\u00fat.: 150<br \/>\nB\u1ed9 l\u1ecdc EMC: \u2013<br \/>\n\u0110\u1ea7u v\u00e0o analog: 1<br \/>\n\u0110\u1ea7u v\u00e0o k\u1ef9 thu\u1eadt s\u1ed1: 5<br \/>\n\u0110\u1ea7u ra analog: \u2013<br \/>\n\u0110\u1ea7u ra k\u1ef9 thu\u1eadt s\u1ed1: \u2013<br \/>\n\u0110\u1ea7u ra r\u01a1le: 1<br \/>\nRS485 (Modbus RTU): +<br \/>\nNhi\u1ec7t \u0111\u1ed9 ho\u1ea1t \u0111\u1ed9ng, \u00b0\u0421: -10\u2026..+50<br \/>\nNhi\u1ec7t \u0111\u1ed9 b\u1ea3o qu\u1ea3n, \u00b0\u0421: -10\u2026..+50<br \/>\nK\u00edch th\u01b0\u1edbc (W x H x D), mm: 72x174x136<br \/>\nTr\u1ecdng l\u01b0\u1ee3ng, kg: 1,58<\/div>\n<h3>2. C\u00e1c m\u00e3 h\u00e0ng t\u01b0\u01a1ng \u0111\u01b0\u01a1ng Bi\u1ebfn t\u1ea7n\u00a022F-D4P2N103:<\/h3>\n<div>22F-V1P6N103<br \/>\n22F-V2P5N103<br \/>\n22F-V4P5N103<br \/>\n22F-V6P0N103<br \/>\n22F-A1P6N103<br \/>\n22F-A1P6N113<br \/>\n22F-A2P5N103<br \/>\n22F-A2P5N113<br \/>\n22F-A4P2N103<br \/>\n22F-A4P2N113<br \/>\n22F-A011N103<br \/>\n22F-A011N113<br \/>\n22F-B2P5N103<br \/>\n22F-B8P0N103<br \/>\n22F-B017N103<\/div>\n<div><\/div>\n<div>\n<h2 id=\"tablepress-581-name\" class=\"tablepress-table-name tablepress-table-name-id-581\">Allen Bradley PowerFlex4M<\/h2>\n<table id=\"tablepress-581\" class=\"tablepress tablepress-id-581\" aria-labelledby=\"tablepress-581-name\" aria-describedby=\"tablepress-581-description\">\n<thead>\n<tr class=\"row-1\">\n<th class=\"column-1\">SKU<\/th>\n<th class=\"column-2\">\u0110i\u1ec7n \u00e1p<\/th>\n<th class=\"column-3\">C\u00f4ng su\u1ea5t(kW)<\/th>\n<th class=\"column-4\">D\u00f2ng ch\u1ecbu t\u1ea3i(A)<\/th>\n<\/tr>\n<\/thead>\n<tbody class=\"row-striping row-hover\">\n<tr class=\"row-2\">\n<td class=\"column-1\">22F-V1P6N103<\/td>\n<td class=\"column-2\">100-120 (1ph)<\/td>\n<td class=\"column-3\">0,2<\/td>\n<td class=\"column-4\">1.6<\/td>\n<\/tr>\n<tr class=\"row-3\">\n<td class=\"column-1\">22F-V2P5N103<\/td>\n<td class=\"column-2\">100-120 (1ph)<\/td>\n<td class=\"column-3\">0,4<\/td>\n<td class=\"column-4\">2.5<\/td>\n<\/tr>\n<tr class=\"row-4\">\n<td class=\"column-1\">22F-V4P5N103<\/td>\n<td class=\"column-2\">100-120 (1ph)<\/td>\n<td class=\"column-3\">0,75<\/td>\n<td class=\"column-4\">4.5<\/td>\n<\/tr>\n<tr class=\"row-5\">\n<td class=\"column-1\">22F-V6P0N103<\/td>\n<td class=\"column-2\">100-120 (1ph)<\/td>\n<td class=\"column-3\">1,1<\/td>\n<td class=\"column-4\">6<\/td>\n<\/tr>\n<tr class=\"row-6\">\n<td class=\"column-1\">22F-A1P6N103<\/td>\n<td class=\"column-2\">200-240 (1\/3ph)<\/td>\n<td class=\"column-3\">0,2<\/td>\n<td class=\"column-4\">1.6<\/td>\n<\/tr>\n<tr class=\"row-7\">\n<td class=\"column-1\">22F-A1P6N113<\/td>\n<td class=\"column-2\">200-240 (1ph)<\/td>\n<td class=\"column-3\">0,2<\/td>\n<td class=\"column-4\">1.6<\/td>\n<\/tr>\n<tr class=\"row-8\">\n<td class=\"column-1\">22F-A2P5N103<\/td>\n<td class=\"column-2\">200-240 (1ph)<\/td>\n<td class=\"column-3\">0,4<\/td>\n<td class=\"column-4\">2.5<\/td>\n<\/tr>\n<tr class=\"row-9\">\n<td class=\"column-1\">22F-A2P5N113<\/td>\n<td class=\"column-2\">200-240 (1ph)<\/td>\n<td class=\"column-3\">0,4<\/td>\n<td class=\"column-4\">2.5<\/td>\n<\/tr>\n<tr class=\"row-10\">\n<td class=\"column-1\">22F-A4P2N103<\/td>\n<td class=\"column-2\">200-240 (1ph)<\/td>\n<td class=\"column-3\">0,75<\/td>\n<td class=\"column-4\">4.2<\/td>\n<\/tr>\n<tr class=\"row-11\">\n<td class=\"column-1\">22F-A4P2N113<\/td>\n<td class=\"column-2\">200-240 (1ph)<\/td>\n<td class=\"column-3\">0,75<\/td>\n<td class=\"column-4\">4.2<\/td>\n<\/tr>\n<tr class=\"row-12\">\n<td class=\"column-1\">22F-A011N103<\/td>\n<td class=\"column-2\">200-240 (1ph)<\/td>\n<td class=\"column-3\">2,2<\/td>\n<td class=\"column-4\">11<\/td>\n<\/tr>\n<tr class=\"row-13\">\n<td class=\"column-1\">22F-A011N113<\/td>\n<td class=\"column-2\">200-240 (1ph)<\/td>\n<td class=\"column-3\">2,2<\/td>\n<td class=\"column-4\">11<\/td>\n<\/tr>\n<tr class=\"row-14\">\n<td class=\"column-1\">22F-B1P6N103<\/td>\n<td class=\"column-2\">200-240 (1ph)<\/td>\n<td class=\"column-3\">0,2<\/td>\n<td class=\"column-4\">1.6<\/td>\n<\/tr>\n<tr class=\"row-15\">\n<td class=\"column-1\">22F-B2P5N103<\/td>\n<td class=\"column-2\">200-240 (3ph)<\/td>\n<td class=\"column-3\">0,4<\/td>\n<td class=\"column-4\">2.5<\/td>\n<\/tr>\n<tr class=\"row-16\">\n<td class=\"column-1\">22F-B4P2N103<\/td>\n<td class=\"column-2\">200-240 (3ph)<\/td>\n<td class=\"column-3\">0,75<\/td>\n<td class=\"column-4\">4.2<\/td>\n<\/tr>\n<tr class=\"row-17\">\n<td class=\"column-1\">22F-B8P0N103<\/td>\n<td class=\"column-2\">200-240 (3ph)<\/td>\n<td class=\"column-3\">1,5<\/td>\n<td class=\"column-4\">8<\/td>\n<\/tr>\n<tr class=\"row-18\">\n<td class=\"column-1\">22F-B012N103<\/td>\n<td class=\"column-2\">200-240 (3ph)<\/td>\n<td class=\"column-3\">2,2<\/td>\n<td class=\"column-4\">12<\/td>\n<\/tr>\n<tr class=\"row-19\">\n<td class=\"column-1\">22F-B017N103<\/td>\n<td class=\"column-2\">200-240 (3ph)<\/td>\n<td class=\"column-3\">3,7<\/td>\n<td class=\"column-4\">17.5<\/td>\n<\/tr>\n<tr class=\"row-20\">\n<td class=\"column-1\">22F-B025N104<\/td>\n<td class=\"column-2\">200-240 (3ph)<\/td>\n<td class=\"column-3\">5,5<\/td>\n<td class=\"column-4\">25<\/td>\n<\/tr>\n<tr class=\"row-21\">\n<td class=\"column-1\">22F-B033N104<\/td>\n<td class=\"column-2\">200-240 (3ph)<\/td>\n<td class=\"column-3\">7,5<\/td>\n<td class=\"column-4\">33<\/td>\n<\/tr>\n<tr class=\"row-22\">\n<td class=\"column-1\">22F-D1P5N103<\/td>\n<td class=\"column-2\">380-480 (3ph)<\/td>\n<td class=\"column-3\">0,4<\/td>\n<td class=\"column-4\">1.5<\/td>\n<\/tr>\n<tr class=\"row-23\">\n<td class=\"column-1\">22F-D1P5N113<\/td>\n<td class=\"column-2\">380-480 (3ph)<\/td>\n<td class=\"column-3\">0,4<\/td>\n<td class=\"column-4\">1.5<\/td>\n<\/tr>\n<tr class=\"row-24\">\n<td class=\"column-1\">22F-D2P5N103<\/td>\n<td class=\"column-2\">380-480 (3ph)<\/td>\n<td class=\"column-3\">0,75<\/td>\n<td class=\"column-4\">2.5<\/td>\n<\/tr>\n<tr class=\"row-25\">\n<td class=\"column-1\">22F-D2P5N113<\/td>\n<td class=\"column-2\">380-480 (3ph)<\/td>\n<td class=\"column-3\">0,75<\/td>\n<td class=\"column-4\">2.5<\/td>\n<\/tr>\n<tr class=\"row-26\">\n<td class=\"column-1\">22F-D4P2N103<\/td>\n<td class=\"column-2\">380-480 (3ph)<\/td>\n<td class=\"column-3\">1,5<\/td>\n<td class=\"column-4\">4.2<\/td>\n<\/tr>\n<tr class=\"row-27\">\n<td class=\"column-1\">22F-D4P2N113<\/td>\n<td class=\"column-2\">380-480 (3ph)<\/td>\n<td class=\"column-3\">1,5<\/td>\n<td class=\"column-4\">4.2<\/td>\n<\/tr>\n<tr class=\"row-28\">\n<td class=\"column-1\">22F-D6P0N103<\/td>\n<td class=\"column-2\">380-480 (3ph)<\/td>\n<td class=\"column-3\">2,2<\/td>\n<td class=\"column-4\">5<\/td>\n<\/tr>\n<tr class=\"row-29\">\n<td class=\"column-1\">22F-D6P0N113<\/td>\n<td class=\"column-2\">380-480 (3ph)<\/td>\n<td class=\"column-3\">2,2<\/td>\n<td class=\"column-4\">5<\/td>\n<\/tr>\n<tr class=\"row-30\">\n<td class=\"column-1\">22F-D8P7N103<\/td>\n<td class=\"column-2\">380-480 (3ph)<\/td>\n<td class=\"column-3\">3,7<\/td>\n<td class=\"column-4\">8.7<\/td>\n<\/tr>\n<tr class=\"row-31\">\n<td class=\"column-1\">22F-D8P7N113<\/td>\n<td class=\"column-2\">380-480 (3ph)<\/td>\n<td class=\"column-3\">3,7<\/td>\n<td class=\"column-4\">8.7<\/td>\n<\/tr>\n<tr class=\"row-32\">\n<td class=\"column-1\">22F-D013N104<\/td>\n<td class=\"column-2\">380-480 (3ph)<\/td>\n<td class=\"column-3\">5,5<\/td>\n<td class=\"column-4\">13<\/td>\n<\/tr>\n<tr class=\"row-33\">\n<td class=\"column-1\">22F-D013N114<\/td>\n<td class=\"column-2\">380-480 (3ph)<\/td>\n<td class=\"column-3\">5,5<\/td>\n<td class=\"column-4\">13<\/td>\n<\/tr>\n<tr class=\"row-34\">\n<td class=\"column-1\">22F-D018N104<\/td>\n<td class=\"column-2\">380-480 (3ph)<\/td>\n<td class=\"column-3\">7,5<\/td>\n<td class=\"column-4\">18<\/td>\n<\/tr>\n<tr class=\"row-35\">\n<td class=\"column-1\">22F-D018N114<\/td>\n<td class=\"column-2\">380-480 (3ph)<\/td>\n<td class=\"column-3\">7,5<\/td>\n<td class=\"column-4\">18<\/td>\n<\/tr>\n<tr class=\"row-36\">\n<td class=\"column-1\">22F-D024N104<\/td>\n<td class=\"column-2\">380-480 (3ph)<\/td>\n<td class=\"column-3\">11<\/td>\n<td class=\"column-4\">24<\/td>\n<\/tr>\n<tr class=\"row-37\">\n<td class=\"column-1\">22F-D024N114<\/td>\n<td class=\"column-2\">380-480 (3ph)<\/td>\n<td class=\"column-3\">11<\/td>\n<td class=\"column-4\">24<\/td>\n<\/tr>\n<\/tbody>\n<\/table>\n<\/div>\n<p>\u0110\u1ea1i l\u00fd ALLEN BRADLEY vietnam, ALLEN BRADLEY viet nam, ALLEN BRADLEY vietnam distributor, Ph\u00e2n ph\u1ed1i ALLEN BRADLEY t\u1ea1i vi\u1ec7t nam<\/p>\n<p>\u0110\u1ea1i l\u00fd ALLEN BRADLEY vietnam, ALLEN BRADLEY viet nam, ALLEN BRADLEY vietnam distributor, Ph\u00e2n ph\u1ed1i ALLEN BRADLEY t\u1ea1i vi\u1ec7t nam<\/p>\n<p>\u0110\u1ea1i l\u00fd ALLEN BRADLEY vietnam, ALLEN BRADLEY viet nam, ALLEN BRADLEY vietnam distributor, Ph\u00e2n ph\u1ed1i ALLEN BRADLEY t\u1ea1i vi\u1ec7t nam<\/p>\n","protected":false},"excerpt":{"rendered":"<p>ALLEN BRADLEY 22F-D4P2N103 Bi\u1ebfn t\u1ea7n Allen Bradley 22F-D4P2N103 1. Bi\u1ebfn t\u1ea7n 22F-D4P2N103: Nh\u00e0 ch\u1ebf t\u1ea1o: T\u1ef1 \u0111\u1ed9ng h\u00f3a Rockwell Lo\u1ea1t: 4M Ng\u01b0\u1eddi m\u1eabu: 22F-D4P2N103 \u1ee8ng d\u1ee5ng: m\u1ee5c \u0111\u00edch chung C\u00f4ng su\u1ea5t, kW: 1,5 Hi\u1ec7n t\u1ea1i, A: 4.2 Ngu\u1ed3n \u0111i\u1ec7n ch\u00ednh, V: 380-480 Giai \u0111o\u1ea1n: 3 T\u1ea7n s\u1ed1 \u0111\u1ea7u ra, Hz:&hellip; <\/p>\n","protected":false},"featured_media":3976,"comment_status":"open","ping_status":"closed","template":"","meta":[],"product_cat":[295],"product_tag":[178,306,179],"class_list":{"0":"post-3975","1":"product","2":"type-product","3":"status-publish","4":"has-post-thumbnail","6":"product_cat-allen-bradley","7":"product_tag-allen-bradley-viet-nam","8":"product_tag-bien-tan","9":"product_tag-dai-ly-allen-bradley-viet-nam","11":"first","12":"instock","13":"shipping-taxable","14":"product-type-simple"},"yoast_head":"<!-- This site is optimized with the Yoast SEO plugin v22.8 - https:\/\/yoast.com\/wordpress\/plugins\/seo\/ -->\n<title>ALLEN BRADLEY 22F-D4P2N103 - OMANI VI\u1ec6T NAM<\/title>\n<meta name=\"description\" content=\"ALLEN BRADLEY 22F-D4P2N103 Frequency inverter\" \/>\n<meta name=\"robots\" content=\"index, follow, max-snippet:-1, max-image-preview:large, max-video-preview:-1\" \/>\n<link rel=\"canonical\" href=\"https:\/\/omanivietnam.com\/index.php\/san-pham\/allen-bradley-22f-d4p2n103\/\" \/>\n<meta property=\"og:locale\" content=\"vi_VN\" \/>\n<meta property=\"og:type\" content=\"article\" \/>\n<meta property=\"og:title\" content=\"ALLEN BRADLEY 22F-D4P2N103 - OMANI VI\u1ec6T NAM\" \/>\n<meta property=\"og:description\" content=\"ALLEN BRADLEY 22F-D4P2N103 Frequency inverter\" \/>\n<meta property=\"og:url\" content=\"https:\/\/omanivietnam.com\/index.php\/san-pham\/allen-bradley-22f-d4p2n103\/\" \/>\n<meta property=\"og:site_name\" content=\"OMANI VI\u1ec6T NAM\" \/>\n<meta property=\"og:image\" content=\"https:\/\/omanivietnam.com\/wp-content\/uploads\/2025\/06\/22F-D4P2N103.png\" \/>\n\t<meta property=\"og:image:width\" content=\"507\" \/>\n\t<meta property=\"og:image:height\" content=\"508\" \/>\n\t<meta property=\"og:image:type\" content=\"image\/png\" \/>\n<meta name=\"twitter:card\" content=\"summary_large_image\" \/>\n<meta name=\"twitter:label1\" content=\"\u01af\u1edbc t\u00ednh th\u1eddi gian \u0111\u1ecdc\" \/>\n\t<meta name=\"twitter:data1\" content=\"3 ph\u00fat\" \/>\n<script type=\"application\/ld+json\" class=\"yoast-schema-graph\">{\"@context\":\"https:\/\/schema.org\",\"@graph\":[{\"@type\":\"WebPage\",\"@id\":\"https:\/\/omanivietnam.com\/index.php\/san-pham\/allen-bradley-22f-d4p2n103\/\",\"url\":\"https:\/\/omanivietnam.com\/index.php\/san-pham\/allen-bradley-22f-d4p2n103\/\",\"name\":\"ALLEN BRADLEY 22F-D4P2N103 - OMANI VI\u1ec6T NAM\",\"isPartOf\":{\"@id\":\"https:\/\/omanivietnam.com\/#website\"},\"primaryImageOfPage\":{\"@id\":\"https:\/\/omanivietnam.com\/index.php\/san-pham\/allen-bradley-22f-d4p2n103\/#primaryimage\"},\"image\":{\"@id\":\"https:\/\/omanivietnam.com\/index.php\/san-pham\/allen-bradley-22f-d4p2n103\/#primaryimage\"},\"thumbnailUrl\":\"https:\/\/omanivietnam.com\/wp-content\/uploads\/2025\/06\/22F-D4P2N103.png\",\"datePublished\":\"2025-06-12T15:20:13+00:00\",\"dateModified\":\"2025-06-12T15:20:13+00:00\",\"description\":\"ALLEN BRADLEY 22F-D4P2N103 Frequency inverter\",\"breadcrumb\":{\"@id\":\"https:\/\/omanivietnam.com\/index.php\/san-pham\/allen-bradley-22f-d4p2n103\/#breadcrumb\"},\"inLanguage\":\"vi\",\"potentialAction\":[{\"@type\":\"ReadAction\",\"target\":[\"https:\/\/omanivietnam.com\/index.php\/san-pham\/allen-bradley-22f-d4p2n103\/\"]}]},{\"@type\":\"ImageObject\",\"inLanguage\":\"vi\",\"@id\":\"https:\/\/omanivietnam.com\/index.php\/san-pham\/allen-bradley-22f-d4p2n103\/#primaryimage\",\"url\":\"https:\/\/omanivietnam.com\/wp-content\/uploads\/2025\/06\/22F-D4P2N103.png\",\"contentUrl\":\"https:\/\/omanivietnam.com\/wp-content\/uploads\/2025\/06\/22F-D4P2N103.png\",\"width\":507,\"height\":508},{\"@type\":\"BreadcrumbList\",\"@id\":\"https:\/\/omanivietnam.com\/index.php\/san-pham\/allen-bradley-22f-d4p2n103\/#breadcrumb\",\"itemListElement\":[{\"@type\":\"ListItem\",\"position\":1,\"name\":\"Home\",\"item\":\"https:\/\/omanivietnam.com\/\"},{\"@type\":\"ListItem\",\"position\":2,\"name\":\"S\u1ea2N PH\u1ea8M\",\"item\":\"https:\/\/omanivietnam.com\/index.php\/cua-hang\/\"},{\"@type\":\"ListItem\",\"position\":3,\"name\":\"ALLEN BRADLEY 22F-D4P2N103\"}]},{\"@type\":\"WebSite\",\"@id\":\"https:\/\/omanivietnam.com\/#website\",\"url\":\"https:\/\/omanivietnam.com\/\",\"name\":\"OMANI VI\u1ec6T NAM\",\"description\":\"Nh\u00e0 ph\u00e2n ph\u1ed1i thi\u1ebft b\u1ecb kh\u00ed n\u00e9n v\u00e0 thi\u1ebft b\u1ecb t\u1ef1 \u0111\u1ed9ng h\u00f3a trong c\u00f4ng nghi\u1ec7p\",\"publisher\":{\"@id\":\"https:\/\/omanivietnam.com\/#\/schema\/person\/0ad398a980dc3fd696111c2c5c8fa897\"},\"potentialAction\":[{\"@type\":\"SearchAction\",\"target\":{\"@type\":\"EntryPoint\",\"urlTemplate\":\"https:\/\/omanivietnam.com\/?s={search_term_string}\"},\"query-input\":\"required name=search_term_string\"}],\"inLanguage\":\"vi\"},{\"@type\":[\"Person\",\"Organization\"],\"@id\":\"https:\/\/omanivietnam.com\/#\/schema\/person\/0ad398a980dc3fd696111c2c5c8fa897\",\"name\":\"Nguy\u1ec5n V\u0103n Kh\u00e1nh\",\"image\":{\"@type\":\"ImageObject\",\"inLanguage\":\"vi\",\"@id\":\"https:\/\/omanivietnam.com\/#\/schema\/person\/image\/\",\"url\":\"https:\/\/omanivietnam.com\/wp-content\/uploads\/2024\/06\/logo-1024x1024.png\",\"contentUrl\":\"https:\/\/omanivietnam.com\/wp-content\/uploads\/2024\/06\/logo-1024x1024.png\",\"width\":1024,\"height\":1024,\"caption\":\"Nguy\u1ec5n V\u0103n Kh\u00e1nh\"},\"logo\":{\"@id\":\"https:\/\/omanivietnam.com\/#\/schema\/person\/image\/\"},\"sameAs\":[\"https:\/\/omanivietnam.com\"]}]}<\/script>\n<!-- \/ Yoast SEO plugin. -->","yoast_head_json":{"title":"ALLEN BRADLEY 22F-D4P2N103 - OMANI VI\u1ec6T NAM","description":"ALLEN BRADLEY 22F-D4P2N103 Frequency inverter","robots":{"index":"index","follow":"follow","max-snippet":"max-snippet:-1","max-image-preview":"max-image-preview:large","max-video-preview":"max-video-preview:-1"},"canonical":"https:\/\/omanivietnam.com\/index.php\/san-pham\/allen-bradley-22f-d4p2n103\/","og_locale":"vi_VN","og_type":"article","og_title":"ALLEN BRADLEY 22F-D4P2N103 - OMANI VI\u1ec6T NAM","og_description":"ALLEN BRADLEY 22F-D4P2N103 Frequency inverter","og_url":"https:\/\/omanivietnam.com\/index.php\/san-pham\/allen-bradley-22f-d4p2n103\/","og_site_name":"OMANI VI\u1ec6T NAM","og_image":[{"width":507,"height":508,"url":"https:\/\/omanivietnam.com\/wp-content\/uploads\/2025\/06\/22F-D4P2N103.png","type":"image\/png"}],"twitter_card":"summary_large_image","twitter_misc":{"\u01af\u1edbc t\u00ednh th\u1eddi gian \u0111\u1ecdc":"3 ph\u00fat"},"schema":{"@context":"https:\/\/schema.org","@graph":[{"@type":"WebPage","@id":"https:\/\/omanivietnam.com\/index.php\/san-pham\/allen-bradley-22f-d4p2n103\/","url":"https:\/\/omanivietnam.com\/index.php\/san-pham\/allen-bradley-22f-d4p2n103\/","name":"ALLEN BRADLEY 22F-D4P2N103 - OMANI VI\u1ec6T NAM","isPartOf":{"@id":"https:\/\/omanivietnam.com\/#website"},"primaryImageOfPage":{"@id":"https:\/\/omanivietnam.com\/index.php\/san-pham\/allen-bradley-22f-d4p2n103\/#primaryimage"},"image":{"@id":"https:\/\/omanivietnam.com\/index.php\/san-pham\/allen-bradley-22f-d4p2n103\/#primaryimage"},"thumbnailUrl":"https:\/\/omanivietnam.com\/wp-content\/uploads\/2025\/06\/22F-D4P2N103.png","datePublished":"2025-06-12T15:20:13+00:00","dateModified":"2025-06-12T15:20:13+00:00","description":"ALLEN BRADLEY 22F-D4P2N103 Frequency inverter","breadcrumb":{"@id":"https:\/\/omanivietnam.com\/index.php\/san-pham\/allen-bradley-22f-d4p2n103\/#breadcrumb"},"inLanguage":"vi","potentialAction":[{"@type":"ReadAction","target":["https:\/\/omanivietnam.com\/index.php\/san-pham\/allen-bradley-22f-d4p2n103\/"]}]},{"@type":"ImageObject","inLanguage":"vi","@id":"https:\/\/omanivietnam.com\/index.php\/san-pham\/allen-bradley-22f-d4p2n103\/#primaryimage","url":"https:\/\/omanivietnam.com\/wp-content\/uploads\/2025\/06\/22F-D4P2N103.png","contentUrl":"https:\/\/omanivietnam.com\/wp-content\/uploads\/2025\/06\/22F-D4P2N103.png","width":507,"height":508},{"@type":"BreadcrumbList","@id":"https:\/\/omanivietnam.com\/index.php\/san-pham\/allen-bradley-22f-d4p2n103\/#breadcrumb","itemListElement":[{"@type":"ListItem","position":1,"name":"Home","item":"https:\/\/omanivietnam.com\/"},{"@type":"ListItem","position":2,"name":"S\u1ea2N PH\u1ea8M","item":"https:\/\/omanivietnam.com\/index.php\/cua-hang\/"},{"@type":"ListItem","position":3,"name":"ALLEN BRADLEY 22F-D4P2N103"}]},{"@type":"WebSite","@id":"https:\/\/omanivietnam.com\/#website","url":"https:\/\/omanivietnam.com\/","name":"OMANI VI\u1ec6T NAM","description":"Nh\u00e0 ph\u00e2n ph\u1ed1i thi\u1ebft b\u1ecb kh\u00ed n\u00e9n v\u00e0 thi\u1ebft b\u1ecb t\u1ef1 \u0111\u1ed9ng h\u00f3a trong c\u00f4ng nghi\u1ec7p","publisher":{"@id":"https:\/\/omanivietnam.com\/#\/schema\/person\/0ad398a980dc3fd696111c2c5c8fa897"},"potentialAction":[{"@type":"SearchAction","target":{"@type":"EntryPoint","urlTemplate":"https:\/\/omanivietnam.com\/?s={search_term_string}"},"query-input":"required name=search_term_string"}],"inLanguage":"vi"},{"@type":["Person","Organization"],"@id":"https:\/\/omanivietnam.com\/#\/schema\/person\/0ad398a980dc3fd696111c2c5c8fa897","name":"Nguy\u1ec5n V\u0103n Kh\u00e1nh","image":{"@type":"ImageObject","inLanguage":"vi","@id":"https:\/\/omanivietnam.com\/#\/schema\/person\/image\/","url":"https:\/\/omanivietnam.com\/wp-content\/uploads\/2024\/06\/logo-1024x1024.png","contentUrl":"https:\/\/omanivietnam.com\/wp-content\/uploads\/2024\/06\/logo-1024x1024.png","width":1024,"height":1024,"caption":"Nguy\u1ec5n V\u0103n Kh\u00e1nh"},"logo":{"@id":"https:\/\/omanivietnam.com\/#\/schema\/person\/image\/"},"sameAs":["https:\/\/omanivietnam.com"]}]}},"_links":{"self":[{"href":"https:\/\/omanivietnam.com\/index.php\/wp-json\/wp\/v2\/product\/3975","targetHints":{"allow":["GET"]}}],"collection":[{"href":"https:\/\/omanivietnam.com\/index.php\/wp-json\/wp\/v2\/product"}],"about":[{"href":"https:\/\/omanivietnam.com\/index.php\/wp-json\/wp\/v2\/types\/product"}],"replies":[{"embeddable":true,"href":"https:\/\/omanivietnam.com\/index.php\/wp-json\/wp\/v2\/comments?post=3975"}],"wp:featuredmedia":[{"embeddable":true,"href":"https:\/\/omanivietnam.com\/index.php\/wp-json\/wp\/v2\/media\/3976"}],"wp:attachment":[{"href":"https:\/\/omanivietnam.com\/index.php\/wp-json\/wp\/v2\/media?parent=3975"}],"wp:term":[{"taxonomy":"product_cat","embeddable":true,"href":"https:\/\/omanivietnam.com\/index.php\/wp-json\/wp\/v2\/product_cat?post=3975"},{"taxonomy":"product_tag","embeddable":true,"href":"https:\/\/omanivietnam.com\/index.php\/wp-json\/wp\/v2\/product_tag?post=3975"}],"curies":[{"name":"wp","href":"https:\/\/api.w.org\/{rel}","templated":true}]}}