{"id":3989,"date":"2025-06-15T20:59:14","date_gmt":"2025-06-15T13:59:14","guid":{"rendered":"https:\/\/omanivietnam.com\/?post_type=product&#038;p=3989"},"modified":"2025-06-15T21:00:45","modified_gmt":"2025-06-15T14:00:45","slug":"keyence-pz-g61n-2","status":"publish","type":"product","link":"https:\/\/omanivietnam.com\/index.php\/san-pham\/keyence-pz-g61n-2\/","title":{"rendered":"KEYENCE PZ-G61N"},"content":{"rendered":"<p>KEYENCE PZ-G61N<\/p>\n<table class=\"woocommerce-product-attributes shop_attributes\">\n<tbody>\n<tr>\n<td colspan=\"4\">M\u1eabu<\/td>\n<td>PZ-G61N<\/td>\n<\/tr>\n<tr>\n<td colspan=\"4\">Lo\u1ea1i<\/td>\n<td>Thu ph\u00e1t chung<sup>*1<\/sup>Ph\u1ea1m vi d\u00e0i(C\u00f3 ch\u1ee9c n\u0103ngP. R. O.)<sup>*2<\/sup><\/td>\n<\/tr>\n<tr>\n<td colspan=\"4\">H\u00ecnh d\u1ea1ng<\/td>\n<td>D\u1ea1ng h\u00ecnhch\u1eef nh\u1eadt<\/td>\n<\/tr>\n<tr>\n<td colspan=\"4\">Ng\u00f5 ra<\/td>\n<td>NPN<\/td>\n<\/tr>\n<tr>\n<td colspan=\"4\">K\u1ebft n\u1ed1i d\u00e2y c\u00e1p<\/td>\n<td>C\u00e1p (2 m)<sup>*2<\/sup><\/td>\n<\/tr>\n<tr>\n<td colspan=\"4\">Kho\u1ea3ng c\u00e1ch ph\u00e1t hi\u1ec7n<\/td>\n<td>0,1 \u0111\u1ebfn 4,2 m(Khi R-2Lb\u1ed9 ph\u1ea3n x\u1ea1\u0111\u01b0\u1ee3c s\u1eed d\u1ee5ng)<\/td>\n<\/tr>\n<tr>\n<td colspan=\"4\">\u0110\u01b0\u1eddng k\u00ednh v\u1ec7t<\/td>\n<td>\u2015<\/td>\n<\/tr>\n<tr>\n<td colspan=\"4\">Ngu\u1ed3n s\u00e1ng<\/td>\n<td>\u0110\u00e8n LED m\u00e0u \u0111\u1ecf<\/td>\n<\/tr>\n<tr>\n<td colspan=\"4\">\u0110i\u1ec1u ch\u1ec9nh \u0111\u1ed9 nh\u1ea1y<\/td>\n<td>T\u1ee5 tinh ch\u1ec9nh 1 v\u00f2ng (230\u00b0)<\/td>\n<\/tr>\n<tr>\n<td colspan=\"4\">Th\u1eddi gian \u0111\u00e1p \u1ee9ng<\/td>\n<td>500 \u00b5s<\/td>\n<\/tr>\n<tr>\n<td colspan=\"4\">Ch\u1ebf \u0111\u1ed9 v\u1eadn h\u00e0nh<\/td>\n<td>B\u1eacT-S\u00c1NG\/B\u1eacT-T\u1ed0I (c\u00f4ng t\u1eafc c\u00f3 th\u1ec3 l\u1ef1a ch\u1ecdn)<\/td>\n<\/tr>\n<tr>\n<td colspan=\"4\">\u0110\u00e8n b\u00e1o (LED)<\/td>\n<td>Ng\u00f5 ra: \u0110\u00e8n LED m\u00e0u camV\u1eadn h\u00e0nh \u1ed5n \u0111\u1ecbnh: \u0110\u00e8n LED m\u00e0u xanh l\u00e1 c\u00e2y<\/td>\n<\/tr>\n<tr>\n<td colspan=\"4\">Ng\u00f5 ra \u0111i\u1ec1u khi\u1ec3n<\/td>\n<td>Ng\u00f5 ra c\u1ef1c thu \u0111\u1ec3 h\u1edf t\u1ed1i \u0111a 30 V, c\u1ef1c \u0111\u1ea1i 100 mA, \u0110i\u1ec7n \u00e1p d\u01b0: T\u1ed1i \u0111a 1 V<\/td>\n<\/tr>\n<tr>\n<td colspan=\"4\">M\u1ea1ch b\u1ea3o v\u1ec7<\/td>\n<td>C\u1ef1c t\u00ednh ng\u01b0\u1ee3c, b\u1ea3o v\u1ec7 qu\u00e1 d\u00f2ng, b\u1ed9 ch\u1ed1ng s\u00e9t h\u1ea5p th\u1ee5<\/td>\n<\/tr>\n<tr>\n<td colspan=\"4\">Tri\u1ec7t nhi\u1ec5u<\/td>\n<td>L\u00ean \u0111\u1ebfn 2 kh\u1ed1i(v\u1edbi ch\u1ee9c n\u0103ng t\u1ea7n s\u1ed1 t\u1ef1 \u0111\u1ed9ng kh\u00e1c nhau)<\/td>\n<\/tr>\n<tr>\n<td colspan=\"4\">M\u00f4 men xo\u1eafn si\u1ebft ch\u1eb7t<\/td>\n<td>M\u1eabu h\u00ecnh ch\u1eef nh\u1eadt (B\u1ed9 ph\u1eadn l\u1ed7 l\u1eafp \u0111\u1eb7t): T\u1ed1i \u0111a 0,5 N\u00b7m<\/td>\n<\/tr>\n<tr>\n<td rowspan=\"2\">\u0110\u1ecbnh m\u1ee9c<\/td>\n<td colspan=\"3\">\u0110i\u1ec7n \u00e1p ngu\u1ed3n<\/td>\n<td>10 \u0111\u1ebfn 30 VDC, bao g\u1ed3m \u0110\u1ed9 g\u1ee3n (P-P) \u00b110 %<\/td>\n<\/tr>\n<tr>\n<td colspan=\"3\">D\u00f2ng \u0111i\u1ec7n ti\u00eau th\u1ee5<\/td>\n<td>34 mA tr\u1edf xu\u1ed1ng<\/td>\n<\/tr>\n<tr>\n<td rowspan=\"6\">Kh\u1ea3 n\u0103ng ch\u1ed1ng ch\u1ecbu v\u1edbi m\u00f4i tr\u01b0\u1eddng<\/td>\n<td colspan=\"3\">Ch\u1ec9 s\u1ed1 ch\u1ed1ng ch\u1ecbu th\u1eddi ti\u1ebft cho v\u1ecf b\u1ecdc<\/td>\n<td>IEC: IP67\/NEMA: 4X, 6, 12\/DIN: IP69K<\/td>\n<\/tr>\n<tr>\n<td colspan=\"3\">\u00c1nh s\u00e1ng m\u00f4i tr\u01b0\u1eddng xung quanh<\/td>\n<td>\u0110\u00e8n b\u00f3ng tr\u00f2n: T\u1ed1i \u0111a 5,000 lux, \u00c1nh s\u00e1ng m\u1eb7t tr\u1eddi: T\u1ed1i \u0111a 20,000 lux<\/td>\n<\/tr>\n<tr>\n<td colspan=\"3\">Nhi\u1ec7t \u0111\u1ed9 m\u00f4i tr\u01b0\u1eddng xung quanh<\/td>\n<td>-20 \u0111\u1ebfn +55 \u00b0C (Kh\u00f4ng \u0111\u00f3ng b\u0103ng)<\/td>\n<\/tr>\n<tr>\n<td colspan=\"3\">\u0110\u1ed9 \u1ea9m m\u00f4i tr\u01b0\u1eddng xung quanh<\/td>\n<td>35 \u0111\u1ebfn 85 % RH (Kh\u00f4ng ng\u01b0ng t\u1ee5)<\/td>\n<\/tr>\n<tr>\n<td colspan=\"3\">Ch\u1ed1ng ch\u1ecbu rung<\/td>\n<td>10 \u0111\u1ebfn 55 Hz, 1,5 mm Bi\u00ean \u0111\u1ed9 k\u00e9p theo c\u00e1c h\u01b0\u1edbng X, Y, Z t\u01b0\u01a1ng \u1ee9ng, 2 gi\u1edd<\/td>\n<\/tr>\n<tr>\n<td colspan=\"3\">Ch\u1ed1ng ch\u1ecbu va \u0111\u1eadp<\/td>\n<td>1,000 m\/s<sup>2<\/sup>, 6 l\u1ea7n theo c\u00e1c h\u01b0\u1edbng X, Y, v\u00e0 Z<\/td>\n<\/tr>\n<tr>\n<td rowspan=\"5\">V\u1eadt li\u1ec7u<\/td>\n<td colspan=\"3\">V\u1ecf b\u1ecdc, \u0111ai \u1ed1c M18(ch\u1ec9 m\u1eabu d\u1ea1ng ren)<\/td>\n<td>PBT gia c\u01b0\u1eddng s\u1ee3i th\u1ee7y tinh<\/td>\n<\/tr>\n<tr>\n<td colspan=\"3\">V\u1ecf che \u1ed1ng k\u00ednh<\/td>\n<td>Acrylic(PMMA)<\/td>\n<\/tr>\n<tr>\n<td colspan=\"3\">T\u1ee5 tinh ch\u1ec9nh<\/td>\n<td>Polyamide (PA) gia c\u01b0\u1eddng s\u1ee3i th\u1ee7y tinh<\/td>\n<\/tr>\n<tr>\n<td colspan=\"3\">C\u00e1p (ch\u1ec9 m\u1eabu c\u00e1p)<\/td>\n<td>Polyvinyl chloride (PVC)<\/td>\n<\/tr>\n<tr>\n<td colspan=\"3\">B\u1ed9 k\u1ebft n\u1ed1i (ch\u1ec9 lo\u1ea1i b\u1ed9 k\u1ebft n\u1ed1i c\u00f3 d\u00e2y c\u00e1p)<\/td>\n<td>\u2015<\/td>\n<\/tr>\n<tr>\n<td colspan=\"4\">Ph\u1ee5 ki\u1ec7n<\/td>\n<td>S\u1ed5 tay h\u01b0\u1edbng d\u1eabn<\/td>\n<\/tr>\n<tr>\n<td colspan=\"4\">Kh\u1ed1i l\u01b0\u1ee3ng<\/td>\n<td>M\u1eabu c\u00e1p h\u00ecnh ch\u1eef nh\u1eadt: X\u1ea5p x\u1ec9 60 g (\u0111\u1ea7u ph\u00e1t m\u1eabu thu ph\u00e1t \u0111\u1ed9c l\u1eadp: X\u1ea5p x\u1ec9 50 g)<\/td>\n<\/tr>\n<tr>\n<td colspan=\"5\"><sup>*1<\/sup>\u00a0T\u00f9y ch\u1ecdn c\u00e1p d\u00e0nh cho m\u1eabu \u0111\u1ea7u n\u1ed1i\/m\u1eabu ng\u1eaft k\u1ebft n\u1ed1i nhanh m\u1ea5u d\u00e2y. T\u00f9y ch\u1ecdn b\u1ed9 ph\u1ea3n x\u1ea1 d\u00e0nh cho m\u1eabu thu ph\u00e1t chung.<sup>*2<\/sup>\u00a0T\u00f9y ch\u1ecdn c\u00e1p cho c\u00e1c m\u1eabu \u0111\u1ea7u n\u1ed1i.<\/td>\n<\/tr>\n<\/tbody>\n<\/table>\n<p class=\"woocommerce-loop-product__title\">KEYENCE PZ-M61<\/p>\n<p>KEYENCE PZ-V31 PZ-V11<\/p>\n<p>Keyence CZ-H35S<\/p>\n<p>Keyence PS-52<\/p>\n<h3>C\u00e1c m\u00e3 h\u00e0ng t\u01b0\u01a1ng \u0111\u01b0\u01a1ng:<\/h3>\n<p>PZ2-42<br \/>\nPZ2-42P<br \/>\nPZ2-61<br \/>\nPZ2-61P<br \/>\nPZ2-62<br \/>\nPZ2-62P<br \/>\nPZ-G101N<br \/>\nPZ-G102N<br \/>\nPZ-G41N<br \/>\nPZ-G41P<br \/>\nPZ-G42CN<br \/>\nPZ-G42EN<br \/>\nPZ-G42N<br \/>\nPZ-G51<br \/>\nPZ-G51BT<br \/>\nPZ-G51CB<br \/>\nPZ-G51CN<br \/>\nPZ-G51CP<br \/>\nPZ-G51N<br \/>\nPZ-G51P<br \/>\nPZ-G52EP<br \/>\nPZ-G52N<br \/>\nPZ-G61N<\/p>\n","protected":false},"excerpt":{"rendered":"<p>KEYENCE PZ-G61N M\u1eabu PZ-G61N Lo\u1ea1i Thu ph\u00e1t chung*1Ph\u1ea1m vi d\u00e0i(C\u00f3 ch\u1ee9c n\u0103ngP. R. O.)*2 H\u00ecnh d\u1ea1ng D\u1ea1ng h\u00ecnhch\u1eef nh\u1eadt Ng\u00f5 ra NPN K\u1ebft n\u1ed1i d\u00e2y c\u00e1p C\u00e1p (2 m)*2 Kho\u1ea3ng c\u00e1ch ph\u00e1t hi\u1ec7n 0,1 \u0111\u1ebfn 4,2 m(Khi R-2Lb\u1ed9 ph\u1ea3n x\u1ea1\u0111\u01b0\u1ee3c s\u1eed d\u1ee5ng) \u0110\u01b0\u1eddng k\u00ednh v\u1ec7t \u2015 Ngu\u1ed3n s\u00e1ng \u0110\u00e8n LED&hellip; <\/p>\n","protected":false},"featured_media":3990,"comment_status":"open","ping_status":"closed","template":"","meta":[],"product_cat":[292],"product_tag":[88,114,113],"class_list":{"0":"post-3989","1":"product","2":"type-product","3":"status-publish","4":"has-post-thumbnail","6":"product_cat-keyence","7":"product_tag-cam-bien","8":"product_tag-dai-ly-keyence-viet-nam","9":"product_tag-keyence-viet-nam","11":"first","12":"instock","13":"shipping-taxable","14":"product-type-simple"},"yoast_head":"<!-- This site is optimized with the Yoast SEO plugin v22.8 - https:\/\/yoast.com\/wordpress\/plugins\/seo\/ -->\n<title>KEYENCE PZ-G61N - OMANI VI\u1ec6T NAM<\/title>\n<meta name=\"description\" content=\"KEYENCE PZ-G61N Photo Sensor\" \/>\n<meta name=\"robots\" content=\"index, follow, max-snippet:-1, max-image-preview:large, max-video-preview:-1\" \/>\n<link rel=\"canonical\" href=\"https:\/\/omanivietnam.com\/index.php\/san-pham\/keyence-pz-g61n-2\/\" \/>\n<meta property=\"og:locale\" content=\"vi_VN\" \/>\n<meta property=\"og:type\" content=\"article\" \/>\n<meta property=\"og:title\" content=\"KEYENCE PZ-G61N - OMANI VI\u1ec6T NAM\" \/>\n<meta property=\"og:description\" content=\"KEYENCE PZ-G61N Photo Sensor\" \/>\n<meta property=\"og:url\" content=\"https:\/\/omanivietnam.com\/index.php\/san-pham\/keyence-pz-g61n-2\/\" \/>\n<meta property=\"og:site_name\" content=\"OMANI VI\u1ec6T NAM\" \/>\n<meta property=\"article:modified_time\" content=\"2025-06-15T14:00:45+00:00\" \/>\n<meta property=\"og:image\" content=\"https:\/\/omanivietnam.com\/wp-content\/uploads\/2025\/06\/PZ-G61N.png\" \/>\n\t<meta property=\"og:image:width\" content=\"542\" \/>\n\t<meta property=\"og:image:height\" content=\"581\" \/>\n\t<meta property=\"og:image:type\" content=\"image\/png\" \/>\n<meta name=\"twitter:card\" content=\"summary_large_image\" \/>\n<meta name=\"twitter:label1\" content=\"\u01af\u1edbc t\u00ednh th\u1eddi gian \u0111\u1ecdc\" \/>\n\t<meta name=\"twitter:data1\" content=\"3 ph\u00fat\" \/>\n<script type=\"application\/ld+json\" class=\"yoast-schema-graph\">{\"@context\":\"https:\/\/schema.org\",\"@graph\":[{\"@type\":\"WebPage\",\"@id\":\"https:\/\/omanivietnam.com\/index.php\/san-pham\/keyence-pz-g61n-2\/\",\"url\":\"https:\/\/omanivietnam.com\/index.php\/san-pham\/keyence-pz-g61n-2\/\",\"name\":\"KEYENCE PZ-G61N - OMANI VI\u1ec6T NAM\",\"isPartOf\":{\"@id\":\"https:\/\/omanivietnam.com\/#website\"},\"primaryImageOfPage\":{\"@id\":\"https:\/\/omanivietnam.com\/index.php\/san-pham\/keyence-pz-g61n-2\/#primaryimage\"},\"image\":{\"@id\":\"https:\/\/omanivietnam.com\/index.php\/san-pham\/keyence-pz-g61n-2\/#primaryimage\"},\"thumbnailUrl\":\"https:\/\/omanivietnam.com\/wp-content\/uploads\/2025\/06\/PZ-G61N.png\",\"datePublished\":\"2025-06-15T13:59:14+00:00\",\"dateModified\":\"2025-06-15T14:00:45+00:00\",\"description\":\"KEYENCE PZ-G61N Photo Sensor\",\"breadcrumb\":{\"@id\":\"https:\/\/omanivietnam.com\/index.php\/san-pham\/keyence-pz-g61n-2\/#breadcrumb\"},\"inLanguage\":\"vi\",\"potentialAction\":[{\"@type\":\"ReadAction\",\"target\":[\"https:\/\/omanivietnam.com\/index.php\/san-pham\/keyence-pz-g61n-2\/\"]}]},{\"@type\":\"ImageObject\",\"inLanguage\":\"vi\",\"@id\":\"https:\/\/omanivietnam.com\/index.php\/san-pham\/keyence-pz-g61n-2\/#primaryimage\",\"url\":\"https:\/\/omanivietnam.com\/wp-content\/uploads\/2025\/06\/PZ-G61N.png\",\"contentUrl\":\"https:\/\/omanivietnam.com\/wp-content\/uploads\/2025\/06\/PZ-G61N.png\",\"width\":542,\"height\":581},{\"@type\":\"BreadcrumbList\",\"@id\":\"https:\/\/omanivietnam.com\/index.php\/san-pham\/keyence-pz-g61n-2\/#breadcrumb\",\"itemListElement\":[{\"@type\":\"ListItem\",\"position\":1,\"name\":\"Home\",\"item\":\"https:\/\/omanivietnam.com\/\"},{\"@type\":\"ListItem\",\"position\":2,\"name\":\"S\u1ea2N PH\u1ea8M\",\"item\":\"https:\/\/omanivietnam.com\/index.php\/cua-hang\/\"},{\"@type\":\"ListItem\",\"position\":3,\"name\":\"KEYENCE PZ-G61N\"}]},{\"@type\":\"WebSite\",\"@id\":\"https:\/\/omanivietnam.com\/#website\",\"url\":\"https:\/\/omanivietnam.com\/\",\"name\":\"OMANI VI\u1ec6T NAM\",\"description\":\"Nh\u00e0 ph\u00e2n ph\u1ed1i thi\u1ebft b\u1ecb kh\u00ed n\u00e9n v\u00e0 thi\u1ebft b\u1ecb t\u1ef1 \u0111\u1ed9ng h\u00f3a trong c\u00f4ng nghi\u1ec7p\",\"publisher\":{\"@id\":\"https:\/\/omanivietnam.com\/#\/schema\/person\/0ad398a980dc3fd696111c2c5c8fa897\"},\"potentialAction\":[{\"@type\":\"SearchAction\",\"target\":{\"@type\":\"EntryPoint\",\"urlTemplate\":\"https:\/\/omanivietnam.com\/?s={search_term_string}\"},\"query-input\":\"required name=search_term_string\"}],\"inLanguage\":\"vi\"},{\"@type\":[\"Person\",\"Organization\"],\"@id\":\"https:\/\/omanivietnam.com\/#\/schema\/person\/0ad398a980dc3fd696111c2c5c8fa897\",\"name\":\"Nguy\u1ec5n V\u0103n Kh\u00e1nh\",\"image\":{\"@type\":\"ImageObject\",\"inLanguage\":\"vi\",\"@id\":\"https:\/\/omanivietnam.com\/#\/schema\/person\/image\/\",\"url\":\"https:\/\/omanivietnam.com\/wp-content\/uploads\/2024\/06\/logo-1024x1024.png\",\"contentUrl\":\"https:\/\/omanivietnam.com\/wp-content\/uploads\/2024\/06\/logo-1024x1024.png\",\"width\":1024,\"height\":1024,\"caption\":\"Nguy\u1ec5n V\u0103n Kh\u00e1nh\"},\"logo\":{\"@id\":\"https:\/\/omanivietnam.com\/#\/schema\/person\/image\/\"},\"sameAs\":[\"https:\/\/omanivietnam.com\"]}]}<\/script>\n<!-- \/ Yoast SEO plugin. -->","yoast_head_json":{"title":"KEYENCE PZ-G61N - OMANI VI\u1ec6T NAM","description":"KEYENCE PZ-G61N Photo Sensor","robots":{"index":"index","follow":"follow","max-snippet":"max-snippet:-1","max-image-preview":"max-image-preview:large","max-video-preview":"max-video-preview:-1"},"canonical":"https:\/\/omanivietnam.com\/index.php\/san-pham\/keyence-pz-g61n-2\/","og_locale":"vi_VN","og_type":"article","og_title":"KEYENCE PZ-G61N - OMANI VI\u1ec6T NAM","og_description":"KEYENCE PZ-G61N Photo Sensor","og_url":"https:\/\/omanivietnam.com\/index.php\/san-pham\/keyence-pz-g61n-2\/","og_site_name":"OMANI VI\u1ec6T NAM","article_modified_time":"2025-06-15T14:00:45+00:00","og_image":[{"width":542,"height":581,"url":"https:\/\/omanivietnam.com\/wp-content\/uploads\/2025\/06\/PZ-G61N.png","type":"image\/png"}],"twitter_card":"summary_large_image","twitter_misc":{"\u01af\u1edbc t\u00ednh th\u1eddi gian \u0111\u1ecdc":"3 ph\u00fat"},"schema":{"@context":"https:\/\/schema.org","@graph":[{"@type":"WebPage","@id":"https:\/\/omanivietnam.com\/index.php\/san-pham\/keyence-pz-g61n-2\/","url":"https:\/\/omanivietnam.com\/index.php\/san-pham\/keyence-pz-g61n-2\/","name":"KEYENCE PZ-G61N - OMANI VI\u1ec6T NAM","isPartOf":{"@id":"https:\/\/omanivietnam.com\/#website"},"primaryImageOfPage":{"@id":"https:\/\/omanivietnam.com\/index.php\/san-pham\/keyence-pz-g61n-2\/#primaryimage"},"image":{"@id":"https:\/\/omanivietnam.com\/index.php\/san-pham\/keyence-pz-g61n-2\/#primaryimage"},"thumbnailUrl":"https:\/\/omanivietnam.com\/wp-content\/uploads\/2025\/06\/PZ-G61N.png","datePublished":"2025-06-15T13:59:14+00:00","dateModified":"2025-06-15T14:00:45+00:00","description":"KEYENCE PZ-G61N Photo Sensor","breadcrumb":{"@id":"https:\/\/omanivietnam.com\/index.php\/san-pham\/keyence-pz-g61n-2\/#breadcrumb"},"inLanguage":"vi","potentialAction":[{"@type":"ReadAction","target":["https:\/\/omanivietnam.com\/index.php\/san-pham\/keyence-pz-g61n-2\/"]}]},{"@type":"ImageObject","inLanguage":"vi","@id":"https:\/\/omanivietnam.com\/index.php\/san-pham\/keyence-pz-g61n-2\/#primaryimage","url":"https:\/\/omanivietnam.com\/wp-content\/uploads\/2025\/06\/PZ-G61N.png","contentUrl":"https:\/\/omanivietnam.com\/wp-content\/uploads\/2025\/06\/PZ-G61N.png","width":542,"height":581},{"@type":"BreadcrumbList","@id":"https:\/\/omanivietnam.com\/index.php\/san-pham\/keyence-pz-g61n-2\/#breadcrumb","itemListElement":[{"@type":"ListItem","position":1,"name":"Home","item":"https:\/\/omanivietnam.com\/"},{"@type":"ListItem","position":2,"name":"S\u1ea2N PH\u1ea8M","item":"https:\/\/omanivietnam.com\/index.php\/cua-hang\/"},{"@type":"ListItem","position":3,"name":"KEYENCE PZ-G61N"}]},{"@type":"WebSite","@id":"https:\/\/omanivietnam.com\/#website","url":"https:\/\/omanivietnam.com\/","name":"OMANI VI\u1ec6T NAM","description":"Nh\u00e0 ph\u00e2n ph\u1ed1i thi\u1ebft b\u1ecb kh\u00ed n\u00e9n v\u00e0 thi\u1ebft b\u1ecb t\u1ef1 \u0111\u1ed9ng h\u00f3a trong c\u00f4ng nghi\u1ec7p","publisher":{"@id":"https:\/\/omanivietnam.com\/#\/schema\/person\/0ad398a980dc3fd696111c2c5c8fa897"},"potentialAction":[{"@type":"SearchAction","target":{"@type":"EntryPoint","urlTemplate":"https:\/\/omanivietnam.com\/?s={search_term_string}"},"query-input":"required name=search_term_string"}],"inLanguage":"vi"},{"@type":["Person","Organization"],"@id":"https:\/\/omanivietnam.com\/#\/schema\/person\/0ad398a980dc3fd696111c2c5c8fa897","name":"Nguy\u1ec5n V\u0103n Kh\u00e1nh","image":{"@type":"ImageObject","inLanguage":"vi","@id":"https:\/\/omanivietnam.com\/#\/schema\/person\/image\/","url":"https:\/\/omanivietnam.com\/wp-content\/uploads\/2024\/06\/logo-1024x1024.png","contentUrl":"https:\/\/omanivietnam.com\/wp-content\/uploads\/2024\/06\/logo-1024x1024.png","width":1024,"height":1024,"caption":"Nguy\u1ec5n V\u0103n Kh\u00e1nh"},"logo":{"@id":"https:\/\/omanivietnam.com\/#\/schema\/person\/image\/"},"sameAs":["https:\/\/omanivietnam.com"]}]}},"_links":{"self":[{"href":"https:\/\/omanivietnam.com\/index.php\/wp-json\/wp\/v2\/product\/3989","targetHints":{"allow":["GET"]}}],"collection":[{"href":"https:\/\/omanivietnam.com\/index.php\/wp-json\/wp\/v2\/product"}],"about":[{"href":"https:\/\/omanivietnam.com\/index.php\/wp-json\/wp\/v2\/types\/product"}],"replies":[{"embeddable":true,"href":"https:\/\/omanivietnam.com\/index.php\/wp-json\/wp\/v2\/comments?post=3989"}],"wp:featuredmedia":[{"embeddable":true,"href":"https:\/\/omanivietnam.com\/index.php\/wp-json\/wp\/v2\/media\/3990"}],"wp:attachment":[{"href":"https:\/\/omanivietnam.com\/index.php\/wp-json\/wp\/v2\/media?parent=3989"}],"wp:term":[{"taxonomy":"product_cat","embeddable":true,"href":"https:\/\/omanivietnam.com\/index.php\/wp-json\/wp\/v2\/product_cat?post=3989"},{"taxonomy":"product_tag","embeddable":true,"href":"https:\/\/omanivietnam.com\/index.php\/wp-json\/wp\/v2\/product_tag?post=3989"}],"curies":[{"name":"wp","href":"https:\/\/api.w.org\/{rel}","templated":true}]}}