{"id":3999,"date":"2025-06-17T21:11:10","date_gmt":"2025-06-17T14:11:10","guid":{"rendered":"https:\/\/omanivietnam.com\/?post_type=product&#038;p=3999"},"modified":"2025-06-17T21:11:10","modified_gmt":"2025-06-17T14:11:10","slug":"sick-wl250-2n1131","status":"publish","type":"product","link":"https:\/\/omanivietnam.com\/index.php\/san-pham\/sick-wl250-2n1131\/","title":{"rendered":"SICK WL250-2N1131"},"content":{"rendered":"<p>SICK WL250-2N1131<\/p>\n<p>SICK P250<\/p>\n<p><span class=\"TieuDeSanPhamEditor\">Th\u00f4ng s\u00f4\u0301 k\u1ef9 thu\u00e2\u0323t c\u1ee7a C\u1ea3m bi\u1ebfn quang nh\u1ecf g\u1ecdn cho \u1ee9ng d\u1ee5ng AC, DC\u00a0SICK\u00a0WL250-2N1131<\/span><\/p>\n<table border=\"1\">\n<tbody>\n<tr>\n<td><span style=\"font-family: Arial, Times New Roman, Bitstream Charter, Times, serif\"><span style=\"font-size: 15px\">Lo\u1ea1i<\/span><\/span><\/td>\n<td><span style=\"font-family: Arial, Times New Roman, Bitstream Charter, Times, serif\"><span style=\"font-size: 15px\">Standard photoelectric sensor (built-in amplifier)<\/span><\/span><\/td>\n<\/tr>\n<tr>\n<td><span style=\"font-family: Arial, Times New Roman, Bitstream Charter, Times, serif\"><span style=\"font-size: 15px\">H\u00ecnh d\u00e1ng<\/span><\/span><\/td>\n<td><span style=\"font-family: Arial, Times New Roman, Bitstream Charter, Times, serif\"><span style=\"font-size: 15px\">Rectangular type<\/span><\/span><\/td>\n<\/tr>\n<tr>\n<td><span style=\"font-family: Arial, Times New Roman, Bitstream Charter, Times, serif\"><span style=\"font-size: 15px\">Ph\u01b0\u01a1ng ph\u00e1p ph\u00e1t hi\u1ec7n<\/span><\/span><\/td>\n<td><span style=\"font-family: Arial, Times New Roman, Bitstream Charter, Times, serif\"><span style=\"font-size: 15px\">Retro-reflective<\/span><\/span><\/td>\n<\/tr>\n<tr>\n<td><span style=\"font-family: Arial, Times New Roman, Bitstream Charter, Times, serif\"><span style=\"font-size: 15px\">Nguy\u00ean l\u00fd ph\u00e1t hi\u1ec7n<\/span><\/span><\/td>\n<td><span style=\"font-family: Arial, Times New Roman, Bitstream Charter, Times, serif\"><span style=\"font-size: 15px\">With minimum distance to reflector<\/span><\/span><\/td>\n<\/tr>\n<tr>\n<td><span style=\"font-family: Arial, Times New Roman, Bitstream Charter, Times, serif\"><span style=\"font-size: 15px\">Kho\u1ea3ng c\u00e1ch ph\u00e1t hi\u1ec7n<\/span><\/span><\/td>\n<td><span style=\"font-family: Arial, Times New Roman, Bitstream Charter, Times, serif\"><span style=\"font-size: 15px\">0.01&#8230;12m<\/span><\/span><\/td>\n<\/tr>\n<tr>\n<td><span style=\"font-family: Arial, Times New Roman, Bitstream Charter, Times, serif\"><span style=\"font-size: 15px\">Ngu\u1ed3n s\u00e1ng<\/span><\/span><\/td>\n<td><span style=\"font-family: Arial, Times New Roman, Bitstream Charter, Times, serif\"><span style=\"font-size: 15px\">Red LED<\/span><\/span><\/td>\n<\/tr>\n<tr>\n<td><span style=\"font-family: Arial, Times New Roman, Bitstream Charter, Times, serif\"><span style=\"font-size: 15px\">Ngu\u1ed3n c\u1ea5p<\/span><\/span><\/td>\n<td><span style=\"font-family: Arial, Times New Roman, Bitstream Charter, Times, serif\"><span style=\"font-size: 15px\">10&#8230;30VDC<\/span><\/span><\/td>\n<\/tr>\n<tr>\n<td><span style=\"font-family: Arial, Times New Roman, Bitstream Charter, Times, serif\"><span style=\"font-size: 15px\">C\u00f4ng su\u1ea5t\/d\u00f2ng \u0111i\u1ec7n ti\u00eau th\u1ee5 t\u1ed1i \u0111a<\/span><\/span><\/td>\n<td><span style=\"font-family: Arial, Times New Roman, Bitstream Charter, Times, serif\"><span style=\"font-size: 15px\">20mA<\/span><\/span><\/td>\n<\/tr>\n<tr>\n<td><span style=\"font-family: Arial, Times New Roman, Bitstream Charter, Times, serif\"><span style=\"font-size: 15px\">C\u00f4ng su\u1ea5t ng\u00f5 ra\/t\u1ea3i t\u1ed1i \u0111a<\/span><\/span><\/td>\n<td><span style=\"font-family: Arial, Times New Roman, Bitstream Charter, Times, serif\"><span style=\"font-size: 15px\">100mA<\/span><\/span><\/td>\n<\/tr>\n<tr>\n<td><span style=\"font-family: Arial, Times New Roman, Bitstream Charter, Times, serif\"><span style=\"font-size: 15px\">Lo\u1ea1i \u0111\u1ea7u ra<\/span><\/span><\/td>\n<td><span style=\"font-family: Arial, Times New Roman, Bitstream Charter, Times, serif\"><span style=\"font-size: 15px\">NPN<\/span><\/span><\/td>\n<\/tr>\n<tr>\n<td><span style=\"font-family: Arial, Times New Roman, Bitstream Charter, Times, serif\"><span style=\"font-size: 15px\">Ch\u1ebf \u0111\u1ed9 ho\u1ea1t \u0111\u1ed9ng<\/span><\/span><\/td>\n<td><span style=\"font-family: Arial, Times New Roman, Bitstream Charter, Times, serif\"><span style=\"font-size: 15px\">Light ON, Dark ON<\/span><\/span><\/td>\n<\/tr>\n<tr>\n<td><span style=\"font-family: Arial, Times New Roman, Bitstream Charter, Times, serif\"><span style=\"font-size: 15px\">C\u00e0i \u0111\u1eb7t \u0111\u1ed9 nh\u1ea1y<\/span><\/span><\/td>\n<td><span style=\"font-family: Arial, Times New Roman, Bitstream Charter, Times, serif\"><span style=\"font-size: 15px\">Adjuster<\/span><\/span><\/td>\n<\/tr>\n<tr>\n<td><span style=\"font-family: Arial, Times New Roman, Bitstream Charter, Times, serif\"><span style=\"font-size: 15px\">Th\u1eddi gian \u0111\u00e1p \u1ee9ng<\/span><\/span><\/td>\n<td><span style=\"font-family: Arial, Times New Roman, Bitstream Charter, Times, serif\"><span style=\"font-size: 15px\">0.5ms<\/span><\/span><\/td>\n<\/tr>\n<tr>\n<td><span style=\"font-family: Arial, Times New Roman, Bitstream Charter, Times, serif\"><span style=\"font-size: 15px\">Ki\u1ec3u hi\u1ec3n th\u1ecb<\/span><\/span><\/td>\n<td><span style=\"font-family: Arial, Times New Roman, Bitstream Charter, Times, serif\"><span style=\"font-size: 15px\">LED indicator<\/span><\/span><\/td>\n<\/tr>\n<tr>\n<td><span style=\"font-family: Arial, Times New Roman, Bitstream Charter, Times, serif\"><span style=\"font-size: 15px\">M\u1ea1ch b\u1ea3o v\u1ec7<\/span><\/span><\/td>\n<td><span style=\"font-family: Arial, Times New Roman, Bitstream Charter, Times, serif\"><span style=\"font-size: 15px\">Output reverse polarity protection, Output short-circuit over-current protection, Output short-circuit protection, Reverse polarity protected<\/span><\/span><\/td>\n<\/tr>\n<tr>\n<td><span style=\"font-family: Arial, Times New Roman, Bitstream Charter, Times, serif\"><span style=\"font-size: 15px\">Truy\u1ec1n th\u00f4ng<\/span><\/span><\/td>\n<td><span style=\"font-family: Arial, Times New Roman, Bitstream Charter, Times, serif\"><span style=\"font-size: 15px\">No<\/span><\/span><\/td>\n<\/tr>\n<tr>\n<td><span style=\"font-family: Arial, Times New Roman, Bitstream Charter, Times, serif\"><span style=\"font-size: 15px\">V\u1eadt li\u1ec7u v\u1ecf<\/span><\/span><\/td>\n<td><span style=\"font-family: Arial, Times New Roman, Bitstream Charter, Times, serif\"><span style=\"font-size: 15px\">ABS (Acrylonitril Butadiene Styrene)<\/span><\/span><\/td>\n<\/tr>\n<tr>\n<td><span style=\"font-family: Arial, Times New Roman, Bitstream Charter, Times, serif\"><span style=\"font-size: 15px\">Ph\u01b0\u01a1ng ph\u00e1p l\u1eafp \u0111\u1eb7t<\/span><\/span><\/td>\n<td><span style=\"font-family: Arial, Times New Roman, Bitstream Charter, Times, serif\"><span style=\"font-size: 15px\">Bracket mounting<\/span><\/span><\/td>\n<\/tr>\n<tr>\n<td><span style=\"font-family: Arial, Times New Roman, Bitstream Charter, Times, serif\"><span style=\"font-size: 15px\">Ph\u01b0\u01a1ng ph\u00e1p k\u1ebft n\u1ed1i<\/span><\/span><\/td>\n<td><span style=\"font-family: Arial, Times New Roman, Bitstream Charter, Times, serif\"><span style=\"font-size: 15px\">Pre-wired<\/span><\/span><\/td>\n<\/tr>\n<tr>\n<td><span style=\"font-family: Arial, Times New Roman, Bitstream Charter, Times, serif\"><span style=\"font-size: 15px\">S\u1ed1 d\u00e2y<\/span><\/span><\/td>\n<td><span style=\"font-family: Arial, Times New Roman, Bitstream Charter, Times, serif\"><span style=\"font-size: 15px\">4-wire<\/span><\/span><\/td>\n<\/tr>\n<tr>\n<td><span style=\"font-family: Arial, Times New Roman, Bitstream Charter, Times, serif\"><span style=\"font-size: 15px\">Chi\u1ec1u d\u00e0i c\u00e1p<\/span><\/span><\/td>\n<td><span style=\"font-family: Arial, Times New Roman, Bitstream Charter, Times, serif\"><span style=\"font-size: 15px\">2m<\/span><\/span><\/td>\n<\/tr>\n<tr>\n<td><span style=\"font-family: Arial, Times New Roman, Bitstream Charter, Times, serif\"><span style=\"font-size: 15px\">M\u00f4i tr\u01b0\u1eddng ho\u1ea1t \u0111\u1ed9ng<\/span><\/span><\/td>\n<td><span style=\"font-family: Arial, Times New Roman, Bitstream Charter, Times, serif\"><span style=\"font-size: 15px\">Standard<\/span><\/span><\/td>\n<\/tr>\n<tr>\n<td><span style=\"font-family: Arial, Times New Roman, Bitstream Charter, Times, serif\"><span style=\"font-size: 15px\">Nhi\u1ec7t \u0111\u1ed9 m\u00f4i tr\u01b0\u1eddng<\/span><\/span><\/td>\n<td><span style=\"font-family: Arial, Times New Roman, Bitstream Charter, Times, serif\"><span style=\"font-size: 15px\">-25&#8230;55\u00b0C<\/span><\/span><\/td>\n<\/tr>\n<tr>\n<td><span style=\"font-family: Arial, Times New Roman, Bitstream Charter, Times, serif\"><span style=\"font-size: 15px\">Kh\u1ed1i l\u01b0\u1ee3ng t\u01b0\u01a1ng \u0111\u1ed1i<\/span><\/span><\/td>\n<td><span style=\"font-family: Arial, Times New Roman, Bitstream Charter, Times, serif\"><span style=\"font-size: 15px\">150g<\/span><\/span><\/td>\n<\/tr>\n<tr>\n<td><span style=\"font-family: Arial, Times New Roman, Bitstream Charter, Times, serif\"><span style=\"font-size: 15px\">Chi\u1ec1u r\u1ed9ng t\u1ed5ng th\u1ec3<\/span><\/span><\/td>\n<td><span style=\"font-family: Arial, Times New Roman, Bitstream Charter, Times, serif\"><span style=\"font-size: 15px\">20mm<\/span><\/span><\/td>\n<\/tr>\n<tr>\n<td><span style=\"font-family: Arial, Times New Roman, Bitstream Charter, Times, serif\"><span style=\"font-size: 15px\">Chi\u1ec1u cao t\u1ed5ng th\u1ec3<\/span><\/span><\/td>\n<td><span style=\"font-family: Arial, Times New Roman, Bitstream Charter, Times, serif\"><span style=\"font-size: 15px\">65mm<\/span><\/span><\/td>\n<\/tr>\n<tr>\n<td><span style=\"font-family: Arial, Times New Roman, Bitstream Charter, Times, serif\"><span style=\"font-size: 15px\">Chi\u1ec1u s\u00e2u t\u1ed5ng th\u1ec3<\/span><\/span><\/td>\n<td><span style=\"font-family: Arial, Times New Roman, Bitstream Charter, Times, serif\"><span style=\"font-size: 15px\">43.9mm<\/span><\/span><\/td>\n<\/tr>\n<tr>\n<td><span style=\"font-family: Arial, Times New Roman, Bitstream Charter, Times, serif\"><span style=\"font-size: 15px\">C\u1ea5p b\u1ea3o v\u1ec7<\/span><\/span><\/td>\n<td><span style=\"font-family: Arial, Times New Roman, Bitstream Charter, Times, serif\"><span style=\"font-size: 15px\">IP67<\/span><\/span><\/td>\n<\/tr>\n<tr>\n<td><span style=\"font-family: Arial, Times New Roman, Bitstream Charter, Times, serif\"><span style=\"font-size: 15px\">Ti\u00eau chu\u1ea9n<\/span><\/span><\/td>\n<td><span style=\"font-family: Arial, Times New Roman, Bitstream Charter, Times, serif\"><span style=\"font-size: 15px\">CE, UL, US<\/span><\/span><\/td>\n<\/tr>\n<tr>\n<td><span style=\"font-family: Arial, Times New Roman, Bitstream Charter, Times, serif\"><span style=\"font-size: 15px\">Ph\u1ee5 ki\u1ec7n \u0111i k\u00e8m<\/span><\/span><\/td>\n<td><span style=\"font-family: Arial, Times New Roman, Bitstream Charter, Times, serif\"><span style=\"font-size: 15px\">Reflector: P250, Bracket: BEF-W250<\/span><\/span><\/td>\n<\/tr>\n<tr>\n<td><span style=\"font-family: Arial, Times New Roman, Bitstream Charter, Times, serif\"><span style=\"font-size: 15px\">Ph\u1ee5 ki\u1ec7n mua r\u1eddi<\/span><\/span><\/td>\n<td><span style=\"font-family: Arial, Times New Roman, Bitstream Charter, Times, serif\"><span style=\"font-size: 15px\">Conector: STE-1204-G, Conector: STE-1204-GQU6, Connector: STE-1204-G, Connector: STE-1204-GQU8, Connector: STE-1204-GQU-8, Connector: YM12U14-2550K4051A<\/span><\/span><\/td>\n<\/tr>\n<\/tbody>\n<\/table>\n","protected":false},"excerpt":{"rendered":"<p>SICK WL250-2N1131 SICK P250 Th\u00f4ng s\u00f4\u0301 k\u1ef9 thu\u00e2\u0323t c\u1ee7a C\u1ea3m bi\u1ebfn quang nh\u1ecf g\u1ecdn cho \u1ee9ng d\u1ee5ng AC, DC\u00a0SICK\u00a0WL250-2N1131 Lo\u1ea1i Standard photoelectric sensor (built-in amplifier) H\u00ecnh d\u00e1ng Rectangular type Ph\u01b0\u01a1ng ph\u00e1p ph\u00e1t hi\u1ec7n Retro-reflective Nguy\u00ean l\u00fd ph\u00e1t hi\u1ec7n With minimum distance to reflector Kho\u1ea3ng c\u00e1ch ph\u00e1t hi\u1ec7n 0.01&#8230;12m Ngu\u1ed3n s\u00e1ng&hellip; <\/p>\n","protected":false},"featured_media":4000,"comment_status":"open","ping_status":"closed","template":"","meta":[],"product_cat":[297],"product_tag":[88,89,90],"class_list":{"0":"post-3999","1":"product","2":"type-product","3":"status-publish","4":"has-post-thumbnail","6":"product_cat-sick","7":"product_tag-cam-bien","8":"product_tag-dai-ly-sick-viet-nam","9":"product_tag-sick-viet-nam","11":"first","12":"instock","13":"shipping-taxable","14":"product-type-simple"},"yoast_head":"<!-- This site is optimized with the Yoast SEO plugin v22.8 - https:\/\/yoast.com\/wordpress\/plugins\/seo\/ -->\n<title>SICK WL250-2N1131 - OMANI VI\u1ec6T NAM<\/title>\n<meta name=\"description\" content=\"SICK WL250-2N1131 Photoelectric Sensor\" \/>\n<meta name=\"robots\" content=\"index, follow, max-snippet:-1, max-image-preview:large, max-video-preview:-1\" \/>\n<link rel=\"canonical\" href=\"https:\/\/omanivietnam.com\/index.php\/san-pham\/sick-wl250-2n1131\/\" \/>\n<meta property=\"og:locale\" content=\"vi_VN\" \/>\n<meta property=\"og:type\" content=\"article\" \/>\n<meta property=\"og:title\" content=\"SICK WL250-2N1131 - OMANI VI\u1ec6T NAM\" \/>\n<meta property=\"og:description\" content=\"SICK WL250-2N1131 Photoelectric Sensor\" \/>\n<meta property=\"og:url\" content=\"https:\/\/omanivietnam.com\/index.php\/san-pham\/sick-wl250-2n1131\/\" \/>\n<meta property=\"og:site_name\" content=\"OMANI VI\u1ec6T NAM\" \/>\n<meta property=\"og:image\" content=\"https:\/\/omanivietnam.com\/wp-content\/uploads\/2025\/06\/WL250-2N1131.png\" \/>\n\t<meta property=\"og:image:width\" content=\"621\" \/>\n\t<meta property=\"og:image:height\" content=\"618\" \/>\n\t<meta property=\"og:image:type\" content=\"image\/png\" \/>\n<meta name=\"twitter:card\" content=\"summary_large_image\" \/>\n<meta name=\"twitter:label1\" content=\"\u01af\u1edbc t\u00ednh th\u1eddi gian \u0111\u1ecdc\" \/>\n\t<meta name=\"twitter:data1\" content=\"2 ph\u00fat\" \/>\n<script type=\"application\/ld+json\" class=\"yoast-schema-graph\">{\"@context\":\"https:\/\/schema.org\",\"@graph\":[{\"@type\":\"WebPage\",\"@id\":\"https:\/\/omanivietnam.com\/index.php\/san-pham\/sick-wl250-2n1131\/\",\"url\":\"https:\/\/omanivietnam.com\/index.php\/san-pham\/sick-wl250-2n1131\/\",\"name\":\"SICK WL250-2N1131 - OMANI VI\u1ec6T NAM\",\"isPartOf\":{\"@id\":\"https:\/\/omanivietnam.com\/#website\"},\"primaryImageOfPage\":{\"@id\":\"https:\/\/omanivietnam.com\/index.php\/san-pham\/sick-wl250-2n1131\/#primaryimage\"},\"image\":{\"@id\":\"https:\/\/omanivietnam.com\/index.php\/san-pham\/sick-wl250-2n1131\/#primaryimage\"},\"thumbnailUrl\":\"https:\/\/omanivietnam.com\/wp-content\/uploads\/2025\/06\/WL250-2N1131.png\",\"datePublished\":\"2025-06-17T14:11:10+00:00\",\"dateModified\":\"2025-06-17T14:11:10+00:00\",\"description\":\"SICK WL250-2N1131 Photoelectric Sensor\",\"breadcrumb\":{\"@id\":\"https:\/\/omanivietnam.com\/index.php\/san-pham\/sick-wl250-2n1131\/#breadcrumb\"},\"inLanguage\":\"vi\",\"potentialAction\":[{\"@type\":\"ReadAction\",\"target\":[\"https:\/\/omanivietnam.com\/index.php\/san-pham\/sick-wl250-2n1131\/\"]}]},{\"@type\":\"ImageObject\",\"inLanguage\":\"vi\",\"@id\":\"https:\/\/omanivietnam.com\/index.php\/san-pham\/sick-wl250-2n1131\/#primaryimage\",\"url\":\"https:\/\/omanivietnam.com\/wp-content\/uploads\/2025\/06\/WL250-2N1131.png\",\"contentUrl\":\"https:\/\/omanivietnam.com\/wp-content\/uploads\/2025\/06\/WL250-2N1131.png\",\"width\":621,\"height\":618},{\"@type\":\"BreadcrumbList\",\"@id\":\"https:\/\/omanivietnam.com\/index.php\/san-pham\/sick-wl250-2n1131\/#breadcrumb\",\"itemListElement\":[{\"@type\":\"ListItem\",\"position\":1,\"name\":\"Home\",\"item\":\"https:\/\/omanivietnam.com\/\"},{\"@type\":\"ListItem\",\"position\":2,\"name\":\"S\u1ea2N PH\u1ea8M\",\"item\":\"https:\/\/omanivietnam.com\/index.php\/cua-hang\/\"},{\"@type\":\"ListItem\",\"position\":3,\"name\":\"SICK WL250-2N1131\"}]},{\"@type\":\"WebSite\",\"@id\":\"https:\/\/omanivietnam.com\/#website\",\"url\":\"https:\/\/omanivietnam.com\/\",\"name\":\"OMANI VI\u1ec6T NAM\",\"description\":\"Nh\u00e0 ph\u00e2n ph\u1ed1i thi\u1ebft b\u1ecb kh\u00ed n\u00e9n v\u00e0 thi\u1ebft b\u1ecb t\u1ef1 \u0111\u1ed9ng h\u00f3a trong c\u00f4ng nghi\u1ec7p\",\"publisher\":{\"@id\":\"https:\/\/omanivietnam.com\/#\/schema\/person\/0ad398a980dc3fd696111c2c5c8fa897\"},\"potentialAction\":[{\"@type\":\"SearchAction\",\"target\":{\"@type\":\"EntryPoint\",\"urlTemplate\":\"https:\/\/omanivietnam.com\/?s={search_term_string}\"},\"query-input\":\"required name=search_term_string\"}],\"inLanguage\":\"vi\"},{\"@type\":[\"Person\",\"Organization\"],\"@id\":\"https:\/\/omanivietnam.com\/#\/schema\/person\/0ad398a980dc3fd696111c2c5c8fa897\",\"name\":\"Nguy\u1ec5n V\u0103n Kh\u00e1nh\",\"image\":{\"@type\":\"ImageObject\",\"inLanguage\":\"vi\",\"@id\":\"https:\/\/omanivietnam.com\/#\/schema\/person\/image\/\",\"url\":\"https:\/\/omanivietnam.com\/wp-content\/uploads\/2024\/06\/logo-1024x1024.png\",\"contentUrl\":\"https:\/\/omanivietnam.com\/wp-content\/uploads\/2024\/06\/logo-1024x1024.png\",\"width\":1024,\"height\":1024,\"caption\":\"Nguy\u1ec5n V\u0103n Kh\u00e1nh\"},\"logo\":{\"@id\":\"https:\/\/omanivietnam.com\/#\/schema\/person\/image\/\"},\"sameAs\":[\"https:\/\/omanivietnam.com\"]}]}<\/script>\n<!-- \/ Yoast SEO plugin. -->","yoast_head_json":{"title":"SICK WL250-2N1131 - OMANI VI\u1ec6T NAM","description":"SICK WL250-2N1131 Photoelectric Sensor","robots":{"index":"index","follow":"follow","max-snippet":"max-snippet:-1","max-image-preview":"max-image-preview:large","max-video-preview":"max-video-preview:-1"},"canonical":"https:\/\/omanivietnam.com\/index.php\/san-pham\/sick-wl250-2n1131\/","og_locale":"vi_VN","og_type":"article","og_title":"SICK WL250-2N1131 - OMANI VI\u1ec6T NAM","og_description":"SICK WL250-2N1131 Photoelectric Sensor","og_url":"https:\/\/omanivietnam.com\/index.php\/san-pham\/sick-wl250-2n1131\/","og_site_name":"OMANI VI\u1ec6T NAM","og_image":[{"width":621,"height":618,"url":"https:\/\/omanivietnam.com\/wp-content\/uploads\/2025\/06\/WL250-2N1131.png","type":"image\/png"}],"twitter_card":"summary_large_image","twitter_misc":{"\u01af\u1edbc t\u00ednh th\u1eddi gian \u0111\u1ecdc":"2 ph\u00fat"},"schema":{"@context":"https:\/\/schema.org","@graph":[{"@type":"WebPage","@id":"https:\/\/omanivietnam.com\/index.php\/san-pham\/sick-wl250-2n1131\/","url":"https:\/\/omanivietnam.com\/index.php\/san-pham\/sick-wl250-2n1131\/","name":"SICK WL250-2N1131 - OMANI VI\u1ec6T NAM","isPartOf":{"@id":"https:\/\/omanivietnam.com\/#website"},"primaryImageOfPage":{"@id":"https:\/\/omanivietnam.com\/index.php\/san-pham\/sick-wl250-2n1131\/#primaryimage"},"image":{"@id":"https:\/\/omanivietnam.com\/index.php\/san-pham\/sick-wl250-2n1131\/#primaryimage"},"thumbnailUrl":"https:\/\/omanivietnam.com\/wp-content\/uploads\/2025\/06\/WL250-2N1131.png","datePublished":"2025-06-17T14:11:10+00:00","dateModified":"2025-06-17T14:11:10+00:00","description":"SICK WL250-2N1131 Photoelectric Sensor","breadcrumb":{"@id":"https:\/\/omanivietnam.com\/index.php\/san-pham\/sick-wl250-2n1131\/#breadcrumb"},"inLanguage":"vi","potentialAction":[{"@type":"ReadAction","target":["https:\/\/omanivietnam.com\/index.php\/san-pham\/sick-wl250-2n1131\/"]}]},{"@type":"ImageObject","inLanguage":"vi","@id":"https:\/\/omanivietnam.com\/index.php\/san-pham\/sick-wl250-2n1131\/#primaryimage","url":"https:\/\/omanivietnam.com\/wp-content\/uploads\/2025\/06\/WL250-2N1131.png","contentUrl":"https:\/\/omanivietnam.com\/wp-content\/uploads\/2025\/06\/WL250-2N1131.png","width":621,"height":618},{"@type":"BreadcrumbList","@id":"https:\/\/omanivietnam.com\/index.php\/san-pham\/sick-wl250-2n1131\/#breadcrumb","itemListElement":[{"@type":"ListItem","position":1,"name":"Home","item":"https:\/\/omanivietnam.com\/"},{"@type":"ListItem","position":2,"name":"S\u1ea2N PH\u1ea8M","item":"https:\/\/omanivietnam.com\/index.php\/cua-hang\/"},{"@type":"ListItem","position":3,"name":"SICK WL250-2N1131"}]},{"@type":"WebSite","@id":"https:\/\/omanivietnam.com\/#website","url":"https:\/\/omanivietnam.com\/","name":"OMANI VI\u1ec6T NAM","description":"Nh\u00e0 ph\u00e2n ph\u1ed1i thi\u1ebft b\u1ecb kh\u00ed n\u00e9n v\u00e0 thi\u1ebft b\u1ecb t\u1ef1 \u0111\u1ed9ng h\u00f3a trong c\u00f4ng nghi\u1ec7p","publisher":{"@id":"https:\/\/omanivietnam.com\/#\/schema\/person\/0ad398a980dc3fd696111c2c5c8fa897"},"potentialAction":[{"@type":"SearchAction","target":{"@type":"EntryPoint","urlTemplate":"https:\/\/omanivietnam.com\/?s={search_term_string}"},"query-input":"required name=search_term_string"}],"inLanguage":"vi"},{"@type":["Person","Organization"],"@id":"https:\/\/omanivietnam.com\/#\/schema\/person\/0ad398a980dc3fd696111c2c5c8fa897","name":"Nguy\u1ec5n V\u0103n Kh\u00e1nh","image":{"@type":"ImageObject","inLanguage":"vi","@id":"https:\/\/omanivietnam.com\/#\/schema\/person\/image\/","url":"https:\/\/omanivietnam.com\/wp-content\/uploads\/2024\/06\/logo-1024x1024.png","contentUrl":"https:\/\/omanivietnam.com\/wp-content\/uploads\/2024\/06\/logo-1024x1024.png","width":1024,"height":1024,"caption":"Nguy\u1ec5n V\u0103n Kh\u00e1nh"},"logo":{"@id":"https:\/\/omanivietnam.com\/#\/schema\/person\/image\/"},"sameAs":["https:\/\/omanivietnam.com"]}]}},"_links":{"self":[{"href":"https:\/\/omanivietnam.com\/index.php\/wp-json\/wp\/v2\/product\/3999","targetHints":{"allow":["GET"]}}],"collection":[{"href":"https:\/\/omanivietnam.com\/index.php\/wp-json\/wp\/v2\/product"}],"about":[{"href":"https:\/\/omanivietnam.com\/index.php\/wp-json\/wp\/v2\/types\/product"}],"replies":[{"embeddable":true,"href":"https:\/\/omanivietnam.com\/index.php\/wp-json\/wp\/v2\/comments?post=3999"}],"wp:featuredmedia":[{"embeddable":true,"href":"https:\/\/omanivietnam.com\/index.php\/wp-json\/wp\/v2\/media\/4000"}],"wp:attachment":[{"href":"https:\/\/omanivietnam.com\/index.php\/wp-json\/wp\/v2\/media?parent=3999"}],"wp:term":[{"taxonomy":"product_cat","embeddable":true,"href":"https:\/\/omanivietnam.com\/index.php\/wp-json\/wp\/v2\/product_cat?post=3999"},{"taxonomy":"product_tag","embeddable":true,"href":"https:\/\/omanivietnam.com\/index.php\/wp-json\/wp\/v2\/product_tag?post=3999"}],"curies":[{"name":"wp","href":"https:\/\/api.w.org\/{rel}","templated":true}]}}