{"id":4006,"date":"2025-06-18T21:07:31","date_gmt":"2025-06-18T14:07:31","guid":{"rendered":"https:\/\/omanivietnam.com\/?post_type=product&#038;p=4006"},"modified":"2025-06-18T21:09:20","modified_gmt":"2025-06-18T14:09:20","slug":"sumtaklf-60b-s89c-600-p-r","status":"publish","type":"product","link":"https:\/\/omanivietnam.com\/index.php\/san-pham\/sumtaklf-60b-s89c-600-p-r\/","title":{"rendered":"SUMTAK\tLF-60B-S89C 600 P\/R"},"content":{"rendered":"<p>SUMTAK LF-60B-S89C 600 P\/R<\/p>\n<p>SUMTAK LF-60B-S90A 600 P\/R<\/p>\n<p>HEIDENHAIN ROD 630 600 28S08-HY ID 684671-4V SN 76377446<\/p>\n<p>Heavy Duty Type:<\/p>\n<p>\u2022 Reinforced input shaft.<\/p>\n<p>\u2022 Shaft Dia: 15mm<\/p>\n<p>\u2022 Slew speed: 6000r\/min.<\/p>\n<p>\u2022 Drip-proof construction.<\/p>\n<p>\u2022 High speed response.<\/p>\n<p>Product Specifications<\/p>\n<p>Supply Voltage:<\/p>\n<p>DC 5V<\/p>\n<p>DC 12V<\/p>\n<p>DC 15V<\/p>\n<p>Output:<\/p>\n<p>Volt. Line Driver (SN75113)<\/p>\n<p>Open collector<\/p>\n<p>Complementary<\/p>\n<p>Freq.Response:100KHz<\/p>\n<p>No. of Output Pulse:<\/p>\n<p>20 ,25 ,30 ,40 ,50 ,60 ,90 ,100, 120 ,125 ,150 ,200 ,240 ,250 ,256 ,300 ,320 ,360 ,400 ,500 ,512 ,600 ,720 ,800 ,900,<br \/>\n1000 ,1024 ,1200 ,1250 ,1500 ,1600 ,1800 ,2000 ,2048 ,2400 ,2500 ,3000 ,3125 ,3600 ,4000, 4096 ,5000<\/p>\n<p>M\u1ed9t s\u1ed1 d\u00f2ng c\u1ea3m bi\u1ebfn Sumtak:<\/p>\n<table border=\"0\" cellspacing=\"0\" cellpadding=\"0\">\n<colgroup>\n<col width=\"160\" \/><\/colgroup>\n<tbody>\n<tr>\n<td class=\"xl65\" width=\"160\" height=\"19\">LF-10.24BM-S125A<\/td>\n<\/tr>\n<tr>\n<td class=\"xl66\" height=\"19\">LF-100B-C05D<\/td>\n<\/tr>\n<tr>\n<td class=\"xl65\" height=\"19\">LF-100BM-C05D<\/td>\n<\/tr>\n<tr>\n<td class=\"xl65\" height=\"19\">LF-100BM-C50D<\/td>\n<\/tr>\n<tr>\n<td class=\"xl65\" height=\"19\">LF-100BM-H12<\/td>\n<\/tr>\n<tr>\n<td class=\"xl65\" height=\"19\">LF-102.4B-689H<\/td>\n<\/tr>\n<tr>\n<td class=\"xl65\" height=\"19\">LF-102.4BN-C05D<\/td>\n<\/tr>\n<tr>\n<td class=\"xl65\" height=\"19\">LF-1024<\/td>\n<\/tr>\n<tr>\n<td class=\"xl66\" height=\"19\">LF-1024BM-C05D<\/td>\n<\/tr>\n<tr>\n<td class=\"xl65\" height=\"19\">LF-1024BM-C15F<\/td>\n<\/tr>\n<tr>\n<td class=\"xl66\" height=\"19\">LF-1024BM-G15M<\/td>\n<\/tr>\n<tr>\n<td class=\"xl65\" height=\"19\">LF-1024BM-S125A<\/td>\n<\/tr>\n<tr>\n<td class=\"xl65\" height=\"19\">LF-120B-S106A<\/td>\n<\/tr>\n<tr>\n<td class=\"xl65\" height=\"19\">LF-120B-S89A<\/td>\n<\/tr>\n<tr>\n<td class=\"xl65\" height=\"19\">LF-120B-S90A<\/td>\n<\/tr>\n<tr>\n<td class=\"xl65\" height=\"19\">LF-200BM-C50D<\/td>\n<\/tr>\n<tr>\n<td class=\"xl66\" height=\"19\">LF-2048BM-C05D<\/td>\n<\/tr>\n<tr>\n<td class=\"xl65\" height=\"19\">LF-250BM-C05D<\/td>\n<\/tr>\n<tr>\n<td class=\"xl65\" height=\"19\">LF-300BM-C05D<\/td>\n<\/tr>\n<tr>\n<td class=\"xl66\" height=\"19\">LF-300BM-C12E<\/td>\n<\/tr>\n<tr>\n<td class=\"xl65\" height=\"19\">LF-300BM-C12EA<\/td>\n<\/tr>\n<tr>\n<td class=\"xl65\" height=\"19\">LF-409.6BM-S156A<\/td>\n<\/tr>\n<tr>\n<td class=\"xl65\" height=\"19\">LF-50B-H15FA<\/td>\n<\/tr>\n<tr>\n<td class=\"xl65\" height=\"19\">LF-50BM-H12F<\/td>\n<\/tr>\n<tr>\n<td class=\"xl65\" height=\"19\">LF-60BM-C05D<\/td>\n<\/tr>\n<tr>\n<td class=\"xl65\" height=\"19\">LF-60BM-C12CA<\/td>\n<\/tr>\n<tr>\n<td class=\"xl65\" height=\"19\">LF-60BM-C12E<\/td>\n<\/tr>\n<tr>\n<td class=\"xl65\" height=\"19\">LF-60BM-C15F<\/td>\n<\/tr>\n<tr>\n<td class=\"xl65\" height=\"19\">LF-60B-S89<\/td>\n<\/tr>\n<tr>\n<td class=\"xl66\" height=\"19\">LF-60B-S89A<\/td>\n<\/tr>\n<tr>\n<td class=\"xl65\" height=\"19\">LF-6BM-C12CA<\/td>\n<\/tr>\n<tr>\n<td class=\"xl65\" height=\"19\">LF-90B-S89<\/td>\n<\/tr>\n<tr>\n<td class=\"xl66\" height=\"19\">LF-90B-S89A<\/td>\n<\/tr>\n<tr>\n<td class=\"xl65\" height=\"19\">LF-90B-S90A<\/td>\n<\/tr>\n<\/tbody>\n<\/table>\n","protected":false},"excerpt":{"rendered":"<p>SUMTAK LF-60B-S89C 600 P\/R SUMTAK LF-60B-S90A 600 P\/R HEIDENHAIN ROD 630 600 28S08-HY ID 684671-4V SN 76377446 Heavy Duty Type: \u2022 Reinforced input shaft. \u2022 Shaft Dia: 15mm \u2022 Slew speed: 6000r\/min. \u2022 Drip-proof construction. \u2022 High speed response. Product Specifications Supply Voltage: DC 5V DC 12V DC 15V Output:&hellip; <\/p>\n","protected":false},"featured_media":4007,"comment_status":"open","ping_status":"closed","template":"","meta":[],"product_cat":[415],"product_tag":[174,417,416],"class_list":{"0":"post-4006","1":"product","2":"type-product","3":"status-publish","4":"has-post-thumbnail","6":"product_cat-sumtak","7":"product_tag-bo-ma-hoa","8":"product_tag-dai-ly-sumtak-viet-nam","9":"product_tag-sumtak-viet-nam","11":"first","12":"instock","13":"shipping-taxable","14":"product-type-simple"},"yoast_head":"<!-- This site is optimized with the Yoast SEO plugin v22.8 - https:\/\/yoast.com\/wordpress\/plugins\/seo\/ -->\n<title>SUMTAK LF-60B-S89C 600 P\/R - OMANI VI\u1ec6T NAM<\/title>\n<meta name=\"description\" content=\"SUMTAK LF-60B-S89C 600 P\/R Encoder\" \/>\n<meta name=\"robots\" content=\"index, follow, max-snippet:-1, max-image-preview:large, max-video-preview:-1\" \/>\n<link rel=\"canonical\" href=\"https:\/\/omanivietnam.com\/index.php\/san-pham\/sumtaklf-60b-s89c-600-p-r\/\" \/>\n<meta property=\"og:locale\" content=\"vi_VN\" \/>\n<meta property=\"og:type\" content=\"article\" \/>\n<meta property=\"og:title\" content=\"SUMTAK LF-60B-S89C 600 P\/R - OMANI VI\u1ec6T NAM\" \/>\n<meta property=\"og:description\" content=\"SUMTAK LF-60B-S89C 600 P\/R Encoder\" \/>\n<meta property=\"og:url\" content=\"https:\/\/omanivietnam.com\/index.php\/san-pham\/sumtaklf-60b-s89c-600-p-r\/\" \/>\n<meta property=\"og:site_name\" content=\"OMANI VI\u1ec6T NAM\" \/>\n<meta property=\"article:modified_time\" content=\"2025-06-18T14:09:20+00:00\" \/>\n<meta property=\"og:image\" content=\"https:\/\/omanivietnam.com\/wp-content\/uploads\/2025\/06\/LF-60B-S89C-600-P.R-DC12V.png\" \/>\n\t<meta property=\"og:image:width\" content=\"603\" \/>\n\t<meta property=\"og:image:height\" content=\"488\" \/>\n\t<meta property=\"og:image:type\" content=\"image\/png\" \/>\n<meta name=\"twitter:card\" content=\"summary_large_image\" \/>\n<meta name=\"twitter:label1\" content=\"\u01af\u1edbc t\u00ednh th\u1eddi gian \u0111\u1ecdc\" \/>\n\t<meta name=\"twitter:data1\" content=\"1 ph\u00fat\" \/>\n<script type=\"application\/ld+json\" class=\"yoast-schema-graph\">{\"@context\":\"https:\/\/schema.org\",\"@graph\":[{\"@type\":\"WebPage\",\"@id\":\"https:\/\/omanivietnam.com\/index.php\/san-pham\/sumtaklf-60b-s89c-600-p-r\/\",\"url\":\"https:\/\/omanivietnam.com\/index.php\/san-pham\/sumtaklf-60b-s89c-600-p-r\/\",\"name\":\"SUMTAK LF-60B-S89C 600 P\/R - OMANI VI\u1ec6T NAM\",\"isPartOf\":{\"@id\":\"https:\/\/omanivietnam.com\/#website\"},\"primaryImageOfPage\":{\"@id\":\"https:\/\/omanivietnam.com\/index.php\/san-pham\/sumtaklf-60b-s89c-600-p-r\/#primaryimage\"},\"image\":{\"@id\":\"https:\/\/omanivietnam.com\/index.php\/san-pham\/sumtaklf-60b-s89c-600-p-r\/#primaryimage\"},\"thumbnailUrl\":\"https:\/\/omanivietnam.com\/wp-content\/uploads\/2025\/06\/LF-60B-S89C-600-P.R-DC12V.png\",\"datePublished\":\"2025-06-18T14:07:31+00:00\",\"dateModified\":\"2025-06-18T14:09:20+00:00\",\"description\":\"SUMTAK LF-60B-S89C 600 P\/R Encoder\",\"breadcrumb\":{\"@id\":\"https:\/\/omanivietnam.com\/index.php\/san-pham\/sumtaklf-60b-s89c-600-p-r\/#breadcrumb\"},\"inLanguage\":\"vi\",\"potentialAction\":[{\"@type\":\"ReadAction\",\"target\":[\"https:\/\/omanivietnam.com\/index.php\/san-pham\/sumtaklf-60b-s89c-600-p-r\/\"]}]},{\"@type\":\"ImageObject\",\"inLanguage\":\"vi\",\"@id\":\"https:\/\/omanivietnam.com\/index.php\/san-pham\/sumtaklf-60b-s89c-600-p-r\/#primaryimage\",\"url\":\"https:\/\/omanivietnam.com\/wp-content\/uploads\/2025\/06\/LF-60B-S89C-600-P.R-DC12V.png\",\"contentUrl\":\"https:\/\/omanivietnam.com\/wp-content\/uploads\/2025\/06\/LF-60B-S89C-600-P.R-DC12V.png\",\"width\":603,\"height\":488},{\"@type\":\"BreadcrumbList\",\"@id\":\"https:\/\/omanivietnam.com\/index.php\/san-pham\/sumtaklf-60b-s89c-600-p-r\/#breadcrumb\",\"itemListElement\":[{\"@type\":\"ListItem\",\"position\":1,\"name\":\"Home\",\"item\":\"https:\/\/omanivietnam.com\/\"},{\"@type\":\"ListItem\",\"position\":2,\"name\":\"S\u1ea2N PH\u1ea8M\",\"item\":\"https:\/\/omanivietnam.com\/index.php\/cua-hang\/\"},{\"@type\":\"ListItem\",\"position\":3,\"name\":\"SUMTAK LF-60B-S89C 600 P\/R\"}]},{\"@type\":\"WebSite\",\"@id\":\"https:\/\/omanivietnam.com\/#website\",\"url\":\"https:\/\/omanivietnam.com\/\",\"name\":\"OMANI VI\u1ec6T NAM\",\"description\":\"Nh\u00e0 ph\u00e2n ph\u1ed1i thi\u1ebft b\u1ecb kh\u00ed n\u00e9n v\u00e0 thi\u1ebft b\u1ecb t\u1ef1 \u0111\u1ed9ng h\u00f3a trong c\u00f4ng nghi\u1ec7p\",\"publisher\":{\"@id\":\"https:\/\/omanivietnam.com\/#\/schema\/person\/0ad398a980dc3fd696111c2c5c8fa897\"},\"potentialAction\":[{\"@type\":\"SearchAction\",\"target\":{\"@type\":\"EntryPoint\",\"urlTemplate\":\"https:\/\/omanivietnam.com\/?s={search_term_string}\"},\"query-input\":\"required name=search_term_string\"}],\"inLanguage\":\"vi\"},{\"@type\":[\"Person\",\"Organization\"],\"@id\":\"https:\/\/omanivietnam.com\/#\/schema\/person\/0ad398a980dc3fd696111c2c5c8fa897\",\"name\":\"Nguy\u1ec5n V\u0103n Kh\u00e1nh\",\"image\":{\"@type\":\"ImageObject\",\"inLanguage\":\"vi\",\"@id\":\"https:\/\/omanivietnam.com\/#\/schema\/person\/image\/\",\"url\":\"https:\/\/omanivietnam.com\/wp-content\/uploads\/2024\/06\/logo-1024x1024.png\",\"contentUrl\":\"https:\/\/omanivietnam.com\/wp-content\/uploads\/2024\/06\/logo-1024x1024.png\",\"width\":1024,\"height\":1024,\"caption\":\"Nguy\u1ec5n V\u0103n Kh\u00e1nh\"},\"logo\":{\"@id\":\"https:\/\/omanivietnam.com\/#\/schema\/person\/image\/\"},\"sameAs\":[\"https:\/\/omanivietnam.com\"]}]}<\/script>\n<!-- \/ Yoast SEO plugin. -->","yoast_head_json":{"title":"SUMTAK LF-60B-S89C 600 P\/R - OMANI VI\u1ec6T NAM","description":"SUMTAK LF-60B-S89C 600 P\/R Encoder","robots":{"index":"index","follow":"follow","max-snippet":"max-snippet:-1","max-image-preview":"max-image-preview:large","max-video-preview":"max-video-preview:-1"},"canonical":"https:\/\/omanivietnam.com\/index.php\/san-pham\/sumtaklf-60b-s89c-600-p-r\/","og_locale":"vi_VN","og_type":"article","og_title":"SUMTAK LF-60B-S89C 600 P\/R - OMANI VI\u1ec6T NAM","og_description":"SUMTAK LF-60B-S89C 600 P\/R Encoder","og_url":"https:\/\/omanivietnam.com\/index.php\/san-pham\/sumtaklf-60b-s89c-600-p-r\/","og_site_name":"OMANI VI\u1ec6T NAM","article_modified_time":"2025-06-18T14:09:20+00:00","og_image":[{"width":603,"height":488,"url":"https:\/\/omanivietnam.com\/wp-content\/uploads\/2025\/06\/LF-60B-S89C-600-P.R-DC12V.png","type":"image\/png"}],"twitter_card":"summary_large_image","twitter_misc":{"\u01af\u1edbc t\u00ednh th\u1eddi gian \u0111\u1ecdc":"1 ph\u00fat"},"schema":{"@context":"https:\/\/schema.org","@graph":[{"@type":"WebPage","@id":"https:\/\/omanivietnam.com\/index.php\/san-pham\/sumtaklf-60b-s89c-600-p-r\/","url":"https:\/\/omanivietnam.com\/index.php\/san-pham\/sumtaklf-60b-s89c-600-p-r\/","name":"SUMTAK LF-60B-S89C 600 P\/R - OMANI VI\u1ec6T NAM","isPartOf":{"@id":"https:\/\/omanivietnam.com\/#website"},"primaryImageOfPage":{"@id":"https:\/\/omanivietnam.com\/index.php\/san-pham\/sumtaklf-60b-s89c-600-p-r\/#primaryimage"},"image":{"@id":"https:\/\/omanivietnam.com\/index.php\/san-pham\/sumtaklf-60b-s89c-600-p-r\/#primaryimage"},"thumbnailUrl":"https:\/\/omanivietnam.com\/wp-content\/uploads\/2025\/06\/LF-60B-S89C-600-P.R-DC12V.png","datePublished":"2025-06-18T14:07:31+00:00","dateModified":"2025-06-18T14:09:20+00:00","description":"SUMTAK LF-60B-S89C 600 P\/R Encoder","breadcrumb":{"@id":"https:\/\/omanivietnam.com\/index.php\/san-pham\/sumtaklf-60b-s89c-600-p-r\/#breadcrumb"},"inLanguage":"vi","potentialAction":[{"@type":"ReadAction","target":["https:\/\/omanivietnam.com\/index.php\/san-pham\/sumtaklf-60b-s89c-600-p-r\/"]}]},{"@type":"ImageObject","inLanguage":"vi","@id":"https:\/\/omanivietnam.com\/index.php\/san-pham\/sumtaklf-60b-s89c-600-p-r\/#primaryimage","url":"https:\/\/omanivietnam.com\/wp-content\/uploads\/2025\/06\/LF-60B-S89C-600-P.R-DC12V.png","contentUrl":"https:\/\/omanivietnam.com\/wp-content\/uploads\/2025\/06\/LF-60B-S89C-600-P.R-DC12V.png","width":603,"height":488},{"@type":"BreadcrumbList","@id":"https:\/\/omanivietnam.com\/index.php\/san-pham\/sumtaklf-60b-s89c-600-p-r\/#breadcrumb","itemListElement":[{"@type":"ListItem","position":1,"name":"Home","item":"https:\/\/omanivietnam.com\/"},{"@type":"ListItem","position":2,"name":"S\u1ea2N PH\u1ea8M","item":"https:\/\/omanivietnam.com\/index.php\/cua-hang\/"},{"@type":"ListItem","position":3,"name":"SUMTAK LF-60B-S89C 600 P\/R"}]},{"@type":"WebSite","@id":"https:\/\/omanivietnam.com\/#website","url":"https:\/\/omanivietnam.com\/","name":"OMANI VI\u1ec6T NAM","description":"Nh\u00e0 ph\u00e2n ph\u1ed1i thi\u1ebft b\u1ecb kh\u00ed n\u00e9n v\u00e0 thi\u1ebft b\u1ecb t\u1ef1 \u0111\u1ed9ng h\u00f3a trong c\u00f4ng nghi\u1ec7p","publisher":{"@id":"https:\/\/omanivietnam.com\/#\/schema\/person\/0ad398a980dc3fd696111c2c5c8fa897"},"potentialAction":[{"@type":"SearchAction","target":{"@type":"EntryPoint","urlTemplate":"https:\/\/omanivietnam.com\/?s={search_term_string}"},"query-input":"required name=search_term_string"}],"inLanguage":"vi"},{"@type":["Person","Organization"],"@id":"https:\/\/omanivietnam.com\/#\/schema\/person\/0ad398a980dc3fd696111c2c5c8fa897","name":"Nguy\u1ec5n V\u0103n Kh\u00e1nh","image":{"@type":"ImageObject","inLanguage":"vi","@id":"https:\/\/omanivietnam.com\/#\/schema\/person\/image\/","url":"https:\/\/omanivietnam.com\/wp-content\/uploads\/2024\/06\/logo-1024x1024.png","contentUrl":"https:\/\/omanivietnam.com\/wp-content\/uploads\/2024\/06\/logo-1024x1024.png","width":1024,"height":1024,"caption":"Nguy\u1ec5n V\u0103n Kh\u00e1nh"},"logo":{"@id":"https:\/\/omanivietnam.com\/#\/schema\/person\/image\/"},"sameAs":["https:\/\/omanivietnam.com"]}]}},"_links":{"self":[{"href":"https:\/\/omanivietnam.com\/index.php\/wp-json\/wp\/v2\/product\/4006","targetHints":{"allow":["GET"]}}],"collection":[{"href":"https:\/\/omanivietnam.com\/index.php\/wp-json\/wp\/v2\/product"}],"about":[{"href":"https:\/\/omanivietnam.com\/index.php\/wp-json\/wp\/v2\/types\/product"}],"replies":[{"embeddable":true,"href":"https:\/\/omanivietnam.com\/index.php\/wp-json\/wp\/v2\/comments?post=4006"}],"wp:featuredmedia":[{"embeddable":true,"href":"https:\/\/omanivietnam.com\/index.php\/wp-json\/wp\/v2\/media\/4007"}],"wp:attachment":[{"href":"https:\/\/omanivietnam.com\/index.php\/wp-json\/wp\/v2\/media?parent=4006"}],"wp:term":[{"taxonomy":"product_cat","embeddable":true,"href":"https:\/\/omanivietnam.com\/index.php\/wp-json\/wp\/v2\/product_cat?post=4006"},{"taxonomy":"product_tag","embeddable":true,"href":"https:\/\/omanivietnam.com\/index.php\/wp-json\/wp\/v2\/product_tag?post=4006"}],"curies":[{"name":"wp","href":"https:\/\/api.w.org\/{rel}","templated":true}]}}