{"id":4010,"date":"2025-06-19T22:32:20","date_gmt":"2025-06-19T15:32:20","guid":{"rendered":"https:\/\/omanivietnam.com\/?post_type=product&#038;p=4010"},"modified":"2025-06-19T22:32:20","modified_gmt":"2025-06-19T15:32:20","slug":"keyence-lr-wf10","status":"publish","type":"product","link":"https:\/\/omanivietnam.com\/index.php\/san-pham\/keyence-lr-wf10\/","title":{"rendered":"KEYENCE LR-WF10"},"content":{"rendered":"<p>KEYENCE LR-WF10<\/p>\n<h2 class=\"title-product item_name\">C\u1ea3m bi\u1ebfn quang Keyence LR-WF10<\/h2>\n<h3>1. C\u1ea3m bi\u1ebfn quang LR-WF10:<\/h3>\n<table class=\"specTable-stibo-3282397\">\n<tbody>\n<tr class=\"specTable-row\">\n<td class=\"specTable-clm-0\" colspan=\"4\">M\u1eabu<\/td>\n<td class=\"specTable-clm-4\">LR-WF10<\/td>\n<\/tr>\n<tr class=\"specTable-row\">\n<td class=\"specTable-clm-0\" colspan=\"4\">Lo\u1ea1i<\/td>\n<td class=\"specTable-clm-4\">Lo\u1ea1i s\u1ee3i quang<br \/>\nLo\u1ea1i c\u00e1p 2 m<\/td>\n<\/tr>\n<tr class=\"specTable-row\">\n<td class=\"specTable-clm-0\" colspan=\"4\">Kho\u1ea3ng c\u00e1ch ph\u00e1t hi\u1ec7n \u0111\u01b0\u1ee3c<\/td>\n<td class=\"specTable-clm-4\" rowspan=\"2\">Kho\u1ea3ng c\u00e1ch ph\u00e1t hi\u1ec7n v\u00e0 \u0111\u01b0\u1eddng k\u00ednh v\u1ec7t nh\u1ecf nh\u1ea5t d\u1ef1a tr\u00ean \u0111\u1ea7u c\u00e1p quang \u0111\u01b0\u1ee3c g\u1eafn v\u00e0o<\/td>\n<\/tr>\n<tr class=\"specTable-row\">\n<td class=\"specTable-clm-0\" colspan=\"4\">\u0110\u01b0\u1eddng k\u00ednh \u0111i\u1ec3m t\u1ed1i thi\u1ec3u<\/td>\n<\/tr>\n<tr class=\"specTable-row\">\n<td class=\"specTable-clm-0\" colspan=\"4\">Th\u1eddi gian \u0111\u00e1p \u1ee9ng<\/td>\n<td class=\"specTable-clm-4\">250 \u00b5s, 1 ms, 10 ms, 100 ms, 500 ms<br \/>\nC\u00f3 th\u1ec3 l\u1ef1a ch\u1ecdn<sup>*1<\/sup><sup>*2<\/sup><\/td>\n<\/tr>\n<tr class=\"specTable-row\">\n<td class=\"specTable-clm-0\" colspan=\"4\">Ngu\u1ed3n s\u00e1ng<\/td>\n<td class=\"specTable-clm-4\">\u0110\u00e8n LED m\u00e0u tr\u1eafng<\/td>\n<\/tr>\n<tr class=\"specTable-row\">\n<td class=\"specTable-clm-0\" colspan=\"4\">Ch\u1ee9c n\u0103ng gi\u1ea3m can<br \/>\nnhi\u1ec5u l\u1eabn nhau<\/td>\n<td class=\"specTable-clm-4\">L\u00ean \u0111\u1ebfn 2 thi\u1ebft b\u1ecb khi b\u1ed9 t\u1ea7n s\u1ed1 lu\u00e2n phi\u00ean<\/td>\n<\/tr>\n<tr class=\"specTable-row\">\n<td class=\"specTable-clm-0\" colspan=\"4\">Ch\u1ee9c n\u0103ng h\u1eb9n gi\u1edd<\/td>\n<td class=\"specTable-clm-4\">T\u1eaeT\/B\u1eacT tr\u00ec ho\u00e3n\/T\u1eaeT tr\u00ec ho\u00e3n\/M\u1ed9t xung<\/td>\n<\/tr>\n<tr class=\"specTable-row\">\n<td class=\"specTable-clm-0\" rowspan=\"2\">C\u1ea5p ngu\u1ed3n<\/td>\n<td class=\"specTable-clm-1\" colspan=\"3\">\u0110i\u1ec7n \u00e1p ngu\u1ed3n<br \/>\nc\u1ea5p<\/td>\n<td class=\"specTable-clm-4\">10 \u0111\u1ebfn 30 VDC, bao g\u1ed3m \u0111\u1ed9 g\u1ee3n (P-P) 10%, Class 2 ho\u1eb7c LPS<\/td>\n<\/tr>\n<tr class=\"specTable-row\">\n<td class=\"specTable-clm-1\" colspan=\"3\">D\u00f2ng ti\u00eau th\u1ee5<\/td>\n<td class=\"specTable-clm-4\">50 mA tr\u1edf xu\u1ed1ng (kh\u00f4ng t\u1ea3i) \u1edf 24 VDC;<br \/>\n90 mA tr\u1edf xu\u1ed1ng (kh\u00f4ng t\u1ea3i) \u1edf 12 VDC<sup>*3<\/sup><\/td>\n<\/tr>\n<tr class=\"specTable-row\">\n<td class=\"specTable-clm-0\" rowspan=\"2\">I\/O<\/td>\n<td class=\"specTable-clm-1\" colspan=\"3\">Ng\u00f5 ra \u0111i\u1ec1u<br \/>\nkhi\u1ec3n<\/td>\n<td class=\"specTable-clm-4\">C\u00f3 th\u1ec3 l\u1ef1a ch\u1ecdn NPN c\u1ef1c thu \u0111\u1ec3 h\u1edf\/PNP c\u1ef1c thu \u0111\u1ec3 h\u1edf, 30 VDC tr\u1edf xu\u1ed1ng, 50 mA tr\u1edf xu\u1ed1ng, \u0111i\u1ec7n \u00e1p c\u00f2n l\u1ea1i: 2 V tr\u1edf xu\u1ed1ng,c\u00f3 th\u1ec3 l\u1ef1a ch\u1ecdn Th\u01b0\u1eddng m\u1edf\/Th\u01b0\u1eddng \u0111\u00f3ng<sup>*4<\/sup><\/td>\n<\/tr>\n<tr class=\"specTable-row\">\n<td class=\"specTable-clm-1\" colspan=\"3\">Ng\u00f5 v\u00e0o b\u00ean<br \/>\nngo\u00e0i<\/td>\n<td class=\"specTable-clm-4\">C\u00f3 th\u1ec3 l\u1ef1a ch\u1ecdn \u0111i\u1ec1u ch\u1ec9nh\/ng\u1eebng ph\u00e1t laser, D\u00f2ng \u0111i\u1ec7n \u0111o\u1ea3n m\u1ea1ch: 1 mA tr\u1edf xu\u1ed1ng cho NPN\/2 mA tr\u1edf xu\u1ed1ng cho PNP<br \/>\n\u0110\u1ec3 bi\u1ebft \u0111\u01b0\u1ee3c m\u1ee9c \u0111i\u1ec7n \u00e1p \u00e1p d\u1ee5ng, vui l\u00f2ng tham kh\u1ea3o s\u01a1 \u0111\u1ed3 n\u1ed1i d\u00e2y trong s\u1ed5 tay h\u01b0\u1edbng d\u1eabn. \u0110\u1ec3 bi\u1ebft \u0111\u01b0\u1ee3c s\u1ed1 l\u1ea7n ng\u00f5 v\u00e0o, vui l\u00f2ng tham kh\u1ea3o b\u1ea3n \u0111\u1ed3 th\u1eddi gian trong s\u1ed5 tay h\u01b0\u1edbng d\u1eabn.<sup>*4<\/sup><\/td>\n<\/tr>\n<\/tbody>\n<\/table>\n<h3>2. C\u00e1c m\u00e3 h\u00e0ng t\u01b0\u01a1ng \u0111\u01b0\u01a1ng C\u1ea3m bi\u1ebfn quang LR-WF10:<\/h3>\n<table width=\"107\">\n<tbody>\n<tr>\n<td width=\"107\">LJ-V7001P<\/td>\n<\/tr>\n<tr>\n<td>LJ-V7020<\/td>\n<\/tr>\n<tr>\n<td>LK-F1<\/td>\n<\/tr>\n<tr>\n<td>LK-G3001P<\/td>\n<\/tr>\n<tr>\n<td>LK-G37<\/td>\n<\/tr>\n<tr>\n<td>LK-G400<\/td>\n<\/tr>\n<tr>\n<td>LK-GC2<\/td>\n<\/tr>\n<tr>\n<td>LK-GD500<\/td>\n<\/tr>\n<tr>\n<td>LK-H1W<\/td>\n<\/tr>\n<tr>\n<td>LK-HA100<\/td>\n<\/tr>\n<tr>\n<td>LR-TB2000<\/td>\n<\/tr>\n<tr>\n<td>LR-TB5000<\/td>\n<\/tr>\n<tr>\n<td>LR-TB5000C<\/td>\n<\/tr>\n<tr>\n<td>LR-W70<\/td>\n<\/tr>\n<tr>\n<td>LR-W70C<\/td>\n<\/tr>\n<tr>\n<td>LR-ZB100N<\/td>\n<\/tr>\n<tr>\n<td>LR-ZB250AN<\/td>\n<\/tr>\n<tr>\n<td>LR-ZB250N<\/td>\n<\/tr>\n<tr>\n<td>LV-11SB<\/td>\n<\/tr>\n<tr>\n<td>LV-21A<\/td>\n<\/tr>\n<tr>\n<td>LV-H32<\/td>\n<\/tr>\n<tr>\n<td>LV-H35<\/td>\n<\/tr>\n<tr>\n<td>LV-H35F<\/td>\n<\/tr>\n<tr>\n<td>LV-H37<\/td>\n<\/tr>\n<tr>\n<td>LV-N11N<\/td>\n<\/tr>\n<tr>\n<td>LV-N11P<\/td>\n<\/tr>\n<tr>\n<td>LV-NH100<\/td>\n<\/tr>\n<tr>\n<td>LV-NH300<\/td>\n<\/tr>\n<tr>\n<td>LV-NH32<\/td>\n<\/tr>\n<tr>\n<td>LV-NH35<\/td>\n<\/tr>\n<tr>\n<td>LV-S62<\/td>\n<\/tr>\n<\/tbody>\n<\/table>\n","protected":false},"excerpt":{"rendered":"<p>KEYENCE LR-WF10 C\u1ea3m bi\u1ebfn quang Keyence LR-WF10 1. C\u1ea3m bi\u1ebfn quang LR-WF10: M\u1eabu LR-WF10 Lo\u1ea1i Lo\u1ea1i s\u1ee3i quang Lo\u1ea1i c\u00e1p 2 m Kho\u1ea3ng c\u00e1ch ph\u00e1t hi\u1ec7n \u0111\u01b0\u1ee3c Kho\u1ea3ng c\u00e1ch ph\u00e1t hi\u1ec7n v\u00e0 \u0111\u01b0\u1eddng k\u00ednh v\u1ec7t nh\u1ecf nh\u1ea5t d\u1ef1a tr\u00ean \u0111\u1ea7u c\u00e1p quang \u0111\u01b0\u1ee3c g\u1eafn v\u00e0o \u0110\u01b0\u1eddng k\u00ednh \u0111i\u1ec3m t\u1ed1i thi\u1ec3u&hellip; <\/p>\n","protected":false},"featured_media":4011,"comment_status":"open","ping_status":"closed","template":"","meta":[],"product_cat":[292],"product_tag":[88,114,113],"class_list":{"0":"post-4010","1":"product","2":"type-product","3":"status-publish","4":"has-post-thumbnail","6":"product_cat-keyence","7":"product_tag-cam-bien","8":"product_tag-dai-ly-keyence-viet-nam","9":"product_tag-keyence-viet-nam","11":"first","12":"instock","13":"shipping-taxable","14":"product-type-simple"},"yoast_head":"<!-- This site is optimized with the Yoast SEO plugin v22.8 - https:\/\/yoast.com\/wordpress\/plugins\/seo\/ -->\n<title>KEYENCE LR-WF10 - OMANI VI\u1ec6T NAM<\/title>\n<meta name=\"description\" content=\"KEYENCE LR-WF10 Sensor\" \/>\n<meta name=\"robots\" content=\"index, follow, max-snippet:-1, max-image-preview:large, max-video-preview:-1\" \/>\n<link rel=\"canonical\" href=\"https:\/\/omanivietnam.com\/index.php\/san-pham\/keyence-lr-wf10\/\" \/>\n<meta property=\"og:locale\" content=\"vi_VN\" \/>\n<meta property=\"og:type\" content=\"article\" \/>\n<meta property=\"og:title\" content=\"KEYENCE LR-WF10 - OMANI VI\u1ec6T NAM\" \/>\n<meta property=\"og:description\" content=\"KEYENCE LR-WF10 Sensor\" \/>\n<meta property=\"og:url\" content=\"https:\/\/omanivietnam.com\/index.php\/san-pham\/keyence-lr-wf10\/\" \/>\n<meta property=\"og:site_name\" content=\"OMANI VI\u1ec6T NAM\" \/>\n<meta property=\"og:image\" content=\"https:\/\/omanivietnam.com\/wp-content\/uploads\/2025\/06\/LR-WF10.png\" \/>\n\t<meta property=\"og:image:width\" content=\"626\" \/>\n\t<meta property=\"og:image:height\" content=\"468\" \/>\n\t<meta property=\"og:image:type\" content=\"image\/png\" \/>\n<meta name=\"twitter:card\" content=\"summary_large_image\" \/>\n<meta name=\"twitter:label1\" content=\"\u01af\u1edbc t\u00ednh th\u1eddi gian \u0111\u1ecdc\" \/>\n\t<meta name=\"twitter:data1\" content=\"2 ph\u00fat\" \/>\n<script type=\"application\/ld+json\" class=\"yoast-schema-graph\">{\"@context\":\"https:\/\/schema.org\",\"@graph\":[{\"@type\":\"WebPage\",\"@id\":\"https:\/\/omanivietnam.com\/index.php\/san-pham\/keyence-lr-wf10\/\",\"url\":\"https:\/\/omanivietnam.com\/index.php\/san-pham\/keyence-lr-wf10\/\",\"name\":\"KEYENCE LR-WF10 - OMANI VI\u1ec6T NAM\",\"isPartOf\":{\"@id\":\"https:\/\/omanivietnam.com\/#website\"},\"primaryImageOfPage\":{\"@id\":\"https:\/\/omanivietnam.com\/index.php\/san-pham\/keyence-lr-wf10\/#primaryimage\"},\"image\":{\"@id\":\"https:\/\/omanivietnam.com\/index.php\/san-pham\/keyence-lr-wf10\/#primaryimage\"},\"thumbnailUrl\":\"https:\/\/omanivietnam.com\/wp-content\/uploads\/2025\/06\/LR-WF10.png\",\"datePublished\":\"2025-06-19T15:32:20+00:00\",\"dateModified\":\"2025-06-19T15:32:20+00:00\",\"description\":\"KEYENCE LR-WF10 Sensor\",\"breadcrumb\":{\"@id\":\"https:\/\/omanivietnam.com\/index.php\/san-pham\/keyence-lr-wf10\/#breadcrumb\"},\"inLanguage\":\"vi\",\"potentialAction\":[{\"@type\":\"ReadAction\",\"target\":[\"https:\/\/omanivietnam.com\/index.php\/san-pham\/keyence-lr-wf10\/\"]}]},{\"@type\":\"ImageObject\",\"inLanguage\":\"vi\",\"@id\":\"https:\/\/omanivietnam.com\/index.php\/san-pham\/keyence-lr-wf10\/#primaryimage\",\"url\":\"https:\/\/omanivietnam.com\/wp-content\/uploads\/2025\/06\/LR-WF10.png\",\"contentUrl\":\"https:\/\/omanivietnam.com\/wp-content\/uploads\/2025\/06\/LR-WF10.png\",\"width\":626,\"height\":468},{\"@type\":\"BreadcrumbList\",\"@id\":\"https:\/\/omanivietnam.com\/index.php\/san-pham\/keyence-lr-wf10\/#breadcrumb\",\"itemListElement\":[{\"@type\":\"ListItem\",\"position\":1,\"name\":\"Home\",\"item\":\"https:\/\/omanivietnam.com\/\"},{\"@type\":\"ListItem\",\"position\":2,\"name\":\"S\u1ea2N PH\u1ea8M\",\"item\":\"https:\/\/omanivietnam.com\/index.php\/cua-hang\/\"},{\"@type\":\"ListItem\",\"position\":3,\"name\":\"KEYENCE LR-WF10\"}]},{\"@type\":\"WebSite\",\"@id\":\"https:\/\/omanivietnam.com\/#website\",\"url\":\"https:\/\/omanivietnam.com\/\",\"name\":\"OMANI VI\u1ec6T NAM\",\"description\":\"Nh\u00e0 ph\u00e2n ph\u1ed1i thi\u1ebft b\u1ecb kh\u00ed n\u00e9n v\u00e0 thi\u1ebft b\u1ecb t\u1ef1 \u0111\u1ed9ng h\u00f3a trong c\u00f4ng nghi\u1ec7p\",\"publisher\":{\"@id\":\"https:\/\/omanivietnam.com\/#\/schema\/person\/0ad398a980dc3fd696111c2c5c8fa897\"},\"potentialAction\":[{\"@type\":\"SearchAction\",\"target\":{\"@type\":\"EntryPoint\",\"urlTemplate\":\"https:\/\/omanivietnam.com\/?s={search_term_string}\"},\"query-input\":\"required name=search_term_string\"}],\"inLanguage\":\"vi\"},{\"@type\":[\"Person\",\"Organization\"],\"@id\":\"https:\/\/omanivietnam.com\/#\/schema\/person\/0ad398a980dc3fd696111c2c5c8fa897\",\"name\":\"Nguy\u1ec5n V\u0103n Kh\u00e1nh\",\"image\":{\"@type\":\"ImageObject\",\"inLanguage\":\"vi\",\"@id\":\"https:\/\/omanivietnam.com\/#\/schema\/person\/image\/\",\"url\":\"https:\/\/omanivietnam.com\/wp-content\/uploads\/2024\/06\/logo-1024x1024.png\",\"contentUrl\":\"https:\/\/omanivietnam.com\/wp-content\/uploads\/2024\/06\/logo-1024x1024.png\",\"width\":1024,\"height\":1024,\"caption\":\"Nguy\u1ec5n V\u0103n Kh\u00e1nh\"},\"logo\":{\"@id\":\"https:\/\/omanivietnam.com\/#\/schema\/person\/image\/\"},\"sameAs\":[\"https:\/\/omanivietnam.com\"]}]}<\/script>\n<!-- \/ Yoast SEO plugin. -->","yoast_head_json":{"title":"KEYENCE LR-WF10 - OMANI VI\u1ec6T NAM","description":"KEYENCE LR-WF10 Sensor","robots":{"index":"index","follow":"follow","max-snippet":"max-snippet:-1","max-image-preview":"max-image-preview:large","max-video-preview":"max-video-preview:-1"},"canonical":"https:\/\/omanivietnam.com\/index.php\/san-pham\/keyence-lr-wf10\/","og_locale":"vi_VN","og_type":"article","og_title":"KEYENCE LR-WF10 - OMANI VI\u1ec6T NAM","og_description":"KEYENCE LR-WF10 Sensor","og_url":"https:\/\/omanivietnam.com\/index.php\/san-pham\/keyence-lr-wf10\/","og_site_name":"OMANI VI\u1ec6T NAM","og_image":[{"width":626,"height":468,"url":"https:\/\/omanivietnam.com\/wp-content\/uploads\/2025\/06\/LR-WF10.png","type":"image\/png"}],"twitter_card":"summary_large_image","twitter_misc":{"\u01af\u1edbc t\u00ednh th\u1eddi gian \u0111\u1ecdc":"2 ph\u00fat"},"schema":{"@context":"https:\/\/schema.org","@graph":[{"@type":"WebPage","@id":"https:\/\/omanivietnam.com\/index.php\/san-pham\/keyence-lr-wf10\/","url":"https:\/\/omanivietnam.com\/index.php\/san-pham\/keyence-lr-wf10\/","name":"KEYENCE LR-WF10 - OMANI VI\u1ec6T NAM","isPartOf":{"@id":"https:\/\/omanivietnam.com\/#website"},"primaryImageOfPage":{"@id":"https:\/\/omanivietnam.com\/index.php\/san-pham\/keyence-lr-wf10\/#primaryimage"},"image":{"@id":"https:\/\/omanivietnam.com\/index.php\/san-pham\/keyence-lr-wf10\/#primaryimage"},"thumbnailUrl":"https:\/\/omanivietnam.com\/wp-content\/uploads\/2025\/06\/LR-WF10.png","datePublished":"2025-06-19T15:32:20+00:00","dateModified":"2025-06-19T15:32:20+00:00","description":"KEYENCE LR-WF10 Sensor","breadcrumb":{"@id":"https:\/\/omanivietnam.com\/index.php\/san-pham\/keyence-lr-wf10\/#breadcrumb"},"inLanguage":"vi","potentialAction":[{"@type":"ReadAction","target":["https:\/\/omanivietnam.com\/index.php\/san-pham\/keyence-lr-wf10\/"]}]},{"@type":"ImageObject","inLanguage":"vi","@id":"https:\/\/omanivietnam.com\/index.php\/san-pham\/keyence-lr-wf10\/#primaryimage","url":"https:\/\/omanivietnam.com\/wp-content\/uploads\/2025\/06\/LR-WF10.png","contentUrl":"https:\/\/omanivietnam.com\/wp-content\/uploads\/2025\/06\/LR-WF10.png","width":626,"height":468},{"@type":"BreadcrumbList","@id":"https:\/\/omanivietnam.com\/index.php\/san-pham\/keyence-lr-wf10\/#breadcrumb","itemListElement":[{"@type":"ListItem","position":1,"name":"Home","item":"https:\/\/omanivietnam.com\/"},{"@type":"ListItem","position":2,"name":"S\u1ea2N PH\u1ea8M","item":"https:\/\/omanivietnam.com\/index.php\/cua-hang\/"},{"@type":"ListItem","position":3,"name":"KEYENCE LR-WF10"}]},{"@type":"WebSite","@id":"https:\/\/omanivietnam.com\/#website","url":"https:\/\/omanivietnam.com\/","name":"OMANI VI\u1ec6T NAM","description":"Nh\u00e0 ph\u00e2n ph\u1ed1i thi\u1ebft b\u1ecb kh\u00ed n\u00e9n v\u00e0 thi\u1ebft b\u1ecb t\u1ef1 \u0111\u1ed9ng h\u00f3a trong c\u00f4ng nghi\u1ec7p","publisher":{"@id":"https:\/\/omanivietnam.com\/#\/schema\/person\/0ad398a980dc3fd696111c2c5c8fa897"},"potentialAction":[{"@type":"SearchAction","target":{"@type":"EntryPoint","urlTemplate":"https:\/\/omanivietnam.com\/?s={search_term_string}"},"query-input":"required name=search_term_string"}],"inLanguage":"vi"},{"@type":["Person","Organization"],"@id":"https:\/\/omanivietnam.com\/#\/schema\/person\/0ad398a980dc3fd696111c2c5c8fa897","name":"Nguy\u1ec5n V\u0103n Kh\u00e1nh","image":{"@type":"ImageObject","inLanguage":"vi","@id":"https:\/\/omanivietnam.com\/#\/schema\/person\/image\/","url":"https:\/\/omanivietnam.com\/wp-content\/uploads\/2024\/06\/logo-1024x1024.png","contentUrl":"https:\/\/omanivietnam.com\/wp-content\/uploads\/2024\/06\/logo-1024x1024.png","width":1024,"height":1024,"caption":"Nguy\u1ec5n V\u0103n Kh\u00e1nh"},"logo":{"@id":"https:\/\/omanivietnam.com\/#\/schema\/person\/image\/"},"sameAs":["https:\/\/omanivietnam.com"]}]}},"_links":{"self":[{"href":"https:\/\/omanivietnam.com\/index.php\/wp-json\/wp\/v2\/product\/4010","targetHints":{"allow":["GET"]}}],"collection":[{"href":"https:\/\/omanivietnam.com\/index.php\/wp-json\/wp\/v2\/product"}],"about":[{"href":"https:\/\/omanivietnam.com\/index.php\/wp-json\/wp\/v2\/types\/product"}],"replies":[{"embeddable":true,"href":"https:\/\/omanivietnam.com\/index.php\/wp-json\/wp\/v2\/comments?post=4010"}],"wp:featuredmedia":[{"embeddable":true,"href":"https:\/\/omanivietnam.com\/index.php\/wp-json\/wp\/v2\/media\/4011"}],"wp:attachment":[{"href":"https:\/\/omanivietnam.com\/index.php\/wp-json\/wp\/v2\/media?parent=4010"}],"wp:term":[{"taxonomy":"product_cat","embeddable":true,"href":"https:\/\/omanivietnam.com\/index.php\/wp-json\/wp\/v2\/product_cat?post=4010"},{"taxonomy":"product_tag","embeddable":true,"href":"https:\/\/omanivietnam.com\/index.php\/wp-json\/wp\/v2\/product_tag?post=4010"}],"curies":[{"name":"wp","href":"https:\/\/api.w.org\/{rel}","templated":true}]}}