{"id":4026,"date":"2025-06-21T21:40:33","date_gmt":"2025-06-21T14:40:33","guid":{"rendered":"https:\/\/omanivietnam.com\/?post_type=product&#038;p=4026"},"modified":"2025-06-21T21:40:34","modified_gmt":"2025-06-21T14:40:34","slug":"kromschroder-uvc-1l1g1a-84320300","status":"publish","type":"product","link":"https:\/\/omanivietnam.com\/index.php\/san-pham\/kromschroder-uvc-1l1g1a-84320300\/","title":{"rendered":"KROMSCHRODER UVC 1L1G1A  84320300"},"content":{"rendered":"<p>KROMSCHRODER UVC 1L1G1A 84320300<\/p>\n<p class=\"product_heading\"><span data-product=\"46334\">Kromschroder UVC 1L1G1A\u00a0 (84320300) uv flame sensor<\/span><\/p>\n<p><strong>Kromschroder UV UVC 1L3G1A \/ 84320302<\/strong><\/p>\n<p>Kromschroder UV flame detector for continuous operation, for monitoring gas burners in conjunction with Kromschr\u00f6der burner control units BCU..U or PFU..U.<br \/>\nSeries 1<br \/>\nQuartz glass heat guard lens<br \/>\nRp 1\/2 internal thread and cooling air connection<br \/>\nM20 cable gland<br \/>\nMains voltage: 100-230 V AC, 50\/60 Hz<\/p>\n<ul class=\"features\">\n<li><span class=\"features_name\">Voltage<\/span><span class=\"features_value\">100-230 V AC<\/span><\/li>\n<li><span class=\"features_name\">Weight, kg <\/span><span class=\"features_value\">1<\/span><\/li>\n<li><span class=\"features_name\">Country of origin <\/span><span class=\"features_value\">DE<\/span><\/li>\n<\/ul>\n","protected":false},"excerpt":{"rendered":"<p>KROMSCHRODER UVC 1L1G1A 84320300 Kromschroder UVC 1L1G1A\u00a0 (84320300) uv flame sensor Kromschroder UV UVC 1L3G1A \/ 84320302 Kromschroder UV flame detector for continuous operation, for monitoring gas burners in conjunction with Kromschr\u00f6der burner control units BCU..U or PFU..U. Series 1 Quartz glass heat guard lens Rp 1\/2 internal thread and&hellip; <\/p>\n","protected":false},"featured_media":4027,"comment_status":"open","ping_status":"closed","template":"","meta":[],"product_cat":[418],"product_tag":[88,194,193],"class_list":{"0":"post-4026","1":"product","2":"type-product","3":"status-publish","4":"has-post-thumbnail","6":"product_cat-kromschroder","7":"product_tag-cam-bien","8":"product_tag-dai-ly-kromschroder-viet-nam","9":"product_tag-kromschroder-viet-nam","11":"first","12":"instock","13":"shipping-taxable","14":"product-type-simple"},"yoast_head":"<!-- This site is optimized with the Yoast SEO plugin v22.8 - https:\/\/yoast.com\/wordpress\/plugins\/seo\/ -->\n<title>KROMSCHRODER UVC 1L1G1A 84320300 - OMANI VI\u1ec6T NAM<\/title>\n<meta name=\"description\" content=\"KROMSCHRODER UVC 1L1G1A flame sensor\" \/>\n<meta name=\"robots\" content=\"index, follow, max-snippet:-1, max-image-preview:large, max-video-preview:-1\" \/>\n<link rel=\"canonical\" href=\"https:\/\/omanivietnam.com\/index.php\/san-pham\/kromschroder-uvc-1l1g1a-84320300\/\" \/>\n<meta property=\"og:locale\" content=\"vi_VN\" \/>\n<meta property=\"og:type\" content=\"article\" \/>\n<meta property=\"og:title\" content=\"KROMSCHRODER UVC 1L1G1A 84320300 - OMANI VI\u1ec6T NAM\" \/>\n<meta property=\"og:description\" content=\"KROMSCHRODER UVC 1L1G1A flame sensor\" \/>\n<meta property=\"og:url\" content=\"https:\/\/omanivietnam.com\/index.php\/san-pham\/kromschroder-uvc-1l1g1a-84320300\/\" \/>\n<meta property=\"og:site_name\" content=\"OMANI VI\u1ec6T NAM\" \/>\n<meta property=\"article:modified_time\" content=\"2025-06-21T14:40:34+00:00\" \/>\n<meta property=\"og:image\" content=\"https:\/\/omanivietnam.com\/wp-content\/uploads\/2025\/06\/UVC-1L1G1A-84320300.png\" \/>\n\t<meta property=\"og:image:width\" content=\"405\" \/>\n\t<meta property=\"og:image:height\" content=\"524\" \/>\n\t<meta property=\"og:image:type\" content=\"image\/png\" \/>\n<meta name=\"twitter:card\" content=\"summary_large_image\" \/>\n<meta name=\"twitter:label1\" content=\"\u01af\u1edbc t\u00ednh th\u1eddi gian \u0111\u1ecdc\" \/>\n\t<meta name=\"twitter:data1\" content=\"1 ph\u00fat\" \/>\n<script type=\"application\/ld+json\" class=\"yoast-schema-graph\">{\"@context\":\"https:\/\/schema.org\",\"@graph\":[{\"@type\":\"WebPage\",\"@id\":\"https:\/\/omanivietnam.com\/index.php\/san-pham\/kromschroder-uvc-1l1g1a-84320300\/\",\"url\":\"https:\/\/omanivietnam.com\/index.php\/san-pham\/kromschroder-uvc-1l1g1a-84320300\/\",\"name\":\"KROMSCHRODER UVC 1L1G1A 84320300 - OMANI VI\u1ec6T NAM\",\"isPartOf\":{\"@id\":\"https:\/\/omanivietnam.com\/#website\"},\"primaryImageOfPage\":{\"@id\":\"https:\/\/omanivietnam.com\/index.php\/san-pham\/kromschroder-uvc-1l1g1a-84320300\/#primaryimage\"},\"image\":{\"@id\":\"https:\/\/omanivietnam.com\/index.php\/san-pham\/kromschroder-uvc-1l1g1a-84320300\/#primaryimage\"},\"thumbnailUrl\":\"https:\/\/omanivietnam.com\/wp-content\/uploads\/2025\/06\/UVC-1L1G1A-84320300.png\",\"datePublished\":\"2025-06-21T14:40:33+00:00\",\"dateModified\":\"2025-06-21T14:40:34+00:00\",\"description\":\"KROMSCHRODER UVC 1L1G1A flame sensor\",\"breadcrumb\":{\"@id\":\"https:\/\/omanivietnam.com\/index.php\/san-pham\/kromschroder-uvc-1l1g1a-84320300\/#breadcrumb\"},\"inLanguage\":\"vi\",\"potentialAction\":[{\"@type\":\"ReadAction\",\"target\":[\"https:\/\/omanivietnam.com\/index.php\/san-pham\/kromschroder-uvc-1l1g1a-84320300\/\"]}]},{\"@type\":\"ImageObject\",\"inLanguage\":\"vi\",\"@id\":\"https:\/\/omanivietnam.com\/index.php\/san-pham\/kromschroder-uvc-1l1g1a-84320300\/#primaryimage\",\"url\":\"https:\/\/omanivietnam.com\/wp-content\/uploads\/2025\/06\/UVC-1L1G1A-84320300.png\",\"contentUrl\":\"https:\/\/omanivietnam.com\/wp-content\/uploads\/2025\/06\/UVC-1L1G1A-84320300.png\",\"width\":405,\"height\":524},{\"@type\":\"BreadcrumbList\",\"@id\":\"https:\/\/omanivietnam.com\/index.php\/san-pham\/kromschroder-uvc-1l1g1a-84320300\/#breadcrumb\",\"itemListElement\":[{\"@type\":\"ListItem\",\"position\":1,\"name\":\"Home\",\"item\":\"https:\/\/omanivietnam.com\/\"},{\"@type\":\"ListItem\",\"position\":2,\"name\":\"S\u1ea2N PH\u1ea8M\",\"item\":\"https:\/\/omanivietnam.com\/index.php\/cua-hang\/\"},{\"@type\":\"ListItem\",\"position\":3,\"name\":\"KROMSCHRODER UVC 1L1G1A 84320300\"}]},{\"@type\":\"WebSite\",\"@id\":\"https:\/\/omanivietnam.com\/#website\",\"url\":\"https:\/\/omanivietnam.com\/\",\"name\":\"OMANI VI\u1ec6T NAM\",\"description\":\"Nh\u00e0 ph\u00e2n ph\u1ed1i thi\u1ebft b\u1ecb kh\u00ed n\u00e9n v\u00e0 thi\u1ebft b\u1ecb t\u1ef1 \u0111\u1ed9ng h\u00f3a trong c\u00f4ng nghi\u1ec7p\",\"publisher\":{\"@id\":\"https:\/\/omanivietnam.com\/#\/schema\/person\/0ad398a980dc3fd696111c2c5c8fa897\"},\"potentialAction\":[{\"@type\":\"SearchAction\",\"target\":{\"@type\":\"EntryPoint\",\"urlTemplate\":\"https:\/\/omanivietnam.com\/?s={search_term_string}\"},\"query-input\":\"required name=search_term_string\"}],\"inLanguage\":\"vi\"},{\"@type\":[\"Person\",\"Organization\"],\"@id\":\"https:\/\/omanivietnam.com\/#\/schema\/person\/0ad398a980dc3fd696111c2c5c8fa897\",\"name\":\"Nguy\u1ec5n V\u0103n Kh\u00e1nh\",\"image\":{\"@type\":\"ImageObject\",\"inLanguage\":\"vi\",\"@id\":\"https:\/\/omanivietnam.com\/#\/schema\/person\/image\/\",\"url\":\"https:\/\/omanivietnam.com\/wp-content\/uploads\/2024\/06\/logo-1024x1024.png\",\"contentUrl\":\"https:\/\/omanivietnam.com\/wp-content\/uploads\/2024\/06\/logo-1024x1024.png\",\"width\":1024,\"height\":1024,\"caption\":\"Nguy\u1ec5n V\u0103n Kh\u00e1nh\"},\"logo\":{\"@id\":\"https:\/\/omanivietnam.com\/#\/schema\/person\/image\/\"},\"sameAs\":[\"https:\/\/omanivietnam.com\"]}]}<\/script>\n<!-- \/ Yoast SEO plugin. -->","yoast_head_json":{"title":"KROMSCHRODER UVC 1L1G1A 84320300 - OMANI VI\u1ec6T NAM","description":"KROMSCHRODER UVC 1L1G1A flame sensor","robots":{"index":"index","follow":"follow","max-snippet":"max-snippet:-1","max-image-preview":"max-image-preview:large","max-video-preview":"max-video-preview:-1"},"canonical":"https:\/\/omanivietnam.com\/index.php\/san-pham\/kromschroder-uvc-1l1g1a-84320300\/","og_locale":"vi_VN","og_type":"article","og_title":"KROMSCHRODER UVC 1L1G1A 84320300 - OMANI VI\u1ec6T NAM","og_description":"KROMSCHRODER UVC 1L1G1A flame sensor","og_url":"https:\/\/omanivietnam.com\/index.php\/san-pham\/kromschroder-uvc-1l1g1a-84320300\/","og_site_name":"OMANI VI\u1ec6T NAM","article_modified_time":"2025-06-21T14:40:34+00:00","og_image":[{"width":405,"height":524,"url":"https:\/\/omanivietnam.com\/wp-content\/uploads\/2025\/06\/UVC-1L1G1A-84320300.png","type":"image\/png"}],"twitter_card":"summary_large_image","twitter_misc":{"\u01af\u1edbc t\u00ednh th\u1eddi gian \u0111\u1ecdc":"1 ph\u00fat"},"schema":{"@context":"https:\/\/schema.org","@graph":[{"@type":"WebPage","@id":"https:\/\/omanivietnam.com\/index.php\/san-pham\/kromschroder-uvc-1l1g1a-84320300\/","url":"https:\/\/omanivietnam.com\/index.php\/san-pham\/kromschroder-uvc-1l1g1a-84320300\/","name":"KROMSCHRODER UVC 1L1G1A 84320300 - OMANI VI\u1ec6T NAM","isPartOf":{"@id":"https:\/\/omanivietnam.com\/#website"},"primaryImageOfPage":{"@id":"https:\/\/omanivietnam.com\/index.php\/san-pham\/kromschroder-uvc-1l1g1a-84320300\/#primaryimage"},"image":{"@id":"https:\/\/omanivietnam.com\/index.php\/san-pham\/kromschroder-uvc-1l1g1a-84320300\/#primaryimage"},"thumbnailUrl":"https:\/\/omanivietnam.com\/wp-content\/uploads\/2025\/06\/UVC-1L1G1A-84320300.png","datePublished":"2025-06-21T14:40:33+00:00","dateModified":"2025-06-21T14:40:34+00:00","description":"KROMSCHRODER UVC 1L1G1A flame sensor","breadcrumb":{"@id":"https:\/\/omanivietnam.com\/index.php\/san-pham\/kromschroder-uvc-1l1g1a-84320300\/#breadcrumb"},"inLanguage":"vi","potentialAction":[{"@type":"ReadAction","target":["https:\/\/omanivietnam.com\/index.php\/san-pham\/kromschroder-uvc-1l1g1a-84320300\/"]}]},{"@type":"ImageObject","inLanguage":"vi","@id":"https:\/\/omanivietnam.com\/index.php\/san-pham\/kromschroder-uvc-1l1g1a-84320300\/#primaryimage","url":"https:\/\/omanivietnam.com\/wp-content\/uploads\/2025\/06\/UVC-1L1G1A-84320300.png","contentUrl":"https:\/\/omanivietnam.com\/wp-content\/uploads\/2025\/06\/UVC-1L1G1A-84320300.png","width":405,"height":524},{"@type":"BreadcrumbList","@id":"https:\/\/omanivietnam.com\/index.php\/san-pham\/kromschroder-uvc-1l1g1a-84320300\/#breadcrumb","itemListElement":[{"@type":"ListItem","position":1,"name":"Home","item":"https:\/\/omanivietnam.com\/"},{"@type":"ListItem","position":2,"name":"S\u1ea2N PH\u1ea8M","item":"https:\/\/omanivietnam.com\/index.php\/cua-hang\/"},{"@type":"ListItem","position":3,"name":"KROMSCHRODER UVC 1L1G1A 84320300"}]},{"@type":"WebSite","@id":"https:\/\/omanivietnam.com\/#website","url":"https:\/\/omanivietnam.com\/","name":"OMANI VI\u1ec6T NAM","description":"Nh\u00e0 ph\u00e2n ph\u1ed1i thi\u1ebft b\u1ecb kh\u00ed n\u00e9n v\u00e0 thi\u1ebft b\u1ecb t\u1ef1 \u0111\u1ed9ng h\u00f3a trong c\u00f4ng nghi\u1ec7p","publisher":{"@id":"https:\/\/omanivietnam.com\/#\/schema\/person\/0ad398a980dc3fd696111c2c5c8fa897"},"potentialAction":[{"@type":"SearchAction","target":{"@type":"EntryPoint","urlTemplate":"https:\/\/omanivietnam.com\/?s={search_term_string}"},"query-input":"required name=search_term_string"}],"inLanguage":"vi"},{"@type":["Person","Organization"],"@id":"https:\/\/omanivietnam.com\/#\/schema\/person\/0ad398a980dc3fd696111c2c5c8fa897","name":"Nguy\u1ec5n V\u0103n Kh\u00e1nh","image":{"@type":"ImageObject","inLanguage":"vi","@id":"https:\/\/omanivietnam.com\/#\/schema\/person\/image\/","url":"https:\/\/omanivietnam.com\/wp-content\/uploads\/2024\/06\/logo-1024x1024.png","contentUrl":"https:\/\/omanivietnam.com\/wp-content\/uploads\/2024\/06\/logo-1024x1024.png","width":1024,"height":1024,"caption":"Nguy\u1ec5n V\u0103n Kh\u00e1nh"},"logo":{"@id":"https:\/\/omanivietnam.com\/#\/schema\/person\/image\/"},"sameAs":["https:\/\/omanivietnam.com"]}]}},"_links":{"self":[{"href":"https:\/\/omanivietnam.com\/index.php\/wp-json\/wp\/v2\/product\/4026","targetHints":{"allow":["GET"]}}],"collection":[{"href":"https:\/\/omanivietnam.com\/index.php\/wp-json\/wp\/v2\/product"}],"about":[{"href":"https:\/\/omanivietnam.com\/index.php\/wp-json\/wp\/v2\/types\/product"}],"replies":[{"embeddable":true,"href":"https:\/\/omanivietnam.com\/index.php\/wp-json\/wp\/v2\/comments?post=4026"}],"wp:featuredmedia":[{"embeddable":true,"href":"https:\/\/omanivietnam.com\/index.php\/wp-json\/wp\/v2\/media\/4027"}],"wp:attachment":[{"href":"https:\/\/omanivietnam.com\/index.php\/wp-json\/wp\/v2\/media?parent=4026"}],"wp:term":[{"taxonomy":"product_cat","embeddable":true,"href":"https:\/\/omanivietnam.com\/index.php\/wp-json\/wp\/v2\/product_cat?post=4026"},{"taxonomy":"product_tag","embeddable":true,"href":"https:\/\/omanivietnam.com\/index.php\/wp-json\/wp\/v2\/product_tag?post=4026"}],"curies":[{"name":"wp","href":"https:\/\/api.w.org\/{rel}","templated":true}]}}