{"id":4044,"date":"2025-06-24T22:21:26","date_gmt":"2025-06-24T15:21:26","guid":{"rendered":"https:\/\/omanivietnam.com\/?post_type=product&#038;p=4044"},"modified":"2025-06-24T22:21:26","modified_gmt":"2025-06-24T15:21:26","slug":"siemens-6ep3424-8ub00-0ay0","status":"publish","type":"product","link":"https:\/\/omanivietnam.com\/index.php\/san-pham\/siemens-6ep3424-8ub00-0ay0\/","title":{"rendered":"SIEMENS 6EP3424-8UB00-0AY0"},"content":{"rendered":"<p>SIEMENS 6EP3424-8UB00-0AY0<\/p>\n<p><strong> 6EP3424-8UB00-0AY0 SITOP PSU3800 12 V\/20A<\/strong>, b\u1ed9 ngu\u1ed3n c\u00f4ng nghi\u1ec7p \u1ed5n \u0111\u1ecbnh, hi\u1ec7u su\u1ea5t cao, ch\u00ednh l\u00e0 gi\u1ea3i ph\u00e1p cung c\u1ea5p n\u0103ng l\u01b0\u1ee3ng l\u00fd t\u01b0\u1edfng, gi\u00fap h\u1ec7 th\u1ed1ng c\u1ee7a b\u1ea1n v\u1eadn h\u00e0nh tr\u01a1n tru, li\u00ean t\u1ee5c, lo\u1ea1i b\u1ecf n\u1ed7i lo v\u1ec1 s\u1ef1 c\u1ed1 ngu\u1ed3n \u0111i\u1ec7n.<\/p>\n<div class=\"large-12 col pb-0 mb-0\">\n<div class=\"title heading-font mt\">\n<h2 class=\"ldn-tskt-title\">Th\u00f4ng s\u1ed1 k\u1ef9 thu\u1eadt 6EP3424-8UB00-0AY0<\/h2>\n<\/div>\n<\/div>\n<div class=\"large-12 col pb-0 mb-0\">\n<div class=\"panel entry-content\">\n<table>\n<thead>\n<tr>\n<th>Th\u00f4ng s\u1ed1 k\u1ef9 thu\u1eadt<\/th>\n<th>Gi\u00e1 tr\u1ecb<\/th>\n<\/tr>\n<\/thead>\n<tbody>\n<tr>\n<td>M\u00e3 s\u1ea3n ph\u1ea9m<\/td>\n<td>6EP3424-8UB00-0AY0<\/td>\n<\/tr>\n<tr>\n<td>D\u00f2ng s\u1ea3n ph\u1ea9m<\/td>\n<td>SITOP PSU3800<\/td>\n<\/tr>\n<tr>\n<td>Lo\u1ea1i ng\u00f5 v\u00e0o<\/td>\n<td>\u0110i\u1ec7n \u00e1p xoay chi\u1ec1u 3 pha \/ \u0110i\u1ec7n \u00e1p m\u1ed9t chi\u1ec1u 2 d\u00e2y<\/td>\n<\/tr>\n<tr>\n<td>D\u1ea3i \u0111i\u1ec7n \u00e1p ng\u00f5 v\u00e0o AC<\/td>\n<td>320 \u2013 575 V AC<\/td>\n<\/tr>\n<tr>\n<td>D\u1ea3i \u0111i\u1ec7n \u00e1p ng\u00f5 v\u00e0o DC<\/td>\n<td>450 \u2013 800 V DC<\/td>\n<\/tr>\n<tr>\n<td>T\u1ea7n s\u1ed1 ng\u00f5 v\u00e0o<\/td>\n<td>50 \/ 60 Hz<\/td>\n<\/tr>\n<tr>\n<td>\u0110i\u1ec7n \u00e1p ng\u00f5 ra danh \u0111\u1ecbnh<\/td>\n<td>12 V DC<\/td>\n<\/tr>\n<tr>\n<td>D\u1ea3i \u0111i\u1ec7n \u00e1p ng\u00f5 ra c\u00f3 th\u1ec3 \u0111i\u1ec1u ch\u1ec9nh<\/td>\n<td>10.8 \u2013 13.2 V DC<\/td>\n<\/tr>\n<tr>\n<td>D\u00f2ng \u0111i\u1ec7n ng\u00f5 ra danh \u0111\u1ecbnh<\/td>\n<td>20 A DC<\/td>\n<\/tr>\n<tr>\n<td>C\u00f4ng su\u1ea5t ng\u00f5 ra danh \u0111\u1ecbnh<\/td>\n<td>240 W<\/td>\n<\/tr>\n<tr>\n<td>Hi\u1ec7u su\u1ea5t (t\u1ea1i \u0111i\u1ec7n \u00e1p\/t\u1ea3i danh \u0111\u1ecbnh)<\/td>\n<td>Kho\u1ea3ng 90%<\/td>\n<\/tr>\n<tr>\n<td>D\u1ea3i nhi\u1ec7t \u0111\u1ed9 ho\u1ea1t \u0111\u1ed9ng<\/td>\n<td>-25 \u0111\u1ebfn +60 \u00b0C (kh\u00f4ng gi\u1ea3m t\u1ea3i), l\u00ean \u0111\u1ebfn +70 \u00b0C (c\u00f3 gi\u1ea3m t\u1ea3i)<\/td>\n<\/tr>\n<tr>\n<td>Lo\u1ea1i l\u1eafp \u0111\u1eb7t<\/td>\n<td>G\u1eafn thanh ray DIN<\/td>\n<\/tr>\n<tr>\n<td>Ki\u1ec3u \u0111\u1ea5u n\u1ed1i<\/td>\n<td>\u0110\u1ea7u n\u1ed1i ki\u1ec3u v\u00edt<\/td>\n<\/tr>\n<tr>\n<td>Ch\u1ee9c n\u0103ng b\u1ea3o v\u1ec7<\/td>\n<td>Qu\u00e1 t\u1ea3i, ng\u1eafn m\u1ea1ch, qu\u00e1 \u00e1p, qu\u00e1 nhi\u1ec7t<\/td>\n<\/tr>\n<tr>\n<td>Kh\u1ea3 n\u0103ng ho\u1ea1t \u0111\u1ed9ng song song<\/td>\n<td>C\u00f3 th\u1ec3 chuy\u1ec3n \u0111\u1ed5i<\/td>\n<\/tr>\n<tr>\n<td>K\u00edch th\u01b0\u1edbc (R\u1ed9ng x Cao x S\u00e2u)<\/td>\n<td>Kho\u1ea3ng 70 x 125 x 125 mm<\/td>\n<\/tr>\n<tr>\n<td>Tr\u1ecdng l\u01b0\u1ee3ng<\/td>\n<td>Kho\u1ea3ng 1.2 kg<\/td>\n<\/tr>\n<\/tbody>\n<\/table>\n<\/div>\n<\/div>\n","protected":false},"excerpt":{"rendered":"<p>SIEMENS 6EP3424-8UB00-0AY0 6EP3424-8UB00-0AY0 SITOP PSU3800 12 V\/20A, b\u1ed9 ngu\u1ed3n c\u00f4ng nghi\u1ec7p \u1ed5n \u0111\u1ecbnh, hi\u1ec7u su\u1ea5t cao, ch\u00ednh l\u00e0 gi\u1ea3i ph\u00e1p cung c\u1ea5p n\u0103ng l\u01b0\u1ee3ng l\u00fd t\u01b0\u1edfng, gi\u00fap h\u1ec7 th\u1ed1ng c\u1ee7a b\u1ea1n v\u1eadn h\u00e0nh tr\u01a1n tru, li\u00ean t\u1ee5c, lo\u1ea1i b\u1ecf n\u1ed7i lo v\u1ec1 s\u1ef1 c\u1ed1 ngu\u1ed3n \u0111i\u1ec7n. Th\u00f4ng s\u1ed1 k\u1ef9 thu\u1eadt&hellip; <\/p>\n","protected":false},"featured_media":4045,"comment_status":"open","ping_status":"closed","template":"","meta":[],"product_cat":[347],"product_tag":[221,252,251],"class_list":{"0":"post-4044","1":"product","2":"type-product","3":"status-publish","4":"has-post-thumbnail","6":"product_cat-siemens","7":"product_tag-bo-nguon","8":"product_tag-dai-ly-siemens-viet-nam","9":"product_tag-siemens-viet-nam","11":"first","12":"instock","13":"shipping-taxable","14":"product-type-simple"},"yoast_head":"<!-- This site is optimized with the Yoast SEO plugin v22.8 - https:\/\/yoast.com\/wordpress\/plugins\/seo\/ -->\n<title>SIEMENS 6EP3424-8UB00-0AY0 - OMANI VI\u1ec6T NAM<\/title>\n<meta name=\"description\" content=\"SIEMENS 6EP3424-8UB00-0AY0 Power Supply\" \/>\n<meta name=\"robots\" content=\"index, follow, max-snippet:-1, max-image-preview:large, max-video-preview:-1\" \/>\n<link rel=\"canonical\" href=\"https:\/\/omanivietnam.com\/index.php\/san-pham\/siemens-6ep3424-8ub00-0ay0\/\" \/>\n<meta property=\"og:locale\" content=\"vi_VN\" \/>\n<meta property=\"og:type\" content=\"article\" \/>\n<meta property=\"og:title\" content=\"SIEMENS 6EP3424-8UB00-0AY0 - OMANI VI\u1ec6T NAM\" \/>\n<meta property=\"og:description\" content=\"SIEMENS 6EP3424-8UB00-0AY0 Power Supply\" \/>\n<meta property=\"og:url\" content=\"https:\/\/omanivietnam.com\/index.php\/san-pham\/siemens-6ep3424-8ub00-0ay0\/\" \/>\n<meta property=\"og:site_name\" content=\"OMANI VI\u1ec6T NAM\" \/>\n<meta property=\"og:image\" content=\"https:\/\/omanivietnam.com\/wp-content\/uploads\/2025\/06\/6EP3424-8UB00-0AY0.png\" \/>\n\t<meta property=\"og:image:width\" content=\"900\" \/>\n\t<meta property=\"og:image:height\" content=\"899\" \/>\n\t<meta property=\"og:image:type\" content=\"image\/png\" \/>\n<meta name=\"twitter:card\" content=\"summary_large_image\" \/>\n<meta name=\"twitter:label1\" content=\"\u01af\u1edbc t\u00ednh th\u1eddi gian \u0111\u1ecdc\" \/>\n\t<meta name=\"twitter:data1\" content=\"2 ph\u00fat\" \/>\n<script type=\"application\/ld+json\" class=\"yoast-schema-graph\">{\"@context\":\"https:\/\/schema.org\",\"@graph\":[{\"@type\":\"WebPage\",\"@id\":\"https:\/\/omanivietnam.com\/index.php\/san-pham\/siemens-6ep3424-8ub00-0ay0\/\",\"url\":\"https:\/\/omanivietnam.com\/index.php\/san-pham\/siemens-6ep3424-8ub00-0ay0\/\",\"name\":\"SIEMENS 6EP3424-8UB00-0AY0 - OMANI VI\u1ec6T NAM\",\"isPartOf\":{\"@id\":\"https:\/\/omanivietnam.com\/#website\"},\"primaryImageOfPage\":{\"@id\":\"https:\/\/omanivietnam.com\/index.php\/san-pham\/siemens-6ep3424-8ub00-0ay0\/#primaryimage\"},\"image\":{\"@id\":\"https:\/\/omanivietnam.com\/index.php\/san-pham\/siemens-6ep3424-8ub00-0ay0\/#primaryimage\"},\"thumbnailUrl\":\"https:\/\/omanivietnam.com\/wp-content\/uploads\/2025\/06\/6EP3424-8UB00-0AY0.png\",\"datePublished\":\"2025-06-24T15:21:26+00:00\",\"dateModified\":\"2025-06-24T15:21:26+00:00\",\"description\":\"SIEMENS 6EP3424-8UB00-0AY0 Power Supply\",\"breadcrumb\":{\"@id\":\"https:\/\/omanivietnam.com\/index.php\/san-pham\/siemens-6ep3424-8ub00-0ay0\/#breadcrumb\"},\"inLanguage\":\"vi\",\"potentialAction\":[{\"@type\":\"ReadAction\",\"target\":[\"https:\/\/omanivietnam.com\/index.php\/san-pham\/siemens-6ep3424-8ub00-0ay0\/\"]}]},{\"@type\":\"ImageObject\",\"inLanguage\":\"vi\",\"@id\":\"https:\/\/omanivietnam.com\/index.php\/san-pham\/siemens-6ep3424-8ub00-0ay0\/#primaryimage\",\"url\":\"https:\/\/omanivietnam.com\/wp-content\/uploads\/2025\/06\/6EP3424-8UB00-0AY0.png\",\"contentUrl\":\"https:\/\/omanivietnam.com\/wp-content\/uploads\/2025\/06\/6EP3424-8UB00-0AY0.png\",\"width\":900,\"height\":899},{\"@type\":\"BreadcrumbList\",\"@id\":\"https:\/\/omanivietnam.com\/index.php\/san-pham\/siemens-6ep3424-8ub00-0ay0\/#breadcrumb\",\"itemListElement\":[{\"@type\":\"ListItem\",\"position\":1,\"name\":\"Home\",\"item\":\"https:\/\/omanivietnam.com\/\"},{\"@type\":\"ListItem\",\"position\":2,\"name\":\"S\u1ea2N PH\u1ea8M\",\"item\":\"https:\/\/omanivietnam.com\/index.php\/cua-hang\/\"},{\"@type\":\"ListItem\",\"position\":3,\"name\":\"SIEMENS 6EP3424-8UB00-0AY0\"}]},{\"@type\":\"WebSite\",\"@id\":\"https:\/\/omanivietnam.com\/#website\",\"url\":\"https:\/\/omanivietnam.com\/\",\"name\":\"OMANI VI\u1ec6T NAM\",\"description\":\"Nh\u00e0 ph\u00e2n ph\u1ed1i thi\u1ebft b\u1ecb kh\u00ed n\u00e9n v\u00e0 thi\u1ebft b\u1ecb t\u1ef1 \u0111\u1ed9ng h\u00f3a trong c\u00f4ng nghi\u1ec7p\",\"publisher\":{\"@id\":\"https:\/\/omanivietnam.com\/#\/schema\/person\/0ad398a980dc3fd696111c2c5c8fa897\"},\"potentialAction\":[{\"@type\":\"SearchAction\",\"target\":{\"@type\":\"EntryPoint\",\"urlTemplate\":\"https:\/\/omanivietnam.com\/?s={search_term_string}\"},\"query-input\":\"required name=search_term_string\"}],\"inLanguage\":\"vi\"},{\"@type\":[\"Person\",\"Organization\"],\"@id\":\"https:\/\/omanivietnam.com\/#\/schema\/person\/0ad398a980dc3fd696111c2c5c8fa897\",\"name\":\"Nguy\u1ec5n V\u0103n Kh\u00e1nh\",\"image\":{\"@type\":\"ImageObject\",\"inLanguage\":\"vi\",\"@id\":\"https:\/\/omanivietnam.com\/#\/schema\/person\/image\/\",\"url\":\"https:\/\/omanivietnam.com\/wp-content\/uploads\/2024\/06\/logo-1024x1024.png\",\"contentUrl\":\"https:\/\/omanivietnam.com\/wp-content\/uploads\/2024\/06\/logo-1024x1024.png\",\"width\":1024,\"height\":1024,\"caption\":\"Nguy\u1ec5n V\u0103n Kh\u00e1nh\"},\"logo\":{\"@id\":\"https:\/\/omanivietnam.com\/#\/schema\/person\/image\/\"},\"sameAs\":[\"https:\/\/omanivietnam.com\"]}]}<\/script>\n<!-- \/ Yoast SEO plugin. -->","yoast_head_json":{"title":"SIEMENS 6EP3424-8UB00-0AY0 - OMANI VI\u1ec6T NAM","description":"SIEMENS 6EP3424-8UB00-0AY0 Power Supply","robots":{"index":"index","follow":"follow","max-snippet":"max-snippet:-1","max-image-preview":"max-image-preview:large","max-video-preview":"max-video-preview:-1"},"canonical":"https:\/\/omanivietnam.com\/index.php\/san-pham\/siemens-6ep3424-8ub00-0ay0\/","og_locale":"vi_VN","og_type":"article","og_title":"SIEMENS 6EP3424-8UB00-0AY0 - OMANI VI\u1ec6T NAM","og_description":"SIEMENS 6EP3424-8UB00-0AY0 Power Supply","og_url":"https:\/\/omanivietnam.com\/index.php\/san-pham\/siemens-6ep3424-8ub00-0ay0\/","og_site_name":"OMANI VI\u1ec6T NAM","og_image":[{"width":900,"height":899,"url":"https:\/\/omanivietnam.com\/wp-content\/uploads\/2025\/06\/6EP3424-8UB00-0AY0.png","type":"image\/png"}],"twitter_card":"summary_large_image","twitter_misc":{"\u01af\u1edbc t\u00ednh th\u1eddi gian \u0111\u1ecdc":"2 ph\u00fat"},"schema":{"@context":"https:\/\/schema.org","@graph":[{"@type":"WebPage","@id":"https:\/\/omanivietnam.com\/index.php\/san-pham\/siemens-6ep3424-8ub00-0ay0\/","url":"https:\/\/omanivietnam.com\/index.php\/san-pham\/siemens-6ep3424-8ub00-0ay0\/","name":"SIEMENS 6EP3424-8UB00-0AY0 - OMANI VI\u1ec6T NAM","isPartOf":{"@id":"https:\/\/omanivietnam.com\/#website"},"primaryImageOfPage":{"@id":"https:\/\/omanivietnam.com\/index.php\/san-pham\/siemens-6ep3424-8ub00-0ay0\/#primaryimage"},"image":{"@id":"https:\/\/omanivietnam.com\/index.php\/san-pham\/siemens-6ep3424-8ub00-0ay0\/#primaryimage"},"thumbnailUrl":"https:\/\/omanivietnam.com\/wp-content\/uploads\/2025\/06\/6EP3424-8UB00-0AY0.png","datePublished":"2025-06-24T15:21:26+00:00","dateModified":"2025-06-24T15:21:26+00:00","description":"SIEMENS 6EP3424-8UB00-0AY0 Power Supply","breadcrumb":{"@id":"https:\/\/omanivietnam.com\/index.php\/san-pham\/siemens-6ep3424-8ub00-0ay0\/#breadcrumb"},"inLanguage":"vi","potentialAction":[{"@type":"ReadAction","target":["https:\/\/omanivietnam.com\/index.php\/san-pham\/siemens-6ep3424-8ub00-0ay0\/"]}]},{"@type":"ImageObject","inLanguage":"vi","@id":"https:\/\/omanivietnam.com\/index.php\/san-pham\/siemens-6ep3424-8ub00-0ay0\/#primaryimage","url":"https:\/\/omanivietnam.com\/wp-content\/uploads\/2025\/06\/6EP3424-8UB00-0AY0.png","contentUrl":"https:\/\/omanivietnam.com\/wp-content\/uploads\/2025\/06\/6EP3424-8UB00-0AY0.png","width":900,"height":899},{"@type":"BreadcrumbList","@id":"https:\/\/omanivietnam.com\/index.php\/san-pham\/siemens-6ep3424-8ub00-0ay0\/#breadcrumb","itemListElement":[{"@type":"ListItem","position":1,"name":"Home","item":"https:\/\/omanivietnam.com\/"},{"@type":"ListItem","position":2,"name":"S\u1ea2N PH\u1ea8M","item":"https:\/\/omanivietnam.com\/index.php\/cua-hang\/"},{"@type":"ListItem","position":3,"name":"SIEMENS 6EP3424-8UB00-0AY0"}]},{"@type":"WebSite","@id":"https:\/\/omanivietnam.com\/#website","url":"https:\/\/omanivietnam.com\/","name":"OMANI VI\u1ec6T NAM","description":"Nh\u00e0 ph\u00e2n ph\u1ed1i thi\u1ebft b\u1ecb kh\u00ed n\u00e9n v\u00e0 thi\u1ebft b\u1ecb t\u1ef1 \u0111\u1ed9ng h\u00f3a trong c\u00f4ng nghi\u1ec7p","publisher":{"@id":"https:\/\/omanivietnam.com\/#\/schema\/person\/0ad398a980dc3fd696111c2c5c8fa897"},"potentialAction":[{"@type":"SearchAction","target":{"@type":"EntryPoint","urlTemplate":"https:\/\/omanivietnam.com\/?s={search_term_string}"},"query-input":"required name=search_term_string"}],"inLanguage":"vi"},{"@type":["Person","Organization"],"@id":"https:\/\/omanivietnam.com\/#\/schema\/person\/0ad398a980dc3fd696111c2c5c8fa897","name":"Nguy\u1ec5n V\u0103n Kh\u00e1nh","image":{"@type":"ImageObject","inLanguage":"vi","@id":"https:\/\/omanivietnam.com\/#\/schema\/person\/image\/","url":"https:\/\/omanivietnam.com\/wp-content\/uploads\/2024\/06\/logo-1024x1024.png","contentUrl":"https:\/\/omanivietnam.com\/wp-content\/uploads\/2024\/06\/logo-1024x1024.png","width":1024,"height":1024,"caption":"Nguy\u1ec5n V\u0103n Kh\u00e1nh"},"logo":{"@id":"https:\/\/omanivietnam.com\/#\/schema\/person\/image\/"},"sameAs":["https:\/\/omanivietnam.com"]}]}},"_links":{"self":[{"href":"https:\/\/omanivietnam.com\/index.php\/wp-json\/wp\/v2\/product\/4044","targetHints":{"allow":["GET"]}}],"collection":[{"href":"https:\/\/omanivietnam.com\/index.php\/wp-json\/wp\/v2\/product"}],"about":[{"href":"https:\/\/omanivietnam.com\/index.php\/wp-json\/wp\/v2\/types\/product"}],"replies":[{"embeddable":true,"href":"https:\/\/omanivietnam.com\/index.php\/wp-json\/wp\/v2\/comments?post=4044"}],"wp:featuredmedia":[{"embeddable":true,"href":"https:\/\/omanivietnam.com\/index.php\/wp-json\/wp\/v2\/media\/4045"}],"wp:attachment":[{"href":"https:\/\/omanivietnam.com\/index.php\/wp-json\/wp\/v2\/media?parent=4044"}],"wp:term":[{"taxonomy":"product_cat","embeddable":true,"href":"https:\/\/omanivietnam.com\/index.php\/wp-json\/wp\/v2\/product_cat?post=4044"},{"taxonomy":"product_tag","embeddable":true,"href":"https:\/\/omanivietnam.com\/index.php\/wp-json\/wp\/v2\/product_tag?post=4044"}],"curies":[{"name":"wp","href":"https:\/\/api.w.org\/{rel}","templated":true}]}}