{"id":4046,"date":"2025-06-24T22:39:02","date_gmt":"2025-06-24T15:39:02","guid":{"rendered":"https:\/\/omanivietnam.com\/?post_type=product&#038;p=4046"},"modified":"2025-06-24T22:39:02","modified_gmt":"2025-06-24T15:39:02","slug":"smc-mhl2-32d1","status":"publish","type":"product","link":"https:\/\/omanivietnam.com\/index.php\/san-pham\/smc-mhl2-32d1\/","title":{"rendered":"SMC MHL2-32D1"},"content":{"rendered":"<p>SMC MHL2-32D1<\/p>\n<p>Xy lanh k\u1eb9p SMC MHL2-32D1 l\u00e0 m\u1ed9t s\u1ea3n ph\u1ea9m \u0111\u01b0\u1ee3c s\u1ea3n xu\u1ea5t b\u1edfi SMC \u2013 m\u1ed9t trong nh\u1eefng th\u01b0\u01a1ng hi\u1ec7u h\u00e0ng \u0111\u1ea7u trong l\u0129nh v\u1ef1c t\u1ef1 \u0111\u1ed9ng h\u00f3a c\u00f4ng nghi\u1ec7p. V\u1edbi k\u00edch th\u01b0\u1edbc nh\u1ecf g\u1ecdn v\u00e0 kh\u1ea3 n\u0103ng k\u1eb9p v\u1eadt li\u1ec7u ch\u1eafc ch\u1eafn v\u00e0 nhanh ch\u00f3ng, s\u1ea3n ph\u1ea9m n\u00e0y \u0111\u01b0\u1ee3c s\u1eed d\u1ee5ng trong c\u00e1c \u1ee9ng d\u1ee5ng k\u1eb9p v\u1eadt li\u1ec7u, \u0111\u1eb7c bi\u1ec7t l\u00e0 trong qu\u00e1 tr\u00ecnh s\u1ea3n xu\u1ea5t v\u00e0 ch\u1ebf bi\u1ebfn g\u1ed7 v\u00e0 kim lo\u1ea1i.<\/p>\n<ul>\n<li>Xy lanh k\u1eb9p SMC MHL2-32D1 l\u00e0 m\u1ed9t s\u1ea3n ph\u1ea9m \u0111\u01b0\u1ee3c s\u1ea3n xu\u1ea5t b\u1edfi SMC \u2013 m\u1ed9t trong nh\u1eefng th\u01b0\u01a1ng hi\u1ec7u h\u00e0ng \u0111\u1ea7u trong l\u0129nh v\u1ef1c t\u1ef1 \u0111\u1ed9ng h\u00f3a c\u00f4ng nghi\u1ec7p.<\/li>\n<li>S\u1ea3n ph\u1ea9m n\u00e0y \u0111\u01b0\u1ee3c thi\u1ebft k\u1ebf \u0111\u1ec3 s\u1eed d\u1ee5ng trong c\u00e1c \u1ee9ng d\u1ee5ng k\u1eb9p v\u1eadt li\u1ec7u, \u0111\u1eb7c bi\u1ec7t l\u00e0 trong qu\u00e1 tr\u00ecnh s\u1ea3n xu\u1ea5t v\u00e0 ch\u1ebf bi\u1ebfn g\u1ed7 v\u00e0 kim lo\u1ea1i.<\/li>\n<li>Xy lanh k\u1eb9p SMC MHL2-32D1 c\u00f3 k\u00edch th\u01b0\u1edbc nh\u1ecf g\u1ecdn v\u00e0 d\u1ec5 d\u00e0ng l\u1eafp \u0111\u1eb7t. N\u00f3 c\u00f3 kh\u1ea3 n\u0103ng k\u1eb9p v\u1eadt li\u1ec7u m\u1ed9t c\u00e1ch ch\u1eafc ch\u1eafn v\u00e0 nhanh ch\u00f3ng, gi\u00fap t\u0103ng n\u0103ng su\u1ea5t v\u00e0 hi\u1ec7u qu\u1ea3 trong qu\u00e1 tr\u00ecnh s\u1ea3n xu\u1ea5t.<\/li>\n<\/ul>\n<div class=\"Complex_wrapHeadingPage__zYJKb\">\n<div>Air Gripper, Parallel Style, Wide Opening, MHL2 Series (MHL2-32D1)<\/div>\n<\/div>\n<div class=\"Complex_contentContainer__rCRY3\">\n<div class=\"Complex_introduction__PHJP8\">\n<div class=\"Complex_contentMain__aw_EI\">\n<div class=\"Complex_wrapContent__fir3j\">\n<div class=\"Complex_imageColumn__4Uzbq\">\n<div class=\"ProductImagePanel_imageContainer__oEjtV\">\n<div class=\"ModalProvider_wrapper__7XhkW\">\n<div class=\"MainProductImage_image__IQeI5\"><\/div>\n<\/div>\n<\/div>\n<\/div>\n<\/div>\n<\/div>\n<\/div>\n<\/div>\n<p>[Features]<br \/>\n\u00b7 Long stroke.<br \/>\n\u00b7 Accommodates diverse workpiece diameters with a single unit.<br \/>\n\u00b7 A compact design in which a large amount of gripping force is provided through the use of a double piston mechanism.<br \/>\n\u00b7 Double-end type oil-impregnated resin bearings with a metal backing are used for all shafts.<br \/>\n\u00b7 Built-in dust protection mechanism.<br \/>\n\u00b7 High degree of mounting flexibility.<br \/>\n\u00b7 Can be equipped with an auto switch.<\/p>\n<ul class=\"SpecTable_tableWrapper__TkrZl\">\n<li class=\"SpecTable_specComplexPN__1foAg\">\n<dl class=\"SpecTable_specTable__XNeik\">\n<dt class=\"SpecTable_specLabel__hvUFG\">Type<\/dt>\n<dd class=\"SpecTable_specValue__hPVpN\">\n<div>[Main Body] Main body<\/div>\n<\/dd>\n<\/dl>\n<\/li>\n<li class=\"SpecTable_specComplexPN__1foAg\">\n<dl class=\"SpecTable_specTable__XNeik\">\n<dt class=\"SpecTable_specLabel__hvUFG\">Gripping Methods<\/dt>\n<dd class=\"SpecTable_specValue__hPVpN\">\n<div>Pinch, Parallel Type \/ Open, Parallel Type<\/div>\n<\/dd>\n<\/dl>\n<\/li>\n<li class=\"SpecTable_specComplexPN__1foAg\">\n<dl class=\"SpecTable_specTable__XNeik\">\n<dt class=\"SpecTable_specLabel__hvUFG\">Number of Fingers<\/dt>\n<dd class=\"SpecTable_specValue__hPVpN\">\n<div>2 pcs.<\/div>\n<\/dd>\n<\/dl>\n<\/li>\n<li class=\"SpecTable_specComplexPN__1foAg\">\n<dl class=\"SpecTable_specTable__XNeik\">\n<dt class=\"SpecTable_specLabel__hvUFG\">Main Body Shape<\/dt>\n<dd class=\"SpecTable_specValue__hPVpN\">\n<div>Square Shape (Wide)<\/div>\n<\/dd>\n<\/dl>\n<\/li>\n<li class=\"SpecTable_specComplexPN__1foAg\">\n<dl class=\"SpecTable_specTable__XNeik\">\n<dt class=\"SpecTable_specLabel__hvUFG\">Operation Method<\/dt>\n<dd class=\"SpecTable_specValue__hPVpN\">\n<div>Double Acting Type<\/div>\n<\/dd>\n<\/dl>\n<\/li>\n<li class=\"SpecTable_specComplexPN__1foAg\">\n<dl class=\"SpecTable_specTable__XNeik\">\n<dt class=\"SpecTable_specLabel__hvUFG\">Dimensions when open<\/dt>\n<dd class=\"SpecTable_specValue__hPVpN\">\n<div>318<\/div>\n<\/dd>\n<\/dl>\n<\/li>\n<li class=\"SpecTable_specComplexPN__1foAg\">\n<dl class=\"SpecTable_specTable__XNeik\">\n<dt class=\"SpecTable_specLabel__hvUFG\">Dimensions when closed<\/dt>\n<dd class=\"SpecTable_specValue__hPVpN\">\n<div>198<\/div>\n<\/dd>\n<\/dl>\n<\/li>\n<li class=\"SpecTable_specComplexPN__1foAg\">\n<dl class=\"SpecTable_specTable__XNeik\">\n<dt class=\"SpecTable_specLabel__hvUFG\">Gripping Force (when 0.5Mpa at opening)<\/dt>\n<dd class=\"SpecTable_specValue__hPVpN\">\n<div>228<\/div>\n<\/dd>\n<\/dl>\n<\/li>\n<li class=\"SpecTable_specComplexPN__1foAg\">\n<dl class=\"SpecTable_specTable__XNeik\">\n<dt class=\"SpecTable_specLabel__hvUFG\">Gripping Force (when 0.5Mpa at closing)<\/dt>\n<dd class=\"SpecTable_specValue__hPVpN\">\n<div>228<\/div>\n<\/dd>\n<\/dl>\n<\/li>\n<li class=\"SpecTable_specComplexPN__1foAg\">\n<dl class=\"SpecTable_specTable__XNeik\">\n<dt class=\"SpecTable_specLabel__hvUFG\">Environment, Applications<\/dt>\n<dd class=\"SpecTable_specValue__hPVpN\">\n<div>Dust Resistant<\/div>\n<\/dd>\n<\/dl>\n<\/li>\n<li class=\"SpecTable_specComplexPN__1foAg\">\n<dl class=\"SpecTable_specTable__XNeik\">\n<dt class=\"SpecTable_specLabel__hvUFG\">Additional Functions<\/dt>\n<dd class=\"SpecTable_specValue__hPVpN\">\n<div>Bearing Support<\/div>\n<\/dd>\n<\/dl>\n<\/li>\n<li class=\"SpecTable_specComplexPN__1foAg\">\n<dl class=\"SpecTable_specTable__XNeik\">\n<dt class=\"SpecTable_specLabel__hvUFG\">Stroke Adjustment Mechanism<\/dt>\n<dd class=\"SpecTable_specValue__hPVpN\">\n<div>Not Provided<\/div>\n<\/dd>\n<\/dl>\n<\/li>\n<li class=\"SpecTable_specComplexPN__1foAg\">\n<dl class=\"SpecTable_specTable__XNeik\">\n<dt class=\"SpecTable_specLabel__hvUFG\">Operating Pressure Range<\/dt>\n<dd class=\"SpecTable_specValue__hPVpN\">\n<div>0.1\uff5e0.6<\/div>\n<\/dd>\n<\/dl>\n<\/li>\n<li class=\"SpecTable_specComplexPN__1foAg\">\n<dl class=\"SpecTable_specTable__XNeik\">\n<dt class=\"SpecTable_specLabel__hvUFG\">Cylinder internal diameter<\/dt>\n<dd class=\"SpecTable_specValue__hPVpN\">\n<div>32<\/div>\n<\/dd>\n<\/dl>\n<\/li>\n<li class=\"SpecTable_specComplexPN__1foAg\">\n<dl class=\"SpecTable_specTable__XNeik\">\n<dt class=\"SpecTable_specLabel__hvUFG\">Auto switch<\/dt>\n<dd class=\"SpecTable_specValue__hPVpN\">\n<div>Without auto switch<\/div>\n<\/dd>\n<\/dl>\n<\/li>\n<li class=\"SpecTable_specComplexPN__1foAg\">\n<dl class=\"SpecTable_specTable__XNeik\">\n<dt class=\"SpecTable_specLabel__hvUFG\">Number of switches<\/dt>\n<dd class=\"SpecTable_specValue__hPVpN\">\n<div>None<\/div>\n<\/dd>\n<\/dl>\n<\/li>\n<li class=\"SpecTable_specComplexPN__1foAg\">\n<dl class=\"SpecTable_specTable__XNeik\">\n<dt class=\"SpecTable_specLabel__hvUFG\">Lead wire length<\/dt>\n<dd class=\"SpecTable_specValue__hPVpN\">\n<div>None<\/div>\n<\/dd>\n<\/dl>\n<\/li>\n<li class=\"SpecTable_specComplexPN__1foAg\">\n<dl class=\"SpecTable_specTable__XNeik\">\n<dt class=\"SpecTable_specLabel__hvUFG\">Stroke<\/dt>\n<dd class=\"SpecTable_specValue__hPVpN\">\n<div>120<\/div>\n<\/dd>\n<\/dl>\n<\/li>\n<li class=\"SpecTable_specComplexPN__1foAg\">\n<dl class=\"SpecTable_specTable__XNeik\">\n<dt class=\"SpecTable_specLabel__hvUFG\">Made to order specifications<\/dt>\n<dd class=\"SpecTable_specValue__hPVpN\">\n<div>None<\/div>\n<\/dd>\n<\/dl>\n<\/li>\n<li class=\"SpecTable_specComplexPN__1foAg\">\n<dl class=\"SpecTable_specTable__XNeik\">\n<dt class=\"SpecTable_specLabel__hvUFG\">Connector type for gripper opening\/closing<\/dt>\n<dd class=\"SpecTable_specValue__hPVpN\">\n<div>None<\/div>\n<\/dd>\n<\/dl>\n<\/li>\n<li class=\"SpecTable_specComplexPN__1foAg\">\n<dl class=\"SpecTable_specTable__XNeik\">\n<dt class=\"SpecTable_specLabel__hvUFG\">Port thread type<\/dt>\n<dd class=\"SpecTable_specValue__hPVpN\">\n<div>Rc<\/div>\n<\/dd>\n<\/dl>\n<\/li>\n<li class=\"SpecTable_specComplexPN__1foAg\">\n<dl class=\"SpecTable_specTable__XNeik\">\n<dt class=\"SpecTable_specLabel__hvUFG\">Piston materials<\/dt>\n<dd class=\"SpecTable_specValue__hPVpN\">\n<div>Brass<\/div>\n<\/dd>\n<\/dl>\n<\/li>\n<\/ul>\n","protected":false},"excerpt":{"rendered":"<p>SMC MHL2-32D1 Xy lanh k\u1eb9p SMC MHL2-32D1 l\u00e0 m\u1ed9t s\u1ea3n ph\u1ea9m \u0111\u01b0\u1ee3c s\u1ea3n xu\u1ea5t b\u1edfi SMC \u2013 m\u1ed9t trong nh\u1eefng th\u01b0\u01a1ng hi\u1ec7u h\u00e0ng \u0111\u1ea7u trong l\u0129nh v\u1ef1c t\u1ef1 \u0111\u1ed9ng h\u00f3a c\u00f4ng nghi\u1ec7p. V\u1edbi k\u00edch th\u01b0\u1edbc nh\u1ecf g\u1ecdn v\u00e0 kh\u1ea3 n\u0103ng k\u1eb9p v\u1eadt li\u1ec7u ch\u1eafc ch\u1eafn v\u00e0 nhanh ch\u00f3ng, s\u1ea3n ph\u1ea9m&hellip; <\/p>\n","protected":false},"featured_media":4047,"comment_status":"open","ping_status":"closed","template":"","meta":[],"product_cat":[283],"product_tag":[93,92,98],"class_list":{"0":"post-4046","1":"product","2":"type-product","3":"status-publish","4":"has-post-thumbnail","6":"product_cat-smc","7":"product_tag-dai-ly-smc-viet-nam","8":"product_tag-smc-viet-nam","9":"product_tag-xy-lanh-khi","11":"first","12":"instock","13":"shipping-taxable","14":"product-type-simple"},"yoast_head":"<!-- This site is optimized with the Yoast SEO plugin v22.8 - https:\/\/yoast.com\/wordpress\/plugins\/seo\/ -->\n<title>SMC MHL2-32D1 - OMANI VI\u1ec6T NAM<\/title>\n<meta name=\"description\" content=\"SMC MHL2-32D1 Air Gripper\" \/>\n<meta name=\"robots\" content=\"index, follow, max-snippet:-1, max-image-preview:large, max-video-preview:-1\" \/>\n<link rel=\"canonical\" href=\"https:\/\/omanivietnam.com\/index.php\/san-pham\/smc-mhl2-32d1\/\" \/>\n<meta property=\"og:locale\" content=\"vi_VN\" \/>\n<meta property=\"og:type\" content=\"article\" \/>\n<meta property=\"og:title\" content=\"SMC MHL2-32D1 - OMANI VI\u1ec6T NAM\" \/>\n<meta property=\"og:description\" content=\"SMC MHL2-32D1 Air Gripper\" \/>\n<meta property=\"og:url\" content=\"https:\/\/omanivietnam.com\/index.php\/san-pham\/smc-mhl2-32d1\/\" \/>\n<meta property=\"og:site_name\" content=\"OMANI VI\u1ec6T NAM\" \/>\n<meta property=\"og:image\" content=\"https:\/\/omanivietnam.com\/wp-content\/uploads\/2025\/06\/MHL2-32D1.png\" \/>\n\t<meta property=\"og:image:width\" content=\"1011\" \/>\n\t<meta property=\"og:image:height\" content=\"661\" \/>\n\t<meta property=\"og:image:type\" content=\"image\/png\" \/>\n<meta name=\"twitter:card\" content=\"summary_large_image\" \/>\n<meta name=\"twitter:label1\" content=\"\u01af\u1edbc t\u00ednh th\u1eddi gian \u0111\u1ecdc\" \/>\n\t<meta name=\"twitter:data1\" content=\"3 ph\u00fat\" \/>\n<script type=\"application\/ld+json\" class=\"yoast-schema-graph\">{\"@context\":\"https:\/\/schema.org\",\"@graph\":[{\"@type\":\"WebPage\",\"@id\":\"https:\/\/omanivietnam.com\/index.php\/san-pham\/smc-mhl2-32d1\/\",\"url\":\"https:\/\/omanivietnam.com\/index.php\/san-pham\/smc-mhl2-32d1\/\",\"name\":\"SMC MHL2-32D1 - OMANI VI\u1ec6T NAM\",\"isPartOf\":{\"@id\":\"https:\/\/omanivietnam.com\/#website\"},\"primaryImageOfPage\":{\"@id\":\"https:\/\/omanivietnam.com\/index.php\/san-pham\/smc-mhl2-32d1\/#primaryimage\"},\"image\":{\"@id\":\"https:\/\/omanivietnam.com\/index.php\/san-pham\/smc-mhl2-32d1\/#primaryimage\"},\"thumbnailUrl\":\"https:\/\/omanivietnam.com\/wp-content\/uploads\/2025\/06\/MHL2-32D1.png\",\"datePublished\":\"2025-06-24T15:39:02+00:00\",\"dateModified\":\"2025-06-24T15:39:02+00:00\",\"description\":\"SMC MHL2-32D1 Air Gripper\",\"breadcrumb\":{\"@id\":\"https:\/\/omanivietnam.com\/index.php\/san-pham\/smc-mhl2-32d1\/#breadcrumb\"},\"inLanguage\":\"vi\",\"potentialAction\":[{\"@type\":\"ReadAction\",\"target\":[\"https:\/\/omanivietnam.com\/index.php\/san-pham\/smc-mhl2-32d1\/\"]}]},{\"@type\":\"ImageObject\",\"inLanguage\":\"vi\",\"@id\":\"https:\/\/omanivietnam.com\/index.php\/san-pham\/smc-mhl2-32d1\/#primaryimage\",\"url\":\"https:\/\/omanivietnam.com\/wp-content\/uploads\/2025\/06\/MHL2-32D1.png\",\"contentUrl\":\"https:\/\/omanivietnam.com\/wp-content\/uploads\/2025\/06\/MHL2-32D1.png\",\"width\":1011,\"height\":661},{\"@type\":\"BreadcrumbList\",\"@id\":\"https:\/\/omanivietnam.com\/index.php\/san-pham\/smc-mhl2-32d1\/#breadcrumb\",\"itemListElement\":[{\"@type\":\"ListItem\",\"position\":1,\"name\":\"Home\",\"item\":\"https:\/\/omanivietnam.com\/\"},{\"@type\":\"ListItem\",\"position\":2,\"name\":\"S\u1ea2N PH\u1ea8M\",\"item\":\"https:\/\/omanivietnam.com\/index.php\/cua-hang\/\"},{\"@type\":\"ListItem\",\"position\":3,\"name\":\"SMC MHL2-32D1\"}]},{\"@type\":\"WebSite\",\"@id\":\"https:\/\/omanivietnam.com\/#website\",\"url\":\"https:\/\/omanivietnam.com\/\",\"name\":\"OMANI VI\u1ec6T NAM\",\"description\":\"Nh\u00e0 ph\u00e2n ph\u1ed1i thi\u1ebft b\u1ecb kh\u00ed n\u00e9n v\u00e0 thi\u1ebft b\u1ecb t\u1ef1 \u0111\u1ed9ng h\u00f3a trong c\u00f4ng nghi\u1ec7p\",\"publisher\":{\"@id\":\"https:\/\/omanivietnam.com\/#\/schema\/person\/0ad398a980dc3fd696111c2c5c8fa897\"},\"potentialAction\":[{\"@type\":\"SearchAction\",\"target\":{\"@type\":\"EntryPoint\",\"urlTemplate\":\"https:\/\/omanivietnam.com\/?s={search_term_string}\"},\"query-input\":\"required name=search_term_string\"}],\"inLanguage\":\"vi\"},{\"@type\":[\"Person\",\"Organization\"],\"@id\":\"https:\/\/omanivietnam.com\/#\/schema\/person\/0ad398a980dc3fd696111c2c5c8fa897\",\"name\":\"Nguy\u1ec5n V\u0103n Kh\u00e1nh\",\"image\":{\"@type\":\"ImageObject\",\"inLanguage\":\"vi\",\"@id\":\"https:\/\/omanivietnam.com\/#\/schema\/person\/image\/\",\"url\":\"https:\/\/omanivietnam.com\/wp-content\/uploads\/2024\/06\/logo-1024x1024.png\",\"contentUrl\":\"https:\/\/omanivietnam.com\/wp-content\/uploads\/2024\/06\/logo-1024x1024.png\",\"width\":1024,\"height\":1024,\"caption\":\"Nguy\u1ec5n V\u0103n Kh\u00e1nh\"},\"logo\":{\"@id\":\"https:\/\/omanivietnam.com\/#\/schema\/person\/image\/\"},\"sameAs\":[\"https:\/\/omanivietnam.com\"]}]}<\/script>\n<!-- \/ Yoast SEO plugin. -->","yoast_head_json":{"title":"SMC MHL2-32D1 - OMANI VI\u1ec6T NAM","description":"SMC MHL2-32D1 Air Gripper","robots":{"index":"index","follow":"follow","max-snippet":"max-snippet:-1","max-image-preview":"max-image-preview:large","max-video-preview":"max-video-preview:-1"},"canonical":"https:\/\/omanivietnam.com\/index.php\/san-pham\/smc-mhl2-32d1\/","og_locale":"vi_VN","og_type":"article","og_title":"SMC MHL2-32D1 - OMANI VI\u1ec6T NAM","og_description":"SMC MHL2-32D1 Air Gripper","og_url":"https:\/\/omanivietnam.com\/index.php\/san-pham\/smc-mhl2-32d1\/","og_site_name":"OMANI VI\u1ec6T NAM","og_image":[{"width":1011,"height":661,"url":"https:\/\/omanivietnam.com\/wp-content\/uploads\/2025\/06\/MHL2-32D1.png","type":"image\/png"}],"twitter_card":"summary_large_image","twitter_misc":{"\u01af\u1edbc t\u00ednh th\u1eddi gian \u0111\u1ecdc":"3 ph\u00fat"},"schema":{"@context":"https:\/\/schema.org","@graph":[{"@type":"WebPage","@id":"https:\/\/omanivietnam.com\/index.php\/san-pham\/smc-mhl2-32d1\/","url":"https:\/\/omanivietnam.com\/index.php\/san-pham\/smc-mhl2-32d1\/","name":"SMC MHL2-32D1 - OMANI VI\u1ec6T NAM","isPartOf":{"@id":"https:\/\/omanivietnam.com\/#website"},"primaryImageOfPage":{"@id":"https:\/\/omanivietnam.com\/index.php\/san-pham\/smc-mhl2-32d1\/#primaryimage"},"image":{"@id":"https:\/\/omanivietnam.com\/index.php\/san-pham\/smc-mhl2-32d1\/#primaryimage"},"thumbnailUrl":"https:\/\/omanivietnam.com\/wp-content\/uploads\/2025\/06\/MHL2-32D1.png","datePublished":"2025-06-24T15:39:02+00:00","dateModified":"2025-06-24T15:39:02+00:00","description":"SMC MHL2-32D1 Air Gripper","breadcrumb":{"@id":"https:\/\/omanivietnam.com\/index.php\/san-pham\/smc-mhl2-32d1\/#breadcrumb"},"inLanguage":"vi","potentialAction":[{"@type":"ReadAction","target":["https:\/\/omanivietnam.com\/index.php\/san-pham\/smc-mhl2-32d1\/"]}]},{"@type":"ImageObject","inLanguage":"vi","@id":"https:\/\/omanivietnam.com\/index.php\/san-pham\/smc-mhl2-32d1\/#primaryimage","url":"https:\/\/omanivietnam.com\/wp-content\/uploads\/2025\/06\/MHL2-32D1.png","contentUrl":"https:\/\/omanivietnam.com\/wp-content\/uploads\/2025\/06\/MHL2-32D1.png","width":1011,"height":661},{"@type":"BreadcrumbList","@id":"https:\/\/omanivietnam.com\/index.php\/san-pham\/smc-mhl2-32d1\/#breadcrumb","itemListElement":[{"@type":"ListItem","position":1,"name":"Home","item":"https:\/\/omanivietnam.com\/"},{"@type":"ListItem","position":2,"name":"S\u1ea2N PH\u1ea8M","item":"https:\/\/omanivietnam.com\/index.php\/cua-hang\/"},{"@type":"ListItem","position":3,"name":"SMC MHL2-32D1"}]},{"@type":"WebSite","@id":"https:\/\/omanivietnam.com\/#website","url":"https:\/\/omanivietnam.com\/","name":"OMANI VI\u1ec6T NAM","description":"Nh\u00e0 ph\u00e2n ph\u1ed1i thi\u1ebft b\u1ecb kh\u00ed n\u00e9n v\u00e0 thi\u1ebft b\u1ecb t\u1ef1 \u0111\u1ed9ng h\u00f3a trong c\u00f4ng nghi\u1ec7p","publisher":{"@id":"https:\/\/omanivietnam.com\/#\/schema\/person\/0ad398a980dc3fd696111c2c5c8fa897"},"potentialAction":[{"@type":"SearchAction","target":{"@type":"EntryPoint","urlTemplate":"https:\/\/omanivietnam.com\/?s={search_term_string}"},"query-input":"required name=search_term_string"}],"inLanguage":"vi"},{"@type":["Person","Organization"],"@id":"https:\/\/omanivietnam.com\/#\/schema\/person\/0ad398a980dc3fd696111c2c5c8fa897","name":"Nguy\u1ec5n V\u0103n Kh\u00e1nh","image":{"@type":"ImageObject","inLanguage":"vi","@id":"https:\/\/omanivietnam.com\/#\/schema\/person\/image\/","url":"https:\/\/omanivietnam.com\/wp-content\/uploads\/2024\/06\/logo-1024x1024.png","contentUrl":"https:\/\/omanivietnam.com\/wp-content\/uploads\/2024\/06\/logo-1024x1024.png","width":1024,"height":1024,"caption":"Nguy\u1ec5n V\u0103n Kh\u00e1nh"},"logo":{"@id":"https:\/\/omanivietnam.com\/#\/schema\/person\/image\/"},"sameAs":["https:\/\/omanivietnam.com"]}]}},"_links":{"self":[{"href":"https:\/\/omanivietnam.com\/index.php\/wp-json\/wp\/v2\/product\/4046","targetHints":{"allow":["GET"]}}],"collection":[{"href":"https:\/\/omanivietnam.com\/index.php\/wp-json\/wp\/v2\/product"}],"about":[{"href":"https:\/\/omanivietnam.com\/index.php\/wp-json\/wp\/v2\/types\/product"}],"replies":[{"embeddable":true,"href":"https:\/\/omanivietnam.com\/index.php\/wp-json\/wp\/v2\/comments?post=4046"}],"wp:featuredmedia":[{"embeddable":true,"href":"https:\/\/omanivietnam.com\/index.php\/wp-json\/wp\/v2\/media\/4047"}],"wp:attachment":[{"href":"https:\/\/omanivietnam.com\/index.php\/wp-json\/wp\/v2\/media?parent=4046"}],"wp:term":[{"taxonomy":"product_cat","embeddable":true,"href":"https:\/\/omanivietnam.com\/index.php\/wp-json\/wp\/v2\/product_cat?post=4046"},{"taxonomy":"product_tag","embeddable":true,"href":"https:\/\/omanivietnam.com\/index.php\/wp-json\/wp\/v2\/product_tag?post=4046"}],"curies":[{"name":"wp","href":"https:\/\/api.w.org\/{rel}","templated":true}]}}