{"id":4056,"date":"2025-06-26T21:27:44","date_gmt":"2025-06-26T14:27:44","guid":{"rendered":"https:\/\/omanivietnam.com\/?post_type=product&#038;p=4056"},"modified":"2025-06-26T21:27:44","modified_gmt":"2025-06-26T14:27:44","slug":"isma-controlli-mvh56e-24v","status":"publish","type":"product","link":"https:\/\/omanivietnam.com\/index.php\/san-pham\/isma-controlli-mvh56e-24v\/","title":{"rendered":"iSMA CONTROLLI MVH56E 24V"},"content":{"rendered":"<p>iSMA CONTROLLI MVH56E 24V<\/p>\n<p class=\"page-title\"><span class=\"base\" data-ui-id=\"page-title-wrapper\">MVL56F\/MVH56F\/MVH3K\/MVH56E\/MVHE3K<\/span><\/p>\n<p>MVH56E is a very flexible electromechanical actuator for the control of two and three-way globe valves used in heating and air conditioning systems, air handling units, district heating systems and industrial control systems. It can be controlled either by a proportional (modulating) or by a floating signal.<br \/>\nInstallation and connection is very simple. It is possible to couple it directly on all types of CONTROLLI flanged valves, for the CONTROLLI threaded valves and for the valves of other manufacturers, connection kits are available.<\/p>\n<p>The actuator has a very high resolution (500 steps over the entire stroke range) for precise control of the fluid temperature and is able to self- calibrate on different strokes without the need for user intervention (this function is selectable through the DIP switches present).<\/p>\n<p>MVH56E is equipped with diagnostic functions which, in the event of faults, signals the specific problem via two LEDs (RED and GREEN) on the control board.<\/p>\n<p>Technical Data<\/p>\n<p><main id=\"maincontent\" class=\"page-main\"><\/p>\n<div class=\"columns col2-layout\">\n<div class=\"container\">\n<div class=\"row\">\n<div class=\"col-lg-9 col-md-9 col-left-sidebar\">\n<div class=\"column main\">\n<div class=\"product info detailed\">\n<div class=\"product data items vertical-style\">\n<div class=\"resp-tabs-container\">\n<div id=\"additional\" class=\"data item content resp-tab-content\" role=\"tabpanel\" data-role=\"content\" aria-labelledby=\"tab-label-additional\" aria-hidden=\"false\">\n<div class=\"additional-attributes-wrapper table-wrapper\">\n<table id=\"product-attribute-specs-table\" class=\"data table additional-attributes\">\n<tbody>\n<tr>\n<th class=\"col label\" scope=\"row\">Power supply<\/th>\n<td class=\"col data\" data-th=\"Power supply\">24 V AC, 24 V DC<\/td>\n<\/tr>\n<tr>\n<th class=\"col label\" scope=\"row\">Power consumption Max. [VA]<\/th>\n<td class=\"col data\" data-th=\"Power consumption Max. [VA]\">12<\/td>\n<\/tr>\n<tr>\n<th class=\"col label\" scope=\"row\">Power consumption [W]<\/th>\n<td class=\"col data\" data-th=\"Power consumption [W]\">5,2<\/td>\n<\/tr>\n<tr>\n<th class=\"col label\" scope=\"row\">Force [N]<\/th>\n<td class=\"col data\" data-th=\"Force [N]\">1500<\/td>\n<\/tr>\n<tr>\n<th class=\"col label\" scope=\"row\">IP<\/th>\n<td class=\"col data\" data-th=\"IP\">55<\/td>\n<\/tr>\n<tr>\n<th class=\"col label\" scope=\"row\">Stroke [mm]<\/th>\n<td class=\"col data\" data-th=\"Stroke [mm]\">45<\/td>\n<\/tr>\n<tr>\n<th class=\"col label\" scope=\"row\">Control signal<\/th>\n<td class=\"col data\" data-th=\"Control signal\">Floating, Proportional<\/td>\n<\/tr>\n<tr>\n<th class=\"col label\" scope=\"row\">Working range<\/th>\n<td class=\"col data\" data-th=\"Working range\">0\u00f710 V DC, 0\u00f75 V DC, 2\u00f76 V DC, 2\u00f710 V DC, 5\u00f710 V DC, 6\u00f710 V DC, 4\u00f720 mA<\/td>\n<\/tr>\n<tr>\n<th class=\"col label\" scope=\"row\">Emergency Return<\/th>\n<td class=\"col data\" data-th=\"Emergency Return\">No<\/td>\n<\/tr>\n<tr>\n<th class=\"col label\" scope=\"row\">Application<\/th>\n<td class=\"col data\" data-th=\"Application\">for valves<\/td>\n<\/tr>\n<tr>\n<th class=\"col label\" scope=\"row\">Actuators type<\/th>\n<td class=\"col data\" data-th=\"Actuators type\">Motoric<\/td>\n<\/tr>\n<tr>\n<th class=\"col label\" scope=\"row\">T Fluid max [\u00b0C]<\/th>\n<td class=\"col data\" data-th=\"T Fluid max [\u00b0C]\">250<\/td>\n<\/tr>\n<\/tbody>\n<\/table>\n<\/div>\n<\/div>\n<\/div>\n<\/div>\n<\/div>\n<\/div>\n<\/div>\n<\/div>\n<\/div>\n<\/div>\n<p><\/main><\/p>\n<div class=\"page-bottom\">\n<div class=\"container\"><\/div>\n<\/div>\n<footer class=\"page-footer\">\n<div class=\"footer footer-wrapper\">\n<div class=\"footer-container footer-style-1\">\n<div class=\"footer-wrapper\">\n<div class=\"footer-head\">\n<div class=\"container\">\n<div class=\"row\">\n<div class=\"col-lg-4\">\n<div class=\"socials-wrap\">\n<p>&nbsp;<\/p>\n<\/div>\n<\/div>\n<div class=\"col-lg-8\">\n<div class=\"block-subscribe-footer\">\n<div class=\"title-middle-footer\"><\/div>\n<\/div>\n<\/div>\n<\/div>\n<\/div>\n<\/div>\n<\/div>\n<\/div>\n<\/div>\n<\/footer>\n","protected":false},"excerpt":{"rendered":"<p>iSMA CONTROLLI MVH56E 24V MVL56F\/MVH56F\/MVH3K\/MVH56E\/MVHE3K MVH56E is a very flexible electromechanical actuator for the control of two and three-way globe valves used in heating and air conditioning systems, air handling units, district heating systems and industrial control systems. It can be controlled either by a proportional (modulating) or by a&hellip; <\/p>\n","protected":false},"featured_media":4057,"comment_status":"open","ping_status":"closed","template":"","meta":[],"product_cat":[778],"product_tag":[780,779,451],"class_list":{"0":"post-4056","1":"product","2":"type-product","3":"status-publish","4":"has-post-thumbnail","6":"product_cat-isma-controlli","7":"product_tag-dai-ly-isma-controlli-viet-nam","8":"product_tag-isma-controlli-viet-nam","9":"product_tag-van","11":"first","12":"instock","13":"shipping-taxable","14":"product-type-simple"},"yoast_head":"<!-- This site is optimized with the Yoast SEO plugin v22.8 - https:\/\/yoast.com\/wordpress\/plugins\/seo\/ -->\n<title>iSMA CONTROLLI MVH56E 24V - OMANI VI\u1ec6T NAM<\/title>\n<meta name=\"description\" content=\"iSMA CONTROLLI MVH56E 24V Valves Actuators\" \/>\n<meta name=\"robots\" content=\"index, follow, max-snippet:-1, max-image-preview:large, max-video-preview:-1\" \/>\n<link rel=\"canonical\" href=\"https:\/\/omanivietnam.com\/index.php\/san-pham\/isma-controlli-mvh56e-24v\/\" \/>\n<meta property=\"og:locale\" content=\"vi_VN\" \/>\n<meta property=\"og:type\" content=\"article\" \/>\n<meta property=\"og:title\" content=\"iSMA CONTROLLI MVH56E 24V - OMANI VI\u1ec6T NAM\" \/>\n<meta property=\"og:description\" content=\"iSMA CONTROLLI MVH56E 24V Valves Actuators\" \/>\n<meta property=\"og:url\" content=\"https:\/\/omanivietnam.com\/index.php\/san-pham\/isma-controlli-mvh56e-24v\/\" \/>\n<meta property=\"og:site_name\" content=\"OMANI VI\u1ec6T NAM\" \/>\n<meta property=\"og:image\" content=\"https:\/\/omanivietnam.com\/wp-content\/uploads\/2025\/06\/MVH56E-24V.png\" \/>\n\t<meta property=\"og:image:width\" content=\"468\" \/>\n\t<meta property=\"og:image:height\" content=\"609\" \/>\n\t<meta property=\"og:image:type\" content=\"image\/png\" \/>\n<meta name=\"twitter:card\" content=\"summary_large_image\" \/>\n<meta name=\"twitter:label1\" content=\"\u01af\u1edbc t\u00ednh th\u1eddi gian \u0111\u1ecdc\" \/>\n\t<meta name=\"twitter:data1\" content=\"2 ph\u00fat\" \/>\n<script type=\"application\/ld+json\" class=\"yoast-schema-graph\">{\"@context\":\"https:\/\/schema.org\",\"@graph\":[{\"@type\":\"WebPage\",\"@id\":\"https:\/\/omanivietnam.com\/index.php\/san-pham\/isma-controlli-mvh56e-24v\/\",\"url\":\"https:\/\/omanivietnam.com\/index.php\/san-pham\/isma-controlli-mvh56e-24v\/\",\"name\":\"iSMA CONTROLLI MVH56E 24V - OMANI VI\u1ec6T NAM\",\"isPartOf\":{\"@id\":\"https:\/\/omanivietnam.com\/#website\"},\"primaryImageOfPage\":{\"@id\":\"https:\/\/omanivietnam.com\/index.php\/san-pham\/isma-controlli-mvh56e-24v\/#primaryimage\"},\"image\":{\"@id\":\"https:\/\/omanivietnam.com\/index.php\/san-pham\/isma-controlli-mvh56e-24v\/#primaryimage\"},\"thumbnailUrl\":\"https:\/\/omanivietnam.com\/wp-content\/uploads\/2025\/06\/MVH56E-24V.png\",\"datePublished\":\"2025-06-26T14:27:44+00:00\",\"dateModified\":\"2025-06-26T14:27:44+00:00\",\"description\":\"iSMA CONTROLLI MVH56E 24V Valves Actuators\",\"breadcrumb\":{\"@id\":\"https:\/\/omanivietnam.com\/index.php\/san-pham\/isma-controlli-mvh56e-24v\/#breadcrumb\"},\"inLanguage\":\"vi\",\"potentialAction\":[{\"@type\":\"ReadAction\",\"target\":[\"https:\/\/omanivietnam.com\/index.php\/san-pham\/isma-controlli-mvh56e-24v\/\"]}]},{\"@type\":\"ImageObject\",\"inLanguage\":\"vi\",\"@id\":\"https:\/\/omanivietnam.com\/index.php\/san-pham\/isma-controlli-mvh56e-24v\/#primaryimage\",\"url\":\"https:\/\/omanivietnam.com\/wp-content\/uploads\/2025\/06\/MVH56E-24V.png\",\"contentUrl\":\"https:\/\/omanivietnam.com\/wp-content\/uploads\/2025\/06\/MVH56E-24V.png\",\"width\":468,\"height\":609},{\"@type\":\"BreadcrumbList\",\"@id\":\"https:\/\/omanivietnam.com\/index.php\/san-pham\/isma-controlli-mvh56e-24v\/#breadcrumb\",\"itemListElement\":[{\"@type\":\"ListItem\",\"position\":1,\"name\":\"Home\",\"item\":\"https:\/\/omanivietnam.com\/\"},{\"@type\":\"ListItem\",\"position\":2,\"name\":\"S\u1ea2N PH\u1ea8M\",\"item\":\"https:\/\/omanivietnam.com\/index.php\/cua-hang\/\"},{\"@type\":\"ListItem\",\"position\":3,\"name\":\"iSMA CONTROLLI MVH56E 24V\"}]},{\"@type\":\"WebSite\",\"@id\":\"https:\/\/omanivietnam.com\/#website\",\"url\":\"https:\/\/omanivietnam.com\/\",\"name\":\"OMANI VI\u1ec6T NAM\",\"description\":\"Nh\u00e0 ph\u00e2n ph\u1ed1i thi\u1ebft b\u1ecb kh\u00ed n\u00e9n v\u00e0 thi\u1ebft b\u1ecb t\u1ef1 \u0111\u1ed9ng h\u00f3a trong c\u00f4ng nghi\u1ec7p\",\"publisher\":{\"@id\":\"https:\/\/omanivietnam.com\/#\/schema\/person\/0ad398a980dc3fd696111c2c5c8fa897\"},\"potentialAction\":[{\"@type\":\"SearchAction\",\"target\":{\"@type\":\"EntryPoint\",\"urlTemplate\":\"https:\/\/omanivietnam.com\/?s={search_term_string}\"},\"query-input\":\"required name=search_term_string\"}],\"inLanguage\":\"vi\"},{\"@type\":[\"Person\",\"Organization\"],\"@id\":\"https:\/\/omanivietnam.com\/#\/schema\/person\/0ad398a980dc3fd696111c2c5c8fa897\",\"name\":\"Nguy\u1ec5n V\u0103n Kh\u00e1nh\",\"image\":{\"@type\":\"ImageObject\",\"inLanguage\":\"vi\",\"@id\":\"https:\/\/omanivietnam.com\/#\/schema\/person\/image\/\",\"url\":\"https:\/\/omanivietnam.com\/wp-content\/uploads\/2024\/06\/logo-1024x1024.png\",\"contentUrl\":\"https:\/\/omanivietnam.com\/wp-content\/uploads\/2024\/06\/logo-1024x1024.png\",\"width\":1024,\"height\":1024,\"caption\":\"Nguy\u1ec5n V\u0103n Kh\u00e1nh\"},\"logo\":{\"@id\":\"https:\/\/omanivietnam.com\/#\/schema\/person\/image\/\"},\"sameAs\":[\"https:\/\/omanivietnam.com\"]}]}<\/script>\n<!-- \/ Yoast SEO plugin. -->","yoast_head_json":{"title":"iSMA CONTROLLI MVH56E 24V - OMANI VI\u1ec6T NAM","description":"iSMA CONTROLLI MVH56E 24V Valves Actuators","robots":{"index":"index","follow":"follow","max-snippet":"max-snippet:-1","max-image-preview":"max-image-preview:large","max-video-preview":"max-video-preview:-1"},"canonical":"https:\/\/omanivietnam.com\/index.php\/san-pham\/isma-controlli-mvh56e-24v\/","og_locale":"vi_VN","og_type":"article","og_title":"iSMA CONTROLLI MVH56E 24V - OMANI VI\u1ec6T NAM","og_description":"iSMA CONTROLLI MVH56E 24V Valves Actuators","og_url":"https:\/\/omanivietnam.com\/index.php\/san-pham\/isma-controlli-mvh56e-24v\/","og_site_name":"OMANI VI\u1ec6T NAM","og_image":[{"width":468,"height":609,"url":"https:\/\/omanivietnam.com\/wp-content\/uploads\/2025\/06\/MVH56E-24V.png","type":"image\/png"}],"twitter_card":"summary_large_image","twitter_misc":{"\u01af\u1edbc t\u00ednh th\u1eddi gian \u0111\u1ecdc":"2 ph\u00fat"},"schema":{"@context":"https:\/\/schema.org","@graph":[{"@type":"WebPage","@id":"https:\/\/omanivietnam.com\/index.php\/san-pham\/isma-controlli-mvh56e-24v\/","url":"https:\/\/omanivietnam.com\/index.php\/san-pham\/isma-controlli-mvh56e-24v\/","name":"iSMA CONTROLLI MVH56E 24V - OMANI VI\u1ec6T NAM","isPartOf":{"@id":"https:\/\/omanivietnam.com\/#website"},"primaryImageOfPage":{"@id":"https:\/\/omanivietnam.com\/index.php\/san-pham\/isma-controlli-mvh56e-24v\/#primaryimage"},"image":{"@id":"https:\/\/omanivietnam.com\/index.php\/san-pham\/isma-controlli-mvh56e-24v\/#primaryimage"},"thumbnailUrl":"https:\/\/omanivietnam.com\/wp-content\/uploads\/2025\/06\/MVH56E-24V.png","datePublished":"2025-06-26T14:27:44+00:00","dateModified":"2025-06-26T14:27:44+00:00","description":"iSMA CONTROLLI MVH56E 24V Valves Actuators","breadcrumb":{"@id":"https:\/\/omanivietnam.com\/index.php\/san-pham\/isma-controlli-mvh56e-24v\/#breadcrumb"},"inLanguage":"vi","potentialAction":[{"@type":"ReadAction","target":["https:\/\/omanivietnam.com\/index.php\/san-pham\/isma-controlli-mvh56e-24v\/"]}]},{"@type":"ImageObject","inLanguage":"vi","@id":"https:\/\/omanivietnam.com\/index.php\/san-pham\/isma-controlli-mvh56e-24v\/#primaryimage","url":"https:\/\/omanivietnam.com\/wp-content\/uploads\/2025\/06\/MVH56E-24V.png","contentUrl":"https:\/\/omanivietnam.com\/wp-content\/uploads\/2025\/06\/MVH56E-24V.png","width":468,"height":609},{"@type":"BreadcrumbList","@id":"https:\/\/omanivietnam.com\/index.php\/san-pham\/isma-controlli-mvh56e-24v\/#breadcrumb","itemListElement":[{"@type":"ListItem","position":1,"name":"Home","item":"https:\/\/omanivietnam.com\/"},{"@type":"ListItem","position":2,"name":"S\u1ea2N PH\u1ea8M","item":"https:\/\/omanivietnam.com\/index.php\/cua-hang\/"},{"@type":"ListItem","position":3,"name":"iSMA CONTROLLI MVH56E 24V"}]},{"@type":"WebSite","@id":"https:\/\/omanivietnam.com\/#website","url":"https:\/\/omanivietnam.com\/","name":"OMANI VI\u1ec6T NAM","description":"Nh\u00e0 ph\u00e2n ph\u1ed1i thi\u1ebft b\u1ecb kh\u00ed n\u00e9n v\u00e0 thi\u1ebft b\u1ecb t\u1ef1 \u0111\u1ed9ng h\u00f3a trong c\u00f4ng nghi\u1ec7p","publisher":{"@id":"https:\/\/omanivietnam.com\/#\/schema\/person\/0ad398a980dc3fd696111c2c5c8fa897"},"potentialAction":[{"@type":"SearchAction","target":{"@type":"EntryPoint","urlTemplate":"https:\/\/omanivietnam.com\/?s={search_term_string}"},"query-input":"required name=search_term_string"}],"inLanguage":"vi"},{"@type":["Person","Organization"],"@id":"https:\/\/omanivietnam.com\/#\/schema\/person\/0ad398a980dc3fd696111c2c5c8fa897","name":"Nguy\u1ec5n V\u0103n Kh\u00e1nh","image":{"@type":"ImageObject","inLanguage":"vi","@id":"https:\/\/omanivietnam.com\/#\/schema\/person\/image\/","url":"https:\/\/omanivietnam.com\/wp-content\/uploads\/2024\/06\/logo-1024x1024.png","contentUrl":"https:\/\/omanivietnam.com\/wp-content\/uploads\/2024\/06\/logo-1024x1024.png","width":1024,"height":1024,"caption":"Nguy\u1ec5n V\u0103n Kh\u00e1nh"},"logo":{"@id":"https:\/\/omanivietnam.com\/#\/schema\/person\/image\/"},"sameAs":["https:\/\/omanivietnam.com"]}]}},"_links":{"self":[{"href":"https:\/\/omanivietnam.com\/index.php\/wp-json\/wp\/v2\/product\/4056","targetHints":{"allow":["GET"]}}],"collection":[{"href":"https:\/\/omanivietnam.com\/index.php\/wp-json\/wp\/v2\/product"}],"about":[{"href":"https:\/\/omanivietnam.com\/index.php\/wp-json\/wp\/v2\/types\/product"}],"replies":[{"embeddable":true,"href":"https:\/\/omanivietnam.com\/index.php\/wp-json\/wp\/v2\/comments?post=4056"}],"wp:featuredmedia":[{"embeddable":true,"href":"https:\/\/omanivietnam.com\/index.php\/wp-json\/wp\/v2\/media\/4057"}],"wp:attachment":[{"href":"https:\/\/omanivietnam.com\/index.php\/wp-json\/wp\/v2\/media?parent=4056"}],"wp:term":[{"taxonomy":"product_cat","embeddable":true,"href":"https:\/\/omanivietnam.com\/index.php\/wp-json\/wp\/v2\/product_cat?post=4056"},{"taxonomy":"product_tag","embeddable":true,"href":"https:\/\/omanivietnam.com\/index.php\/wp-json\/wp\/v2\/product_tag?post=4056"}],"curies":[{"name":"wp","href":"https:\/\/api.w.org\/{rel}","templated":true}]}}