{"id":4058,"date":"2025-06-26T22:13:37","date_gmt":"2025-06-26T15:13:37","guid":{"rendered":"https:\/\/omanivietnam.com\/?post_type=product&#038;p=4058"},"modified":"2025-06-26T22:13:37","modified_gmt":"2025-06-26T15:13:37","slug":"ifm-e84016","status":"publish","type":"product","link":"https:\/\/omanivietnam.com\/index.php\/san-pham\/ifm-e84016\/","title":{"rendered":"IFM E84016"},"content":{"rendered":"<p>IFM E84016<\/p>\n<div class=\"ifm-product-detail-head__top-wrapper\">\n<div class=\"ifm-product-detail-head__product-info\">\n<p class=\"ifm-product-detail-head__category normalize\" data-test=\"product-category\">Switched-mode power supply 24 V DC<\/p>\n<div class=\"ifm-product-detail-head__product-info-wrapper\">\n<p class=\"ifm-product-detail-head__product-id h2 normalize\" data-test=\"product-id\">E84016<\/p>\n<p class=\"ifm-product-detail-head__type normalize\" data-test=\"product-type\">PSU-1AC\/24VDC-40A<\/p>\n<\/div>\n<\/div>\n<\/div>\n<div class=\"ifm-product-detail-head__commerce-wrapper\">\n<div class=\"ifm-product-detail-head__detail-wrapper\" data-test=\"product-details\">\n<ul class=\"ifm-product-detail-head__list\" data-test=\"product-bullet-points\">\n<li class=\"ifm-product-detail-head__list-item\">For the regulated power supply for controllers, sensors, actuators, and industrial electronics<\/li>\n<li class=\"ifm-product-detail-head__list-item\">Low power loss thanks to high efficiency<\/li>\n<li class=\"ifm-product-detail-head__list-item\">High mains buffering time<\/li>\n<li class=\"ifm-product-detail-head__list-item\">Possibility to shut down the device via pulse pick-up<\/li>\n<li class=\"ifm-product-detail-head__list-item\">High power reserves<\/li>\n<\/ul>\n<table class=\"woocommerce-product-attributes shop_attributes\">\n<tbody>\n<tr>\n<th class=\"pd-table-h1\" colspan=\"2\">Electrical data<\/th>\n<\/tr>\n<tr>\n<td>Frequency AC [Hz]<\/td>\n<td>47\u202664<\/td>\n<\/tr>\n<tr>\n<td>Operating voltage tolerance [%]<\/td>\n<td>15\u202610<\/td>\n<\/tr>\n<tr>\n<td>Nominal voltage AC [V]<\/td>\n<td>&lt; 230<\/td>\n<\/tr>\n<tr>\n<td>Input voltage range AC [V]<\/td>\n<td>100\u2026240<\/td>\n<\/tr>\n<tr>\n<td>Output voltage DC [V]<\/td>\n<td>24\u202628<\/td>\n<\/tr>\n<tr>\n<td>Protection class<\/td>\n<td>I; (IEC 61140)<\/td>\n<\/tr>\n<tr>\n<td>Overvoltage protection<\/td>\n<td>yes; (&lt; 32 DC)<\/td>\n<\/tr>\n<tr>\n<td>Output voltage [V]<\/td>\n<td>adjustable; output voltage to SELV, PELV<\/td>\n<\/tr>\n<tr>\n<td>Max. output current at min. output voltage [A]<\/td>\n<td>40<\/td>\n<\/tr>\n<tr>\n<td>Max. output current at max. output voltage [A]<\/td>\n<td>34.3<\/td>\n<\/tr>\n<tr>\n<td>Max. output current peak at min. output voltage [A]<\/td>\n<td>60<\/td>\n<\/tr>\n<tr>\n<td>Max. output current peak at max. output voltage [A]<\/td>\n<td>51.5<\/td>\n<\/tr>\n<tr>\n<td>Output power (permanent) [W]<\/td>\n<td>960<\/td>\n<\/tr>\n<tr>\n<td>Output power (peak) [W]<\/td>\n<td>1440<\/td>\n<\/tr>\n<\/tbody>\n<\/table>\n<\/div>\n<\/div>\n","protected":false},"excerpt":{"rendered":"<p>IFM E84016 Switched-mode power supply 24 V DC E84016 PSU-1AC\/24VDC-40A For the regulated power supply for controllers, sensors, actuators, and industrial electronics Low power loss thanks to high efficiency High mains buffering time Possibility to shut down the device via pulse pick-up High power reserves Electrical data Frequency AC [Hz]&hellip; <\/p>\n","protected":false},"featured_media":4059,"comment_status":"open","ping_status":"closed","template":"","meta":[],"product_cat":[300],"product_tag":[221,166,165],"class_list":{"0":"post-4058","1":"product","2":"type-product","3":"status-publish","4":"has-post-thumbnail","6":"product_cat-ifm","7":"product_tag-bo-nguon","8":"product_tag-dai-ly-ifm-viet-nam","9":"product_tag-ifm-viet-nam","11":"first","12":"instock","13":"shipping-taxable","14":"product-type-simple"},"yoast_head":"<!-- This site is optimized with the Yoast SEO plugin v22.8 - https:\/\/yoast.com\/wordpress\/plugins\/seo\/ -->\n<title>IFM E84016 - OMANI VI\u1ec6T NAM<\/title>\n<meta name=\"description\" content=\"IFM E84016 Power supply\" \/>\n<meta name=\"robots\" content=\"index, follow, max-snippet:-1, max-image-preview:large, max-video-preview:-1\" \/>\n<link rel=\"canonical\" href=\"https:\/\/omanivietnam.com\/index.php\/san-pham\/ifm-e84016\/\" \/>\n<meta property=\"og:locale\" content=\"vi_VN\" \/>\n<meta property=\"og:type\" content=\"article\" \/>\n<meta property=\"og:title\" content=\"IFM E84016 - OMANI VI\u1ec6T NAM\" \/>\n<meta property=\"og:description\" content=\"IFM E84016 Power supply\" \/>\n<meta property=\"og:url\" content=\"https:\/\/omanivietnam.com\/index.php\/san-pham\/ifm-e84016\/\" \/>\n<meta property=\"og:site_name\" content=\"OMANI VI\u1ec6T NAM\" \/>\n<meta property=\"og:image\" content=\"https:\/\/omanivietnam.com\/wp-content\/uploads\/2025\/06\/E84016.png\" \/>\n\t<meta property=\"og:image:width\" content=\"602\" \/>\n\t<meta property=\"og:image:height\" content=\"617\" \/>\n\t<meta property=\"og:image:type\" content=\"image\/png\" \/>\n<meta name=\"twitter:card\" content=\"summary_large_image\" \/>\n<meta name=\"twitter:label1\" content=\"\u01af\u1edbc t\u00ednh th\u1eddi gian \u0111\u1ecdc\" \/>\n\t<meta name=\"twitter:data1\" content=\"1 ph\u00fat\" \/>\n<script type=\"application\/ld+json\" class=\"yoast-schema-graph\">{\"@context\":\"https:\/\/schema.org\",\"@graph\":[{\"@type\":\"WebPage\",\"@id\":\"https:\/\/omanivietnam.com\/index.php\/san-pham\/ifm-e84016\/\",\"url\":\"https:\/\/omanivietnam.com\/index.php\/san-pham\/ifm-e84016\/\",\"name\":\"IFM E84016 - OMANI VI\u1ec6T NAM\",\"isPartOf\":{\"@id\":\"https:\/\/omanivietnam.com\/#website\"},\"primaryImageOfPage\":{\"@id\":\"https:\/\/omanivietnam.com\/index.php\/san-pham\/ifm-e84016\/#primaryimage\"},\"image\":{\"@id\":\"https:\/\/omanivietnam.com\/index.php\/san-pham\/ifm-e84016\/#primaryimage\"},\"thumbnailUrl\":\"https:\/\/omanivietnam.com\/wp-content\/uploads\/2025\/06\/E84016.png\",\"datePublished\":\"2025-06-26T15:13:37+00:00\",\"dateModified\":\"2025-06-26T15:13:37+00:00\",\"description\":\"IFM E84016 Power supply\",\"breadcrumb\":{\"@id\":\"https:\/\/omanivietnam.com\/index.php\/san-pham\/ifm-e84016\/#breadcrumb\"},\"inLanguage\":\"vi\",\"potentialAction\":[{\"@type\":\"ReadAction\",\"target\":[\"https:\/\/omanivietnam.com\/index.php\/san-pham\/ifm-e84016\/\"]}]},{\"@type\":\"ImageObject\",\"inLanguage\":\"vi\",\"@id\":\"https:\/\/omanivietnam.com\/index.php\/san-pham\/ifm-e84016\/#primaryimage\",\"url\":\"https:\/\/omanivietnam.com\/wp-content\/uploads\/2025\/06\/E84016.png\",\"contentUrl\":\"https:\/\/omanivietnam.com\/wp-content\/uploads\/2025\/06\/E84016.png\",\"width\":602,\"height\":617},{\"@type\":\"BreadcrumbList\",\"@id\":\"https:\/\/omanivietnam.com\/index.php\/san-pham\/ifm-e84016\/#breadcrumb\",\"itemListElement\":[{\"@type\":\"ListItem\",\"position\":1,\"name\":\"Home\",\"item\":\"https:\/\/omanivietnam.com\/\"},{\"@type\":\"ListItem\",\"position\":2,\"name\":\"S\u1ea2N PH\u1ea8M\",\"item\":\"https:\/\/omanivietnam.com\/index.php\/cua-hang\/\"},{\"@type\":\"ListItem\",\"position\":3,\"name\":\"IFM E84016\"}]},{\"@type\":\"WebSite\",\"@id\":\"https:\/\/omanivietnam.com\/#website\",\"url\":\"https:\/\/omanivietnam.com\/\",\"name\":\"OMANI VI\u1ec6T NAM\",\"description\":\"Nh\u00e0 ph\u00e2n ph\u1ed1i thi\u1ebft b\u1ecb kh\u00ed n\u00e9n v\u00e0 thi\u1ebft b\u1ecb t\u1ef1 \u0111\u1ed9ng h\u00f3a trong c\u00f4ng nghi\u1ec7p\",\"publisher\":{\"@id\":\"https:\/\/omanivietnam.com\/#\/schema\/person\/0ad398a980dc3fd696111c2c5c8fa897\"},\"potentialAction\":[{\"@type\":\"SearchAction\",\"target\":{\"@type\":\"EntryPoint\",\"urlTemplate\":\"https:\/\/omanivietnam.com\/?s={search_term_string}\"},\"query-input\":\"required name=search_term_string\"}],\"inLanguage\":\"vi\"},{\"@type\":[\"Person\",\"Organization\"],\"@id\":\"https:\/\/omanivietnam.com\/#\/schema\/person\/0ad398a980dc3fd696111c2c5c8fa897\",\"name\":\"Nguy\u1ec5n V\u0103n Kh\u00e1nh\",\"image\":{\"@type\":\"ImageObject\",\"inLanguage\":\"vi\",\"@id\":\"https:\/\/omanivietnam.com\/#\/schema\/person\/image\/\",\"url\":\"https:\/\/omanivietnam.com\/wp-content\/uploads\/2024\/06\/logo-1024x1024.png\",\"contentUrl\":\"https:\/\/omanivietnam.com\/wp-content\/uploads\/2024\/06\/logo-1024x1024.png\",\"width\":1024,\"height\":1024,\"caption\":\"Nguy\u1ec5n V\u0103n Kh\u00e1nh\"},\"logo\":{\"@id\":\"https:\/\/omanivietnam.com\/#\/schema\/person\/image\/\"},\"sameAs\":[\"https:\/\/omanivietnam.com\"]}]}<\/script>\n<!-- \/ Yoast SEO plugin. -->","yoast_head_json":{"title":"IFM E84016 - OMANI VI\u1ec6T NAM","description":"IFM E84016 Power supply","robots":{"index":"index","follow":"follow","max-snippet":"max-snippet:-1","max-image-preview":"max-image-preview:large","max-video-preview":"max-video-preview:-1"},"canonical":"https:\/\/omanivietnam.com\/index.php\/san-pham\/ifm-e84016\/","og_locale":"vi_VN","og_type":"article","og_title":"IFM E84016 - OMANI VI\u1ec6T NAM","og_description":"IFM E84016 Power supply","og_url":"https:\/\/omanivietnam.com\/index.php\/san-pham\/ifm-e84016\/","og_site_name":"OMANI VI\u1ec6T NAM","og_image":[{"width":602,"height":617,"url":"https:\/\/omanivietnam.com\/wp-content\/uploads\/2025\/06\/E84016.png","type":"image\/png"}],"twitter_card":"summary_large_image","twitter_misc":{"\u01af\u1edbc t\u00ednh th\u1eddi gian \u0111\u1ecdc":"1 ph\u00fat"},"schema":{"@context":"https:\/\/schema.org","@graph":[{"@type":"WebPage","@id":"https:\/\/omanivietnam.com\/index.php\/san-pham\/ifm-e84016\/","url":"https:\/\/omanivietnam.com\/index.php\/san-pham\/ifm-e84016\/","name":"IFM E84016 - OMANI VI\u1ec6T NAM","isPartOf":{"@id":"https:\/\/omanivietnam.com\/#website"},"primaryImageOfPage":{"@id":"https:\/\/omanivietnam.com\/index.php\/san-pham\/ifm-e84016\/#primaryimage"},"image":{"@id":"https:\/\/omanivietnam.com\/index.php\/san-pham\/ifm-e84016\/#primaryimage"},"thumbnailUrl":"https:\/\/omanivietnam.com\/wp-content\/uploads\/2025\/06\/E84016.png","datePublished":"2025-06-26T15:13:37+00:00","dateModified":"2025-06-26T15:13:37+00:00","description":"IFM E84016 Power supply","breadcrumb":{"@id":"https:\/\/omanivietnam.com\/index.php\/san-pham\/ifm-e84016\/#breadcrumb"},"inLanguage":"vi","potentialAction":[{"@type":"ReadAction","target":["https:\/\/omanivietnam.com\/index.php\/san-pham\/ifm-e84016\/"]}]},{"@type":"ImageObject","inLanguage":"vi","@id":"https:\/\/omanivietnam.com\/index.php\/san-pham\/ifm-e84016\/#primaryimage","url":"https:\/\/omanivietnam.com\/wp-content\/uploads\/2025\/06\/E84016.png","contentUrl":"https:\/\/omanivietnam.com\/wp-content\/uploads\/2025\/06\/E84016.png","width":602,"height":617},{"@type":"BreadcrumbList","@id":"https:\/\/omanivietnam.com\/index.php\/san-pham\/ifm-e84016\/#breadcrumb","itemListElement":[{"@type":"ListItem","position":1,"name":"Home","item":"https:\/\/omanivietnam.com\/"},{"@type":"ListItem","position":2,"name":"S\u1ea2N PH\u1ea8M","item":"https:\/\/omanivietnam.com\/index.php\/cua-hang\/"},{"@type":"ListItem","position":3,"name":"IFM E84016"}]},{"@type":"WebSite","@id":"https:\/\/omanivietnam.com\/#website","url":"https:\/\/omanivietnam.com\/","name":"OMANI VI\u1ec6T NAM","description":"Nh\u00e0 ph\u00e2n ph\u1ed1i thi\u1ebft b\u1ecb kh\u00ed n\u00e9n v\u00e0 thi\u1ebft b\u1ecb t\u1ef1 \u0111\u1ed9ng h\u00f3a trong c\u00f4ng nghi\u1ec7p","publisher":{"@id":"https:\/\/omanivietnam.com\/#\/schema\/person\/0ad398a980dc3fd696111c2c5c8fa897"},"potentialAction":[{"@type":"SearchAction","target":{"@type":"EntryPoint","urlTemplate":"https:\/\/omanivietnam.com\/?s={search_term_string}"},"query-input":"required name=search_term_string"}],"inLanguage":"vi"},{"@type":["Person","Organization"],"@id":"https:\/\/omanivietnam.com\/#\/schema\/person\/0ad398a980dc3fd696111c2c5c8fa897","name":"Nguy\u1ec5n V\u0103n Kh\u00e1nh","image":{"@type":"ImageObject","inLanguage":"vi","@id":"https:\/\/omanivietnam.com\/#\/schema\/person\/image\/","url":"https:\/\/omanivietnam.com\/wp-content\/uploads\/2024\/06\/logo-1024x1024.png","contentUrl":"https:\/\/omanivietnam.com\/wp-content\/uploads\/2024\/06\/logo-1024x1024.png","width":1024,"height":1024,"caption":"Nguy\u1ec5n V\u0103n Kh\u00e1nh"},"logo":{"@id":"https:\/\/omanivietnam.com\/#\/schema\/person\/image\/"},"sameAs":["https:\/\/omanivietnam.com"]}]}},"_links":{"self":[{"href":"https:\/\/omanivietnam.com\/index.php\/wp-json\/wp\/v2\/product\/4058","targetHints":{"allow":["GET"]}}],"collection":[{"href":"https:\/\/omanivietnam.com\/index.php\/wp-json\/wp\/v2\/product"}],"about":[{"href":"https:\/\/omanivietnam.com\/index.php\/wp-json\/wp\/v2\/types\/product"}],"replies":[{"embeddable":true,"href":"https:\/\/omanivietnam.com\/index.php\/wp-json\/wp\/v2\/comments?post=4058"}],"wp:featuredmedia":[{"embeddable":true,"href":"https:\/\/omanivietnam.com\/index.php\/wp-json\/wp\/v2\/media\/4059"}],"wp:attachment":[{"href":"https:\/\/omanivietnam.com\/index.php\/wp-json\/wp\/v2\/media?parent=4058"}],"wp:term":[{"taxonomy":"product_cat","embeddable":true,"href":"https:\/\/omanivietnam.com\/index.php\/wp-json\/wp\/v2\/product_cat?post=4058"},{"taxonomy":"product_tag","embeddable":true,"href":"https:\/\/omanivietnam.com\/index.php\/wp-json\/wp\/v2\/product_tag?post=4058"}],"curies":[{"name":"wp","href":"https:\/\/api.w.org\/{rel}","templated":true}]}}