{"id":4083,"date":"2025-07-04T20:13:37","date_gmt":"2025-07-04T13:13:37","guid":{"rendered":"https:\/\/omanivietnam.com\/?post_type=product&#038;p=4083"},"modified":"2025-07-04T20:13:37","modified_gmt":"2025-07-04T13:13:37","slug":"rhymebus-rm5g-4020","status":"publish","type":"product","link":"https:\/\/omanivietnam.com\/index.php\/san-pham\/rhymebus-rm5g-4020\/","title":{"rendered":"RHYMEBUS RM5G-4020"},"content":{"rendered":"<p>RHYMEBUS RM5G-4020<\/p>\n<p>RHYMEBUS RM5G-4020 =&gt; new RM6G1-4A039B3<\/p>\n<p>RHYMEBUS RM5G-4020 =&gt; new RM6-4020B3<\/p>\n<p>RM5G-4020 , Bi\u1ebfn t\u1ea7n RHYMEBUS RM5G , 380V 20HP<\/p>\n<p><strong>M\u00e1y bi\u1ebfn t\u1ea7n<\/strong>\u00a0RHYMEBUS RM5G s\u1eed d\u1ee5ng h\u1ec7 th\u1ed1ng \u0111i\u1ec1u khi\u1ec3n v\u1edbi c\u00f4ng ngh\u1ec7 k\u1ef9 thu\u1eadt s\u1ed1 hi\u1ec7n \u0111\u1ea1i nh\u1ea5t IGBT. D\u00f2ng\u00a0<strong>m\u00e1y bi\u1ebfn t\u1ea7n\u00a0<\/strong>RM5G l\u00e0 s\u1ef1 l\u1ef1a ch\u1ecdn t\u1ed1i \u01b0u cho vi\u1ec7c ti\u1ebft ki\u1ec7m chi ph\u00ed v\u00e0 \u0111i\u1ec7n n\u0103ng.\u00a0V\u1edbi giao di\u1ec7n th\u00e2n thi\u1ec7n, d\u1ec5 s\u1eed d\u1ee5ng, ch\u1ee9c n\u0103ng \u0111a d\u1ea1ng c\u00f3 th\u1ec3 \u00e1p d\u1ee5ng cho nhi\u1ec1u l\u0129nh v\u1ef1c s\u1ea3n ph\u1ea9m kh\u00e1c nhau v\u00e0 t\u0103ng t\u00ednh n\u0103ng ti\u1ebft ki\u1ec7m \u0111i\u1ec7n hi\u1ec7u qu\u1ea3.<\/p>\n<h2>NGU\u1ed2N \u0110I\u1ec6N &amp; C\u00d4NG SU\u1ea4T C\u1ee6A BI\u1ebeN T\u1ea6N RHYMEBUS<\/h2>\n<p>RM5G 100V\/200V Series(1\u00d8)<\/p>\n<p>\u25a0 RM5G 100V\uff1a1\u00d8, 100~120V,50\/60Hz<\/p>\n<p>\u25a0 RM5G 200V\uff1a1\u00d8, 200~240V,50\/60Hz<\/p>\n<p>RM5G 200V\/400V Series(3\u00d8)<\/p>\n<p>\u25a0 RM5G 200V\uff1a3\u00d8, 200~240V,50\/60Hz<\/p>\n<p>\u25a0 RM5G 400V\uff1a3\u00d8, 380~480V,50\/60Hz<\/p>\n<p>\u25a0 C\u00f4ng Su\u1ea5t<\/p>\n<p>&#8211; 200V\uff1a0.5HP\/0.4KW~250HP\/200KW<\/p>\n<p>&#8211; 400V\uff1a1HP\/0.75KW~600HP\/450KW<\/p>\n<h2><strong>BI\u1ebeN T\u1ea6N RHYMEBUS &#8211; \u0110\u1eb6C \u0110I\u1ec2M N\u1ed4I B\u1eacT NH\u1ea4T<\/strong><\/h2>\n<p>&#8211; Thi\u1ebft k\u1ebf ph\u00f9 h\u1ee3p cho m\u00e1y tr\u1ed9n t\u1ea3i\u00a0 m\u00f4-men xo\u1eafn kh\u00f4ng \u0111\u1ed5i, b\u0103ng truy\u1ec1n t\u1ea3i&#8230;<\/p>\n<p>&#8211; Thi\u1ebft k\u1ebf ph\u00f9 h\u1ee3p cho nhi\u1ec1u lo\u1ea1i qu\u1ea1t t\u1ea3i m\u00f4-men xo\u1eafn, m\u00e1y b\u01a1m &#8230;<\/p>\n<p>&#8211; Ph\u00f9 h\u1ee3p cho ng\u00e0nh c\u00f4ng nghi\u1ec7p n\u1eb7ng<\/p>\n<p>&#8211; T\u00edn hi\u1ec7u \u0111\u1ea7u v\u00e0o Analog v\u1edbi ch\u1ee9 n\u0103ng t\u0103ng\/gi\u1ea3m<\/p>\n<p>&#8211; Ch\u1ee9c n\u0103ng t\u1ef1 kh\u1edfi \u0111\u1ed9ng l\u1ea1i\u00a0 khi m\u00e1y b\u1ecb ng\u01b0ng \u0111i\u1ec7n<\/p>\n<p>&#8211; Th\u1eddi gian c\u00f3 th\u1ec3 \u0111i\u1ec1u ch\u1ec9nh cho vi\u1ec7c x\u1eed l\u00fd t\u00edn hi\u1ec3u k\u1ef9 thu\u1eadt s\u1ed1 \u0111\u1ea7u v\u00e0o (5-6ms)<\/p>\n<p>&#8211; D\u00e3y t\u1ea7n s\u1ed1 chuy\u1ec3n \u0111\u1ed5i t\u1eeb 800Hz ~\u00a0 15Kz<\/p>\n<p>&#8211; C\u00f3 th\u1ec3 l\u1eadp tr\u00ecnh c\u1ed5ng \u0111\u1ea7u v\u00e0o \u2013 \u0111\u1ea7u ra<\/p>\n<p>&#8211; S\u1eed d\u1ee5ng b\u00e0n ph\u00ed s\u1ed1 KP-201C cho ch\u1ee9c n\u0103ng ti\u1ebft\u00a0 ki\u1ec7m v\u00e0 sao ch\u00e9p<\/p>\n<p>&#8211; Ti\u1ebft ki\u1ec7m n\u0103ng l\u01b0\u1ee3ng 30-50% (\u1edf nh\u1eefng \u1ee9ng d\u1ee5ng kh\u00e1c nhau)<\/p>\n<p>&#8211; Ch\u1ee9c n\u0103ng \u0111i\u1ec1u ch\u1ec9nh l\u1ecdc k\u1ef9 thu\u1eadt s\u1ed1 t\u1eeb t\u00edn hi\u1ec7u \u0111\u1ea7u v\u00e0o analog<\/p>\n<p>&#8211; C\u00f3 th\u1ec3 ki\u1ec3m so\u00e1t v\u00e0 kh\u1edfi \u0111\u1ed9ng \u0111\u1ed9ng c\u01a1 \u0111\u1ed3ng b\u1ed9<\/p>\n<p><strong>BI\u1ebeN T\u1ea6N RHYMEBUS &#8211; \u1ee8NG D\u1ee4NG\u00a0TRONG TH\u1ef0C TI\u1ec4N<\/strong><\/p>\n<p>&#8211; M\u00e1y \u00e9p nh\u1ef1a,\u00a0H\u1ec7 Th\u1ed1ng \u0111i\u1ec1u h\u00f2a ,M\u00e1y N\u00e9n Kh\u00ed,\u00a0M\u00e1y B\u01a1m,\u00a0\u00a0H\u1ec7 Th\u1ed1ng Thang M\u00e1y ,M\u00e1y Ch\u1ebf T\u1ea1o Kim Lo\u1ea1i ,B\u0103ng Truy\u1ec1n T\u1ea3i<\/p>\n<p>&#8211; M\u00e1y D\u1ec7t,\u00a0X\u00e2y D\u1ef1ng ,S\u1ea3n Ph\u1ea9m Ti\u00eau D\u00f9ng<\/p>\n","protected":false},"excerpt":{"rendered":"<p>RHYMEBUS RM5G-4020 RHYMEBUS RM5G-4020 =&gt; new RM6G1-4A039B3 RHYMEBUS RM5G-4020 =&gt; new RM6-4020B3 RM5G-4020 , Bi\u1ebfn t\u1ea7n RHYMEBUS RM5G , 380V 20HP M\u00e1y bi\u1ebfn t\u1ea7n\u00a0RHYMEBUS RM5G s\u1eed d\u1ee5ng h\u1ec7 th\u1ed1ng \u0111i\u1ec1u khi\u1ec3n v\u1edbi c\u00f4ng ngh\u1ec7 k\u1ef9 thu\u1eadt s\u1ed1 hi\u1ec7n \u0111\u1ea1i nh\u1ea5t IGBT. D\u00f2ng\u00a0m\u00e1y bi\u1ebfn t\u1ea7n\u00a0RM5G l\u00e0 s\u1ef1 l\u1ef1a ch\u1ecdn t\u1ed1i \u01b0u&hellip; <\/p>\n","protected":false},"featured_media":4084,"comment_status":"open","ping_status":"closed","template":"","meta":[],"product_cat":[786],"product_tag":[306,788,787],"class_list":{"0":"post-4083","1":"product","2":"type-product","3":"status-publish","4":"has-post-thumbnail","6":"product_cat-rhymebus","7":"product_tag-bien-tan","8":"product_tag-dai-ly-rhymebus-viet-nam","9":"product_tag-rhymebus-viet-nam","11":"first","12":"instock","13":"shipping-taxable","14":"product-type-simple"},"yoast_head":"<!-- This site is optimized with the Yoast SEO plugin v22.8 - https:\/\/yoast.com\/wordpress\/plugins\/seo\/ -->\n<title>RHYMEBUS RM5G-4020 - OMANI VI\u1ec6T NAM<\/title>\n<meta name=\"description\" content=\"RHYMEBUS RM5G-4020 Inverter\" \/>\n<meta name=\"robots\" content=\"index, follow, max-snippet:-1, max-image-preview:large, max-video-preview:-1\" \/>\n<link rel=\"canonical\" href=\"https:\/\/omanivietnam.com\/index.php\/san-pham\/rhymebus-rm5g-4020\/\" \/>\n<meta property=\"og:locale\" content=\"vi_VN\" \/>\n<meta property=\"og:type\" content=\"article\" \/>\n<meta property=\"og:title\" content=\"RHYMEBUS RM5G-4020 - OMANI VI\u1ec6T NAM\" \/>\n<meta property=\"og:description\" content=\"RHYMEBUS RM5G-4020 Inverter\" \/>\n<meta property=\"og:url\" content=\"https:\/\/omanivietnam.com\/index.php\/san-pham\/rhymebus-rm5g-4020\/\" \/>\n<meta property=\"og:site_name\" content=\"OMANI VI\u1ec6T NAM\" \/>\n<meta property=\"og:image\" content=\"https:\/\/omanivietnam.com\/wp-content\/uploads\/2025\/07\/RM5G-4020.png\" \/>\n\t<meta property=\"og:image:width\" content=\"735\" \/>\n\t<meta property=\"og:image:height\" content=\"676\" \/>\n\t<meta property=\"og:image:type\" content=\"image\/png\" \/>\n<meta name=\"twitter:card\" content=\"summary_large_image\" \/>\n<meta name=\"twitter:label1\" content=\"\u01af\u1edbc t\u00ednh th\u1eddi gian \u0111\u1ecdc\" \/>\n\t<meta name=\"twitter:data1\" content=\"2 ph\u00fat\" \/>\n<script type=\"application\/ld+json\" class=\"yoast-schema-graph\">{\"@context\":\"https:\/\/schema.org\",\"@graph\":[{\"@type\":\"WebPage\",\"@id\":\"https:\/\/omanivietnam.com\/index.php\/san-pham\/rhymebus-rm5g-4020\/\",\"url\":\"https:\/\/omanivietnam.com\/index.php\/san-pham\/rhymebus-rm5g-4020\/\",\"name\":\"RHYMEBUS RM5G-4020 - OMANI VI\u1ec6T NAM\",\"isPartOf\":{\"@id\":\"https:\/\/omanivietnam.com\/#website\"},\"primaryImageOfPage\":{\"@id\":\"https:\/\/omanivietnam.com\/index.php\/san-pham\/rhymebus-rm5g-4020\/#primaryimage\"},\"image\":{\"@id\":\"https:\/\/omanivietnam.com\/index.php\/san-pham\/rhymebus-rm5g-4020\/#primaryimage\"},\"thumbnailUrl\":\"https:\/\/omanivietnam.com\/wp-content\/uploads\/2025\/07\/RM5G-4020.png\",\"datePublished\":\"2025-07-04T13:13:37+00:00\",\"dateModified\":\"2025-07-04T13:13:37+00:00\",\"description\":\"RHYMEBUS RM5G-4020 Inverter\",\"breadcrumb\":{\"@id\":\"https:\/\/omanivietnam.com\/index.php\/san-pham\/rhymebus-rm5g-4020\/#breadcrumb\"},\"inLanguage\":\"vi\",\"potentialAction\":[{\"@type\":\"ReadAction\",\"target\":[\"https:\/\/omanivietnam.com\/index.php\/san-pham\/rhymebus-rm5g-4020\/\"]}]},{\"@type\":\"ImageObject\",\"inLanguage\":\"vi\",\"@id\":\"https:\/\/omanivietnam.com\/index.php\/san-pham\/rhymebus-rm5g-4020\/#primaryimage\",\"url\":\"https:\/\/omanivietnam.com\/wp-content\/uploads\/2025\/07\/RM5G-4020.png\",\"contentUrl\":\"https:\/\/omanivietnam.com\/wp-content\/uploads\/2025\/07\/RM5G-4020.png\",\"width\":735,\"height\":676},{\"@type\":\"BreadcrumbList\",\"@id\":\"https:\/\/omanivietnam.com\/index.php\/san-pham\/rhymebus-rm5g-4020\/#breadcrumb\",\"itemListElement\":[{\"@type\":\"ListItem\",\"position\":1,\"name\":\"Home\",\"item\":\"https:\/\/omanivietnam.com\/\"},{\"@type\":\"ListItem\",\"position\":2,\"name\":\"S\u1ea2N PH\u1ea8M\",\"item\":\"https:\/\/omanivietnam.com\/index.php\/cua-hang\/\"},{\"@type\":\"ListItem\",\"position\":3,\"name\":\"RHYMEBUS RM5G-4020\"}]},{\"@type\":\"WebSite\",\"@id\":\"https:\/\/omanivietnam.com\/#website\",\"url\":\"https:\/\/omanivietnam.com\/\",\"name\":\"OMANI VI\u1ec6T NAM\",\"description\":\"Nh\u00e0 ph\u00e2n ph\u1ed1i thi\u1ebft b\u1ecb kh\u00ed n\u00e9n v\u00e0 thi\u1ebft b\u1ecb t\u1ef1 \u0111\u1ed9ng h\u00f3a trong c\u00f4ng nghi\u1ec7p\",\"publisher\":{\"@id\":\"https:\/\/omanivietnam.com\/#\/schema\/person\/0ad398a980dc3fd696111c2c5c8fa897\"},\"potentialAction\":[{\"@type\":\"SearchAction\",\"target\":{\"@type\":\"EntryPoint\",\"urlTemplate\":\"https:\/\/omanivietnam.com\/?s={search_term_string}\"},\"query-input\":\"required name=search_term_string\"}],\"inLanguage\":\"vi\"},{\"@type\":[\"Person\",\"Organization\"],\"@id\":\"https:\/\/omanivietnam.com\/#\/schema\/person\/0ad398a980dc3fd696111c2c5c8fa897\",\"name\":\"Nguy\u1ec5n V\u0103n Kh\u00e1nh\",\"image\":{\"@type\":\"ImageObject\",\"inLanguage\":\"vi\",\"@id\":\"https:\/\/omanivietnam.com\/#\/schema\/person\/image\/\",\"url\":\"https:\/\/omanivietnam.com\/wp-content\/uploads\/2024\/06\/logo-1024x1024.png\",\"contentUrl\":\"https:\/\/omanivietnam.com\/wp-content\/uploads\/2024\/06\/logo-1024x1024.png\",\"width\":1024,\"height\":1024,\"caption\":\"Nguy\u1ec5n V\u0103n Kh\u00e1nh\"},\"logo\":{\"@id\":\"https:\/\/omanivietnam.com\/#\/schema\/person\/image\/\"},\"sameAs\":[\"https:\/\/omanivietnam.com\"]}]}<\/script>\n<!-- \/ Yoast SEO plugin. -->","yoast_head_json":{"title":"RHYMEBUS RM5G-4020 - OMANI VI\u1ec6T NAM","description":"RHYMEBUS RM5G-4020 Inverter","robots":{"index":"index","follow":"follow","max-snippet":"max-snippet:-1","max-image-preview":"max-image-preview:large","max-video-preview":"max-video-preview:-1"},"canonical":"https:\/\/omanivietnam.com\/index.php\/san-pham\/rhymebus-rm5g-4020\/","og_locale":"vi_VN","og_type":"article","og_title":"RHYMEBUS RM5G-4020 - OMANI VI\u1ec6T NAM","og_description":"RHYMEBUS RM5G-4020 Inverter","og_url":"https:\/\/omanivietnam.com\/index.php\/san-pham\/rhymebus-rm5g-4020\/","og_site_name":"OMANI VI\u1ec6T NAM","og_image":[{"width":735,"height":676,"url":"https:\/\/omanivietnam.com\/wp-content\/uploads\/2025\/07\/RM5G-4020.png","type":"image\/png"}],"twitter_card":"summary_large_image","twitter_misc":{"\u01af\u1edbc t\u00ednh th\u1eddi gian \u0111\u1ecdc":"2 ph\u00fat"},"schema":{"@context":"https:\/\/schema.org","@graph":[{"@type":"WebPage","@id":"https:\/\/omanivietnam.com\/index.php\/san-pham\/rhymebus-rm5g-4020\/","url":"https:\/\/omanivietnam.com\/index.php\/san-pham\/rhymebus-rm5g-4020\/","name":"RHYMEBUS RM5G-4020 - OMANI VI\u1ec6T NAM","isPartOf":{"@id":"https:\/\/omanivietnam.com\/#website"},"primaryImageOfPage":{"@id":"https:\/\/omanivietnam.com\/index.php\/san-pham\/rhymebus-rm5g-4020\/#primaryimage"},"image":{"@id":"https:\/\/omanivietnam.com\/index.php\/san-pham\/rhymebus-rm5g-4020\/#primaryimage"},"thumbnailUrl":"https:\/\/omanivietnam.com\/wp-content\/uploads\/2025\/07\/RM5G-4020.png","datePublished":"2025-07-04T13:13:37+00:00","dateModified":"2025-07-04T13:13:37+00:00","description":"RHYMEBUS RM5G-4020 Inverter","breadcrumb":{"@id":"https:\/\/omanivietnam.com\/index.php\/san-pham\/rhymebus-rm5g-4020\/#breadcrumb"},"inLanguage":"vi","potentialAction":[{"@type":"ReadAction","target":["https:\/\/omanivietnam.com\/index.php\/san-pham\/rhymebus-rm5g-4020\/"]}]},{"@type":"ImageObject","inLanguage":"vi","@id":"https:\/\/omanivietnam.com\/index.php\/san-pham\/rhymebus-rm5g-4020\/#primaryimage","url":"https:\/\/omanivietnam.com\/wp-content\/uploads\/2025\/07\/RM5G-4020.png","contentUrl":"https:\/\/omanivietnam.com\/wp-content\/uploads\/2025\/07\/RM5G-4020.png","width":735,"height":676},{"@type":"BreadcrumbList","@id":"https:\/\/omanivietnam.com\/index.php\/san-pham\/rhymebus-rm5g-4020\/#breadcrumb","itemListElement":[{"@type":"ListItem","position":1,"name":"Home","item":"https:\/\/omanivietnam.com\/"},{"@type":"ListItem","position":2,"name":"S\u1ea2N PH\u1ea8M","item":"https:\/\/omanivietnam.com\/index.php\/cua-hang\/"},{"@type":"ListItem","position":3,"name":"RHYMEBUS RM5G-4020"}]},{"@type":"WebSite","@id":"https:\/\/omanivietnam.com\/#website","url":"https:\/\/omanivietnam.com\/","name":"OMANI VI\u1ec6T NAM","description":"Nh\u00e0 ph\u00e2n ph\u1ed1i thi\u1ebft b\u1ecb kh\u00ed n\u00e9n v\u00e0 thi\u1ebft b\u1ecb t\u1ef1 \u0111\u1ed9ng h\u00f3a trong c\u00f4ng nghi\u1ec7p","publisher":{"@id":"https:\/\/omanivietnam.com\/#\/schema\/person\/0ad398a980dc3fd696111c2c5c8fa897"},"potentialAction":[{"@type":"SearchAction","target":{"@type":"EntryPoint","urlTemplate":"https:\/\/omanivietnam.com\/?s={search_term_string}"},"query-input":"required name=search_term_string"}],"inLanguage":"vi"},{"@type":["Person","Organization"],"@id":"https:\/\/omanivietnam.com\/#\/schema\/person\/0ad398a980dc3fd696111c2c5c8fa897","name":"Nguy\u1ec5n V\u0103n Kh\u00e1nh","image":{"@type":"ImageObject","inLanguage":"vi","@id":"https:\/\/omanivietnam.com\/#\/schema\/person\/image\/","url":"https:\/\/omanivietnam.com\/wp-content\/uploads\/2024\/06\/logo-1024x1024.png","contentUrl":"https:\/\/omanivietnam.com\/wp-content\/uploads\/2024\/06\/logo-1024x1024.png","width":1024,"height":1024,"caption":"Nguy\u1ec5n V\u0103n Kh\u00e1nh"},"logo":{"@id":"https:\/\/omanivietnam.com\/#\/schema\/person\/image\/"},"sameAs":["https:\/\/omanivietnam.com"]}]}},"_links":{"self":[{"href":"https:\/\/omanivietnam.com\/index.php\/wp-json\/wp\/v2\/product\/4083","targetHints":{"allow":["GET"]}}],"collection":[{"href":"https:\/\/omanivietnam.com\/index.php\/wp-json\/wp\/v2\/product"}],"about":[{"href":"https:\/\/omanivietnam.com\/index.php\/wp-json\/wp\/v2\/types\/product"}],"replies":[{"embeddable":true,"href":"https:\/\/omanivietnam.com\/index.php\/wp-json\/wp\/v2\/comments?post=4083"}],"wp:featuredmedia":[{"embeddable":true,"href":"https:\/\/omanivietnam.com\/index.php\/wp-json\/wp\/v2\/media\/4084"}],"wp:attachment":[{"href":"https:\/\/omanivietnam.com\/index.php\/wp-json\/wp\/v2\/media?parent=4083"}],"wp:term":[{"taxonomy":"product_cat","embeddable":true,"href":"https:\/\/omanivietnam.com\/index.php\/wp-json\/wp\/v2\/product_cat?post=4083"},{"taxonomy":"product_tag","embeddable":true,"href":"https:\/\/omanivietnam.com\/index.php\/wp-json\/wp\/v2\/product_tag?post=4083"}],"curies":[{"name":"wp","href":"https:\/\/api.w.org\/{rel}","templated":true}]}}