{"id":4088,"date":"2025-07-04T20:32:30","date_gmt":"2025-07-04T13:32:30","guid":{"rendered":"https:\/\/omanivietnam.com\/?post_type=product&#038;p=4088"},"modified":"2025-07-04T20:34:11","modified_gmt":"2025-07-04T13:34:11","slug":"sick-wl100-2p3439","status":"publish","type":"product","link":"https:\/\/omanivietnam.com\/index.php\/san-pham\/sick-wl100-2p3439\/","title":{"rendered":"SICK WL100-2P3439"},"content":{"rendered":"<p>SICK WL100-2P3439 6052361<\/p>\n<h2 class=\"title-product item_name\">\u1ea3m bi\u1ebfn Sick WL100-2P3439<\/h2>\n<h3>1. C\u1ea3m bi\u1ebfn\u00a0WL100-2P3439:<\/h3>\n<div>Nguy\u00ean t\u1eafc ch\u1ee9c n\u0103ng: C\u1ea3m bi\u1ebfn ph\u1ea3n x\u1ea1 quang \u0111i\u1ec7n<br \/>\nChi ti\u1ebft nguy\u00ean l\u00fd ch\u1ee9c n\u0103ng: \u1ed0ng k\u00ednh k\u00e9p<br \/>\nK\u00edch th\u01b0\u1edbc (W x H x D): 11 mm x 31 mm x 20 mm<br \/>\nThi\u1ebft k\u1ebf nh\u00e0 \u1edf (ph\u00e1t x\u1ea1 \u00e1nh s\u00e1ng): H\u00ecnh h\u1ed9p ch\u1eef nh\u1eadt<br \/>\nPh\u1ea1m vi c\u1ea3m bi\u1ebfn t\u1ed1i \u0111a: 0,01m \u2026 7,2m 1)<br \/>\nLo\u1ea1i \u00e1nh s\u00e1ng: C\u00f3 th\u1ec3 nh\u00ecn th\u1ea5y \u0111\u00e8n \u0111\u1ecf<br \/>\nNgu\u1ed3n s\u00e1ng: \u0111\u00e8n LED 2)<br \/>\nK\u00edch th\u01b0\u1edbc \u0111i\u1ec3m s\u00e1ng (kho\u1ea3ng c\u00e1ch): \u00d8 280mm (4m)<br \/>\n\u0110\u1ed9 d\u00e0i s\u00f3ng: 632nm<br \/>\n\u0110i\u1ec1u ch\u1ec9nh: Chi\u1ebft \u00e1p (\u0110\u1ed9 nh\u1ea1y)<br \/>\nCung c\u1ea5p hi\u00ea\u0323u \u0111i\u00ea\u0323n th\u1ebf: 10V DC\u2026 30VDC 1)<br \/>\nG\u1ee3n s\u00f3ng: \u00b1 10% 2)<br \/>\nM\u1ee9c ti\u00eau th\u1ee5 hi\u1ec7n t\u1ea1i: 30 mA 3)<br \/>\nChuy\u1ec3n \u0111\u1ed5i \u0111\u1ea7u ra: PNP<br \/>\nCh\u1ebf \u0111\u1ed9 chuy\u1ec3n \u0111\u1ed5i: Chuy\u1ec3n \u0111\u1ed5i s\u00e1ng\/t\u1ed1i<br \/>\nB\u1ed9 ch\u1ecdn ch\u1ebf \u0111\u1ed9 chuy\u1ec3n \u0111\u1ed5i: C\u00f3 th\u1ec3 l\u1ef1a ch\u1ecdn th\u00f4ng qua c\u00f4ng t\u1eafc xoay s\u00e1ng\/t\u1ed1i<br \/>\n\u0110i\u1ec7n \u00e1p t\u00edn hi\u1ec7u PNP CAO\/TH\u1ea4P: UV \u2013 1,8 V\/ca . 0 V<br \/>\nD\u00f2ng \u0111i\u1ec7n \u0111\u1ea7u ra I t\u1ed1i \u0111a: \u2264 100 mA<br \/>\nTh\u1eddi gian \u0111\u00e1p \u1ee9ng: \u2264 0,5 mili gi\u00e2y 4)<br \/>\nChuy\u1ec3n \u0111\u1ed5i th\u01b0\u1eddng xuy\u00ean: 1.000 Hz 5)<br \/>\nKi\u1ec3u k\u1ebft n\u1ed1i: \u0110\u1ea7u n\u1ed1i M8, 3 ch\u00e2n<br \/>\nL\u1edbp b\u1ea3o v\u1ec7: III<br \/>\nB\u1ed9 l\u1ecdc ph\u00e2n c\u1ef1c:\u00a0<img decoding=\"async\" class=\"emoji\" role=\"img\" src=\"https:\/\/s.w.org\/images\/core\/emoji\/13.1.0\/svg\/2714.svg\" alt=\"\u2714\" \/><br \/>\nV\u1eadt li\u1ec7u nh\u00e0 \u1edf: Nh\u1ef1a, ABS\/PC\/POM<br \/>\nV\u1eadt li\u1ec7u quang h\u1ecdc: Nh\u1ef1a, PMMA<br \/>\n\u0110\u00e1nh gi\u00e1 bao v\u00e2y: IP67<br \/>\nC\u00e1c m\u1eb7t h\u00e0ng \u0111\u01b0\u1ee3c cung c\u1ea5p: Gi\u00e1 \u0111\u1ee1 BEF-W100-A, Ch\u00f3a ph\u1ea3n quang P250<br \/>\nNhi\u1ec7t \u0111\u1ed9 m\u00f4i tr\u01b0\u1eddng xung quanh: \u201325 \u00b0C \u2026 +55 \u00b0C<br \/>\nNhi\u1ec7t \u0111\u1ed9 m\u00f4i tr\u01b0\u1eddng, b\u1ea3o qu\u1ea3n: \u201340 \u00b0C \u2026 +70 \u00b0C<\/div>\n","protected":false},"excerpt":{"rendered":"<p>SICK WL100-2P3439 6052361 \u1ea3m bi\u1ebfn Sick WL100-2P3439 1. C\u1ea3m bi\u1ebfn\u00a0WL100-2P3439: Nguy\u00ean t\u1eafc ch\u1ee9c n\u0103ng: C\u1ea3m bi\u1ebfn ph\u1ea3n x\u1ea1 quang \u0111i\u1ec7n Chi ti\u1ebft nguy\u00ean l\u00fd ch\u1ee9c n\u0103ng: \u1ed0ng k\u00ednh k\u00e9p K\u00edch th\u01b0\u1edbc (W x H x D): 11 mm x 31 mm x 20 mm Thi\u1ebft k\u1ebf nh\u00e0 \u1edf (ph\u00e1t x\u1ea1&hellip; <\/p>\n","protected":false},"featured_media":4089,"comment_status":"open","ping_status":"closed","template":"","meta":[],"product_cat":[297],"product_tag":[88,89,90],"class_list":{"0":"post-4088","1":"product","2":"type-product","3":"status-publish","4":"has-post-thumbnail","6":"product_cat-sick","7":"product_tag-cam-bien","8":"product_tag-dai-ly-sick-viet-nam","9":"product_tag-sick-viet-nam","11":"first","12":"instock","13":"shipping-taxable","14":"product-type-simple"},"yoast_head":"<!-- This site is optimized with the Yoast SEO plugin v22.8 - https:\/\/yoast.com\/wordpress\/plugins\/seo\/ -->\n<title>SICK WL100-2P3439 - OMANI VI\u1ec6T NAM<\/title>\n<meta name=\"description\" content=\"SICK WL100-2P3439 6052361 Sensor\" \/>\n<meta name=\"robots\" content=\"index, follow, max-snippet:-1, max-image-preview:large, max-video-preview:-1\" \/>\n<link rel=\"canonical\" href=\"https:\/\/omanivietnam.com\/index.php\/san-pham\/sick-wl100-2p3439\/\" \/>\n<meta property=\"og:locale\" content=\"vi_VN\" \/>\n<meta property=\"og:type\" content=\"article\" \/>\n<meta property=\"og:title\" content=\"SICK WL100-2P3439 - OMANI VI\u1ec6T NAM\" \/>\n<meta property=\"og:description\" content=\"SICK WL100-2P3439 6052361 Sensor\" \/>\n<meta property=\"og:url\" content=\"https:\/\/omanivietnam.com\/index.php\/san-pham\/sick-wl100-2p3439\/\" \/>\n<meta property=\"og:site_name\" content=\"OMANI VI\u1ec6T NAM\" \/>\n<meta property=\"article:modified_time\" content=\"2025-07-04T13:34:11+00:00\" \/>\n<meta property=\"og:image\" content=\"https:\/\/omanivietnam.com\/wp-content\/uploads\/2025\/07\/WL100-2P3439.png\" \/>\n\t<meta property=\"og:image:width\" content=\"550\" \/>\n\t<meta property=\"og:image:height\" content=\"385\" \/>\n\t<meta property=\"og:image:type\" content=\"image\/png\" \/>\n<meta name=\"twitter:card\" content=\"summary_large_image\" \/>\n<meta name=\"twitter:label1\" content=\"\u01af\u1edbc t\u00ednh th\u1eddi gian \u0111\u1ecdc\" \/>\n\t<meta name=\"twitter:data1\" content=\"2 ph\u00fat\" \/>\n<script type=\"application\/ld+json\" class=\"yoast-schema-graph\">{\"@context\":\"https:\/\/schema.org\",\"@graph\":[{\"@type\":\"WebPage\",\"@id\":\"https:\/\/omanivietnam.com\/index.php\/san-pham\/sick-wl100-2p3439\/\",\"url\":\"https:\/\/omanivietnam.com\/index.php\/san-pham\/sick-wl100-2p3439\/\",\"name\":\"SICK WL100-2P3439 - OMANI VI\u1ec6T NAM\",\"isPartOf\":{\"@id\":\"https:\/\/omanivietnam.com\/#website\"},\"primaryImageOfPage\":{\"@id\":\"https:\/\/omanivietnam.com\/index.php\/san-pham\/sick-wl100-2p3439\/#primaryimage\"},\"image\":{\"@id\":\"https:\/\/omanivietnam.com\/index.php\/san-pham\/sick-wl100-2p3439\/#primaryimage\"},\"thumbnailUrl\":\"https:\/\/omanivietnam.com\/wp-content\/uploads\/2025\/07\/WL100-2P3439.png\",\"datePublished\":\"2025-07-04T13:32:30+00:00\",\"dateModified\":\"2025-07-04T13:34:11+00:00\",\"description\":\"SICK WL100-2P3439 6052361 Sensor\",\"breadcrumb\":{\"@id\":\"https:\/\/omanivietnam.com\/index.php\/san-pham\/sick-wl100-2p3439\/#breadcrumb\"},\"inLanguage\":\"vi\",\"potentialAction\":[{\"@type\":\"ReadAction\",\"target\":[\"https:\/\/omanivietnam.com\/index.php\/san-pham\/sick-wl100-2p3439\/\"]}]},{\"@type\":\"ImageObject\",\"inLanguage\":\"vi\",\"@id\":\"https:\/\/omanivietnam.com\/index.php\/san-pham\/sick-wl100-2p3439\/#primaryimage\",\"url\":\"https:\/\/omanivietnam.com\/wp-content\/uploads\/2025\/07\/WL100-2P3439.png\",\"contentUrl\":\"https:\/\/omanivietnam.com\/wp-content\/uploads\/2025\/07\/WL100-2P3439.png\",\"width\":550,\"height\":385},{\"@type\":\"BreadcrumbList\",\"@id\":\"https:\/\/omanivietnam.com\/index.php\/san-pham\/sick-wl100-2p3439\/#breadcrumb\",\"itemListElement\":[{\"@type\":\"ListItem\",\"position\":1,\"name\":\"Home\",\"item\":\"https:\/\/omanivietnam.com\/\"},{\"@type\":\"ListItem\",\"position\":2,\"name\":\"S\u1ea2N PH\u1ea8M\",\"item\":\"https:\/\/omanivietnam.com\/index.php\/cua-hang\/\"},{\"@type\":\"ListItem\",\"position\":3,\"name\":\"SICK WL100-2P3439\"}]},{\"@type\":\"WebSite\",\"@id\":\"https:\/\/omanivietnam.com\/#website\",\"url\":\"https:\/\/omanivietnam.com\/\",\"name\":\"OMANI VI\u1ec6T NAM\",\"description\":\"Nh\u00e0 ph\u00e2n ph\u1ed1i thi\u1ebft b\u1ecb kh\u00ed n\u00e9n v\u00e0 thi\u1ebft b\u1ecb t\u1ef1 \u0111\u1ed9ng h\u00f3a trong c\u00f4ng nghi\u1ec7p\",\"publisher\":{\"@id\":\"https:\/\/omanivietnam.com\/#\/schema\/person\/0ad398a980dc3fd696111c2c5c8fa897\"},\"potentialAction\":[{\"@type\":\"SearchAction\",\"target\":{\"@type\":\"EntryPoint\",\"urlTemplate\":\"https:\/\/omanivietnam.com\/?s={search_term_string}\"},\"query-input\":\"required name=search_term_string\"}],\"inLanguage\":\"vi\"},{\"@type\":[\"Person\",\"Organization\"],\"@id\":\"https:\/\/omanivietnam.com\/#\/schema\/person\/0ad398a980dc3fd696111c2c5c8fa897\",\"name\":\"Nguy\u1ec5n V\u0103n Kh\u00e1nh\",\"image\":{\"@type\":\"ImageObject\",\"inLanguage\":\"vi\",\"@id\":\"https:\/\/omanivietnam.com\/#\/schema\/person\/image\/\",\"url\":\"https:\/\/omanivietnam.com\/wp-content\/uploads\/2024\/06\/logo-1024x1024.png\",\"contentUrl\":\"https:\/\/omanivietnam.com\/wp-content\/uploads\/2024\/06\/logo-1024x1024.png\",\"width\":1024,\"height\":1024,\"caption\":\"Nguy\u1ec5n V\u0103n Kh\u00e1nh\"},\"logo\":{\"@id\":\"https:\/\/omanivietnam.com\/#\/schema\/person\/image\/\"},\"sameAs\":[\"https:\/\/omanivietnam.com\"]}]}<\/script>\n<!-- \/ Yoast SEO plugin. -->","yoast_head_json":{"title":"SICK WL100-2P3439 - OMANI VI\u1ec6T NAM","description":"SICK WL100-2P3439 6052361 Sensor","robots":{"index":"index","follow":"follow","max-snippet":"max-snippet:-1","max-image-preview":"max-image-preview:large","max-video-preview":"max-video-preview:-1"},"canonical":"https:\/\/omanivietnam.com\/index.php\/san-pham\/sick-wl100-2p3439\/","og_locale":"vi_VN","og_type":"article","og_title":"SICK WL100-2P3439 - OMANI VI\u1ec6T NAM","og_description":"SICK WL100-2P3439 6052361 Sensor","og_url":"https:\/\/omanivietnam.com\/index.php\/san-pham\/sick-wl100-2p3439\/","og_site_name":"OMANI VI\u1ec6T NAM","article_modified_time":"2025-07-04T13:34:11+00:00","og_image":[{"width":550,"height":385,"url":"https:\/\/omanivietnam.com\/wp-content\/uploads\/2025\/07\/WL100-2P3439.png","type":"image\/png"}],"twitter_card":"summary_large_image","twitter_misc":{"\u01af\u1edbc t\u00ednh th\u1eddi gian \u0111\u1ecdc":"2 ph\u00fat"},"schema":{"@context":"https:\/\/schema.org","@graph":[{"@type":"WebPage","@id":"https:\/\/omanivietnam.com\/index.php\/san-pham\/sick-wl100-2p3439\/","url":"https:\/\/omanivietnam.com\/index.php\/san-pham\/sick-wl100-2p3439\/","name":"SICK WL100-2P3439 - OMANI VI\u1ec6T NAM","isPartOf":{"@id":"https:\/\/omanivietnam.com\/#website"},"primaryImageOfPage":{"@id":"https:\/\/omanivietnam.com\/index.php\/san-pham\/sick-wl100-2p3439\/#primaryimage"},"image":{"@id":"https:\/\/omanivietnam.com\/index.php\/san-pham\/sick-wl100-2p3439\/#primaryimage"},"thumbnailUrl":"https:\/\/omanivietnam.com\/wp-content\/uploads\/2025\/07\/WL100-2P3439.png","datePublished":"2025-07-04T13:32:30+00:00","dateModified":"2025-07-04T13:34:11+00:00","description":"SICK WL100-2P3439 6052361 Sensor","breadcrumb":{"@id":"https:\/\/omanivietnam.com\/index.php\/san-pham\/sick-wl100-2p3439\/#breadcrumb"},"inLanguage":"vi","potentialAction":[{"@type":"ReadAction","target":["https:\/\/omanivietnam.com\/index.php\/san-pham\/sick-wl100-2p3439\/"]}]},{"@type":"ImageObject","inLanguage":"vi","@id":"https:\/\/omanivietnam.com\/index.php\/san-pham\/sick-wl100-2p3439\/#primaryimage","url":"https:\/\/omanivietnam.com\/wp-content\/uploads\/2025\/07\/WL100-2P3439.png","contentUrl":"https:\/\/omanivietnam.com\/wp-content\/uploads\/2025\/07\/WL100-2P3439.png","width":550,"height":385},{"@type":"BreadcrumbList","@id":"https:\/\/omanivietnam.com\/index.php\/san-pham\/sick-wl100-2p3439\/#breadcrumb","itemListElement":[{"@type":"ListItem","position":1,"name":"Home","item":"https:\/\/omanivietnam.com\/"},{"@type":"ListItem","position":2,"name":"S\u1ea2N PH\u1ea8M","item":"https:\/\/omanivietnam.com\/index.php\/cua-hang\/"},{"@type":"ListItem","position":3,"name":"SICK WL100-2P3439"}]},{"@type":"WebSite","@id":"https:\/\/omanivietnam.com\/#website","url":"https:\/\/omanivietnam.com\/","name":"OMANI VI\u1ec6T NAM","description":"Nh\u00e0 ph\u00e2n ph\u1ed1i thi\u1ebft b\u1ecb kh\u00ed n\u00e9n v\u00e0 thi\u1ebft b\u1ecb t\u1ef1 \u0111\u1ed9ng h\u00f3a trong c\u00f4ng nghi\u1ec7p","publisher":{"@id":"https:\/\/omanivietnam.com\/#\/schema\/person\/0ad398a980dc3fd696111c2c5c8fa897"},"potentialAction":[{"@type":"SearchAction","target":{"@type":"EntryPoint","urlTemplate":"https:\/\/omanivietnam.com\/?s={search_term_string}"},"query-input":"required name=search_term_string"}],"inLanguage":"vi"},{"@type":["Person","Organization"],"@id":"https:\/\/omanivietnam.com\/#\/schema\/person\/0ad398a980dc3fd696111c2c5c8fa897","name":"Nguy\u1ec5n V\u0103n Kh\u00e1nh","image":{"@type":"ImageObject","inLanguage":"vi","@id":"https:\/\/omanivietnam.com\/#\/schema\/person\/image\/","url":"https:\/\/omanivietnam.com\/wp-content\/uploads\/2024\/06\/logo-1024x1024.png","contentUrl":"https:\/\/omanivietnam.com\/wp-content\/uploads\/2024\/06\/logo-1024x1024.png","width":1024,"height":1024,"caption":"Nguy\u1ec5n V\u0103n Kh\u00e1nh"},"logo":{"@id":"https:\/\/omanivietnam.com\/#\/schema\/person\/image\/"},"sameAs":["https:\/\/omanivietnam.com"]}]}},"_links":{"self":[{"href":"https:\/\/omanivietnam.com\/index.php\/wp-json\/wp\/v2\/product\/4088","targetHints":{"allow":["GET"]}}],"collection":[{"href":"https:\/\/omanivietnam.com\/index.php\/wp-json\/wp\/v2\/product"}],"about":[{"href":"https:\/\/omanivietnam.com\/index.php\/wp-json\/wp\/v2\/types\/product"}],"replies":[{"embeddable":true,"href":"https:\/\/omanivietnam.com\/index.php\/wp-json\/wp\/v2\/comments?post=4088"}],"wp:featuredmedia":[{"embeddable":true,"href":"https:\/\/omanivietnam.com\/index.php\/wp-json\/wp\/v2\/media\/4089"}],"wp:attachment":[{"href":"https:\/\/omanivietnam.com\/index.php\/wp-json\/wp\/v2\/media?parent=4088"}],"wp:term":[{"taxonomy":"product_cat","embeddable":true,"href":"https:\/\/omanivietnam.com\/index.php\/wp-json\/wp\/v2\/product_cat?post=4088"},{"taxonomy":"product_tag","embeddable":true,"href":"https:\/\/omanivietnam.com\/index.php\/wp-json\/wp\/v2\/product_tag?post=4088"}],"curies":[{"name":"wp","href":"https:\/\/api.w.org\/{rel}","templated":true}]}}