{"id":409,"date":"2024-06-12T23:17:01","date_gmt":"2024-06-12T16:17:01","guid":{"rendered":"https:\/\/omanivietnam.com\/?post_type=product&#038;p=409"},"modified":"2025-04-11T20:18:02","modified_gmt":"2025-04-11T13:18:02","slug":"smc-vbat20s1","status":"publish","type":"product","link":"https:\/\/omanivietnam.com\/index.php\/san-pham\/smc-vbat20s1\/","title":{"rendered":"SMC VBAT20S1"},"content":{"rendered":"<p>SMC VBAT20S1<\/p>\n<p>SMC VBA40A-04GN<\/p>\n<h1 class=\"m-h1\">Air Tank VBAT Series (VBAT20S1)<\/h1>\n<p>The Air Tank VBAT Series allows for compact connections with booster regulators.<br \/>\n[Features]<br \/>\n\u00b7 Can also be used alone as a tank.<br \/>\n\u00b7 Does not fall under the Japanese Construction Code for Second Class Pressure Vessels.<br \/>\n\u00b7 Partially compatible with some international standards.<\/p>\n<table class=\"m-listTable\" summary=\"Price, Spec., etc.\">\n<tbody>\n<tr>\n<th>Type<\/th>\n<td>Tank<\/td>\n<th>Type<\/th>\n<td>Standard product (for Japanese domestic market)<\/td>\n<\/tr>\n<tr>\n<th>Size<\/th>\n<td>20\u00a0L<\/td>\n<th>Thread type<\/th>\n<td>Rc<\/td>\n<\/tr>\n<tr>\n<th>Connection port size<\/th>\n<td>IN 1\/2, OUT 1\/2<\/td>\n<th>Option<\/th>\n<td>Without safety valve, without drain valve<\/td>\n<\/tr>\n<tr>\n<th>Materials<\/th>\n<td>Stainless steel (SUS304)<\/td>\n<th>Type<\/th>\n<td>\u2013<\/td>\n<\/tr>\n<tr>\n<th>Compatible Model<\/th>\n<td>\u2013<\/td>\n<th>Voltage Setting<\/th>\n<td>\u2013<\/td>\n<\/tr>\n<\/tbody>\n<\/table>\n<p>&nbsp;<\/p>\n<p>&nbsp;<\/p>\n<p>B\u1ed9 t\u0103ng \u00e1p SMC<\/p>\n<p>VBA40A-04 VBA40A-04GN VBA40A-F04 VBA42A-04 VBA42A-04GN VBA42A-F04GN VBA43A-04 VBA43A-04GN VBAT05A1 VBAT05S-V VBAT10A1 VBAT20A1 VBAT20S1-V VBAT20A1-V VBAT38A1 VBAT-R VBAT-S VBAT-V1 VCA31-5D-4-02 VCA31-5DL-4-02-F VCA41-5DB-5-03-F VCB21-2G-4-02 VCH41-5DL-06G VCHNF4-12 VCHNF4-12 VCL23-5G-3 VCS41-4G-10-06-N VCW31-5G-4-02 VDW20AA VDW22WA VDW22NA VDW350-5G-3-02 VEA251 VEP3121-2-02 VEX1300-04 VEX1333-04-BG VEX1333-04-G VEX1500-10 VEX1533-06 VEX1533-06-G VEX1700-10 VEX1933-14-G VEX1900-14 VEX3122-024G VEX3-32A VEX3902-145DZ \u2026<\/p>\n<p>&nbsp;<\/p>\n<p>SMC VBAT05S1 SMC VBA10A-02GN SMC VBA20A-03GN SMC VBA40A-04GN SMC VBA1100-02GN SMC VBA2100-03GN SMC VBA4100-04GN SMC VBA10A-02 SMC VBA20A-03 SMC VBA40A-04 SMC VBA1100-02 SMC VBA2100-03 SMC VBA4100-04 SMC VBAT05A1 SMC VBAT05S1 SMC VBAT10A1 SMC VBAT10S1 SMC VBAT20A1 SMC VBAT20S1 SMC VBAT38A1 SMC VBAT38S1 SMC VBAT05A1-T-X104 SMC VBAT05S1-T-X104 SMC VBAT10A1-T-X104 \u2026<\/p>\n<p>&nbsp;<\/p>\n<p>\u0110\u1ea1i l\u00fd SMC vietnam, SMC viet nam, SMC vietnam distributor, Ph\u00e2n ph\u1ed1i SMC t\u1ea1i vi\u1ec7t nam<\/p>\n<p>\u0110\u1ea1i l\u00fd SMC vietnam, SMC viet nam, SMC vietnam distributor, Ph\u00e2n ph\u1ed1i SMC t\u1ea1i vi\u1ec7t nam<\/p>\n<p>\u0110\u1ea1i l\u00fd SMC vietnam, SMC viet nam, SMC vietnam distributor, Ph\u00e2n ph\u1ed1i SMC t\u1ea1i vi\u1ec7t nam<\/p>\n<p>\u0110\u1ea1i l\u00fd SMC vietnam, SMC viet nam, SMC vietnam distributor, Ph\u00e2n ph\u1ed1i SMC t\u1ea1i vi\u1ec7t nam<\/p>\n<p>\u0110\u1ea1i l\u00fd SMC vietnam, SMC viet nam, SMC vietnam distributor, Ph\u00e2n ph\u1ed1i SMC t\u1ea1i vi\u1ec7t nam<\/p>\n","protected":false},"excerpt":{"rendered":"<div data-redactor=\"1\">\n<p><strong>SMC VBAT20S1<\/strong><\/p>\n<p>\u0110T:\u00a0<a title=\"Call\" href=\"tel:0937876353\">0937 876 353<\/a><br \/>\nFace. Zalo :\u00a0<a title=\"Call\" href=\"tel:0937876353\">0937 876 353<\/a><br \/>\n\u0110C: 28\/1\/16 \u0110\u01b0\u1eddng 16, P. Linh Chi\u1ec3u, TP. Th\u1ee7 \u0110\u1ee9c, TP. HCM<\/p>\n<\/div>\n<div data-redactor=\"1\">\n<p>Web :\u00a0<a href=\"https:\/\/omanivietnam.com\/\">https:\/\/omanivietnam.com<\/a><\/p>\n<\/div>\n","protected":false},"featured_media":410,"comment_status":"open","ping_status":"closed","template":"","meta":[],"product_cat":[283],"product_tag":[93,92,94],"class_list":{"0":"post-409","1":"product","2":"type-product","3":"status-publish","4":"has-post-thumbnail","6":"product_cat-smc","7":"product_tag-dai-ly-smc-viet-nam","8":"product_tag-smc-viet-nam","9":"product_tag-thung-rong-chua-khi-nen","11":"first","12":"instock","13":"shipping-taxable","14":"product-type-simple"},"yoast_head":"<!-- This site is optimized with the Yoast SEO plugin v22.8 - https:\/\/yoast.com\/wordpress\/plugins\/seo\/ -->\n<title>SMC VBAT20S1 - OMANI VI\u1ec6T NAM<\/title>\n<meta name=\"description\" content=\"SMC VBAT20S1 Air Tank\" \/>\n<meta name=\"robots\" content=\"index, follow, max-snippet:-1, max-image-preview:large, max-video-preview:-1\" \/>\n<link rel=\"canonical\" href=\"https:\/\/omanivietnam.com\/index.php\/san-pham\/smc-vbat20s1\/\" \/>\n<meta property=\"og:locale\" content=\"vi_VN\" \/>\n<meta property=\"og:type\" content=\"article\" \/>\n<meta property=\"og:title\" content=\"SMC VBAT20S1 - OMANI VI\u1ec6T NAM\" \/>\n<meta property=\"og:description\" content=\"SMC VBAT20S1 Air Tank\" \/>\n<meta property=\"og:url\" content=\"https:\/\/omanivietnam.com\/index.php\/san-pham\/smc-vbat20s1\/\" \/>\n<meta property=\"og:site_name\" content=\"OMANI VI\u1ec6T NAM\" \/>\n<meta property=\"article:modified_time\" content=\"2025-04-11T13:18:02+00:00\" \/>\n<meta property=\"og:image\" content=\"https:\/\/omanivietnam.com\/wp-content\/uploads\/2024\/06\/VBAT20S1.png\" \/>\n\t<meta property=\"og:image:width\" content=\"1330\" \/>\n\t<meta property=\"og:image:height\" content=\"876\" \/>\n\t<meta property=\"og:image:type\" content=\"image\/png\" \/>\n<meta name=\"twitter:card\" content=\"summary_large_image\" \/>\n<meta name=\"twitter:label1\" content=\"\u01af\u1edbc t\u00ednh th\u1eddi gian \u0111\u1ecdc\" \/>\n\t<meta name=\"twitter:data1\" content=\"2 ph\u00fat\" \/>\n<script type=\"application\/ld+json\" class=\"yoast-schema-graph\">{\"@context\":\"https:\/\/schema.org\",\"@graph\":[{\"@type\":\"WebPage\",\"@id\":\"https:\/\/omanivietnam.com\/index.php\/san-pham\/smc-vbat20s1\/\",\"url\":\"https:\/\/omanivietnam.com\/index.php\/san-pham\/smc-vbat20s1\/\",\"name\":\"SMC VBAT20S1 - OMANI VI\u1ec6T NAM\",\"isPartOf\":{\"@id\":\"https:\/\/omanivietnam.com\/#website\"},\"primaryImageOfPage\":{\"@id\":\"https:\/\/omanivietnam.com\/index.php\/san-pham\/smc-vbat20s1\/#primaryimage\"},\"image\":{\"@id\":\"https:\/\/omanivietnam.com\/index.php\/san-pham\/smc-vbat20s1\/#primaryimage\"},\"thumbnailUrl\":\"https:\/\/omanivietnam.com\/wp-content\/uploads\/2024\/06\/VBAT20S1.png\",\"datePublished\":\"2024-06-12T16:17:01+00:00\",\"dateModified\":\"2025-04-11T13:18:02+00:00\",\"description\":\"SMC VBAT20S1 Air Tank\",\"breadcrumb\":{\"@id\":\"https:\/\/omanivietnam.com\/index.php\/san-pham\/smc-vbat20s1\/#breadcrumb\"},\"inLanguage\":\"vi\",\"potentialAction\":[{\"@type\":\"ReadAction\",\"target\":[\"https:\/\/omanivietnam.com\/index.php\/san-pham\/smc-vbat20s1\/\"]}]},{\"@type\":\"ImageObject\",\"inLanguage\":\"vi\",\"@id\":\"https:\/\/omanivietnam.com\/index.php\/san-pham\/smc-vbat20s1\/#primaryimage\",\"url\":\"https:\/\/omanivietnam.com\/wp-content\/uploads\/2024\/06\/VBAT20S1.png\",\"contentUrl\":\"https:\/\/omanivietnam.com\/wp-content\/uploads\/2024\/06\/VBAT20S1.png\",\"width\":1330,\"height\":876},{\"@type\":\"BreadcrumbList\",\"@id\":\"https:\/\/omanivietnam.com\/index.php\/san-pham\/smc-vbat20s1\/#breadcrumb\",\"itemListElement\":[{\"@type\":\"ListItem\",\"position\":1,\"name\":\"Home\",\"item\":\"https:\/\/omanivietnam.com\/\"},{\"@type\":\"ListItem\",\"position\":2,\"name\":\"S\u1ea2N PH\u1ea8M\",\"item\":\"https:\/\/omanivietnam.com\/index.php\/cua-hang\/\"},{\"@type\":\"ListItem\",\"position\":3,\"name\":\"SMC VBAT20S1\"}]},{\"@type\":\"WebSite\",\"@id\":\"https:\/\/omanivietnam.com\/#website\",\"url\":\"https:\/\/omanivietnam.com\/\",\"name\":\"OMANI VI\u1ec6T NAM\",\"description\":\"Nh\u00e0 ph\u00e2n ph\u1ed1i thi\u1ebft b\u1ecb kh\u00ed n\u00e9n v\u00e0 thi\u1ebft b\u1ecb t\u1ef1 \u0111\u1ed9ng h\u00f3a trong c\u00f4ng nghi\u1ec7p\",\"publisher\":{\"@id\":\"https:\/\/omanivietnam.com\/#\/schema\/person\/0ad398a980dc3fd696111c2c5c8fa897\"},\"potentialAction\":[{\"@type\":\"SearchAction\",\"target\":{\"@type\":\"EntryPoint\",\"urlTemplate\":\"https:\/\/omanivietnam.com\/?s={search_term_string}\"},\"query-input\":\"required name=search_term_string\"}],\"inLanguage\":\"vi\"},{\"@type\":[\"Person\",\"Organization\"],\"@id\":\"https:\/\/omanivietnam.com\/#\/schema\/person\/0ad398a980dc3fd696111c2c5c8fa897\",\"name\":\"Nguy\u1ec5n V\u0103n Kh\u00e1nh\",\"image\":{\"@type\":\"ImageObject\",\"inLanguage\":\"vi\",\"@id\":\"https:\/\/omanivietnam.com\/#\/schema\/person\/image\/\",\"url\":\"https:\/\/omanivietnam.com\/wp-content\/uploads\/2024\/06\/logo-1024x1024.png\",\"contentUrl\":\"https:\/\/omanivietnam.com\/wp-content\/uploads\/2024\/06\/logo-1024x1024.png\",\"width\":1024,\"height\":1024,\"caption\":\"Nguy\u1ec5n V\u0103n Kh\u00e1nh\"},\"logo\":{\"@id\":\"https:\/\/omanivietnam.com\/#\/schema\/person\/image\/\"},\"sameAs\":[\"https:\/\/omanivietnam.com\"]}]}<\/script>\n<!-- \/ Yoast SEO plugin. -->","yoast_head_json":{"title":"SMC VBAT20S1 - OMANI VI\u1ec6T NAM","description":"SMC VBAT20S1 Air Tank","robots":{"index":"index","follow":"follow","max-snippet":"max-snippet:-1","max-image-preview":"max-image-preview:large","max-video-preview":"max-video-preview:-1"},"canonical":"https:\/\/omanivietnam.com\/index.php\/san-pham\/smc-vbat20s1\/","og_locale":"vi_VN","og_type":"article","og_title":"SMC VBAT20S1 - OMANI VI\u1ec6T NAM","og_description":"SMC VBAT20S1 Air Tank","og_url":"https:\/\/omanivietnam.com\/index.php\/san-pham\/smc-vbat20s1\/","og_site_name":"OMANI VI\u1ec6T NAM","article_modified_time":"2025-04-11T13:18:02+00:00","og_image":[{"width":1330,"height":876,"url":"https:\/\/omanivietnam.com\/wp-content\/uploads\/2024\/06\/VBAT20S1.png","type":"image\/png"}],"twitter_card":"summary_large_image","twitter_misc":{"\u01af\u1edbc t\u00ednh th\u1eddi gian \u0111\u1ecdc":"2 ph\u00fat"},"schema":{"@context":"https:\/\/schema.org","@graph":[{"@type":"WebPage","@id":"https:\/\/omanivietnam.com\/index.php\/san-pham\/smc-vbat20s1\/","url":"https:\/\/omanivietnam.com\/index.php\/san-pham\/smc-vbat20s1\/","name":"SMC VBAT20S1 - OMANI VI\u1ec6T NAM","isPartOf":{"@id":"https:\/\/omanivietnam.com\/#website"},"primaryImageOfPage":{"@id":"https:\/\/omanivietnam.com\/index.php\/san-pham\/smc-vbat20s1\/#primaryimage"},"image":{"@id":"https:\/\/omanivietnam.com\/index.php\/san-pham\/smc-vbat20s1\/#primaryimage"},"thumbnailUrl":"https:\/\/omanivietnam.com\/wp-content\/uploads\/2024\/06\/VBAT20S1.png","datePublished":"2024-06-12T16:17:01+00:00","dateModified":"2025-04-11T13:18:02+00:00","description":"SMC VBAT20S1 Air Tank","breadcrumb":{"@id":"https:\/\/omanivietnam.com\/index.php\/san-pham\/smc-vbat20s1\/#breadcrumb"},"inLanguage":"vi","potentialAction":[{"@type":"ReadAction","target":["https:\/\/omanivietnam.com\/index.php\/san-pham\/smc-vbat20s1\/"]}]},{"@type":"ImageObject","inLanguage":"vi","@id":"https:\/\/omanivietnam.com\/index.php\/san-pham\/smc-vbat20s1\/#primaryimage","url":"https:\/\/omanivietnam.com\/wp-content\/uploads\/2024\/06\/VBAT20S1.png","contentUrl":"https:\/\/omanivietnam.com\/wp-content\/uploads\/2024\/06\/VBAT20S1.png","width":1330,"height":876},{"@type":"BreadcrumbList","@id":"https:\/\/omanivietnam.com\/index.php\/san-pham\/smc-vbat20s1\/#breadcrumb","itemListElement":[{"@type":"ListItem","position":1,"name":"Home","item":"https:\/\/omanivietnam.com\/"},{"@type":"ListItem","position":2,"name":"S\u1ea2N PH\u1ea8M","item":"https:\/\/omanivietnam.com\/index.php\/cua-hang\/"},{"@type":"ListItem","position":3,"name":"SMC VBAT20S1"}]},{"@type":"WebSite","@id":"https:\/\/omanivietnam.com\/#website","url":"https:\/\/omanivietnam.com\/","name":"OMANI VI\u1ec6T NAM","description":"Nh\u00e0 ph\u00e2n ph\u1ed1i thi\u1ebft b\u1ecb kh\u00ed n\u00e9n v\u00e0 thi\u1ebft b\u1ecb t\u1ef1 \u0111\u1ed9ng h\u00f3a trong c\u00f4ng nghi\u1ec7p","publisher":{"@id":"https:\/\/omanivietnam.com\/#\/schema\/person\/0ad398a980dc3fd696111c2c5c8fa897"},"potentialAction":[{"@type":"SearchAction","target":{"@type":"EntryPoint","urlTemplate":"https:\/\/omanivietnam.com\/?s={search_term_string}"},"query-input":"required name=search_term_string"}],"inLanguage":"vi"},{"@type":["Person","Organization"],"@id":"https:\/\/omanivietnam.com\/#\/schema\/person\/0ad398a980dc3fd696111c2c5c8fa897","name":"Nguy\u1ec5n V\u0103n Kh\u00e1nh","image":{"@type":"ImageObject","inLanguage":"vi","@id":"https:\/\/omanivietnam.com\/#\/schema\/person\/image\/","url":"https:\/\/omanivietnam.com\/wp-content\/uploads\/2024\/06\/logo-1024x1024.png","contentUrl":"https:\/\/omanivietnam.com\/wp-content\/uploads\/2024\/06\/logo-1024x1024.png","width":1024,"height":1024,"caption":"Nguy\u1ec5n V\u0103n Kh\u00e1nh"},"logo":{"@id":"https:\/\/omanivietnam.com\/#\/schema\/person\/image\/"},"sameAs":["https:\/\/omanivietnam.com"]}]}},"_links":{"self":[{"href":"https:\/\/omanivietnam.com\/index.php\/wp-json\/wp\/v2\/product\/409","targetHints":{"allow":["GET"]}}],"collection":[{"href":"https:\/\/omanivietnam.com\/index.php\/wp-json\/wp\/v2\/product"}],"about":[{"href":"https:\/\/omanivietnam.com\/index.php\/wp-json\/wp\/v2\/types\/product"}],"replies":[{"embeddable":true,"href":"https:\/\/omanivietnam.com\/index.php\/wp-json\/wp\/v2\/comments?post=409"}],"wp:featuredmedia":[{"embeddable":true,"href":"https:\/\/omanivietnam.com\/index.php\/wp-json\/wp\/v2\/media\/410"}],"wp:attachment":[{"href":"https:\/\/omanivietnam.com\/index.php\/wp-json\/wp\/v2\/media?parent=409"}],"wp:term":[{"taxonomy":"product_cat","embeddable":true,"href":"https:\/\/omanivietnam.com\/index.php\/wp-json\/wp\/v2\/product_cat?post=409"},{"taxonomy":"product_tag","embeddable":true,"href":"https:\/\/omanivietnam.com\/index.php\/wp-json\/wp\/v2\/product_tag?post=409"}],"curies":[{"name":"wp","href":"https:\/\/api.w.org\/{rel}","templated":true}]}}