{"id":4101,"date":"2025-07-13T13:24:19","date_gmt":"2025-07-13T06:24:19","guid":{"rendered":"https:\/\/omanivietnam.com\/?post_type=product&#038;p=4101"},"modified":"2025-07-13T13:24:19","modified_gmt":"2025-07-13T06:24:19","slug":"keyence-gt-71a","status":"publish","type":"product","link":"https:\/\/omanivietnam.com\/index.php\/san-pham\/keyence-gt-71a\/","title":{"rendered":"KEYENCE GT-71A"},"content":{"rendered":"<p>KEYENCE GT-71A<\/p>\n<table class=\"woocommerce-product-attributes shop_attributes\">\n<tbody>\n<tr>\n<td colspan=\"4\">M\u1eabu<\/td>\n<td>GT-71A<sup>*1<\/sup><\/td>\n<\/tr>\n<tr>\n<td colspan=\"4\">Lo\u1ea1i<\/td>\n<td>Kh\u1ed1i khu\u1ebfch \u0111\u1ea1i<\/td>\n<\/tr>\n<tr>\n<td colspan=\"4\">Lo\u1ea1i l\u1eafp \u0111\u1eb7t<\/td>\n<td>L\u1eafp tr\u00ean thanh ngang (DIN-rail)<sup>*2<\/sup><\/td>\n<\/tr>\n<tr>\n<td colspan=\"4\">Lo\u1ea1i ng\u00f5 ra<\/td>\n<td>Ng\u00f5 ra NPN<\/td>\n<\/tr>\n<tr>\n<td colspan=\"4\">Thi\u1ebft b\u1ecb ch\u00ednh\/Kh\u1ed1i m\u1edf r\u1ed9ng<\/td>\n<td>Thi\u1ebft b\u1ecb ch\u00ednh<sup>*3<\/sup><\/td>\n<\/tr>\n<tr>\n<td rowspan=\"2\">C\u00f4ng su\u1ea5t ti\u00eau th\u1ee5<\/td>\n<td colspan=\"3\">B\u00ecnh th\u01b0\u1eddng<\/td>\n<td>T\u1ea1i 12 V: T\u1eeb 1,140 mW (95 mA) tr\u1edf xu\u1ed1ng, T\u1ea1i 24 V: T\u1eeb 1,200 mW (50 mA) tr\u1edf xu\u1ed1ng<\/td>\n<\/tr>\n<tr>\n<td colspan=\"3\">Ti\u1ebft ki\u1ec7m \u0111i\u1ec7n (Eco)<\/td>\n<td>T\u1ea1i 12 V: T\u1eeb 600 mW (50 mA) tr\u1edf xu\u1ed1ng, T\u1ea1i 24 V: T\u1eeb 840 mW (35 mA) tr\u1edf xu\u1ed1ng<\/td>\n<\/tr>\n<tr>\n<td rowspan=\"2\">Ngu\u1ed3n \u0111i\u1ec7n m\u00e0nh\u00ecnh hi\u1ec3n th\u1ecb<\/td>\n<td colspan=\"3\">M\u00e0n h\u00ecnh hi\u1ec3n th\u1ecb gi\u00e1 tr\u1ecb\u0111\u01b0\u1ee3c \u0111o<\/td>\n<td>\u0110\u00e8n LED 6-ch\u1eef s\u1ed1 7-\u0111o\u1ea1n (m\u00e0u \u0111\u1ecf)<\/td>\n<\/tr>\n<tr>\n<td colspan=\"3\">C\u00e1c m\u00e0n h\u00ecnh hi\u1ec3n th\u1ecbkh\u00e1c<\/td>\n<td>M\u00e0n h\u00ecnh hi\u1ec3n th\u1ecb thanh \u0111\u00e8n LED 2 m\u00e0u 13 m\u1ee9c (m\u00e0u \u0111\u1ecf, m\u00e0u xanh l\u00e1 c\u00e2y), \u0111\u00e8n b\u00e1o (m\u00e0u \u0111\u1ecf, m\u00e0u xanh l\u00e1 c\u00e2y)<\/td>\n<\/tr>\n<tr>\n<td colspan=\"4\">Ph\u1ea1m vi hi\u1ec3n th\u1ecb<\/td>\n<td>-99,999 \u0111\u1ebfn 999,999<\/td>\n<\/tr>\n<tr>\n<td colspan=\"4\">\u0110\u1ed9 ph\u00e2n gi\u1ea3i m\u00e0n h\u00ecnh<\/td>\n<td>1 \u00b5m<\/td>\n<\/tr>\n<tr>\n<td colspan=\"4\">T\u1ed1c \u0111\u1ed9 l\u1ea5y m\u1eabu<\/td>\n<td>2,000 l\u1ea7n\/gi\u00e2y<\/td>\n<\/tr>\n<tr>\n<td>Ng\u00f5 v\u00e0o \u0111i\u1ec1u khi\u1ec3n<\/td>\n<td colspan=\"3\">Ng\u00f5 v\u00e0o h\u1eb9n gi\u1edd\/thi\u1ebft l\u1eadp tr\u01b0\u1edbc\/t\u1ee5 \u0111i\u1ec7n<\/td>\n<td>Ng\u00f5 v\u00e0o h\u1eb9n gi\u1edd: Th\u1eddi gian ng\u00f5 v\u00e0o t\u1eeb 2 ms tr\u1edf l\u00eanNg\u00f5 v\u00e0o thi\u1ebft l\u1eadp tr\u01b0\u1edbc\/Ng\u00f5 v\u00e0o t\u1ee5 \u0111i\u1ec7n: Th\u1eddi gian ng\u00f5 v\u00e0o t\u1eeb 20 ms tr\u1edf l\u00ean<\/td>\n<\/tr>\n<tr>\n<td colspan=\"4\">Th\u1eddi gian \u0111\u00e1p \u1ee9ng<\/td>\n<td>hsp (1,5 ms) , 5 ms, 10 ms, 100 ms, 500 ms, 1 s, 5 s<\/td>\n<\/tr>\n<tr>\n<td colspan=\"4\">Ng\u00f5 ra HIGH, GO, LOW<\/td>\n<td>NPN C\u1ef1c thu \u0111\u1ec3 h\u1edf, c\u1ef1c \u0111\u1ea1i 50 mA (t\u1eeb 40 V tr\u1edf xu\u1ed1ng), \u0111i\u1ec7n \u00e1p d\u01b0: t\u1eeb 1 V tr\u1edf xu\u1ed1ng, c\u00f4ng t\u1eafc ch\u1ecdn Th\u01b0\u1eddng m\u1edf\/Th\u01b0\u1eddng \u0111\u00f3ng<\/td>\n<\/tr>\n<tr>\n<td colspan=\"4\">Ch\u1ee9c n\u0103ng ch\u00ednh<\/td>\n<td>Thi\u1ebft l\u1eadp tr\u01b0\u1edbc, Duy tr\u00ec, T\u00ednh tr\u1ec5 bi\u1ebfn \u0111\u1ed5i, Th\u1eddi gian \u0111\u00e1p \u1ee9ng bi\u1ebfn \u0111\u1ed5i, C\u00e0i \u0111\u1eb7t b\u1ed9 nh\u00e2n, Ch\u1ee9c n\u0103ng t\u1ee5 \u0111i\u1ec7n (4 t\u1ee5 \u0111i\u1ec7n),T\u1ef1 h\u1eb9n gi\u1edd, Ch\u1ebf \u0111\u1ed9 ti\u1ebft ki\u1ec7m ngu\u1ed3n \u0111i\u1ec7n (Eco), Ch\u1ebf \u0111\u1ed9 \u1ee9ng d\u1ee5ng, Ch\u1ee9c n\u0103ng hi\u1ec7u ch\u1ec9nh, \u0110\u00e8n b\u00e1o l\u00f5i<\/td>\n<\/tr>\n<tr>\n<td>\u0110\u1ecbnh m\u1ee9c<\/td>\n<td colspan=\"3\">\u0110i\u1ec7n \u00e1p ngu\u1ed3n<\/td>\n<td>12 \u0111\u1ebfn 24 VDC, \u0111\u1ed9 g\u1ee3n (P-P) t\u1eeb 10 % tr\u1edf xu\u1ed1ng<sup>*4<\/sup><\/td>\n<\/tr>\n<tr>\n<td rowspan=\"3\">Kh\u1ea3 n\u0103ng ch\u1ed1ng ch\u1ecbu v\u1edbi m\u00f4i tr\u01b0\u1eddng<\/td>\n<td colspan=\"3\">Nhi\u1ec7t \u0111\u1ed9 m\u00f4i tr\u01b0\u1eddng xung quanh<\/td>\n<td>-10 \u0111\u1ebfn +55 \u00b0C (Kh\u00f4ng \u0111\u00f3ng b\u0103ng)<\/td>\n<\/tr>\n<tr>\n<td colspan=\"3\">\u0110\u1ed9 \u1ea9m m\u00f4i tr\u01b0\u1eddng xung quanh<\/td>\n<td>35 \u0111\u1ebfn 85 % RH (Kh\u00f4ng ng\u01b0ng t\u1ee5)<\/td>\n<\/tr>\n<tr>\n<td colspan=\"3\">Ch\u1ed1ng ch\u1ecbu rung<\/td>\n<td>10 \u0111\u1ebfn 55 Hz, 1,5 mm Bi\u00ean \u0111\u1ed9 k\u00e9p theo c\u00e1c h\u01b0\u1edbng X, Y, Z t\u01b0\u01a1ng \u1ee9ng, 2 gi\u1edd<\/td>\n<\/tr>\n<tr>\n<td colspan=\"4\">V\u1eadt li\u1ec7u<\/td>\n<td>V\u1ecf th\u00e2n m\u00e1y ch\u00ednh: Polycarbonate; Ch\u00f3p kh\u00f3a: Polyacetal, T\u1ea5m m\u1eb7t tr\u01b0\u1edbc: Polycarbonate, C\u00e1p: PVC<\/td>\n<\/tr>\n<tr>\n<td colspan=\"4\">Ph\u1ee5 ki\u1ec7n<\/td>\n<td>S\u1ed5 tay h\u01b0\u1edbng d\u1eabn<\/td>\n<\/tr>\n<tr>\n<td colspan=\"4\">Kh\u1ed1i l\u01b0\u1ee3ng<\/td>\n<td>X\u1ea5p x\u1ec9 110 g (bao g\u1ed3m c\u00e1p ngu\u1ed3n)<\/td>\n<\/tr>\n<\/tbody>\n<\/table>\n<p>&nbsp;<\/p>\n<p><b>M\u1ed8T S\u1ed0 M\u00c3 T\u01af\u01a0NG T\u1ef0:<\/b><\/p>\n<div>\n<div>\n<div>\n<div>\n<div>\n<div>\n<div>\n<div><\/div>\n<div>GT-H10<br \/>\nGT-H10L<br \/>\nGT-H22<br \/>\nGT-H22L<br \/>\nGT-A10<br \/>\nGT-A10L<br \/>\nGT-A22<br \/>\nGT-A22L<br \/>\nGT-71A<br \/>\nGT-72A<br \/>\nGT-75A<br \/>\nGT-76A<br \/>\nGT-71AP<br \/>\nGT-72AP<br \/>\nGT-75AP<\/div>\n<\/div>\n<div><\/div>\n<\/div>\n<\/div>\n<div>\n<p>\u0110\u1ea1i l\u00fd Keyence vietnam, Keyence viet nam, Keyence vietnam distributor, Ph\u00e2n ph\u1ed1i Keyence t\u1ea1i vi\u1ec7t nam<\/p>\n<p>\u0110\u1ea1i l\u00fd Keyence vietnam, Keyence viet nam, Keyence vietnam distributor, Ph\u00e2n ph\u1ed1i Keyence t\u1ea1i vi\u1ec7t nam<\/p>\n<p>\u0110\u1ea1i l\u00fd Keyence vietnam, Keyence viet nam, Keyence vietnam distributor, Ph\u00e2n ph\u1ed1i Keyence t\u1ea1i vi\u1ec7t nam<\/p>\n<\/div>\n<\/div>\n<\/div>\n<\/div>\n<\/div>\n","protected":false},"excerpt":{"rendered":"<p>KEYENCE GT-71A M\u1eabu GT-71A*1 Lo\u1ea1i Kh\u1ed1i khu\u1ebfch \u0111\u1ea1i Lo\u1ea1i l\u1eafp \u0111\u1eb7t L\u1eafp tr\u00ean thanh ngang (DIN-rail)*2 Lo\u1ea1i ng\u00f5 ra Ng\u00f5 ra NPN Thi\u1ebft b\u1ecb ch\u00ednh\/Kh\u1ed1i m\u1edf r\u1ed9ng Thi\u1ebft b\u1ecb ch\u00ednh*3 C\u00f4ng su\u1ea5t ti\u00eau th\u1ee5 B\u00ecnh th\u01b0\u1eddng T\u1ea1i 12 V: T\u1eeb 1,140 mW (95 mA) tr\u1edf xu\u1ed1ng, T\u1ea1i 24 V: T\u1eeb&hellip; <\/p>\n","protected":false},"featured_media":4102,"comment_status":"open","ping_status":"closed","template":"","meta":[],"product_cat":[292],"product_tag":[88,114,113],"class_list":{"0":"post-4101","1":"product","2":"type-product","3":"status-publish","4":"has-post-thumbnail","6":"product_cat-keyence","7":"product_tag-cam-bien","8":"product_tag-dai-ly-keyence-viet-nam","9":"product_tag-keyence-viet-nam","11":"first","12":"instock","13":"shipping-taxable","14":"product-type-simple"},"yoast_head":"<!-- This site is optimized with the Yoast SEO plugin v22.8 - https:\/\/yoast.com\/wordpress\/plugins\/seo\/ -->\n<title>KEYENCE GT-71A - OMANI VI\u1ec6T NAM<\/title>\n<meta name=\"description\" content=\"KEYENCE GT-71A Amplifier Unit Sensor\" \/>\n<meta name=\"robots\" content=\"index, follow, max-snippet:-1, max-image-preview:large, max-video-preview:-1\" \/>\n<link rel=\"canonical\" href=\"https:\/\/omanivietnam.com\/index.php\/san-pham\/keyence-gt-71a\/\" \/>\n<meta property=\"og:locale\" content=\"vi_VN\" \/>\n<meta property=\"og:type\" content=\"article\" \/>\n<meta property=\"og:title\" content=\"KEYENCE GT-71A - OMANI VI\u1ec6T NAM\" \/>\n<meta property=\"og:description\" content=\"KEYENCE GT-71A Amplifier Unit Sensor\" \/>\n<meta property=\"og:url\" content=\"https:\/\/omanivietnam.com\/index.php\/san-pham\/keyence-gt-71a\/\" \/>\n<meta property=\"og:site_name\" content=\"OMANI VI\u1ec6T NAM\" \/>\n<meta property=\"og:image\" content=\"https:\/\/omanivietnam.com\/wp-content\/uploads\/2025\/07\/GT-71A.png\" \/>\n\t<meta property=\"og:image:width\" content=\"622\" \/>\n\t<meta property=\"og:image:height\" content=\"492\" \/>\n\t<meta property=\"og:image:type\" content=\"image\/png\" \/>\n<meta name=\"twitter:card\" content=\"summary_large_image\" \/>\n<meta name=\"twitter:label1\" content=\"\u01af\u1edbc t\u00ednh th\u1eddi gian \u0111\u1ecdc\" \/>\n\t<meta name=\"twitter:data1\" content=\"3 ph\u00fat\" \/>\n<script type=\"application\/ld+json\" class=\"yoast-schema-graph\">{\"@context\":\"https:\/\/schema.org\",\"@graph\":[{\"@type\":\"WebPage\",\"@id\":\"https:\/\/omanivietnam.com\/index.php\/san-pham\/keyence-gt-71a\/\",\"url\":\"https:\/\/omanivietnam.com\/index.php\/san-pham\/keyence-gt-71a\/\",\"name\":\"KEYENCE GT-71A - OMANI VI\u1ec6T NAM\",\"isPartOf\":{\"@id\":\"https:\/\/omanivietnam.com\/#website\"},\"primaryImageOfPage\":{\"@id\":\"https:\/\/omanivietnam.com\/index.php\/san-pham\/keyence-gt-71a\/#primaryimage\"},\"image\":{\"@id\":\"https:\/\/omanivietnam.com\/index.php\/san-pham\/keyence-gt-71a\/#primaryimage\"},\"thumbnailUrl\":\"https:\/\/omanivietnam.com\/wp-content\/uploads\/2025\/07\/GT-71A.png\",\"datePublished\":\"2025-07-13T06:24:19+00:00\",\"dateModified\":\"2025-07-13T06:24:19+00:00\",\"description\":\"KEYENCE GT-71A Amplifier Unit Sensor\",\"breadcrumb\":{\"@id\":\"https:\/\/omanivietnam.com\/index.php\/san-pham\/keyence-gt-71a\/#breadcrumb\"},\"inLanguage\":\"vi\",\"potentialAction\":[{\"@type\":\"ReadAction\",\"target\":[\"https:\/\/omanivietnam.com\/index.php\/san-pham\/keyence-gt-71a\/\"]}]},{\"@type\":\"ImageObject\",\"inLanguage\":\"vi\",\"@id\":\"https:\/\/omanivietnam.com\/index.php\/san-pham\/keyence-gt-71a\/#primaryimage\",\"url\":\"https:\/\/omanivietnam.com\/wp-content\/uploads\/2025\/07\/GT-71A.png\",\"contentUrl\":\"https:\/\/omanivietnam.com\/wp-content\/uploads\/2025\/07\/GT-71A.png\",\"width\":622,\"height\":492},{\"@type\":\"BreadcrumbList\",\"@id\":\"https:\/\/omanivietnam.com\/index.php\/san-pham\/keyence-gt-71a\/#breadcrumb\",\"itemListElement\":[{\"@type\":\"ListItem\",\"position\":1,\"name\":\"Home\",\"item\":\"https:\/\/omanivietnam.com\/\"},{\"@type\":\"ListItem\",\"position\":2,\"name\":\"S\u1ea2N PH\u1ea8M\",\"item\":\"https:\/\/omanivietnam.com\/index.php\/cua-hang\/\"},{\"@type\":\"ListItem\",\"position\":3,\"name\":\"KEYENCE GT-71A\"}]},{\"@type\":\"WebSite\",\"@id\":\"https:\/\/omanivietnam.com\/#website\",\"url\":\"https:\/\/omanivietnam.com\/\",\"name\":\"OMANI VI\u1ec6T NAM\",\"description\":\"Nh\u00e0 ph\u00e2n ph\u1ed1i thi\u1ebft b\u1ecb kh\u00ed n\u00e9n v\u00e0 thi\u1ebft b\u1ecb t\u1ef1 \u0111\u1ed9ng h\u00f3a trong c\u00f4ng nghi\u1ec7p\",\"publisher\":{\"@id\":\"https:\/\/omanivietnam.com\/#\/schema\/person\/0ad398a980dc3fd696111c2c5c8fa897\"},\"potentialAction\":[{\"@type\":\"SearchAction\",\"target\":{\"@type\":\"EntryPoint\",\"urlTemplate\":\"https:\/\/omanivietnam.com\/?s={search_term_string}\"},\"query-input\":\"required name=search_term_string\"}],\"inLanguage\":\"vi\"},{\"@type\":[\"Person\",\"Organization\"],\"@id\":\"https:\/\/omanivietnam.com\/#\/schema\/person\/0ad398a980dc3fd696111c2c5c8fa897\",\"name\":\"Nguy\u1ec5n V\u0103n Kh\u00e1nh\",\"image\":{\"@type\":\"ImageObject\",\"inLanguage\":\"vi\",\"@id\":\"https:\/\/omanivietnam.com\/#\/schema\/person\/image\/\",\"url\":\"https:\/\/omanivietnam.com\/wp-content\/uploads\/2024\/06\/logo-1024x1024.png\",\"contentUrl\":\"https:\/\/omanivietnam.com\/wp-content\/uploads\/2024\/06\/logo-1024x1024.png\",\"width\":1024,\"height\":1024,\"caption\":\"Nguy\u1ec5n V\u0103n Kh\u00e1nh\"},\"logo\":{\"@id\":\"https:\/\/omanivietnam.com\/#\/schema\/person\/image\/\"},\"sameAs\":[\"https:\/\/omanivietnam.com\"]}]}<\/script>\n<!-- \/ Yoast SEO plugin. -->","yoast_head_json":{"title":"KEYENCE GT-71A - OMANI VI\u1ec6T NAM","description":"KEYENCE GT-71A Amplifier Unit Sensor","robots":{"index":"index","follow":"follow","max-snippet":"max-snippet:-1","max-image-preview":"max-image-preview:large","max-video-preview":"max-video-preview:-1"},"canonical":"https:\/\/omanivietnam.com\/index.php\/san-pham\/keyence-gt-71a\/","og_locale":"vi_VN","og_type":"article","og_title":"KEYENCE GT-71A - OMANI VI\u1ec6T NAM","og_description":"KEYENCE GT-71A Amplifier Unit Sensor","og_url":"https:\/\/omanivietnam.com\/index.php\/san-pham\/keyence-gt-71a\/","og_site_name":"OMANI VI\u1ec6T NAM","og_image":[{"width":622,"height":492,"url":"https:\/\/omanivietnam.com\/wp-content\/uploads\/2025\/07\/GT-71A.png","type":"image\/png"}],"twitter_card":"summary_large_image","twitter_misc":{"\u01af\u1edbc t\u00ednh th\u1eddi gian \u0111\u1ecdc":"3 ph\u00fat"},"schema":{"@context":"https:\/\/schema.org","@graph":[{"@type":"WebPage","@id":"https:\/\/omanivietnam.com\/index.php\/san-pham\/keyence-gt-71a\/","url":"https:\/\/omanivietnam.com\/index.php\/san-pham\/keyence-gt-71a\/","name":"KEYENCE GT-71A - OMANI VI\u1ec6T NAM","isPartOf":{"@id":"https:\/\/omanivietnam.com\/#website"},"primaryImageOfPage":{"@id":"https:\/\/omanivietnam.com\/index.php\/san-pham\/keyence-gt-71a\/#primaryimage"},"image":{"@id":"https:\/\/omanivietnam.com\/index.php\/san-pham\/keyence-gt-71a\/#primaryimage"},"thumbnailUrl":"https:\/\/omanivietnam.com\/wp-content\/uploads\/2025\/07\/GT-71A.png","datePublished":"2025-07-13T06:24:19+00:00","dateModified":"2025-07-13T06:24:19+00:00","description":"KEYENCE GT-71A Amplifier Unit Sensor","breadcrumb":{"@id":"https:\/\/omanivietnam.com\/index.php\/san-pham\/keyence-gt-71a\/#breadcrumb"},"inLanguage":"vi","potentialAction":[{"@type":"ReadAction","target":["https:\/\/omanivietnam.com\/index.php\/san-pham\/keyence-gt-71a\/"]}]},{"@type":"ImageObject","inLanguage":"vi","@id":"https:\/\/omanivietnam.com\/index.php\/san-pham\/keyence-gt-71a\/#primaryimage","url":"https:\/\/omanivietnam.com\/wp-content\/uploads\/2025\/07\/GT-71A.png","contentUrl":"https:\/\/omanivietnam.com\/wp-content\/uploads\/2025\/07\/GT-71A.png","width":622,"height":492},{"@type":"BreadcrumbList","@id":"https:\/\/omanivietnam.com\/index.php\/san-pham\/keyence-gt-71a\/#breadcrumb","itemListElement":[{"@type":"ListItem","position":1,"name":"Home","item":"https:\/\/omanivietnam.com\/"},{"@type":"ListItem","position":2,"name":"S\u1ea2N PH\u1ea8M","item":"https:\/\/omanivietnam.com\/index.php\/cua-hang\/"},{"@type":"ListItem","position":3,"name":"KEYENCE GT-71A"}]},{"@type":"WebSite","@id":"https:\/\/omanivietnam.com\/#website","url":"https:\/\/omanivietnam.com\/","name":"OMANI VI\u1ec6T NAM","description":"Nh\u00e0 ph\u00e2n ph\u1ed1i thi\u1ebft b\u1ecb kh\u00ed n\u00e9n v\u00e0 thi\u1ebft b\u1ecb t\u1ef1 \u0111\u1ed9ng h\u00f3a trong c\u00f4ng nghi\u1ec7p","publisher":{"@id":"https:\/\/omanivietnam.com\/#\/schema\/person\/0ad398a980dc3fd696111c2c5c8fa897"},"potentialAction":[{"@type":"SearchAction","target":{"@type":"EntryPoint","urlTemplate":"https:\/\/omanivietnam.com\/?s={search_term_string}"},"query-input":"required name=search_term_string"}],"inLanguage":"vi"},{"@type":["Person","Organization"],"@id":"https:\/\/omanivietnam.com\/#\/schema\/person\/0ad398a980dc3fd696111c2c5c8fa897","name":"Nguy\u1ec5n V\u0103n Kh\u00e1nh","image":{"@type":"ImageObject","inLanguage":"vi","@id":"https:\/\/omanivietnam.com\/#\/schema\/person\/image\/","url":"https:\/\/omanivietnam.com\/wp-content\/uploads\/2024\/06\/logo-1024x1024.png","contentUrl":"https:\/\/omanivietnam.com\/wp-content\/uploads\/2024\/06\/logo-1024x1024.png","width":1024,"height":1024,"caption":"Nguy\u1ec5n V\u0103n Kh\u00e1nh"},"logo":{"@id":"https:\/\/omanivietnam.com\/#\/schema\/person\/image\/"},"sameAs":["https:\/\/omanivietnam.com"]}]}},"_links":{"self":[{"href":"https:\/\/omanivietnam.com\/index.php\/wp-json\/wp\/v2\/product\/4101","targetHints":{"allow":["GET"]}}],"collection":[{"href":"https:\/\/omanivietnam.com\/index.php\/wp-json\/wp\/v2\/product"}],"about":[{"href":"https:\/\/omanivietnam.com\/index.php\/wp-json\/wp\/v2\/types\/product"}],"replies":[{"embeddable":true,"href":"https:\/\/omanivietnam.com\/index.php\/wp-json\/wp\/v2\/comments?post=4101"}],"wp:featuredmedia":[{"embeddable":true,"href":"https:\/\/omanivietnam.com\/index.php\/wp-json\/wp\/v2\/media\/4102"}],"wp:attachment":[{"href":"https:\/\/omanivietnam.com\/index.php\/wp-json\/wp\/v2\/media?parent=4101"}],"wp:term":[{"taxonomy":"product_cat","embeddable":true,"href":"https:\/\/omanivietnam.com\/index.php\/wp-json\/wp\/v2\/product_cat?post=4101"},{"taxonomy":"product_tag","embeddable":true,"href":"https:\/\/omanivietnam.com\/index.php\/wp-json\/wp\/v2\/product_tag?post=4101"}],"curies":[{"name":"wp","href":"https:\/\/api.w.org\/{rel}","templated":true}]}}