{"id":4110,"date":"2025-07-15T21:10:42","date_gmt":"2025-07-15T14:10:42","guid":{"rendered":"https:\/\/omanivietnam.com\/?post_type=product&#038;p=4110"},"modified":"2025-07-15T21:10:43","modified_gmt":"2025-07-15T14:10:43","slug":"keyence-il-300","status":"publish","type":"product","link":"https:\/\/omanivietnam.com\/index.php\/san-pham\/keyence-il-300\/","title":{"rendered":"KEYENCE IL-300"},"content":{"rendered":"<p>KEYENCE IL-300<\/p>\n<p>C\u00e1c m\u1eabu B\u1ed9 c\u1ea3m bi\u1ebfn Laser Analog CMOS \u0111a ch\u1ee9c n\u0103ng S\u00ea-ri IL : IL-030 , IL-065 , IL-100 , <em>IL-300<\/em> , IL-600 , IL-S025 , IL-S065 , IL-1000.<\/p>\n<h2>Th\u00f4ng s\u1ed1 k\u1ef9 thu\u1eadt IL-300<\/h2>\n<table>\n<tbody>\n<tr>\n<td>Th\u00f4ng s\u1ed1<\/td>\n<td>Chi ti\u1ebft<\/td>\n<\/tr>\n<tr>\n<td>M\u1eabu<\/td>\n<td>IL-300<\/td>\n<\/tr>\n<tr>\n<td>Kho\u1ea3ng c\u00e1ch tham chi\u1ebfu<\/td>\n<td>300 mm<\/td>\n<\/tr>\n<tr>\n<td>Khu v\u1ef1c \u0111o<\/td>\n<td>160 \u0111\u1ebfn 450 mm<\/td>\n<\/tr>\n<tr>\n<td>Ngu\u1ed3n s\u00e1ng<\/td>\n<td><\/td>\n<\/tr>\n<tr>\n<td>Lo\u1ea1i<\/td>\n<td>Laser b\u00e1n d\u1eabn m\u00e0u \u0111\u1ecf, chi\u1ec1u d\u00e0i b\u01b0\u1edbc s\u00f3ng: 655 nm (\u00e1nh s\u00e1ng nh\u00ecn th\u1ea5y \u0111\u01b0\u1ee3c)<\/td>\n<\/tr>\n<tr>\n<td>Lo\u1ea1i laser<\/td>\n<td>Class 2 (FDA (CDRH) Part 1040.10)*1, Class 2 (IEC 60825-1)<\/td>\n<\/tr>\n<tr>\n<td>Ng\u00f5 ra<\/td>\n<td>560 \u00b5W<\/td>\n<\/tr>\n<tr>\n<td>\u0110\u01b0\u1eddng k\u00ednh v\u1ec7t (t\u1ea1i kho\u1ea3ng c\u00e1ch chu\u1ea9n)<\/td>\n<td>X\u1ea5p x\u1ec9 \u00f80,5 mm<\/td>\n<\/tr>\n<tr>\n<td>Tuy\u1ebfn t\u00ednh<\/td>\n<td>\u00b10,25% c\u1ee7a F.S. (160 \u0111\u1ebfn 440 mm)23<\/td>\n<\/tr>\n<tr>\n<td>Kh\u1ea3 n\u0103ng l\u1eb7p l\u1ea1i<\/td>\n<td>30 \u00b5m*4<\/td>\n<\/tr>\n<tr>\n<td>T\u1ed1c \u0111\u1ed9 l\u1ea5y m\u1eabu<\/td>\n<td>0,33\/1\/2\/5 ms (c\u00f3 s\u1eb5n 4 m\u1ee9c)<\/td>\n<\/tr>\n<tr>\n<td>\u0110\u00e8n b\u00e1o tr\u1ea1ng th\u00e1i v\u1eadn h\u00e0nh<\/td>\n<td>\u0110\u00e8n b\u00e1o c\u1ea3nh b\u00e1o ph\u00e1t laser: \u0110\u00e8n LED m\u00e0u xanh l\u00e1 c\u00e2y, \u0110\u00e8n b\u00e1o ph\u1ea1m vi analog: \u0110\u00e8n LED m\u00e0u cam, \u0110\u00e8n b\u00e1o kho\u1ea3ng c\u00e1ch tham chi\u1ebfu: \u0110\u00e8n LED m\u00e0u \u0111\u1ecf\/m\u00e0u xanh l\u00e1 c\u00e2y<\/td>\n<\/tr>\n<tr>\n<td>\u0110\u1eb7c t\u00ednh nhi\u1ec7t \u0111\u1ed9<\/td>\n<td>0,08% c\u1ee7a F.S.\/\u00b0C*3<\/td>\n<\/tr>\n<tr>\n<td>Kh\u1ea3 n\u0103ng ch\u1ed1ng ch\u1ecbu v\u1edbi m\u00f4i tr\u01b0\u1eddng<\/td>\n<td><\/td>\n<\/tr>\n<tr>\n<td>Ch\u1ec9 s\u1ed1 ch\u1ed1ng ch\u1ecbu th\u1eddi ti\u1ebft cho v\u1ecf b\u1ecdc<\/td>\n<td>IP67<\/td>\n<\/tr>\n<tr>\n<td>M\u1ee9c \u0111\u1ed9 \u00f4 nhi\u1ec5m<\/td>\n<td>3<\/td>\n<\/tr>\n<tr>\n<td>\u00c1nh s\u00e1ng m\u00f4i tr\u01b0\u1eddng xung quanh<\/td>\n<td>\u0110\u00e8n b\u00f3ng tr\u00f2n: 5,000 lux*5<\/td>\n<\/tr>\n<tr>\n<td>Nhi\u1ec7t \u0111\u1ed9 m\u00f4i tr\u01b0\u1eddng xung quanh<\/td>\n<td>-10 \u0111\u1ebfn +50 \u00b0C (kh\u00f4ng ng\u01b0ng t\u1ee5 ho\u1eb7c \u0111\u00f3ng b\u0103ng)<\/td>\n<\/tr>\n<tr>\n<td>\u0110\u1ed9 \u1ea9m m\u00f4i tr\u01b0\u1eddng xung quanh<\/td>\n<td>35 \u0111\u1ebfn 85 % RH (Kh\u00f4ng ng\u01b0ng t\u1ee5)<\/td>\n<\/tr>\n<tr>\n<td>Ch\u1ed1ng ch\u1ecbu rung<\/td>\n<td>10 \u0111\u1ebfn 55 Hz, 1,5 mm Bi\u00ean \u0111\u1ed9 k\u00e9p theo c\u00e1c h\u01b0\u1edbng X, Y, Z t\u01b0\u01a1ng \u1ee9ng, 2 gi\u1edd<\/td>\n<\/tr>\n<tr>\n<td>V\u1eadt li\u1ec7u<\/td>\n<td>V\u1eadt li\u1ec7u v\u1ecf b\u1ecdc: PBT, Ph\u1ea7n b\u1eb1ng kim lo\u1ea1i: SUS304, V\u00f2ng \u0111\u1ec7m k\u00edn: NBR, V\u1ecf che \u1ed1ng k\u00ednh: Th\u1ee7y tinh, C\u00e1p: PVC<\/td>\n<\/tr>\n<tr>\n<td>Kh\u1ed1i l\u01b0\u1ee3ng<\/td>\n<td>X\u1ea5p x\u1ec9 135 g<\/td>\n<\/tr>\n<\/tbody>\n<\/table>\n","protected":false},"excerpt":{"rendered":"<p>KEYENCE IL-300 C\u00e1c m\u1eabu B\u1ed9 c\u1ea3m bi\u1ebfn Laser Analog CMOS \u0111a ch\u1ee9c n\u0103ng S\u00ea-ri IL : IL-030 , IL-065 , IL-100 , IL-300 , IL-600 , IL-S025 , IL-S065 , IL-1000. Th\u00f4ng s\u1ed1 k\u1ef9 thu\u1eadt IL-300 Th\u00f4ng s\u1ed1 Chi ti\u1ebft M\u1eabu IL-300 Kho\u1ea3ng c\u00e1ch tham chi\u1ebfu 300 mm Khu v\u1ef1c&hellip; <\/p>\n","protected":false},"featured_media":4111,"comment_status":"open","ping_status":"closed","template":"","meta":[],"product_cat":[292],"product_tag":[88,114,113],"class_list":{"0":"post-4110","1":"product","2":"type-product","3":"status-publish","4":"has-post-thumbnail","6":"product_cat-keyence","7":"product_tag-cam-bien","8":"product_tag-dai-ly-keyence-viet-nam","9":"product_tag-keyence-viet-nam","11":"first","12":"instock","13":"shipping-taxable","14":"product-type-simple"},"yoast_head":"<!-- This site is optimized with the Yoast SEO plugin v22.8 - https:\/\/yoast.com\/wordpress\/plugins\/seo\/ -->\n<title>KEYENCE IL-300 - OMANI VI\u1ec6T NAM<\/title>\n<meta name=\"description\" content=\"KEYENCE IL-300 Sensor\" \/>\n<meta name=\"robots\" content=\"index, follow, max-snippet:-1, max-image-preview:large, max-video-preview:-1\" \/>\n<link rel=\"canonical\" href=\"https:\/\/omanivietnam.com\/index.php\/san-pham\/keyence-il-300\/\" \/>\n<meta property=\"og:locale\" content=\"vi_VN\" \/>\n<meta property=\"og:type\" content=\"article\" \/>\n<meta property=\"og:title\" content=\"KEYENCE IL-300 - OMANI VI\u1ec6T NAM\" \/>\n<meta property=\"og:description\" content=\"KEYENCE IL-300 Sensor\" \/>\n<meta property=\"og:url\" content=\"https:\/\/omanivietnam.com\/index.php\/san-pham\/keyence-il-300\/\" \/>\n<meta property=\"og:site_name\" content=\"OMANI VI\u1ec6T NAM\" \/>\n<meta property=\"article:modified_time\" content=\"2025-07-15T14:10:43+00:00\" \/>\n<meta property=\"og:image\" content=\"https:\/\/omanivietnam.com\/wp-content\/uploads\/2025\/07\/IL-300.png\" \/>\n\t<meta property=\"og:image:width\" content=\"749\" \/>\n\t<meta property=\"og:image:height\" content=\"871\" \/>\n\t<meta property=\"og:image:type\" content=\"image\/png\" \/>\n<meta name=\"twitter:card\" content=\"summary_large_image\" \/>\n<meta name=\"twitter:label1\" content=\"\u01af\u1edbc t\u00ednh th\u1eddi gian \u0111\u1ecdc\" \/>\n\t<meta name=\"twitter:data1\" content=\"2 ph\u00fat\" \/>\n<script type=\"application\/ld+json\" class=\"yoast-schema-graph\">{\"@context\":\"https:\/\/schema.org\",\"@graph\":[{\"@type\":\"WebPage\",\"@id\":\"https:\/\/omanivietnam.com\/index.php\/san-pham\/keyence-il-300\/\",\"url\":\"https:\/\/omanivietnam.com\/index.php\/san-pham\/keyence-il-300\/\",\"name\":\"KEYENCE IL-300 - OMANI VI\u1ec6T NAM\",\"isPartOf\":{\"@id\":\"https:\/\/omanivietnam.com\/#website\"},\"primaryImageOfPage\":{\"@id\":\"https:\/\/omanivietnam.com\/index.php\/san-pham\/keyence-il-300\/#primaryimage\"},\"image\":{\"@id\":\"https:\/\/omanivietnam.com\/index.php\/san-pham\/keyence-il-300\/#primaryimage\"},\"thumbnailUrl\":\"https:\/\/omanivietnam.com\/wp-content\/uploads\/2025\/07\/IL-300.png\",\"datePublished\":\"2025-07-15T14:10:42+00:00\",\"dateModified\":\"2025-07-15T14:10:43+00:00\",\"description\":\"KEYENCE IL-300 Sensor\",\"breadcrumb\":{\"@id\":\"https:\/\/omanivietnam.com\/index.php\/san-pham\/keyence-il-300\/#breadcrumb\"},\"inLanguage\":\"vi\",\"potentialAction\":[{\"@type\":\"ReadAction\",\"target\":[\"https:\/\/omanivietnam.com\/index.php\/san-pham\/keyence-il-300\/\"]}]},{\"@type\":\"ImageObject\",\"inLanguage\":\"vi\",\"@id\":\"https:\/\/omanivietnam.com\/index.php\/san-pham\/keyence-il-300\/#primaryimage\",\"url\":\"https:\/\/omanivietnam.com\/wp-content\/uploads\/2025\/07\/IL-300.png\",\"contentUrl\":\"https:\/\/omanivietnam.com\/wp-content\/uploads\/2025\/07\/IL-300.png\",\"width\":749,\"height\":871},{\"@type\":\"BreadcrumbList\",\"@id\":\"https:\/\/omanivietnam.com\/index.php\/san-pham\/keyence-il-300\/#breadcrumb\",\"itemListElement\":[{\"@type\":\"ListItem\",\"position\":1,\"name\":\"Home\",\"item\":\"https:\/\/omanivietnam.com\/\"},{\"@type\":\"ListItem\",\"position\":2,\"name\":\"S\u1ea2N PH\u1ea8M\",\"item\":\"https:\/\/omanivietnam.com\/index.php\/cua-hang\/\"},{\"@type\":\"ListItem\",\"position\":3,\"name\":\"KEYENCE IL-300\"}]},{\"@type\":\"WebSite\",\"@id\":\"https:\/\/omanivietnam.com\/#website\",\"url\":\"https:\/\/omanivietnam.com\/\",\"name\":\"OMANI VI\u1ec6T NAM\",\"description\":\"Nh\u00e0 ph\u00e2n ph\u1ed1i thi\u1ebft b\u1ecb kh\u00ed n\u00e9n v\u00e0 thi\u1ebft b\u1ecb t\u1ef1 \u0111\u1ed9ng h\u00f3a trong c\u00f4ng nghi\u1ec7p\",\"publisher\":{\"@id\":\"https:\/\/omanivietnam.com\/#\/schema\/person\/0ad398a980dc3fd696111c2c5c8fa897\"},\"potentialAction\":[{\"@type\":\"SearchAction\",\"target\":{\"@type\":\"EntryPoint\",\"urlTemplate\":\"https:\/\/omanivietnam.com\/?s={search_term_string}\"},\"query-input\":\"required name=search_term_string\"}],\"inLanguage\":\"vi\"},{\"@type\":[\"Person\",\"Organization\"],\"@id\":\"https:\/\/omanivietnam.com\/#\/schema\/person\/0ad398a980dc3fd696111c2c5c8fa897\",\"name\":\"Nguy\u1ec5n V\u0103n Kh\u00e1nh\",\"image\":{\"@type\":\"ImageObject\",\"inLanguage\":\"vi\",\"@id\":\"https:\/\/omanivietnam.com\/#\/schema\/person\/image\/\",\"url\":\"https:\/\/omanivietnam.com\/wp-content\/uploads\/2024\/06\/logo-1024x1024.png\",\"contentUrl\":\"https:\/\/omanivietnam.com\/wp-content\/uploads\/2024\/06\/logo-1024x1024.png\",\"width\":1024,\"height\":1024,\"caption\":\"Nguy\u1ec5n V\u0103n Kh\u00e1nh\"},\"logo\":{\"@id\":\"https:\/\/omanivietnam.com\/#\/schema\/person\/image\/\"},\"sameAs\":[\"https:\/\/omanivietnam.com\"]}]}<\/script>\n<!-- \/ Yoast SEO plugin. -->","yoast_head_json":{"title":"KEYENCE IL-300 - OMANI VI\u1ec6T NAM","description":"KEYENCE IL-300 Sensor","robots":{"index":"index","follow":"follow","max-snippet":"max-snippet:-1","max-image-preview":"max-image-preview:large","max-video-preview":"max-video-preview:-1"},"canonical":"https:\/\/omanivietnam.com\/index.php\/san-pham\/keyence-il-300\/","og_locale":"vi_VN","og_type":"article","og_title":"KEYENCE IL-300 - OMANI VI\u1ec6T NAM","og_description":"KEYENCE IL-300 Sensor","og_url":"https:\/\/omanivietnam.com\/index.php\/san-pham\/keyence-il-300\/","og_site_name":"OMANI VI\u1ec6T NAM","article_modified_time":"2025-07-15T14:10:43+00:00","og_image":[{"width":749,"height":871,"url":"https:\/\/omanivietnam.com\/wp-content\/uploads\/2025\/07\/IL-300.png","type":"image\/png"}],"twitter_card":"summary_large_image","twitter_misc":{"\u01af\u1edbc t\u00ednh th\u1eddi gian \u0111\u1ecdc":"2 ph\u00fat"},"schema":{"@context":"https:\/\/schema.org","@graph":[{"@type":"WebPage","@id":"https:\/\/omanivietnam.com\/index.php\/san-pham\/keyence-il-300\/","url":"https:\/\/omanivietnam.com\/index.php\/san-pham\/keyence-il-300\/","name":"KEYENCE IL-300 - OMANI VI\u1ec6T NAM","isPartOf":{"@id":"https:\/\/omanivietnam.com\/#website"},"primaryImageOfPage":{"@id":"https:\/\/omanivietnam.com\/index.php\/san-pham\/keyence-il-300\/#primaryimage"},"image":{"@id":"https:\/\/omanivietnam.com\/index.php\/san-pham\/keyence-il-300\/#primaryimage"},"thumbnailUrl":"https:\/\/omanivietnam.com\/wp-content\/uploads\/2025\/07\/IL-300.png","datePublished":"2025-07-15T14:10:42+00:00","dateModified":"2025-07-15T14:10:43+00:00","description":"KEYENCE IL-300 Sensor","breadcrumb":{"@id":"https:\/\/omanivietnam.com\/index.php\/san-pham\/keyence-il-300\/#breadcrumb"},"inLanguage":"vi","potentialAction":[{"@type":"ReadAction","target":["https:\/\/omanivietnam.com\/index.php\/san-pham\/keyence-il-300\/"]}]},{"@type":"ImageObject","inLanguage":"vi","@id":"https:\/\/omanivietnam.com\/index.php\/san-pham\/keyence-il-300\/#primaryimage","url":"https:\/\/omanivietnam.com\/wp-content\/uploads\/2025\/07\/IL-300.png","contentUrl":"https:\/\/omanivietnam.com\/wp-content\/uploads\/2025\/07\/IL-300.png","width":749,"height":871},{"@type":"BreadcrumbList","@id":"https:\/\/omanivietnam.com\/index.php\/san-pham\/keyence-il-300\/#breadcrumb","itemListElement":[{"@type":"ListItem","position":1,"name":"Home","item":"https:\/\/omanivietnam.com\/"},{"@type":"ListItem","position":2,"name":"S\u1ea2N PH\u1ea8M","item":"https:\/\/omanivietnam.com\/index.php\/cua-hang\/"},{"@type":"ListItem","position":3,"name":"KEYENCE IL-300"}]},{"@type":"WebSite","@id":"https:\/\/omanivietnam.com\/#website","url":"https:\/\/omanivietnam.com\/","name":"OMANI VI\u1ec6T NAM","description":"Nh\u00e0 ph\u00e2n ph\u1ed1i thi\u1ebft b\u1ecb kh\u00ed n\u00e9n v\u00e0 thi\u1ebft b\u1ecb t\u1ef1 \u0111\u1ed9ng h\u00f3a trong c\u00f4ng nghi\u1ec7p","publisher":{"@id":"https:\/\/omanivietnam.com\/#\/schema\/person\/0ad398a980dc3fd696111c2c5c8fa897"},"potentialAction":[{"@type":"SearchAction","target":{"@type":"EntryPoint","urlTemplate":"https:\/\/omanivietnam.com\/?s={search_term_string}"},"query-input":"required name=search_term_string"}],"inLanguage":"vi"},{"@type":["Person","Organization"],"@id":"https:\/\/omanivietnam.com\/#\/schema\/person\/0ad398a980dc3fd696111c2c5c8fa897","name":"Nguy\u1ec5n V\u0103n Kh\u00e1nh","image":{"@type":"ImageObject","inLanguage":"vi","@id":"https:\/\/omanivietnam.com\/#\/schema\/person\/image\/","url":"https:\/\/omanivietnam.com\/wp-content\/uploads\/2024\/06\/logo-1024x1024.png","contentUrl":"https:\/\/omanivietnam.com\/wp-content\/uploads\/2024\/06\/logo-1024x1024.png","width":1024,"height":1024,"caption":"Nguy\u1ec5n V\u0103n Kh\u00e1nh"},"logo":{"@id":"https:\/\/omanivietnam.com\/#\/schema\/person\/image\/"},"sameAs":["https:\/\/omanivietnam.com"]}]}},"_links":{"self":[{"href":"https:\/\/omanivietnam.com\/index.php\/wp-json\/wp\/v2\/product\/4110","targetHints":{"allow":["GET"]}}],"collection":[{"href":"https:\/\/omanivietnam.com\/index.php\/wp-json\/wp\/v2\/product"}],"about":[{"href":"https:\/\/omanivietnam.com\/index.php\/wp-json\/wp\/v2\/types\/product"}],"replies":[{"embeddable":true,"href":"https:\/\/omanivietnam.com\/index.php\/wp-json\/wp\/v2\/comments?post=4110"}],"wp:featuredmedia":[{"embeddable":true,"href":"https:\/\/omanivietnam.com\/index.php\/wp-json\/wp\/v2\/media\/4111"}],"wp:attachment":[{"href":"https:\/\/omanivietnam.com\/index.php\/wp-json\/wp\/v2\/media?parent=4110"}],"wp:term":[{"taxonomy":"product_cat","embeddable":true,"href":"https:\/\/omanivietnam.com\/index.php\/wp-json\/wp\/v2\/product_cat?post=4110"},{"taxonomy":"product_tag","embeddable":true,"href":"https:\/\/omanivietnam.com\/index.php\/wp-json\/wp\/v2\/product_tag?post=4110"}],"curies":[{"name":"wp","href":"https:\/\/api.w.org\/{rel}","templated":true}]}}