{"id":4140,"date":"2025-07-20T16:04:16","date_gmt":"2025-07-20T09:04:16","guid":{"rendered":"https:\/\/omanivietnam.com\/?post_type=product&#038;p=4140"},"modified":"2025-07-20T16:04:17","modified_gmt":"2025-07-20T09:04:17","slug":"festo-adn-16-25-i-p-a-r3","status":"publish","type":"product","link":"https:\/\/omanivietnam.com\/index.php\/san-pham\/festo-adn-16-25-i-p-a-r3\/","title":{"rendered":"FESTO ADN-16-25-I-P-A-R3"},"content":{"rendered":"<p>FESTO ADN-16-25-I-P-A-R3<\/p>\n<p class=\"title-product item_name\">Xy lanh Festo ADN-16-25-I-P-A-R3 536218<\/p>\n<p>1. Xy lanh ADN-16-25-I-P-A-R3 536218:<\/p>\n<div>\n<div>H\u00e0nh tr\u00ecnh [mm] 16<\/div>\n<div>\u0110\u01b0\u1eddng k\u00ednh piston 25mm<\/div>\n<div>Ren thanh piston M6<\/div>\n<div>Gi\u1ea3m ch\u1ea5n P: V\u00f2ng \/ t\u1ea5m gi\u1ea3m thanh \u0111\u00e0n h\u1ed3i hai m\u1eb7t<\/div>\n<div>V\u1ecb tr\u00ed l\u1eafp \u0111\u1eb7t B\u1ea5t k\u1ef3<\/div>\n<div>Ph\u00f9 h\u1ee3p v\u1edbi ti\u00eau chu\u1ea9n ISO21287<\/div>\n<div>\u0110\u1ea7u thanh piston Ch\u1ee7 \u0111\u1ec1 v\u1ec1 ph\u1ee5 n\u1eef<\/div>\n<div>Ph\u00e1t hi\u1ec7n v\u1ecb tr\u00ed \u0110\u1ed1i v\u1edbi c\u00f4ng t\u1eafc ti\u1ec7m c\u1eadn<\/div>\n<div>Bi\u1ebfn th\u1ec3 Thanh piston m\u1ed9t ph\u00eda<\/div>\n<div>\u00c1p su\u1ea5t v\u1eadn h\u00e0nh [bar] 0,6 \u0111\u1ebfn 10<\/div>\n<div>Nguy\u00ean t\u1eafc ho\u1ea1t \u0111\u1ed9ng t\u00e1c \u0111\u1ed9ng k\u00e9p<\/div>\n<\/div>\n<p>2. C\u00e1c m\u00e3 h\u00e0ng t\u01b0\u01a1ng \u0111\u01b0\u01a1ng Xy lanh ADN-16-25-I-P-A-R3 536218:<\/p>\n<div>\n<div>\n<div>ADN-25-40-A-P-A 536257<\/div>\n<div>ADN-25-40-A-PPS-A 577180<\/div>\n<div>ADN-25-40-I-P-A 536265<\/div>\n<div>ADN-25-40-I-PPS-A 577187<\/div>\n<div>ADN-25-50-A-P-A 536258<\/div>\n<div>ADN-25-50-A-PPS-A 577181<\/div>\n<div>ADN-25-50-I-P-A 536266<\/div>\n<div>ADN-25-50-I-PPS-A 577188<\/div>\n<div>ADN-25-5-A-P-A 536251<\/div>\n<div>ADN-25-5-I-P-A 536259<\/div>\n<div>ADN-25-5-I-P-A-Q<\/div>\n<div>ADN-25-5-I-P-A-R3 536250<\/div>\n<div>ADN-25-60-A-P-A 536373<\/div>\n<div>ADN-25-60-A-PPS-A 577191<\/div>\n<div>ADN-25-60-I-P-A 536383<\/div>\n<div>ADN-25-60-I-PPS-A 577189<\/div>\n<div>ADN-25-80-I-P-A 536250<\/div>\n<div>ADN-32-70-I-P-A 536267<\/div>\n<\/div>\n<\/div>\n","protected":false},"excerpt":{"rendered":"<p>FESTO ADN-16-25-I-P-A-R3 Xy lanh Festo ADN-16-25-I-P-A-R3 536218 1. Xy lanh ADN-16-25-I-P-A-R3 536218: H\u00e0nh tr\u00ecnh [mm] 16 \u0110\u01b0\u1eddng k\u00ednh piston 25mm Ren thanh piston M6 Gi\u1ea3m ch\u1ea5n P: V\u00f2ng \/ t\u1ea5m gi\u1ea3m thanh \u0111\u00e0n h\u1ed3i hai m\u1eb7t V\u1ecb tr\u00ed l\u1eafp \u0111\u1eb7t B\u1ea5t k\u1ef3 Ph\u00f9 h\u1ee3p v\u1edbi ti\u00eau chu\u1ea9n ISO21287 \u0110\u1ea7u thanh&hellip; <\/p>\n","protected":false},"featured_media":4141,"comment_status":"open","ping_status":"closed","template":"","meta":[],"product_cat":[284],"product_tag":[364,363,98],"class_list":{"0":"post-4140","1":"product","2":"type-product","3":"status-publish","4":"has-post-thumbnail","6":"product_cat-festo","7":"product_tag-dai-ly-festo-viet-nam","8":"product_tag-festo-viet-nam","9":"product_tag-xy-lanh-khi","11":"first","12":"instock","13":"shipping-taxable","14":"product-type-simple"},"yoast_head":"<!-- This site is optimized with the Yoast SEO plugin v22.8 - https:\/\/yoast.com\/wordpress\/plugins\/seo\/ -->\n<title>FESTO ADN-16-25-I-P-A-R3 - OMANI VI\u1ec6T NAM<\/title>\n<meta name=\"description\" content=\"FESTO ADN-16-25-I-P-A-R3 Cylinder\" \/>\n<meta name=\"robots\" content=\"index, follow, max-snippet:-1, max-image-preview:large, max-video-preview:-1\" \/>\n<link rel=\"canonical\" href=\"https:\/\/omanivietnam.com\/index.php\/san-pham\/festo-adn-16-25-i-p-a-r3\/\" \/>\n<meta property=\"og:locale\" content=\"vi_VN\" \/>\n<meta property=\"og:type\" content=\"article\" \/>\n<meta property=\"og:title\" content=\"FESTO ADN-16-25-I-P-A-R3 - OMANI VI\u1ec6T NAM\" \/>\n<meta property=\"og:description\" content=\"FESTO ADN-16-25-I-P-A-R3 Cylinder\" \/>\n<meta property=\"og:url\" content=\"https:\/\/omanivietnam.com\/index.php\/san-pham\/festo-adn-16-25-i-p-a-r3\/\" \/>\n<meta property=\"og:site_name\" content=\"OMANI VI\u1ec6T NAM\" \/>\n<meta property=\"article:modified_time\" content=\"2025-07-20T09:04:17+00:00\" \/>\n<meta property=\"og:image\" content=\"https:\/\/omanivietnam.com\/wp-content\/uploads\/2025\/07\/ADN-16-25-I-P-A-R3.png\" \/>\n\t<meta property=\"og:image:width\" content=\"555\" \/>\n\t<meta property=\"og:image:height\" content=\"778\" \/>\n\t<meta property=\"og:image:type\" content=\"image\/png\" \/>\n<meta name=\"twitter:card\" content=\"summary_large_image\" \/>\n<meta name=\"twitter:label1\" content=\"\u01af\u1edbc t\u00ednh th\u1eddi gian \u0111\u1ecdc\" \/>\n\t<meta name=\"twitter:data1\" content=\"1 ph\u00fat\" \/>\n<script type=\"application\/ld+json\" class=\"yoast-schema-graph\">{\"@context\":\"https:\/\/schema.org\",\"@graph\":[{\"@type\":\"WebPage\",\"@id\":\"https:\/\/omanivietnam.com\/index.php\/san-pham\/festo-adn-16-25-i-p-a-r3\/\",\"url\":\"https:\/\/omanivietnam.com\/index.php\/san-pham\/festo-adn-16-25-i-p-a-r3\/\",\"name\":\"FESTO ADN-16-25-I-P-A-R3 - OMANI VI\u1ec6T NAM\",\"isPartOf\":{\"@id\":\"https:\/\/omanivietnam.com\/#website\"},\"primaryImageOfPage\":{\"@id\":\"https:\/\/omanivietnam.com\/index.php\/san-pham\/festo-adn-16-25-i-p-a-r3\/#primaryimage\"},\"image\":{\"@id\":\"https:\/\/omanivietnam.com\/index.php\/san-pham\/festo-adn-16-25-i-p-a-r3\/#primaryimage\"},\"thumbnailUrl\":\"https:\/\/omanivietnam.com\/wp-content\/uploads\/2025\/07\/ADN-16-25-I-P-A-R3.png\",\"datePublished\":\"2025-07-20T09:04:16+00:00\",\"dateModified\":\"2025-07-20T09:04:17+00:00\",\"description\":\"FESTO ADN-16-25-I-P-A-R3 Cylinder\",\"breadcrumb\":{\"@id\":\"https:\/\/omanivietnam.com\/index.php\/san-pham\/festo-adn-16-25-i-p-a-r3\/#breadcrumb\"},\"inLanguage\":\"vi\",\"potentialAction\":[{\"@type\":\"ReadAction\",\"target\":[\"https:\/\/omanivietnam.com\/index.php\/san-pham\/festo-adn-16-25-i-p-a-r3\/\"]}]},{\"@type\":\"ImageObject\",\"inLanguage\":\"vi\",\"@id\":\"https:\/\/omanivietnam.com\/index.php\/san-pham\/festo-adn-16-25-i-p-a-r3\/#primaryimage\",\"url\":\"https:\/\/omanivietnam.com\/wp-content\/uploads\/2025\/07\/ADN-16-25-I-P-A-R3.png\",\"contentUrl\":\"https:\/\/omanivietnam.com\/wp-content\/uploads\/2025\/07\/ADN-16-25-I-P-A-R3.png\",\"width\":555,\"height\":778},{\"@type\":\"BreadcrumbList\",\"@id\":\"https:\/\/omanivietnam.com\/index.php\/san-pham\/festo-adn-16-25-i-p-a-r3\/#breadcrumb\",\"itemListElement\":[{\"@type\":\"ListItem\",\"position\":1,\"name\":\"Home\",\"item\":\"https:\/\/omanivietnam.com\/\"},{\"@type\":\"ListItem\",\"position\":2,\"name\":\"S\u1ea2N PH\u1ea8M\",\"item\":\"https:\/\/omanivietnam.com\/index.php\/cua-hang\/\"},{\"@type\":\"ListItem\",\"position\":3,\"name\":\"FESTO ADN-16-25-I-P-A-R3\"}]},{\"@type\":\"WebSite\",\"@id\":\"https:\/\/omanivietnam.com\/#website\",\"url\":\"https:\/\/omanivietnam.com\/\",\"name\":\"OMANI VI\u1ec6T NAM\",\"description\":\"Nh\u00e0 ph\u00e2n ph\u1ed1i thi\u1ebft b\u1ecb kh\u00ed n\u00e9n v\u00e0 thi\u1ebft b\u1ecb t\u1ef1 \u0111\u1ed9ng h\u00f3a trong c\u00f4ng nghi\u1ec7p\",\"publisher\":{\"@id\":\"https:\/\/omanivietnam.com\/#\/schema\/person\/0ad398a980dc3fd696111c2c5c8fa897\"},\"potentialAction\":[{\"@type\":\"SearchAction\",\"target\":{\"@type\":\"EntryPoint\",\"urlTemplate\":\"https:\/\/omanivietnam.com\/?s={search_term_string}\"},\"query-input\":\"required name=search_term_string\"}],\"inLanguage\":\"vi\"},{\"@type\":[\"Person\",\"Organization\"],\"@id\":\"https:\/\/omanivietnam.com\/#\/schema\/person\/0ad398a980dc3fd696111c2c5c8fa897\",\"name\":\"Nguy\u1ec5n V\u0103n Kh\u00e1nh\",\"image\":{\"@type\":\"ImageObject\",\"inLanguage\":\"vi\",\"@id\":\"https:\/\/omanivietnam.com\/#\/schema\/person\/image\/\",\"url\":\"https:\/\/omanivietnam.com\/wp-content\/uploads\/2024\/06\/logo-1024x1024.png\",\"contentUrl\":\"https:\/\/omanivietnam.com\/wp-content\/uploads\/2024\/06\/logo-1024x1024.png\",\"width\":1024,\"height\":1024,\"caption\":\"Nguy\u1ec5n V\u0103n Kh\u00e1nh\"},\"logo\":{\"@id\":\"https:\/\/omanivietnam.com\/#\/schema\/person\/image\/\"},\"sameAs\":[\"https:\/\/omanivietnam.com\"]}]}<\/script>\n<!-- \/ Yoast SEO plugin. -->","yoast_head_json":{"title":"FESTO ADN-16-25-I-P-A-R3 - OMANI VI\u1ec6T NAM","description":"FESTO ADN-16-25-I-P-A-R3 Cylinder","robots":{"index":"index","follow":"follow","max-snippet":"max-snippet:-1","max-image-preview":"max-image-preview:large","max-video-preview":"max-video-preview:-1"},"canonical":"https:\/\/omanivietnam.com\/index.php\/san-pham\/festo-adn-16-25-i-p-a-r3\/","og_locale":"vi_VN","og_type":"article","og_title":"FESTO ADN-16-25-I-P-A-R3 - OMANI VI\u1ec6T NAM","og_description":"FESTO ADN-16-25-I-P-A-R3 Cylinder","og_url":"https:\/\/omanivietnam.com\/index.php\/san-pham\/festo-adn-16-25-i-p-a-r3\/","og_site_name":"OMANI VI\u1ec6T NAM","article_modified_time":"2025-07-20T09:04:17+00:00","og_image":[{"width":555,"height":778,"url":"https:\/\/omanivietnam.com\/wp-content\/uploads\/2025\/07\/ADN-16-25-I-P-A-R3.png","type":"image\/png"}],"twitter_card":"summary_large_image","twitter_misc":{"\u01af\u1edbc t\u00ednh th\u1eddi gian \u0111\u1ecdc":"1 ph\u00fat"},"schema":{"@context":"https:\/\/schema.org","@graph":[{"@type":"WebPage","@id":"https:\/\/omanivietnam.com\/index.php\/san-pham\/festo-adn-16-25-i-p-a-r3\/","url":"https:\/\/omanivietnam.com\/index.php\/san-pham\/festo-adn-16-25-i-p-a-r3\/","name":"FESTO ADN-16-25-I-P-A-R3 - OMANI VI\u1ec6T NAM","isPartOf":{"@id":"https:\/\/omanivietnam.com\/#website"},"primaryImageOfPage":{"@id":"https:\/\/omanivietnam.com\/index.php\/san-pham\/festo-adn-16-25-i-p-a-r3\/#primaryimage"},"image":{"@id":"https:\/\/omanivietnam.com\/index.php\/san-pham\/festo-adn-16-25-i-p-a-r3\/#primaryimage"},"thumbnailUrl":"https:\/\/omanivietnam.com\/wp-content\/uploads\/2025\/07\/ADN-16-25-I-P-A-R3.png","datePublished":"2025-07-20T09:04:16+00:00","dateModified":"2025-07-20T09:04:17+00:00","description":"FESTO ADN-16-25-I-P-A-R3 Cylinder","breadcrumb":{"@id":"https:\/\/omanivietnam.com\/index.php\/san-pham\/festo-adn-16-25-i-p-a-r3\/#breadcrumb"},"inLanguage":"vi","potentialAction":[{"@type":"ReadAction","target":["https:\/\/omanivietnam.com\/index.php\/san-pham\/festo-adn-16-25-i-p-a-r3\/"]}]},{"@type":"ImageObject","inLanguage":"vi","@id":"https:\/\/omanivietnam.com\/index.php\/san-pham\/festo-adn-16-25-i-p-a-r3\/#primaryimage","url":"https:\/\/omanivietnam.com\/wp-content\/uploads\/2025\/07\/ADN-16-25-I-P-A-R3.png","contentUrl":"https:\/\/omanivietnam.com\/wp-content\/uploads\/2025\/07\/ADN-16-25-I-P-A-R3.png","width":555,"height":778},{"@type":"BreadcrumbList","@id":"https:\/\/omanivietnam.com\/index.php\/san-pham\/festo-adn-16-25-i-p-a-r3\/#breadcrumb","itemListElement":[{"@type":"ListItem","position":1,"name":"Home","item":"https:\/\/omanivietnam.com\/"},{"@type":"ListItem","position":2,"name":"S\u1ea2N PH\u1ea8M","item":"https:\/\/omanivietnam.com\/index.php\/cua-hang\/"},{"@type":"ListItem","position":3,"name":"FESTO ADN-16-25-I-P-A-R3"}]},{"@type":"WebSite","@id":"https:\/\/omanivietnam.com\/#website","url":"https:\/\/omanivietnam.com\/","name":"OMANI VI\u1ec6T NAM","description":"Nh\u00e0 ph\u00e2n ph\u1ed1i thi\u1ebft b\u1ecb kh\u00ed n\u00e9n v\u00e0 thi\u1ebft b\u1ecb t\u1ef1 \u0111\u1ed9ng h\u00f3a trong c\u00f4ng nghi\u1ec7p","publisher":{"@id":"https:\/\/omanivietnam.com\/#\/schema\/person\/0ad398a980dc3fd696111c2c5c8fa897"},"potentialAction":[{"@type":"SearchAction","target":{"@type":"EntryPoint","urlTemplate":"https:\/\/omanivietnam.com\/?s={search_term_string}"},"query-input":"required name=search_term_string"}],"inLanguage":"vi"},{"@type":["Person","Organization"],"@id":"https:\/\/omanivietnam.com\/#\/schema\/person\/0ad398a980dc3fd696111c2c5c8fa897","name":"Nguy\u1ec5n V\u0103n Kh\u00e1nh","image":{"@type":"ImageObject","inLanguage":"vi","@id":"https:\/\/omanivietnam.com\/#\/schema\/person\/image\/","url":"https:\/\/omanivietnam.com\/wp-content\/uploads\/2024\/06\/logo-1024x1024.png","contentUrl":"https:\/\/omanivietnam.com\/wp-content\/uploads\/2024\/06\/logo-1024x1024.png","width":1024,"height":1024,"caption":"Nguy\u1ec5n V\u0103n Kh\u00e1nh"},"logo":{"@id":"https:\/\/omanivietnam.com\/#\/schema\/person\/image\/"},"sameAs":["https:\/\/omanivietnam.com"]}]}},"_links":{"self":[{"href":"https:\/\/omanivietnam.com\/index.php\/wp-json\/wp\/v2\/product\/4140","targetHints":{"allow":["GET"]}}],"collection":[{"href":"https:\/\/omanivietnam.com\/index.php\/wp-json\/wp\/v2\/product"}],"about":[{"href":"https:\/\/omanivietnam.com\/index.php\/wp-json\/wp\/v2\/types\/product"}],"replies":[{"embeddable":true,"href":"https:\/\/omanivietnam.com\/index.php\/wp-json\/wp\/v2\/comments?post=4140"}],"wp:featuredmedia":[{"embeddable":true,"href":"https:\/\/omanivietnam.com\/index.php\/wp-json\/wp\/v2\/media\/4141"}],"wp:attachment":[{"href":"https:\/\/omanivietnam.com\/index.php\/wp-json\/wp\/v2\/media?parent=4140"}],"wp:term":[{"taxonomy":"product_cat","embeddable":true,"href":"https:\/\/omanivietnam.com\/index.php\/wp-json\/wp\/v2\/product_cat?post=4140"},{"taxonomy":"product_tag","embeddable":true,"href":"https:\/\/omanivietnam.com\/index.php\/wp-json\/wp\/v2\/product_tag?post=4140"}],"curies":[{"name":"wp","href":"https:\/\/api.w.org\/{rel}","templated":true}]}}