{"id":4146,"date":"2025-07-20T16:35:24","date_gmt":"2025-07-20T09:35:24","guid":{"rendered":"https:\/\/omanivietnam.com\/?post_type=product&#038;p=4146"},"modified":"2025-07-20T16:35:24","modified_gmt":"2025-07-20T09:35:24","slug":"sick-tim310-1030000s02-3","status":"publish","type":"product","link":"https:\/\/omanivietnam.com\/index.php\/san-pham\/sick-tim310-1030000s02-3\/","title":{"rendered":"SICK TIM310-1030000S02"},"content":{"rendered":"<p>SICK TIM310-1030000S02<\/p>\n<p><strong>C\u1ea3m bi\u1ebfn 2D LiDAR SICK TIM310-1030000S02 \u2013 1062221<\/strong><\/p>\n<h2>1. Th\u00f4ng tin s\u1ea3n ph\u1ea9m SICK TIM310-1030000S02<\/h2>\n<ul>\n<li><strong>T\u00ean s\u1ea3n ph\u1ea9m:<\/strong>\u00a0C\u1ea3m bi\u1ebfn 2D LiDAR SICK TIM310-1030000S02 \u2013 1062221<\/li>\n<li><strong>Lo\u1ea1i:<\/strong>\u00a0TIM310-1030000S02<\/li>\n<li><strong>M\u00e3 s\u1ea3n ph\u1ea9m:<\/strong>\u00a01062221<\/li>\n<li><strong>M\u00f4 t\u1ea3 s\u1ea3n ph\u1ea9m:<\/strong>\u00a02D LiDAR sensors TiM, Integrated application: Field evaluation, Measurement principle: HDDM+, Working range: 0.05 m \u2026 4 m, Angular resolution: 1\u00b0, Number of field sets: 16, Enclosure rating: IP65, Digital outputs: 3 (NPN, additional 1 x \u201cDevice Ready\u201d), Connection type: 1 x 15-pin D-sub HD male connector (0.9 m)<\/li>\n<li><strong>Nh\u00e0 s\u1ea3n xu\u1ea5t:<\/strong>\u00a0SICK<\/li>\n<li><strong>Th\u1eddi gian b\u1ea3o h\u00e0nh:<\/strong>\u00a0Theo quy \u0111\u1ecbnh c\u1ee7a nh\u00e0 s\u1ea3n xu\u1ea5t<\/li>\n<\/ul>\n<div class=\"product_attribute\"><label>Type: SICK TIM310-1030000S02<\/label><\/div>\n<div class=\"product_attribute\"><label>Part number:<\/label>\u00a01062221<\/div>\n<div class=\"product_attribute\"><label class=\"fl_left\">Usual availability:<\/label><\/div>\n<ul>\n<li class=\"js_slide_container js_accordion_element slide_container toggle_active\">\n<div class=\"js_toggle_activator sprite toggle_close\">FEATURES<\/div>\n<div class=\"js_toggle_content toggle_content product_classifications js_toggle_opened\">\n<table>\n<tbody>\n<tr>\n<td>Measurement principle<\/td>\n<td>HDDM<sup>+<\/sup><\/td>\n<\/tr>\n<tr>\n<td>Application<\/td>\n<td>Indoor<\/td>\n<\/tr>\n<tr>\n<td>Laser class<\/td>\n<td>1 (IEC 60825-1:2014, EN 60825-1:2014)<\/td>\n<\/tr>\n<tr>\n<td colspan=\"2\">\n<table>\n<tbody>\n<tr>\n<td>Aperture angle<\/td>\n<td><\/td>\n<\/tr>\n<tr class=\"feature\">\n<td>Horizontal<\/td>\n<td>270\u00b0<\/td>\n<\/tr>\n<\/tbody>\n<\/table>\n<\/td>\n<\/tr>\n<tr>\n<td>Scanning frequency<\/td>\n<td>15 Hz<\/td>\n<\/tr>\n<tr>\n<td>Angular resolution<\/td>\n<td>1\u00b0<\/td>\n<\/tr>\n<tr>\n<td>Working range<\/td>\n<td>0.05 m \u2026 4 m<\/td>\n<\/tr>\n<tr>\n<td colspan=\"2\">\n<table>\n<tbody>\n<tr>\n<td>Scanning range<\/td>\n<td><\/td>\n<\/tr>\n<tr class=\"feature\">\n<td>At 10% remission<\/td>\n<td>2 m<\/td>\n<\/tr>\n<\/tbody>\n<\/table>\n<\/td>\n<\/tr>\n<\/tbody>\n<\/table>\n<\/div>\n<\/li>\n<\/ul>\n<ul>\n<li class=\"js_slide_container js_accordion_element slide_container toggle_active\">\n<div class=\"js_toggle_activator sprite toggle_close\">MECHANICS\/ELECTRONICS<\/div>\n<div class=\"js_toggle_content toggle_content product_classifications js_toggle_opened\">\n<table>\n<tbody>\n<tr>\n<td>Connection type<\/td>\n<td>1 x 15-pin D-sub HD male connector (0.9 m)<\/td>\n<\/tr>\n<tr>\n<td>Supply voltage<\/td>\n<td>9 V DC \u2026 28 V DC<\/td>\n<\/tr>\n<tr>\n<td>Power consumption<\/td>\n<td>Typ. 4 W, 16 W with 4 max. loaded digital outputs<\/td>\n<\/tr>\n<tr>\n<td>Housing color<\/td>\n<td>Light blue (RAL 5012)<\/td>\n<\/tr>\n<tr>\n<td>Enclosure rating<\/td>\n<td>IP65 (IEC 60529:1989+AMD1:1999+AMD2:2013)<\/td>\n<\/tr>\n<tr>\n<td>Protection class<\/td>\n<td>III (IEC 61140:2016-1)<\/td>\n<\/tr>\n<tr>\n<td>Weight<\/td>\n<td>150 g, without connecting cables<\/td>\n<\/tr>\n<tr>\n<td>Dimensions (L x W x H)<\/td>\n<td>60 mm x 60 mm x 79 mm<\/td>\n<\/tr>\n<\/tbody>\n<\/table>\n<\/div>\n<\/li>\n<\/ul>\n<ul>\n<li class=\"js_slide_container js_accordion_element slide_container toggle_active\">\n<div class=\"js_toggle_activator sprite toggle_close\">PERFORMANCE<\/div>\n<div class=\"js_toggle_content toggle_content product_classifications js_toggle_opened\">\n<table>\n<tbody>\n<tr>\n<td>Response time<\/td>\n<td>Typ. 67 ms<\/td>\n<\/tr>\n<tr>\n<td>Detectable object shape<\/td>\n<td>Almost any<\/td>\n<\/tr>\n<tr>\n<td>Systematic error<\/td>\n<td>\u00b1 40 mm\u00a0<sup>1)<\/sup><\/td>\n<\/tr>\n<tr>\n<td>Statistical error<\/td>\n<td>&lt; 20 mm\u00a0<sup>2)<\/sup><\/td>\n<\/tr>\n<tr>\n<td>Integrated application<\/td>\n<td>Field evaluation<\/td>\n<\/tr>\n<tr>\n<td>Number of field sets<\/td>\n<td>16 field triples (48 fields, 1 triple (3 fields) can be configured directly at the scanner)<\/td>\n<\/tr>\n<tr>\n<td>Simultaneous evaluation cases<\/td>\n<td>1 (3 fields<\/td>\n<\/tr>\n<\/tbody>\n<\/table>\n<\/div>\n<\/li>\n<\/ul>\n","protected":false},"excerpt":{"rendered":"<p>SICK TIM310-1030000S02 C\u1ea3m bi\u1ebfn 2D LiDAR SICK TIM310-1030000S02 \u2013 1062221 1. Th\u00f4ng tin s\u1ea3n ph\u1ea9m SICK TIM310-1030000S02 T\u00ean s\u1ea3n ph\u1ea9m:\u00a0C\u1ea3m bi\u1ebfn 2D LiDAR SICK TIM310-1030000S02 \u2013 1062221 Lo\u1ea1i:\u00a0TIM310-1030000S02 M\u00e3 s\u1ea3n ph\u1ea9m:\u00a01062221 M\u00f4 t\u1ea3 s\u1ea3n ph\u1ea9m:\u00a02D LiDAR sensors TiM, Integrated application: Field evaluation, Measurement principle: HDDM+, Working range: 0.05 m \u2026&hellip; <\/p>\n","protected":false},"featured_media":4147,"comment_status":"open","ping_status":"closed","template":"","meta":[],"product_cat":[297],"product_tag":[88,89,90],"class_list":{"0":"post-4146","1":"product","2":"type-product","3":"status-publish","4":"has-post-thumbnail","6":"product_cat-sick","7":"product_tag-cam-bien","8":"product_tag-dai-ly-sick-viet-nam","9":"product_tag-sick-viet-nam","11":"first","12":"instock","13":"shipping-taxable","14":"product-type-simple"},"yoast_head":"<!-- This site is optimized with the Yoast SEO plugin v22.8 - https:\/\/yoast.com\/wordpress\/plugins\/seo\/ -->\n<title>SICK TIM310-1030000S02 - OMANI VI\u1ec6T NAM<\/title>\n<meta name=\"description\" content=\"SICK TIM310-1030000S02 SENSOR\" \/>\n<meta name=\"robots\" content=\"index, follow, max-snippet:-1, max-image-preview:large, max-video-preview:-1\" \/>\n<link rel=\"canonical\" href=\"https:\/\/omanivietnam.com\/index.php\/san-pham\/sick-tim310-1030000s02-3\/\" \/>\n<meta property=\"og:locale\" content=\"vi_VN\" \/>\n<meta property=\"og:type\" content=\"article\" \/>\n<meta property=\"og:title\" content=\"SICK TIM310-1030000S02 - OMANI VI\u1ec6T NAM\" \/>\n<meta property=\"og:description\" content=\"SICK TIM310-1030000S02 SENSOR\" \/>\n<meta property=\"og:url\" content=\"https:\/\/omanivietnam.com\/index.php\/san-pham\/sick-tim310-1030000s02-3\/\" \/>\n<meta property=\"og:site_name\" content=\"OMANI VI\u1ec6T NAM\" \/>\n<meta property=\"og:image\" content=\"https:\/\/omanivietnam.com\/wp-content\/uploads\/2025\/07\/TIM310-1030000S02.png\" \/>\n\t<meta property=\"og:image:width\" content=\"556\" \/>\n\t<meta property=\"og:image:height\" content=\"777\" \/>\n\t<meta property=\"og:image:type\" content=\"image\/png\" \/>\n<meta name=\"twitter:card\" content=\"summary_large_image\" \/>\n<meta name=\"twitter:label1\" content=\"\u01af\u1edbc t\u00ednh th\u1eddi gian \u0111\u1ecdc\" \/>\n\t<meta name=\"twitter:data1\" content=\"2 ph\u00fat\" \/>\n<script type=\"application\/ld+json\" class=\"yoast-schema-graph\">{\"@context\":\"https:\/\/schema.org\",\"@graph\":[{\"@type\":\"WebPage\",\"@id\":\"https:\/\/omanivietnam.com\/index.php\/san-pham\/sick-tim310-1030000s02-3\/\",\"url\":\"https:\/\/omanivietnam.com\/index.php\/san-pham\/sick-tim310-1030000s02-3\/\",\"name\":\"SICK TIM310-1030000S02 - OMANI VI\u1ec6T NAM\",\"isPartOf\":{\"@id\":\"https:\/\/omanivietnam.com\/#website\"},\"primaryImageOfPage\":{\"@id\":\"https:\/\/omanivietnam.com\/index.php\/san-pham\/sick-tim310-1030000s02-3\/#primaryimage\"},\"image\":{\"@id\":\"https:\/\/omanivietnam.com\/index.php\/san-pham\/sick-tim310-1030000s02-3\/#primaryimage\"},\"thumbnailUrl\":\"https:\/\/omanivietnam.com\/wp-content\/uploads\/2025\/07\/TIM310-1030000S02.png\",\"datePublished\":\"2025-07-20T09:35:24+00:00\",\"dateModified\":\"2025-07-20T09:35:24+00:00\",\"description\":\"SICK TIM310-1030000S02 SENSOR\",\"breadcrumb\":{\"@id\":\"https:\/\/omanivietnam.com\/index.php\/san-pham\/sick-tim310-1030000s02-3\/#breadcrumb\"},\"inLanguage\":\"vi\",\"potentialAction\":[{\"@type\":\"ReadAction\",\"target\":[\"https:\/\/omanivietnam.com\/index.php\/san-pham\/sick-tim310-1030000s02-3\/\"]}]},{\"@type\":\"ImageObject\",\"inLanguage\":\"vi\",\"@id\":\"https:\/\/omanivietnam.com\/index.php\/san-pham\/sick-tim310-1030000s02-3\/#primaryimage\",\"url\":\"https:\/\/omanivietnam.com\/wp-content\/uploads\/2025\/07\/TIM310-1030000S02.png\",\"contentUrl\":\"https:\/\/omanivietnam.com\/wp-content\/uploads\/2025\/07\/TIM310-1030000S02.png\",\"width\":556,\"height\":777},{\"@type\":\"BreadcrumbList\",\"@id\":\"https:\/\/omanivietnam.com\/index.php\/san-pham\/sick-tim310-1030000s02-3\/#breadcrumb\",\"itemListElement\":[{\"@type\":\"ListItem\",\"position\":1,\"name\":\"Home\",\"item\":\"https:\/\/omanivietnam.com\/\"},{\"@type\":\"ListItem\",\"position\":2,\"name\":\"S\u1ea2N PH\u1ea8M\",\"item\":\"https:\/\/omanivietnam.com\/index.php\/cua-hang\/\"},{\"@type\":\"ListItem\",\"position\":3,\"name\":\"SICK TIM310-1030000S02\"}]},{\"@type\":\"WebSite\",\"@id\":\"https:\/\/omanivietnam.com\/#website\",\"url\":\"https:\/\/omanivietnam.com\/\",\"name\":\"OMANI VI\u1ec6T NAM\",\"description\":\"Nh\u00e0 ph\u00e2n ph\u1ed1i thi\u1ebft b\u1ecb kh\u00ed n\u00e9n v\u00e0 thi\u1ebft b\u1ecb t\u1ef1 \u0111\u1ed9ng h\u00f3a trong c\u00f4ng nghi\u1ec7p\",\"publisher\":{\"@id\":\"https:\/\/omanivietnam.com\/#\/schema\/person\/0ad398a980dc3fd696111c2c5c8fa897\"},\"potentialAction\":[{\"@type\":\"SearchAction\",\"target\":{\"@type\":\"EntryPoint\",\"urlTemplate\":\"https:\/\/omanivietnam.com\/?s={search_term_string}\"},\"query-input\":\"required name=search_term_string\"}],\"inLanguage\":\"vi\"},{\"@type\":[\"Person\",\"Organization\"],\"@id\":\"https:\/\/omanivietnam.com\/#\/schema\/person\/0ad398a980dc3fd696111c2c5c8fa897\",\"name\":\"Nguy\u1ec5n V\u0103n Kh\u00e1nh\",\"image\":{\"@type\":\"ImageObject\",\"inLanguage\":\"vi\",\"@id\":\"https:\/\/omanivietnam.com\/#\/schema\/person\/image\/\",\"url\":\"https:\/\/omanivietnam.com\/wp-content\/uploads\/2024\/06\/logo-1024x1024.png\",\"contentUrl\":\"https:\/\/omanivietnam.com\/wp-content\/uploads\/2024\/06\/logo-1024x1024.png\",\"width\":1024,\"height\":1024,\"caption\":\"Nguy\u1ec5n V\u0103n Kh\u00e1nh\"},\"logo\":{\"@id\":\"https:\/\/omanivietnam.com\/#\/schema\/person\/image\/\"},\"sameAs\":[\"https:\/\/omanivietnam.com\"]}]}<\/script>\n<!-- \/ Yoast SEO plugin. -->","yoast_head_json":{"title":"SICK TIM310-1030000S02 - OMANI VI\u1ec6T NAM","description":"SICK TIM310-1030000S02 SENSOR","robots":{"index":"index","follow":"follow","max-snippet":"max-snippet:-1","max-image-preview":"max-image-preview:large","max-video-preview":"max-video-preview:-1"},"canonical":"https:\/\/omanivietnam.com\/index.php\/san-pham\/sick-tim310-1030000s02-3\/","og_locale":"vi_VN","og_type":"article","og_title":"SICK TIM310-1030000S02 - OMANI VI\u1ec6T NAM","og_description":"SICK TIM310-1030000S02 SENSOR","og_url":"https:\/\/omanivietnam.com\/index.php\/san-pham\/sick-tim310-1030000s02-3\/","og_site_name":"OMANI VI\u1ec6T NAM","og_image":[{"width":556,"height":777,"url":"https:\/\/omanivietnam.com\/wp-content\/uploads\/2025\/07\/TIM310-1030000S02.png","type":"image\/png"}],"twitter_card":"summary_large_image","twitter_misc":{"\u01af\u1edbc t\u00ednh th\u1eddi gian \u0111\u1ecdc":"2 ph\u00fat"},"schema":{"@context":"https:\/\/schema.org","@graph":[{"@type":"WebPage","@id":"https:\/\/omanivietnam.com\/index.php\/san-pham\/sick-tim310-1030000s02-3\/","url":"https:\/\/omanivietnam.com\/index.php\/san-pham\/sick-tim310-1030000s02-3\/","name":"SICK TIM310-1030000S02 - OMANI VI\u1ec6T NAM","isPartOf":{"@id":"https:\/\/omanivietnam.com\/#website"},"primaryImageOfPage":{"@id":"https:\/\/omanivietnam.com\/index.php\/san-pham\/sick-tim310-1030000s02-3\/#primaryimage"},"image":{"@id":"https:\/\/omanivietnam.com\/index.php\/san-pham\/sick-tim310-1030000s02-3\/#primaryimage"},"thumbnailUrl":"https:\/\/omanivietnam.com\/wp-content\/uploads\/2025\/07\/TIM310-1030000S02.png","datePublished":"2025-07-20T09:35:24+00:00","dateModified":"2025-07-20T09:35:24+00:00","description":"SICK TIM310-1030000S02 SENSOR","breadcrumb":{"@id":"https:\/\/omanivietnam.com\/index.php\/san-pham\/sick-tim310-1030000s02-3\/#breadcrumb"},"inLanguage":"vi","potentialAction":[{"@type":"ReadAction","target":["https:\/\/omanivietnam.com\/index.php\/san-pham\/sick-tim310-1030000s02-3\/"]}]},{"@type":"ImageObject","inLanguage":"vi","@id":"https:\/\/omanivietnam.com\/index.php\/san-pham\/sick-tim310-1030000s02-3\/#primaryimage","url":"https:\/\/omanivietnam.com\/wp-content\/uploads\/2025\/07\/TIM310-1030000S02.png","contentUrl":"https:\/\/omanivietnam.com\/wp-content\/uploads\/2025\/07\/TIM310-1030000S02.png","width":556,"height":777},{"@type":"BreadcrumbList","@id":"https:\/\/omanivietnam.com\/index.php\/san-pham\/sick-tim310-1030000s02-3\/#breadcrumb","itemListElement":[{"@type":"ListItem","position":1,"name":"Home","item":"https:\/\/omanivietnam.com\/"},{"@type":"ListItem","position":2,"name":"S\u1ea2N PH\u1ea8M","item":"https:\/\/omanivietnam.com\/index.php\/cua-hang\/"},{"@type":"ListItem","position":3,"name":"SICK TIM310-1030000S02"}]},{"@type":"WebSite","@id":"https:\/\/omanivietnam.com\/#website","url":"https:\/\/omanivietnam.com\/","name":"OMANI VI\u1ec6T NAM","description":"Nh\u00e0 ph\u00e2n ph\u1ed1i thi\u1ebft b\u1ecb kh\u00ed n\u00e9n v\u00e0 thi\u1ebft b\u1ecb t\u1ef1 \u0111\u1ed9ng h\u00f3a trong c\u00f4ng nghi\u1ec7p","publisher":{"@id":"https:\/\/omanivietnam.com\/#\/schema\/person\/0ad398a980dc3fd696111c2c5c8fa897"},"potentialAction":[{"@type":"SearchAction","target":{"@type":"EntryPoint","urlTemplate":"https:\/\/omanivietnam.com\/?s={search_term_string}"},"query-input":"required name=search_term_string"}],"inLanguage":"vi"},{"@type":["Person","Organization"],"@id":"https:\/\/omanivietnam.com\/#\/schema\/person\/0ad398a980dc3fd696111c2c5c8fa897","name":"Nguy\u1ec5n V\u0103n Kh\u00e1nh","image":{"@type":"ImageObject","inLanguage":"vi","@id":"https:\/\/omanivietnam.com\/#\/schema\/person\/image\/","url":"https:\/\/omanivietnam.com\/wp-content\/uploads\/2024\/06\/logo-1024x1024.png","contentUrl":"https:\/\/omanivietnam.com\/wp-content\/uploads\/2024\/06\/logo-1024x1024.png","width":1024,"height":1024,"caption":"Nguy\u1ec5n V\u0103n Kh\u00e1nh"},"logo":{"@id":"https:\/\/omanivietnam.com\/#\/schema\/person\/image\/"},"sameAs":["https:\/\/omanivietnam.com"]}]}},"_links":{"self":[{"href":"https:\/\/omanivietnam.com\/index.php\/wp-json\/wp\/v2\/product\/4146","targetHints":{"allow":["GET"]}}],"collection":[{"href":"https:\/\/omanivietnam.com\/index.php\/wp-json\/wp\/v2\/product"}],"about":[{"href":"https:\/\/omanivietnam.com\/index.php\/wp-json\/wp\/v2\/types\/product"}],"replies":[{"embeddable":true,"href":"https:\/\/omanivietnam.com\/index.php\/wp-json\/wp\/v2\/comments?post=4146"}],"wp:featuredmedia":[{"embeddable":true,"href":"https:\/\/omanivietnam.com\/index.php\/wp-json\/wp\/v2\/media\/4147"}],"wp:attachment":[{"href":"https:\/\/omanivietnam.com\/index.php\/wp-json\/wp\/v2\/media?parent=4146"}],"wp:term":[{"taxonomy":"product_cat","embeddable":true,"href":"https:\/\/omanivietnam.com\/index.php\/wp-json\/wp\/v2\/product_cat?post=4146"},{"taxonomy":"product_tag","embeddable":true,"href":"https:\/\/omanivietnam.com\/index.php\/wp-json\/wp\/v2\/product_tag?post=4146"}],"curies":[{"name":"wp","href":"https:\/\/api.w.org\/{rel}","templated":true}]}}