{"id":4153,"date":"2025-07-20T17:38:06","date_gmt":"2025-07-20T10:38:06","guid":{"rendered":"https:\/\/omanivietnam.com\/?post_type=product&#038;p=4153"},"modified":"2025-07-20T20:12:34","modified_gmt":"2025-07-20T13:12:34","slug":"euchner-esm-ba201","status":"publish","type":"product","link":"https:\/\/omanivietnam.com\/index.php\/san-pham\/euchner-esm-ba201\/","title":{"rendered":"EUCHNER ESM-BA201"},"content":{"rendered":"<p>EUCHNER ESM-BA201 085610<\/p>\n<p>ESM-BA201 AC\/DC 24 V, ESM-BA202 AC 115V, ESM-BA203 AC 230 V<\/p>\n<p><strong>Th\u00f4ng s\u1ed1 k\u1ef9 thu\u1eadt: ESM-BA201 Euchner<\/strong><\/p>\n<h3><strong>Th\u00f4ng S\u1ed1 C\u01a1 H\u1ecdc v\u00e0 M\u00f4i Tr\u01b0\u1eddng:<\/strong><\/h3>\n<ul>\n<li><strong>Ch\u1ea5t li\u1ec7u v\u1ecf:<\/strong>\u00a0Polyamide PA6.6<\/li>\n<li><strong>Lo\u1ea1i v\u1ecf:<\/strong>\u00a0Polyamide PA6.6<\/li>\n<li><strong>Kh\u1ed1i l\u01b0\u1ee3ng:<\/strong>\n<ul>\n<li><strong>Kh\u1ed1i l\u01b0\u1ee3ng t\u1ecbnh:<\/strong>\u00a00,23 kg<\/li>\n<\/ul>\n<\/li>\n<li><strong>Nhi\u1ec7t \u0111\u1ed9 m\u00f4i tr\u01b0\u1eddng:<\/strong>\n<ul>\n<li><strong>\u1ede UB = 24V AC:<\/strong>\u00a0-15\u00b0C \u0111\u1ebfn 40\u00b0C<\/li>\n<li><strong>\u1ede UB = 24V DC:<\/strong>\u00a0-15\u00b0C \u0111\u1ebfn 60\u00b0C<\/li>\n<\/ul>\n<\/li>\n<li><strong>C\u1ea5p \u0111\u1ed9 b\u1ea3o v\u1ec7:<\/strong>\u00a0IP20<\/li>\n<li><strong>Tu\u1ed5i th\u1ecd c\u01a1 h\u1ecdc (s\u1ed1 chu k\u1ef3 v\u1eadn h\u00e0nh):<\/strong>\u00a010 x 10\u2076 chu k\u1ef3<\/li>\n<li><strong>V\u1eadt li\u1ec7u ti\u1ebfp \u0111i\u1ec3m:<\/strong>\u00a0AgSnO\u2082<\/li>\n<li><strong>Ph\u01b0\u01a1ng ph\u00e1p l\u1eafp \u0111\u1eb7t:<\/strong>\u00a0G\u1eafn tr\u00ean thanh ray 35mm theo ti\u00eau chu\u1ea9n DIN EN 60715 TH35<\/li>\n<li><strong>Lo\u1ea1i k\u1ebft n\u1ed1i:<\/strong>\u00a0\u0110\u1ea7u n\u1ed1i d\u00e2y<\/li>\n<li><strong>Chi\u1ec1u d\u00e0i c\u00e1p \u0111i\u1ec1u khi\u1ec3n:<\/strong>\n<ul>\n<li><strong>V\u1edbi ti\u1ebft di\u1ec7n d\u00e2y d\u1eabn 0.75mm\u00b2:<\/strong>\u00a01000 m<\/li>\n<\/ul>\n<\/li>\n<\/ul>\n<p><strong>Ti\u1ebfp \u0110i\u1ec3m An To\u00e0n (13\/14, 23\/24):<\/strong><\/p>\n<ul>\n<li><strong>S\u1ed1 l\u01b0\u1ee3ng ti\u1ebfp \u0111i\u1ec3m an to\u00e0n:<\/strong>\u00a02<\/li>\n<\/ul>\n<h3><strong>Th\u00f4ng S\u1ed1 K\u1ebft N\u1ed1i \u0110i\u1ec7n:<\/strong><\/h3>\n<ul>\n<li><strong>\u0110i\u1ec7n \u00e1p v\u1eadn h\u00e0nh (AC\/DC):<\/strong>\u00a024 V -10% &#8230; +10%<\/li>\n<li><strong>\u0110i\u1ec7n \u00e1p c\u00e1ch \u0111i\u1ec7n \u0111\u1ecbnh m\u1ee9c (Ui):<\/strong>\u00a0250 V<\/li>\n<li><strong>\u0110i\u1ec7n \u00e1p ch\u1ecbu \u0111\u1ef1ng xung \u0111\u1ecbnh m\u1ee9c (Uimp):<\/strong>\n<ul>\n<li><strong>Kho\u1ea3ng c\u00e1ch r\u00f2 \/ Kho\u1ea3ng h\u1edf:<\/strong>\u00a04 kV<\/li>\n<\/ul>\n<\/li>\n<li><strong>Lo\u1ea1i qu\u00e1 \u00e1p (theo IEC EN 60664-1):<\/strong>\u00a03<\/li>\n<li><strong>B\u1ea3o v\u1ec7 ng\u01b0\u1ee3c c\u1ef1c:<\/strong>\u00a0\u00c1p d\u1ee5ng cho phi\u00ean b\u1ea3n UB = 24V DC<\/li>\n<li><strong>C\u00f4ng su\u1ea5t ti\u00eau th\u1ee5:<\/strong>\n<ul>\n<li><strong>\u1ede 24V DC:<\/strong>\u00a01,5 W<\/li>\n<\/ul>\n<\/li>\n<li><strong>M\u1ee9c \u0111\u1ed9 \u00f4 nhi\u1ec5m (theo ti\u00eau chu\u1ea9n EN 60947-1):<\/strong>\u00a02<\/li>\n<li><strong>Ti\u1ebft di\u1ec7n d\u00e2y d\u1eabn k\u1ebft n\u1ed1i:<\/strong>\u00a00,14 &#8230; 2,5 mm\u00b2<\/li>\n<li><strong>\u0110i\u1ec7n \u00e1p th\u1eed nghi\u1ec7m:<\/strong>\n<ul>\n<li><strong>H\u1ec7 th\u1ed1ng \u0111i\u1ec1u khi\u1ec3n \/ Ti\u1ebfp \u0111i\u1ec3m:<\/strong>\u00a02,5 kV<\/li>\n<\/ul>\n<\/li>\n<\/ul>\n<p><strong>\u0110i\u1ec7n \u00c1p \u0110i\u1ec1u Khi\u1ec3n:<\/strong><\/p>\n<ul>\n<li><strong>T\u1ea1i S11:<\/strong>\u00a024 V (Kho\u1ea3ng: 18,6 &#8230; 26 V) N\u00fat kh\u1edfi \u0111\u1ed9ng<\/li>\n<li><strong>D\u00f2ng \u0111i\u1ec7n \u0111i\u1ec1u khi\u1ec3n:<\/strong>\n<ul>\n<li><strong>S11 &#8230; S14:<\/strong>\u00a040 mA<\/li>\n<\/ul>\n<\/li>\n<\/ul>\n<p><strong>Ch\u1ec9 B\u00e1o LED:<\/strong><\/p>\n<ul>\n<li><strong>S\u1ed1 l\u01b0\u1ee3ng \u0111\u00e8n ch\u1ec9 b\u00e1o:<\/strong>\u00a02 \u0111\u00e8n tr\u1ea1ng th\u00e1i (m\u00e0u xanh l\u00e1) cho r\u01a1-le K1 v\u00e0 K2<\/li>\n<\/ul>\n<p><strong>Ti\u1ebfp \u0110i\u1ec3m An To\u00e0n (13\/14, 23\/24):<\/strong><\/p>\n<ul>\n<li><strong>Lo\u1ea1i \u0111\u1ea7u ra:<\/strong>\n<ul>\n<li><strong>NO:<\/strong>\u00a0Ti\u1ebfp \u0111i\u1ec3m r\u01a1-le, tr\u00f4i n\u1ed5i v\u00e0 \u0111i\u1ec1u khi\u1ec3n t\u00edch c\u1ef1c (d\u1ef1 ph\u00f2ng)<\/li>\n<\/ul>\n<\/li>\n<li><strong>\u0110i\u1ec7n \u00e1p chuy\u1ec3n m\u1ea1ch:<\/strong>\n<ul>\n<li><strong>AC:<\/strong>\u00a0T\u1ed1i \u0111a 250 V<\/li>\n<li><strong>DC:<\/strong>\u00a0T\u1ed1i \u0111a 24 V<\/li>\n<\/ul>\n<\/li>\n<li><strong>D\u00f2ng \u0111i\u1ec7n chuy\u1ec3n m\u1ea1ch:<\/strong>\n<ul>\n<li><strong>T\u1ed1i thi\u1ec3u:<\/strong>\u00a020 mA \u1edf 24V<\/li>\n<\/ul>\n<\/li>\n<\/ul>\n<p><strong>C\u1ea7u Ch\u00ec:<\/strong><\/p>\n<ul>\n<li><strong>C\u1ea7u ch\u00ec ti\u1ebfp \u0111i\u1ec3m ngo\u00e0i (m\u1ea1ch an to\u00e0n, theo IEC 60269-1):<\/strong>\u00a010A gG<\/li>\n<\/ul>\n<p><strong>Danh M\u1ee5c S\u1eed D\u1ee5ng (theo EN 60947-5-1):<\/strong><\/p>\n<ul>\n<li><strong>AC-15:<\/strong>\u00a03A, 250V<\/li>\n<li><strong>DC-13:<\/strong>\u00a03A, 24V<\/li>\n<li><strong>AC-12:<\/strong>\u00a06A t\u1ea3i thu\u1ea7n tr\u1edf, 250V<\/li>\n<li><strong>DC-12:<\/strong>\u00a06A t\u1ea3i thu\u1ea7n tr\u1edf, 24V<\/li>\n<\/ul>\n<p><strong>Kh\u1ea3 N\u0103ng Ng\u1eaft M\u1ea1ch (UL):<\/strong><\/p>\n<ul>\n<li><strong>M\u1ed7i ti\u1ebfp \u0111i\u1ec3m:<\/strong>\u00a06A t\u1ea1i 250V AC \/ 2A t\u1ea1i 24V DC<\/li>\n<\/ul>\n<h2><strong>\u0110\u1eb7c \u0111i\u1ec3m\u00a0ESM-BA201<\/strong><\/h2>\n<p>Relay an to\u00e0n\u00a0<strong>ESM-BA201 Euchner<\/strong>\u00a0l\u00e0 m\u1ed9t gi\u1ea3i ph\u00e1p \u01b0u vi\u1ec7t trong l\u0129nh v\u1ef1c t\u1ef1 \u0111\u1ed9ng h\u00f3a v\u00e0 an to\u00e0n c\u00f4ng nghi\u1ec7p, s\u1edf h\u1eefu nhi\u1ec1u \u0111i\u1ec3m m\u1ea1nh n\u1ed5i b\u1eadt, gi\u00fap n\u00e2ng cao \u0111\u1ed9 tin c\u1eady v\u00e0 hi\u1ec7u qu\u1ea3 v\u1eadn h\u00e0nh. C\u00e1c \u01b0u \u0111i\u1ec3m ch\u00ednh bao g\u1ed3m:<\/p>\n<h3>1.\u00a0<strong>\u0110\u1ea3m B\u1ea3o An To\u00e0n Tuy\u1ec7t \u0110\u1ed1i:<\/strong><\/h3>\n<ul>\n<li>ESM-BA201 \u0111\u01b0\u1ee3c thi\u1ebft k\u1ebf v\u1edbi hai ti\u1ebfp \u0111i\u1ec3m an to\u00e0n \u0111\u1ed9c l\u1eadp, \u0111\u1ea3m b\u1ea3o vi\u1ec7c gi\u00e1m s\u00e1t v\u00e0 ng\u1eaft m\u1ea1ch nhanh ch\u00f3ng khi ph\u00e1t hi\u1ec7n l\u1ed7i, gi\u00fap ng\u0103n ng\u1eeba s\u1ef1 c\u1ed1 nguy hi\u1ec3m cho ng\u01b0\u1eddi v\u00e0 thi\u1ebft b\u1ecb.<\/li>\n<\/ul>\n<h3>2.\u00a0<strong>Thi\u1ebft K\u1ebf Ch\u1eafc Ch\u1eafn v\u00e0 \u0110\u1ed9 B\u1ec1n Cao:<\/strong><\/h3>\n<ul>\n<li>V\u1ecf b\u1ecdc Polyamide PA6.6 v\u1edbi kh\u1ea3 n\u0103ng ch\u1ed1ng ch\u1ecbu va \u0111\u1eadp v\u00e0 m\u00f4i tr\u01b0\u1eddng kh\u1eafc nghi\u1ec7t, c\u00f9ng tu\u1ed5i th\u1ecd c\u01a1 h\u1ecdc l\u00ean \u0111\u1ebfn 10 tri\u1ec7u chu k\u1ef3 v\u1eadn h\u00e0nh, gi\u00fap thi\u1ebft b\u1ecb ho\u1ea1t \u0111\u1ed9ng b\u1ec1n b\u1ec9 v\u00e0 \u1ed5n \u0111\u1ecbnh trong th\u1eddi gian d\u00e0i.<\/li>\n<\/ul>\n<h3>3.\u00a0<strong>Kh\u1ea3 N\u0103ng Ch\u1ecbu Nhi\u1ec7t v\u00e0 Bi\u1ebfn Thi\u00ean \u0110i\u1ec7n \u00c1p:<\/strong><\/h3>\n<ul>\n<li>S\u1ea3n ph\u1ea9m ho\u1ea1t \u0111\u1ed9ng t\u1ed1t trong kho\u1ea3ng nhi\u1ec7t \u0111\u1ed9 r\u1ed9ng t\u1eeb -15\u00b0C \u0111\u1ebfn 60\u00b0C (\u1edf DC) v\u00e0 c\u00f3 kh\u1ea3 n\u0103ng ch\u1ed1ng qu\u00e1 \u00e1p l\u00ean \u0111\u1ebfn 4 kV, ph\u00f9 h\u1ee3p v\u1edbi c\u00e1c m\u00f4i tr\u01b0\u1eddng c\u00f4ng nghi\u1ec7p c\u00f3 \u0111i\u1ec1u ki\u1ec7n \u0111i\u1ec7n \u00e1p dao \u0111\u1ed9ng ph\u1ee9c t\u1ea1p.<\/li>\n<\/ul>\n<h3>4.\u00a0<strong>Linh Ho\u1ea1t v\u00e0 D\u1ec5 T\u00edch H\u1ee3p:<\/strong><\/h3>\n<ul>\n<li>C\u00f3 kh\u1ea3 n\u0103ng v\u1eadn h\u00e0nh \u1edf c\u1ea3 \u0111i\u1ec7n \u00e1p AC v\u00e0 DC, ESM-BA201 d\u1ec5 d\u00e0ng t\u00edch h\u1ee3p v\u00e0o c\u00e1c h\u1ec7 th\u1ed1ng \u0111i\u1ec1u khi\u1ec3n hi\u1ec7n \u0111\u1ea1i v\u00e0 t\u01b0\u01a1ng th\u00edch v\u1edbi nhi\u1ec1u c\u1ea5u h\u00ecnh kh\u00e1c nhau.<\/li>\n<\/ul>\n<h3>5.\u00a0<strong>Ti\u1ebft Ki\u1ec7m Chi Ph\u00ed B\u1ea3o Tr\u00ec:<\/strong><\/h3>\n<ul>\n<li>Tu\u1ed5i th\u1ecd c\u01a1 h\u1ecdc d\u00e0i c\u00f9ng kh\u1ea3 n\u0103ng ho\u1ea1t \u0111\u1ed9ng b\u1ec1n b\u1ec9 gi\u00fap gi\u1ea3m thi\u1ec3u th\u1eddi gian b\u1ea3o tr\u00ec, t\u0103ng th\u1eddi gian v\u1eadn h\u00e0nh li\u00ean t\u1ee5c v\u00e0 t\u1ed1i \u01b0u h\u00f3a chi ph\u00ed cho doanh nghi\u1ec7p.<\/li>\n<\/ul>\n<h3>6.\u00a0<strong>L\u1eafp \u0110\u1eb7t Nhanh Ch\u00f3ng v\u00e0 Ti\u1ec7n L\u1ee3i:<\/strong><\/h3>\n<ul>\n<li>\u0110\u01b0\u1ee3c thi\u1ebft k\u1ebf \u0111\u1ec3 g\u1eafn tr\u00ean thanh ray theo ti\u00eau chu\u1ea9n DIN EN 60715 TH35, thi\u1ebft b\u1ecb n\u00e0y gi\u00fap vi\u1ec7c l\u1eafp \u0111\u1eb7t tr\u1edf n\u00ean \u0111\u01a1n gi\u1ea3n, ti\u1ebft ki\u1ec7m kh\u00f4ng gian, v\u00e0 d\u1ec5 d\u00e0ng thay th\u1ebf khi c\u1ea7n thi\u1ebft.<\/li>\n<\/ul>\n<h3>7.\u00a0<strong>Hi\u1ec3n Th\u1ecb Tr\u1ef1c Quan v\u1edbi \u0110\u00e8n LED T\u00edch H\u1ee3p:<\/strong><\/h3>\n<ul>\n<li>T\u00edch h\u1ee3p \u0111\u00e8n LED b\u00e1o tr\u1ea1ng th\u00e1i cho t\u1eebng r\u01a1-le, gi\u00fap ng\u01b0\u1eddi d\u00f9ng d\u1ec5 d\u00e0ng theo d\u00f5i ho\u1ea1t \u0111\u1ed9ng c\u1ee7a thi\u1ebft b\u1ecb v\u00e0 ph\u00e1t hi\u1ec7n nhanh c\u00e1c v\u1ea5n \u0111\u1ec1 n\u1ebfu c\u00f3.<\/li>\n<\/ul>\n<h3>8.\u00a0<strong>\u1ee8ng D\u1ee5ng \u0110a D\u1ea1ng trong C\u00f4ng Nghi\u1ec7p:<\/strong><\/h3>\n<ul>\n<li>Ph\u00f9 h\u1ee3p cho c\u00e1c h\u1ec7 th\u1ed1ng an to\u00e0n trong d\u00e2y chuy\u1ec1n s\u1ea3n xu\u1ea5t, h\u1ec7 th\u1ed1ng m\u00e1y m\u00f3c t\u1ef1 \u0111\u1ed9ng, v\u00e0 c\u00e1c gi\u1ea3i ph\u00e1p \u0111i\u1ec1u khi\u1ec3n c\u00f4ng nghi\u1ec7p \u0111\u00f2i h\u1ecfi \u0111\u1ed9 ch\u00ednh x\u00e1c v\u00e0 an to\u00e0n cao.<\/li>\n<\/ul>\n<p>Nh\u1edd h\u1ed9i t\u1ee5 c\u00e1c \u01b0u \u0111i\u1ec3m tr\u00ean, relay an to\u00e0n\u00a0<strong>ESM-BA201 Euchner<\/strong>\u00a0kh\u00f4ng ch\u1ec9 mang l\u1ea1i \u0111\u1ed9 tin c\u1eady cao m\u00e0 c\u00f2n gi\u00fap t\u1ed1i \u01b0u h\u00f3a chi ph\u00ed v\u1eadn h\u00e0nh, l\u00e0 l\u1ef1a ch\u1ecdn l\u00fd t\u01b0\u1edfng cho c\u00e1c h\u1ec7 th\u1ed1ng an to\u00e0n trong m\u00f4i tr\u01b0\u1eddng c\u00f4ng nghi\u1ec7p hi\u1ec7n \u0111\u1ea1i.<\/p>\n","protected":false},"excerpt":{"rendered":"<p>EUCHNER ESM-BA201 085610 ESM-BA201 AC\/DC 24 V, ESM-BA202 AC 115V, ESM-BA203 AC 230 V Th\u00f4ng s\u1ed1 k\u1ef9 thu\u1eadt: ESM-BA201 Euchner Th\u00f4ng S\u1ed1 C\u01a1 H\u1ecdc v\u00e0 M\u00f4i Tr\u01b0\u1eddng: Ch\u1ea5t li\u1ec7u v\u1ecf:\u00a0Polyamide PA6.6 Lo\u1ea1i v\u1ecf:\u00a0Polyamide PA6.6 Kh\u1ed1i l\u01b0\u1ee3ng: Kh\u1ed1i l\u01b0\u1ee3ng t\u1ecbnh:\u00a00,23 kg Nhi\u1ec7t \u0111\u1ed9 m\u00f4i tr\u01b0\u1eddng: \u1ede UB = 24V AC:\u00a0-15\u00b0C \u0111\u1ebfn&hellip; <\/p>\n","protected":false},"featured_media":4154,"comment_status":"open","ping_status":"closed","template":"","meta":[],"product_cat":[796],"product_tag":[798,797,161],"class_list":{"0":"post-4153","1":"product","2":"type-product","3":"status-publish","4":"has-post-thumbnail","6":"product_cat-euchner","7":"product_tag-dai-ly-euchner-viet-nam","8":"product_tag-euchner-viet-nam","9":"product_tag-ro-le","11":"first","12":"instock","13":"shipping-taxable","14":"product-type-simple"},"yoast_head":"<!-- This site is optimized with the Yoast SEO plugin v22.8 - https:\/\/yoast.com\/wordpress\/plugins\/seo\/ -->\n<title>EUCHNER ESM-BA201 - OMANI VI\u1ec6T NAM<\/title>\n<meta name=\"description\" content=\"EUCHNER ESM-BA201 Emergency Stop Safety Relay\" \/>\n<meta name=\"robots\" content=\"index, follow, max-snippet:-1, max-image-preview:large, max-video-preview:-1\" \/>\n<link rel=\"canonical\" href=\"https:\/\/omanivietnam.com\/index.php\/san-pham\/euchner-esm-ba201\/\" \/>\n<meta property=\"og:locale\" content=\"vi_VN\" \/>\n<meta property=\"og:type\" content=\"article\" \/>\n<meta property=\"og:title\" content=\"EUCHNER ESM-BA201 - OMANI VI\u1ec6T NAM\" \/>\n<meta property=\"og:description\" content=\"EUCHNER ESM-BA201 Emergency Stop Safety Relay\" \/>\n<meta property=\"og:url\" content=\"https:\/\/omanivietnam.com\/index.php\/san-pham\/euchner-esm-ba201\/\" \/>\n<meta property=\"og:site_name\" content=\"OMANI VI\u1ec6T NAM\" \/>\n<meta property=\"article:modified_time\" content=\"2025-07-20T13:12:34+00:00\" \/>\n<meta property=\"og:image\" content=\"https:\/\/omanivietnam.com\/wp-content\/uploads\/2025\/07\/ESM-BA201.png\" \/>\n\t<meta property=\"og:image:width\" content=\"493\" \/>\n\t<meta property=\"og:image:height\" content=\"485\" \/>\n\t<meta property=\"og:image:type\" content=\"image\/png\" \/>\n<meta name=\"twitter:card\" content=\"summary_large_image\" \/>\n<meta name=\"twitter:label1\" content=\"\u01af\u1edbc t\u00ednh th\u1eddi gian \u0111\u1ecdc\" \/>\n\t<meta name=\"twitter:data1\" content=\"5 ph\u00fat\" \/>\n<script type=\"application\/ld+json\" class=\"yoast-schema-graph\">{\"@context\":\"https:\/\/schema.org\",\"@graph\":[{\"@type\":\"WebPage\",\"@id\":\"https:\/\/omanivietnam.com\/index.php\/san-pham\/euchner-esm-ba201\/\",\"url\":\"https:\/\/omanivietnam.com\/index.php\/san-pham\/euchner-esm-ba201\/\",\"name\":\"EUCHNER ESM-BA201 - OMANI VI\u1ec6T NAM\",\"isPartOf\":{\"@id\":\"https:\/\/omanivietnam.com\/#website\"},\"primaryImageOfPage\":{\"@id\":\"https:\/\/omanivietnam.com\/index.php\/san-pham\/euchner-esm-ba201\/#primaryimage\"},\"image\":{\"@id\":\"https:\/\/omanivietnam.com\/index.php\/san-pham\/euchner-esm-ba201\/#primaryimage\"},\"thumbnailUrl\":\"https:\/\/omanivietnam.com\/wp-content\/uploads\/2025\/07\/ESM-BA201.png\",\"datePublished\":\"2025-07-20T10:38:06+00:00\",\"dateModified\":\"2025-07-20T13:12:34+00:00\",\"description\":\"EUCHNER ESM-BA201 Emergency Stop Safety Relay\",\"breadcrumb\":{\"@id\":\"https:\/\/omanivietnam.com\/index.php\/san-pham\/euchner-esm-ba201\/#breadcrumb\"},\"inLanguage\":\"vi\",\"potentialAction\":[{\"@type\":\"ReadAction\",\"target\":[\"https:\/\/omanivietnam.com\/index.php\/san-pham\/euchner-esm-ba201\/\"]}]},{\"@type\":\"ImageObject\",\"inLanguage\":\"vi\",\"@id\":\"https:\/\/omanivietnam.com\/index.php\/san-pham\/euchner-esm-ba201\/#primaryimage\",\"url\":\"https:\/\/omanivietnam.com\/wp-content\/uploads\/2025\/07\/ESM-BA201.png\",\"contentUrl\":\"https:\/\/omanivietnam.com\/wp-content\/uploads\/2025\/07\/ESM-BA201.png\",\"width\":493,\"height\":485},{\"@type\":\"BreadcrumbList\",\"@id\":\"https:\/\/omanivietnam.com\/index.php\/san-pham\/euchner-esm-ba201\/#breadcrumb\",\"itemListElement\":[{\"@type\":\"ListItem\",\"position\":1,\"name\":\"Home\",\"item\":\"https:\/\/omanivietnam.com\/\"},{\"@type\":\"ListItem\",\"position\":2,\"name\":\"S\u1ea2N PH\u1ea8M\",\"item\":\"https:\/\/omanivietnam.com\/index.php\/cua-hang\/\"},{\"@type\":\"ListItem\",\"position\":3,\"name\":\"EUCHNER ESM-BA201\"}]},{\"@type\":\"WebSite\",\"@id\":\"https:\/\/omanivietnam.com\/#website\",\"url\":\"https:\/\/omanivietnam.com\/\",\"name\":\"OMANI VI\u1ec6T NAM\",\"description\":\"Nh\u00e0 ph\u00e2n ph\u1ed1i thi\u1ebft b\u1ecb kh\u00ed n\u00e9n v\u00e0 thi\u1ebft b\u1ecb t\u1ef1 \u0111\u1ed9ng h\u00f3a trong c\u00f4ng nghi\u1ec7p\",\"publisher\":{\"@id\":\"https:\/\/omanivietnam.com\/#\/schema\/person\/0ad398a980dc3fd696111c2c5c8fa897\"},\"potentialAction\":[{\"@type\":\"SearchAction\",\"target\":{\"@type\":\"EntryPoint\",\"urlTemplate\":\"https:\/\/omanivietnam.com\/?s={search_term_string}\"},\"query-input\":\"required name=search_term_string\"}],\"inLanguage\":\"vi\"},{\"@type\":[\"Person\",\"Organization\"],\"@id\":\"https:\/\/omanivietnam.com\/#\/schema\/person\/0ad398a980dc3fd696111c2c5c8fa897\",\"name\":\"Nguy\u1ec5n V\u0103n Kh\u00e1nh\",\"image\":{\"@type\":\"ImageObject\",\"inLanguage\":\"vi\",\"@id\":\"https:\/\/omanivietnam.com\/#\/schema\/person\/image\/\",\"url\":\"https:\/\/omanivietnam.com\/wp-content\/uploads\/2024\/06\/logo-1024x1024.png\",\"contentUrl\":\"https:\/\/omanivietnam.com\/wp-content\/uploads\/2024\/06\/logo-1024x1024.png\",\"width\":1024,\"height\":1024,\"caption\":\"Nguy\u1ec5n V\u0103n Kh\u00e1nh\"},\"logo\":{\"@id\":\"https:\/\/omanivietnam.com\/#\/schema\/person\/image\/\"},\"sameAs\":[\"https:\/\/omanivietnam.com\"]}]}<\/script>\n<!-- \/ Yoast SEO plugin. -->","yoast_head_json":{"title":"EUCHNER ESM-BA201 - OMANI VI\u1ec6T NAM","description":"EUCHNER ESM-BA201 Emergency Stop Safety Relay","robots":{"index":"index","follow":"follow","max-snippet":"max-snippet:-1","max-image-preview":"max-image-preview:large","max-video-preview":"max-video-preview:-1"},"canonical":"https:\/\/omanivietnam.com\/index.php\/san-pham\/euchner-esm-ba201\/","og_locale":"vi_VN","og_type":"article","og_title":"EUCHNER ESM-BA201 - OMANI VI\u1ec6T NAM","og_description":"EUCHNER ESM-BA201 Emergency Stop Safety Relay","og_url":"https:\/\/omanivietnam.com\/index.php\/san-pham\/euchner-esm-ba201\/","og_site_name":"OMANI VI\u1ec6T NAM","article_modified_time":"2025-07-20T13:12:34+00:00","og_image":[{"width":493,"height":485,"url":"https:\/\/omanivietnam.com\/wp-content\/uploads\/2025\/07\/ESM-BA201.png","type":"image\/png"}],"twitter_card":"summary_large_image","twitter_misc":{"\u01af\u1edbc t\u00ednh th\u1eddi gian \u0111\u1ecdc":"5 ph\u00fat"},"schema":{"@context":"https:\/\/schema.org","@graph":[{"@type":"WebPage","@id":"https:\/\/omanivietnam.com\/index.php\/san-pham\/euchner-esm-ba201\/","url":"https:\/\/omanivietnam.com\/index.php\/san-pham\/euchner-esm-ba201\/","name":"EUCHNER ESM-BA201 - OMANI VI\u1ec6T NAM","isPartOf":{"@id":"https:\/\/omanivietnam.com\/#website"},"primaryImageOfPage":{"@id":"https:\/\/omanivietnam.com\/index.php\/san-pham\/euchner-esm-ba201\/#primaryimage"},"image":{"@id":"https:\/\/omanivietnam.com\/index.php\/san-pham\/euchner-esm-ba201\/#primaryimage"},"thumbnailUrl":"https:\/\/omanivietnam.com\/wp-content\/uploads\/2025\/07\/ESM-BA201.png","datePublished":"2025-07-20T10:38:06+00:00","dateModified":"2025-07-20T13:12:34+00:00","description":"EUCHNER ESM-BA201 Emergency Stop Safety Relay","breadcrumb":{"@id":"https:\/\/omanivietnam.com\/index.php\/san-pham\/euchner-esm-ba201\/#breadcrumb"},"inLanguage":"vi","potentialAction":[{"@type":"ReadAction","target":["https:\/\/omanivietnam.com\/index.php\/san-pham\/euchner-esm-ba201\/"]}]},{"@type":"ImageObject","inLanguage":"vi","@id":"https:\/\/omanivietnam.com\/index.php\/san-pham\/euchner-esm-ba201\/#primaryimage","url":"https:\/\/omanivietnam.com\/wp-content\/uploads\/2025\/07\/ESM-BA201.png","contentUrl":"https:\/\/omanivietnam.com\/wp-content\/uploads\/2025\/07\/ESM-BA201.png","width":493,"height":485},{"@type":"BreadcrumbList","@id":"https:\/\/omanivietnam.com\/index.php\/san-pham\/euchner-esm-ba201\/#breadcrumb","itemListElement":[{"@type":"ListItem","position":1,"name":"Home","item":"https:\/\/omanivietnam.com\/"},{"@type":"ListItem","position":2,"name":"S\u1ea2N PH\u1ea8M","item":"https:\/\/omanivietnam.com\/index.php\/cua-hang\/"},{"@type":"ListItem","position":3,"name":"EUCHNER ESM-BA201"}]},{"@type":"WebSite","@id":"https:\/\/omanivietnam.com\/#website","url":"https:\/\/omanivietnam.com\/","name":"OMANI VI\u1ec6T NAM","description":"Nh\u00e0 ph\u00e2n ph\u1ed1i thi\u1ebft b\u1ecb kh\u00ed n\u00e9n v\u00e0 thi\u1ebft b\u1ecb t\u1ef1 \u0111\u1ed9ng h\u00f3a trong c\u00f4ng nghi\u1ec7p","publisher":{"@id":"https:\/\/omanivietnam.com\/#\/schema\/person\/0ad398a980dc3fd696111c2c5c8fa897"},"potentialAction":[{"@type":"SearchAction","target":{"@type":"EntryPoint","urlTemplate":"https:\/\/omanivietnam.com\/?s={search_term_string}"},"query-input":"required name=search_term_string"}],"inLanguage":"vi"},{"@type":["Person","Organization"],"@id":"https:\/\/omanivietnam.com\/#\/schema\/person\/0ad398a980dc3fd696111c2c5c8fa897","name":"Nguy\u1ec5n V\u0103n Kh\u00e1nh","image":{"@type":"ImageObject","inLanguage":"vi","@id":"https:\/\/omanivietnam.com\/#\/schema\/person\/image\/","url":"https:\/\/omanivietnam.com\/wp-content\/uploads\/2024\/06\/logo-1024x1024.png","contentUrl":"https:\/\/omanivietnam.com\/wp-content\/uploads\/2024\/06\/logo-1024x1024.png","width":1024,"height":1024,"caption":"Nguy\u1ec5n V\u0103n Kh\u00e1nh"},"logo":{"@id":"https:\/\/omanivietnam.com\/#\/schema\/person\/image\/"},"sameAs":["https:\/\/omanivietnam.com"]}]}},"_links":{"self":[{"href":"https:\/\/omanivietnam.com\/index.php\/wp-json\/wp\/v2\/product\/4153","targetHints":{"allow":["GET"]}}],"collection":[{"href":"https:\/\/omanivietnam.com\/index.php\/wp-json\/wp\/v2\/product"}],"about":[{"href":"https:\/\/omanivietnam.com\/index.php\/wp-json\/wp\/v2\/types\/product"}],"replies":[{"embeddable":true,"href":"https:\/\/omanivietnam.com\/index.php\/wp-json\/wp\/v2\/comments?post=4153"}],"wp:featuredmedia":[{"embeddable":true,"href":"https:\/\/omanivietnam.com\/index.php\/wp-json\/wp\/v2\/media\/4154"}],"wp:attachment":[{"href":"https:\/\/omanivietnam.com\/index.php\/wp-json\/wp\/v2\/media?parent=4153"}],"wp:term":[{"taxonomy":"product_cat","embeddable":true,"href":"https:\/\/omanivietnam.com\/index.php\/wp-json\/wp\/v2\/product_cat?post=4153"},{"taxonomy":"product_tag","embeddable":true,"href":"https:\/\/omanivietnam.com\/index.php\/wp-json\/wp\/v2\/product_tag?post=4153"}],"curies":[{"name":"wp","href":"https:\/\/api.w.org\/{rel}","templated":true}]}}