{"id":4176,"date":"2025-07-23T21:48:35","date_gmt":"2025-07-23T14:48:35","guid":{"rendered":"https:\/\/omanivietnam.com\/?post_type=product&#038;p=4176"},"modified":"2025-07-23T21:48:35","modified_gmt":"2025-07-23T14:48:35","slug":"allen-bradley-1783-us8t-2","status":"publish","type":"product","link":"https:\/\/omanivietnam.com\/index.php\/san-pham\/allen-bradley-1783-us8t-2\/","title":{"rendered":"ALLEN BRADLEY 1783-US8T"},"content":{"rendered":"<p>ALLEN BRADLEY 1783-US8T<\/p>\n<p>C\u00e1c s\u1ea3n ph\u1ea9m kh\u00e1c c\u00f9ng lo\u1ea1i<\/p>\n<p>M\u1ed9t s\u1ed1 m\u00e3 PLC Controller c\u00f9ng d\u00f2ng 1756-L72:\u00a01756-L61, 1756-L62, 1756-L63, 1756-L64, 1756-L65 1756-L71, 1756-L73, 1756-L74, 1756-L75.<\/p>\n<p>1756-L61, 1756-L62, 1756-L63, 1756-L64, 1756-L65, 1756-L71, 1756-L72, 1756-L73, 1756-L74, 1756-L75, 1756-L81E, 1756-L82E, 1756-L83E, 1756-L84E, 1756-L85E<\/p>\n<h2 class=\"title-product item_name\">\u00a0Allen-Bradley 1783-US8T<\/h2>\n<p>B\u1ed9 chuy\u1ec3n m\u1ea1ch Allen-Bradley 1783-US8T l\u00e0 m\u1ed9t switch m\u1ea1ng Ethernet c\u00f4ng nghi\u1ec7p, th\u01b0\u1eddng \u0111\u01b0\u1ee3c s\u1eed d\u1ee5ng trong c\u00e1c h\u1ec7 th\u1ed1ng \u0111i\u1ec1u khi\u1ec3n t\u1ef1 \u0111\u1ed9ng v\u00e0 c\u00e1c \u1ee9ng d\u1ee5ng c\u00f4ng nghi\u1ec7p. \u0110\u00e2y l\u00e0 m\u1ed9t s\u1ea3n ph\u1ea9m c\u1ee7a Rockwell Automation v\u00e0 c\u00f3 nh\u1eefng \u0111\u1eb7c \u0111i\u1ec3m n\u1ed5i b\u1eadt sau:<\/p>\n<ol>\n<li><strong>S\u1ed1 c\u1ed5ng<\/strong>: 8 c\u1ed5ng Ethernet 10\/100 Mbps.<\/li>\n<li><strong>Ki\u1ec3u k\u1ebft n\u1ed1i<\/strong>: RJ45, cho ph\u00e9p k\u1ebft n\u1ed1i v\u1edbi c\u00e1c thi\u1ebft b\u1ecb m\u1ea1ng qua c\u00e1p Ethernet.<\/li>\n<li><strong>Ch\u1ee9c n\u0103ng<\/strong>: B\u1ed9 chuy\u1ec3n m\u1ea1ch n\u00e0y h\u1ed7 tr\u1ee3 ch\u1ee9c n\u0103ng chuy\u1ec3n m\u1ea1ch kh\u00f4ng qu\u1ea3n l\u00fd (unmanaged switch), ngh\u0129a l\u00e0 n\u00f3 kh\u00f4ng c\u1ea7n c\u1ea5u h\u00ecnh v\u00e0 c\u00f3 th\u1ec3 ho\u1ea1t \u0111\u1ed9ng ngay sau khi k\u1ebft n\u1ed1i.<\/li>\n<li><strong>Ch\u1ed1ng nhi\u1ec5u v\u00e0 b\u1ec1n b\u1ec9<\/strong>: Thi\u1ebft k\u1ebf c\u00f4ng nghi\u1ec7p gi\u00fap b\u1ea3o v\u1ec7 switch kh\u1ecfi c\u00e1c \u0111i\u1ec1u ki\u1ec7n m\u00f4i tr\u01b0\u1eddng kh\u1eafc nghi\u1ec7t, nh\u01b0 rung \u0111\u1ed9ng, nhi\u1ec7t \u0111\u1ed9 cao v\u00e0 nhi\u1ec5u \u0111i\u1ec7n t\u1eeb.<\/li>\n<li><strong>T\u00ednh n\u0103ng<\/strong>: H\u1ed7 tr\u1ee3 t\u1ef1 \u0111\u1ed9ng ph\u00e2n lo\u1ea1i v\u00e0 truy\u1ec1n d\u1eef li\u1ec7u m\u1ed9t c\u00e1ch hi\u1ec7u qu\u1ea3, gi\u00fap gi\u1ea3m thi\u1ec3u t\u1eafc ngh\u1ebdn m\u1ea1ng v\u00e0 c\u1ea3i thi\u1ec7n hi\u1ec7u su\u1ea5t t\u1ed5ng th\u1ec3.<\/li>\n<\/ol>\n<p>B\u1ed9 chuy\u1ec3n m\u1ea1ch n\u00e0y th\u01b0\u1eddng \u0111\u01b0\u1ee3c s\u1eed d\u1ee5ng trong c\u00e1c \u1ee9ng d\u1ee5ng y\u00eau c\u1ea7u \u0111\u1ed9 tin c\u1eady cao v\u00e0 ho\u1ea1t \u0111\u1ed9ng li\u00ean t\u1ee5c, ch\u1eb3ng h\u1ea1n nh\u01b0 trong c\u00e1c h\u1ec7 th\u1ed1ng t\u1ef1 \u0111\u1ed9ng h\u00f3a, nh\u00e0 m\u00e1y s\u1ea3n xu\u1ea5t, ho\u1eb7c c\u00e1c c\u01a1 s\u1edf h\u1ea1 t\u1ea7ng c\u00f4ng nghi\u1ec7p.<\/p>\n<p class=\"title-product item_name\">B\u1ed9 chuy\u1ec3n m\u1ea1ch Allen-Bradley 1783-US8T<\/p>\n<h3>1. Stratix 2000 8T Port Unmanaged Switch Allen-Bradley 1783-US8T:<\/h3>\n<div>\n<div class=\"product-summary product_description\">\n<div class=\"rte description\">\n<p>Nh\u00e3n hi\u1ec7u\/Nh\u00e0 s\u1ea3n xu\u1ea5t: Allen Bradley.<br \/>\nModel : Stratix\u00ae 2000.<br \/>\nG\u1ed3m 8 c\u1ed5ng LAN.<br \/>\nT\u1ed1c \u0111\u1ed9 truy\u1ec1n d\u1eef li\u1ec7u: 105 ms. \u0110i\u1ec7n \u00e1p ngu\u1ed3n: 12 t\u1edbi 48 VDC, 18 t\u1edbi 30 VAC, 250 mA.<br \/>\nD\u00e0i \u2013 r\u1ed9ng \u2013 cao: 5.31 in \u2013 4.19 in \u2013 2.11 in. Ki\u1ec3u g\u1eafn: DIN Rail Mount. \u0110\u1ea1t ti\u00eau chu\u1ea9n : CE certified, IEC 60079-15, IEC 60079-0:2011, IEC 60079-15:2010, IECEx UL 16.0169X, IEC 60079-0.<br \/>\nTr\u1ecdng l\u01b0\u1ee3ng: 0.907 Kg. C\u1ea5p \u0111\u1ed9 b\u1ea3o v\u1ec7: IP30.<\/p>\n<h3>1783-US8T. Stratix 2000 8T Port Unmanaged Switch 1783-US8T:<\/h3>\n<div>\n<div class=\"product-summary product_description\">\n<div class=\"rte description\">\n<p>Nh\u00e3n hi\u1ec7u\/Nh\u00e0 s\u1ea3n xu\u1ea5t: Allen Bradley.<br \/>\nModel : Stratix\u00ae 2000.<br \/>\nG\u1ed3m 8 c\u1ed5ng LAN.<br \/>\nT\u1ed1c \u0111\u1ed9 truy\u1ec1n d\u1eef li\u1ec7u: 105 ms. \u0110i\u1ec7n \u00e1p ngu\u1ed3n: 12 t\u1edbi 48 VDC, 18 t\u1edbi 30 VAC, 250 mA.<br \/>\nD\u00e0i \u2013 r\u1ed9ng \u2013 cao: 5.31 in \u2013 4.19 in \u2013 2.11 in. Ki\u1ec3u g\u1eafn: DIN Rail Mount. \u0110\u1ea1t ti\u00eau chu\u1ea9n : CE certified, IEC 60079-15, IEC 60079-0:2011, IEC 60079-15:2010, IECEx UL 16.0169X, IEC 60079-0.<\/p>\n<p>Stratix 2000 8T Port Unmanaged Switch<\/p>\n<p>Allen-Bradley Industrial Unmanaged Switch, Series: Stratix\u00ae 2000, (8) Copper Port, Ethernet Protocol, 10 Mbps and 100 Mbps Copper Ports Forwarding Rate, 2 or 4-Pair Category 5\/5e Cable, RJ-45 Connector, 24 VAC\/VDC\/361 mA\/4.04 W Supply, IP30\/Open Enclosure, DIN Rail Mounting, 2.68 in Length<\/p>\n<table>\n<tbody>\n<tr>\n<td><b>Environmental Conditions\u00a0\u00a0\u00a0\u00a0\u00a0<\/b><\/td>\n<td>:<\/td>\n<td>IP20<\/td>\n<\/tr>\n<tr>\n<td><b>Operating Temperature\u00a0\u00a0\u00a0\u00a0\u00a0<\/b><\/td>\n<td>:<\/td>\n<td>0\u202660 \u00b0C (32\u2026140 \u00b0F)<\/td>\n<\/tr>\n<tr>\n<td><b>Port\u00a0\u00a0\u00a0\u00a0\u00a0<\/b><\/td>\n<td>:<\/td>\n<td>8<\/td>\n<\/tr>\n<tr>\n<td><b>Mounting\u00a0\u00a0\u00a0\u00a0\u00a0<\/b><\/td>\n<td>:<\/td>\n<td>Din Rail<\/td>\n<\/tr>\n<tr>\n<td><b>Type\u00a0\u00a0\u00a0\u00a0\u00a0<\/b><\/td>\n<td>:<\/td>\n<td>Unmanaged Switch<\/td>\n<\/tr>\n<tr>\n<td><b>WHSE RANK\u00a0\u00a0\u00a0\u00a0\u00a0<\/b><\/td>\n<td>:<\/td>\n<td>A<\/td>\n<\/tr>\n<tr>\n<td><b>ITConnectivity\u00a0\u00a0\u00a0\u00a0\u00a0<\/b><\/td>\n<td>:<\/td>\n<td>No<\/td>\n<\/tr>\n<tr>\n<td><b>Do you need routing capability..?\u00a0\u00a0\u00a0\u00a0\u00a0<\/b><\/td>\n<td>:<\/td>\n<td>No<\/td>\n<\/tr>\n<tr>\n<td><b>Do you Need PoE(Power Over Ethernet)\u00a0\u00a0\u00a0\u00a0\u00a0<\/b><\/td>\n<td>:<\/td>\n<td>No<\/td>\n<\/tr>\n<tr>\n<td><b>Network Media\u00a0\u00a0\u00a0\u00a0\u00a0<\/b><\/td>\n<td>:<\/td>\n<td>Male RJ45 to Male RJ45 Patchcord, Unshielded Twisted Pair, Teal TPE Cable, 1.9 m<\/td>\n<\/tr>\n<tr>\n<td><b>Sub Brand\u00a0\u00a0\u00a0\u00a0\u00a0<\/b><\/td>\n<td>:<\/td>\n<td>Stratix 2000<\/td>\n<\/tr>\n<tr>\n<td><b>Do you need any of these network services?\u00a0\u00a0\u00a0\u00a0\u00a0<\/b><\/td>\n<td>:<\/td>\n<td>None<\/td>\n<\/tr>\n<\/tbody>\n<\/table>\n<\/div>\n<h4><strong>M\u00e3 h\u00e0ng:<\/strong><\/h4>\n<table width=\"584\">\n<tbody>\n<tr>\n<td width=\"72\"><strong>\u00a0<\/strong><strong>Item<\/strong><\/td>\n<td width=\"126\"><strong>\u00a0<\/strong><strong>M\u00e3 h\u00e0ng<\/strong><\/td>\n<td width=\"386\"><strong>\u00a0<\/strong><strong>Th\u00f4ng tin M\u00f4 t\u1ea3<\/strong><\/td>\n<\/tr>\n<tr>\n<td width=\"72\">1<\/td>\n<td width=\"126\">1756L61<\/td>\n<td width=\"386\">ControlLogix 2 MB Memory Controller<\/td>\n<\/tr>\n<tr>\n<td width=\"72\">2<\/td>\n<td width=\"126\">1756L61S<\/td>\n<td width=\"386\">GuardLogix 2 MB Standard Mem Controller<\/td>\n<\/tr>\n<tr>\n<td width=\"72\">3<\/td>\n<td width=\"126\">1756L62<\/td>\n<td width=\"386\">ControlLogix 4 MB Memory Controller<\/td>\n<\/tr>\n<tr>\n<td width=\"72\">4<\/td>\n<td width=\"126\">1756L62S<\/td>\n<td width=\"386\">GuardLogix 4 MB Standard Mem Controller<\/td>\n<\/tr>\n<tr>\n<td width=\"72\">5<\/td>\n<td width=\"126\">1756L63<\/td>\n<td width=\"386\">ControlLogix 8 MB Memory Controller<\/td>\n<\/tr>\n<tr>\n<td width=\"72\">6<\/td>\n<td width=\"126\">1756L63S<\/td>\n<td width=\"386\">GuardLogix 8 MB Standard Mem Controller<\/td>\n<\/tr>\n<tr>\n<td width=\"72\">7<\/td>\n<td width=\"126\">1756L63XT<\/td>\n<td width=\"386\">ControlLogix XT 8 MB Memory Controller<\/td>\n<\/tr>\n<tr>\n<td width=\"72\">8<\/td>\n<td width=\"126\">1756L64<\/td>\n<td width=\"386\">ControlLogix 16 MB Memory Controller<\/td>\n<\/tr>\n<tr>\n<td width=\"72\">9<\/td>\n<td width=\"126\">1756L65<\/td>\n<td width=\"386\">ControlLogix 32 MB Memory Controller<\/td>\n<\/tr>\n<tr>\n<td width=\"72\">10<\/td>\n<td width=\"126\">1756L71<\/td>\n<td width=\"386\">ControlLogix 2 MB Controller<\/td>\n<\/tr>\n<tr>\n<td width=\"72\">11<\/td>\n<td width=\"126\">1756L71S<\/td>\n<td width=\"386\">Logix 5571S Automation Controller 2\/1M<\/td>\n<\/tr>\n<tr>\n<td width=\"72\">12<\/td>\n<td width=\"126\">1756L72<\/td>\n<td width=\"386\">ControlLogix 4 MB Controller<\/td>\n<\/tr>\n<tr>\n<td width=\"72\">13<\/td>\n<td width=\"126\">1756L72EROMS<\/td>\n<td width=\"386\">ArmorGuardLogix On Machine Safety Cont<\/td>\n<\/tr>\n<tr>\n<td width=\"72\">14<\/td>\n<td width=\"126\">1756L72S<\/td>\n<td width=\"386\">Logix 5572S Automation Controller 4M\/2M<\/td>\n<\/tr>\n<tr>\n<td width=\"72\">15<\/td>\n<td width=\"126\">1756L73<\/td>\n<td width=\"386\">ControlLogix 8 MB Controller<\/td>\n<\/tr>\n<tr>\n<td width=\"72\">16<\/td>\n<td width=\"126\">1756L73S<\/td>\n<td width=\"386\">Logix 5573S Automation Controller 8M\/4M<\/td>\n<\/tr>\n<tr>\n<td width=\"72\">17<\/td>\n<td width=\"126\">1756L74<\/td>\n<td width=\"386\">ControlLogix 16 MB Controller<\/td>\n<\/tr>\n<tr>\n<td width=\"72\">18<\/td>\n<td width=\"126\">1756L75<\/td>\n<td width=\"386\">ControlLogix 32 MB Controller<\/td>\n<\/tr>\n<tr>\n<td width=\"72\">19<\/td>\n<td width=\"126\">1756L7SP<\/td>\n<td width=\"386\">Logix L7SP SIL 3 PLe Safety Partner<\/td>\n<\/tr>\n<tr>\n<td width=\"72\">20<\/td>\n<td width=\"126\">1756L7SPXT<\/td>\n<td width=\"386\">Logix L7SPXT SIL 3 PLe Safety Partner<\/td>\n<\/tr>\n<tr>\n<td width=\"72\">21<\/td>\n<td width=\"126\">1756-L82E<\/td>\n<td width=\"386\">ControlLogix L8\u00a0 CPU Controller<\/td>\n<\/tr>\n<tr>\n<td width=\"72\">22<\/td>\n<td width=\"126\">1756-L82E<\/td>\n<td width=\"386\">ControlLogix L8\u00a0 CPU Controller<\/td>\n<\/tr>\n<\/tbody>\n<\/table>\n<p>&nbsp;<\/p>\n<div class=\"flex flex-col w-full pt-2 md:flex-row\">\n<div class=\"datatablerow clearfix datatablerow-2\">\n<div class=\"field--item\"><\/div>\n<\/div>\n<\/div>\n<table>\n<tbody>\n<tr>\n<td>100% USA Origin<\/td>\n<td>Allen Bradley<br \/>\nVietnam<\/td>\n<td>Model: 5069-IB16<br \/>\nModule<\/td>\n<\/tr>\n<tr>\n<td>100% USA Origin<\/td>\n<td>Allen Bradley<br \/>\nVietnam<\/td>\n<td>Model: 5069-IY4<br \/>\nModule<\/td>\n<\/tr>\n<tr>\n<td>100% USA Origin<\/td>\n<td>Allen Bradley<br \/>\nVietnam<\/td>\n<td>Model: 1492-CM1746-M04<br \/>\nConversion Module<\/td>\n<\/tr>\n<tr>\n<td>100% USA Origin<\/td>\n<td>Allen Bradley<br \/>\nVietnam<\/td>\n<td>Model: 1606-XLE240E 240W 24VDC 10A<br \/>\nPOWER SUPPLY<\/td>\n<\/tr>\n<tr>\n<td>100% USA Origin<\/td>\n<td>Allen Bradley<br \/>\nVietnam<\/td>\n<td>Model: 1492-CM1746-M12<br \/>\nConversion Module<\/td>\n<\/tr>\n<tr>\n<td>100% USA Origin<\/td>\n<td>Allen Bradley<br \/>\nVietnam<\/td>\n<td>Model: 1756-L72<br \/>\nCompactLogix<\/td>\n<\/tr>\n<tr>\n<td>100% USA Origin<\/td>\n<td>Allen Bradley<br \/>\nVietnam<\/td>\n<td>Model: 1756-RM2<br \/>\nModule<\/td>\n<\/tr>\n<tr>\n<td>100% USA Origin<\/td>\n<td>Allen Bradley<br \/>\nVietnam<\/td>\n<td>Model: 1756-EN2T<br \/>\nModule<\/td>\n<\/tr>\n<tr>\n<td>100% USA Origin<\/td>\n<td>Allen Bradley<br \/>\nVietnam<\/td>\n<td>Model: 1756-EN2TR<br \/>\nModule<\/td>\n<\/tr>\n<tr>\n<td>100% USA Origin<\/td>\n<td>Allen Bradley<br \/>\nVietnam<\/td>\n<td>Model: 1783-ETAP<br \/>\nModule<\/td>\n<\/tr>\n<tr>\n<td>100% USA Origin<\/td>\n<td>Allen Bradley<br \/>\nVietnam<\/td>\n<td>Model: 1756-A4<br \/>\nModule<\/td>\n<\/tr>\n<tr>\n<td>100% USA Origin<\/td>\n<td>Allen Bradley<br \/>\nVietnam<\/td>\n<td>Model: 1756-PA72<br \/>\nPower supply<br \/>\n(Ngu\u1ed3n \u0111i k\u00e8m v\u1edbi thi\u1ebft b\u1ecb)<\/td>\n<\/tr>\n<tr>\n<td>100% USA Origin<\/td>\n<td>Allen Bradley<br \/>\nVietnam<\/td>\n<td>Model: 1756-PA75<br \/>\nPower supply<br \/>\n(Ngu\u1ed3n \u0111i k\u00e8m v\u1edbi thi\u1ebft b\u1ecb)<\/td>\n<\/tr>\n<\/tbody>\n<\/table>\n<p>\u0110\u1ea1i l\u00fd ALLEN-BRADLEY vietnam, ALLEN-BRADLEY viet nam, ALLEN-BRADLEY vietnam distributor, Ph\u00e2n ph\u1ed1i ALLEN-BRADLEY t\u1ea1i vi\u1ec7t nam<\/p>\n<p>\u0110\u1ea1i l\u00fd ALLEN-BRADLEY vietnam, ALLEN-BRADLEY viet nam, ALLEN-BRADLEY vietnam distributor, Ph\u00e2n ph\u1ed1i ALLEN-BRADLEY t\u1ea1i vi\u1ec7t nam<\/p>\n<p>\u0110\u1ea1i l\u00fd ALLEN-BRADLEY vietnam, ALLEN-BRADLEY viet nam, ALLEN-BRADLEY vietnam distributor, Ph\u00e2n ph\u1ed1i ALLEN-BRADLEY t\u1ea1i vi\u1ec7t nam<\/p>\n<\/div>\n<\/div>\n<\/div>\n<\/div>\n<\/div>\n","protected":false},"excerpt":{"rendered":"<p>ALLEN BRADLEY 1783-US8T C\u00e1c s\u1ea3n ph\u1ea9m kh\u00e1c c\u00f9ng lo\u1ea1i M\u1ed9t s\u1ed1 m\u00e3 PLC Controller c\u00f9ng d\u00f2ng 1756-L72:\u00a01756-L61, 1756-L62, 1756-L63, 1756-L64, 1756-L65 1756-L71, 1756-L73, 1756-L74, 1756-L75. 1756-L61, 1756-L62, 1756-L63, 1756-L64, 1756-L65, 1756-L71, 1756-L72, 1756-L73, 1756-L74, 1756-L75, 1756-L81E, 1756-L82E, 1756-L83E, 1756-L84E, 1756-L85E \u00a0Allen-Bradley 1783-US8T B\u1ed9 chuy\u1ec3n m\u1ea1ch Allen-Bradley 1783-US8T l\u00e0 m\u1ed9t switch&hellip; <\/p>\n","protected":false},"featured_media":4177,"comment_status":"open","ping_status":"closed","template":"","meta":[],"product_cat":[295],"product_tag":[178,179,159],"class_list":{"0":"post-4176","1":"product","2":"type-product","3":"status-publish","4":"has-post-thumbnail","6":"product_cat-allen-bradley","7":"product_tag-allen-bradley-viet-nam","8":"product_tag-dai-ly-allen-bradley-viet-nam","9":"product_tag-mo-dun","11":"first","12":"instock","13":"shipping-taxable","14":"product-type-simple"},"yoast_head":"<!-- This site is optimized with the Yoast SEO plugin v22.8 - https:\/\/yoast.com\/wordpress\/plugins\/seo\/ -->\n<title>ALLEN BRADLEY 1783-US8T - OMANI VI\u1ec6T NAM<\/title>\n<meta name=\"description\" content=\"ALLEN BRADLEY 1783-US8T Ethernet Switch\" \/>\n<meta name=\"robots\" content=\"index, follow, max-snippet:-1, max-image-preview:large, max-video-preview:-1\" \/>\n<link rel=\"canonical\" href=\"https:\/\/omanivietnam.com\/index.php\/san-pham\/allen-bradley-1783-us8t-2\/\" \/>\n<meta property=\"og:locale\" content=\"vi_VN\" \/>\n<meta property=\"og:type\" content=\"article\" \/>\n<meta property=\"og:title\" content=\"ALLEN BRADLEY 1783-US8T - OMANI VI\u1ec6T NAM\" \/>\n<meta property=\"og:description\" content=\"ALLEN BRADLEY 1783-US8T Ethernet Switch\" \/>\n<meta property=\"og:url\" content=\"https:\/\/omanivietnam.com\/index.php\/san-pham\/allen-bradley-1783-us8t-2\/\" \/>\n<meta property=\"og:site_name\" content=\"OMANI VI\u1ec6T NAM\" \/>\n<meta property=\"og:image\" content=\"https:\/\/omanivietnam.com\/wp-content\/uploads\/2025\/07\/1783-US8T.png\" \/>\n\t<meta property=\"og:image:width\" content=\"541\" \/>\n\t<meta property=\"og:image:height\" content=\"662\" \/>\n\t<meta property=\"og:image:type\" content=\"image\/png\" \/>\n<meta name=\"twitter:card\" content=\"summary_large_image\" \/>\n<meta name=\"twitter:label1\" content=\"\u01af\u1edbc t\u00ednh th\u1eddi gian \u0111\u1ecdc\" \/>\n\t<meta name=\"twitter:data1\" content=\"5 ph\u00fat\" \/>\n<script type=\"application\/ld+json\" class=\"yoast-schema-graph\">{\"@context\":\"https:\/\/schema.org\",\"@graph\":[{\"@type\":\"WebPage\",\"@id\":\"https:\/\/omanivietnam.com\/index.php\/san-pham\/allen-bradley-1783-us8t-2\/\",\"url\":\"https:\/\/omanivietnam.com\/index.php\/san-pham\/allen-bradley-1783-us8t-2\/\",\"name\":\"ALLEN BRADLEY 1783-US8T - OMANI VI\u1ec6T NAM\",\"isPartOf\":{\"@id\":\"https:\/\/omanivietnam.com\/#website\"},\"primaryImageOfPage\":{\"@id\":\"https:\/\/omanivietnam.com\/index.php\/san-pham\/allen-bradley-1783-us8t-2\/#primaryimage\"},\"image\":{\"@id\":\"https:\/\/omanivietnam.com\/index.php\/san-pham\/allen-bradley-1783-us8t-2\/#primaryimage\"},\"thumbnailUrl\":\"https:\/\/omanivietnam.com\/wp-content\/uploads\/2025\/07\/1783-US8T.png\",\"datePublished\":\"2025-07-23T14:48:35+00:00\",\"dateModified\":\"2025-07-23T14:48:35+00:00\",\"description\":\"ALLEN BRADLEY 1783-US8T Ethernet Switch\",\"breadcrumb\":{\"@id\":\"https:\/\/omanivietnam.com\/index.php\/san-pham\/allen-bradley-1783-us8t-2\/#breadcrumb\"},\"inLanguage\":\"vi\",\"potentialAction\":[{\"@type\":\"ReadAction\",\"target\":[\"https:\/\/omanivietnam.com\/index.php\/san-pham\/allen-bradley-1783-us8t-2\/\"]}]},{\"@type\":\"ImageObject\",\"inLanguage\":\"vi\",\"@id\":\"https:\/\/omanivietnam.com\/index.php\/san-pham\/allen-bradley-1783-us8t-2\/#primaryimage\",\"url\":\"https:\/\/omanivietnam.com\/wp-content\/uploads\/2025\/07\/1783-US8T.png\",\"contentUrl\":\"https:\/\/omanivietnam.com\/wp-content\/uploads\/2025\/07\/1783-US8T.png\",\"width\":541,\"height\":662},{\"@type\":\"BreadcrumbList\",\"@id\":\"https:\/\/omanivietnam.com\/index.php\/san-pham\/allen-bradley-1783-us8t-2\/#breadcrumb\",\"itemListElement\":[{\"@type\":\"ListItem\",\"position\":1,\"name\":\"Home\",\"item\":\"https:\/\/omanivietnam.com\/\"},{\"@type\":\"ListItem\",\"position\":2,\"name\":\"S\u1ea2N PH\u1ea8M\",\"item\":\"https:\/\/omanivietnam.com\/index.php\/cua-hang\/\"},{\"@type\":\"ListItem\",\"position\":3,\"name\":\"ALLEN BRADLEY 1783-US8T\"}]},{\"@type\":\"WebSite\",\"@id\":\"https:\/\/omanivietnam.com\/#website\",\"url\":\"https:\/\/omanivietnam.com\/\",\"name\":\"OMANI VI\u1ec6T NAM\",\"description\":\"Nh\u00e0 ph\u00e2n ph\u1ed1i thi\u1ebft b\u1ecb kh\u00ed n\u00e9n v\u00e0 thi\u1ebft b\u1ecb t\u1ef1 \u0111\u1ed9ng h\u00f3a trong c\u00f4ng nghi\u1ec7p\",\"publisher\":{\"@id\":\"https:\/\/omanivietnam.com\/#\/schema\/person\/0ad398a980dc3fd696111c2c5c8fa897\"},\"potentialAction\":[{\"@type\":\"SearchAction\",\"target\":{\"@type\":\"EntryPoint\",\"urlTemplate\":\"https:\/\/omanivietnam.com\/?s={search_term_string}\"},\"query-input\":\"required name=search_term_string\"}],\"inLanguage\":\"vi\"},{\"@type\":[\"Person\",\"Organization\"],\"@id\":\"https:\/\/omanivietnam.com\/#\/schema\/person\/0ad398a980dc3fd696111c2c5c8fa897\",\"name\":\"Nguy\u1ec5n V\u0103n Kh\u00e1nh\",\"image\":{\"@type\":\"ImageObject\",\"inLanguage\":\"vi\",\"@id\":\"https:\/\/omanivietnam.com\/#\/schema\/person\/image\/\",\"url\":\"https:\/\/omanivietnam.com\/wp-content\/uploads\/2024\/06\/logo-1024x1024.png\",\"contentUrl\":\"https:\/\/omanivietnam.com\/wp-content\/uploads\/2024\/06\/logo-1024x1024.png\",\"width\":1024,\"height\":1024,\"caption\":\"Nguy\u1ec5n V\u0103n Kh\u00e1nh\"},\"logo\":{\"@id\":\"https:\/\/omanivietnam.com\/#\/schema\/person\/image\/\"},\"sameAs\":[\"https:\/\/omanivietnam.com\"]}]}<\/script>\n<!-- \/ Yoast SEO plugin. -->","yoast_head_json":{"title":"ALLEN BRADLEY 1783-US8T - OMANI VI\u1ec6T NAM","description":"ALLEN BRADLEY 1783-US8T Ethernet Switch","robots":{"index":"index","follow":"follow","max-snippet":"max-snippet:-1","max-image-preview":"max-image-preview:large","max-video-preview":"max-video-preview:-1"},"canonical":"https:\/\/omanivietnam.com\/index.php\/san-pham\/allen-bradley-1783-us8t-2\/","og_locale":"vi_VN","og_type":"article","og_title":"ALLEN BRADLEY 1783-US8T - OMANI VI\u1ec6T NAM","og_description":"ALLEN BRADLEY 1783-US8T Ethernet Switch","og_url":"https:\/\/omanivietnam.com\/index.php\/san-pham\/allen-bradley-1783-us8t-2\/","og_site_name":"OMANI VI\u1ec6T NAM","og_image":[{"width":541,"height":662,"url":"https:\/\/omanivietnam.com\/wp-content\/uploads\/2025\/07\/1783-US8T.png","type":"image\/png"}],"twitter_card":"summary_large_image","twitter_misc":{"\u01af\u1edbc t\u00ednh th\u1eddi gian \u0111\u1ecdc":"5 ph\u00fat"},"schema":{"@context":"https:\/\/schema.org","@graph":[{"@type":"WebPage","@id":"https:\/\/omanivietnam.com\/index.php\/san-pham\/allen-bradley-1783-us8t-2\/","url":"https:\/\/omanivietnam.com\/index.php\/san-pham\/allen-bradley-1783-us8t-2\/","name":"ALLEN BRADLEY 1783-US8T - OMANI VI\u1ec6T NAM","isPartOf":{"@id":"https:\/\/omanivietnam.com\/#website"},"primaryImageOfPage":{"@id":"https:\/\/omanivietnam.com\/index.php\/san-pham\/allen-bradley-1783-us8t-2\/#primaryimage"},"image":{"@id":"https:\/\/omanivietnam.com\/index.php\/san-pham\/allen-bradley-1783-us8t-2\/#primaryimage"},"thumbnailUrl":"https:\/\/omanivietnam.com\/wp-content\/uploads\/2025\/07\/1783-US8T.png","datePublished":"2025-07-23T14:48:35+00:00","dateModified":"2025-07-23T14:48:35+00:00","description":"ALLEN BRADLEY 1783-US8T Ethernet Switch","breadcrumb":{"@id":"https:\/\/omanivietnam.com\/index.php\/san-pham\/allen-bradley-1783-us8t-2\/#breadcrumb"},"inLanguage":"vi","potentialAction":[{"@type":"ReadAction","target":["https:\/\/omanivietnam.com\/index.php\/san-pham\/allen-bradley-1783-us8t-2\/"]}]},{"@type":"ImageObject","inLanguage":"vi","@id":"https:\/\/omanivietnam.com\/index.php\/san-pham\/allen-bradley-1783-us8t-2\/#primaryimage","url":"https:\/\/omanivietnam.com\/wp-content\/uploads\/2025\/07\/1783-US8T.png","contentUrl":"https:\/\/omanivietnam.com\/wp-content\/uploads\/2025\/07\/1783-US8T.png","width":541,"height":662},{"@type":"BreadcrumbList","@id":"https:\/\/omanivietnam.com\/index.php\/san-pham\/allen-bradley-1783-us8t-2\/#breadcrumb","itemListElement":[{"@type":"ListItem","position":1,"name":"Home","item":"https:\/\/omanivietnam.com\/"},{"@type":"ListItem","position":2,"name":"S\u1ea2N PH\u1ea8M","item":"https:\/\/omanivietnam.com\/index.php\/cua-hang\/"},{"@type":"ListItem","position":3,"name":"ALLEN BRADLEY 1783-US8T"}]},{"@type":"WebSite","@id":"https:\/\/omanivietnam.com\/#website","url":"https:\/\/omanivietnam.com\/","name":"OMANI VI\u1ec6T NAM","description":"Nh\u00e0 ph\u00e2n ph\u1ed1i thi\u1ebft b\u1ecb kh\u00ed n\u00e9n v\u00e0 thi\u1ebft b\u1ecb t\u1ef1 \u0111\u1ed9ng h\u00f3a trong c\u00f4ng nghi\u1ec7p","publisher":{"@id":"https:\/\/omanivietnam.com\/#\/schema\/person\/0ad398a980dc3fd696111c2c5c8fa897"},"potentialAction":[{"@type":"SearchAction","target":{"@type":"EntryPoint","urlTemplate":"https:\/\/omanivietnam.com\/?s={search_term_string}"},"query-input":"required name=search_term_string"}],"inLanguage":"vi"},{"@type":["Person","Organization"],"@id":"https:\/\/omanivietnam.com\/#\/schema\/person\/0ad398a980dc3fd696111c2c5c8fa897","name":"Nguy\u1ec5n V\u0103n Kh\u00e1nh","image":{"@type":"ImageObject","inLanguage":"vi","@id":"https:\/\/omanivietnam.com\/#\/schema\/person\/image\/","url":"https:\/\/omanivietnam.com\/wp-content\/uploads\/2024\/06\/logo-1024x1024.png","contentUrl":"https:\/\/omanivietnam.com\/wp-content\/uploads\/2024\/06\/logo-1024x1024.png","width":1024,"height":1024,"caption":"Nguy\u1ec5n V\u0103n Kh\u00e1nh"},"logo":{"@id":"https:\/\/omanivietnam.com\/#\/schema\/person\/image\/"},"sameAs":["https:\/\/omanivietnam.com"]}]}},"_links":{"self":[{"href":"https:\/\/omanivietnam.com\/index.php\/wp-json\/wp\/v2\/product\/4176","targetHints":{"allow":["GET"]}}],"collection":[{"href":"https:\/\/omanivietnam.com\/index.php\/wp-json\/wp\/v2\/product"}],"about":[{"href":"https:\/\/omanivietnam.com\/index.php\/wp-json\/wp\/v2\/types\/product"}],"replies":[{"embeddable":true,"href":"https:\/\/omanivietnam.com\/index.php\/wp-json\/wp\/v2\/comments?post=4176"}],"wp:featuredmedia":[{"embeddable":true,"href":"https:\/\/omanivietnam.com\/index.php\/wp-json\/wp\/v2\/media\/4177"}],"wp:attachment":[{"href":"https:\/\/omanivietnam.com\/index.php\/wp-json\/wp\/v2\/media?parent=4176"}],"wp:term":[{"taxonomy":"product_cat","embeddable":true,"href":"https:\/\/omanivietnam.com\/index.php\/wp-json\/wp\/v2\/product_cat?post=4176"},{"taxonomy":"product_tag","embeddable":true,"href":"https:\/\/omanivietnam.com\/index.php\/wp-json\/wp\/v2\/product_tag?post=4176"}],"curies":[{"name":"wp","href":"https:\/\/api.w.org\/{rel}","templated":true}]}}