{"id":4203,"date":"2025-07-26T20:21:31","date_gmt":"2025-07-26T13:21:31","guid":{"rendered":"https:\/\/omanivietnam.com\/?post_type=product&#038;p=4203"},"modified":"2025-07-26T20:21:31","modified_gmt":"2025-07-26T13:21:31","slug":"smc-mrhq16d-90s-n","status":"publish","type":"product","link":"https:\/\/omanivietnam.com\/index.php\/san-pham\/smc-mrhq16d-90s-n\/","title":{"rendered":"SMC MRHQ16D-90S-N"},"content":{"rendered":"<p>SMC MRHQ16D-90S-N<\/p>\n<p>[Features] \u00b7 Compact integration of gripping with rotation functions.<br \/>\n\u00b7 Eliminates whirling of the piping and wiring caused by combining individual products (rotary table + adapter + air gripper).<br \/>\n\u00b7 Compared with combined products, the longitudinal dimension is approximately 20% shorter.<br \/>\n\u00b7 2 types of angle rotation (90\u00b0 and 180\u00b0) are now standard.<br \/>\n\u00b7 Auto switches can be retrofitted using the magnet (equipped as standard).<\/p>\n<table class=\"m-table\">\n<thead>\n<tr>\n<th>Operating method<\/th>\n<th>Model<\/th>\n<th>Cylinder internal diameter<br \/>\n(mm)<\/th>\n<th>Opening\/closing stroke<br \/>\n(mm)<\/th>\n<th>Angle of rotation<br \/>\n(\u00b0)<\/th>\n<th>Weight (g)<sup>Note 1)<\/sup><\/th>\n<\/tr>\n<\/thead>\n<tbody>\n<tr>\n<th rowspan=\"8\">Double acting<\/th>\n<th rowspan=\"2\">MRHQ10D<\/th>\n<td rowspan=\"2\">10<\/td>\n<td rowspan=\"2\">4<\/td>\n<td>90<\/td>\n<td>306<\/td>\n<\/tr>\n<tr>\n<td>180<\/td>\n<td>305<\/td>\n<\/tr>\n<tr>\n<th rowspan=\"2\">MRHQ16D<\/th>\n<td rowspan=\"2\">16<\/td>\n<td rowspan=\"2\">6<\/td>\n<td>90<\/td>\n<td>593<\/td>\n<\/tr>\n<tr>\n<td>180<\/td>\n<td>591<\/td>\n<\/tr>\n<tr>\n<th rowspan=\"2\">MRHQ20D<\/th>\n<td rowspan=\"2\">20<\/td>\n<td rowspan=\"2\">10<\/td>\n<td>90<\/td>\n<td>1,055<\/td>\n<\/tr>\n<tr>\n<td>180<\/td>\n<td>1,052<\/td>\n<\/tr>\n<tr>\n<th rowspan=\"2\">MRHQ25D<\/th>\n<td rowspan=\"2\">25<\/td>\n<td rowspan=\"2\">14<\/td>\n<td>90<\/td>\n<td>1,561<\/td>\n<\/tr>\n<tr>\n<td>180<\/td>\n<td>1,555<\/td>\n<\/tr>\n<tr>\n<th rowspan=\"8\">Single acting<\/th>\n<th rowspan=\"2\">MRHQ10S<br \/>\nMRHQ10C<\/th>\n<td rowspan=\"2\">10<\/td>\n<td rowspan=\"2\">4<\/td>\n<td>90<\/td>\n<td>307<\/td>\n<\/tr>\n<tr>\n<td>180<\/td>\n<td>306<\/td>\n<\/tr>\n<tr>\n<th rowspan=\"2\">MRHQ16S<br \/>\nMRHQ16C<\/th>\n<td rowspan=\"2\">16<\/td>\n<td rowspan=\"2\">6<\/td>\n<td>90<\/td>\n<td>594<\/td>\n<\/tr>\n<tr>\n<td>180<\/td>\n<td>592<\/td>\n<\/tr>\n<tr>\n<th rowspan=\"2\">MRHQ20S<br \/>\nMRHQ20C<\/th>\n<td rowspan=\"2\">20<\/td>\n<td rowspan=\"2\">10<\/td>\n<td>90<\/td>\n<td>1,060<\/td>\n<\/tr>\n<tr>\n<td>180<\/td>\n<td>1,057<\/td>\n<\/tr>\n<tr>\n<th rowspan=\"2\">MRHQ25S<br \/>\nMRHQ25C<\/th>\n<td rowspan=\"2\">25<\/td>\n<td rowspan=\"2\">14<\/td>\n<td>90<\/td>\n<td>1,566<\/td>\n<\/tr>\n<tr>\n<td>180<\/td>\n<td>1,560<\/td>\n<\/tr>\n<\/tbody>\n<\/table>\n","protected":false},"excerpt":{"rendered":"<p>SMC MRHQ16D-90S-N [Features] \u00b7 Compact integration of gripping with rotation functions. \u00b7 Eliminates whirling of the piping and wiring caused by combining individual products (rotary table + adapter + air gripper). \u00b7 Compared with combined products, the longitudinal dimension is approximately 20% shorter. \u00b7 2 types of angle rotation (90\u00b0&hellip; <\/p>\n","protected":false},"featured_media":4204,"comment_status":"open","ping_status":"closed","template":"","meta":[],"product_cat":[283],"product_tag":[93,92,98],"class_list":{"0":"post-4203","1":"product","2":"type-product","3":"status-publish","4":"has-post-thumbnail","6":"product_cat-smc","7":"product_tag-dai-ly-smc-viet-nam","8":"product_tag-smc-viet-nam","9":"product_tag-xy-lanh-khi","11":"first","12":"instock","13":"shipping-taxable","14":"product-type-simple"},"yoast_head":"<!-- This site is optimized with the Yoast SEO plugin v22.8 - https:\/\/yoast.com\/wordpress\/plugins\/seo\/ -->\n<title>SMC MRHQ16D-90S-N - OMANI VI\u1ec6T NAM<\/title>\n<meta name=\"description\" content=\"SMC MRHQ16D-90S-N Rotary Gripper\" \/>\n<meta name=\"robots\" content=\"index, follow, max-snippet:-1, max-image-preview:large, max-video-preview:-1\" \/>\n<link rel=\"canonical\" href=\"https:\/\/omanivietnam.com\/index.php\/san-pham\/smc-mrhq16d-90s-n\/\" \/>\n<meta property=\"og:locale\" content=\"vi_VN\" \/>\n<meta property=\"og:type\" content=\"article\" \/>\n<meta property=\"og:title\" content=\"SMC MRHQ16D-90S-N - OMANI VI\u1ec6T NAM\" \/>\n<meta property=\"og:description\" content=\"SMC MRHQ16D-90S-N Rotary Gripper\" \/>\n<meta property=\"og:url\" content=\"https:\/\/omanivietnam.com\/index.php\/san-pham\/smc-mrhq16d-90s-n\/\" \/>\n<meta property=\"og:site_name\" content=\"OMANI VI\u1ec6T NAM\" \/>\n<meta property=\"og:image\" content=\"https:\/\/omanivietnam.com\/wp-content\/uploads\/2025\/07\/MRHQ16D-90S-N.png\" \/>\n\t<meta property=\"og:image:width\" content=\"873\" \/>\n\t<meta property=\"og:image:height\" content=\"795\" \/>\n\t<meta property=\"og:image:type\" content=\"image\/png\" \/>\n<meta name=\"twitter:card\" content=\"summary_large_image\" \/>\n<meta name=\"twitter:label1\" content=\"\u01af\u1edbc t\u00ednh th\u1eddi gian \u0111\u1ecdc\" \/>\n\t<meta name=\"twitter:data1\" content=\"2 ph\u00fat\" \/>\n<script type=\"application\/ld+json\" class=\"yoast-schema-graph\">{\"@context\":\"https:\/\/schema.org\",\"@graph\":[{\"@type\":\"WebPage\",\"@id\":\"https:\/\/omanivietnam.com\/index.php\/san-pham\/smc-mrhq16d-90s-n\/\",\"url\":\"https:\/\/omanivietnam.com\/index.php\/san-pham\/smc-mrhq16d-90s-n\/\",\"name\":\"SMC MRHQ16D-90S-N - OMANI VI\u1ec6T NAM\",\"isPartOf\":{\"@id\":\"https:\/\/omanivietnam.com\/#website\"},\"primaryImageOfPage\":{\"@id\":\"https:\/\/omanivietnam.com\/index.php\/san-pham\/smc-mrhq16d-90s-n\/#primaryimage\"},\"image\":{\"@id\":\"https:\/\/omanivietnam.com\/index.php\/san-pham\/smc-mrhq16d-90s-n\/#primaryimage\"},\"thumbnailUrl\":\"https:\/\/omanivietnam.com\/wp-content\/uploads\/2025\/07\/MRHQ16D-90S-N.png\",\"datePublished\":\"2025-07-26T13:21:31+00:00\",\"dateModified\":\"2025-07-26T13:21:31+00:00\",\"description\":\"SMC MRHQ16D-90S-N Rotary Gripper\",\"breadcrumb\":{\"@id\":\"https:\/\/omanivietnam.com\/index.php\/san-pham\/smc-mrhq16d-90s-n\/#breadcrumb\"},\"inLanguage\":\"vi\",\"potentialAction\":[{\"@type\":\"ReadAction\",\"target\":[\"https:\/\/omanivietnam.com\/index.php\/san-pham\/smc-mrhq16d-90s-n\/\"]}]},{\"@type\":\"ImageObject\",\"inLanguage\":\"vi\",\"@id\":\"https:\/\/omanivietnam.com\/index.php\/san-pham\/smc-mrhq16d-90s-n\/#primaryimage\",\"url\":\"https:\/\/omanivietnam.com\/wp-content\/uploads\/2025\/07\/MRHQ16D-90S-N.png\",\"contentUrl\":\"https:\/\/omanivietnam.com\/wp-content\/uploads\/2025\/07\/MRHQ16D-90S-N.png\",\"width\":873,\"height\":795},{\"@type\":\"BreadcrumbList\",\"@id\":\"https:\/\/omanivietnam.com\/index.php\/san-pham\/smc-mrhq16d-90s-n\/#breadcrumb\",\"itemListElement\":[{\"@type\":\"ListItem\",\"position\":1,\"name\":\"Home\",\"item\":\"https:\/\/omanivietnam.com\/\"},{\"@type\":\"ListItem\",\"position\":2,\"name\":\"S\u1ea2N PH\u1ea8M\",\"item\":\"https:\/\/omanivietnam.com\/index.php\/cua-hang\/\"},{\"@type\":\"ListItem\",\"position\":3,\"name\":\"SMC MRHQ16D-90S-N\"}]},{\"@type\":\"WebSite\",\"@id\":\"https:\/\/omanivietnam.com\/#website\",\"url\":\"https:\/\/omanivietnam.com\/\",\"name\":\"OMANI VI\u1ec6T NAM\",\"description\":\"Nh\u00e0 ph\u00e2n ph\u1ed1i thi\u1ebft b\u1ecb kh\u00ed n\u00e9n v\u00e0 thi\u1ebft b\u1ecb t\u1ef1 \u0111\u1ed9ng h\u00f3a trong c\u00f4ng nghi\u1ec7p\",\"publisher\":{\"@id\":\"https:\/\/omanivietnam.com\/#\/schema\/person\/0ad398a980dc3fd696111c2c5c8fa897\"},\"potentialAction\":[{\"@type\":\"SearchAction\",\"target\":{\"@type\":\"EntryPoint\",\"urlTemplate\":\"https:\/\/omanivietnam.com\/?s={search_term_string}\"},\"query-input\":\"required name=search_term_string\"}],\"inLanguage\":\"vi\"},{\"@type\":[\"Person\",\"Organization\"],\"@id\":\"https:\/\/omanivietnam.com\/#\/schema\/person\/0ad398a980dc3fd696111c2c5c8fa897\",\"name\":\"Nguy\u1ec5n V\u0103n Kh\u00e1nh\",\"image\":{\"@type\":\"ImageObject\",\"inLanguage\":\"vi\",\"@id\":\"https:\/\/omanivietnam.com\/#\/schema\/person\/image\/\",\"url\":\"https:\/\/omanivietnam.com\/wp-content\/uploads\/2024\/06\/logo-1024x1024.png\",\"contentUrl\":\"https:\/\/omanivietnam.com\/wp-content\/uploads\/2024\/06\/logo-1024x1024.png\",\"width\":1024,\"height\":1024,\"caption\":\"Nguy\u1ec5n V\u0103n Kh\u00e1nh\"},\"logo\":{\"@id\":\"https:\/\/omanivietnam.com\/#\/schema\/person\/image\/\"},\"sameAs\":[\"https:\/\/omanivietnam.com\"]}]}<\/script>\n<!-- \/ Yoast SEO plugin. -->","yoast_head_json":{"title":"SMC MRHQ16D-90S-N - OMANI VI\u1ec6T NAM","description":"SMC MRHQ16D-90S-N Rotary Gripper","robots":{"index":"index","follow":"follow","max-snippet":"max-snippet:-1","max-image-preview":"max-image-preview:large","max-video-preview":"max-video-preview:-1"},"canonical":"https:\/\/omanivietnam.com\/index.php\/san-pham\/smc-mrhq16d-90s-n\/","og_locale":"vi_VN","og_type":"article","og_title":"SMC MRHQ16D-90S-N - OMANI VI\u1ec6T NAM","og_description":"SMC MRHQ16D-90S-N Rotary Gripper","og_url":"https:\/\/omanivietnam.com\/index.php\/san-pham\/smc-mrhq16d-90s-n\/","og_site_name":"OMANI VI\u1ec6T NAM","og_image":[{"width":873,"height":795,"url":"https:\/\/omanivietnam.com\/wp-content\/uploads\/2025\/07\/MRHQ16D-90S-N.png","type":"image\/png"}],"twitter_card":"summary_large_image","twitter_misc":{"\u01af\u1edbc t\u00ednh th\u1eddi gian \u0111\u1ecdc":"2 ph\u00fat"},"schema":{"@context":"https:\/\/schema.org","@graph":[{"@type":"WebPage","@id":"https:\/\/omanivietnam.com\/index.php\/san-pham\/smc-mrhq16d-90s-n\/","url":"https:\/\/omanivietnam.com\/index.php\/san-pham\/smc-mrhq16d-90s-n\/","name":"SMC MRHQ16D-90S-N - OMANI VI\u1ec6T NAM","isPartOf":{"@id":"https:\/\/omanivietnam.com\/#website"},"primaryImageOfPage":{"@id":"https:\/\/omanivietnam.com\/index.php\/san-pham\/smc-mrhq16d-90s-n\/#primaryimage"},"image":{"@id":"https:\/\/omanivietnam.com\/index.php\/san-pham\/smc-mrhq16d-90s-n\/#primaryimage"},"thumbnailUrl":"https:\/\/omanivietnam.com\/wp-content\/uploads\/2025\/07\/MRHQ16D-90S-N.png","datePublished":"2025-07-26T13:21:31+00:00","dateModified":"2025-07-26T13:21:31+00:00","description":"SMC MRHQ16D-90S-N Rotary Gripper","breadcrumb":{"@id":"https:\/\/omanivietnam.com\/index.php\/san-pham\/smc-mrhq16d-90s-n\/#breadcrumb"},"inLanguage":"vi","potentialAction":[{"@type":"ReadAction","target":["https:\/\/omanivietnam.com\/index.php\/san-pham\/smc-mrhq16d-90s-n\/"]}]},{"@type":"ImageObject","inLanguage":"vi","@id":"https:\/\/omanivietnam.com\/index.php\/san-pham\/smc-mrhq16d-90s-n\/#primaryimage","url":"https:\/\/omanivietnam.com\/wp-content\/uploads\/2025\/07\/MRHQ16D-90S-N.png","contentUrl":"https:\/\/omanivietnam.com\/wp-content\/uploads\/2025\/07\/MRHQ16D-90S-N.png","width":873,"height":795},{"@type":"BreadcrumbList","@id":"https:\/\/omanivietnam.com\/index.php\/san-pham\/smc-mrhq16d-90s-n\/#breadcrumb","itemListElement":[{"@type":"ListItem","position":1,"name":"Home","item":"https:\/\/omanivietnam.com\/"},{"@type":"ListItem","position":2,"name":"S\u1ea2N PH\u1ea8M","item":"https:\/\/omanivietnam.com\/index.php\/cua-hang\/"},{"@type":"ListItem","position":3,"name":"SMC MRHQ16D-90S-N"}]},{"@type":"WebSite","@id":"https:\/\/omanivietnam.com\/#website","url":"https:\/\/omanivietnam.com\/","name":"OMANI VI\u1ec6T NAM","description":"Nh\u00e0 ph\u00e2n ph\u1ed1i thi\u1ebft b\u1ecb kh\u00ed n\u00e9n v\u00e0 thi\u1ebft b\u1ecb t\u1ef1 \u0111\u1ed9ng h\u00f3a trong c\u00f4ng nghi\u1ec7p","publisher":{"@id":"https:\/\/omanivietnam.com\/#\/schema\/person\/0ad398a980dc3fd696111c2c5c8fa897"},"potentialAction":[{"@type":"SearchAction","target":{"@type":"EntryPoint","urlTemplate":"https:\/\/omanivietnam.com\/?s={search_term_string}"},"query-input":"required name=search_term_string"}],"inLanguage":"vi"},{"@type":["Person","Organization"],"@id":"https:\/\/omanivietnam.com\/#\/schema\/person\/0ad398a980dc3fd696111c2c5c8fa897","name":"Nguy\u1ec5n V\u0103n Kh\u00e1nh","image":{"@type":"ImageObject","inLanguage":"vi","@id":"https:\/\/omanivietnam.com\/#\/schema\/person\/image\/","url":"https:\/\/omanivietnam.com\/wp-content\/uploads\/2024\/06\/logo-1024x1024.png","contentUrl":"https:\/\/omanivietnam.com\/wp-content\/uploads\/2024\/06\/logo-1024x1024.png","width":1024,"height":1024,"caption":"Nguy\u1ec5n V\u0103n Kh\u00e1nh"},"logo":{"@id":"https:\/\/omanivietnam.com\/#\/schema\/person\/image\/"},"sameAs":["https:\/\/omanivietnam.com"]}]}},"_links":{"self":[{"href":"https:\/\/omanivietnam.com\/index.php\/wp-json\/wp\/v2\/product\/4203","targetHints":{"allow":["GET"]}}],"collection":[{"href":"https:\/\/omanivietnam.com\/index.php\/wp-json\/wp\/v2\/product"}],"about":[{"href":"https:\/\/omanivietnam.com\/index.php\/wp-json\/wp\/v2\/types\/product"}],"replies":[{"embeddable":true,"href":"https:\/\/omanivietnam.com\/index.php\/wp-json\/wp\/v2\/comments?post=4203"}],"wp:featuredmedia":[{"embeddable":true,"href":"https:\/\/omanivietnam.com\/index.php\/wp-json\/wp\/v2\/media\/4204"}],"wp:attachment":[{"href":"https:\/\/omanivietnam.com\/index.php\/wp-json\/wp\/v2\/media?parent=4203"}],"wp:term":[{"taxonomy":"product_cat","embeddable":true,"href":"https:\/\/omanivietnam.com\/index.php\/wp-json\/wp\/v2\/product_cat?post=4203"},{"taxonomy":"product_tag","embeddable":true,"href":"https:\/\/omanivietnam.com\/index.php\/wp-json\/wp\/v2\/product_tag?post=4203"}],"curies":[{"name":"wp","href":"https:\/\/api.w.org\/{rel}","templated":true}]}}