{"id":4208,"date":"2025-07-27T14:38:12","date_gmt":"2025-07-27T07:38:12","guid":{"rendered":"https:\/\/omanivietnam.com\/?post_type=product&#038;p=4208"},"modified":"2025-07-27T14:38:12","modified_gmt":"2025-07-27T07:38:12","slug":"danfoss-061b100266","status":"publish","type":"product","link":"https:\/\/omanivietnam.com\/index.php\/san-pham\/danfoss-061b100266\/","title":{"rendered":"DANFOSS 061B100266"},"content":{"rendered":"<p>DANFOSS 061B100266<\/p>\n<h3 class=\"product-upper-subheading\">Pressure switch, MBC 5100<\/h3>\n<div class=\"product-code-wrapper mar-xs\">\n<h3 class=\"product-code-big\">061B100266<\/h3>\n<\/div>\n<ul>\n<li class=\"product-description-text\">Regulation range [bar] Pe: 5.00 \u2013 20.00<\/li>\n<li class=\"product-description-text\">Reset function: Auto<\/li>\n<li class=\"product-description-text\">Pressure connection type: G<\/li>\n<li class=\"product-description-text\">Pressure connection size: 1\/4<\/li>\n<li class=\"product-description-text\">Enclosure rating IP: IP65<\/li>\n<li class=\"product-description-text\">Max. Working Pressure [bar]: 150.0<\/li>\n<\/ul>\n<p><strong>C\u00f4ng t\u1eafc \u00e1p su\u1ea5t Danfoss MBC 5100 (MBC 5100-3231-1DB04, 5-20 bar, Diff. 1-2.5 bar, G1\/4, Flange, Auto)<\/strong><\/p>\n<ul>\n<li><b>Type:\u00a0 \u00a0 \u00a0 \u00a0 \u00a0 \u00a0 \u00a0 \u00a0 \u00a0 \u00a0 \u00a0 \u00a0 \u00a0 \u00a0 \u00a0 \u00a0 \u00a0 \u00a0 \u00a0 \u00a0 \u00a0 \u00a0 \u00a0\u00a0<\/b>MBC 5100<\/li>\n<li><b>M\u00e3 s\u1ea3n ph\u1ea9m:\u00a0 \u00a0 \u00a0 \u00a0 \u00a0 \u00a0 \u00a0 \u00a0 \u00a0 \u00a0 \u00a0 \u00a0 \u00a0 \u00a0 \u00a0 \u00a0<\/b>061B100266<\/li>\n<li><b>\u00c1p su\u1ea5t:\u00a0 \u00a0 \u00a0 \u00a0 \u00a0 \u00a0 \u00a0 \u00a0 \u00a0 \u00a0 \u00a0 \u00a0 \u00a0 \u00a0 \u00a0 \u00a0 \u00a0 \u00a0 \u00a0 \u00a0 \u00a0<\/b>5 \u2013 20 bar<\/li>\n<li><b>Differential:\u00a0 \u00a0 \u00a0 \u00a0 \u00a0 \u00a0 \u00a0 \u00a0 \u00a0 \u00a0 \u00a0 \u00a0 \u00a0 \u00a0 \u00a0 \u00a0 \u00a0\u00a0<\/b>\u00a01 \u2013 2.5 bar<\/li>\n<li><strong>Reset function:\u00a0 \u00a0 \u00a0 \u00a0 \u00a0 \u00a0 \u00a0 \u00a0 \u00a0 \u00a0 \u00a0 \u00a0 \u00a0 \u00a0 \u00a0<\/strong>Auto<\/li>\n<li><strong>Pressure connection type:\u00a0<\/strong>\u00a0 \u00a0 \u00a0 \u00a0 \u00a0G<\/li>\n<li><strong>Pressure connection size:\u00a0 \u00a0<\/strong>\u00a0 \u00a0 \u00a0 \u00a01\/4<\/li>\n<li><strong>Specification key:\u00a0 \u00a0 \u00a0 \u00a0 \u00a0 \u00a0 \u00a0 \u00a0 \u00a0 \u00a0 \u00a0 \u00a0\u00a0<\/strong>3231-1DB04<\/li>\n<li><b>Th\u01b0\u01a1ng hi\u1ec7u:\u00a0 \u00a0 \u00a0 \u00a0 \u00a0 \u00a0 \u00a0 \u00a0 \u00a0 \u00a0 \u00a0 \u00a0 \u00a0 \u00a0 \u00a0 \u00a0<\/b>Danfoss<\/li>\n<li><b>Xu\u1ea5t x\u1ee9:\u00a0 \u00a0 \u00a0 \u00a0 \u00a0 \u00a0 \u00a0 \u00a0 \u00a0 \u00a0 \u00a0 \u00a0 \u00a0 \u00a0 \u00a0 \u00a0 \u00a0 \u00a0 \u00a0 \u00a0\u00a0<\/b>Danfoss Poland<\/li>\n<\/ul>\n<h3>Th\u00f4ng s\u1ed1 k\u1ef9 thu\u1eadt C\u00f4ng t\u1eafc \u00e1p su\u1ea5t Danfoss MBC 5100, 5-20 bar \u2013 061B100266<\/h3>\n<table>\n<tbody>\n<tr>\n<td width=\"312\">\n<table>\n<tbody>\n<tr>\n<td width=\"148\"><strong>Gross weight<\/strong><\/td>\n<td width=\"148\">0.314 Kilogram<\/td>\n<\/tr>\n<tr>\n<td width=\"148\"><strong>Net weight<\/strong><\/td>\n<td width=\"148\">0.258 Kilogram<\/td>\n<\/tr>\n<\/tbody>\n<\/table>\n<\/td>\n<td width=\"312\">\n<table>\n<tbody>\n<tr>\n<td width=\"148\"><strong>Volume<\/strong><\/td>\n<td width=\"148\">0.647 Liter<\/td>\n<\/tr>\n<tr>\n<td width=\"148\"><strong>EAN<\/strong><\/td>\n<td width=\"148\">5702423218615<\/td>\n<\/tr>\n<\/tbody>\n<\/table>\n<\/td>\n<\/tr>\n<tr>\n<td width=\"312\">\n<table>\n<tbody>\n<tr>\n<td width=\"148\"><strong>Ambient temperature range [\u00b0C] [max]<\/strong><\/td>\n<td width=\"148\">85 \u00b0C<\/td>\n<\/tr>\n<tr>\n<td width=\"148\"><strong>Ambient temperature range [\u00b0C] [min]<\/strong><\/td>\n<td width=\"148\">-10 \u00b0C<\/td>\n<\/tr>\n<tr>\n<td width=\"148\"><strong>Ambient temperature range [\u00b0F] [max]<\/strong><\/td>\n<td width=\"148\">185 \u00b0F<\/td>\n<\/tr>\n<tr>\n<td width=\"148\"><strong>Ambient temperature range [\u00b0F] [min]<\/strong><\/td>\n<td width=\"148\">14 \u00b0F<\/td>\n<\/tr>\n<tr>\n<td width=\"148\"><strong>Approval<\/strong><\/td>\n<td width=\"148\">ABS<br \/>\nBV<br \/>\nCCC<br \/>\nCCS<br \/>\nCE<br \/>\nCMIM<br \/>\nDNV<br \/>\nEAC<br \/>\nGL<br \/>\nKRS<br \/>\nLLC CDC EURO-TYSK<br \/>\nLR<br \/>\nLVD<br \/>\nNKK<br \/>\nRINA<br \/>\nRMRS<br \/>\nRoHS<br \/>\nRoHS China<br \/>\nTYSK<br \/>\nUKCA<\/td>\n<\/tr>\n<tr>\n<td width=\"148\"><strong>Burst pressure [bar]<\/strong><\/td>\n<td width=\"148\">300 bar<\/td>\n<\/tr>\n<tr>\n<td width=\"148\"><strong>CE evaluated<\/strong><\/td>\n<td width=\"148\">Yes<\/td>\n<\/tr>\n<tr>\n<td width=\"148\"><strong>China RoHS compliance<\/strong><\/td>\n<td width=\"148\">Yes<\/td>\n<\/tr>\n<tr>\n<td width=\"148\"><strong>Contact function<\/strong><\/td>\n<td width=\"148\">SPDT<\/td>\n<\/tr>\n<tr>\n<td width=\"148\"><strong>Contact rating<\/strong><\/td>\n<td width=\"148\">AC15=0.5 A, 250 V<br \/>\nDC13=12 W, 125 V<\/td>\n<\/tr>\n<tr>\n<td width=\"148\"><strong>Diff.@Max. range setting [bar]<\/strong><\/td>\n<td width=\"148\">2.5 bar<\/td>\n<\/tr>\n<tr>\n<td width=\"148\"><strong>Diff.@Min. range setting [bar]<\/strong><\/td>\n<td width=\"148\">1 bar<\/td>\n<\/tr>\n<tr>\n<td width=\"148\"><strong>Electrical conn. Male\/Female<\/strong><\/td>\n<td width=\"148\">Female<\/td>\n<\/tr>\n<tr>\n<td width=\"148\"><strong>Electrical connection<\/strong><\/td>\n<td width=\"148\">DIN-plug<\/td>\n<\/tr>\n<tr>\n<td width=\"148\"><strong>Electrical connection size<\/strong><\/td>\n<td width=\"148\">Pg 11<\/td>\n<\/tr>\n<tr>\n<td width=\"148\"><strong>Electrical connection standard<\/strong><\/td>\n<td width=\"148\">EN 175301-803-A<\/td>\n<\/tr>\n<tr>\n<td width=\"148\"><strong>Electrical spec. standard<\/strong><\/td>\n<td width=\"148\">EN 60947-5<\/td>\n<\/tr>\n<tr>\n<td width=\"148\"><strong>Enclosure rating IP<\/strong><\/td>\n<td width=\"148\">IP65<\/td>\n<\/tr>\n<\/tbody>\n<\/table>\n<\/td>\n<td width=\"312\">\n<table>\n<tbody>\n<tr>\n<td width=\"148\"><strong>EU RoHS compliance<\/strong><\/td>\n<td width=\"148\">Out of scope<\/td>\n<\/tr>\n<tr>\n<td width=\"148\"><strong>In scope of WEEE and contain batteries<\/strong><\/td>\n<td width=\"148\">No<\/td>\n<\/tr>\n<tr>\n<td width=\"148\"><strong>Max. test pressure [bar] Pe<\/strong><\/td>\n<td width=\"148\">150 bar<\/td>\n<\/tr>\n<tr>\n<td width=\"148\"><strong>Max. test pressure [psig]<\/strong><\/td>\n<td width=\"148\">2176 psig<\/td>\n<\/tr>\n<tr>\n<td width=\"148\"><strong>Max. Working Pressure [bar]<\/strong><\/td>\n<td width=\"148\">150 bar<\/td>\n<\/tr>\n<tr>\n<td width=\"148\"><strong>Max. Working Pressure [psig]<\/strong><\/td>\n<td width=\"148\">2175 psig<\/td>\n<\/tr>\n<tr>\n<td width=\"148\"><strong>Other RoHS documentation<\/strong><\/td>\n<td width=\"148\">Saudi Arabia RoHS<\/td>\n<\/tr>\n<tr>\n<td width=\"148\"><strong>Packing format<\/strong><\/td>\n<td width=\"148\">Multi pack<\/td>\n<\/tr>\n<tr>\n<td width=\"148\"><strong>Pressure connection notes<\/strong><\/td>\n<td width=\"148\">With flange<\/td>\n<\/tr>\n<tr>\n<td width=\"148\"><strong>Pressure connection size<\/strong><\/td>\n<td width=\"148\">1\/4<\/td>\n<\/tr>\n<tr>\n<td width=\"148\"><strong>Pressure connection standard<\/strong><\/td>\n<td width=\"148\">ISO 228-1<\/td>\n<\/tr>\n<tr>\n<td width=\"148\"><strong>Pressure connection type<\/strong><\/td>\n<td width=\"148\">G<\/td>\n<\/tr>\n<tr>\n<td width=\"148\"><strong>Pressure Male\/Female<\/strong><\/td>\n<td width=\"148\">Female<\/td>\n<\/tr>\n<tr>\n<td width=\"148\"><strong>Pressure sensing element<\/strong><\/td>\n<td width=\"148\">Diaphragm<\/td>\n<\/tr>\n<tr>\n<td width=\"148\"><strong>Product accessories<\/strong><\/td>\n<td width=\"148\">Switches accessories<\/td>\n<\/tr>\n<tr>\n<td width=\"148\"><strong>Product description<\/strong><\/td>\n<td width=\"148\">Pressure Switch<\/td>\n<\/tr>\n<tr>\n<td width=\"148\"><strong>Product group<\/strong><\/td>\n<td width=\"148\">Switches and thermostats<\/td>\n<\/tr>\n<tr>\n<td width=\"148\"><strong>Product Name Description<\/strong><\/td>\n<td width=\"148\">Pressure switch<\/td>\n<\/tr>\n<tr>\n<td width=\"148\"><strong>Quantity per packing format<\/strong><\/td>\n<td width=\"148\">32 pc<\/td>\n<\/tr>\n<tr>\n<td width=\"148\"><strong>REACH Candidate List substances<\/strong><\/td>\n<td width=\"148\">Lead (CAS no. 7439-92-1)<\/td>\n<\/tr>\n<tr>\n<td width=\"148\"><strong>Regulation range [bar] Pe [max]<\/strong><\/td>\n<td width=\"148\">20 bar<\/td>\n<\/tr>\n<tr>\n<td width=\"148\"><strong>Regulation range [bar] Pe [min]<\/strong><\/td>\n<td width=\"148\">5 bar<\/td>\n<\/tr>\n<tr>\n<td width=\"148\"><strong>Regulation range [MPa] Pe [max]<\/strong><\/td>\n<td width=\"148\">2 MPa<\/td>\n<\/tr>\n<tr>\n<td width=\"148\"><strong>Regulation range [MPa] Pe [min]<\/strong><\/td>\n<td width=\"148\">0.5 MPa<\/td>\n<\/tr>\n<tr>\n<td width=\"148\"><strong>Reset function<\/strong><\/td>\n<td width=\"148\">Auto<\/td>\n<\/tr>\n<tr>\n<td width=\"148\"><strong>SCIP dossier no.<\/strong><\/td>\n<td width=\"148\">c9549e84-c103-45b0-86ec-6021ce3385c8<\/td>\n<\/tr>\n<tr>\n<td width=\"148\"><strong>Serviceable<\/strong><\/td>\n<td width=\"148\">No<\/td>\n<\/tr>\n<tr>\n<td width=\"148\"><strong>Specification key<\/strong><\/td>\n<td width=\"148\">3231-1DB04<\/td>\n<\/tr>\n<tr>\n<td width=\"148\"><strong>Type<\/strong><\/td>\n<td width=\"148\">MBC 5100<\/td>\n<\/tr>\n<tr>\n<td width=\"148\"><strong>UK RoHS compliance<\/strong><\/td>\n<td width=\"148\">Out of scope<\/td>\n<\/tr>\n<\/tbody>\n<\/table>\n<\/td>\n<\/tr>\n<\/tbody>\n<\/table>\n","protected":false},"excerpt":{"rendered":"<p>DANFOSS 061B100266 Pressure switch, MBC 5100 061B100266 Regulation range [bar] Pe: 5.00 \u2013 20.00 Reset function: Auto Pressure connection type: G Pressure connection size: 1\/4 Enclosure rating IP: IP65 Max. Working Pressure [bar]: 150.0 C\u00f4ng t\u1eafc \u00e1p su\u1ea5t Danfoss MBC 5100 (MBC 5100-3231-1DB04, 5-20 bar, Diff. 1-2.5 bar, G1\/4, Flange,&hellip; <\/p>\n","protected":false},"featured_media":4209,"comment_status":"open","ping_status":"closed","template":"","meta":[],"product_cat":[368],"product_tag":[88,176,175],"class_list":{"0":"post-4208","1":"product","2":"type-product","3":"status-publish","4":"has-post-thumbnail","6":"product_cat-danfoss","7":"product_tag-cam-bien","8":"product_tag-dai-ly-danfoss-viet-nam","9":"product_tag-danfoss-viet-nam","11":"first","12":"instock","13":"shipping-taxable","14":"product-type-simple"},"yoast_head":"<!-- This site is optimized with the Yoast SEO plugin v22.8 - https:\/\/yoast.com\/wordpress\/plugins\/seo\/ -->\n<title>DANFOSS 061B100266 - OMANI VI\u1ec6T NAM<\/title>\n<meta name=\"description\" content=\"DANFOSS 061B100266 Pressure switch\" \/>\n<meta name=\"robots\" content=\"index, follow, max-snippet:-1, max-image-preview:large, max-video-preview:-1\" \/>\n<link rel=\"canonical\" href=\"https:\/\/omanivietnam.com\/index.php\/san-pham\/danfoss-061b100266\/\" \/>\n<meta property=\"og:locale\" content=\"vi_VN\" \/>\n<meta property=\"og:type\" content=\"article\" \/>\n<meta property=\"og:title\" content=\"DANFOSS 061B100266 - OMANI VI\u1ec6T NAM\" \/>\n<meta property=\"og:description\" content=\"DANFOSS 061B100266 Pressure switch\" \/>\n<meta property=\"og:url\" content=\"https:\/\/omanivietnam.com\/index.php\/san-pham\/danfoss-061b100266\/\" \/>\n<meta property=\"og:site_name\" content=\"OMANI VI\u1ec6T NAM\" \/>\n<meta property=\"og:image\" content=\"https:\/\/omanivietnam.com\/wp-content\/uploads\/2025\/07\/061B100266.png\" \/>\n\t<meta property=\"og:image:width\" content=\"695\" \/>\n\t<meta property=\"og:image:height\" content=\"862\" \/>\n\t<meta property=\"og:image:type\" content=\"image\/png\" \/>\n<meta name=\"twitter:card\" content=\"summary_large_image\" \/>\n<meta name=\"twitter:label1\" content=\"\u01af\u1edbc t\u00ednh th\u1eddi gian \u0111\u1ecdc\" \/>\n\t<meta name=\"twitter:data1\" content=\"3 ph\u00fat\" \/>\n<script type=\"application\/ld+json\" class=\"yoast-schema-graph\">{\"@context\":\"https:\/\/schema.org\",\"@graph\":[{\"@type\":\"WebPage\",\"@id\":\"https:\/\/omanivietnam.com\/index.php\/san-pham\/danfoss-061b100266\/\",\"url\":\"https:\/\/omanivietnam.com\/index.php\/san-pham\/danfoss-061b100266\/\",\"name\":\"DANFOSS 061B100266 - OMANI VI\u1ec6T NAM\",\"isPartOf\":{\"@id\":\"https:\/\/omanivietnam.com\/#website\"},\"primaryImageOfPage\":{\"@id\":\"https:\/\/omanivietnam.com\/index.php\/san-pham\/danfoss-061b100266\/#primaryimage\"},\"image\":{\"@id\":\"https:\/\/omanivietnam.com\/index.php\/san-pham\/danfoss-061b100266\/#primaryimage\"},\"thumbnailUrl\":\"https:\/\/omanivietnam.com\/wp-content\/uploads\/2025\/07\/061B100266.png\",\"datePublished\":\"2025-07-27T07:38:12+00:00\",\"dateModified\":\"2025-07-27T07:38:12+00:00\",\"description\":\"DANFOSS 061B100266 Pressure switch\",\"breadcrumb\":{\"@id\":\"https:\/\/omanivietnam.com\/index.php\/san-pham\/danfoss-061b100266\/#breadcrumb\"},\"inLanguage\":\"vi\",\"potentialAction\":[{\"@type\":\"ReadAction\",\"target\":[\"https:\/\/omanivietnam.com\/index.php\/san-pham\/danfoss-061b100266\/\"]}]},{\"@type\":\"ImageObject\",\"inLanguage\":\"vi\",\"@id\":\"https:\/\/omanivietnam.com\/index.php\/san-pham\/danfoss-061b100266\/#primaryimage\",\"url\":\"https:\/\/omanivietnam.com\/wp-content\/uploads\/2025\/07\/061B100266.png\",\"contentUrl\":\"https:\/\/omanivietnam.com\/wp-content\/uploads\/2025\/07\/061B100266.png\",\"width\":695,\"height\":862},{\"@type\":\"BreadcrumbList\",\"@id\":\"https:\/\/omanivietnam.com\/index.php\/san-pham\/danfoss-061b100266\/#breadcrumb\",\"itemListElement\":[{\"@type\":\"ListItem\",\"position\":1,\"name\":\"Home\",\"item\":\"https:\/\/omanivietnam.com\/\"},{\"@type\":\"ListItem\",\"position\":2,\"name\":\"S\u1ea2N PH\u1ea8M\",\"item\":\"https:\/\/omanivietnam.com\/index.php\/cua-hang\/\"},{\"@type\":\"ListItem\",\"position\":3,\"name\":\"DANFOSS 061B100266\"}]},{\"@type\":\"WebSite\",\"@id\":\"https:\/\/omanivietnam.com\/#website\",\"url\":\"https:\/\/omanivietnam.com\/\",\"name\":\"OMANI VI\u1ec6T NAM\",\"description\":\"Nh\u00e0 ph\u00e2n ph\u1ed1i thi\u1ebft b\u1ecb kh\u00ed n\u00e9n v\u00e0 thi\u1ebft b\u1ecb t\u1ef1 \u0111\u1ed9ng h\u00f3a trong c\u00f4ng nghi\u1ec7p\",\"publisher\":{\"@id\":\"https:\/\/omanivietnam.com\/#\/schema\/person\/0ad398a980dc3fd696111c2c5c8fa897\"},\"potentialAction\":[{\"@type\":\"SearchAction\",\"target\":{\"@type\":\"EntryPoint\",\"urlTemplate\":\"https:\/\/omanivietnam.com\/?s={search_term_string}\"},\"query-input\":\"required name=search_term_string\"}],\"inLanguage\":\"vi\"},{\"@type\":[\"Person\",\"Organization\"],\"@id\":\"https:\/\/omanivietnam.com\/#\/schema\/person\/0ad398a980dc3fd696111c2c5c8fa897\",\"name\":\"Nguy\u1ec5n V\u0103n Kh\u00e1nh\",\"image\":{\"@type\":\"ImageObject\",\"inLanguage\":\"vi\",\"@id\":\"https:\/\/omanivietnam.com\/#\/schema\/person\/image\/\",\"url\":\"https:\/\/omanivietnam.com\/wp-content\/uploads\/2024\/06\/logo-1024x1024.png\",\"contentUrl\":\"https:\/\/omanivietnam.com\/wp-content\/uploads\/2024\/06\/logo-1024x1024.png\",\"width\":1024,\"height\":1024,\"caption\":\"Nguy\u1ec5n V\u0103n Kh\u00e1nh\"},\"logo\":{\"@id\":\"https:\/\/omanivietnam.com\/#\/schema\/person\/image\/\"},\"sameAs\":[\"https:\/\/omanivietnam.com\"]}]}<\/script>\n<!-- \/ Yoast SEO plugin. -->","yoast_head_json":{"title":"DANFOSS 061B100266 - OMANI VI\u1ec6T NAM","description":"DANFOSS 061B100266 Pressure switch","robots":{"index":"index","follow":"follow","max-snippet":"max-snippet:-1","max-image-preview":"max-image-preview:large","max-video-preview":"max-video-preview:-1"},"canonical":"https:\/\/omanivietnam.com\/index.php\/san-pham\/danfoss-061b100266\/","og_locale":"vi_VN","og_type":"article","og_title":"DANFOSS 061B100266 - OMANI VI\u1ec6T NAM","og_description":"DANFOSS 061B100266 Pressure switch","og_url":"https:\/\/omanivietnam.com\/index.php\/san-pham\/danfoss-061b100266\/","og_site_name":"OMANI VI\u1ec6T NAM","og_image":[{"width":695,"height":862,"url":"https:\/\/omanivietnam.com\/wp-content\/uploads\/2025\/07\/061B100266.png","type":"image\/png"}],"twitter_card":"summary_large_image","twitter_misc":{"\u01af\u1edbc t\u00ednh th\u1eddi gian \u0111\u1ecdc":"3 ph\u00fat"},"schema":{"@context":"https:\/\/schema.org","@graph":[{"@type":"WebPage","@id":"https:\/\/omanivietnam.com\/index.php\/san-pham\/danfoss-061b100266\/","url":"https:\/\/omanivietnam.com\/index.php\/san-pham\/danfoss-061b100266\/","name":"DANFOSS 061B100266 - OMANI VI\u1ec6T NAM","isPartOf":{"@id":"https:\/\/omanivietnam.com\/#website"},"primaryImageOfPage":{"@id":"https:\/\/omanivietnam.com\/index.php\/san-pham\/danfoss-061b100266\/#primaryimage"},"image":{"@id":"https:\/\/omanivietnam.com\/index.php\/san-pham\/danfoss-061b100266\/#primaryimage"},"thumbnailUrl":"https:\/\/omanivietnam.com\/wp-content\/uploads\/2025\/07\/061B100266.png","datePublished":"2025-07-27T07:38:12+00:00","dateModified":"2025-07-27T07:38:12+00:00","description":"DANFOSS 061B100266 Pressure switch","breadcrumb":{"@id":"https:\/\/omanivietnam.com\/index.php\/san-pham\/danfoss-061b100266\/#breadcrumb"},"inLanguage":"vi","potentialAction":[{"@type":"ReadAction","target":["https:\/\/omanivietnam.com\/index.php\/san-pham\/danfoss-061b100266\/"]}]},{"@type":"ImageObject","inLanguage":"vi","@id":"https:\/\/omanivietnam.com\/index.php\/san-pham\/danfoss-061b100266\/#primaryimage","url":"https:\/\/omanivietnam.com\/wp-content\/uploads\/2025\/07\/061B100266.png","contentUrl":"https:\/\/omanivietnam.com\/wp-content\/uploads\/2025\/07\/061B100266.png","width":695,"height":862},{"@type":"BreadcrumbList","@id":"https:\/\/omanivietnam.com\/index.php\/san-pham\/danfoss-061b100266\/#breadcrumb","itemListElement":[{"@type":"ListItem","position":1,"name":"Home","item":"https:\/\/omanivietnam.com\/"},{"@type":"ListItem","position":2,"name":"S\u1ea2N PH\u1ea8M","item":"https:\/\/omanivietnam.com\/index.php\/cua-hang\/"},{"@type":"ListItem","position":3,"name":"DANFOSS 061B100266"}]},{"@type":"WebSite","@id":"https:\/\/omanivietnam.com\/#website","url":"https:\/\/omanivietnam.com\/","name":"OMANI VI\u1ec6T NAM","description":"Nh\u00e0 ph\u00e2n ph\u1ed1i thi\u1ebft b\u1ecb kh\u00ed n\u00e9n v\u00e0 thi\u1ebft b\u1ecb t\u1ef1 \u0111\u1ed9ng h\u00f3a trong c\u00f4ng nghi\u1ec7p","publisher":{"@id":"https:\/\/omanivietnam.com\/#\/schema\/person\/0ad398a980dc3fd696111c2c5c8fa897"},"potentialAction":[{"@type":"SearchAction","target":{"@type":"EntryPoint","urlTemplate":"https:\/\/omanivietnam.com\/?s={search_term_string}"},"query-input":"required name=search_term_string"}],"inLanguage":"vi"},{"@type":["Person","Organization"],"@id":"https:\/\/omanivietnam.com\/#\/schema\/person\/0ad398a980dc3fd696111c2c5c8fa897","name":"Nguy\u1ec5n V\u0103n Kh\u00e1nh","image":{"@type":"ImageObject","inLanguage":"vi","@id":"https:\/\/omanivietnam.com\/#\/schema\/person\/image\/","url":"https:\/\/omanivietnam.com\/wp-content\/uploads\/2024\/06\/logo-1024x1024.png","contentUrl":"https:\/\/omanivietnam.com\/wp-content\/uploads\/2024\/06\/logo-1024x1024.png","width":1024,"height":1024,"caption":"Nguy\u1ec5n V\u0103n Kh\u00e1nh"},"logo":{"@id":"https:\/\/omanivietnam.com\/#\/schema\/person\/image\/"},"sameAs":["https:\/\/omanivietnam.com"]}]}},"_links":{"self":[{"href":"https:\/\/omanivietnam.com\/index.php\/wp-json\/wp\/v2\/product\/4208","targetHints":{"allow":["GET"]}}],"collection":[{"href":"https:\/\/omanivietnam.com\/index.php\/wp-json\/wp\/v2\/product"}],"about":[{"href":"https:\/\/omanivietnam.com\/index.php\/wp-json\/wp\/v2\/types\/product"}],"replies":[{"embeddable":true,"href":"https:\/\/omanivietnam.com\/index.php\/wp-json\/wp\/v2\/comments?post=4208"}],"wp:featuredmedia":[{"embeddable":true,"href":"https:\/\/omanivietnam.com\/index.php\/wp-json\/wp\/v2\/media\/4209"}],"wp:attachment":[{"href":"https:\/\/omanivietnam.com\/index.php\/wp-json\/wp\/v2\/media?parent=4208"}],"wp:term":[{"taxonomy":"product_cat","embeddable":true,"href":"https:\/\/omanivietnam.com\/index.php\/wp-json\/wp\/v2\/product_cat?post=4208"},{"taxonomy":"product_tag","embeddable":true,"href":"https:\/\/omanivietnam.com\/index.php\/wp-json\/wp\/v2\/product_tag?post=4208"}],"curies":[{"name":"wp","href":"https:\/\/api.w.org\/{rel}","templated":true}]}}