{"id":4210,"date":"2025-07-27T14:42:44","date_gmt":"2025-07-27T07:42:44","guid":{"rendered":"https:\/\/omanivietnam.com\/?post_type=product&#038;p=4210"},"modified":"2025-07-27T14:42:44","modified_gmt":"2025-07-27T07:42:44","slug":"danfoss-061b100566","status":"publish","type":"product","link":"https:\/\/omanivietnam.com\/index.php\/san-pham\/danfoss-061b100566\/","title":{"rendered":"DANFOSS 061B100566"},"content":{"rendered":"<p>DANFOSS 061B100566<\/p>\n<p>C\u00f4ng t\u1eafc \u00e1p su\u1ea5t Danfoss MBC 5100, Range 5.00 \u2013 40.00 bar, G 1\/4, Auto (3641-1DB04)<\/p>\n<ul>\n<li><b>Type:\u00a0 \u00a0 \u00a0 \u00a0 \u00a0 \u00a0 \u00a0 \u00a0 \u00a0 \u00a0 \u00a0 \u00a0 \u00a0 \u00a0 \u00a0 \u00a0 \u00a0 \u00a0 \u00a0 \u00a0 \u00a0 \u00a0 \u00a0 \u00a0 \u00a0 \u00a0<\/b>MBC 5100<\/li>\n<li><b>M\u00e3 s\u1ea3n ph\u1ea9m:\u00a0 \u00a0 \u00a0 \u00a0 \u00a0 \u00a0 \u00a0 \u00a0 \u00a0 \u00a0 \u00a0 \u00a0 \u00a0 \u00a0 \u00a0 \u00a0 \u00a0 \u00a0\u00a0<\/b>061B100566<\/li>\n<li><b>Regulation range [bar] Pe:\u00a0 \u00a0 \u00a0 \u00a0 \u00a0 \u00a0 \u00a0 \u00a0<\/b>[5.00 bar] \u2013 [40.00 bar]<\/li>\n<li><strong>Reset function:\u00a0 \u00a0 \u00a0 \u00a0 \u00a0 \u00a0 \u00a0 \u00a0 \u00a0 \u00a0 \u00a0 \u00a0 \u00a0 \u00a0 \u00a0 \u00a0 \u00a0\u00a0<\/strong>Auto<\/li>\n<li><strong>Pressure connection type:\u00a0<\/strong>\u00a0 \u00a0 \u00a0 \u00a0 \u00a0 \u00a0 \u00a0 G<\/li>\n<li><strong>Pressure connection size:\u00a0 \u00a0<\/strong>\u00a0 \u00a0 \u00a0 \u00a0 \u00a0 \u00a0 1\/4<\/li>\n<li><b>Th\u01b0\u01a1ng hi\u1ec7u:\u00a0 \u00a0 \u00a0 \u00a0 \u00a0 \u00a0 \u00a0 \u00a0 \u00a0 \u00a0 \u00a0 \u00a0 \u00a0 \u00a0 \u00a0 \u00a0 \u00a0 \u00a0 \u00a0<\/b>Danfoss<\/li>\n<li><b>Xu\u1ea5t x\u1ee9:\u00a0 \u00a0 \u00a0 \u00a0 \u00a0 \u00a0 \u00a0 \u00a0 \u00a0 \u00a0 \u00a0 \u00a0 \u00a0 \u00a0 \u00a0 \u00a0 \u00a0 \u00a0 \u00a0 \u00a0 \u00a0 \u00a0 \u00a0\u00a0<\/b>Danfoss Poland<\/li>\n<\/ul>\n<h2>Product details C\u00f4ng t\u1eafc \u00e1p su\u1ea5t MBC 5100, Range 5.00 \u2013 40.00 bar \u2013 C\/N: 061B100566<\/h2>\n<p>&nbsp;<\/p>\n<div id=\"page\">\n<div id=\"main-wrapper\" class=\"container\">\n<div id=\"main\" class=\"row\">\n<div class=\"section-1\">\n<div id=\"pro_detail\">\n<div id=\"pro_detail_detail\">\n<div id=\"ui-tabs\">\n<div class=\"tabs ui-tabs ui-widget ui-widget-content ui-corner-all\">\n<div id=\"chi-tiat-san-pham\" class=\"ui-tabs-panel ui-widget-content ui-corner-bottom\">\n<div class=\"content\">\n<table border=\"0\" width=\"516\" cellspacing=\"0\" cellpadding=\"0\">\n<tbody>\n<tr>\n<td><strong>Gross weight<\/strong><\/td>\n<td>0.31\u00a0kg<\/td>\n<\/tr>\n<tr>\n<td><strong>Net weight<\/strong><\/td>\n<td>0.26\u00a0kg<\/td>\n<\/tr>\n<tr>\n<td><strong>EAN<\/strong><\/td>\n<td>5702423218646<\/td>\n<\/tr>\n<\/tbody>\n<\/table>\n<p>&nbsp;<\/p>\n<table border=\"0\" width=\"516\" cellspacing=\"0\" cellpadding=\"0\">\n<tbody>\n<tr>\n<td><strong>Ambient temperature range [\u00b0C] [Max]<\/strong><\/td>\n<td>85 \u00b0C<\/td>\n<\/tr>\n<tr>\n<td><strong>Ambient temperature range [\u00b0C] [Min]<\/strong><\/td>\n<td>-10 \u00b0C<\/td>\n<\/tr>\n<tr>\n<td><strong>Ambient temperature range [\u00b0F] [Max]<\/strong><\/td>\n<td>185 \u00b0F<\/td>\n<\/tr>\n<tr>\n<td><strong>Ambient temperature range [\u00b0F] [Min]<\/strong><\/td>\n<td>14 \u00b0F<\/td>\n<\/tr>\n<tr>\n<td><strong>Approval \u2013 C\/N: 061B100566<\/strong><\/td>\n<td>ABS<br \/>\nBV<br \/>\nCCC<br \/>\nCCS<br \/>\nCE<br \/>\nDNV<br \/>\nEAC<br \/>\nGL<br \/>\nKRS<br \/>\nLR<br \/>\nLVD<br \/>\nNKK<br \/>\nRINA<br \/>\nRMRS<br \/>\nRoHS<br \/>\nRoHS China<br \/>\nTYSK<br \/>\nCMIM<br \/>\nLLC CDC EURO-TYSK<\/td>\n<\/tr>\n<tr>\n<td><strong>Burst pressure [bar]<\/strong><\/td>\n<td>300\u00a0bar<\/td>\n<\/tr>\n<tr>\n<td><strong>Contact function<\/strong><\/td>\n<td>SPDT<\/td>\n<\/tr>\n<tr>\n<td><strong>Contact rating<\/strong><\/td>\n<td>AC15=0.5 A, 250 V<br \/>\nDC13=12 W, 125 V<\/td>\n<\/tr>\n<tr>\n<td><strong>Diff.@Max. range setting [bar]<\/strong><\/td>\n<td>7 bar<\/td>\n<\/tr>\n<tr>\n<td><strong>Diff.@Min. range setting [bar]<\/strong><\/td>\n<td>2 bar<\/td>\n<\/tr>\n<tr>\n<td><strong>Electrical conn. Male\/Female<\/strong><\/td>\n<td>Female<\/td>\n<\/tr>\n<tr>\n<td><strong>Electrical connection<\/strong><\/td>\n<td>DIN-plug<\/td>\n<\/tr>\n<tr>\n<td><strong>Electrical connection size<\/strong><\/td>\n<td>Pg 11<\/td>\n<\/tr>\n<tr>\n<td><strong>Electrical connection standard<\/strong><\/td>\n<td>EN 175301-803-A<\/td>\n<\/tr>\n<tr>\n<td><strong>Electrical spec. standard<\/strong><\/td>\n<td>EN 60947-5<\/td>\n<\/tr>\n<tr>\n<td><strong>Enclosure rating IP\u00a0<\/strong><strong>\u2013 C\/N: 061B100566<\/strong><\/td>\n<td>IP65<\/td>\n<\/tr>\n<tr>\n<td><strong>Equipment<\/strong><\/td>\n<td><\/td>\n<\/tr>\n<tr>\n<td><strong>Max. test pressure [bar] Pe<\/strong><\/td>\n<td>150\u00a0bar<\/td>\n<\/tr>\n<tr>\n<td><strong>Max. test pressure [psig]<\/strong><\/td>\n<td>2176\u00a0psig<\/td>\n<\/tr>\n<tr>\n<td><strong>Max. Working Pressure [bar]<\/strong><\/td>\n<td>150\u00a0bar<\/td>\n<\/tr>\n<tr>\n<td><strong>Max. Working Pressure [psig]<\/strong><\/td>\n<td>2175\u00a0psig<\/td>\n<\/tr>\n<tr>\n<td><strong>Packing format<\/strong><\/td>\n<td>Multi pack<\/td>\n<\/tr>\n<tr>\n<td><strong>Pressure connection notes<\/strong><\/td>\n<td>With flange<\/td>\n<\/tr>\n<tr>\n<td><strong>Pressure connection size<\/strong><\/td>\n<td>1\/4<\/td>\n<\/tr>\n<tr>\n<td><strong>Pressure connection standard<\/strong><\/td>\n<td>ISO 228-1<\/td>\n<\/tr>\n<tr>\n<td><strong>Pressure connection type<\/strong><\/td>\n<td>G<\/td>\n<\/tr>\n<tr>\n<td><strong>Pressure Male\/Female<\/strong><\/td>\n<td>Female<\/td>\n<\/tr>\n<tr>\n<td><strong>Pressure sensing element<\/strong><\/td>\n<td>Diaphragm<\/td>\n<\/tr>\n<tr>\n<td><strong>Product accessories \u2013 C\/N: 061B100566<\/strong><\/td>\n<td>Switches accessories<\/td>\n<\/tr>\n<tr>\n<td><strong>Product description<\/strong><\/td>\n<td>Pressure Switch<\/td>\n<\/tr>\n<tr>\n<td><strong>Product family name<\/strong><\/td>\n<td>MBC<\/td>\n<\/tr>\n<tr>\n<td><strong>Product group<\/strong><\/td>\n<td>Switches and thermostats<\/td>\n<\/tr>\n<tr>\n<td><strong>Product name<\/strong><\/td>\n<td>Pressure switch<\/td>\n<\/tr>\n<tr>\n<td><strong>Quantity per packing format<\/strong><\/td>\n<td>32 pc<\/td>\n<\/tr>\n<tr>\n<td><strong>Regulation range [bar] Pe [Max]<\/strong><\/td>\n<td>40\u00a0bar<\/td>\n<\/tr>\n<tr>\n<td><strong>Regulation range [bar] Pe [Min]<\/strong><\/td>\n<td>5 bar<\/td>\n<\/tr>\n<tr>\n<td><strong>Regulation range [MPa] Pe [Max]<\/strong><\/td>\n<td>4 MPa<\/td>\n<\/tr>\n<tr>\n<td><strong>Regulation range [MPa] Pe [Min]<\/strong><\/td>\n<td>0.5 MPa<\/td>\n<\/tr>\n<tr>\n<td><strong>Reset function<\/strong><\/td>\n<td>Auto<\/td>\n<\/tr>\n<tr>\n<td><strong>Serviceable<\/strong><\/td>\n<td>No<\/td>\n<\/tr>\n<tr>\n<td><strong>Specification key<\/strong><\/td>\n<td>3641-1DB04<\/td>\n<\/tr>\n<tr>\n<td><strong>Type<\/strong><\/td>\n<td>MBC 5100<\/td>\n<\/tr>\n<\/tbody>\n<\/table>\n<\/div>\n<\/div>\n<\/div>\n<\/div>\n<\/div>\n<\/div>\n<\/div>\n<\/div>\n<\/div>\n<\/div>\n","protected":false},"excerpt":{"rendered":"<p>DANFOSS 061B100566 C\u00f4ng t\u1eafc \u00e1p su\u1ea5t Danfoss MBC 5100, Range 5.00 \u2013 40.00 bar, G 1\/4, Auto (3641-1DB04) Type:\u00a0 \u00a0 \u00a0 \u00a0 \u00a0 \u00a0 \u00a0 \u00a0 \u00a0 \u00a0 \u00a0 \u00a0 \u00a0 \u00a0 \u00a0 \u00a0 \u00a0 \u00a0 \u00a0 \u00a0 \u00a0 \u00a0 \u00a0 \u00a0 \u00a0 \u00a0MBC 5100 M\u00e3 s\u1ea3n ph\u1ea9m:\u00a0 \u00a0 \u00a0&hellip; <\/p>\n","protected":false},"featured_media":4211,"comment_status":"open","ping_status":"closed","template":"","meta":[],"product_cat":[368],"product_tag":[88,176,175],"class_list":{"0":"post-4210","1":"product","2":"type-product","3":"status-publish","4":"has-post-thumbnail","6":"product_cat-danfoss","7":"product_tag-cam-bien","8":"product_tag-dai-ly-danfoss-viet-nam","9":"product_tag-danfoss-viet-nam","11":"first","12":"instock","13":"shipping-taxable","14":"product-type-simple"},"yoast_head":"<!-- This site is optimized with the Yoast SEO plugin v22.8 - https:\/\/yoast.com\/wordpress\/plugins\/seo\/ -->\n<title>DANFOSS 061B100566 - OMANI VI\u1ec6T NAM<\/title>\n<meta name=\"description\" content=\"DANFOSS 061B100566 Pressure switch\" \/>\n<meta name=\"robots\" content=\"index, follow, max-snippet:-1, max-image-preview:large, max-video-preview:-1\" \/>\n<link rel=\"canonical\" href=\"https:\/\/omanivietnam.com\/index.php\/san-pham\/danfoss-061b100566\/\" \/>\n<meta property=\"og:locale\" content=\"vi_VN\" \/>\n<meta property=\"og:type\" content=\"article\" \/>\n<meta property=\"og:title\" content=\"DANFOSS 061B100566 - OMANI VI\u1ec6T NAM\" \/>\n<meta property=\"og:description\" content=\"DANFOSS 061B100566 Pressure switch\" \/>\n<meta property=\"og:url\" content=\"https:\/\/omanivietnam.com\/index.php\/san-pham\/danfoss-061b100566\/\" \/>\n<meta property=\"og:site_name\" content=\"OMANI VI\u1ec6T NAM\" \/>\n<meta property=\"og:image\" content=\"https:\/\/omanivietnam.com\/wp-content\/uploads\/2025\/07\/061B100566.png\" \/>\n\t<meta property=\"og:image:width\" content=\"800\" \/>\n\t<meta property=\"og:image:height\" content=\"870\" \/>\n\t<meta property=\"og:image:type\" content=\"image\/png\" \/>\n<meta name=\"twitter:card\" content=\"summary_large_image\" \/>\n<meta name=\"twitter:label1\" content=\"\u01af\u1edbc t\u00ednh th\u1eddi gian \u0111\u1ecdc\" \/>\n\t<meta name=\"twitter:data1\" content=\"2 ph\u00fat\" \/>\n<script type=\"application\/ld+json\" class=\"yoast-schema-graph\">{\"@context\":\"https:\/\/schema.org\",\"@graph\":[{\"@type\":\"WebPage\",\"@id\":\"https:\/\/omanivietnam.com\/index.php\/san-pham\/danfoss-061b100566\/\",\"url\":\"https:\/\/omanivietnam.com\/index.php\/san-pham\/danfoss-061b100566\/\",\"name\":\"DANFOSS 061B100566 - OMANI VI\u1ec6T NAM\",\"isPartOf\":{\"@id\":\"https:\/\/omanivietnam.com\/#website\"},\"primaryImageOfPage\":{\"@id\":\"https:\/\/omanivietnam.com\/index.php\/san-pham\/danfoss-061b100566\/#primaryimage\"},\"image\":{\"@id\":\"https:\/\/omanivietnam.com\/index.php\/san-pham\/danfoss-061b100566\/#primaryimage\"},\"thumbnailUrl\":\"https:\/\/omanivietnam.com\/wp-content\/uploads\/2025\/07\/061B100566.png\",\"datePublished\":\"2025-07-27T07:42:44+00:00\",\"dateModified\":\"2025-07-27T07:42:44+00:00\",\"description\":\"DANFOSS 061B100566 Pressure switch\",\"breadcrumb\":{\"@id\":\"https:\/\/omanivietnam.com\/index.php\/san-pham\/danfoss-061b100566\/#breadcrumb\"},\"inLanguage\":\"vi\",\"potentialAction\":[{\"@type\":\"ReadAction\",\"target\":[\"https:\/\/omanivietnam.com\/index.php\/san-pham\/danfoss-061b100566\/\"]}]},{\"@type\":\"ImageObject\",\"inLanguage\":\"vi\",\"@id\":\"https:\/\/omanivietnam.com\/index.php\/san-pham\/danfoss-061b100566\/#primaryimage\",\"url\":\"https:\/\/omanivietnam.com\/wp-content\/uploads\/2025\/07\/061B100566.png\",\"contentUrl\":\"https:\/\/omanivietnam.com\/wp-content\/uploads\/2025\/07\/061B100566.png\",\"width\":800,\"height\":870},{\"@type\":\"BreadcrumbList\",\"@id\":\"https:\/\/omanivietnam.com\/index.php\/san-pham\/danfoss-061b100566\/#breadcrumb\",\"itemListElement\":[{\"@type\":\"ListItem\",\"position\":1,\"name\":\"Home\",\"item\":\"https:\/\/omanivietnam.com\/\"},{\"@type\":\"ListItem\",\"position\":2,\"name\":\"S\u1ea2N PH\u1ea8M\",\"item\":\"https:\/\/omanivietnam.com\/index.php\/cua-hang\/\"},{\"@type\":\"ListItem\",\"position\":3,\"name\":\"DANFOSS 061B100566\"}]},{\"@type\":\"WebSite\",\"@id\":\"https:\/\/omanivietnam.com\/#website\",\"url\":\"https:\/\/omanivietnam.com\/\",\"name\":\"OMANI VI\u1ec6T NAM\",\"description\":\"Nh\u00e0 ph\u00e2n ph\u1ed1i thi\u1ebft b\u1ecb kh\u00ed n\u00e9n v\u00e0 thi\u1ebft b\u1ecb t\u1ef1 \u0111\u1ed9ng h\u00f3a trong c\u00f4ng nghi\u1ec7p\",\"publisher\":{\"@id\":\"https:\/\/omanivietnam.com\/#\/schema\/person\/0ad398a980dc3fd696111c2c5c8fa897\"},\"potentialAction\":[{\"@type\":\"SearchAction\",\"target\":{\"@type\":\"EntryPoint\",\"urlTemplate\":\"https:\/\/omanivietnam.com\/?s={search_term_string}\"},\"query-input\":\"required name=search_term_string\"}],\"inLanguage\":\"vi\"},{\"@type\":[\"Person\",\"Organization\"],\"@id\":\"https:\/\/omanivietnam.com\/#\/schema\/person\/0ad398a980dc3fd696111c2c5c8fa897\",\"name\":\"Nguy\u1ec5n V\u0103n Kh\u00e1nh\",\"image\":{\"@type\":\"ImageObject\",\"inLanguage\":\"vi\",\"@id\":\"https:\/\/omanivietnam.com\/#\/schema\/person\/image\/\",\"url\":\"https:\/\/omanivietnam.com\/wp-content\/uploads\/2024\/06\/logo-1024x1024.png\",\"contentUrl\":\"https:\/\/omanivietnam.com\/wp-content\/uploads\/2024\/06\/logo-1024x1024.png\",\"width\":1024,\"height\":1024,\"caption\":\"Nguy\u1ec5n V\u0103n Kh\u00e1nh\"},\"logo\":{\"@id\":\"https:\/\/omanivietnam.com\/#\/schema\/person\/image\/\"},\"sameAs\":[\"https:\/\/omanivietnam.com\"]}]}<\/script>\n<!-- \/ Yoast SEO plugin. -->","yoast_head_json":{"title":"DANFOSS 061B100566 - OMANI VI\u1ec6T NAM","description":"DANFOSS 061B100566 Pressure switch","robots":{"index":"index","follow":"follow","max-snippet":"max-snippet:-1","max-image-preview":"max-image-preview:large","max-video-preview":"max-video-preview:-1"},"canonical":"https:\/\/omanivietnam.com\/index.php\/san-pham\/danfoss-061b100566\/","og_locale":"vi_VN","og_type":"article","og_title":"DANFOSS 061B100566 - OMANI VI\u1ec6T NAM","og_description":"DANFOSS 061B100566 Pressure switch","og_url":"https:\/\/omanivietnam.com\/index.php\/san-pham\/danfoss-061b100566\/","og_site_name":"OMANI VI\u1ec6T NAM","og_image":[{"width":800,"height":870,"url":"https:\/\/omanivietnam.com\/wp-content\/uploads\/2025\/07\/061B100566.png","type":"image\/png"}],"twitter_card":"summary_large_image","twitter_misc":{"\u01af\u1edbc t\u00ednh th\u1eddi gian \u0111\u1ecdc":"2 ph\u00fat"},"schema":{"@context":"https:\/\/schema.org","@graph":[{"@type":"WebPage","@id":"https:\/\/omanivietnam.com\/index.php\/san-pham\/danfoss-061b100566\/","url":"https:\/\/omanivietnam.com\/index.php\/san-pham\/danfoss-061b100566\/","name":"DANFOSS 061B100566 - OMANI VI\u1ec6T NAM","isPartOf":{"@id":"https:\/\/omanivietnam.com\/#website"},"primaryImageOfPage":{"@id":"https:\/\/omanivietnam.com\/index.php\/san-pham\/danfoss-061b100566\/#primaryimage"},"image":{"@id":"https:\/\/omanivietnam.com\/index.php\/san-pham\/danfoss-061b100566\/#primaryimage"},"thumbnailUrl":"https:\/\/omanivietnam.com\/wp-content\/uploads\/2025\/07\/061B100566.png","datePublished":"2025-07-27T07:42:44+00:00","dateModified":"2025-07-27T07:42:44+00:00","description":"DANFOSS 061B100566 Pressure switch","breadcrumb":{"@id":"https:\/\/omanivietnam.com\/index.php\/san-pham\/danfoss-061b100566\/#breadcrumb"},"inLanguage":"vi","potentialAction":[{"@type":"ReadAction","target":["https:\/\/omanivietnam.com\/index.php\/san-pham\/danfoss-061b100566\/"]}]},{"@type":"ImageObject","inLanguage":"vi","@id":"https:\/\/omanivietnam.com\/index.php\/san-pham\/danfoss-061b100566\/#primaryimage","url":"https:\/\/omanivietnam.com\/wp-content\/uploads\/2025\/07\/061B100566.png","contentUrl":"https:\/\/omanivietnam.com\/wp-content\/uploads\/2025\/07\/061B100566.png","width":800,"height":870},{"@type":"BreadcrumbList","@id":"https:\/\/omanivietnam.com\/index.php\/san-pham\/danfoss-061b100566\/#breadcrumb","itemListElement":[{"@type":"ListItem","position":1,"name":"Home","item":"https:\/\/omanivietnam.com\/"},{"@type":"ListItem","position":2,"name":"S\u1ea2N PH\u1ea8M","item":"https:\/\/omanivietnam.com\/index.php\/cua-hang\/"},{"@type":"ListItem","position":3,"name":"DANFOSS 061B100566"}]},{"@type":"WebSite","@id":"https:\/\/omanivietnam.com\/#website","url":"https:\/\/omanivietnam.com\/","name":"OMANI VI\u1ec6T NAM","description":"Nh\u00e0 ph\u00e2n ph\u1ed1i thi\u1ebft b\u1ecb kh\u00ed n\u00e9n v\u00e0 thi\u1ebft b\u1ecb t\u1ef1 \u0111\u1ed9ng h\u00f3a trong c\u00f4ng nghi\u1ec7p","publisher":{"@id":"https:\/\/omanivietnam.com\/#\/schema\/person\/0ad398a980dc3fd696111c2c5c8fa897"},"potentialAction":[{"@type":"SearchAction","target":{"@type":"EntryPoint","urlTemplate":"https:\/\/omanivietnam.com\/?s={search_term_string}"},"query-input":"required name=search_term_string"}],"inLanguage":"vi"},{"@type":["Person","Organization"],"@id":"https:\/\/omanivietnam.com\/#\/schema\/person\/0ad398a980dc3fd696111c2c5c8fa897","name":"Nguy\u1ec5n V\u0103n Kh\u00e1nh","image":{"@type":"ImageObject","inLanguage":"vi","@id":"https:\/\/omanivietnam.com\/#\/schema\/person\/image\/","url":"https:\/\/omanivietnam.com\/wp-content\/uploads\/2024\/06\/logo-1024x1024.png","contentUrl":"https:\/\/omanivietnam.com\/wp-content\/uploads\/2024\/06\/logo-1024x1024.png","width":1024,"height":1024,"caption":"Nguy\u1ec5n V\u0103n Kh\u00e1nh"},"logo":{"@id":"https:\/\/omanivietnam.com\/#\/schema\/person\/image\/"},"sameAs":["https:\/\/omanivietnam.com"]}]}},"_links":{"self":[{"href":"https:\/\/omanivietnam.com\/index.php\/wp-json\/wp\/v2\/product\/4210","targetHints":{"allow":["GET"]}}],"collection":[{"href":"https:\/\/omanivietnam.com\/index.php\/wp-json\/wp\/v2\/product"}],"about":[{"href":"https:\/\/omanivietnam.com\/index.php\/wp-json\/wp\/v2\/types\/product"}],"replies":[{"embeddable":true,"href":"https:\/\/omanivietnam.com\/index.php\/wp-json\/wp\/v2\/comments?post=4210"}],"wp:featuredmedia":[{"embeddable":true,"href":"https:\/\/omanivietnam.com\/index.php\/wp-json\/wp\/v2\/media\/4211"}],"wp:attachment":[{"href":"https:\/\/omanivietnam.com\/index.php\/wp-json\/wp\/v2\/media?parent=4210"}],"wp:term":[{"taxonomy":"product_cat","embeddable":true,"href":"https:\/\/omanivietnam.com\/index.php\/wp-json\/wp\/v2\/product_cat?post=4210"},{"taxonomy":"product_tag","embeddable":true,"href":"https:\/\/omanivietnam.com\/index.php\/wp-json\/wp\/v2\/product_tag?post=4210"}],"curies":[{"name":"wp","href":"https:\/\/api.w.org\/{rel}","templated":true}]}}