{"id":4219,"date":"2025-07-31T21:55:38","date_gmt":"2025-07-31T14:55:38","guid":{"rendered":"https:\/\/omanivietnam.com\/?post_type=product&#038;p=4219"},"modified":"2025-07-31T21:55:38","modified_gmt":"2025-07-31T14:55:38","slug":"carlo-gavazzi-rgc3p60v65edfp","status":"publish","type":"product","link":"https:\/\/omanivietnam.com\/index.php\/san-pham\/carlo-gavazzi-rgc3p60v65edfp\/","title":{"rendered":"CARLO GAVAZZI RGC3P60V65EDFP"},"content":{"rendered":"<p>CARLO GAVAZZI RGC3P60V65EDFP<\/p>\n<h3>RGC3P60V65EDFP<\/h3>\n<p>3-pole DIN-rail mount SSR, Proportional control (Phase angle), Operating voltage (Ue): 180 &#8211; 660 Vac (1200 Vp), Rated current (Ie): 65 Aac, Input: 0 &#8211; 5 \/ 1 &#8211; 5 \/ 0 &#8211; 10 Vdc, External supply: 24 Vdc\/Vac, Built-in overvoltage protection<\/p>\n<h3>Specifications<\/h3>\n<div class=\"detail-row \">\n<div class=\"col-6\">Output switching mode Proportional<\/div>\n<\/div>\n<div class=\"detail-row \">\n<div class=\"col-6\">Number of poles 3<\/div>\n<\/div>\n<div class=\"detail-row \">\n<div class=\"col-6\">Rated current AC-51 66 A<\/div>\n<\/div>\n<div class=\"detail-row \">\n<div class=\"col-6\">Operating voltage 180 V &#8230; 660 V<\/div>\n<\/div>\n<div class=\"detail-row \">\n<div class=\"col-6\">Control voltage DC 0 V &#8230; 10 V<\/div>\n<\/div>\n<div class=\"detail-row \">\n<div class=\"col-6\">Analogue control signal 0-10V, 0-5V, 1-5V<\/div>\n<\/div>\n<div class=\"detail-row \">\n<div class=\"col-6\">Power connection Box clamp<\/div>\n<\/div>\n","protected":false},"excerpt":{"rendered":"<p>CARLO GAVAZZI RGC3P60V65EDFP RGC3P60V65EDFP 3-pole DIN-rail mount SSR, Proportional control (Phase angle), Operating voltage (Ue): 180 &#8211; 660 Vac (1200 Vp), Rated current (Ie): 65 Aac, Input: 0 &#8211; 5 \/ 1 &#8211; 5 \/ 0 &#8211; 10 Vdc, External supply: 24 Vdc\/Vac, Built-in overvoltage protection Specifications Output switching mode&hellip; <\/p>\n","protected":false},"featured_media":4220,"comment_status":"open","ping_status":"closed","template":"","meta":[],"product_cat":[809],"product_tag":[810,811,161],"class_list":{"0":"post-4219","1":"product","2":"type-product","3":"status-publish","4":"has-post-thumbnail","6":"product_cat-carlo-gavazzi","7":"product_tag-carlo-gavazzi-viet-nam","8":"product_tag-dai-ly-carlo-gavazzi-viet-nam","9":"product_tag-ro-le","11":"first","12":"instock","13":"shipping-taxable","14":"product-type-simple"},"yoast_head":"<!-- This site is optimized with the Yoast SEO plugin v22.8 - https:\/\/yoast.com\/wordpress\/plugins\/seo\/ -->\n<title>CARLO GAVAZZI RGC3P60V65EDFP - OMANI VI\u1ec6T NAM<\/title>\n<meta name=\"description\" content=\"CARLO GAVAZZI RGC3P60V65EDFP Solid State Relay\" \/>\n<meta name=\"robots\" content=\"index, follow, max-snippet:-1, max-image-preview:large, max-video-preview:-1\" \/>\n<link rel=\"canonical\" href=\"https:\/\/omanivietnam.com\/index.php\/san-pham\/carlo-gavazzi-rgc3p60v65edfp\/\" \/>\n<meta property=\"og:locale\" content=\"vi_VN\" \/>\n<meta property=\"og:type\" content=\"article\" \/>\n<meta property=\"og:title\" content=\"CARLO GAVAZZI RGC3P60V65EDFP - OMANI VI\u1ec6T NAM\" \/>\n<meta property=\"og:description\" content=\"CARLO GAVAZZI RGC3P60V65EDFP Solid State Relay\" \/>\n<meta property=\"og:url\" content=\"https:\/\/omanivietnam.com\/index.php\/san-pham\/carlo-gavazzi-rgc3p60v65edfp\/\" \/>\n<meta property=\"og:site_name\" content=\"OMANI VI\u1ec6T NAM\" \/>\n<meta property=\"og:image\" content=\"https:\/\/omanivietnam.com\/wp-content\/uploads\/2025\/07\/RGC3P60V65EDFP.png\" \/>\n\t<meta property=\"og:image:width\" content=\"334\" \/>\n\t<meta property=\"og:image:height\" content=\"381\" \/>\n\t<meta property=\"og:image:type\" content=\"image\/png\" \/>\n<meta name=\"twitter:card\" content=\"summary_large_image\" \/>\n<meta name=\"twitter:label1\" content=\"\u01af\u1edbc t\u00ednh th\u1eddi gian \u0111\u1ecdc\" \/>\n\t<meta name=\"twitter:data1\" content=\"1 ph\u00fat\" \/>\n<script type=\"application\/ld+json\" class=\"yoast-schema-graph\">{\"@context\":\"https:\/\/schema.org\",\"@graph\":[{\"@type\":\"WebPage\",\"@id\":\"https:\/\/omanivietnam.com\/index.php\/san-pham\/carlo-gavazzi-rgc3p60v65edfp\/\",\"url\":\"https:\/\/omanivietnam.com\/index.php\/san-pham\/carlo-gavazzi-rgc3p60v65edfp\/\",\"name\":\"CARLO GAVAZZI RGC3P60V65EDFP - OMANI VI\u1ec6T NAM\",\"isPartOf\":{\"@id\":\"https:\/\/omanivietnam.com\/#website\"},\"primaryImageOfPage\":{\"@id\":\"https:\/\/omanivietnam.com\/index.php\/san-pham\/carlo-gavazzi-rgc3p60v65edfp\/#primaryimage\"},\"image\":{\"@id\":\"https:\/\/omanivietnam.com\/index.php\/san-pham\/carlo-gavazzi-rgc3p60v65edfp\/#primaryimage\"},\"thumbnailUrl\":\"https:\/\/omanivietnam.com\/wp-content\/uploads\/2025\/07\/RGC3P60V65EDFP.png\",\"datePublished\":\"2025-07-31T14:55:38+00:00\",\"dateModified\":\"2025-07-31T14:55:38+00:00\",\"description\":\"CARLO GAVAZZI RGC3P60V65EDFP Solid State Relay\",\"breadcrumb\":{\"@id\":\"https:\/\/omanivietnam.com\/index.php\/san-pham\/carlo-gavazzi-rgc3p60v65edfp\/#breadcrumb\"},\"inLanguage\":\"vi\",\"potentialAction\":[{\"@type\":\"ReadAction\",\"target\":[\"https:\/\/omanivietnam.com\/index.php\/san-pham\/carlo-gavazzi-rgc3p60v65edfp\/\"]}]},{\"@type\":\"ImageObject\",\"inLanguage\":\"vi\",\"@id\":\"https:\/\/omanivietnam.com\/index.php\/san-pham\/carlo-gavazzi-rgc3p60v65edfp\/#primaryimage\",\"url\":\"https:\/\/omanivietnam.com\/wp-content\/uploads\/2025\/07\/RGC3P60V65EDFP.png\",\"contentUrl\":\"https:\/\/omanivietnam.com\/wp-content\/uploads\/2025\/07\/RGC3P60V65EDFP.png\",\"width\":334,\"height\":381},{\"@type\":\"BreadcrumbList\",\"@id\":\"https:\/\/omanivietnam.com\/index.php\/san-pham\/carlo-gavazzi-rgc3p60v65edfp\/#breadcrumb\",\"itemListElement\":[{\"@type\":\"ListItem\",\"position\":1,\"name\":\"Home\",\"item\":\"https:\/\/omanivietnam.com\/\"},{\"@type\":\"ListItem\",\"position\":2,\"name\":\"S\u1ea2N PH\u1ea8M\",\"item\":\"https:\/\/omanivietnam.com\/index.php\/cua-hang\/\"},{\"@type\":\"ListItem\",\"position\":3,\"name\":\"CARLO GAVAZZI RGC3P60V65EDFP\"}]},{\"@type\":\"WebSite\",\"@id\":\"https:\/\/omanivietnam.com\/#website\",\"url\":\"https:\/\/omanivietnam.com\/\",\"name\":\"OMANI VI\u1ec6T NAM\",\"description\":\"Nh\u00e0 ph\u00e2n ph\u1ed1i thi\u1ebft b\u1ecb kh\u00ed n\u00e9n v\u00e0 thi\u1ebft b\u1ecb t\u1ef1 \u0111\u1ed9ng h\u00f3a trong c\u00f4ng nghi\u1ec7p\",\"publisher\":{\"@id\":\"https:\/\/omanivietnam.com\/#\/schema\/person\/0ad398a980dc3fd696111c2c5c8fa897\"},\"potentialAction\":[{\"@type\":\"SearchAction\",\"target\":{\"@type\":\"EntryPoint\",\"urlTemplate\":\"https:\/\/omanivietnam.com\/?s={search_term_string}\"},\"query-input\":\"required name=search_term_string\"}],\"inLanguage\":\"vi\"},{\"@type\":[\"Person\",\"Organization\"],\"@id\":\"https:\/\/omanivietnam.com\/#\/schema\/person\/0ad398a980dc3fd696111c2c5c8fa897\",\"name\":\"Nguy\u1ec5n V\u0103n Kh\u00e1nh\",\"image\":{\"@type\":\"ImageObject\",\"inLanguage\":\"vi\",\"@id\":\"https:\/\/omanivietnam.com\/#\/schema\/person\/image\/\",\"url\":\"https:\/\/omanivietnam.com\/wp-content\/uploads\/2024\/06\/logo-1024x1024.png\",\"contentUrl\":\"https:\/\/omanivietnam.com\/wp-content\/uploads\/2024\/06\/logo-1024x1024.png\",\"width\":1024,\"height\":1024,\"caption\":\"Nguy\u1ec5n V\u0103n Kh\u00e1nh\"},\"logo\":{\"@id\":\"https:\/\/omanivietnam.com\/#\/schema\/person\/image\/\"},\"sameAs\":[\"https:\/\/omanivietnam.com\"]}]}<\/script>\n<!-- \/ Yoast SEO plugin. -->","yoast_head_json":{"title":"CARLO GAVAZZI RGC3P60V65EDFP - OMANI VI\u1ec6T NAM","description":"CARLO GAVAZZI RGC3P60V65EDFP Solid State Relay","robots":{"index":"index","follow":"follow","max-snippet":"max-snippet:-1","max-image-preview":"max-image-preview:large","max-video-preview":"max-video-preview:-1"},"canonical":"https:\/\/omanivietnam.com\/index.php\/san-pham\/carlo-gavazzi-rgc3p60v65edfp\/","og_locale":"vi_VN","og_type":"article","og_title":"CARLO GAVAZZI RGC3P60V65EDFP - OMANI VI\u1ec6T NAM","og_description":"CARLO GAVAZZI RGC3P60V65EDFP Solid State Relay","og_url":"https:\/\/omanivietnam.com\/index.php\/san-pham\/carlo-gavazzi-rgc3p60v65edfp\/","og_site_name":"OMANI VI\u1ec6T NAM","og_image":[{"width":334,"height":381,"url":"https:\/\/omanivietnam.com\/wp-content\/uploads\/2025\/07\/RGC3P60V65EDFP.png","type":"image\/png"}],"twitter_card":"summary_large_image","twitter_misc":{"\u01af\u1edbc t\u00ednh th\u1eddi gian \u0111\u1ecdc":"1 ph\u00fat"},"schema":{"@context":"https:\/\/schema.org","@graph":[{"@type":"WebPage","@id":"https:\/\/omanivietnam.com\/index.php\/san-pham\/carlo-gavazzi-rgc3p60v65edfp\/","url":"https:\/\/omanivietnam.com\/index.php\/san-pham\/carlo-gavazzi-rgc3p60v65edfp\/","name":"CARLO GAVAZZI RGC3P60V65EDFP - OMANI VI\u1ec6T NAM","isPartOf":{"@id":"https:\/\/omanivietnam.com\/#website"},"primaryImageOfPage":{"@id":"https:\/\/omanivietnam.com\/index.php\/san-pham\/carlo-gavazzi-rgc3p60v65edfp\/#primaryimage"},"image":{"@id":"https:\/\/omanivietnam.com\/index.php\/san-pham\/carlo-gavazzi-rgc3p60v65edfp\/#primaryimage"},"thumbnailUrl":"https:\/\/omanivietnam.com\/wp-content\/uploads\/2025\/07\/RGC3P60V65EDFP.png","datePublished":"2025-07-31T14:55:38+00:00","dateModified":"2025-07-31T14:55:38+00:00","description":"CARLO GAVAZZI RGC3P60V65EDFP Solid State Relay","breadcrumb":{"@id":"https:\/\/omanivietnam.com\/index.php\/san-pham\/carlo-gavazzi-rgc3p60v65edfp\/#breadcrumb"},"inLanguage":"vi","potentialAction":[{"@type":"ReadAction","target":["https:\/\/omanivietnam.com\/index.php\/san-pham\/carlo-gavazzi-rgc3p60v65edfp\/"]}]},{"@type":"ImageObject","inLanguage":"vi","@id":"https:\/\/omanivietnam.com\/index.php\/san-pham\/carlo-gavazzi-rgc3p60v65edfp\/#primaryimage","url":"https:\/\/omanivietnam.com\/wp-content\/uploads\/2025\/07\/RGC3P60V65EDFP.png","contentUrl":"https:\/\/omanivietnam.com\/wp-content\/uploads\/2025\/07\/RGC3P60V65EDFP.png","width":334,"height":381},{"@type":"BreadcrumbList","@id":"https:\/\/omanivietnam.com\/index.php\/san-pham\/carlo-gavazzi-rgc3p60v65edfp\/#breadcrumb","itemListElement":[{"@type":"ListItem","position":1,"name":"Home","item":"https:\/\/omanivietnam.com\/"},{"@type":"ListItem","position":2,"name":"S\u1ea2N PH\u1ea8M","item":"https:\/\/omanivietnam.com\/index.php\/cua-hang\/"},{"@type":"ListItem","position":3,"name":"CARLO GAVAZZI RGC3P60V65EDFP"}]},{"@type":"WebSite","@id":"https:\/\/omanivietnam.com\/#website","url":"https:\/\/omanivietnam.com\/","name":"OMANI VI\u1ec6T NAM","description":"Nh\u00e0 ph\u00e2n ph\u1ed1i thi\u1ebft b\u1ecb kh\u00ed n\u00e9n v\u00e0 thi\u1ebft b\u1ecb t\u1ef1 \u0111\u1ed9ng h\u00f3a trong c\u00f4ng nghi\u1ec7p","publisher":{"@id":"https:\/\/omanivietnam.com\/#\/schema\/person\/0ad398a980dc3fd696111c2c5c8fa897"},"potentialAction":[{"@type":"SearchAction","target":{"@type":"EntryPoint","urlTemplate":"https:\/\/omanivietnam.com\/?s={search_term_string}"},"query-input":"required name=search_term_string"}],"inLanguage":"vi"},{"@type":["Person","Organization"],"@id":"https:\/\/omanivietnam.com\/#\/schema\/person\/0ad398a980dc3fd696111c2c5c8fa897","name":"Nguy\u1ec5n V\u0103n Kh\u00e1nh","image":{"@type":"ImageObject","inLanguage":"vi","@id":"https:\/\/omanivietnam.com\/#\/schema\/person\/image\/","url":"https:\/\/omanivietnam.com\/wp-content\/uploads\/2024\/06\/logo-1024x1024.png","contentUrl":"https:\/\/omanivietnam.com\/wp-content\/uploads\/2024\/06\/logo-1024x1024.png","width":1024,"height":1024,"caption":"Nguy\u1ec5n V\u0103n Kh\u00e1nh"},"logo":{"@id":"https:\/\/omanivietnam.com\/#\/schema\/person\/image\/"},"sameAs":["https:\/\/omanivietnam.com"]}]}},"_links":{"self":[{"href":"https:\/\/omanivietnam.com\/index.php\/wp-json\/wp\/v2\/product\/4219","targetHints":{"allow":["GET"]}}],"collection":[{"href":"https:\/\/omanivietnam.com\/index.php\/wp-json\/wp\/v2\/product"}],"about":[{"href":"https:\/\/omanivietnam.com\/index.php\/wp-json\/wp\/v2\/types\/product"}],"replies":[{"embeddable":true,"href":"https:\/\/omanivietnam.com\/index.php\/wp-json\/wp\/v2\/comments?post=4219"}],"wp:featuredmedia":[{"embeddable":true,"href":"https:\/\/omanivietnam.com\/index.php\/wp-json\/wp\/v2\/media\/4220"}],"wp:attachment":[{"href":"https:\/\/omanivietnam.com\/index.php\/wp-json\/wp\/v2\/media?parent=4219"}],"wp:term":[{"taxonomy":"product_cat","embeddable":true,"href":"https:\/\/omanivietnam.com\/index.php\/wp-json\/wp\/v2\/product_cat?post=4219"},{"taxonomy":"product_tag","embeddable":true,"href":"https:\/\/omanivietnam.com\/index.php\/wp-json\/wp\/v2\/product_tag?post=4219"}],"curies":[{"name":"wp","href":"https:\/\/api.w.org\/{rel}","templated":true}]}}