{"id":4225,"date":"2025-07-31T22:31:54","date_gmt":"2025-07-31T15:31:54","guid":{"rendered":"https:\/\/omanivietnam.com\/?post_type=product&#038;p=4225"},"modified":"2025-08-08T20:11:58","modified_gmt":"2025-08-08T13:11:58","slug":"festo-ms6-sv-1-2-e-10v24-so-ad1-wpb","status":"publish","type":"product","link":"https:\/\/omanivietnam.com\/index.php\/san-pham\/festo-ms6-sv-1-2-e-10v24-so-ad1-wpb\/","title":{"rendered":"FESTO MS6-SV-1\/2-E-10V24-SO-AD1-WPB"},"content":{"rendered":"<p>FESTO MS6-SV-1\/2-E-10V24-SO-AD1-WPB 548713<\/p>\n<p class=\"page-title\"><span class=\"base\" data-ui-id=\"page-title-wrapper\">Festo MS6-SV-1\/2-E-10V24-AD1-WPB Soft Start Quick Exhaust Valve, 3\/2, 4300 l\/min, 3.5 to 10 bar, IP65, MS6 Series<\/span><\/p>\n<h3>Product Specifications<\/h3>\n<table id=\"product-attribute-specs-table\" class=\"data table additional-attributes\">\n<thead>\n<tr>\n<th>\n<h4>Product Attribute<\/h4>\n<\/th>\n<th>\n<h4>Attribute Value<\/h4>\n<\/th>\n<\/tr>\n<\/thead>\n<tbody>\n<tr>\n<th class=\"col label\" scope=\"row\">Manufacturer Part Number<\/th>\n<td class=\"col data\" data-th=\"Manufacturer Part Number\">MS6-SV-1\/2-E-10V24-AD1<\/td>\n<\/tr>\n<tr>\n<th class=\"col label\" scope=\"row\">Brand<\/th>\n<td class=\"col data\" data-th=\"Brand\">FESTO<\/td>\n<\/tr>\n<tr>\n<th class=\"col label\" scope=\"row\">Series<\/th>\n<td class=\"col data\" data-th=\"Series\">MS6 Series<\/td>\n<\/tr>\n<tr>\n<th class=\"col label\" scope=\"row\">Numeric ID<\/th>\n<td class=\"col data\" data-th=\"Numeric ID\">2510426<\/td>\n<\/tr>\n<tr>\n<th class=\"col label\" scope=\"row\">Operating Pressure<\/th>\n<td class=\"col data\" data-th=\"Operating Pressure\">3.5 to 10 bar<\/td>\n<\/tr>\n<tr>\n<th class=\"col label\" scope=\"row\">Media Type<\/th>\n<td class=\"col data\" data-th=\"Media Type\">Air<\/td>\n<\/tr>\n<tr>\n<th class=\"col label\" scope=\"row\">Alternate Mfr Part Number<\/th>\n<td class=\"col data\" data-th=\"Alternate Mfr Part Number\">562580<\/td>\n<\/tr>\n<tr>\n<th class=\"col label\" scope=\"row\">Type<\/th>\n<td class=\"col data\" data-th=\"Type\">Pilot<\/td>\n<\/tr>\n<tr>\n<th class=\"col label\" scope=\"row\">Configuration<\/th>\n<td class=\"col data\" data-th=\"Configuration\">3\/2<\/td>\n<\/tr>\n<tr>\n<th class=\"col label\" scope=\"row\">Flow Rate<\/th>\n<td class=\"col data\" data-th=\"Flow Rate\">4300 l\/min<\/td>\n<\/tr>\n<tr>\n<th class=\"col label\" scope=\"row\">Coil Voltage<\/th>\n<td class=\"col data\" data-th=\"Coil Voltage\">24 VDC<\/td>\n<\/tr>\n<\/tbody>\n<\/table>\n<h3>C\u00e1c m\u00e3 h\u00e0ng t\u01b0\u01a1ng \u0111\u01b0\u01a1ng Van FESTO MMS6-SV-1\/2-E-10V24-SO-AD1-WPB 548713:<\/h3>\n<div>MS6-FRM-1\/2<\/div>\n<div>MS6-FRM-1\/2-AD3 527676<\/div>\n<div>MS6-FRM-3\/8-Y 529862<\/div>\n<div>MS6-LF-1\/2-E-R-V<\/div>\n<div>MS6-LFM-1\/2-ARV 530502<\/div>\n<div>MS6-LFM-1\/2-ARV-DA 536877<\/div>\n<div>MS6-LFM-1\/2-BRV 530506<\/div>\n<div>MS6-LFM-1\/2-BRV-DA<\/div>\n<div>MS6-LFR-1\/2-D6-ERM-AS<\/div>\n<div>MS6-LFR-1\/2-D7-C-R-V-AS 529186<\/div>\n<div>MS6-LFR-1\/2-D7-C-R-V-AS-Z 529187<\/div>\n<div>MS6-LFR-1\/2-D7-E-R-M-AS<\/div>\n<div>MS6-LFR-1\/4-D7-ERM-AS<\/div>\n<div>MS6-LFR-1-2-D7-C-R-V-AS 529186<\/div>\n<div>MS6-LRP-AGE-D2-A8M-WR 532799<\/div>\n<div>MS6-LWS-1\/2-U-V 564870<\/div>\n<div>MS6-MV 532799<\/div>\n<div>\n<p>MS6-SV-1\/2-E-10V24-SO-AD1-MP1 548716<\/p>\n<\/div>\n","protected":false},"excerpt":{"rendered":"<p>FESTO MS6-SV-1\/2-E-10V24-SO-AD1-WPB 548713 Festo MS6-SV-1\/2-E-10V24-AD1-WPB Soft Start Quick Exhaust Valve, 3\/2, 4300 l\/min, 3.5 to 10 bar, IP65, MS6 Series Product Specifications Product Attribute Attribute Value Manufacturer Part Number MS6-SV-1\/2-E-10V24-AD1 Brand FESTO Series MS6 Series Numeric ID 2510426 Operating Pressure 3.5 to 10 bar Media Type Air Alternate Mfr Part&hellip; <\/p>\n","protected":false},"featured_media":4226,"comment_status":"open","ping_status":"closed","template":"","meta":[],"product_cat":[284],"product_tag":[364,363,451],"class_list":{"0":"post-4225","1":"product","2":"type-product","3":"status-publish","4":"has-post-thumbnail","6":"product_cat-festo","7":"product_tag-dai-ly-festo-viet-nam","8":"product_tag-festo-viet-nam","9":"product_tag-van","11":"first","12":"instock","13":"shipping-taxable","14":"product-type-simple"},"yoast_head":"<!-- This site is optimized with the Yoast SEO plugin v22.8 - https:\/\/yoast.com\/wordpress\/plugins\/seo\/ -->\n<title>FESTO MS6-SV-1\/2-E-10V24-SO-AD1-WPB - OMANI VI\u1ec6T NAM<\/title>\n<meta name=\"description\" content=\"FESTO MS6-SV-1\/2-E-10V24-SO-AD1-WPB exhaust valve\" \/>\n<meta name=\"robots\" content=\"index, follow, max-snippet:-1, max-image-preview:large, max-video-preview:-1\" \/>\n<link rel=\"canonical\" href=\"https:\/\/omanivietnam.com\/index.php\/san-pham\/festo-ms6-sv-1-2-e-10v24-so-ad1-wpb\/\" \/>\n<meta property=\"og:locale\" content=\"vi_VN\" \/>\n<meta property=\"og:type\" content=\"article\" \/>\n<meta property=\"og:title\" content=\"FESTO MS6-SV-1\/2-E-10V24-SO-AD1-WPB - OMANI VI\u1ec6T NAM\" \/>\n<meta property=\"og:description\" content=\"FESTO MS6-SV-1\/2-E-10V24-SO-AD1-WPB exhaust valve\" \/>\n<meta property=\"og:url\" content=\"https:\/\/omanivietnam.com\/index.php\/san-pham\/festo-ms6-sv-1-2-e-10v24-so-ad1-wpb\/\" \/>\n<meta property=\"og:site_name\" content=\"OMANI VI\u1ec6T NAM\" \/>\n<meta property=\"article:modified_time\" content=\"2025-08-08T13:11:58+00:00\" \/>\n<meta property=\"og:image\" content=\"https:\/\/omanivietnam.com\/wp-content\/uploads\/2025\/07\/548713.png\" \/>\n\t<meta property=\"og:image:width\" content=\"841\" \/>\n\t<meta property=\"og:image:height\" content=\"881\" \/>\n\t<meta property=\"og:image:type\" content=\"image\/png\" \/>\n<meta name=\"twitter:card\" content=\"summary_large_image\" \/>\n<meta name=\"twitter:label1\" content=\"\u01af\u1edbc t\u00ednh th\u1eddi gian \u0111\u1ecdc\" \/>\n\t<meta name=\"twitter:data1\" content=\"1 ph\u00fat\" \/>\n<script type=\"application\/ld+json\" class=\"yoast-schema-graph\">{\"@context\":\"https:\/\/schema.org\",\"@graph\":[{\"@type\":\"WebPage\",\"@id\":\"https:\/\/omanivietnam.com\/index.php\/san-pham\/festo-ms6-sv-1-2-e-10v24-so-ad1-wpb\/\",\"url\":\"https:\/\/omanivietnam.com\/index.php\/san-pham\/festo-ms6-sv-1-2-e-10v24-so-ad1-wpb\/\",\"name\":\"FESTO MS6-SV-1\/2-E-10V24-SO-AD1-WPB - OMANI VI\u1ec6T NAM\",\"isPartOf\":{\"@id\":\"https:\/\/omanivietnam.com\/#website\"},\"primaryImageOfPage\":{\"@id\":\"https:\/\/omanivietnam.com\/index.php\/san-pham\/festo-ms6-sv-1-2-e-10v24-so-ad1-wpb\/#primaryimage\"},\"image\":{\"@id\":\"https:\/\/omanivietnam.com\/index.php\/san-pham\/festo-ms6-sv-1-2-e-10v24-so-ad1-wpb\/#primaryimage\"},\"thumbnailUrl\":\"https:\/\/omanivietnam.com\/wp-content\/uploads\/2025\/07\/548713.png\",\"datePublished\":\"2025-07-31T15:31:54+00:00\",\"dateModified\":\"2025-08-08T13:11:58+00:00\",\"description\":\"FESTO MS6-SV-1\/2-E-10V24-SO-AD1-WPB exhaust valve\",\"breadcrumb\":{\"@id\":\"https:\/\/omanivietnam.com\/index.php\/san-pham\/festo-ms6-sv-1-2-e-10v24-so-ad1-wpb\/#breadcrumb\"},\"inLanguage\":\"vi\",\"potentialAction\":[{\"@type\":\"ReadAction\",\"target\":[\"https:\/\/omanivietnam.com\/index.php\/san-pham\/festo-ms6-sv-1-2-e-10v24-so-ad1-wpb\/\"]}]},{\"@type\":\"ImageObject\",\"inLanguage\":\"vi\",\"@id\":\"https:\/\/omanivietnam.com\/index.php\/san-pham\/festo-ms6-sv-1-2-e-10v24-so-ad1-wpb\/#primaryimage\",\"url\":\"https:\/\/omanivietnam.com\/wp-content\/uploads\/2025\/07\/548713.png\",\"contentUrl\":\"https:\/\/omanivietnam.com\/wp-content\/uploads\/2025\/07\/548713.png\",\"width\":841,\"height\":881},{\"@type\":\"BreadcrumbList\",\"@id\":\"https:\/\/omanivietnam.com\/index.php\/san-pham\/festo-ms6-sv-1-2-e-10v24-so-ad1-wpb\/#breadcrumb\",\"itemListElement\":[{\"@type\":\"ListItem\",\"position\":1,\"name\":\"Home\",\"item\":\"https:\/\/omanivietnam.com\/\"},{\"@type\":\"ListItem\",\"position\":2,\"name\":\"S\u1ea2N PH\u1ea8M\",\"item\":\"https:\/\/omanivietnam.com\/index.php\/cua-hang\/\"},{\"@type\":\"ListItem\",\"position\":3,\"name\":\"FESTO MS6-SV-1\/2-E-10V24-SO-AD1-WPB\"}]},{\"@type\":\"WebSite\",\"@id\":\"https:\/\/omanivietnam.com\/#website\",\"url\":\"https:\/\/omanivietnam.com\/\",\"name\":\"OMANI VI\u1ec6T NAM\",\"description\":\"Nh\u00e0 ph\u00e2n ph\u1ed1i thi\u1ebft b\u1ecb kh\u00ed n\u00e9n v\u00e0 thi\u1ebft b\u1ecb t\u1ef1 \u0111\u1ed9ng h\u00f3a trong c\u00f4ng nghi\u1ec7p\",\"publisher\":{\"@id\":\"https:\/\/omanivietnam.com\/#\/schema\/person\/0ad398a980dc3fd696111c2c5c8fa897\"},\"potentialAction\":[{\"@type\":\"SearchAction\",\"target\":{\"@type\":\"EntryPoint\",\"urlTemplate\":\"https:\/\/omanivietnam.com\/?s={search_term_string}\"},\"query-input\":\"required name=search_term_string\"}],\"inLanguage\":\"vi\"},{\"@type\":[\"Person\",\"Organization\"],\"@id\":\"https:\/\/omanivietnam.com\/#\/schema\/person\/0ad398a980dc3fd696111c2c5c8fa897\",\"name\":\"Nguy\u1ec5n V\u0103n Kh\u00e1nh\",\"image\":{\"@type\":\"ImageObject\",\"inLanguage\":\"vi\",\"@id\":\"https:\/\/omanivietnam.com\/#\/schema\/person\/image\/\",\"url\":\"https:\/\/omanivietnam.com\/wp-content\/uploads\/2024\/06\/logo-1024x1024.png\",\"contentUrl\":\"https:\/\/omanivietnam.com\/wp-content\/uploads\/2024\/06\/logo-1024x1024.png\",\"width\":1024,\"height\":1024,\"caption\":\"Nguy\u1ec5n V\u0103n Kh\u00e1nh\"},\"logo\":{\"@id\":\"https:\/\/omanivietnam.com\/#\/schema\/person\/image\/\"},\"sameAs\":[\"https:\/\/omanivietnam.com\"]}]}<\/script>\n<!-- \/ Yoast SEO plugin. -->","yoast_head_json":{"title":"FESTO MS6-SV-1\/2-E-10V24-SO-AD1-WPB - OMANI VI\u1ec6T NAM","description":"FESTO MS6-SV-1\/2-E-10V24-SO-AD1-WPB exhaust valve","robots":{"index":"index","follow":"follow","max-snippet":"max-snippet:-1","max-image-preview":"max-image-preview:large","max-video-preview":"max-video-preview:-1"},"canonical":"https:\/\/omanivietnam.com\/index.php\/san-pham\/festo-ms6-sv-1-2-e-10v24-so-ad1-wpb\/","og_locale":"vi_VN","og_type":"article","og_title":"FESTO MS6-SV-1\/2-E-10V24-SO-AD1-WPB - OMANI VI\u1ec6T NAM","og_description":"FESTO MS6-SV-1\/2-E-10V24-SO-AD1-WPB exhaust valve","og_url":"https:\/\/omanivietnam.com\/index.php\/san-pham\/festo-ms6-sv-1-2-e-10v24-so-ad1-wpb\/","og_site_name":"OMANI VI\u1ec6T NAM","article_modified_time":"2025-08-08T13:11:58+00:00","og_image":[{"width":841,"height":881,"url":"https:\/\/omanivietnam.com\/wp-content\/uploads\/2025\/07\/548713.png","type":"image\/png"}],"twitter_card":"summary_large_image","twitter_misc":{"\u01af\u1edbc t\u00ednh th\u1eddi gian \u0111\u1ecdc":"1 ph\u00fat"},"schema":{"@context":"https:\/\/schema.org","@graph":[{"@type":"WebPage","@id":"https:\/\/omanivietnam.com\/index.php\/san-pham\/festo-ms6-sv-1-2-e-10v24-so-ad1-wpb\/","url":"https:\/\/omanivietnam.com\/index.php\/san-pham\/festo-ms6-sv-1-2-e-10v24-so-ad1-wpb\/","name":"FESTO MS6-SV-1\/2-E-10V24-SO-AD1-WPB - OMANI VI\u1ec6T NAM","isPartOf":{"@id":"https:\/\/omanivietnam.com\/#website"},"primaryImageOfPage":{"@id":"https:\/\/omanivietnam.com\/index.php\/san-pham\/festo-ms6-sv-1-2-e-10v24-so-ad1-wpb\/#primaryimage"},"image":{"@id":"https:\/\/omanivietnam.com\/index.php\/san-pham\/festo-ms6-sv-1-2-e-10v24-so-ad1-wpb\/#primaryimage"},"thumbnailUrl":"https:\/\/omanivietnam.com\/wp-content\/uploads\/2025\/07\/548713.png","datePublished":"2025-07-31T15:31:54+00:00","dateModified":"2025-08-08T13:11:58+00:00","description":"FESTO MS6-SV-1\/2-E-10V24-SO-AD1-WPB exhaust valve","breadcrumb":{"@id":"https:\/\/omanivietnam.com\/index.php\/san-pham\/festo-ms6-sv-1-2-e-10v24-so-ad1-wpb\/#breadcrumb"},"inLanguage":"vi","potentialAction":[{"@type":"ReadAction","target":["https:\/\/omanivietnam.com\/index.php\/san-pham\/festo-ms6-sv-1-2-e-10v24-so-ad1-wpb\/"]}]},{"@type":"ImageObject","inLanguage":"vi","@id":"https:\/\/omanivietnam.com\/index.php\/san-pham\/festo-ms6-sv-1-2-e-10v24-so-ad1-wpb\/#primaryimage","url":"https:\/\/omanivietnam.com\/wp-content\/uploads\/2025\/07\/548713.png","contentUrl":"https:\/\/omanivietnam.com\/wp-content\/uploads\/2025\/07\/548713.png","width":841,"height":881},{"@type":"BreadcrumbList","@id":"https:\/\/omanivietnam.com\/index.php\/san-pham\/festo-ms6-sv-1-2-e-10v24-so-ad1-wpb\/#breadcrumb","itemListElement":[{"@type":"ListItem","position":1,"name":"Home","item":"https:\/\/omanivietnam.com\/"},{"@type":"ListItem","position":2,"name":"S\u1ea2N PH\u1ea8M","item":"https:\/\/omanivietnam.com\/index.php\/cua-hang\/"},{"@type":"ListItem","position":3,"name":"FESTO MS6-SV-1\/2-E-10V24-SO-AD1-WPB"}]},{"@type":"WebSite","@id":"https:\/\/omanivietnam.com\/#website","url":"https:\/\/omanivietnam.com\/","name":"OMANI VI\u1ec6T NAM","description":"Nh\u00e0 ph\u00e2n ph\u1ed1i thi\u1ebft b\u1ecb kh\u00ed n\u00e9n v\u00e0 thi\u1ebft b\u1ecb t\u1ef1 \u0111\u1ed9ng h\u00f3a trong c\u00f4ng nghi\u1ec7p","publisher":{"@id":"https:\/\/omanivietnam.com\/#\/schema\/person\/0ad398a980dc3fd696111c2c5c8fa897"},"potentialAction":[{"@type":"SearchAction","target":{"@type":"EntryPoint","urlTemplate":"https:\/\/omanivietnam.com\/?s={search_term_string}"},"query-input":"required name=search_term_string"}],"inLanguage":"vi"},{"@type":["Person","Organization"],"@id":"https:\/\/omanivietnam.com\/#\/schema\/person\/0ad398a980dc3fd696111c2c5c8fa897","name":"Nguy\u1ec5n V\u0103n Kh\u00e1nh","image":{"@type":"ImageObject","inLanguage":"vi","@id":"https:\/\/omanivietnam.com\/#\/schema\/person\/image\/","url":"https:\/\/omanivietnam.com\/wp-content\/uploads\/2024\/06\/logo-1024x1024.png","contentUrl":"https:\/\/omanivietnam.com\/wp-content\/uploads\/2024\/06\/logo-1024x1024.png","width":1024,"height":1024,"caption":"Nguy\u1ec5n V\u0103n Kh\u00e1nh"},"logo":{"@id":"https:\/\/omanivietnam.com\/#\/schema\/person\/image\/"},"sameAs":["https:\/\/omanivietnam.com"]}]}},"_links":{"self":[{"href":"https:\/\/omanivietnam.com\/index.php\/wp-json\/wp\/v2\/product\/4225","targetHints":{"allow":["GET"]}}],"collection":[{"href":"https:\/\/omanivietnam.com\/index.php\/wp-json\/wp\/v2\/product"}],"about":[{"href":"https:\/\/omanivietnam.com\/index.php\/wp-json\/wp\/v2\/types\/product"}],"replies":[{"embeddable":true,"href":"https:\/\/omanivietnam.com\/index.php\/wp-json\/wp\/v2\/comments?post=4225"}],"wp:featuredmedia":[{"embeddable":true,"href":"https:\/\/omanivietnam.com\/index.php\/wp-json\/wp\/v2\/media\/4226"}],"wp:attachment":[{"href":"https:\/\/omanivietnam.com\/index.php\/wp-json\/wp\/v2\/media?parent=4225"}],"wp:term":[{"taxonomy":"product_cat","embeddable":true,"href":"https:\/\/omanivietnam.com\/index.php\/wp-json\/wp\/v2\/product_cat?post=4225"},{"taxonomy":"product_tag","embeddable":true,"href":"https:\/\/omanivietnam.com\/index.php\/wp-json\/wp\/v2\/product_tag?post=4225"}],"curies":[{"name":"wp","href":"https:\/\/api.w.org\/{rel}","templated":true}]}}