{"id":4232,"date":"2025-08-03T20:34:28","date_gmt":"2025-08-03T13:34:28","guid":{"rendered":"https:\/\/omanivietnam.com\/?post_type=product&#038;p=4232"},"modified":"2025-08-03T20:34:28","modified_gmt":"2025-08-03T13:34:28","slug":"phoenix-mcr-sl-d-u-i","status":"publish","type":"product","link":"https:\/\/omanivietnam.com\/index.php\/san-pham\/phoenix-mcr-sl-d-u-i\/","title":{"rendered":"PHOENIX MCR-SL-D-U-I"},"content":{"rendered":"<p>PHOENIX MCR-SL-D-U-I 2864011<\/p>\n<p><span class=\"pr-product-title__designation\">MCR-SL-D-U-I<\/span>\u00a0&#8211;\u00a0<span class=\"pr-product-title__product-type-description\">Digital display<\/span><\/p>\n<p>2864011<\/p>\n<p>MCR digital display, for measurement and display of standard signals, 5-fig. display<\/p>\n<table class=\"pr-technical-data table table__list pr-accordion-table\">\n<tbody>\n<tr>\n<td rowspan=\"1\">Product type<\/td>\n<td>Digital displays<\/td>\n<\/tr>\n<tr>\n<td rowspan=\"1\">Configuration<\/td>\n<td>Keyboard<\/td>\n<\/tr>\n<\/tbody>\n<\/table>\n<p>&nbsp;<\/p>\n<table class=\"pr-technical-data table table__list pr-accordion-table\">\n<tbody>\n<tr>\n<td rowspan=\"1\">Configuration<\/td>\n<td>Keyboard<\/td>\n<\/tr>\n<\/tbody>\n<\/table>\n<table class=\"pr-technical-data table table__list pr-accordion-table\">\n<tbody>\n<tr>\n<td rowspan=\"1\">Maximum power dissipation for nominal condition<\/td>\n<td>1.46 W<\/td>\n<\/tr>\n<tr>\n<td rowspan=\"1\">Test voltage input\/power supply<\/td>\n<td>500 V<sub>rms<\/sub>\u00a0(50\/60 Hz, 1\u00a0min.)<\/td>\n<\/tr>\n<tr>\n<td rowspan=\"1\">Maximum temperature coefficient<\/td>\n<td>&lt; 0.07 %\/K<\/td>\n<\/tr>\n<tr>\n<td rowspan=\"1\">Maximum transmission error<\/td>\n<td>\u00b1 0.1 % (of final value)<\/td>\n<\/tr>\n<\/tbody>\n<\/table>\n<table class=\"pr-technical-data table table__list pr-accordion-table\">\n<tbody>\n<tr>\n<td rowspan=\"1\">Supply voltage range<\/td>\n<td>10 V\u00a0DC &#8230; 30 V\u00a0DC<\/td>\n<\/tr>\n<tr>\n<td rowspan=\"1\">Max. current consumption<\/td>\n<td>50 mA<\/td>\n<\/tr>\n<tr>\n<td rowspan=\"1\">Power consumption<\/td>\n<td>\u2264 1.5 W<\/td>\n<\/tr>\n<\/tbody>\n<\/table>\n<div class=\"accordion__item--sub\">\n<div class=\"accordion__content--sub\">\n<div>\n<table class=\"pr-technical-data table table__list pr-accordion-table\">\n<tbody>\n<tr>\n<td rowspan=\"2\">Voltage input signal<\/td>\n<td>0 V &#8230; 10 V<\/td>\n<\/tr>\n<tr>\n<td>2 V &#8230; 10 V<\/td>\n<\/tr>\n<tr>\n<td rowspan=\"1\">Max. voltage input signal<\/td>\n<td>30 V\u00a0DC<\/td>\n<\/tr>\n<tr>\n<td rowspan=\"2\">Current input signal<\/td>\n<td>0 mA &#8230; 20 mA<\/td>\n<\/tr>\n<tr>\n<td>4 mA &#8230; 20 mA<\/td>\n<\/tr>\n<tr>\n<td rowspan=\"1\">Max. current input signal<\/td>\n<td>50 mA<\/td>\n<\/tr>\n<tr>\n<td rowspan=\"1\">Switching level &#8220;1&#8221; signal<\/td>\n<td>4 V\u00a0DC &#8230; 30 V\u00a0DC<\/td>\n<\/tr>\n<tr>\n<td rowspan=\"1\">Switching level &#8220;0&#8221; signal<\/td>\n<td>0 V\u00a0DC &#8230; 2 V\u00a0DC<\/td>\n<\/tr>\n<tr>\n<td rowspan=\"1\">Input resistance of voltage input<\/td>\n<td>&gt; 1 M\u03a9<\/td>\n<\/tr>\n<tr>\n<td rowspan=\"1\">Input resistance current input<\/td>\n<td>approx. 100 \u03a9 with 5 mA \/ approx. 70 \u03a9 with 20 mA<\/td>\n<\/tr>\n<tr>\n<td rowspan=\"1\">Resolution inputs (voltage)<\/td>\n<td>1 mV<\/td>\n<\/tr>\n<tr>\n<td rowspan=\"1\">Resolution inputs (current)<\/td>\n<td>2 \u00b5A<\/td>\n<\/tr>\n<tr>\n<td rowspan=\"1\">System hum suppression<\/td>\n<td>Digital filtering 50\/60 Hz<\/td>\n<\/tr>\n<tr>\n<td rowspan=\"1\">Input latch signal<\/td>\n<td>Display stop<\/td>\n<\/tr>\n<tr>\n<td rowspan=\"1\">Measuring rate<\/td>\n<td>0.1s<sup>-1<\/sup>\u00a0\/ 0.5s<sup>-1<\/sup><\/td>\n<\/tr>\n<\/tbody>\n<\/table>\n<\/div>\n<\/div>\n<\/div>\n<div class=\"accordion__item--sub\">\n<hr class=\"hr-light\" \/>\n<table class=\"pr-technical-data table table__list pr-accordion-table\">\n<tbody>\n<tr>\n<td rowspan=\"1\">D\/A converter resolution<\/td>\n<td>14 bit<\/td>\n<\/tr>\n<tr>\n<td rowspan=\"1\">Number of positions displayed<\/td>\n<td>5<\/td>\n<\/tr>\n<tr>\n<td rowspan=\"1\">Display<\/td>\n<td>7-segment LED; 8 mm; red<\/td>\n<\/tr>\n<\/tbody>\n<\/table>\n<p><label id=\"technical-data-GEN-ID:126418-link-target\" class=\"accordion__label--sub pr-subsection-technical-data\" for=\"accordion--item-4\" data-tracking-id=\"Output data\" data-ssr=\"\"><\/label><\/p>\n<div class=\"accordion__content--sub\" hidden=\"until-found\">\n<div>\n<table class=\"pr-technical-data table table__list pr-accordion-table\">\n<tbody>\n<tr class=\"pr-table__subheadline\">\n<td colspan=\"2\"><\/td>\n<\/tr>\n<tr>\n<td rowspan=\"1\"><\/td>\n<td><\/td>\n<\/tr>\n<tr>\n<td rowspan=\"1\"><\/td>\n<td><\/td>\n<\/tr>\n<tr>\n<td rowspan=\"1\"><\/td>\n<td><\/td>\n<\/tr>\n<\/tbody>\n<\/table>\n<\/div>\n<\/div>\n<\/div>\n<div class=\"accordion__item--sub\"><\/div>\n","protected":false},"excerpt":{"rendered":"<p>PHOENIX MCR-SL-D-U-I 2864011 MCR-SL-D-U-I\u00a0&#8211;\u00a0Digital display 2864011 MCR digital display, for measurement and display of standard signals, 5-fig. display Product type Digital displays Configuration Keyboard &nbsp; Configuration Keyboard Maximum power dissipation for nominal condition 1.46 W Test voltage input\/power supply 500 Vrms\u00a0(50\/60 Hz, 1\u00a0min.) Maximum temperature coefficient &lt; 0.07 %\/K Maximum&hellip; <\/p>\n","protected":false},"featured_media":4233,"comment_status":"open","ping_status":"closed","template":"","meta":[],"product_cat":[815],"product_tag":[817,212,816],"class_list":{"0":"post-4232","1":"product","2":"type-product","3":"status-publish","4":"has-post-thumbnail","6":"product_cat-phoenix","7":"product_tag-dai-ly-phoenix-viet-nam","8":"product_tag-man-hinh","9":"product_tag-phoenix-viet-nam","11":"first","12":"instock","13":"shipping-taxable","14":"product-type-simple"},"yoast_head":"<!-- This site is optimized with the Yoast SEO plugin v22.8 - https:\/\/yoast.com\/wordpress\/plugins\/seo\/ -->\n<title>PHOENIX MCR-SL-D-U-I - OMANI VI\u1ec6T NAM<\/title>\n<meta name=\"description\" content=\"PHOENIX MCR-SL-D-U-I Digital display\" \/>\n<meta name=\"robots\" content=\"index, follow, max-snippet:-1, max-image-preview:large, max-video-preview:-1\" \/>\n<link rel=\"canonical\" href=\"https:\/\/omanivietnam.com\/index.php\/san-pham\/phoenix-mcr-sl-d-u-i\/\" \/>\n<meta property=\"og:locale\" content=\"vi_VN\" \/>\n<meta property=\"og:type\" content=\"article\" \/>\n<meta property=\"og:title\" content=\"PHOENIX MCR-SL-D-U-I - OMANI VI\u1ec6T NAM\" \/>\n<meta property=\"og:description\" content=\"PHOENIX MCR-SL-D-U-I Digital display\" \/>\n<meta property=\"og:url\" content=\"https:\/\/omanivietnam.com\/index.php\/san-pham\/phoenix-mcr-sl-d-u-i\/\" \/>\n<meta property=\"og:site_name\" content=\"OMANI VI\u1ec6T NAM\" \/>\n<meta property=\"og:image\" content=\"https:\/\/omanivietnam.com\/wp-content\/uploads\/2025\/08\/MCR-SL-D-U-I-2864011.png\" \/>\n\t<meta property=\"og:image:width\" content=\"904\" \/>\n\t<meta property=\"og:image:height\" content=\"750\" \/>\n\t<meta property=\"og:image:type\" content=\"image\/png\" \/>\n<meta name=\"twitter:card\" content=\"summary_large_image\" \/>\n<meta name=\"twitter:label1\" content=\"\u01af\u1edbc t\u00ednh th\u1eddi gian \u0111\u1ecdc\" \/>\n\t<meta name=\"twitter:data1\" content=\"2 ph\u00fat\" \/>\n<script type=\"application\/ld+json\" class=\"yoast-schema-graph\">{\"@context\":\"https:\/\/schema.org\",\"@graph\":[{\"@type\":\"WebPage\",\"@id\":\"https:\/\/omanivietnam.com\/index.php\/san-pham\/phoenix-mcr-sl-d-u-i\/\",\"url\":\"https:\/\/omanivietnam.com\/index.php\/san-pham\/phoenix-mcr-sl-d-u-i\/\",\"name\":\"PHOENIX MCR-SL-D-U-I - OMANI VI\u1ec6T NAM\",\"isPartOf\":{\"@id\":\"https:\/\/omanivietnam.com\/#website\"},\"primaryImageOfPage\":{\"@id\":\"https:\/\/omanivietnam.com\/index.php\/san-pham\/phoenix-mcr-sl-d-u-i\/#primaryimage\"},\"image\":{\"@id\":\"https:\/\/omanivietnam.com\/index.php\/san-pham\/phoenix-mcr-sl-d-u-i\/#primaryimage\"},\"thumbnailUrl\":\"https:\/\/omanivietnam.com\/wp-content\/uploads\/2025\/08\/MCR-SL-D-U-I-2864011.png\",\"datePublished\":\"2025-08-03T13:34:28+00:00\",\"dateModified\":\"2025-08-03T13:34:28+00:00\",\"description\":\"PHOENIX MCR-SL-D-U-I Digital display\",\"breadcrumb\":{\"@id\":\"https:\/\/omanivietnam.com\/index.php\/san-pham\/phoenix-mcr-sl-d-u-i\/#breadcrumb\"},\"inLanguage\":\"vi\",\"potentialAction\":[{\"@type\":\"ReadAction\",\"target\":[\"https:\/\/omanivietnam.com\/index.php\/san-pham\/phoenix-mcr-sl-d-u-i\/\"]}]},{\"@type\":\"ImageObject\",\"inLanguage\":\"vi\",\"@id\":\"https:\/\/omanivietnam.com\/index.php\/san-pham\/phoenix-mcr-sl-d-u-i\/#primaryimage\",\"url\":\"https:\/\/omanivietnam.com\/wp-content\/uploads\/2025\/08\/MCR-SL-D-U-I-2864011.png\",\"contentUrl\":\"https:\/\/omanivietnam.com\/wp-content\/uploads\/2025\/08\/MCR-SL-D-U-I-2864011.png\",\"width\":904,\"height\":750},{\"@type\":\"BreadcrumbList\",\"@id\":\"https:\/\/omanivietnam.com\/index.php\/san-pham\/phoenix-mcr-sl-d-u-i\/#breadcrumb\",\"itemListElement\":[{\"@type\":\"ListItem\",\"position\":1,\"name\":\"Home\",\"item\":\"https:\/\/omanivietnam.com\/\"},{\"@type\":\"ListItem\",\"position\":2,\"name\":\"S\u1ea2N PH\u1ea8M\",\"item\":\"https:\/\/omanivietnam.com\/index.php\/cua-hang\/\"},{\"@type\":\"ListItem\",\"position\":3,\"name\":\"PHOENIX MCR-SL-D-U-I\"}]},{\"@type\":\"WebSite\",\"@id\":\"https:\/\/omanivietnam.com\/#website\",\"url\":\"https:\/\/omanivietnam.com\/\",\"name\":\"OMANI VI\u1ec6T NAM\",\"description\":\"Nh\u00e0 ph\u00e2n ph\u1ed1i thi\u1ebft b\u1ecb kh\u00ed n\u00e9n v\u00e0 thi\u1ebft b\u1ecb t\u1ef1 \u0111\u1ed9ng h\u00f3a trong c\u00f4ng nghi\u1ec7p\",\"publisher\":{\"@id\":\"https:\/\/omanivietnam.com\/#\/schema\/person\/0ad398a980dc3fd696111c2c5c8fa897\"},\"potentialAction\":[{\"@type\":\"SearchAction\",\"target\":{\"@type\":\"EntryPoint\",\"urlTemplate\":\"https:\/\/omanivietnam.com\/?s={search_term_string}\"},\"query-input\":\"required name=search_term_string\"}],\"inLanguage\":\"vi\"},{\"@type\":[\"Person\",\"Organization\"],\"@id\":\"https:\/\/omanivietnam.com\/#\/schema\/person\/0ad398a980dc3fd696111c2c5c8fa897\",\"name\":\"Nguy\u1ec5n V\u0103n Kh\u00e1nh\",\"image\":{\"@type\":\"ImageObject\",\"inLanguage\":\"vi\",\"@id\":\"https:\/\/omanivietnam.com\/#\/schema\/person\/image\/\",\"url\":\"https:\/\/omanivietnam.com\/wp-content\/uploads\/2024\/06\/logo-1024x1024.png\",\"contentUrl\":\"https:\/\/omanivietnam.com\/wp-content\/uploads\/2024\/06\/logo-1024x1024.png\",\"width\":1024,\"height\":1024,\"caption\":\"Nguy\u1ec5n V\u0103n Kh\u00e1nh\"},\"logo\":{\"@id\":\"https:\/\/omanivietnam.com\/#\/schema\/person\/image\/\"},\"sameAs\":[\"https:\/\/omanivietnam.com\"]}]}<\/script>\n<!-- \/ Yoast SEO plugin. -->","yoast_head_json":{"title":"PHOENIX MCR-SL-D-U-I - OMANI VI\u1ec6T NAM","description":"PHOENIX MCR-SL-D-U-I Digital display","robots":{"index":"index","follow":"follow","max-snippet":"max-snippet:-1","max-image-preview":"max-image-preview:large","max-video-preview":"max-video-preview:-1"},"canonical":"https:\/\/omanivietnam.com\/index.php\/san-pham\/phoenix-mcr-sl-d-u-i\/","og_locale":"vi_VN","og_type":"article","og_title":"PHOENIX MCR-SL-D-U-I - OMANI VI\u1ec6T NAM","og_description":"PHOENIX MCR-SL-D-U-I Digital display","og_url":"https:\/\/omanivietnam.com\/index.php\/san-pham\/phoenix-mcr-sl-d-u-i\/","og_site_name":"OMANI VI\u1ec6T NAM","og_image":[{"width":904,"height":750,"url":"https:\/\/omanivietnam.com\/wp-content\/uploads\/2025\/08\/MCR-SL-D-U-I-2864011.png","type":"image\/png"}],"twitter_card":"summary_large_image","twitter_misc":{"\u01af\u1edbc t\u00ednh th\u1eddi gian \u0111\u1ecdc":"2 ph\u00fat"},"schema":{"@context":"https:\/\/schema.org","@graph":[{"@type":"WebPage","@id":"https:\/\/omanivietnam.com\/index.php\/san-pham\/phoenix-mcr-sl-d-u-i\/","url":"https:\/\/omanivietnam.com\/index.php\/san-pham\/phoenix-mcr-sl-d-u-i\/","name":"PHOENIX MCR-SL-D-U-I - OMANI VI\u1ec6T NAM","isPartOf":{"@id":"https:\/\/omanivietnam.com\/#website"},"primaryImageOfPage":{"@id":"https:\/\/omanivietnam.com\/index.php\/san-pham\/phoenix-mcr-sl-d-u-i\/#primaryimage"},"image":{"@id":"https:\/\/omanivietnam.com\/index.php\/san-pham\/phoenix-mcr-sl-d-u-i\/#primaryimage"},"thumbnailUrl":"https:\/\/omanivietnam.com\/wp-content\/uploads\/2025\/08\/MCR-SL-D-U-I-2864011.png","datePublished":"2025-08-03T13:34:28+00:00","dateModified":"2025-08-03T13:34:28+00:00","description":"PHOENIX MCR-SL-D-U-I Digital display","breadcrumb":{"@id":"https:\/\/omanivietnam.com\/index.php\/san-pham\/phoenix-mcr-sl-d-u-i\/#breadcrumb"},"inLanguage":"vi","potentialAction":[{"@type":"ReadAction","target":["https:\/\/omanivietnam.com\/index.php\/san-pham\/phoenix-mcr-sl-d-u-i\/"]}]},{"@type":"ImageObject","inLanguage":"vi","@id":"https:\/\/omanivietnam.com\/index.php\/san-pham\/phoenix-mcr-sl-d-u-i\/#primaryimage","url":"https:\/\/omanivietnam.com\/wp-content\/uploads\/2025\/08\/MCR-SL-D-U-I-2864011.png","contentUrl":"https:\/\/omanivietnam.com\/wp-content\/uploads\/2025\/08\/MCR-SL-D-U-I-2864011.png","width":904,"height":750},{"@type":"BreadcrumbList","@id":"https:\/\/omanivietnam.com\/index.php\/san-pham\/phoenix-mcr-sl-d-u-i\/#breadcrumb","itemListElement":[{"@type":"ListItem","position":1,"name":"Home","item":"https:\/\/omanivietnam.com\/"},{"@type":"ListItem","position":2,"name":"S\u1ea2N PH\u1ea8M","item":"https:\/\/omanivietnam.com\/index.php\/cua-hang\/"},{"@type":"ListItem","position":3,"name":"PHOENIX MCR-SL-D-U-I"}]},{"@type":"WebSite","@id":"https:\/\/omanivietnam.com\/#website","url":"https:\/\/omanivietnam.com\/","name":"OMANI VI\u1ec6T NAM","description":"Nh\u00e0 ph\u00e2n ph\u1ed1i thi\u1ebft b\u1ecb kh\u00ed n\u00e9n v\u00e0 thi\u1ebft b\u1ecb t\u1ef1 \u0111\u1ed9ng h\u00f3a trong c\u00f4ng nghi\u1ec7p","publisher":{"@id":"https:\/\/omanivietnam.com\/#\/schema\/person\/0ad398a980dc3fd696111c2c5c8fa897"},"potentialAction":[{"@type":"SearchAction","target":{"@type":"EntryPoint","urlTemplate":"https:\/\/omanivietnam.com\/?s={search_term_string}"},"query-input":"required name=search_term_string"}],"inLanguage":"vi"},{"@type":["Person","Organization"],"@id":"https:\/\/omanivietnam.com\/#\/schema\/person\/0ad398a980dc3fd696111c2c5c8fa897","name":"Nguy\u1ec5n V\u0103n Kh\u00e1nh","image":{"@type":"ImageObject","inLanguage":"vi","@id":"https:\/\/omanivietnam.com\/#\/schema\/person\/image\/","url":"https:\/\/omanivietnam.com\/wp-content\/uploads\/2024\/06\/logo-1024x1024.png","contentUrl":"https:\/\/omanivietnam.com\/wp-content\/uploads\/2024\/06\/logo-1024x1024.png","width":1024,"height":1024,"caption":"Nguy\u1ec5n V\u0103n Kh\u00e1nh"},"logo":{"@id":"https:\/\/omanivietnam.com\/#\/schema\/person\/image\/"},"sameAs":["https:\/\/omanivietnam.com"]}]}},"_links":{"self":[{"href":"https:\/\/omanivietnam.com\/index.php\/wp-json\/wp\/v2\/product\/4232","targetHints":{"allow":["GET"]}}],"collection":[{"href":"https:\/\/omanivietnam.com\/index.php\/wp-json\/wp\/v2\/product"}],"about":[{"href":"https:\/\/omanivietnam.com\/index.php\/wp-json\/wp\/v2\/types\/product"}],"replies":[{"embeddable":true,"href":"https:\/\/omanivietnam.com\/index.php\/wp-json\/wp\/v2\/comments?post=4232"}],"wp:featuredmedia":[{"embeddable":true,"href":"https:\/\/omanivietnam.com\/index.php\/wp-json\/wp\/v2\/media\/4233"}],"wp:attachment":[{"href":"https:\/\/omanivietnam.com\/index.php\/wp-json\/wp\/v2\/media?parent=4232"}],"wp:term":[{"taxonomy":"product_cat","embeddable":true,"href":"https:\/\/omanivietnam.com\/index.php\/wp-json\/wp\/v2\/product_cat?post=4232"},{"taxonomy":"product_tag","embeddable":true,"href":"https:\/\/omanivietnam.com\/index.php\/wp-json\/wp\/v2\/product_tag?post=4232"}],"curies":[{"name":"wp","href":"https:\/\/api.w.org\/{rel}","templated":true}]}}