{"id":4244,"date":"2025-08-05T21:41:24","date_gmt":"2025-08-05T14:41:24","guid":{"rendered":"https:\/\/omanivietnam.com\/?post_type=product&#038;p=4244"},"modified":"2025-08-05T21:41:24","modified_gmt":"2025-08-05T14:41:24","slug":"sick-wtb12-3p2431","status":"publish","type":"product","link":"https:\/\/omanivietnam.com\/index.php\/san-pham\/sick-wtb12-3p2431\/","title":{"rendered":"SICK WTB12-3P2431"},"content":{"rendered":"<p>SICK WTB12-3P2431<\/p>\n<h2><strong>T\u1ed4NG QUAN S\u1ea2N PH\u1ea8M<\/strong><\/h2>\n<p>C\u1ea3m bi\u1ebfn quang \u0111i\u1ec7n nh\u1ecf\u00a0<strong>SICK WTB12-3P2431<\/strong>\u00a0l\u00e0 thi\u1ebft b\u1ecb l\u00fd t\u01b0\u1edfng cho c\u00e1c \u1ee9ng d\u1ee5ng ph\u00e1t hi\u1ec7n v\u1eadt th\u1ec3 nh\u1ecf v\u00e0 v\u1eadt th\u1ec3 nhi\u1ec1u m\u00e0u. \u0110\u01b0\u1ee3c \u1ee9ng d\u1ee5ng trong c\u00e1c ng\u00e0nh \u0111\u00f3ng g\u00f3i, d\u01b0\u1ee3c ph\u1ea9m hay th\u1ef1c ph\u1ea9m v\u00e0 \u0111\u1ed3 u\u1ed1ng\u2026<\/p>\n<ul>\n<li>C\u00e0i \u0111\u1eb7t c\u1ea3m bi\u1ebfn linh ho\u1ea1t, gi\u00e1m s\u00e1t, ch\u1ea9n \u0111o\u00e1n n\u00e2ng cao v\u00e0 h\u00ecnh \u1ea3nh h\u00f3a nh\u1edd IO-Link<\/li>\n<li>C\u00f4ng ngh\u1ec7 PinPoint LED cung c\u1ea5p \u0111i\u1ec3m s\u00e1ng s\u00e1ng, nh\u1ecf v\u00e0 ch\u00ednh x\u00e1c cho ph\u00e9p c\u0103n ch\u1ec9nh c\u1ea3m bi\u1ebfn nhanh ch\u00f3ng v\u00e0 d\u1ec5 d\u00e0ng<\/li>\n<li>IO-Link cung c\u1ea5p kh\u1ea3 n\u0103ng truy c\u1eadp d\u1eef li\u1ec7u d\u1ec5 d\u00e0ng t\u1eeb PLC<\/li>\n<li>Kh\u1ea3 n\u0103ng ph\u00e1t hi\u1ec7n ch\u00ednh x\u00e1c nh\u1edd c\u00f4ng ngh\u1ec7 ASIC v\u01b0\u1ee3t tr\u1ed9i<\/li>\n<li>Kh\u1ea3 n\u0103ng mi\u1ec5n nhi\u1ec5m v\u1edbi c\u00e1c y\u1ebfu t\u1ed1 g\u00e2y nhi\u1ec5u quang h\u1ecdc t\u1eeb m\u00f4i tr\u01b0\u1eddng c\u00f4ng nghi\u1ec7p<\/li>\n<\/ul>\n<h2><strong>TH\u00d4NG TIN CHI TI\u1ebeT S\u1ea2N PH\u1ea8M<\/strong><\/h2>\n<ul>\n<li>M\u00e3 h\u00e0ng: WTB12-3P2431<\/li>\n<li>Part no: 1041411<\/li>\n<li>Ph\u1ea1m vi c\u1ea3m bi\u1ebfn: 20 mm \u2026 350 mm<\/li>\n<li>Chuy\u1ec3n \u0111\u1ed5i \u0111\u1ea7u ra: PNP<\/li>\n<li>Ki\u1ec3u k\u1ebft n\u1ed1i: \u0110\u1ea7u n\u1ed1i nam M12, 4 ch\u00e2n<\/li>\n<li>K\u00edch th\u01b0\u1edbc (W x H x D): 15,6 mm x 48,5 mm x 42 mm<\/li>\n<\/ul>\n<h2><strong>CHI TI\u1ebeT K\u1ef8 THU\u1eacT S\u1ea2N PH\u1ea8M<\/strong><\/h2>\n<table width=\"676\">\n<tbody>\n<tr>\n<td width=\"235\">Ph\u1ea1m vi c\u1ea3m bi\u1ebfn t\u1ed1i \u0111a<\/td>\n<td>20 mm \u2026 350 mm<\/td>\n<\/tr>\n<tr>\n<td width=\"235\">Ph\u1ea1m vi c\u1ea3m bi\u1ebfn<\/td>\n<td>20 mm \u2026 350 mm<\/td>\n<\/tr>\n<tr>\n<td width=\"235\">Ngu\u1ed3n s\u00e1ng<\/td>\n<td>LED<\/td>\n<\/tr>\n<tr>\n<td width=\"235\">Lo\u1ea1i \u00e1nh s\u00e1ng<\/td>\n<td>\u00c1nh s\u00e1ng \u0111\u1ecf nh\u00ecn th\u1ea5y \u0111\u01b0\u1ee3c<\/td>\n<\/tr>\n<tr>\n<td width=\"235\">K\u00edch th\u01b0\u1edbc \u0111i\u1ec3m s\u00e1ng (kho\u1ea3ng c\u00e1ch)<\/td>\n<td>\u00d8 6 mm (200 mm)<\/td>\n<\/tr>\n<tr>\n<td width=\"235\">B\u01b0\u1edbc s\u00f3ng<\/td>\n<td>640 nm<\/td>\n<\/tr>\n<tr>\n<td width=\"235\">\u0110i\u1ec1u ch\u1ec9nh<\/td>\n<td>Chi\u1ebft \u00e1p, 5 l\u01b0\u1ee3t<\/td>\n<\/tr>\n<tr>\n<td width=\"235\">\u0110i\u1ec7n \u00e1p<\/td>\n<td>10 V DC \u2026 30 V DC<\/td>\n<\/tr>\n<tr>\n<td width=\"235\">Chuy\u1ec3n ch\u1ebf \u0111\u1ed9<\/td>\n<td>Chuy\u1ec3n \u0111\u1ed5i s\u00e1ng \/ t\u1ed1i<\/td>\n<\/tr>\n<tr>\n<td width=\"235\">Ki\u1ec3u k\u1ebft n\u1ed1i<\/td>\n<td>\u0110\u1ea7u n\u1ed1i nam M12, 4 ch\u00e2n<\/td>\n<\/tr>\n<tr>\n<td width=\"235\">C\u1ea5p b\u1ea3o v\u1ec7<\/td>\n<td>IP66IP67<\/p>\n<p>IP69K<\/td>\n<\/tr>\n<\/tbody>\n<\/table>\n","protected":false},"excerpt":{"rendered":"<p>SICK WTB12-3P2431 T\u1ed4NG QUAN S\u1ea2N PH\u1ea8M C\u1ea3m bi\u1ebfn quang \u0111i\u1ec7n nh\u1ecf\u00a0SICK WTB12-3P2431\u00a0l\u00e0 thi\u1ebft b\u1ecb l\u00fd t\u01b0\u1edfng cho c\u00e1c \u1ee9ng d\u1ee5ng ph\u00e1t hi\u1ec7n v\u1eadt th\u1ec3 nh\u1ecf v\u00e0 v\u1eadt th\u1ec3 nhi\u1ec1u m\u00e0u. \u0110\u01b0\u1ee3c \u1ee9ng d\u1ee5ng trong c\u00e1c ng\u00e0nh \u0111\u00f3ng g\u00f3i, d\u01b0\u1ee3c ph\u1ea9m hay th\u1ef1c ph\u1ea9m v\u00e0 \u0111\u1ed3 u\u1ed1ng\u2026 C\u00e0i \u0111\u1eb7t c\u1ea3m bi\u1ebfn&hellip; <\/p>\n","protected":false},"featured_media":4245,"comment_status":"open","ping_status":"closed","template":"","meta":[],"product_cat":[297],"product_tag":[88,89,90],"class_list":{"0":"post-4244","1":"product","2":"type-product","3":"status-publish","4":"has-post-thumbnail","6":"product_cat-sick","7":"product_tag-cam-bien","8":"product_tag-dai-ly-sick-viet-nam","9":"product_tag-sick-viet-nam","11":"first","12":"instock","13":"shipping-taxable","14":"product-type-simple"},"yoast_head":"<!-- This site is optimized with the Yoast SEO plugin v22.8 - https:\/\/yoast.com\/wordpress\/plugins\/seo\/ -->\n<title>SICK WTB12-3P2431 - OMANI VI\u1ec6T NAM<\/title>\n<meta name=\"description\" content=\"SICK WTB12-3P2431 Photo Sensor\" \/>\n<meta name=\"robots\" content=\"index, follow, max-snippet:-1, max-image-preview:large, max-video-preview:-1\" \/>\n<link rel=\"canonical\" href=\"https:\/\/omanivietnam.com\/index.php\/san-pham\/sick-wtb12-3p2431\/\" \/>\n<meta property=\"og:locale\" content=\"vi_VN\" \/>\n<meta property=\"og:type\" content=\"article\" \/>\n<meta property=\"og:title\" content=\"SICK WTB12-3P2431 - OMANI VI\u1ec6T NAM\" \/>\n<meta property=\"og:description\" content=\"SICK WTB12-3P2431 Photo Sensor\" \/>\n<meta property=\"og:url\" content=\"https:\/\/omanivietnam.com\/index.php\/san-pham\/sick-wtb12-3p2431\/\" \/>\n<meta property=\"og:site_name\" content=\"OMANI VI\u1ec6T NAM\" \/>\n<meta property=\"og:image\" content=\"https:\/\/omanivietnam.com\/wp-content\/uploads\/2025\/08\/WTB12-3P2431.png\" \/>\n\t<meta property=\"og:image:width\" content=\"585\" \/>\n\t<meta property=\"og:image:height\" content=\"603\" \/>\n\t<meta property=\"og:image:type\" content=\"image\/png\" \/>\n<meta name=\"twitter:card\" content=\"summary_large_image\" \/>\n<meta name=\"twitter:label1\" content=\"\u01af\u1edbc t\u00ednh th\u1eddi gian \u0111\u1ecdc\" \/>\n\t<meta name=\"twitter:data1\" content=\"2 ph\u00fat\" \/>\n<script type=\"application\/ld+json\" class=\"yoast-schema-graph\">{\"@context\":\"https:\/\/schema.org\",\"@graph\":[{\"@type\":\"WebPage\",\"@id\":\"https:\/\/omanivietnam.com\/index.php\/san-pham\/sick-wtb12-3p2431\/\",\"url\":\"https:\/\/omanivietnam.com\/index.php\/san-pham\/sick-wtb12-3p2431\/\",\"name\":\"SICK WTB12-3P2431 - OMANI VI\u1ec6T NAM\",\"isPartOf\":{\"@id\":\"https:\/\/omanivietnam.com\/#website\"},\"primaryImageOfPage\":{\"@id\":\"https:\/\/omanivietnam.com\/index.php\/san-pham\/sick-wtb12-3p2431\/#primaryimage\"},\"image\":{\"@id\":\"https:\/\/omanivietnam.com\/index.php\/san-pham\/sick-wtb12-3p2431\/#primaryimage\"},\"thumbnailUrl\":\"https:\/\/omanivietnam.com\/wp-content\/uploads\/2025\/08\/WTB12-3P2431.png\",\"datePublished\":\"2025-08-05T14:41:24+00:00\",\"dateModified\":\"2025-08-05T14:41:24+00:00\",\"description\":\"SICK WTB12-3P2431 Photo Sensor\",\"breadcrumb\":{\"@id\":\"https:\/\/omanivietnam.com\/index.php\/san-pham\/sick-wtb12-3p2431\/#breadcrumb\"},\"inLanguage\":\"vi\",\"potentialAction\":[{\"@type\":\"ReadAction\",\"target\":[\"https:\/\/omanivietnam.com\/index.php\/san-pham\/sick-wtb12-3p2431\/\"]}]},{\"@type\":\"ImageObject\",\"inLanguage\":\"vi\",\"@id\":\"https:\/\/omanivietnam.com\/index.php\/san-pham\/sick-wtb12-3p2431\/#primaryimage\",\"url\":\"https:\/\/omanivietnam.com\/wp-content\/uploads\/2025\/08\/WTB12-3P2431.png\",\"contentUrl\":\"https:\/\/omanivietnam.com\/wp-content\/uploads\/2025\/08\/WTB12-3P2431.png\",\"width\":585,\"height\":603},{\"@type\":\"BreadcrumbList\",\"@id\":\"https:\/\/omanivietnam.com\/index.php\/san-pham\/sick-wtb12-3p2431\/#breadcrumb\",\"itemListElement\":[{\"@type\":\"ListItem\",\"position\":1,\"name\":\"Home\",\"item\":\"https:\/\/omanivietnam.com\/\"},{\"@type\":\"ListItem\",\"position\":2,\"name\":\"S\u1ea2N PH\u1ea8M\",\"item\":\"https:\/\/omanivietnam.com\/index.php\/cua-hang\/\"},{\"@type\":\"ListItem\",\"position\":3,\"name\":\"SICK WTB12-3P2431\"}]},{\"@type\":\"WebSite\",\"@id\":\"https:\/\/omanivietnam.com\/#website\",\"url\":\"https:\/\/omanivietnam.com\/\",\"name\":\"OMANI VI\u1ec6T NAM\",\"description\":\"Nh\u00e0 ph\u00e2n ph\u1ed1i thi\u1ebft b\u1ecb kh\u00ed n\u00e9n v\u00e0 thi\u1ebft b\u1ecb t\u1ef1 \u0111\u1ed9ng h\u00f3a trong c\u00f4ng nghi\u1ec7p\",\"publisher\":{\"@id\":\"https:\/\/omanivietnam.com\/#\/schema\/person\/0ad398a980dc3fd696111c2c5c8fa897\"},\"potentialAction\":[{\"@type\":\"SearchAction\",\"target\":{\"@type\":\"EntryPoint\",\"urlTemplate\":\"https:\/\/omanivietnam.com\/?s={search_term_string}\"},\"query-input\":\"required name=search_term_string\"}],\"inLanguage\":\"vi\"},{\"@type\":[\"Person\",\"Organization\"],\"@id\":\"https:\/\/omanivietnam.com\/#\/schema\/person\/0ad398a980dc3fd696111c2c5c8fa897\",\"name\":\"Nguy\u1ec5n V\u0103n Kh\u00e1nh\",\"image\":{\"@type\":\"ImageObject\",\"inLanguage\":\"vi\",\"@id\":\"https:\/\/omanivietnam.com\/#\/schema\/person\/image\/\",\"url\":\"https:\/\/omanivietnam.com\/wp-content\/uploads\/2024\/06\/logo-1024x1024.png\",\"contentUrl\":\"https:\/\/omanivietnam.com\/wp-content\/uploads\/2024\/06\/logo-1024x1024.png\",\"width\":1024,\"height\":1024,\"caption\":\"Nguy\u1ec5n V\u0103n Kh\u00e1nh\"},\"logo\":{\"@id\":\"https:\/\/omanivietnam.com\/#\/schema\/person\/image\/\"},\"sameAs\":[\"https:\/\/omanivietnam.com\"]}]}<\/script>\n<!-- \/ Yoast SEO plugin. -->","yoast_head_json":{"title":"SICK WTB12-3P2431 - OMANI VI\u1ec6T NAM","description":"SICK WTB12-3P2431 Photo Sensor","robots":{"index":"index","follow":"follow","max-snippet":"max-snippet:-1","max-image-preview":"max-image-preview:large","max-video-preview":"max-video-preview:-1"},"canonical":"https:\/\/omanivietnam.com\/index.php\/san-pham\/sick-wtb12-3p2431\/","og_locale":"vi_VN","og_type":"article","og_title":"SICK WTB12-3P2431 - OMANI VI\u1ec6T NAM","og_description":"SICK WTB12-3P2431 Photo Sensor","og_url":"https:\/\/omanivietnam.com\/index.php\/san-pham\/sick-wtb12-3p2431\/","og_site_name":"OMANI VI\u1ec6T NAM","og_image":[{"width":585,"height":603,"url":"https:\/\/omanivietnam.com\/wp-content\/uploads\/2025\/08\/WTB12-3P2431.png","type":"image\/png"}],"twitter_card":"summary_large_image","twitter_misc":{"\u01af\u1edbc t\u00ednh th\u1eddi gian \u0111\u1ecdc":"2 ph\u00fat"},"schema":{"@context":"https:\/\/schema.org","@graph":[{"@type":"WebPage","@id":"https:\/\/omanivietnam.com\/index.php\/san-pham\/sick-wtb12-3p2431\/","url":"https:\/\/omanivietnam.com\/index.php\/san-pham\/sick-wtb12-3p2431\/","name":"SICK WTB12-3P2431 - OMANI VI\u1ec6T NAM","isPartOf":{"@id":"https:\/\/omanivietnam.com\/#website"},"primaryImageOfPage":{"@id":"https:\/\/omanivietnam.com\/index.php\/san-pham\/sick-wtb12-3p2431\/#primaryimage"},"image":{"@id":"https:\/\/omanivietnam.com\/index.php\/san-pham\/sick-wtb12-3p2431\/#primaryimage"},"thumbnailUrl":"https:\/\/omanivietnam.com\/wp-content\/uploads\/2025\/08\/WTB12-3P2431.png","datePublished":"2025-08-05T14:41:24+00:00","dateModified":"2025-08-05T14:41:24+00:00","description":"SICK WTB12-3P2431 Photo Sensor","breadcrumb":{"@id":"https:\/\/omanivietnam.com\/index.php\/san-pham\/sick-wtb12-3p2431\/#breadcrumb"},"inLanguage":"vi","potentialAction":[{"@type":"ReadAction","target":["https:\/\/omanivietnam.com\/index.php\/san-pham\/sick-wtb12-3p2431\/"]}]},{"@type":"ImageObject","inLanguage":"vi","@id":"https:\/\/omanivietnam.com\/index.php\/san-pham\/sick-wtb12-3p2431\/#primaryimage","url":"https:\/\/omanivietnam.com\/wp-content\/uploads\/2025\/08\/WTB12-3P2431.png","contentUrl":"https:\/\/omanivietnam.com\/wp-content\/uploads\/2025\/08\/WTB12-3P2431.png","width":585,"height":603},{"@type":"BreadcrumbList","@id":"https:\/\/omanivietnam.com\/index.php\/san-pham\/sick-wtb12-3p2431\/#breadcrumb","itemListElement":[{"@type":"ListItem","position":1,"name":"Home","item":"https:\/\/omanivietnam.com\/"},{"@type":"ListItem","position":2,"name":"S\u1ea2N PH\u1ea8M","item":"https:\/\/omanivietnam.com\/index.php\/cua-hang\/"},{"@type":"ListItem","position":3,"name":"SICK WTB12-3P2431"}]},{"@type":"WebSite","@id":"https:\/\/omanivietnam.com\/#website","url":"https:\/\/omanivietnam.com\/","name":"OMANI VI\u1ec6T NAM","description":"Nh\u00e0 ph\u00e2n ph\u1ed1i thi\u1ebft b\u1ecb kh\u00ed n\u00e9n v\u00e0 thi\u1ebft b\u1ecb t\u1ef1 \u0111\u1ed9ng h\u00f3a trong c\u00f4ng nghi\u1ec7p","publisher":{"@id":"https:\/\/omanivietnam.com\/#\/schema\/person\/0ad398a980dc3fd696111c2c5c8fa897"},"potentialAction":[{"@type":"SearchAction","target":{"@type":"EntryPoint","urlTemplate":"https:\/\/omanivietnam.com\/?s={search_term_string}"},"query-input":"required name=search_term_string"}],"inLanguage":"vi"},{"@type":["Person","Organization"],"@id":"https:\/\/omanivietnam.com\/#\/schema\/person\/0ad398a980dc3fd696111c2c5c8fa897","name":"Nguy\u1ec5n V\u0103n Kh\u00e1nh","image":{"@type":"ImageObject","inLanguage":"vi","@id":"https:\/\/omanivietnam.com\/#\/schema\/person\/image\/","url":"https:\/\/omanivietnam.com\/wp-content\/uploads\/2024\/06\/logo-1024x1024.png","contentUrl":"https:\/\/omanivietnam.com\/wp-content\/uploads\/2024\/06\/logo-1024x1024.png","width":1024,"height":1024,"caption":"Nguy\u1ec5n V\u0103n Kh\u00e1nh"},"logo":{"@id":"https:\/\/omanivietnam.com\/#\/schema\/person\/image\/"},"sameAs":["https:\/\/omanivietnam.com"]}]}},"_links":{"self":[{"href":"https:\/\/omanivietnam.com\/index.php\/wp-json\/wp\/v2\/product\/4244","targetHints":{"allow":["GET"]}}],"collection":[{"href":"https:\/\/omanivietnam.com\/index.php\/wp-json\/wp\/v2\/product"}],"about":[{"href":"https:\/\/omanivietnam.com\/index.php\/wp-json\/wp\/v2\/types\/product"}],"replies":[{"embeddable":true,"href":"https:\/\/omanivietnam.com\/index.php\/wp-json\/wp\/v2\/comments?post=4244"}],"wp:featuredmedia":[{"embeddable":true,"href":"https:\/\/omanivietnam.com\/index.php\/wp-json\/wp\/v2\/media\/4245"}],"wp:attachment":[{"href":"https:\/\/omanivietnam.com\/index.php\/wp-json\/wp\/v2\/media?parent=4244"}],"wp:term":[{"taxonomy":"product_cat","embeddable":true,"href":"https:\/\/omanivietnam.com\/index.php\/wp-json\/wp\/v2\/product_cat?post=4244"},{"taxonomy":"product_tag","embeddable":true,"href":"https:\/\/omanivietnam.com\/index.php\/wp-json\/wp\/v2\/product_tag?post=4244"}],"curies":[{"name":"wp","href":"https:\/\/api.w.org\/{rel}","templated":true}]}}