{"id":4246,"date":"2025-08-05T21:54:16","date_gmt":"2025-08-05T14:54:16","guid":{"rendered":"https:\/\/omanivietnam.com\/?post_type=product&#038;p=4246"},"modified":"2025-08-05T21:54:16","modified_gmt":"2025-08-05T14:54:16","slug":"sick-wtb12-3f2431s62","status":"publish","type":"product","link":"https:\/\/omanivietnam.com\/index.php\/san-pham\/sick-wtb12-3f2431s62\/","title":{"rendered":"SICK WTB12-3F2431S62"},"content":{"rendered":"<p>SICK WTB12-3F2431S62<\/p>\n<p class=\"single-post-title product_title entry-title\">Sick Photoelectric Sensor WTB12-3F2431S62<\/p>\n<h2>Description<\/h2>\n<h2>Sick Photoelectric Sensor WTB12-3F2431S62<\/h2>\n<ul>\n<li>Extended Product Type : Sensor<\/li>\n<li class=\"even\">\n<dl>\n<dt>Product ID : WTB12-3F2431S62<\/dt>\n<\/dl>\n<\/li>\n<li>\n<dl>\n<dt>Sick Type Designation : Sensor<\/dt>\n<\/dl>\n<\/li>\n<\/ul>\n<h2><strong>Specification\u00a0<\/strong><\/h2>\n<ul>\n<li>Sensor\/ detection principle : Photoelectric proximity sensor, Background suppression<\/li>\n<li>Sensing range : 20 mm \u2026 350 mm<\/li>\n<li>Supply voltage : 10 V DC \u2026 30 V DC\u00a0<sup>1)<\/sup><\/li>\n<li>Power consumption : 60 mA\u00a0<sup>3)<\/sup><\/li>\n<li>Output current : 100 mA<\/li>\n<li>Connection type : Male connector M12, 4-pin<\/li>\n<li>Dimensions (W x H x D) : 15.6 mm x 48.5 mm x 42 mm<\/li>\n<li>Weight : 120 g<\/li>\n<\/ul>\n","protected":false},"excerpt":{"rendered":"<p>SICK WTB12-3F2431S62 Sick Photoelectric Sensor WTB12-3F2431S62 Description Sick Photoelectric Sensor WTB12-3F2431S62 Extended Product Type : Sensor Product ID : WTB12-3F2431S62 Sick Type Designation : Sensor Specification\u00a0 Sensor\/ detection principle : Photoelectric proximity sensor, Background suppression Sensing range : 20 mm \u2026 350 mm Supply voltage : 10 V DC \u2026&hellip; <\/p>\n","protected":false},"featured_media":4247,"comment_status":"open","ping_status":"closed","template":"","meta":[],"product_cat":[297],"product_tag":[88,89,90],"class_list":{"0":"post-4246","1":"product","2":"type-product","3":"status-publish","4":"has-post-thumbnail","6":"product_cat-sick","7":"product_tag-cam-bien","8":"product_tag-dai-ly-sick-viet-nam","9":"product_tag-sick-viet-nam","11":"first","12":"instock","13":"shipping-taxable","14":"product-type-simple"},"yoast_head":"<!-- This site is optimized with the Yoast SEO plugin v22.8 - https:\/\/yoast.com\/wordpress\/plugins\/seo\/ -->\n<title>SICK WTB12-3F2431S62 - OMANI VI\u1ec6T NAM<\/title>\n<meta name=\"description\" content=\"SICK WTB12-3F2431S62 Photoelectric Sensor\" \/>\n<meta name=\"robots\" content=\"index, follow, max-snippet:-1, max-image-preview:large, max-video-preview:-1\" \/>\n<link rel=\"canonical\" href=\"https:\/\/omanivietnam.com\/index.php\/san-pham\/sick-wtb12-3f2431s62\/\" \/>\n<meta property=\"og:locale\" content=\"vi_VN\" \/>\n<meta property=\"og:type\" content=\"article\" \/>\n<meta property=\"og:title\" content=\"SICK WTB12-3F2431S62 - OMANI VI\u1ec6T NAM\" \/>\n<meta property=\"og:description\" content=\"SICK WTB12-3F2431S62 Photoelectric Sensor\" \/>\n<meta property=\"og:url\" content=\"https:\/\/omanivietnam.com\/index.php\/san-pham\/sick-wtb12-3f2431s62\/\" \/>\n<meta property=\"og:site_name\" content=\"OMANI VI\u1ec6T NAM\" \/>\n<meta property=\"og:image\" content=\"https:\/\/omanivietnam.com\/wp-content\/uploads\/2025\/08\/WTB12-3F2431S62.png\" \/>\n\t<meta property=\"og:image:width\" content=\"1055\" \/>\n\t<meta property=\"og:image:height\" content=\"885\" \/>\n\t<meta property=\"og:image:type\" content=\"image\/png\" \/>\n<meta name=\"twitter:card\" content=\"summary_large_image\" \/>\n<meta name=\"twitter:label1\" content=\"\u01af\u1edbc t\u00ednh th\u1eddi gian \u0111\u1ecdc\" \/>\n\t<meta name=\"twitter:data1\" content=\"1 ph\u00fat\" \/>\n<script type=\"application\/ld+json\" class=\"yoast-schema-graph\">{\"@context\":\"https:\/\/schema.org\",\"@graph\":[{\"@type\":\"WebPage\",\"@id\":\"https:\/\/omanivietnam.com\/index.php\/san-pham\/sick-wtb12-3f2431s62\/\",\"url\":\"https:\/\/omanivietnam.com\/index.php\/san-pham\/sick-wtb12-3f2431s62\/\",\"name\":\"SICK WTB12-3F2431S62 - OMANI VI\u1ec6T NAM\",\"isPartOf\":{\"@id\":\"https:\/\/omanivietnam.com\/#website\"},\"primaryImageOfPage\":{\"@id\":\"https:\/\/omanivietnam.com\/index.php\/san-pham\/sick-wtb12-3f2431s62\/#primaryimage\"},\"image\":{\"@id\":\"https:\/\/omanivietnam.com\/index.php\/san-pham\/sick-wtb12-3f2431s62\/#primaryimage\"},\"thumbnailUrl\":\"https:\/\/omanivietnam.com\/wp-content\/uploads\/2025\/08\/WTB12-3F2431S62.png\",\"datePublished\":\"2025-08-05T14:54:16+00:00\",\"dateModified\":\"2025-08-05T14:54:16+00:00\",\"description\":\"SICK WTB12-3F2431S62 Photoelectric Sensor\",\"breadcrumb\":{\"@id\":\"https:\/\/omanivietnam.com\/index.php\/san-pham\/sick-wtb12-3f2431s62\/#breadcrumb\"},\"inLanguage\":\"vi\",\"potentialAction\":[{\"@type\":\"ReadAction\",\"target\":[\"https:\/\/omanivietnam.com\/index.php\/san-pham\/sick-wtb12-3f2431s62\/\"]}]},{\"@type\":\"ImageObject\",\"inLanguage\":\"vi\",\"@id\":\"https:\/\/omanivietnam.com\/index.php\/san-pham\/sick-wtb12-3f2431s62\/#primaryimage\",\"url\":\"https:\/\/omanivietnam.com\/wp-content\/uploads\/2025\/08\/WTB12-3F2431S62.png\",\"contentUrl\":\"https:\/\/omanivietnam.com\/wp-content\/uploads\/2025\/08\/WTB12-3F2431S62.png\",\"width\":1055,\"height\":885},{\"@type\":\"BreadcrumbList\",\"@id\":\"https:\/\/omanivietnam.com\/index.php\/san-pham\/sick-wtb12-3f2431s62\/#breadcrumb\",\"itemListElement\":[{\"@type\":\"ListItem\",\"position\":1,\"name\":\"Home\",\"item\":\"https:\/\/omanivietnam.com\/\"},{\"@type\":\"ListItem\",\"position\":2,\"name\":\"S\u1ea2N PH\u1ea8M\",\"item\":\"https:\/\/omanivietnam.com\/index.php\/cua-hang\/\"},{\"@type\":\"ListItem\",\"position\":3,\"name\":\"SICK WTB12-3F2431S62\"}]},{\"@type\":\"WebSite\",\"@id\":\"https:\/\/omanivietnam.com\/#website\",\"url\":\"https:\/\/omanivietnam.com\/\",\"name\":\"OMANI VI\u1ec6T NAM\",\"description\":\"Nh\u00e0 ph\u00e2n ph\u1ed1i thi\u1ebft b\u1ecb kh\u00ed n\u00e9n v\u00e0 thi\u1ebft b\u1ecb t\u1ef1 \u0111\u1ed9ng h\u00f3a trong c\u00f4ng nghi\u1ec7p\",\"publisher\":{\"@id\":\"https:\/\/omanivietnam.com\/#\/schema\/person\/0ad398a980dc3fd696111c2c5c8fa897\"},\"potentialAction\":[{\"@type\":\"SearchAction\",\"target\":{\"@type\":\"EntryPoint\",\"urlTemplate\":\"https:\/\/omanivietnam.com\/?s={search_term_string}\"},\"query-input\":\"required name=search_term_string\"}],\"inLanguage\":\"vi\"},{\"@type\":[\"Person\",\"Organization\"],\"@id\":\"https:\/\/omanivietnam.com\/#\/schema\/person\/0ad398a980dc3fd696111c2c5c8fa897\",\"name\":\"Nguy\u1ec5n V\u0103n Kh\u00e1nh\",\"image\":{\"@type\":\"ImageObject\",\"inLanguage\":\"vi\",\"@id\":\"https:\/\/omanivietnam.com\/#\/schema\/person\/image\/\",\"url\":\"https:\/\/omanivietnam.com\/wp-content\/uploads\/2024\/06\/logo-1024x1024.png\",\"contentUrl\":\"https:\/\/omanivietnam.com\/wp-content\/uploads\/2024\/06\/logo-1024x1024.png\",\"width\":1024,\"height\":1024,\"caption\":\"Nguy\u1ec5n V\u0103n Kh\u00e1nh\"},\"logo\":{\"@id\":\"https:\/\/omanivietnam.com\/#\/schema\/person\/image\/\"},\"sameAs\":[\"https:\/\/omanivietnam.com\"]}]}<\/script>\n<!-- \/ Yoast SEO plugin. -->","yoast_head_json":{"title":"SICK WTB12-3F2431S62 - OMANI VI\u1ec6T NAM","description":"SICK WTB12-3F2431S62 Photoelectric Sensor","robots":{"index":"index","follow":"follow","max-snippet":"max-snippet:-1","max-image-preview":"max-image-preview:large","max-video-preview":"max-video-preview:-1"},"canonical":"https:\/\/omanivietnam.com\/index.php\/san-pham\/sick-wtb12-3f2431s62\/","og_locale":"vi_VN","og_type":"article","og_title":"SICK WTB12-3F2431S62 - OMANI VI\u1ec6T NAM","og_description":"SICK WTB12-3F2431S62 Photoelectric Sensor","og_url":"https:\/\/omanivietnam.com\/index.php\/san-pham\/sick-wtb12-3f2431s62\/","og_site_name":"OMANI VI\u1ec6T NAM","og_image":[{"width":1055,"height":885,"url":"https:\/\/omanivietnam.com\/wp-content\/uploads\/2025\/08\/WTB12-3F2431S62.png","type":"image\/png"}],"twitter_card":"summary_large_image","twitter_misc":{"\u01af\u1edbc t\u00ednh th\u1eddi gian \u0111\u1ecdc":"1 ph\u00fat"},"schema":{"@context":"https:\/\/schema.org","@graph":[{"@type":"WebPage","@id":"https:\/\/omanivietnam.com\/index.php\/san-pham\/sick-wtb12-3f2431s62\/","url":"https:\/\/omanivietnam.com\/index.php\/san-pham\/sick-wtb12-3f2431s62\/","name":"SICK WTB12-3F2431S62 - OMANI VI\u1ec6T NAM","isPartOf":{"@id":"https:\/\/omanivietnam.com\/#website"},"primaryImageOfPage":{"@id":"https:\/\/omanivietnam.com\/index.php\/san-pham\/sick-wtb12-3f2431s62\/#primaryimage"},"image":{"@id":"https:\/\/omanivietnam.com\/index.php\/san-pham\/sick-wtb12-3f2431s62\/#primaryimage"},"thumbnailUrl":"https:\/\/omanivietnam.com\/wp-content\/uploads\/2025\/08\/WTB12-3F2431S62.png","datePublished":"2025-08-05T14:54:16+00:00","dateModified":"2025-08-05T14:54:16+00:00","description":"SICK WTB12-3F2431S62 Photoelectric Sensor","breadcrumb":{"@id":"https:\/\/omanivietnam.com\/index.php\/san-pham\/sick-wtb12-3f2431s62\/#breadcrumb"},"inLanguage":"vi","potentialAction":[{"@type":"ReadAction","target":["https:\/\/omanivietnam.com\/index.php\/san-pham\/sick-wtb12-3f2431s62\/"]}]},{"@type":"ImageObject","inLanguage":"vi","@id":"https:\/\/omanivietnam.com\/index.php\/san-pham\/sick-wtb12-3f2431s62\/#primaryimage","url":"https:\/\/omanivietnam.com\/wp-content\/uploads\/2025\/08\/WTB12-3F2431S62.png","contentUrl":"https:\/\/omanivietnam.com\/wp-content\/uploads\/2025\/08\/WTB12-3F2431S62.png","width":1055,"height":885},{"@type":"BreadcrumbList","@id":"https:\/\/omanivietnam.com\/index.php\/san-pham\/sick-wtb12-3f2431s62\/#breadcrumb","itemListElement":[{"@type":"ListItem","position":1,"name":"Home","item":"https:\/\/omanivietnam.com\/"},{"@type":"ListItem","position":2,"name":"S\u1ea2N PH\u1ea8M","item":"https:\/\/omanivietnam.com\/index.php\/cua-hang\/"},{"@type":"ListItem","position":3,"name":"SICK WTB12-3F2431S62"}]},{"@type":"WebSite","@id":"https:\/\/omanivietnam.com\/#website","url":"https:\/\/omanivietnam.com\/","name":"OMANI VI\u1ec6T NAM","description":"Nh\u00e0 ph\u00e2n ph\u1ed1i thi\u1ebft b\u1ecb kh\u00ed n\u00e9n v\u00e0 thi\u1ebft b\u1ecb t\u1ef1 \u0111\u1ed9ng h\u00f3a trong c\u00f4ng nghi\u1ec7p","publisher":{"@id":"https:\/\/omanivietnam.com\/#\/schema\/person\/0ad398a980dc3fd696111c2c5c8fa897"},"potentialAction":[{"@type":"SearchAction","target":{"@type":"EntryPoint","urlTemplate":"https:\/\/omanivietnam.com\/?s={search_term_string}"},"query-input":"required name=search_term_string"}],"inLanguage":"vi"},{"@type":["Person","Organization"],"@id":"https:\/\/omanivietnam.com\/#\/schema\/person\/0ad398a980dc3fd696111c2c5c8fa897","name":"Nguy\u1ec5n V\u0103n Kh\u00e1nh","image":{"@type":"ImageObject","inLanguage":"vi","@id":"https:\/\/omanivietnam.com\/#\/schema\/person\/image\/","url":"https:\/\/omanivietnam.com\/wp-content\/uploads\/2024\/06\/logo-1024x1024.png","contentUrl":"https:\/\/omanivietnam.com\/wp-content\/uploads\/2024\/06\/logo-1024x1024.png","width":1024,"height":1024,"caption":"Nguy\u1ec5n V\u0103n Kh\u00e1nh"},"logo":{"@id":"https:\/\/omanivietnam.com\/#\/schema\/person\/image\/"},"sameAs":["https:\/\/omanivietnam.com"]}]}},"_links":{"self":[{"href":"https:\/\/omanivietnam.com\/index.php\/wp-json\/wp\/v2\/product\/4246","targetHints":{"allow":["GET"]}}],"collection":[{"href":"https:\/\/omanivietnam.com\/index.php\/wp-json\/wp\/v2\/product"}],"about":[{"href":"https:\/\/omanivietnam.com\/index.php\/wp-json\/wp\/v2\/types\/product"}],"replies":[{"embeddable":true,"href":"https:\/\/omanivietnam.com\/index.php\/wp-json\/wp\/v2\/comments?post=4246"}],"wp:featuredmedia":[{"embeddable":true,"href":"https:\/\/omanivietnam.com\/index.php\/wp-json\/wp\/v2\/media\/4247"}],"wp:attachment":[{"href":"https:\/\/omanivietnam.com\/index.php\/wp-json\/wp\/v2\/media?parent=4246"}],"wp:term":[{"taxonomy":"product_cat","embeddable":true,"href":"https:\/\/omanivietnam.com\/index.php\/wp-json\/wp\/v2\/product_cat?post=4246"},{"taxonomy":"product_tag","embeddable":true,"href":"https:\/\/omanivietnam.com\/index.php\/wp-json\/wp\/v2\/product_tag?post=4246"}],"curies":[{"name":"wp","href":"https:\/\/api.w.org\/{rel}","templated":true}]}}