{"id":425,"date":"2024-06-12T23:40:06","date_gmt":"2024-06-12T16:40:06","guid":{"rendered":"https:\/\/omanivietnam.com\/?post_type=product&#038;p=425"},"modified":"2024-08-10T21:23:27","modified_gmt":"2024-08-10T14:23:27","slug":"omron-h7bx-aw","status":"publish","type":"product","link":"https:\/\/omanivietnam.com\/index.php\/san-pham\/omron-h7bx-aw\/","title":{"rendered":"OMRON H7BX-AW"},"content":{"rendered":"<p><strong>OMRON H7BX-AW<\/strong><\/p>\n<p class=\"m-h1\">Electron Counter (DIN 72\u00d772) \u2013 H7BX (H7BX-AW)<\/p>\n<p>[Features]<br \/>\n\u00b7 Bright, easy to view negative LCD display.<br \/>\n\u00b7 A new standard DIN72 \u00d7 72\u00a0mm sized electronic counter.<br \/>\n\u00b7 High visibility enabled by a negative LCD and back-lighting.<br \/>\n\u00b7 Checking from a distance enabled by a display color change function (Red&lt;=&gt;Green).<br \/>\n\u00b7 Simpler operation enabled by using vertical keys.<br \/>\n\u00b7 All of the basic settings are possible by the dip switch.<br \/>\n\u00b7 Total preset counter, batch counter, dual counter, tachometer loaded. Can deal with a wide range of inputs with multi<br \/>\n\u00b7 NPN\/PNP input, and compatible with DC two lead sensor.<br \/>\n\u00b7 UL, CSA acquired.<br \/>\n\u00b7 Compatible with the CE mark.<br \/>\n\u00b7 Water resistant structure (only the front part of IP54).<\/p>\n<h3 class=\"m-h3\"><span data-lang=\"ENG\">Configured Specifications<\/span><\/h3>\n<table class=\"m-listTable\" summary=\"Price, Spec., etc.\" width=\"783\">\n<colgroup>\n<col width=\"20%\" \/>\n<col width=\"30%\" \/>\n<col width=\"20%\" \/>\n<col width=\"30%\" \/><\/colgroup>\n<tbody>\n<tr>\n<th>Type<\/th>\n<td>Total counter<\/td>\n<th>Display method<\/th>\n<td>LCD<\/td>\n<\/tr>\n<tr>\n<th>Display Digits<\/th>\n<td>6 digits<\/td>\n<th>Mounting Method<\/th>\n<td>Panel<\/td>\n<\/tr>\n<tr>\n<th>Panel cut dimensions<\/th>\n<td>[Other] 68\u00d768<\/td>\n<th>Power Supply Voltage<\/th>\n<td>AC-dedicated<\/td>\n<\/tr>\n<tr>\n<th>Prescale<\/th>\n<td>Available<\/td>\n<th>Representative Standard<\/th>\n<td>CE \/ UL<\/td>\n<\/tr>\n<tr>\n<th>Dimension vertical(mm)<\/th>\n<td>72<\/td>\n<th>Dimension width(mm)<\/th>\n<td>72<\/td>\n<\/tr>\n<tr>\n<th>Dimension depth(mm)<\/th>\n<td>100<\/td>\n<th>Classification<\/th>\n<td>Preset counter\/tachometer<\/td>\n<\/tr>\n<tr class=\"VN_table-row\">\n<th>MAX input frequency (MAX counting speed) (Hz)<\/th>\n<td>30Hz\/10kHz<\/td>\n<th>Power supply voltage details(V)<\/th>\n<td>AC 100\u2013240<\/td>\n<\/tr>\n<tr class=\"VN_table-row\">\n<th>Computing Method<\/th>\n<td>Add\/subtract\/add-subtract<\/td>\n<th>\u2013<\/th>\n<td>\u2013<\/td>\n<\/tr>\n<\/tbody>\n<\/table>\n<p>&nbsp;<\/p>\n<p><img decoding=\"async\" src=\"https:\/\/vn.misumi-ec.com\/linked\/vitem\/el\/OMR1\/222004924230\/img\/222004924230_jh_w01.jpg\" alt=\"H7BX external appearance\" \/><\/p>\n<p>&nbsp;<\/p>\n<p><img fetchpriority=\"high\" decoding=\"async\" class=\"\" src=\"https:\/\/vn.misumi-ec.com\/linked\/vitem\/el\/OMR1\/222004924230\/img\/222004924230_jh_w02.jpg\" alt=\"H7BX outline drawing\" width=\"948\" height=\"229\" \/><\/p>\n<p>&nbsp;<\/p>\n<table class=\"m-table\" width=\"917\">\n<thead>\n<tr>\n<th colspan=\"2\">Format<\/th>\n<th>Series H7BX-A\/AD1<\/th>\n<th>Series H7BX-AW\/AWD1<\/th>\n<\/tr>\n<\/thead>\n<tbody>\n<tr>\n<th colspan=\"2\">Type<\/th>\n<td>Preset Counter<\/td>\n<td>Preset Counter \/ Tachometer<\/td>\n<\/tr>\n<tr>\n<th colspan=\"2\">Function<\/th>\n<td>1-Stage Preset Counter<br \/>\nTotal Preset Counter (Switchable) *1<\/td>\n<td>1-Stage Preset Counter<br \/>\n2-Stage Preset Counter<br \/>\nTotal Preset Counter *1<br \/>\nBatch Counter<br \/>\nDual Counter<br \/>\nTachometer (Switchable)<\/td>\n<\/tr>\n<tr>\n<th rowspan=\"3\">Rating<\/th>\n<th>Power Supply Voltage*2<\/th>\n<td colspan=\"2\">100 to 240\u00a0V AC, 50\/60\u00a0Hz<br \/>\n24\u00a0V AC, 50\/60\u00a0Hz \/ 12 to 24\u00a0V DC (ripple content is 20% or less)<\/td>\n<\/tr>\n<tr>\n<th>Allowable Voltage Range<\/th>\n<td colspan=\"2\">85 to 110% of rated power supply voltage (90 to 110% for 12\u00a0V DC)<\/td>\n<\/tr>\n<tr>\n<th>Power Consumption<\/th>\n<td colspan=\"2\">Series H7BX-A\/AW: 9.6\u00a0VA or less (100 to 240\u00a0V AC)<br \/>\nSeries H7BX-AD1\/AWD1: 8\u00a0VA or less (24\u00a0V AC), 5.3\u00a0W or less (12 to 24\u00a0V DC)<\/td>\n<\/tr>\n<tr>\n<th colspan=\"2\">Mounting Method<\/th>\n<td colspan=\"2\">Embedded Mounting<\/td>\n<\/tr>\n<tr>\n<th colspan=\"2\">External Connection Method<\/th>\n<td colspan=\"2\">Screw-Fastening Terminal<\/td>\n<\/tr>\n<tr>\n<th colspan=\"2\">Protective Structure<\/th>\n<td colspan=\"2\">IP54 (Front Part Only)<\/td>\n<\/tr>\n<tr>\n<th colspan=\"2\">Input Signal<\/th>\n<td colspan=\"2\">CP1, CP2, Reset 1, Reset 2, Key Protect<\/td>\n<\/tr>\n<tr>\n<th rowspan=\"5\">Counter<\/th>\n<th>Maximum Counting Speed<\/th>\n<td colspan=\"2\">30\u00a0Hz, 5\u00a0kHz (Switchable) (ON\/OFF Ratio 1:1) CP1, CP2 Common Setting<\/td>\n<\/tr>\n<tr>\n<th>Input Mode<\/th>\n<td colspan=\"2\">Addition, subtraction, addition and subtraction (UP\/DOWN A [specified input], UP\/DOWN B [individual input],<br \/>\nUP\/DOWN C [phase difference input])<\/td>\n<\/tr>\n<tr>\n<th>Output Mode<\/th>\n<td>N, F, C, R, K-1, P, Q, A,<br \/>\nK-2, D, L<\/td>\n<td>N, F, C, R, K-1, P, Q, A,<br \/>\nK-2, D, L, H<\/td>\n<\/tr>\n<tr>\n<th>One-Shot Time<\/th>\n<td colspan=\"2\">0.01 to 99.99\u00a0s<\/td>\n<\/tr>\n<tr>\n<th>Recovery Method<\/th>\n<td colspan=\"2\">External reset (minimum signal width:1\u00a0ms, 20\u00a0ms switchable), manual reset,<br \/>\nAutomatic reset (internal reset according to operation of C, R, P, Q modes)<\/td>\n<\/tr>\n<tr>\n<th rowspan=\"8\">Tachometer<\/th>\n<th>Pulse Measurement Method<\/th>\n<td>\u2014<\/td>\n<td>Periodic Measurement Method (Sampling Cycle: 200\u00a0ms)<\/td>\n<\/tr>\n<tr>\n<th>Maximum Counting Speed<\/th>\n<td>\u2014<\/td>\n<td>30\u00a0Hz, 10\u00a0kHz (Switchable)<\/td>\n<\/tr>\n<tr>\n<th>Measurement Range<\/th>\n<td>\u2014<\/td>\n<td>30\u00a0Hz: 0.01\u00a0Hz to 30.00\u00a0Hz<br \/>\n10\u00a0kHz: 0.01\u00a0Hz to 10\u00a0kHz<\/td>\n<\/tr>\n<tr>\n<th>Measurement Accuracy<\/th>\n<td>\u2014<\/td>\n<td>\u00b10.1% F.S. \u00b11 digit or less (at 23\u00b15\u00b0C)<\/td>\n<\/tr>\n<tr>\n<th>Output Mode<\/th>\n<td>\u2014<\/td>\n<td>Upper\/lower limit, range, upper limit, lower limit<\/td>\n<\/tr>\n<tr>\n<th>Auto Zero Time<\/th>\n<td>\u2014<\/td>\n<td>0.1 to 99.9\u00a0s<\/td>\n<\/tr>\n<tr>\n<th>Start-Up Compensation Timer<\/th>\n<td>\u2014<\/td>\n<td>0.0 to 99.9\u00a0s<\/td>\n<\/tr>\n<tr>\n<th>Average number of times<\/th>\n<td>\u2014<\/td>\n<td>OFF \/ 2 times \/ 4 times \/ 8 times<\/td>\n<\/tr>\n<tr>\n<th colspan=\"2\">Pre-Scale Function<\/th>\n<td colspan=\"2\">Available (0.001 To 99.999)<\/td>\n<\/tr>\n<tr>\n<th colspan=\"2\">Decimal Point Setting<\/th>\n<td colspan=\"2\">Available (Bottom 3 Digits)<\/td>\n<\/tr>\n<tr>\n<th colspan=\"2\">Sensor Wait Time<\/th>\n<td colspan=\"2\">290\u00a0ms or less (during sensor wait time, input is not acknowledged with control output OFF)<\/td>\n<\/tr>\n<tr>\n<th colspan=\"2\">Key Protect Input<\/th>\n<td colspan=\"2\">Answer speed: approx. 1\u00a0s<br \/>\nnon-voltage (NPN) input (fixed)<br \/>\nImpedance at short circuit: 1\u00a0k\u03a9 or less (at 0\u00a0\u03a9 outflow current: approx. 12\u00a0mA),<br \/>\nresidual voltage at short circuit: 3V\u00a0or less, impedance when opening: 100\u00a0k\u03a9 or more<\/td>\n<\/tr>\n<tr>\n<th colspan=\"2\">Input Method<br \/>\n(Excluding Key Protect Input)<\/th>\n<td colspan=\"2\">Non-voltage (NPN) input \/ voltage (PNP) input (switchable)<br \/>\nDuring non-voltage input: impedance at short circuit: 1\u00a0k\u03a9 or less (at 0\u00a0\u03a9 outflow current: approx. 12\u00a0mA),<br \/>\nresidual voltage at short circuit: 3\u00a0V or less, impedance when opening: 100\u00a0k\u03a9 or more<br \/>\nDuring voltage input: \u201cH\u201d level: 4.5 to 30\u00a0V DC, \u201cL\u201d level: 0 to 2 V DC (input resistance approx. 4.7\u00a0k\u03a9)<\/td>\n<\/tr>\n<tr>\n<th colspan=\"2\">Power Supply To External Equipment<\/th>\n<td colspan=\"2\">12\u00a0V DC (\u00b110%) 100\u00a0mA max.<\/td>\n<\/tr>\n<tr>\n<th colspan=\"2\">Control Output<\/th>\n<td colspan=\"2\">Relay output contact: 250\u00a0V AC \/ 30\u00a0V DC 3\u00a0A<br \/>\nResistive load (cos\u00f8 = 1), minimum applied load: 5\u00a0V DC 10\u00a0mA (P level, reference)<br \/>\nTransistor output: 30\u00a0V DC max. 100\u00a0mA max.<br \/>\nResidual voltage 1.5\u00a0V DC or less (actual power approx. 1\u00a0V DC), leak current 0.1\u00a0mA or less<\/td>\n<\/tr>\n<tr>\n<th colspan=\"2\">Display Method*3<\/th>\n<td colspan=\"2\">7-segment negative LCD with backlight<br \/>\nCharacter height<br \/>\nCount values: 13.5\u00a0mm (red\/green)<br \/>\nSetting values: 9\u00a0mm (green)<\/td>\n<\/tr>\n<tr>\n<th colspan=\"2\">Number Of Digits<\/th>\n<td>6-digit<br \/>\n-99,999 to 999,999 (-5 digits to +6 digits)<\/td>\n<td>6-digit<br \/>\nWhen counter: -99,999 to 999,999 (-5 digits to +6 digits)<br \/>\nWhen tachometer: 0 to 999,999 (6 digits)<\/td>\n<\/tr>\n<tr>\n<th colspan=\"2\">Power Failure Memory Method<\/th>\n<td colspan=\"2\">EEP-ROM (100,000 rewrites or more) data retention: 10 years or more<\/td>\n<\/tr>\n<tr>\n<th colspan=\"2\">Operating Temperature Range<\/th>\n<td colspan=\"2\">-10 to +55\u00b0C (No Freezing)<\/td>\n<\/tr>\n<tr>\n<th colspan=\"2\">Storage Temperature Range<\/th>\n<td colspan=\"2\">-25 to +65\u2103 (No Freezing)<\/td>\n<\/tr>\n<tr>\n<th colspan=\"2\">Ambient Operating Humidity<\/th>\n<td colspan=\"2\">25 to 85% (No Condensation)<\/td>\n<\/tr>\n<tr>\n<th colspan=\"2\">Case Color<\/th>\n<td colspan=\"2\">Black (N1.5)<\/td>\n<\/tr>\n<tr>\n<th colspan=\"2\">Accessories<\/th>\n<td>Bracket for embedded mounting \u00d7 2, terminal cover<\/td>\n<td>Bracket for embedded mounting \u00d7 2, terminal cover,<br \/>\nseal for DIP switch setting<\/td>\n<\/tr>\n<\/tbody>\n<\/table>\n<p>&nbsp;<\/p>\n<p>\u0110\u1ea1i l\u00fd OMRON vietnam, OMRON viet nam, OMRON vietnam distributor, Ph\u00e2n ph\u1ed1i OMRON t\u1ea1i vi\u1ec7t nam<\/p>\n<p>\u0110\u1ea1i l\u00fd OMRON vietnam, OMRON viet nam, OMRON vietnam distributor, Ph\u00e2n ph\u1ed1i OMRON t\u1ea1i vi\u1ec7t nam<\/p>\n<p>\u0110\u1ea1i l\u00fd OMRON vietnam, OMRON viet nam, OMRON vietnam distributor, Ph\u00e2n ph\u1ed1i OMRON t\u1ea1i vi\u1ec7t nam<\/p>\n<p>\u0110\u1ea1i l\u00fd OMRON vietnam, OMRON viet nam, OMRON vietnam distributor, Ph\u00e2n ph\u1ed1i OMRON t\u1ea1i vi\u1ec7t nam<\/p>\n<p>\u0110\u1ea1i l\u00fd OMRON vietnam, OMRON viet nam, OMRON vietnam distributor, Ph\u00e2n ph\u1ed1i OMRON t\u1ea1i vi\u1ec7t nam<\/p>\n","protected":false},"excerpt":{"rendered":"<p><strong>OMRON H7BX-AW<\/strong><\/p>\n<div data-redactor=\"1\">\n<p>\u0110T:\u00a0<a title=\"Call\" href=\"tel:0937876353\">0937 876 353<\/a><br \/>\nFace. Zalo :\u00a0<a title=\"Call\" href=\"tel:0937876353\">0937 876 353<\/a><br \/>\n\u0110C: 28\/1\/16 \u0110\u01b0\u1eddng 16, P. Linh Chi\u1ec3u, TP. Th\u1ee7 \u0110\u1ee9c, TP. HCM<\/p>\n<\/div>\n<div data-redactor=\"1\">\n<p>Web :\u00a0<a href=\"https:\/\/omanivietnam.com\/\">https:\/\/omanivietnam.com<\/a><\/p>\n<\/div>\n","protected":false},"featured_media":426,"comment_status":"open","ping_status":"closed","template":"","meta":[],"product_cat":[311],"product_tag":[106,105,104],"class_list":{"0":"post-425","1":"product","2":"type-product","3":"status-publish","4":"has-post-thumbnail","6":"product_cat-omron","7":"product_tag-bo-dem","8":"product_tag-dai-ly-omron-viet-nam","9":"product_tag-omron-viet-nam","11":"first","12":"instock","13":"shipping-taxable","14":"product-type-simple"},"yoast_head":"<!-- This site is optimized with the Yoast SEO plugin v22.8 - https:\/\/yoast.com\/wordpress\/plugins\/seo\/ -->\n<title>OMRON H7BX-AW - OMANI VI\u1ec6T NAM<\/title>\n<meta name=\"description\" content=\"B\u1ed9 \u0111\u1ebfm Omron H7BX-AW AC100-240 72x72mm\" \/>\n<meta name=\"robots\" content=\"index, follow, max-snippet:-1, max-image-preview:large, max-video-preview:-1\" \/>\n<link rel=\"canonical\" href=\"https:\/\/omanivietnam.com\/index.php\/san-pham\/omron-h7bx-aw\/\" \/>\n<meta property=\"og:locale\" content=\"vi_VN\" \/>\n<meta property=\"og:type\" content=\"article\" \/>\n<meta property=\"og:title\" content=\"OMRON H7BX-AW - OMANI VI\u1ec6T NAM\" \/>\n<meta property=\"og:description\" content=\"B\u1ed9 \u0111\u1ebfm Omron H7BX-AW AC100-240 72x72mm\" \/>\n<meta property=\"og:url\" content=\"https:\/\/omanivietnam.com\/index.php\/san-pham\/omron-h7bx-aw\/\" \/>\n<meta property=\"og:site_name\" content=\"OMANI VI\u1ec6T NAM\" \/>\n<meta property=\"article:modified_time\" content=\"2024-08-10T14:23:27+00:00\" \/>\n<meta property=\"og:image\" content=\"https:\/\/omanivietnam.com\/wp-content\/uploads\/2024\/06\/H7BX-AW.png\" \/>\n\t<meta property=\"og:image:width\" content=\"618\" \/>\n\t<meta property=\"og:image:height\" content=\"521\" \/>\n\t<meta property=\"og:image:type\" content=\"image\/png\" \/>\n<meta name=\"twitter:card\" content=\"summary_large_image\" \/>\n<meta name=\"twitter:label1\" content=\"\u01af\u1edbc t\u00ednh th\u1eddi gian \u0111\u1ecdc\" \/>\n\t<meta name=\"twitter:data1\" content=\"6 ph\u00fat\" \/>\n<script type=\"application\/ld+json\" class=\"yoast-schema-graph\">{\"@context\":\"https:\/\/schema.org\",\"@graph\":[{\"@type\":\"WebPage\",\"@id\":\"https:\/\/omanivietnam.com\/index.php\/san-pham\/omron-h7bx-aw\/\",\"url\":\"https:\/\/omanivietnam.com\/index.php\/san-pham\/omron-h7bx-aw\/\",\"name\":\"OMRON H7BX-AW - OMANI VI\u1ec6T NAM\",\"isPartOf\":{\"@id\":\"https:\/\/omanivietnam.com\/#website\"},\"primaryImageOfPage\":{\"@id\":\"https:\/\/omanivietnam.com\/index.php\/san-pham\/omron-h7bx-aw\/#primaryimage\"},\"image\":{\"@id\":\"https:\/\/omanivietnam.com\/index.php\/san-pham\/omron-h7bx-aw\/#primaryimage\"},\"thumbnailUrl\":\"https:\/\/omanivietnam.com\/wp-content\/uploads\/2024\/06\/H7BX-AW.png\",\"datePublished\":\"2024-06-12T16:40:06+00:00\",\"dateModified\":\"2024-08-10T14:23:27+00:00\",\"description\":\"B\u1ed9 \u0111\u1ebfm Omron H7BX-AW AC100-240 72x72mm\",\"breadcrumb\":{\"@id\":\"https:\/\/omanivietnam.com\/index.php\/san-pham\/omron-h7bx-aw\/#breadcrumb\"},\"inLanguage\":\"vi\",\"potentialAction\":[{\"@type\":\"ReadAction\",\"target\":[\"https:\/\/omanivietnam.com\/index.php\/san-pham\/omron-h7bx-aw\/\"]}]},{\"@type\":\"ImageObject\",\"inLanguage\":\"vi\",\"@id\":\"https:\/\/omanivietnam.com\/index.php\/san-pham\/omron-h7bx-aw\/#primaryimage\",\"url\":\"https:\/\/omanivietnam.com\/wp-content\/uploads\/2024\/06\/H7BX-AW.png\",\"contentUrl\":\"https:\/\/omanivietnam.com\/wp-content\/uploads\/2024\/06\/H7BX-AW.png\",\"width\":618,\"height\":521},{\"@type\":\"BreadcrumbList\",\"@id\":\"https:\/\/omanivietnam.com\/index.php\/san-pham\/omron-h7bx-aw\/#breadcrumb\",\"itemListElement\":[{\"@type\":\"ListItem\",\"position\":1,\"name\":\"Home\",\"item\":\"https:\/\/omanivietnam.com\/\"},{\"@type\":\"ListItem\",\"position\":2,\"name\":\"S\u1ea2N PH\u1ea8M\",\"item\":\"https:\/\/omanivietnam.com\/index.php\/cua-hang\/\"},{\"@type\":\"ListItem\",\"position\":3,\"name\":\"OMRON H7BX-AW\"}]},{\"@type\":\"WebSite\",\"@id\":\"https:\/\/omanivietnam.com\/#website\",\"url\":\"https:\/\/omanivietnam.com\/\",\"name\":\"OMANI VI\u1ec6T NAM\",\"description\":\"Nh\u00e0 ph\u00e2n ph\u1ed1i thi\u1ebft b\u1ecb kh\u00ed n\u00e9n v\u00e0 thi\u1ebft b\u1ecb t\u1ef1 \u0111\u1ed9ng h\u00f3a trong c\u00f4ng nghi\u1ec7p\",\"publisher\":{\"@id\":\"https:\/\/omanivietnam.com\/#\/schema\/person\/0ad398a980dc3fd696111c2c5c8fa897\"},\"potentialAction\":[{\"@type\":\"SearchAction\",\"target\":{\"@type\":\"EntryPoint\",\"urlTemplate\":\"https:\/\/omanivietnam.com\/?s={search_term_string}\"},\"query-input\":\"required name=search_term_string\"}],\"inLanguage\":\"vi\"},{\"@type\":[\"Person\",\"Organization\"],\"@id\":\"https:\/\/omanivietnam.com\/#\/schema\/person\/0ad398a980dc3fd696111c2c5c8fa897\",\"name\":\"Nguy\u1ec5n V\u0103n Kh\u00e1nh\",\"image\":{\"@type\":\"ImageObject\",\"inLanguage\":\"vi\",\"@id\":\"https:\/\/omanivietnam.com\/#\/schema\/person\/image\/\",\"url\":\"https:\/\/omanivietnam.com\/wp-content\/uploads\/2024\/06\/logo-1024x1024.png\",\"contentUrl\":\"https:\/\/omanivietnam.com\/wp-content\/uploads\/2024\/06\/logo-1024x1024.png\",\"width\":1024,\"height\":1024,\"caption\":\"Nguy\u1ec5n V\u0103n Kh\u00e1nh\"},\"logo\":{\"@id\":\"https:\/\/omanivietnam.com\/#\/schema\/person\/image\/\"},\"sameAs\":[\"https:\/\/omanivietnam.com\"]}]}<\/script>\n<!-- \/ Yoast SEO plugin. -->","yoast_head_json":{"title":"OMRON H7BX-AW - OMANI VI\u1ec6T NAM","description":"B\u1ed9 \u0111\u1ebfm Omron H7BX-AW AC100-240 72x72mm","robots":{"index":"index","follow":"follow","max-snippet":"max-snippet:-1","max-image-preview":"max-image-preview:large","max-video-preview":"max-video-preview:-1"},"canonical":"https:\/\/omanivietnam.com\/index.php\/san-pham\/omron-h7bx-aw\/","og_locale":"vi_VN","og_type":"article","og_title":"OMRON H7BX-AW - OMANI VI\u1ec6T NAM","og_description":"B\u1ed9 \u0111\u1ebfm Omron H7BX-AW AC100-240 72x72mm","og_url":"https:\/\/omanivietnam.com\/index.php\/san-pham\/omron-h7bx-aw\/","og_site_name":"OMANI VI\u1ec6T NAM","article_modified_time":"2024-08-10T14:23:27+00:00","og_image":[{"width":618,"height":521,"url":"https:\/\/omanivietnam.com\/wp-content\/uploads\/2024\/06\/H7BX-AW.png","type":"image\/png"}],"twitter_card":"summary_large_image","twitter_misc":{"\u01af\u1edbc t\u00ednh th\u1eddi gian \u0111\u1ecdc":"6 ph\u00fat"},"schema":{"@context":"https:\/\/schema.org","@graph":[{"@type":"WebPage","@id":"https:\/\/omanivietnam.com\/index.php\/san-pham\/omron-h7bx-aw\/","url":"https:\/\/omanivietnam.com\/index.php\/san-pham\/omron-h7bx-aw\/","name":"OMRON H7BX-AW - OMANI VI\u1ec6T NAM","isPartOf":{"@id":"https:\/\/omanivietnam.com\/#website"},"primaryImageOfPage":{"@id":"https:\/\/omanivietnam.com\/index.php\/san-pham\/omron-h7bx-aw\/#primaryimage"},"image":{"@id":"https:\/\/omanivietnam.com\/index.php\/san-pham\/omron-h7bx-aw\/#primaryimage"},"thumbnailUrl":"https:\/\/omanivietnam.com\/wp-content\/uploads\/2024\/06\/H7BX-AW.png","datePublished":"2024-06-12T16:40:06+00:00","dateModified":"2024-08-10T14:23:27+00:00","description":"B\u1ed9 \u0111\u1ebfm Omron H7BX-AW AC100-240 72x72mm","breadcrumb":{"@id":"https:\/\/omanivietnam.com\/index.php\/san-pham\/omron-h7bx-aw\/#breadcrumb"},"inLanguage":"vi","potentialAction":[{"@type":"ReadAction","target":["https:\/\/omanivietnam.com\/index.php\/san-pham\/omron-h7bx-aw\/"]}]},{"@type":"ImageObject","inLanguage":"vi","@id":"https:\/\/omanivietnam.com\/index.php\/san-pham\/omron-h7bx-aw\/#primaryimage","url":"https:\/\/omanivietnam.com\/wp-content\/uploads\/2024\/06\/H7BX-AW.png","contentUrl":"https:\/\/omanivietnam.com\/wp-content\/uploads\/2024\/06\/H7BX-AW.png","width":618,"height":521},{"@type":"BreadcrumbList","@id":"https:\/\/omanivietnam.com\/index.php\/san-pham\/omron-h7bx-aw\/#breadcrumb","itemListElement":[{"@type":"ListItem","position":1,"name":"Home","item":"https:\/\/omanivietnam.com\/"},{"@type":"ListItem","position":2,"name":"S\u1ea2N PH\u1ea8M","item":"https:\/\/omanivietnam.com\/index.php\/cua-hang\/"},{"@type":"ListItem","position":3,"name":"OMRON H7BX-AW"}]},{"@type":"WebSite","@id":"https:\/\/omanivietnam.com\/#website","url":"https:\/\/omanivietnam.com\/","name":"OMANI VI\u1ec6T NAM","description":"Nh\u00e0 ph\u00e2n ph\u1ed1i thi\u1ebft b\u1ecb kh\u00ed n\u00e9n v\u00e0 thi\u1ebft b\u1ecb t\u1ef1 \u0111\u1ed9ng h\u00f3a trong c\u00f4ng nghi\u1ec7p","publisher":{"@id":"https:\/\/omanivietnam.com\/#\/schema\/person\/0ad398a980dc3fd696111c2c5c8fa897"},"potentialAction":[{"@type":"SearchAction","target":{"@type":"EntryPoint","urlTemplate":"https:\/\/omanivietnam.com\/?s={search_term_string}"},"query-input":"required name=search_term_string"}],"inLanguage":"vi"},{"@type":["Person","Organization"],"@id":"https:\/\/omanivietnam.com\/#\/schema\/person\/0ad398a980dc3fd696111c2c5c8fa897","name":"Nguy\u1ec5n V\u0103n Kh\u00e1nh","image":{"@type":"ImageObject","inLanguage":"vi","@id":"https:\/\/omanivietnam.com\/#\/schema\/person\/image\/","url":"https:\/\/omanivietnam.com\/wp-content\/uploads\/2024\/06\/logo-1024x1024.png","contentUrl":"https:\/\/omanivietnam.com\/wp-content\/uploads\/2024\/06\/logo-1024x1024.png","width":1024,"height":1024,"caption":"Nguy\u1ec5n V\u0103n Kh\u00e1nh"},"logo":{"@id":"https:\/\/omanivietnam.com\/#\/schema\/person\/image\/"},"sameAs":["https:\/\/omanivietnam.com"]}]}},"_links":{"self":[{"href":"https:\/\/omanivietnam.com\/index.php\/wp-json\/wp\/v2\/product\/425","targetHints":{"allow":["GET"]}}],"collection":[{"href":"https:\/\/omanivietnam.com\/index.php\/wp-json\/wp\/v2\/product"}],"about":[{"href":"https:\/\/omanivietnam.com\/index.php\/wp-json\/wp\/v2\/types\/product"}],"replies":[{"embeddable":true,"href":"https:\/\/omanivietnam.com\/index.php\/wp-json\/wp\/v2\/comments?post=425"}],"wp:featuredmedia":[{"embeddable":true,"href":"https:\/\/omanivietnam.com\/index.php\/wp-json\/wp\/v2\/media\/426"}],"wp:attachment":[{"href":"https:\/\/omanivietnam.com\/index.php\/wp-json\/wp\/v2\/media?parent=425"}],"wp:term":[{"taxonomy":"product_cat","embeddable":true,"href":"https:\/\/omanivietnam.com\/index.php\/wp-json\/wp\/v2\/product_cat?post=425"},{"taxonomy":"product_tag","embeddable":true,"href":"https:\/\/omanivietnam.com\/index.php\/wp-json\/wp\/v2\/product_tag?post=425"}],"curies":[{"name":"wp","href":"https:\/\/api.w.org\/{rel}","templated":true}]}}