{"id":4252,"date":"2025-08-06T22:19:42","date_gmt":"2025-08-06T15:19:42","guid":{"rendered":"https:\/\/omanivietnam.com\/?post_type=product&#038;p=4252"},"modified":"2025-08-06T22:19:42","modified_gmt":"2025-08-06T15:19:42","slug":"sick-wl9g-3p1132","status":"publish","type":"product","link":"https:\/\/omanivietnam.com\/index.php\/san-pham\/sick-wl9g-3p1132\/","title":{"rendered":"SICK WL9G-3P1132"},"content":{"rendered":"<p>SICK WL9G-3P1132<\/p>\n<h2 class=\"title-product item_name\">C\u1ea3m bi\u1ebfn Sick WL9G-3N1132 1049085<\/h2>\n<h3>1. C\u1ea3m bi\u1ebfn\u00a0WL9G-3N1132 1049085:<\/h3>\n<div>\n<div class=\"product-summary product_description\">\n<div class=\"rte description\">\n<p>Nguy\u00ean l\u00fd c\u1ea3m bi\u1ebfn \/ ph\u00e1t hi\u1ec7n C\u1ea3m bi\u1ebfn ph\u1ea3n x\u1ea1 quang \u0111i\u1ec7n<br \/>\nK\u00edch th\u01b0\u1edbc (W x H x D) 12,2 mm x 50 mm x 23,6 mm<br \/>\nThi\u1ebft k\u1ebf nh\u00e0 \u1edf (ph\u00e1t x\u1ea1 \u00e1nh s\u00e1ng) H\u00ecnh h\u1ed9p ch\u1eef nh\u1eadt<br \/>\nL\u1ed7 g\u1eafn M3<br \/>\nPh\u1ea1m vi c\u1ea3m bi\u1ebfn t\u1ed1i \u0111a. 0 m \u2026 5 m 1)<br \/>\nPh\u1ea1m vi c\u1ea3m bi\u1ebfn 0 m \u2026 3 m 1)<br \/>\nLo\u1ea1i \u00e1nh s\u00e1ng \u00c1nh s\u00e1ng \u0111\u1ecf<br \/>\nNgu\u1ed3n s\u00e1ng \u0110\u00e8n LED Pinpoint 2)<br \/>\nK\u00edch th\u01b0\u1edbc \u0111i\u1ec3m s\u00e1ng (kho\u1ea3ng c\u00e1ch) 45 mm (1,5 m)<br \/>\n\u0110\u1ed9 d\u00e0i s\u00f3ng 650nm<br \/>\n\u0110i\u1ec1u ch\u1ec9nh N\u00fat ch\u1ec9 d\u1eabn<br \/>\n\u1ee8ng d\u1ee5ng \u0111\u1eb7c bi\u1ec7t Ph\u00e1t hi\u1ec7n v\u1eadt th\u1ec3 trong su\u1ed1t<\/p>\n<\/div>\n<\/div>\n<h3>2. M\u1ed9t s\u1ed1 d\u00f2ng t\u01b0\u01a1ng \u0111\u01b0\u01a1ng C\u1ea3m bi\u1ebfn\u00a0WL9G-3N1132 1049085:<\/h3>\n<p>WL9G-3N1132 1049085<br \/>\nWL9G-3P1132 1049081<br \/>\nWL9G-3P2232 1049082<br \/>\nWL9G-3P2432 1049083<br \/>\nWL9G-3P3432 1049084<br \/>\nWL9M4-3N1132 1051892<br \/>\nWL9M4-3N2232 1051893<br \/>\nWL9M4-3P1132 1051894<br \/>\nWL9M4-3P2232 1051895<br \/>\nWL9M4-3P2234 1051906<br \/>\nWL9M4-3P2432 1051896<br \/>\nWL9M4-3P3432 1051907<br \/>\nWL9M4-3V1132 1051908<br \/>\nWL9M4-3V2232 1051909<br \/>\nWL9M4G-3N1132 1051897<br \/>\nWL9M4G-3P1132 1051898<br \/>\nWL9M4G-3P2232 1051899<br \/>\nWL9M4G-3P2432 1051900<br \/>\nWL9M4G-3P3432 1051910<br \/>\nWL9-N132<\/p>\n<\/div>\n","protected":false},"excerpt":{"rendered":"<p>SICK WL9G-3P1132 C\u1ea3m bi\u1ebfn Sick WL9G-3N1132 1049085 1. C\u1ea3m bi\u1ebfn\u00a0WL9G-3N1132 1049085: Nguy\u00ean l\u00fd c\u1ea3m bi\u1ebfn \/ ph\u00e1t hi\u1ec7n C\u1ea3m bi\u1ebfn ph\u1ea3n x\u1ea1 quang \u0111i\u1ec7n K\u00edch th\u01b0\u1edbc (W x H x D) 12,2 mm x 50 mm x 23,6 mm Thi\u1ebft k\u1ebf nh\u00e0 \u1edf (ph\u00e1t x\u1ea1 \u00e1nh s\u00e1ng) H\u00ecnh h\u1ed9p ch\u1eef&hellip; <\/p>\n","protected":false},"featured_media":4253,"comment_status":"open","ping_status":"closed","template":"","meta":[],"product_cat":[297],"product_tag":[88,89,90],"class_list":{"0":"post-4252","1":"product","2":"type-product","3":"status-publish","4":"has-post-thumbnail","6":"product_cat-sick","7":"product_tag-cam-bien","8":"product_tag-dai-ly-sick-viet-nam","9":"product_tag-sick-viet-nam","11":"first","12":"instock","13":"shipping-taxable","14":"product-type-simple"},"yoast_head":"<!-- This site is optimized with the Yoast SEO plugin v22.8 - https:\/\/yoast.com\/wordpress\/plugins\/seo\/ -->\n<title>SICK WL9G-3P1132 - OMANI VI\u1ec6T NAM<\/title>\n<meta name=\"description\" content=\"SICK WL9G-3P1132 PHOTOELECTRIC SENSORS\" \/>\n<meta name=\"robots\" content=\"index, follow, max-snippet:-1, max-image-preview:large, max-video-preview:-1\" \/>\n<link rel=\"canonical\" href=\"https:\/\/omanivietnam.com\/index.php\/san-pham\/sick-wl9g-3p1132\/\" \/>\n<meta property=\"og:locale\" content=\"vi_VN\" \/>\n<meta property=\"og:type\" content=\"article\" \/>\n<meta property=\"og:title\" content=\"SICK WL9G-3P1132 - OMANI VI\u1ec6T NAM\" \/>\n<meta property=\"og:description\" content=\"SICK WL9G-3P1132 PHOTOELECTRIC SENSORS\" \/>\n<meta property=\"og:url\" content=\"https:\/\/omanivietnam.com\/index.php\/san-pham\/sick-wl9g-3p1132\/\" \/>\n<meta property=\"og:site_name\" content=\"OMANI VI\u1ec6T NAM\" \/>\n<meta property=\"og:image\" content=\"https:\/\/omanivietnam.com\/wp-content\/uploads\/2025\/08\/WL9G-3P1132.png\" \/>\n\t<meta property=\"og:image:width\" content=\"1028\" \/>\n\t<meta property=\"og:image:height\" content=\"508\" \/>\n\t<meta property=\"og:image:type\" content=\"image\/png\" \/>\n<meta name=\"twitter:card\" content=\"summary_large_image\" \/>\n<meta name=\"twitter:label1\" content=\"\u01af\u1edbc t\u00ednh th\u1eddi gian \u0111\u1ecdc\" \/>\n\t<meta name=\"twitter:data1\" content=\"2 ph\u00fat\" \/>\n<script type=\"application\/ld+json\" class=\"yoast-schema-graph\">{\"@context\":\"https:\/\/schema.org\",\"@graph\":[{\"@type\":\"WebPage\",\"@id\":\"https:\/\/omanivietnam.com\/index.php\/san-pham\/sick-wl9g-3p1132\/\",\"url\":\"https:\/\/omanivietnam.com\/index.php\/san-pham\/sick-wl9g-3p1132\/\",\"name\":\"SICK WL9G-3P1132 - OMANI VI\u1ec6T NAM\",\"isPartOf\":{\"@id\":\"https:\/\/omanivietnam.com\/#website\"},\"primaryImageOfPage\":{\"@id\":\"https:\/\/omanivietnam.com\/index.php\/san-pham\/sick-wl9g-3p1132\/#primaryimage\"},\"image\":{\"@id\":\"https:\/\/omanivietnam.com\/index.php\/san-pham\/sick-wl9g-3p1132\/#primaryimage\"},\"thumbnailUrl\":\"https:\/\/omanivietnam.com\/wp-content\/uploads\/2025\/08\/WL9G-3P1132.png\",\"datePublished\":\"2025-08-06T15:19:42+00:00\",\"dateModified\":\"2025-08-06T15:19:42+00:00\",\"description\":\"SICK WL9G-3P1132 PHOTOELECTRIC SENSORS\",\"breadcrumb\":{\"@id\":\"https:\/\/omanivietnam.com\/index.php\/san-pham\/sick-wl9g-3p1132\/#breadcrumb\"},\"inLanguage\":\"vi\",\"potentialAction\":[{\"@type\":\"ReadAction\",\"target\":[\"https:\/\/omanivietnam.com\/index.php\/san-pham\/sick-wl9g-3p1132\/\"]}]},{\"@type\":\"ImageObject\",\"inLanguage\":\"vi\",\"@id\":\"https:\/\/omanivietnam.com\/index.php\/san-pham\/sick-wl9g-3p1132\/#primaryimage\",\"url\":\"https:\/\/omanivietnam.com\/wp-content\/uploads\/2025\/08\/WL9G-3P1132.png\",\"contentUrl\":\"https:\/\/omanivietnam.com\/wp-content\/uploads\/2025\/08\/WL9G-3P1132.png\",\"width\":1028,\"height\":508},{\"@type\":\"BreadcrumbList\",\"@id\":\"https:\/\/omanivietnam.com\/index.php\/san-pham\/sick-wl9g-3p1132\/#breadcrumb\",\"itemListElement\":[{\"@type\":\"ListItem\",\"position\":1,\"name\":\"Home\",\"item\":\"https:\/\/omanivietnam.com\/\"},{\"@type\":\"ListItem\",\"position\":2,\"name\":\"S\u1ea2N PH\u1ea8M\",\"item\":\"https:\/\/omanivietnam.com\/index.php\/cua-hang\/\"},{\"@type\":\"ListItem\",\"position\":3,\"name\":\"SICK WL9G-3P1132\"}]},{\"@type\":\"WebSite\",\"@id\":\"https:\/\/omanivietnam.com\/#website\",\"url\":\"https:\/\/omanivietnam.com\/\",\"name\":\"OMANI VI\u1ec6T NAM\",\"description\":\"Nh\u00e0 ph\u00e2n ph\u1ed1i thi\u1ebft b\u1ecb kh\u00ed n\u00e9n v\u00e0 thi\u1ebft b\u1ecb t\u1ef1 \u0111\u1ed9ng h\u00f3a trong c\u00f4ng nghi\u1ec7p\",\"publisher\":{\"@id\":\"https:\/\/omanivietnam.com\/#\/schema\/person\/0ad398a980dc3fd696111c2c5c8fa897\"},\"potentialAction\":[{\"@type\":\"SearchAction\",\"target\":{\"@type\":\"EntryPoint\",\"urlTemplate\":\"https:\/\/omanivietnam.com\/?s={search_term_string}\"},\"query-input\":\"required name=search_term_string\"}],\"inLanguage\":\"vi\"},{\"@type\":[\"Person\",\"Organization\"],\"@id\":\"https:\/\/omanivietnam.com\/#\/schema\/person\/0ad398a980dc3fd696111c2c5c8fa897\",\"name\":\"Nguy\u1ec5n V\u0103n Kh\u00e1nh\",\"image\":{\"@type\":\"ImageObject\",\"inLanguage\":\"vi\",\"@id\":\"https:\/\/omanivietnam.com\/#\/schema\/person\/image\/\",\"url\":\"https:\/\/omanivietnam.com\/wp-content\/uploads\/2024\/06\/logo-1024x1024.png\",\"contentUrl\":\"https:\/\/omanivietnam.com\/wp-content\/uploads\/2024\/06\/logo-1024x1024.png\",\"width\":1024,\"height\":1024,\"caption\":\"Nguy\u1ec5n V\u0103n Kh\u00e1nh\"},\"logo\":{\"@id\":\"https:\/\/omanivietnam.com\/#\/schema\/person\/image\/\"},\"sameAs\":[\"https:\/\/omanivietnam.com\"]}]}<\/script>\n<!-- \/ Yoast SEO plugin. -->","yoast_head_json":{"title":"SICK WL9G-3P1132 - OMANI VI\u1ec6T NAM","description":"SICK WL9G-3P1132 PHOTOELECTRIC SENSORS","robots":{"index":"index","follow":"follow","max-snippet":"max-snippet:-1","max-image-preview":"max-image-preview:large","max-video-preview":"max-video-preview:-1"},"canonical":"https:\/\/omanivietnam.com\/index.php\/san-pham\/sick-wl9g-3p1132\/","og_locale":"vi_VN","og_type":"article","og_title":"SICK WL9G-3P1132 - OMANI VI\u1ec6T NAM","og_description":"SICK WL9G-3P1132 PHOTOELECTRIC SENSORS","og_url":"https:\/\/omanivietnam.com\/index.php\/san-pham\/sick-wl9g-3p1132\/","og_site_name":"OMANI VI\u1ec6T NAM","og_image":[{"width":1028,"height":508,"url":"https:\/\/omanivietnam.com\/wp-content\/uploads\/2025\/08\/WL9G-3P1132.png","type":"image\/png"}],"twitter_card":"summary_large_image","twitter_misc":{"\u01af\u1edbc t\u00ednh th\u1eddi gian \u0111\u1ecdc":"2 ph\u00fat"},"schema":{"@context":"https:\/\/schema.org","@graph":[{"@type":"WebPage","@id":"https:\/\/omanivietnam.com\/index.php\/san-pham\/sick-wl9g-3p1132\/","url":"https:\/\/omanivietnam.com\/index.php\/san-pham\/sick-wl9g-3p1132\/","name":"SICK WL9G-3P1132 - OMANI VI\u1ec6T NAM","isPartOf":{"@id":"https:\/\/omanivietnam.com\/#website"},"primaryImageOfPage":{"@id":"https:\/\/omanivietnam.com\/index.php\/san-pham\/sick-wl9g-3p1132\/#primaryimage"},"image":{"@id":"https:\/\/omanivietnam.com\/index.php\/san-pham\/sick-wl9g-3p1132\/#primaryimage"},"thumbnailUrl":"https:\/\/omanivietnam.com\/wp-content\/uploads\/2025\/08\/WL9G-3P1132.png","datePublished":"2025-08-06T15:19:42+00:00","dateModified":"2025-08-06T15:19:42+00:00","description":"SICK WL9G-3P1132 PHOTOELECTRIC SENSORS","breadcrumb":{"@id":"https:\/\/omanivietnam.com\/index.php\/san-pham\/sick-wl9g-3p1132\/#breadcrumb"},"inLanguage":"vi","potentialAction":[{"@type":"ReadAction","target":["https:\/\/omanivietnam.com\/index.php\/san-pham\/sick-wl9g-3p1132\/"]}]},{"@type":"ImageObject","inLanguage":"vi","@id":"https:\/\/omanivietnam.com\/index.php\/san-pham\/sick-wl9g-3p1132\/#primaryimage","url":"https:\/\/omanivietnam.com\/wp-content\/uploads\/2025\/08\/WL9G-3P1132.png","contentUrl":"https:\/\/omanivietnam.com\/wp-content\/uploads\/2025\/08\/WL9G-3P1132.png","width":1028,"height":508},{"@type":"BreadcrumbList","@id":"https:\/\/omanivietnam.com\/index.php\/san-pham\/sick-wl9g-3p1132\/#breadcrumb","itemListElement":[{"@type":"ListItem","position":1,"name":"Home","item":"https:\/\/omanivietnam.com\/"},{"@type":"ListItem","position":2,"name":"S\u1ea2N PH\u1ea8M","item":"https:\/\/omanivietnam.com\/index.php\/cua-hang\/"},{"@type":"ListItem","position":3,"name":"SICK WL9G-3P1132"}]},{"@type":"WebSite","@id":"https:\/\/omanivietnam.com\/#website","url":"https:\/\/omanivietnam.com\/","name":"OMANI VI\u1ec6T NAM","description":"Nh\u00e0 ph\u00e2n ph\u1ed1i thi\u1ebft b\u1ecb kh\u00ed n\u00e9n v\u00e0 thi\u1ebft b\u1ecb t\u1ef1 \u0111\u1ed9ng h\u00f3a trong c\u00f4ng nghi\u1ec7p","publisher":{"@id":"https:\/\/omanivietnam.com\/#\/schema\/person\/0ad398a980dc3fd696111c2c5c8fa897"},"potentialAction":[{"@type":"SearchAction","target":{"@type":"EntryPoint","urlTemplate":"https:\/\/omanivietnam.com\/?s={search_term_string}"},"query-input":"required name=search_term_string"}],"inLanguage":"vi"},{"@type":["Person","Organization"],"@id":"https:\/\/omanivietnam.com\/#\/schema\/person\/0ad398a980dc3fd696111c2c5c8fa897","name":"Nguy\u1ec5n V\u0103n Kh\u00e1nh","image":{"@type":"ImageObject","inLanguage":"vi","@id":"https:\/\/omanivietnam.com\/#\/schema\/person\/image\/","url":"https:\/\/omanivietnam.com\/wp-content\/uploads\/2024\/06\/logo-1024x1024.png","contentUrl":"https:\/\/omanivietnam.com\/wp-content\/uploads\/2024\/06\/logo-1024x1024.png","width":1024,"height":1024,"caption":"Nguy\u1ec5n V\u0103n Kh\u00e1nh"},"logo":{"@id":"https:\/\/omanivietnam.com\/#\/schema\/person\/image\/"},"sameAs":["https:\/\/omanivietnam.com"]}]}},"_links":{"self":[{"href":"https:\/\/omanivietnam.com\/index.php\/wp-json\/wp\/v2\/product\/4252","targetHints":{"allow":["GET"]}}],"collection":[{"href":"https:\/\/omanivietnam.com\/index.php\/wp-json\/wp\/v2\/product"}],"about":[{"href":"https:\/\/omanivietnam.com\/index.php\/wp-json\/wp\/v2\/types\/product"}],"replies":[{"embeddable":true,"href":"https:\/\/omanivietnam.com\/index.php\/wp-json\/wp\/v2\/comments?post=4252"}],"wp:featuredmedia":[{"embeddable":true,"href":"https:\/\/omanivietnam.com\/index.php\/wp-json\/wp\/v2\/media\/4253"}],"wp:attachment":[{"href":"https:\/\/omanivietnam.com\/index.php\/wp-json\/wp\/v2\/media?parent=4252"}],"wp:term":[{"taxonomy":"product_cat","embeddable":true,"href":"https:\/\/omanivietnam.com\/index.php\/wp-json\/wp\/v2\/product_cat?post=4252"},{"taxonomy":"product_tag","embeddable":true,"href":"https:\/\/omanivietnam.com\/index.php\/wp-json\/wp\/v2\/product_tag?post=4252"}],"curies":[{"name":"wp","href":"https:\/\/api.w.org\/{rel}","templated":true}]}}